{"id":10176,"date":"2025-12-16T10:16:07","date_gmt":"2025-12-16T10:16:07","guid":{"rendered":"https:\/\/preprod.sts-education.com\/szkola-srednia\/podczas-rocznej-wymiany\/10-porad-na-udany-pobyt-za-granica\/"},"modified":"2026-04-14T09:58:42","modified_gmt":"2026-04-14T09:58:42","slug":"10-porad-na-udany-pobyt-za-granica","status":"publish","type":"page","link":"https:\/\/www.sts-education.com\/pl\/szkola-srednia\/podczas-rocznej-wymiany\/10-porad-na-udany-pobyt-za-granica\/","title":{"rendered":"10 Porad Na Udany Pobyt Za Granica"},"content":{"rendered":"\n<section class=\"wp-block-sts-hero sts-block-hero is-variant-full-background has-text-light has-background-media\" style=\"--sts-hero-padding-mobile:0px;--sts-hero-padding-desktop:0px;--sts-hero-text-color:var(--wp--preset--color--base-10, #fff);\" data-variant=\"full-background\"><div class=\"sts-block-hero__background\"><picture class=\"sts-responsive-image has-fit-cover is-skeleton\"><img src=\"https:\/\/cdn.sts-education.com\/11218_hero_lg_xl.jpg\" alt=\"10 porad na udany rok za granic\u0105\" loading=\"lazy\" decoding=\"async\" fetchpriority=\"low\" sizes=\"100vw\" \/><\/picture><span class=\"sts-block-hero__overlay\" aria-hidden=\"true\"><\/span><\/div><div class=\"sts-block-hero__inner\"><div class=\"sts-block-hero__content has-align-center\"><div class=\"sts-block-hero__content-inner\"><h1 class=\"sts-block-hero__heading\">10 porad na udany rok za granic\u0105<\/h1><\/div><\/div><\/div><\/section>\n\n\n\n<div class=\"wp-block-sts-text sts-text-editor has-max-width-md\"><div class=\"sts-text-editor__content\"><div class=\"sts-text-editor__content-inner\">\n<p>Studiowanie za granic\u0105 przez sze\u015b\u0107 miesi\u0119cy lub rok jest ogromn\u0105 przygod\u0105 i zmieni Ci\u0119 na zawsze. Poznasz siebie w spos\u00f3b, kt\u00f3rego nigdy nie mia\u0142by\u015b w innym przypadku, b\u0119dziesz si\u0119 rozwija\u0107 i staniesz si\u0119 bardziej niezale\u017cny. Nauczysz si\u0119 ton nowych rzeczy, a najlepiej ze wszystkich, poznasz nowych przyjaci\u00f3\u0142 i b\u0119dziesz mia\u0142 drugi dom.<\/p>\n\n<p><strong>Przeczytaj nasze 10 wskaz\u00f3wek, aby tw\u00f3j rok za granic\u0105 by\u0142 najlepszym rokiem twojego \u017cycia! <\/strong><\/p>\n\n<ol><li>B\u0105d\u017a pozytywny i u\u015bmiechnij si\u0119. <\/li>\n<li>Zachowaj otwarty umys\u0142.<\/li>\n<li>Rozwijaj swoje kompetencje kulturowe. <\/li>\n<li>Nie b\u00f3j si\u0119 zadawa\u0107 pyta\u0144.<\/li>\n<li>B\u0105d\u017a ciekawy i zaanga\u017cuj si\u0119. <\/li>\n<li>B\u0105d\u017a cz\u0119\u015bci\u0105 rodziny. <\/li>\n<li>B\u0105d\u017a ambasadorem swojego kraju. <\/li>\n<li>Dokonuj dobrych wybor\u00f3w . <\/li>\n<li>Mniej czasu na ekranie &#8211; wi\u0119cej zabawy. <\/li>\n<li>Baw si\u0119 i ciesz si\u0119 czasem sp\u0119dzonym za granic\u0105!<\/li><\/ol>\n<\/div><\/div><\/div>\n\n\n\n<section class=\"wp-block-sts-video sts-block-video sts-block-video--landscape has-max-width-lg\"><div class=\"sts-video sts-video--landscape\"><div class=\"sts-video__handler\"><button type=\"button\" class=\"sts-video__play-button\" aria-label=\"Play video\" aria-pressed=\"false\" data-playing=\"false\"><span class=\"sts-video__play-icon\"><img decoding=\"async\" class=\"play-icon\" src=\"data:image\/svg+xml,%3csvg%20width='32'%20height='32'%20viewBox='0%200%2032%2032'%20fill='none'%20xmlns='http:\/\/www.w3.org\/2000\/svg'%3e%3cmask%20id='mask0_2459_8201'%20style='mask-type:alpha'%20maskUnits='userSpaceOnUse'%20x='0'%20y='0'%20width='32'%20height='32'%3e%3crect%20width='32'%20height='32'%20fill='%23D9D9D9'\/%3e%3c\/mask%3e%3cg%20mask='url(%23mask0_2459_8201)'%3e%3cpath%20d='M10.667%2022.8999V9.09993C10.667%208.72216%2010.8003%208.40549%2011.067%208.14993C11.3337%207.89438%2011.6448%207.7666%2012.0003%207.7666C12.1114%207.7666%2012.2281%207.78327%2012.3503%207.8166C12.4725%207.84993%2012.5892%207.89993%2012.7003%207.9666L23.567%2014.8666C23.767%2014.9999%2023.917%2015.1666%2024.017%2015.3666C24.117%2015.5666%2024.167%2015.7777%2024.167%2015.9999C24.167%2016.2222%2024.117%2016.4333%2024.017%2016.6333C23.917%2016.8333%2023.767%2016.9999%2023.567%2017.1333L12.7003%2024.0333C12.5892%2024.0999%2012.4725%2024.1499%2012.3503%2024.1833C12.2281%2024.2166%2012.1114%2024.2333%2012.0003%2024.2333C11.6448%2024.2333%2011.3337%2024.1055%2011.067%2023.8499C10.8003%2023.5944%2010.667%2023.2777%2010.667%2022.8999Z'%20fill='black'\/%3e%3c\/g%3e%3c\/svg%3e\" alt=\"\" aria-hidden=\"true\"\/><img decoding=\"async\" class=\"pause-icon\" src=\"data:image\/svg+xml,%3csvg%20width='32'%20height='32'%20viewBox='0%200%2032%2032'%20fill='none'%20xmlns='http:\/\/www.w3.org\/2000\/svg'%3e%3cmask%20id='mask0_pause'%20style='mask-type:alpha'%20maskUnits='userSpaceOnUse'%20x='0'%20y='0'%20width='32'%20height='32'%3e%3crect%20width='32'%20height='32'%20fill='%23D9D9D9'\/%3e%3c\/mask%3e%3cg%20mask='url(%23mask0_pause)'%3e%3c!--%20Left%20bar%20--%3e%3crect%20x='10'%20y='8'%20width='4'%20height='16'%20rx='1'%20fill='black'\/%3e%3c!--%20Right%20bar%20--%3e%3crect%20x='18'%20y='8'%20width='4'%20height='16'%20rx='1'%20fill='black'\/%3e%3c\/g%3e%3c\/svg%3e\" alt=\"\" aria-hidden=\"true\"\/><\/span><\/button><strong class=\"sts-video__duration\" data-duration-prefix=\"Video duration:\" data-unit-second=\"second\" data-unit-seconds=\"seconds\" data-unit-minute=\"minute\" data-unit-minutes=\"minutes\" aria-label=\"Video duration: 40.0 seconds\">40.0 secs<\/strong><\/div><div class=\"sts-video__media\" data-video-source=\"youtube\" data-video-url=\"\"><div class=\"sts-video__external-shell\" data-embed-url=\"https:\/\/www.youtube.com\/embed\/u4pYOXt2ff8?rel=0&amp;controls=1&amp;modestbranding=1&amp;playsinline=1&amp;enablejsapi=1&amp;autoplay=0&amp;origin=https%3A%2F%2Fwww.sts-education.com\"><iframe class=\"sts-video__iframe\" src=\"https:\/\/www.youtube.com\/embed\/u4pYOXt2ff8?rel=0&amp;controls=1&amp;modestbranding=1&amp;playsinline=1&amp;enablejsapi=1&amp;autoplay=0&amp;origin=https%3A%2F%2Fwww.sts-education.com\" title=\"Video poster\nheading\" allow=\"autoplay; fullscreen\" allowfullscreen loading=\"lazy\" data-provider=\"youtube\" data-embed-url=\"https:\/\/www.youtube.com\/embed\/u4pYOXt2ff8?rel=0&amp;controls=1&amp;modestbranding=1&amp;playsinline=1&amp;enablejsapi=1&amp;autoplay=0&amp;origin=https%3A%2F%2Fwww.sts-education.com\"><\/iframe><\/div><\/div><\/div><\/section>\n","protected":false},"excerpt":{"rendered":"","protected":false},"author":20,"featured_media":0,"parent":10158,"menu_order":0,"comment_status":"closed","ping_status":"closed","template":"templates\/template-default-with-breadcrumbs.php","meta":{"_acf_changed":false,"sts_page_background_color":"","footnotes":""},"wpw_page_folders":[83],"class_list":["post-10176","page","type-page","status-publish","hentry"],"acf":[],"yoast_head":"<!-- This site is optimized with the Yoast SEO Premium plugin v27.2 (Yoast SEO v27.3) - https:\/\/yoast.com\/product\/yoast-seo-premium-wordpress\/ -->\n<title>10 wskaz\u00f3wek na udany rok licealny za granic\u0105<\/title>\n<meta name=\"description\" content=\"Zobacz nasze 10 wskaz\u00f3wek na udany rok za granic\u0105. Studia za granic\u0105 to ogromna przygoda, dzi\u0119ki kt\u00f3rej staniesz si\u0119 bardziej niezale\u017cny.\" \/>\n<meta name=\"robots\" content=\"index, follow, max-snippet:-1, max-image-preview:large, max-video-preview:-1\" \/>\n<link rel=\"canonical\" href=\"https:\/\/www.sts-education.com\/pl\/szkola-srednia\/podczas-rocznej-wymiany\/10-porad-na-udany-pobyt-za-granica\/\" \/>\n<meta property=\"og:locale\" content=\"pl_PL\" \/>\n<meta property=\"og:type\" content=\"article\" \/>\n<meta property=\"og:title\" content=\"10 Porad Na Udany Pobyt Za Granica\" \/>\n<meta property=\"og:description\" content=\"Zobacz nasze 10 wskaz\u00f3wek na udany rok za granic\u0105. Studia za granic\u0105 to ogromna przygoda, dzi\u0119ki kt\u00f3rej staniesz si\u0119 bardziej niezale\u017cny.\" \/>\n<meta property=\"og:url\" content=\"https:\/\/www.sts-education.com\/pl\/szkola-srednia\/podczas-rocznej-wymiany\/10-porad-na-udany-pobyt-za-granica\/\" \/>\n<meta property=\"og:site_name\" content=\"STS Education\" \/>\n<meta property=\"article:modified_time\" content=\"2026-04-14T09:58:42+00:00\" \/>\n<meta property=\"og:image\" content=\"https:\/\/cdn.sts-education.com\/11218_hero_lg_xl.jpg\" \/>\n<meta name=\"twitter:card\" content=\"summary_large_image\" \/>\n<meta name=\"twitter:label1\" content=\"Szacowany czas czytania\" \/>\n\t<meta name=\"twitter:data1\" content=\"1 minuta\" \/>\n<script type=\"application\/ld+json\" class=\"yoast-schema-graph\">{\"@context\":\"https:\\\/\\\/schema.org\",\"@graph\":[{\"@type\":\"WebPage\",\"@id\":\"https:\\\/\\\/www.sts-education.com\\\/pl\\\/szkola-srednia\\\/podczas-rocznej-wymiany\\\/10-porad-na-udany-pobyt-za-granica\\\/\",\"url\":\"https:\\\/\\\/www.sts-education.com\\\/pl\\\/szkola-srednia\\\/podczas-rocznej-wymiany\\\/10-porad-na-udany-pobyt-za-granica\\\/\",\"name\":\"10 wskaz\u00f3wek na udany rok licealny za granic\u0105\",\"isPartOf\":{\"@id\":\"https:\\\/\\\/www.sts-education.com\\\/pl\\\/#website\"},\"primaryImageOfPage\":{\"@id\":\"https:\\\/\\\/www.sts-education.com\\\/pl\\\/szkola-srednia\\\/podczas-rocznej-wymiany\\\/10-porad-na-udany-pobyt-za-granica\\\/#primaryimage\"},\"image\":{\"@id\":\"https:\\\/\\\/www.sts-education.com\\\/pl\\\/szkola-srednia\\\/podczas-rocznej-wymiany\\\/10-porad-na-udany-pobyt-za-granica\\\/#primaryimage\"},\"thumbnailUrl\":\"https:\\\/\\\/cdn.sts-education.com\\\/11218_hero_lg_xl.jpg\",\"datePublished\":\"2025-12-16T10:16:07+00:00\",\"dateModified\":\"2026-04-14T09:58:42+00:00\",\"description\":\"Zobacz nasze 10 wskaz\u00f3wek na udany rok za granic\u0105. Studia za granic\u0105 to ogromna przygoda, dzi\u0119ki kt\u00f3rej staniesz si\u0119 bardziej niezale\u017cny.\",\"breadcrumb\":{\"@id\":\"https:\\\/\\\/www.sts-education.com\\\/pl\\\/szkola-srednia\\\/podczas-rocznej-wymiany\\\/10-porad-na-udany-pobyt-za-granica\\\/#breadcrumb\"},\"inLanguage\":\"pl-PL\",\"potentialAction\":[{\"@type\":\"ReadAction\",\"target\":[\"https:\\\/\\\/www.sts-education.com\\\/pl\\\/szkola-srednia\\\/podczas-rocznej-wymiany\\\/10-porad-na-udany-pobyt-za-granica\\\/\"]}]},{\"@type\":\"ImageObject\",\"inLanguage\":\"pl-PL\",\"@id\":\"https:\\\/\\\/www.sts-education.com\\\/pl\\\/szkola-srednia\\\/podczas-rocznej-wymiany\\\/10-porad-na-udany-pobyt-za-granica\\\/#primaryimage\",\"url\":\"https:\\\/\\\/cdn.sts-education.com\\\/11218_hero_lg_xl.jpg\",\"contentUrl\":\"https:\\\/\\\/cdn.sts-education.com\\\/11218_hero_lg_xl.jpg\"},{\"@type\":\"BreadcrumbList\",\"@id\":\"https:\\\/\\\/www.sts-education.com\\\/pl\\\/szkola-srednia\\\/podczas-rocznej-wymiany\\\/10-porad-na-udany-pobyt-za-granica\\\/#breadcrumb\",\"itemListElement\":[{\"@type\":\"ListItem\",\"position\":1,\"name\":\"Home\",\"item\":\"https:\\\/\\\/www.sts-education.com\\\/pl\\\/\"},{\"@type\":\"ListItem\",\"position\":2,\"name\":\"High school\",\"item\":\"https:\\\/\\\/www.sts-education.com\\\/pl\\\/szkola-srednia\\\/\"},{\"@type\":\"ListItem\",\"position\":3,\"name\":\"Podczas Rocznej Wymiany\",\"item\":\"https:\\\/\\\/www.sts-education.com\\\/pl\\\/szkola-srednia\\\/podczas-rocznej-wymiany\\\/\"},{\"@type\":\"ListItem\",\"position\":4,\"name\":\"10 Porad Na Udany Pobyt Za Granica\"}]},{\"@type\":\"WebSite\",\"@id\":\"https:\\\/\\\/www.sts-education.com\\\/pl\\\/#website\",\"url\":\"https:\\\/\\\/www.sts-education.com\\\/pl\\\/\",\"name\":\"STS Education\",\"description\":\"\",\"potentialAction\":[{\"@type\":\"SearchAction\",\"target\":{\"@type\":\"EntryPoint\",\"urlTemplate\":\"https:\\\/\\\/www.sts-education.com\\\/pl\\\/?s={search_term_string}\"},\"query-input\":{\"@type\":\"PropertyValueSpecification\",\"valueRequired\":true,\"valueName\":\"search_term_string\"}}],\"inLanguage\":\"pl-PL\"}]}<\/script>\n<!-- \/ Yoast SEO Premium plugin. -->","yoast_head_json":{"title":"10 wskaz\u00f3wek na udany rok licealny za granic\u0105","description":"Zobacz nasze 10 wskaz\u00f3wek na udany rok za granic\u0105. Studia za granic\u0105 to ogromna przygoda, dzi\u0119ki kt\u00f3rej staniesz si\u0119 bardziej niezale\u017cny.","robots":{"index":"index","follow":"follow","max-snippet":"max-snippet:-1","max-image-preview":"max-image-preview:large","max-video-preview":"max-video-preview:-1"},"canonical":"https:\/\/www.sts-education.com\/pl\/szkola-srednia\/podczas-rocznej-wymiany\/10-porad-na-udany-pobyt-za-granica\/","og_locale":"pl_PL","og_type":"article","og_title":"10 Porad Na Udany Pobyt Za Granica","og_description":"Zobacz nasze 10 wskaz\u00f3wek na udany rok za granic\u0105. Studia za granic\u0105 to ogromna przygoda, dzi\u0119ki kt\u00f3rej staniesz si\u0119 bardziej niezale\u017cny.","og_url":"https:\/\/www.sts-education.com\/pl\/szkola-srednia\/podczas-rocznej-wymiany\/10-porad-na-udany-pobyt-za-granica\/","og_site_name":"STS Education","article_modified_time":"2026-04-14T09:58:42+00:00","og_image":[{"url":"https:\/\/cdn.sts-education.com\/11218_hero_lg_xl.jpg","type":"","width":"","height":""}],"twitter_card":"summary_large_image","twitter_misc":{"Szacowany czas czytania":"1 minuta"},"schema":{"@context":"https:\/\/schema.org","@graph":[{"@type":"WebPage","@id":"https:\/\/www.sts-education.com\/pl\/szkola-srednia\/podczas-rocznej-wymiany\/10-porad-na-udany-pobyt-za-granica\/","url":"https:\/\/www.sts-education.com\/pl\/szkola-srednia\/podczas-rocznej-wymiany\/10-porad-na-udany-pobyt-za-granica\/","name":"10 wskaz\u00f3wek na udany rok licealny za granic\u0105","isPartOf":{"@id":"https:\/\/www.sts-education.com\/pl\/#website"},"primaryImageOfPage":{"@id":"https:\/\/www.sts-education.com\/pl\/szkola-srednia\/podczas-rocznej-wymiany\/10-porad-na-udany-pobyt-za-granica\/#primaryimage"},"image":{"@id":"https:\/\/www.sts-education.com\/pl\/szkola-srednia\/podczas-rocznej-wymiany\/10-porad-na-udany-pobyt-za-granica\/#primaryimage"},"thumbnailUrl":"https:\/\/cdn.sts-education.com\/11218_hero_lg_xl.jpg","datePublished":"2025-12-16T10:16:07+00:00","dateModified":"2026-04-14T09:58:42+00:00","description":"Zobacz nasze 10 wskaz\u00f3wek na udany rok za granic\u0105. Studia za granic\u0105 to ogromna przygoda, dzi\u0119ki kt\u00f3rej staniesz si\u0119 bardziej niezale\u017cny.","breadcrumb":{"@id":"https:\/\/www.sts-education.com\/pl\/szkola-srednia\/podczas-rocznej-wymiany\/10-porad-na-udany-pobyt-za-granica\/#breadcrumb"},"inLanguage":"pl-PL","potentialAction":[{"@type":"ReadAction","target":["https:\/\/www.sts-education.com\/pl\/szkola-srednia\/podczas-rocznej-wymiany\/10-porad-na-udany-pobyt-za-granica\/"]}]},{"@type":"ImageObject","inLanguage":"pl-PL","@id":"https:\/\/www.sts-education.com\/pl\/szkola-srednia\/podczas-rocznej-wymiany\/10-porad-na-udany-pobyt-za-granica\/#primaryimage","url":"https:\/\/cdn.sts-education.com\/11218_hero_lg_xl.jpg","contentUrl":"https:\/\/cdn.sts-education.com\/11218_hero_lg_xl.jpg"},{"@type":"BreadcrumbList","@id":"https:\/\/www.sts-education.com\/pl\/szkola-srednia\/podczas-rocznej-wymiany\/10-porad-na-udany-pobyt-za-granica\/#breadcrumb","itemListElement":[{"@type":"ListItem","position":1,"name":"Home","item":"https:\/\/www.sts-education.com\/pl\/"},{"@type":"ListItem","position":2,"name":"High school","item":"https:\/\/www.sts-education.com\/pl\/szkola-srednia\/"},{"@type":"ListItem","position":3,"name":"Podczas Rocznej Wymiany","item":"https:\/\/www.sts-education.com\/pl\/szkola-srednia\/podczas-rocznej-wymiany\/"},{"@type":"ListItem","position":4,"name":"10 Porad Na Udany Pobyt Za Granica"}]},{"@type":"WebSite","@id":"https:\/\/www.sts-education.com\/pl\/#website","url":"https:\/\/www.sts-education.com\/pl\/","name":"STS Education","description":"","potentialAction":[{"@type":"SearchAction","target":{"@type":"EntryPoint","urlTemplate":"https:\/\/www.sts-education.com\/pl\/?s={search_term_string}"},"query-input":{"@type":"PropertyValueSpecification","valueRequired":true,"valueName":"search_term_string"}}],"inLanguage":"pl-PL"}]}},"_links":{"self":[{"href":"https:\/\/www.sts-education.com\/pl\/wp-json\/wp\/v2\/pages\/10176","targetHints":{"allow":["GET"]}}],"collection":[{"href":"https:\/\/www.sts-education.com\/pl\/wp-json\/wp\/v2\/pages"}],"about":[{"href":"https:\/\/www.sts-education.com\/pl\/wp-json\/wp\/v2\/types\/page"}],"author":[{"embeddable":true,"href":"https:\/\/www.sts-education.com\/pl\/wp-json\/wp\/v2\/users\/20"}],"replies":[{"embeddable":true,"href":"https:\/\/www.sts-education.com\/pl\/wp-json\/wp\/v2\/comments?post=10176"}],"version-history":[{"count":4,"href":"https:\/\/www.sts-education.com\/pl\/wp-json\/wp\/v2\/pages\/10176\/revisions"}],"predecessor-version":[{"id":33459,"href":"https:\/\/www.sts-education.com\/pl\/wp-json\/wp\/v2\/pages\/10176\/revisions\/33459"}],"up":[{"embeddable":true,"href":"https:\/\/www.sts-education.com\/pl\/wp-json\/wp\/v2\/pages\/10158"}],"wp:attachment":[{"href":"https:\/\/www.sts-education.com\/pl\/wp-json\/wp\/v2\/media?parent=10176"}],"wp:term":[{"taxonomy":"wpw_page_folders","embeddable":true,"href":"https:\/\/www.sts-education.com\/pl\/wp-json\/wp\/v2\/wpw_page_folders?post=10176"}],"curies":[{"name":"wp","href":"https:\/\/api.w.org\/{rel}","templated":true}]}}