{"id":10177,"date":"2025-12-16T10:12:07","date_gmt":"2025-12-16T10:12:07","guid":{"rendered":"https:\/\/preprod.sts-education.com\/szkola-srednia\/podczas-rocznej-wymiany\/jestesmy-tu-dla-ciebie\/"},"modified":"2026-04-14T09:58:44","modified_gmt":"2026-04-14T09:58:44","slug":"jestesmy-tu-dla-ciebie","status":"publish","type":"page","link":"https:\/\/www.sts-education.com\/pl\/szkola-srednia\/podczas-rocznej-wymiany\/jestesmy-tu-dla-ciebie\/","title":{"rendered":"Jestesmy Tu Dla Ciebie"},"content":{"rendered":"\n<section class=\"wp-block-sts-hero sts-block-hero sts-block-hero is-variant-full-background has-text-light has-background-media\" style=\"--sts-hero-padding-mobile:0px;--sts-hero-padding-desktop:0px;--sts-hero-text-color:var(--wp--preset--color--base-10, #fff)\" data-variant=\"full-background\"><div class=\"sts-block-hero__background\"><picture class=\"sts-responsive-image has-pos-center is-skeleton\"><img src=\"https:\/\/cdn.sts-education.com\/12567_hero_lg_xl.jpg\" alt=\"Jeste\u015bmy tu dla Ciebie\" loading=\"lazy\" decoding=\"async\" fetchpriority=\"low\" sizes=\"(max-width: 640px) max(100vw, calc(clamp(320px, 100vh, 720px) * 9 \/ 16)), (max-width: 840px) max(100vw, calc(clamp(320px, 100vh, 720px) * 1 \/ 1)), max(100vw, calc(clamp(320px, 100vh, 720px) * 16 \/ 9))\" style=\"object-position:center\"\/><\/picture><span class=\"sts-block-hero__overlay\" aria-hidden=\"true\"><\/span><\/div><div class=\"sts-block-hero__inner\"><div class=\"sts-block-hero__content has-align-center\"><div class=\"sts-block-hero__content-inner\"><h1 class=\"sts-block-hero__heading\">Jeste\u015bmy tu dla Ciebie<\/h1><\/div><\/div><\/div><\/section>\n\n\n\n<div class=\"wp-block-sts-text sts-text-editor has-max-width-md\"><div class=\"sts-text-editor__content\"><div class=\"sts-text-editor__content-inner\">\n<p>Gdziekolwiek zdecydujesz si\u0119 podr\u00f3\u017cowa\u0107, jeste\u015bmy tu dla Ciebie przez ca\u0142y rok za granic\u0105. Zajmiemy si\u0119 organizacj\u0105 podr\u00f3\u017cy i upewnimy si\u0119, \u017ce jeste\u015b dobrze przygotowany, gdy nadejdzie czas wyjazdu. Na miejscu zawsze jeste\u015bmy do Twojej dyspozycji, w tym za po\u015brednictwem rodziny goszcz\u0105cej, naszych lokalnych koordynator\u00f3w i oczywi\u015bcie telefonicznie.<\/p>\n<h2>Przedstawiciel regionalny<\/h2>\n<p>Po dotarciu do miejsca docelowego zawsze znajdzie si\u0119 tam lokalna osoba kontaktowa, &#8222;przedstawiciel dystryktu&#8221; lub lokalny koordynator. Osoba ta s\u0142u\u017cy pomoc\u0105 w razie potrzeby. Spotkania z lokalnym koordynatorem b\u0119d\u0105 odbywa\u0107 si\u0119 regularnie przez ca\u0142y rok czy to w formie imprez okoliczno\u015bciowych, wycieczek lub zwyk\u0142ych spotka\u0144.<\/p>\n<p>Rodzina goszcz\u0105ca pomo\u017ce ci w zapoznaniu si\u0119 ze szko\u0142\u0105 i skontaktowaniu si\u0119 z innymi uczniami z wymiany. Je\u015bli Twoi rodzice maj\u0105 pytania podczas Twojej nieobecno\u015bci, najpro\u015bciej jest zadzwoni\u0107 do nas bezpo\u015brednio do STS.<\/p>\n<h2>Zadzwo\u0144 do nas w ka\u017cdej chwili<\/h2>\n<p>Jeste\u015b dla nas wa\u017cny i zale\u017cy nam na Twoim dobrym samopoczuciu. Chcemy, aby\u015b wiedzia\u0142, \u017ce zawsze mo\u017cesz si\u0119 z nami skontaktowa\u0107. Przed wyjazdem otrzymasz numer kontaktowy, za pomoc\u0105 kt\u00f3rego mo\u017cesz skontaktowa\u0107 si\u0119 z nami po godzinach pracy, przez ca\u0142\u0105 dob\u0119. Jest to bezpieczne i wygodne.<\/p>\n<h2>Zobacz wi\u0119cej &#8211; Wsp\u00f3lne wycieczki<\/h2>\n<p>Czasami wszyscy potrzebujemy ma\u0142ej przerwy od szko\u0142y i pracy domowej. W\u0142a\u015bnie dlatego organizujemy wycieczki dla wszystkich naszych uczni\u00f3w z wymiany w wielu krajach goszcz\u0105cych, aby\u015b mia\u0142 okazj\u0119 zobaczy\u0107 wi\u0119cej w swoim nowym kraju. Wi\u0119cej informacji i wszystkie niezb\u0119dne informacje otrzymasz od swojego przedstawiciela regionalnego tam na miejscu. Wycieczki te nie s\u0105 wliczone w cen\u0119 programu i r\u00f3\u017cni\u0105 si\u0119 cen\u0105 w zale\u017cno\u015bci od kraju.<\/p>\n<p><a href=\"https:\/\/www.sts-education.com\/pl\/szkola-srednia\/kierunki-wyjazdowe\/\">Przeczytaj o r\u00f3\u017cnych krajach tutaj<\/a>.<\/p>\n<\/div><\/div><\/div>\n","protected":false},"excerpt":{"rendered":"","protected":false},"author":20,"featured_media":0,"parent":10158,"menu_order":0,"comment_status":"closed","ping_status":"closed","template":"templates\/template-default-with-breadcrumbs.php","meta":{"_acf_changed":false,"sts_page_background_color":"","footnotes":""},"wpw_page_folders":[83],"class_list":["post-10177","page","type-page","status-publish","hentry"],"acf":[],"yoast_head":"<!-- This site is optimized with the Yoast SEO Premium plugin v27.2 (Yoast SEO v27.3) - https:\/\/yoast.com\/product\/yoast-seo-premium-wordpress\/ -->\n<title>Jeste\u015bmy tutaj, aby pom\u00f3c Ci podczas roku wymiany| STS<\/title>\n<meta name=\"description\" content=\"When you go on an exchange year abroad with us, we are there to help you, 24\/7. Safely and conveniently.\" \/>\n<meta name=\"robots\" content=\"index, follow, max-snippet:-1, max-image-preview:large, max-video-preview:-1\" \/>\n<link rel=\"canonical\" href=\"https:\/\/www.sts-education.com\/pl\/szkola-srednia\/podczas-rocznej-wymiany\/jestesmy-tu-dla-ciebie\/\" \/>\n<meta property=\"og:locale\" content=\"pl_PL\" \/>\n<meta property=\"og:type\" content=\"article\" \/>\n<meta property=\"og:title\" content=\"Jestesmy Tu Dla Ciebie\" \/>\n<meta property=\"og:description\" content=\"When you go on an exchange year abroad with us, we are there to help you, 24\/7. Safely and conveniently.\" \/>\n<meta property=\"og:url\" content=\"https:\/\/www.sts-education.com\/pl\/szkola-srednia\/podczas-rocznej-wymiany\/jestesmy-tu-dla-ciebie\/\" \/>\n<meta property=\"og:site_name\" content=\"STS Education\" \/>\n<meta property=\"article:modified_time\" content=\"2026-04-14T09:58:44+00:00\" \/>\n<meta property=\"og:image\" content=\"https:\/\/cdn.sts-education.com\/12567_hero_lg_xl.jpg\" \/>\n<meta name=\"twitter:card\" content=\"summary_large_image\" \/>\n<meta name=\"twitter:label1\" content=\"Szacowany czas czytania\" \/>\n\t<meta name=\"twitter:data1\" content=\"2 minuty\" \/>\n<script type=\"application\/ld+json\" class=\"yoast-schema-graph\">{\"@context\":\"https:\\\/\\\/schema.org\",\"@graph\":[{\"@type\":\"WebPage\",\"@id\":\"https:\\\/\\\/www.sts-education.com\\\/pl\\\/szkola-srednia\\\/podczas-rocznej-wymiany\\\/jestesmy-tu-dla-ciebie\\\/\",\"url\":\"https:\\\/\\\/www.sts-education.com\\\/pl\\\/szkola-srednia\\\/podczas-rocznej-wymiany\\\/jestesmy-tu-dla-ciebie\\\/\",\"name\":\"Jeste\u015bmy tutaj, aby pom\u00f3c Ci podczas roku wymiany| STS\",\"isPartOf\":{\"@id\":\"https:\\\/\\\/www.sts-education.com\\\/pl\\\/#website\"},\"primaryImageOfPage\":{\"@id\":\"https:\\\/\\\/www.sts-education.com\\\/pl\\\/szkola-srednia\\\/podczas-rocznej-wymiany\\\/jestesmy-tu-dla-ciebie\\\/#primaryimage\"},\"image\":{\"@id\":\"https:\\\/\\\/www.sts-education.com\\\/pl\\\/szkola-srednia\\\/podczas-rocznej-wymiany\\\/jestesmy-tu-dla-ciebie\\\/#primaryimage\"},\"thumbnailUrl\":\"https:\\\/\\\/cdn.sts-education.com\\\/12567_hero_lg_xl.jpg\",\"datePublished\":\"2025-12-16T10:12:07+00:00\",\"dateModified\":\"2026-04-14T09:58:44+00:00\",\"description\":\"When you go on an exchange year abroad with us, we are there to help you, 24\\\/7. Safely and conveniently.\",\"breadcrumb\":{\"@id\":\"https:\\\/\\\/www.sts-education.com\\\/pl\\\/szkola-srednia\\\/podczas-rocznej-wymiany\\\/jestesmy-tu-dla-ciebie\\\/#breadcrumb\"},\"inLanguage\":\"pl-PL\",\"potentialAction\":[{\"@type\":\"ReadAction\",\"target\":[\"https:\\\/\\\/www.sts-education.com\\\/pl\\\/szkola-srednia\\\/podczas-rocznej-wymiany\\\/jestesmy-tu-dla-ciebie\\\/\"]}]},{\"@type\":\"ImageObject\",\"inLanguage\":\"pl-PL\",\"@id\":\"https:\\\/\\\/www.sts-education.com\\\/pl\\\/szkola-srednia\\\/podczas-rocznej-wymiany\\\/jestesmy-tu-dla-ciebie\\\/#primaryimage\",\"url\":\"https:\\\/\\\/cdn.sts-education.com\\\/12567_hero_lg_xl.jpg\",\"contentUrl\":\"https:\\\/\\\/cdn.sts-education.com\\\/12567_hero_lg_xl.jpg\"},{\"@type\":\"BreadcrumbList\",\"@id\":\"https:\\\/\\\/www.sts-education.com\\\/pl\\\/szkola-srednia\\\/podczas-rocznej-wymiany\\\/jestesmy-tu-dla-ciebie\\\/#breadcrumb\",\"itemListElement\":[{\"@type\":\"ListItem\",\"position\":1,\"name\":\"Home\",\"item\":\"https:\\\/\\\/www.sts-education.com\\\/pl\\\/\"},{\"@type\":\"ListItem\",\"position\":2,\"name\":\"High school\",\"item\":\"https:\\\/\\\/www.sts-education.com\\\/pl\\\/szkola-srednia\\\/\"},{\"@type\":\"ListItem\",\"position\":3,\"name\":\"Podczas Rocznej Wymiany\",\"item\":\"https:\\\/\\\/www.sts-education.com\\\/pl\\\/szkola-srednia\\\/podczas-rocznej-wymiany\\\/\"},{\"@type\":\"ListItem\",\"position\":4,\"name\":\"Jestesmy Tu Dla Ciebie\"}]},{\"@type\":\"WebSite\",\"@id\":\"https:\\\/\\\/www.sts-education.com\\\/pl\\\/#website\",\"url\":\"https:\\\/\\\/www.sts-education.com\\\/pl\\\/\",\"name\":\"STS Education\",\"description\":\"\",\"potentialAction\":[{\"@type\":\"SearchAction\",\"target\":{\"@type\":\"EntryPoint\",\"urlTemplate\":\"https:\\\/\\\/www.sts-education.com\\\/pl\\\/?s={search_term_string}\"},\"query-input\":{\"@type\":\"PropertyValueSpecification\",\"valueRequired\":true,\"valueName\":\"search_term_string\"}}],\"inLanguage\":\"pl-PL\"}]}<\/script>\n<!-- \/ Yoast SEO Premium plugin. -->","yoast_head_json":{"title":"Jeste\u015bmy tutaj, aby pom\u00f3c Ci podczas roku wymiany| STS","description":"When you go on an exchange year abroad with us, we are there to help you, 24\/7. Safely and conveniently.","robots":{"index":"index","follow":"follow","max-snippet":"max-snippet:-1","max-image-preview":"max-image-preview:large","max-video-preview":"max-video-preview:-1"},"canonical":"https:\/\/www.sts-education.com\/pl\/szkola-srednia\/podczas-rocznej-wymiany\/jestesmy-tu-dla-ciebie\/","og_locale":"pl_PL","og_type":"article","og_title":"Jestesmy Tu Dla Ciebie","og_description":"When you go on an exchange year abroad with us, we are there to help you, 24\/7. Safely and conveniently.","og_url":"https:\/\/www.sts-education.com\/pl\/szkola-srednia\/podczas-rocznej-wymiany\/jestesmy-tu-dla-ciebie\/","og_site_name":"STS Education","article_modified_time":"2026-04-14T09:58:44+00:00","og_image":[{"url":"https:\/\/cdn.sts-education.com\/12567_hero_lg_xl.jpg","type":"","width":"","height":""}],"twitter_card":"summary_large_image","twitter_misc":{"Szacowany czas czytania":"2 minuty"},"schema":{"@context":"https:\/\/schema.org","@graph":[{"@type":"WebPage","@id":"https:\/\/www.sts-education.com\/pl\/szkola-srednia\/podczas-rocznej-wymiany\/jestesmy-tu-dla-ciebie\/","url":"https:\/\/www.sts-education.com\/pl\/szkola-srednia\/podczas-rocznej-wymiany\/jestesmy-tu-dla-ciebie\/","name":"Jeste\u015bmy tutaj, aby pom\u00f3c Ci podczas roku wymiany| STS","isPartOf":{"@id":"https:\/\/www.sts-education.com\/pl\/#website"},"primaryImageOfPage":{"@id":"https:\/\/www.sts-education.com\/pl\/szkola-srednia\/podczas-rocznej-wymiany\/jestesmy-tu-dla-ciebie\/#primaryimage"},"image":{"@id":"https:\/\/www.sts-education.com\/pl\/szkola-srednia\/podczas-rocznej-wymiany\/jestesmy-tu-dla-ciebie\/#primaryimage"},"thumbnailUrl":"https:\/\/cdn.sts-education.com\/12567_hero_lg_xl.jpg","datePublished":"2025-12-16T10:12:07+00:00","dateModified":"2026-04-14T09:58:44+00:00","description":"When you go on an exchange year abroad with us, we are there to help you, 24\/7. Safely and conveniently.","breadcrumb":{"@id":"https:\/\/www.sts-education.com\/pl\/szkola-srednia\/podczas-rocznej-wymiany\/jestesmy-tu-dla-ciebie\/#breadcrumb"},"inLanguage":"pl-PL","potentialAction":[{"@type":"ReadAction","target":["https:\/\/www.sts-education.com\/pl\/szkola-srednia\/podczas-rocznej-wymiany\/jestesmy-tu-dla-ciebie\/"]}]},{"@type":"ImageObject","inLanguage":"pl-PL","@id":"https:\/\/www.sts-education.com\/pl\/szkola-srednia\/podczas-rocznej-wymiany\/jestesmy-tu-dla-ciebie\/#primaryimage","url":"https:\/\/cdn.sts-education.com\/12567_hero_lg_xl.jpg","contentUrl":"https:\/\/cdn.sts-education.com\/12567_hero_lg_xl.jpg"},{"@type":"BreadcrumbList","@id":"https:\/\/www.sts-education.com\/pl\/szkola-srednia\/podczas-rocznej-wymiany\/jestesmy-tu-dla-ciebie\/#breadcrumb","itemListElement":[{"@type":"ListItem","position":1,"name":"Home","item":"https:\/\/www.sts-education.com\/pl\/"},{"@type":"ListItem","position":2,"name":"High school","item":"https:\/\/www.sts-education.com\/pl\/szkola-srednia\/"},{"@type":"ListItem","position":3,"name":"Podczas Rocznej Wymiany","item":"https:\/\/www.sts-education.com\/pl\/szkola-srednia\/podczas-rocznej-wymiany\/"},{"@type":"ListItem","position":4,"name":"Jestesmy Tu Dla Ciebie"}]},{"@type":"WebSite","@id":"https:\/\/www.sts-education.com\/pl\/#website","url":"https:\/\/www.sts-education.com\/pl\/","name":"STS Education","description":"","potentialAction":[{"@type":"SearchAction","target":{"@type":"EntryPoint","urlTemplate":"https:\/\/www.sts-education.com\/pl\/?s={search_term_string}"},"query-input":{"@type":"PropertyValueSpecification","valueRequired":true,"valueName":"search_term_string"}}],"inLanguage":"pl-PL"}]}},"_links":{"self":[{"href":"https:\/\/www.sts-education.com\/pl\/wp-json\/wp\/v2\/pages\/10177","targetHints":{"allow":["GET"]}}],"collection":[{"href":"https:\/\/www.sts-education.com\/pl\/wp-json\/wp\/v2\/pages"}],"about":[{"href":"https:\/\/www.sts-education.com\/pl\/wp-json\/wp\/v2\/types\/page"}],"author":[{"embeddable":true,"href":"https:\/\/www.sts-education.com\/pl\/wp-json\/wp\/v2\/users\/20"}],"replies":[{"embeddable":true,"href":"https:\/\/www.sts-education.com\/pl\/wp-json\/wp\/v2\/comments?post=10177"}],"version-history":[{"count":5,"href":"https:\/\/www.sts-education.com\/pl\/wp-json\/wp\/v2\/pages\/10177\/revisions"}],"predecessor-version":[{"id":33460,"href":"https:\/\/www.sts-education.com\/pl\/wp-json\/wp\/v2\/pages\/10177\/revisions\/33460"}],"up":[{"embeddable":true,"href":"https:\/\/www.sts-education.com\/pl\/wp-json\/wp\/v2\/pages\/10158"}],"wp:attachment":[{"href":"https:\/\/www.sts-education.com\/pl\/wp-json\/wp\/v2\/media?parent=10177"}],"wp:term":[{"taxonomy":"wpw_page_folders","embeddable":true,"href":"https:\/\/www.sts-education.com\/pl\/wp-json\/wp\/v2\/wpw_page_folders?post=10177"}],"curies":[{"name":"wp","href":"https:\/\/api.w.org\/{rel}","templated":true}]}}