{"id":10178,"date":"2025-12-16T10:12:41","date_gmt":"2025-12-16T10:12:41","guid":{"rendered":"https:\/\/preprod.sts-education.com\/szkola-srednia\/podczas-rocznej-wymiany\/podroz-do-miejsca-docelowego\/"},"modified":"2026-04-01T01:27:53","modified_gmt":"2026-04-01T01:27:53","slug":"podroz-do-miejsca-docelowego","status":"publish","type":"page","link":"https:\/\/www.sts-education.com\/pl\/szkola-srednia\/podczas-rocznej-wymiany\/podroz-do-miejsca-docelowego\/","title":{"rendered":"Podroz Do Miejsca Docelowego"},"content":{"rendered":"\n<section class=\"wp-block-sts-hero sts-block-hero is-variant-full-background has-text-light has-background-media\" style=\"--sts-hero-padding-mobile:0px;--sts-hero-padding-desktop:0px;--sts-hero-text-color:var(--wp--preset--color--base-10, #fff);\" data-variant=\"full-background\"><div class=\"sts-block-hero__background\"><picture class=\"sts-responsive-image has-fit-cover is-skeleton\"><img src=\"https:\/\/cdn.sts-education.com\/12568_hero_lg_xl.jpg\" alt=\"Podr\u00f3\u017c do miejsca docelowego\" loading=\"lazy\" decoding=\"async\" fetchpriority=\"low\" sizes=\"100vw\" \/><\/picture><span class=\"sts-block-hero__overlay\" aria-hidden=\"true\"><\/span><\/div><div class=\"sts-block-hero__inner\"><div class=\"sts-block-hero__content has-align-center\"><div class=\"sts-block-hero__content-inner\"><h1 class=\"sts-block-hero__heading\">Podr\u00f3\u017c do miejsca docelowego<\/h1><\/div><\/div><\/div><\/section>\n\n\n\n<div class=\"wp-block-sts-text sts-text-editor has-max-width-md\"><div class=\"sts-text-editor__content\"><div class=\"sts-text-editor__content-inner\">\n<p>Wi\u0119kszo\u015b\u0107 student\u00f3w z wymiany podr\u00f3\u017cuje do miejsca docelowego samodzielnie. Jednak w zale\u017cno\u015bci od tego, gdzie si\u0119 wybierasz i ile os\u00f3b jedzie w to samo miejsce, w tej samej podr\u00f3\u017cy mo\u017ce uczestniczy\u0107 wielu uczni\u00f3w.<\/p>\n\n<p>Tw\u00f3j wyjazd na now\u0105 przygod\u0119 zale\u017cy od tego, kiedy rozpocznie si\u0119 szko\u0142a i kiedy rodzina goszcz\u0105ca b\u0119dzie mog\u0142a Ci\u0119 przyj\u0105\u0107. Pami\u0119taj: wiele szk\u00f3\u0142 za granic\u0105 rozpoczyna si\u0119 we wrze\u015bniu. Je\u015bli bierzesz udzia\u0142 w naszym obozie powitalnym (Welcome Camp\u2019ie), najpierw udasz si\u0119 tam, a nast\u0119pnie do miejsca docelowego.<\/p>\n\n<p>STS zarezerwuje podr\u00f3\u017c i wy\u015ble bilety, gdy podr\u00f3\u017c b\u0119dzie si\u0119 zbli\u017ca\u0107. Dokumenty podr\u00f3\u017cne s\u0105 w formie cyfrowej i b\u0119d\u0105 dost\u0119pne w telefonie. Pami\u0119taj, aby mie\u0107 paszport, wiz\u0119 i inne dokumenty podr\u00f3\u017cne \u0142atwo dost\u0119pne w baga\u017cu podr\u0119cznym. Adres i numer telefonu rodziny goszcz\u0105cej oraz lokalnego koordynatora r\u00f3wnie\u017c powinny by\u0107 \u0142atwo dost\u0119pne.<\/p>\n\n<h2>Przyjazd do kraju goszcz\u0105cego<\/h2>\n\n<p>Po przybyciu do miejsca docelowego spotkamy si\u0119 na dworcu kolejowym lub lotnisku. Nast\u0119pnie razem udamy si\u0119 na spotkanie z rodzin\u0105 goszcz\u0105c\u0105. Po dotarciu do rodziny goszcz\u0105cej dobrze jest jak najwcze\u015bniej porozmawia\u0107 o zasadach i sposobie funkcjonowania. W ten spos\u00f3b mo\u017cna unikn\u0105\u0107 wielu nieporozumie\u0144 od samego pocz\u0105tku.<\/p>\n\n<p>Warto r\u00f3wnie\u017c wiedzie\u0107, \u017ce czasami robimy zdj\u0119cia naszym uczniom podczas Welcome Camp. Zdj\u0119cia te mog\u0105 by\u0107 udost\u0119pniane na kana\u0142ach spo\u0142eczno\u015bciowych STS, takich jak <a href=\"https:\/\/www.tiktok.com\/@stsworldwide\" target=\"_blank\" rel=\"noopener noreferrer\">TikTok<\/a>, <a href=\"https:\/\/www.instagram.com\/stsworldwide\/\" target=\"_blank\" rel=\"noopener noreferrer\">Instagram<\/a> i <a href=\"https:\/\/www.facebook.com\/stsworldwide\" target=\"_blank\" rel=\"noopener noreferrer\">Facebook<\/a>. Je\u015bli Ty lub Twoi rodzice nie chcecie, aby\u015bcie znale\u017ali si\u0119 na zdj\u0119ciu, wa\u017cne jest, aby\u015bcie powiadomili nas o tym na d\u0142ugo przed wyjazdem.<\/p>\n<\/div><\/div><\/div>\n\n","protected":false},"excerpt":{"rendered":"","protected":false},"author":20,"featured_media":0,"parent":10158,"menu_order":0,"comment_status":"closed","ping_status":"closed","template":"templates\/template-default-with-breadcrumbs.php","meta":{"_acf_changed":false,"sts_page_background_color":"","footnotes":""},"wpw_page_folders":[83],"class_list":["post-10178","page","type-page","status-publish","hentry"],"acf":[],"yoast_head":"<!-- This site is optimized with the Yoast SEO Premium plugin v27.2 (Yoast SEO v27.3) - https:\/\/yoast.com\/product\/yoast-seo-premium-wordpress\/ -->\n<title>Jak podr\u00f3\u017cowa\u0107 na rok wymiany | STS<\/title>\n<meta name=\"description\" content=\"Wi\u0119kszo\u015b\u0107 student\u00f3w z wymiany podr\u00f3\u017cuje samodzielnie do miejsca docelowego. Data wyjazdu zale\u017cy od daty rozpocz\u0119cia szko\u0142y.\" \/>\n<meta name=\"robots\" content=\"index, follow, max-snippet:-1, max-image-preview:large, max-video-preview:-1\" \/>\n<link rel=\"canonical\" href=\"https:\/\/www.sts-education.com\/pl\/szkola-srednia\/podczas-rocznej-wymiany\/podroz-do-miejsca-docelowego\/\" \/>\n<meta property=\"og:locale\" content=\"pl_PL\" \/>\n<meta property=\"og:type\" content=\"article\" \/>\n<meta property=\"og:title\" content=\"Podroz Do Miejsca Docelowego\" \/>\n<meta property=\"og:description\" content=\"Wi\u0119kszo\u015b\u0107 student\u00f3w z wymiany podr\u00f3\u017cuje samodzielnie do miejsca docelowego. Data wyjazdu zale\u017cy od daty rozpocz\u0119cia szko\u0142y.\" \/>\n<meta property=\"og:url\" content=\"https:\/\/www.sts-education.com\/pl\/szkola-srednia\/podczas-rocznej-wymiany\/podroz-do-miejsca-docelowego\/\" \/>\n<meta property=\"og:site_name\" content=\"STS Education\" \/>\n<meta property=\"article:modified_time\" content=\"2026-04-01T01:27:53+00:00\" \/>\n<meta property=\"og:image\" content=\"https:\/\/cdn.sts-education.com\/12568_hero_lg_xl.jpg\" \/>\n<meta name=\"twitter:card\" content=\"summary_large_image\" \/>\n<meta name=\"twitter:label1\" content=\"Szacowany czas czytania\" \/>\n\t<meta name=\"twitter:data1\" content=\"1 minuta\" \/>\n<script type=\"application\/ld+json\" class=\"yoast-schema-graph\">{\"@context\":\"https:\\\/\\\/schema.org\",\"@graph\":[{\"@type\":\"WebPage\",\"@id\":\"https:\\\/\\\/www.sts-education.com\\\/pl\\\/szkola-srednia\\\/podczas-rocznej-wymiany\\\/podroz-do-miejsca-docelowego\\\/\",\"url\":\"https:\\\/\\\/www.sts-education.com\\\/pl\\\/szkola-srednia\\\/podczas-rocznej-wymiany\\\/podroz-do-miejsca-docelowego\\\/\",\"name\":\"Jak podr\u00f3\u017cowa\u0107 na rok wymiany | STS\",\"isPartOf\":{\"@id\":\"https:\\\/\\\/www.sts-education.com\\\/pl\\\/#website\"},\"primaryImageOfPage\":{\"@id\":\"https:\\\/\\\/www.sts-education.com\\\/pl\\\/szkola-srednia\\\/podczas-rocznej-wymiany\\\/podroz-do-miejsca-docelowego\\\/#primaryimage\"},\"image\":{\"@id\":\"https:\\\/\\\/www.sts-education.com\\\/pl\\\/szkola-srednia\\\/podczas-rocznej-wymiany\\\/podroz-do-miejsca-docelowego\\\/#primaryimage\"},\"thumbnailUrl\":\"https:\\\/\\\/cdn.sts-education.com\\\/12568_hero_lg_xl.jpg\",\"datePublished\":\"2025-12-16T10:12:41+00:00\",\"dateModified\":\"2026-04-01T01:27:53+00:00\",\"description\":\"Wi\u0119kszo\u015b\u0107 student\u00f3w z wymiany podr\u00f3\u017cuje samodzielnie do miejsca docelowego. Data wyjazdu zale\u017cy od daty rozpocz\u0119cia szko\u0142y.\",\"breadcrumb\":{\"@id\":\"https:\\\/\\\/www.sts-education.com\\\/pl\\\/szkola-srednia\\\/podczas-rocznej-wymiany\\\/podroz-do-miejsca-docelowego\\\/#breadcrumb\"},\"inLanguage\":\"pl-PL\",\"potentialAction\":[{\"@type\":\"ReadAction\",\"target\":[\"https:\\\/\\\/www.sts-education.com\\\/pl\\\/szkola-srednia\\\/podczas-rocznej-wymiany\\\/podroz-do-miejsca-docelowego\\\/\"]}]},{\"@type\":\"ImageObject\",\"inLanguage\":\"pl-PL\",\"@id\":\"https:\\\/\\\/www.sts-education.com\\\/pl\\\/szkola-srednia\\\/podczas-rocznej-wymiany\\\/podroz-do-miejsca-docelowego\\\/#primaryimage\",\"url\":\"https:\\\/\\\/cdn.sts-education.com\\\/12568_hero_lg_xl.jpg\",\"contentUrl\":\"https:\\\/\\\/cdn.sts-education.com\\\/12568_hero_lg_xl.jpg\"},{\"@type\":\"BreadcrumbList\",\"@id\":\"https:\\\/\\\/www.sts-education.com\\\/pl\\\/szkola-srednia\\\/podczas-rocznej-wymiany\\\/podroz-do-miejsca-docelowego\\\/#breadcrumb\",\"itemListElement\":[{\"@type\":\"ListItem\",\"position\":1,\"name\":\"Home\",\"item\":\"https:\\\/\\\/www.sts-education.com\\\/pl\\\/\"},{\"@type\":\"ListItem\",\"position\":2,\"name\":\"High school\",\"item\":\"https:\\\/\\\/www.sts-education.com\\\/pl\\\/szkola-srednia\\\/\"},{\"@type\":\"ListItem\",\"position\":3,\"name\":\"Podczas Rocznej Wymiany\",\"item\":\"https:\\\/\\\/www.sts-education.com\\\/pl\\\/szkola-srednia\\\/podczas-rocznej-wymiany\\\/\"},{\"@type\":\"ListItem\",\"position\":4,\"name\":\"Podroz Do Miejsca Docelowego\"}]},{\"@type\":\"WebSite\",\"@id\":\"https:\\\/\\\/www.sts-education.com\\\/pl\\\/#website\",\"url\":\"https:\\\/\\\/www.sts-education.com\\\/pl\\\/\",\"name\":\"STS Education\",\"description\":\"\",\"potentialAction\":[{\"@type\":\"SearchAction\",\"target\":{\"@type\":\"EntryPoint\",\"urlTemplate\":\"https:\\\/\\\/www.sts-education.com\\\/pl\\\/?s={search_term_string}\"},\"query-input\":{\"@type\":\"PropertyValueSpecification\",\"valueRequired\":true,\"valueName\":\"search_term_string\"}}],\"inLanguage\":\"pl-PL\"}]}<\/script>\n<!-- \/ Yoast SEO Premium plugin. -->","yoast_head_json":{"title":"Jak podr\u00f3\u017cowa\u0107 na rok wymiany | STS","description":"Wi\u0119kszo\u015b\u0107 student\u00f3w z wymiany podr\u00f3\u017cuje samodzielnie do miejsca docelowego. Data wyjazdu zale\u017cy od daty rozpocz\u0119cia szko\u0142y.","robots":{"index":"index","follow":"follow","max-snippet":"max-snippet:-1","max-image-preview":"max-image-preview:large","max-video-preview":"max-video-preview:-1"},"canonical":"https:\/\/www.sts-education.com\/pl\/szkola-srednia\/podczas-rocznej-wymiany\/podroz-do-miejsca-docelowego\/","og_locale":"pl_PL","og_type":"article","og_title":"Podroz Do Miejsca Docelowego","og_description":"Wi\u0119kszo\u015b\u0107 student\u00f3w z wymiany podr\u00f3\u017cuje samodzielnie do miejsca docelowego. Data wyjazdu zale\u017cy od daty rozpocz\u0119cia szko\u0142y.","og_url":"https:\/\/www.sts-education.com\/pl\/szkola-srednia\/podczas-rocznej-wymiany\/podroz-do-miejsca-docelowego\/","og_site_name":"STS Education","article_modified_time":"2026-04-01T01:27:53+00:00","og_image":[{"url":"https:\/\/cdn.sts-education.com\/12568_hero_lg_xl.jpg","type":"","width":"","height":""}],"twitter_card":"summary_large_image","twitter_misc":{"Szacowany czas czytania":"1 minuta"},"schema":{"@context":"https:\/\/schema.org","@graph":[{"@type":"WebPage","@id":"https:\/\/www.sts-education.com\/pl\/szkola-srednia\/podczas-rocznej-wymiany\/podroz-do-miejsca-docelowego\/","url":"https:\/\/www.sts-education.com\/pl\/szkola-srednia\/podczas-rocznej-wymiany\/podroz-do-miejsca-docelowego\/","name":"Jak podr\u00f3\u017cowa\u0107 na rok wymiany | STS","isPartOf":{"@id":"https:\/\/www.sts-education.com\/pl\/#website"},"primaryImageOfPage":{"@id":"https:\/\/www.sts-education.com\/pl\/szkola-srednia\/podczas-rocznej-wymiany\/podroz-do-miejsca-docelowego\/#primaryimage"},"image":{"@id":"https:\/\/www.sts-education.com\/pl\/szkola-srednia\/podczas-rocznej-wymiany\/podroz-do-miejsca-docelowego\/#primaryimage"},"thumbnailUrl":"https:\/\/cdn.sts-education.com\/12568_hero_lg_xl.jpg","datePublished":"2025-12-16T10:12:41+00:00","dateModified":"2026-04-01T01:27:53+00:00","description":"Wi\u0119kszo\u015b\u0107 student\u00f3w z wymiany podr\u00f3\u017cuje samodzielnie do miejsca docelowego. Data wyjazdu zale\u017cy od daty rozpocz\u0119cia szko\u0142y.","breadcrumb":{"@id":"https:\/\/www.sts-education.com\/pl\/szkola-srednia\/podczas-rocznej-wymiany\/podroz-do-miejsca-docelowego\/#breadcrumb"},"inLanguage":"pl-PL","potentialAction":[{"@type":"ReadAction","target":["https:\/\/www.sts-education.com\/pl\/szkola-srednia\/podczas-rocznej-wymiany\/podroz-do-miejsca-docelowego\/"]}]},{"@type":"ImageObject","inLanguage":"pl-PL","@id":"https:\/\/www.sts-education.com\/pl\/szkola-srednia\/podczas-rocznej-wymiany\/podroz-do-miejsca-docelowego\/#primaryimage","url":"https:\/\/cdn.sts-education.com\/12568_hero_lg_xl.jpg","contentUrl":"https:\/\/cdn.sts-education.com\/12568_hero_lg_xl.jpg"},{"@type":"BreadcrumbList","@id":"https:\/\/www.sts-education.com\/pl\/szkola-srednia\/podczas-rocznej-wymiany\/podroz-do-miejsca-docelowego\/#breadcrumb","itemListElement":[{"@type":"ListItem","position":1,"name":"Home","item":"https:\/\/www.sts-education.com\/pl\/"},{"@type":"ListItem","position":2,"name":"High school","item":"https:\/\/www.sts-education.com\/pl\/szkola-srednia\/"},{"@type":"ListItem","position":3,"name":"Podczas Rocznej Wymiany","item":"https:\/\/www.sts-education.com\/pl\/szkola-srednia\/podczas-rocznej-wymiany\/"},{"@type":"ListItem","position":4,"name":"Podroz Do Miejsca Docelowego"}]},{"@type":"WebSite","@id":"https:\/\/www.sts-education.com\/pl\/#website","url":"https:\/\/www.sts-education.com\/pl\/","name":"STS Education","description":"","potentialAction":[{"@type":"SearchAction","target":{"@type":"EntryPoint","urlTemplate":"https:\/\/www.sts-education.com\/pl\/?s={search_term_string}"},"query-input":{"@type":"PropertyValueSpecification","valueRequired":true,"valueName":"search_term_string"}}],"inLanguage":"pl-PL"}]}},"_links":{"self":[{"href":"https:\/\/www.sts-education.com\/pl\/wp-json\/wp\/v2\/pages\/10178","targetHints":{"allow":["GET"]}}],"collection":[{"href":"https:\/\/www.sts-education.com\/pl\/wp-json\/wp\/v2\/pages"}],"about":[{"href":"https:\/\/www.sts-education.com\/pl\/wp-json\/wp\/v2\/types\/page"}],"author":[{"embeddable":true,"href":"https:\/\/www.sts-education.com\/pl\/wp-json\/wp\/v2\/users\/20"}],"replies":[{"embeddable":true,"href":"https:\/\/www.sts-education.com\/pl\/wp-json\/wp\/v2\/comments?post=10178"}],"version-history":[{"count":2,"href":"https:\/\/www.sts-education.com\/pl\/wp-json\/wp\/v2\/pages\/10178\/revisions"}],"predecessor-version":[{"id":20117,"href":"https:\/\/www.sts-education.com\/pl\/wp-json\/wp\/v2\/pages\/10178\/revisions\/20117"}],"up":[{"embeddable":true,"href":"https:\/\/www.sts-education.com\/pl\/wp-json\/wp\/v2\/pages\/10158"}],"wp:attachment":[{"href":"https:\/\/www.sts-education.com\/pl\/wp-json\/wp\/v2\/media?parent=10178"}],"wp:term":[{"taxonomy":"wpw_page_folders","embeddable":true,"href":"https:\/\/www.sts-education.com\/pl\/wp-json\/wp\/v2\/wpw_page_folders?post=10178"}],"curies":[{"name":"wp","href":"https:\/\/api.w.org\/{rel}","templated":true}]}}