{"id":10179,"date":"2025-12-16T10:16:36","date_gmt":"2025-12-16T10:16:36","guid":{"rendered":"https:\/\/preprod.sts-education.com\/szkola-srednia\/podczas-rocznej-wymiany\/powrot-do-domu\/"},"modified":"2026-04-14T09:58:41","modified_gmt":"2026-04-14T09:58:41","slug":"powrot-do-domu","status":"publish","type":"page","link":"https:\/\/www.sts-education.com\/pl\/szkola-srednia\/podczas-rocznej-wymiany\/powrot-do-domu\/","title":{"rendered":"Powrot Do Domu"},"content":{"rendered":"\n<section class=\"wp-block-sts-hero sts-block-hero is-variant-full-background has-text-light has-background-media\" style=\"--sts-hero-padding-mobile:0px;--sts-hero-padding-desktop:0px;--sts-hero-text-color:var(--wp--preset--color--base-10, #fff);\" data-variant=\"full-background\"><div class=\"sts-block-hero__background\"><picture class=\"sts-responsive-image has-fit-cover is-skeleton\"><img src=\"https:\/\/cdn.sts-education.com\/12573_hero_lg_xl.jpg\" alt=\"Powr\u00f3t do domu\" loading=\"lazy\" decoding=\"async\" fetchpriority=\"low\" sizes=\"100vw\" \/><\/picture><span class=\"sts-block-hero__overlay\" aria-hidden=\"true\"><\/span><\/div><div class=\"sts-block-hero__inner\"><div class=\"sts-block-hero__content has-align-center\"><div class=\"sts-block-hero__content-inner\"><h1 class=\"sts-block-hero__heading\">Powr\u00f3t do domu<\/h1><\/div><\/div><\/div><\/section>\n\n\n\n<div class=\"wp-block-sts-text sts-text-editor has-max-width-md\"><div class=\"sts-text-editor__content\"><div class=\"sts-text-editor__content-inner\">\n<p>Wr\u00f3cisz do domu w ci\u0105gu 10 dni od zako\u0144czenia szko\u0142y. Twoi przyjaciele i rodzina prawdopodobnie odnios\u0105 wra\u017cenie, \u017ce jeste\u015b inn\u0105 osob\u0105 ni\u017c wtedy, gdy wyje\u017cd\u017ca\u0142e\u015b, poniewa\u017c zmienisz si\u0119 i b\u0119dziesz ju\u017c widzie\u0107 nowe perspektywy. Twoi rodzice mog\u0105 r\u00f3wnie\u017c zauwa\u017cy\u0107, \u017ce sta\u0142e\u015b si\u0119 bardziej niezale\u017cny, a Twoi znajomi b\u0119d\u0105 chcieli us\u0142ysze\u0107 o wszystkim, czego do\u015bwiadczy\u0142e\u015b.<\/p>\n\n<p>Niekt\u00f3rzy studenci przechodz\u0105 rodzaj odwrotnego szoku kulturowego po powrocie do domu i t\u0119skni\u0105 za rodzin\u0105 goszcz\u0105c\u0105 i kultur\u0105 kraju goszcz\u0105cego. Jedn\u0105 ze wskaz\u00f3wek jest pozostanie w kontakcie z krajem goszcz\u0105cym i nowymi przyjaci\u00f3\u0142mi, ale tak\u017ce wzi\u0119cie udzia\u0142u w naszych spotkaniach informacyjnych dla nowych student\u00f3w i innych os\u00f3b, zostaj\u0105c ambasadorem STS.<\/p>\n\n<p>Mo\u017cesz r\u00f3wnie\u017c pracowa\u0107 jako Lokalny Koordynator, a mo\u017ce chcesz pracowa\u0107 z nami w STS i da\u0107 wi\u0119kszej liczbie os\u00f3b szans\u0119 na podr\u00f3\u017c \u017cycia? Tutaj mo\u017cesz sprawdzi\u0107 dost\u0119pne <a href=\"https:\/\/www.sts-education.com\/pl\/o-sts\/kariera\/\">oferty pracy<\/a> i mo\u017cliwo\u015b\u0107 odbycia u nas sta\u017cu.<\/p>\n\n<p><strong>I pami\u0119taj: &#8222;Nie p\u0142acz, bo to ju\u017c koniec &#8211; u\u015bmiechnij si\u0119, bo to si\u0119 wydarzy\u0142o&#8221;<\/strong>.<\/p>\n\n<h2>Twoja opinia jest dla nas wa\u017cna!<\/h2>\n\n<p>Chcieliby\u015bmy wiedzie\u0107, jak wygl\u0105da\u0142 Tw\u00f3j rok za granic\u0105, a Twoje opinie s\u0105 dla nas wa\u017cne. Po powrocie do domu otrzymasz od nas wiadomo\u015b\u0107 e-mail z kilkoma pytaniami dotycz\u0105cymi Twoich do\u015bwiadcze\u0144. Twoje komentarze s\u0105 dla nas bardzo cenne i chcemy by\u0107 w stanie udoskonali\u0107 i poprawi\u0107 to, co robimy, co przyniesie korzy\u015bci przysz\u0142ym studentom z wymiany.<\/p>\n<\/div><\/div><\/div>\n","protected":false},"excerpt":{"rendered":"","protected":false},"author":20,"featured_media":16105,"parent":10158,"menu_order":0,"comment_status":"closed","ping_status":"closed","template":"templates\/template-default-with-breadcrumbs.php","meta":{"_acf_changed":false,"sts_page_background_color":"","footnotes":""},"wpw_page_folders":[83],"class_list":["post-10179","page","type-page","status-publish","has-post-thumbnail","hentry"],"acf":[],"yoast_head":"<!-- This site is optimized with the Yoast SEO Premium plugin v27.2 (Yoast SEO v27.3) - https:\/\/yoast.com\/product\/yoast-seo-premium-wordpress\/ -->\n<title>Kiedy powr\u00f3cisz po rocznej wymianie | STS<\/title>\n<meta name=\"description\" content=\"Niekt\u00f3rzy studenci do\u015bwiadczaj\u0105 pewnego rodzaju odwrotnego szoku kulturowego, gdy s\u0105 w domu, t\u0119skni\u0105c za rodzin\u0105 goszcz\u0105c\u0105 i kultur\u0105 kraju goszcz\u0105cego.\" \/>\n<meta name=\"robots\" content=\"index, follow, max-snippet:-1, max-image-preview:large, max-video-preview:-1\" \/>\n<link rel=\"canonical\" href=\"https:\/\/www.sts-education.com\/pl\/szkola-srednia\/podczas-rocznej-wymiany\/powrot-do-domu\/\" \/>\n<meta property=\"og:locale\" content=\"pl_PL\" \/>\n<meta property=\"og:type\" content=\"article\" \/>\n<meta property=\"og:title\" content=\"Powrot Do Domu\" \/>\n<meta property=\"og:description\" content=\"Niekt\u00f3rzy studenci do\u015bwiadczaj\u0105 pewnego rodzaju odwrotnego szoku kulturowego, gdy s\u0105 w domu, t\u0119skni\u0105c za rodzin\u0105 goszcz\u0105c\u0105 i kultur\u0105 kraju goszcz\u0105cego.\" \/>\n<meta property=\"og:url\" content=\"https:\/\/www.sts-education.com\/pl\/szkola-srednia\/podczas-rocznej-wymiany\/powrot-do-domu\/\" \/>\n<meta property=\"og:site_name\" content=\"STS Education\" \/>\n<meta property=\"article:modified_time\" content=\"2026-04-14T09:58:41+00:00\" \/>\n<meta property=\"og:image\" content=\"https:\/\/powered-by.qbank.se\/educatius\/sts\/\/282984b385d80166ba0d4f32a7843f53_1-1-thumb.webp\" \/>\n\t<meta property=\"og:image:width\" content=\"150\" \/>\n\t<meta property=\"og:image:height\" content=\"150\" \/>\n\t<meta property=\"og:image:type\" content=\"image\/jpeg\" \/>\n<meta name=\"twitter:card\" content=\"summary_large_image\" \/>\n<meta name=\"twitter:label1\" content=\"Szacowany czas czytania\" \/>\n\t<meta name=\"twitter:data1\" content=\"1 minuta\" \/>\n<script type=\"application\/ld+json\" class=\"yoast-schema-graph\">{\"@context\":\"https:\\\/\\\/schema.org\",\"@graph\":[{\"@type\":\"WebPage\",\"@id\":\"https:\\\/\\\/www.sts-education.com\\\/pl\\\/szkola-srednia\\\/podczas-rocznej-wymiany\\\/powrot-do-domu\\\/\",\"url\":\"https:\\\/\\\/www.sts-education.com\\\/pl\\\/szkola-srednia\\\/podczas-rocznej-wymiany\\\/powrot-do-domu\\\/\",\"name\":\"Kiedy powr\u00f3cisz po rocznej wymianie | STS\",\"isPartOf\":{\"@id\":\"https:\\\/\\\/www.sts-education.com\\\/pl\\\/#website\"},\"primaryImageOfPage\":{\"@id\":\"https:\\\/\\\/www.sts-education.com\\\/pl\\\/szkola-srednia\\\/podczas-rocznej-wymiany\\\/powrot-do-domu\\\/#primaryimage\"},\"image\":{\"@id\":\"https:\\\/\\\/www.sts-education.com\\\/pl\\\/szkola-srednia\\\/podczas-rocznej-wymiany\\\/powrot-do-domu\\\/#primaryimage\"},\"thumbnailUrl\":\"https:\\\/\\\/powered-by.qbank.se\\\/educatius\\\/sts\\\/\\\/282984b385d80166ba0d4f32a7843f53_1-1-thumb.webp\",\"datePublished\":\"2025-12-16T10:16:36+00:00\",\"dateModified\":\"2026-04-14T09:58:41+00:00\",\"description\":\"Niekt\u00f3rzy studenci do\u015bwiadczaj\u0105 pewnego rodzaju odwrotnego szoku kulturowego, gdy s\u0105 w domu, t\u0119skni\u0105c za rodzin\u0105 goszcz\u0105c\u0105 i kultur\u0105 kraju goszcz\u0105cego.\",\"breadcrumb\":{\"@id\":\"https:\\\/\\\/www.sts-education.com\\\/pl\\\/szkola-srednia\\\/podczas-rocznej-wymiany\\\/powrot-do-domu\\\/#breadcrumb\"},\"inLanguage\":\"pl-PL\",\"potentialAction\":[{\"@type\":\"ReadAction\",\"target\":[\"https:\\\/\\\/www.sts-education.com\\\/pl\\\/szkola-srednia\\\/podczas-rocznej-wymiany\\\/powrot-do-domu\\\/\"]}]},{\"@type\":\"ImageObject\",\"inLanguage\":\"pl-PL\",\"@id\":\"https:\\\/\\\/www.sts-education.com\\\/pl\\\/szkola-srednia\\\/podczas-rocznej-wymiany\\\/powrot-do-domu\\\/#primaryimage\",\"url\":\"https:\\\/\\\/powered-by.qbank.se\\\/educatius\\\/sts\\\/\\\/282984b385d80166ba0d4f32a7843f53_1-1-thumb.webp\",\"contentUrl\":\"https:\\\/\\\/powered-by.qbank.se\\\/educatius\\\/sts\\\/\\\/282984b385d80166ba0d4f32a7843f53_1-1-thumb.webp\",\"width\":150,\"height\":150},{\"@type\":\"BreadcrumbList\",\"@id\":\"https:\\\/\\\/www.sts-education.com\\\/pl\\\/szkola-srednia\\\/podczas-rocznej-wymiany\\\/powrot-do-domu\\\/#breadcrumb\",\"itemListElement\":[{\"@type\":\"ListItem\",\"position\":1,\"name\":\"Home\",\"item\":\"https:\\\/\\\/www.sts-education.com\\\/pl\\\/\"},{\"@type\":\"ListItem\",\"position\":2,\"name\":\"High school\",\"item\":\"https:\\\/\\\/www.sts-education.com\\\/pl\\\/szkola-srednia\\\/\"},{\"@type\":\"ListItem\",\"position\":3,\"name\":\"Podczas Rocznej Wymiany\",\"item\":\"https:\\\/\\\/www.sts-education.com\\\/pl\\\/szkola-srednia\\\/podczas-rocznej-wymiany\\\/\"},{\"@type\":\"ListItem\",\"position\":4,\"name\":\"Powrot Do Domu\"}]},{\"@type\":\"WebSite\",\"@id\":\"https:\\\/\\\/www.sts-education.com\\\/pl\\\/#website\",\"url\":\"https:\\\/\\\/www.sts-education.com\\\/pl\\\/\",\"name\":\"STS Education\",\"description\":\"\",\"potentialAction\":[{\"@type\":\"SearchAction\",\"target\":{\"@type\":\"EntryPoint\",\"urlTemplate\":\"https:\\\/\\\/www.sts-education.com\\\/pl\\\/?s={search_term_string}\"},\"query-input\":{\"@type\":\"PropertyValueSpecification\",\"valueRequired\":true,\"valueName\":\"search_term_string\"}}],\"inLanguage\":\"pl-PL\"}]}<\/script>\n<!-- \/ Yoast SEO Premium plugin. -->","yoast_head_json":{"title":"Kiedy powr\u00f3cisz po rocznej wymianie | STS","description":"Niekt\u00f3rzy studenci do\u015bwiadczaj\u0105 pewnego rodzaju odwrotnego szoku kulturowego, gdy s\u0105 w domu, t\u0119skni\u0105c za rodzin\u0105 goszcz\u0105c\u0105 i kultur\u0105 kraju goszcz\u0105cego.","robots":{"index":"index","follow":"follow","max-snippet":"max-snippet:-1","max-image-preview":"max-image-preview:large","max-video-preview":"max-video-preview:-1"},"canonical":"https:\/\/www.sts-education.com\/pl\/szkola-srednia\/podczas-rocznej-wymiany\/powrot-do-domu\/","og_locale":"pl_PL","og_type":"article","og_title":"Powrot Do Domu","og_description":"Niekt\u00f3rzy studenci do\u015bwiadczaj\u0105 pewnego rodzaju odwrotnego szoku kulturowego, gdy s\u0105 w domu, t\u0119skni\u0105c za rodzin\u0105 goszcz\u0105c\u0105 i kultur\u0105 kraju goszcz\u0105cego.","og_url":"https:\/\/www.sts-education.com\/pl\/szkola-srednia\/podczas-rocznej-wymiany\/powrot-do-domu\/","og_site_name":"STS Education","article_modified_time":"2026-04-14T09:58:41+00:00","og_image":[{"width":150,"height":150,"url":"https:\/\/powered-by.qbank.se\/educatius\/sts\/\/282984b385d80166ba0d4f32a7843f53_1-1-thumb.webp","type":"image\/jpeg"}],"twitter_card":"summary_large_image","twitter_misc":{"Szacowany czas czytania":"1 minuta"},"schema":{"@context":"https:\/\/schema.org","@graph":[{"@type":"WebPage","@id":"https:\/\/www.sts-education.com\/pl\/szkola-srednia\/podczas-rocznej-wymiany\/powrot-do-domu\/","url":"https:\/\/www.sts-education.com\/pl\/szkola-srednia\/podczas-rocznej-wymiany\/powrot-do-domu\/","name":"Kiedy powr\u00f3cisz po rocznej wymianie | STS","isPartOf":{"@id":"https:\/\/www.sts-education.com\/pl\/#website"},"primaryImageOfPage":{"@id":"https:\/\/www.sts-education.com\/pl\/szkola-srednia\/podczas-rocznej-wymiany\/powrot-do-domu\/#primaryimage"},"image":{"@id":"https:\/\/www.sts-education.com\/pl\/szkola-srednia\/podczas-rocznej-wymiany\/powrot-do-domu\/#primaryimage"},"thumbnailUrl":"https:\/\/powered-by.qbank.se\/educatius\/sts\/\/282984b385d80166ba0d4f32a7843f53_1-1-thumb.webp","datePublished":"2025-12-16T10:16:36+00:00","dateModified":"2026-04-14T09:58:41+00:00","description":"Niekt\u00f3rzy studenci do\u015bwiadczaj\u0105 pewnego rodzaju odwrotnego szoku kulturowego, gdy s\u0105 w domu, t\u0119skni\u0105c za rodzin\u0105 goszcz\u0105c\u0105 i kultur\u0105 kraju goszcz\u0105cego.","breadcrumb":{"@id":"https:\/\/www.sts-education.com\/pl\/szkola-srednia\/podczas-rocznej-wymiany\/powrot-do-domu\/#breadcrumb"},"inLanguage":"pl-PL","potentialAction":[{"@type":"ReadAction","target":["https:\/\/www.sts-education.com\/pl\/szkola-srednia\/podczas-rocznej-wymiany\/powrot-do-domu\/"]}]},{"@type":"ImageObject","inLanguage":"pl-PL","@id":"https:\/\/www.sts-education.com\/pl\/szkola-srednia\/podczas-rocznej-wymiany\/powrot-do-domu\/#primaryimage","url":"https:\/\/powered-by.qbank.se\/educatius\/sts\/\/282984b385d80166ba0d4f32a7843f53_1-1-thumb.webp","contentUrl":"https:\/\/powered-by.qbank.se\/educatius\/sts\/\/282984b385d80166ba0d4f32a7843f53_1-1-thumb.webp","width":150,"height":150},{"@type":"BreadcrumbList","@id":"https:\/\/www.sts-education.com\/pl\/szkola-srednia\/podczas-rocznej-wymiany\/powrot-do-domu\/#breadcrumb","itemListElement":[{"@type":"ListItem","position":1,"name":"Home","item":"https:\/\/www.sts-education.com\/pl\/"},{"@type":"ListItem","position":2,"name":"High school","item":"https:\/\/www.sts-education.com\/pl\/szkola-srednia\/"},{"@type":"ListItem","position":3,"name":"Podczas Rocznej Wymiany","item":"https:\/\/www.sts-education.com\/pl\/szkola-srednia\/podczas-rocznej-wymiany\/"},{"@type":"ListItem","position":4,"name":"Powrot Do Domu"}]},{"@type":"WebSite","@id":"https:\/\/www.sts-education.com\/pl\/#website","url":"https:\/\/www.sts-education.com\/pl\/","name":"STS Education","description":"","potentialAction":[{"@type":"SearchAction","target":{"@type":"EntryPoint","urlTemplate":"https:\/\/www.sts-education.com\/pl\/?s={search_term_string}"},"query-input":{"@type":"PropertyValueSpecification","valueRequired":true,"valueName":"search_term_string"}}],"inLanguage":"pl-PL"}]}},"_links":{"self":[{"href":"https:\/\/www.sts-education.com\/pl\/wp-json\/wp\/v2\/pages\/10179","targetHints":{"allow":["GET"]}}],"collection":[{"href":"https:\/\/www.sts-education.com\/pl\/wp-json\/wp\/v2\/pages"}],"about":[{"href":"https:\/\/www.sts-education.com\/pl\/wp-json\/wp\/v2\/types\/page"}],"author":[{"embeddable":true,"href":"https:\/\/www.sts-education.com\/pl\/wp-json\/wp\/v2\/users\/20"}],"replies":[{"embeddable":true,"href":"https:\/\/www.sts-education.com\/pl\/wp-json\/wp\/v2\/comments?post=10179"}],"version-history":[{"count":4,"href":"https:\/\/www.sts-education.com\/pl\/wp-json\/wp\/v2\/pages\/10179\/revisions"}],"predecessor-version":[{"id":33458,"href":"https:\/\/www.sts-education.com\/pl\/wp-json\/wp\/v2\/pages\/10179\/revisions\/33458"}],"up":[{"embeddable":true,"href":"https:\/\/www.sts-education.com\/pl\/wp-json\/wp\/v2\/pages\/10158"}],"wp:featuredmedia":[{"embeddable":true,"href":"https:\/\/www.sts-education.com\/pl\/wp-json\/wp\/v2\/media\/16105"}],"wp:attachment":[{"href":"https:\/\/www.sts-education.com\/pl\/wp-json\/wp\/v2\/media?parent=10179"}],"wp:term":[{"taxonomy":"wpw_page_folders","embeddable":true,"href":"https:\/\/www.sts-education.com\/pl\/wp-json\/wp\/v2\/wpw_page_folders?post=10179"}],"curies":[{"name":"wp","href":"https:\/\/api.w.org\/{rel}","templated":true}]}}