{"id":10181,"date":"2025-12-16T10:13:17","date_gmt":"2025-12-16T10:13:17","guid":{"rendered":"https:\/\/preprod.sts-education.com\/szkola-srednia\/podczas-rocznej-wymiany\/welcome-camp\/"},"modified":"2026-04-01T01:28:27","modified_gmt":"2026-04-01T01:28:27","slug":"welcome-camp","status":"publish","type":"page","link":"https:\/\/www.sts-education.com\/pl\/szkola-srednia\/podczas-rocznej-wymiany\/welcome-camp\/","title":{"rendered":"Welcome Camp"},"content":{"rendered":"\n<section class=\"wp-block-sts-hero sts-block-hero is-variant-full-background has-text-light has-background-media\" style=\"--sts-hero-padding-mobile:0px;--sts-hero-padding-desktop:0px;--sts-hero-text-color:var(--wp--preset--color--base-10, #fff);\" data-variant=\"full-background\"><div class=\"sts-block-hero__background\"><picture class=\"sts-responsive-image has-fit-cover is-skeleton\"><img src=\"https:\/\/cdn.sts-education.com\/12570_hero_lg_xl.jpg\" alt=\"Welcome Camp jest wliczony w cen\u0119\" loading=\"lazy\" decoding=\"async\" fetchpriority=\"low\" sizes=\"100vw\" \/><\/picture><span class=\"sts-block-hero__overlay\" aria-hidden=\"true\"><\/span><\/div><div class=\"sts-block-hero__inner\"><div class=\"sts-block-hero__content has-align-center\"><div class=\"sts-block-hero__content-inner\"><h1 class=\"sts-block-hero__heading\">Welcome Camp jest wliczony w cen\u0119<\/h1><\/div><\/div><\/div><\/section>\n\n\n\n<div class=\"wp-block-sts-text sts-text-editor has-max-width-md\"><div class=\"sts-text-editor__content\"><div class=\"sts-text-editor__content-inner\">\n<p>Aby zapewni\u0107 Ci idealne wprowadzenie, Tw\u00f3j rok za granic\u0105 rozpoczyna si\u0119 w prawie wszystkich miejscach docelowych od STS Welcome Camp, kt\u00f3ry jest wliczony w op\u0142aty za program. Jest to swego rodzaju &#8222;mi\u0119kkie l\u0105dowanie&#8221;, podczas kt\u00f3rego mo\u017cna pozna\u0107 innych student\u00f3w STS i dowiedzie\u0107 si\u0119, czego mo\u017cna si\u0119 spodziewa\u0107 po rozpoczynaj\u0105cej si\u0119 przygodzie. Daje to najlepszy mo\u017cliwy pocz\u0105tek nowej przygody, z szans\u0105 na poznanie wielu innych student\u00f3w z ca\u0142ego \u015bwiata, kt\u00f3rzy r\u00f3wnie\u017c rozpoczynaj\u0105 rok za granic\u0105.<\/p>\n\n<p>Nasze obozy powitalne odbywaj\u0105 si\u0119 w znanych, wi\u0119kszych miastach i trwaj\u0105 kilka dni. Kraj i miasto, w kt\u00f3rym odbywa si\u0119 ob\u00f3z, zale\u017cy od tego, gdzie sp\u0119dzasz rok za granic\u0105. Mo\u017cesz by\u0107 jednak pewien, \u017ce we\u017amiesz udzia\u0142 w interesuj\u0105cych warsztatach i zabawnych zaj\u0119ciach na r\u00f3\u017cne tematy, kt\u00f3re mog\u0105 by\u0107 dla Ciebie pomocne podczas wymiany. Na przyk\u0142ad, jak radzi\u0107 sobie z t\u0119sknot\u0105 za domem, jak to jest przystosowa\u0107 si\u0119 do nowego domu, co zrobi\u0107, je\u015bli potrzebujesz pomocy lub wsparcia i nie tylko.<\/p>\n\n<p>Poznasz miasto, w kt\u00f3rym si\u0119 znajdujesz, zwiedzaj\u0105c je i odwiedzaj\u0105c kilka znanych miejsc. Wszystko to zrobisz razem z innymi studentami STS, kt\u00f3rzy r\u00f3wnie\u017c dopiero rozpoczynaj\u0105 swoj\u0105 przygod\u0119. B\u0119dzie to wspomnienie na ca\u0142e \u017cycie i jest to idealny spos\u00f3b na rozpocz\u0119cie roku za granic\u0105. Po obozie powitalnym STS jeste\u015b gotowy do podr\u00f3\u017cy do miejsca docelowego, poznania rodziny goszcz\u0105cej i poczucia si\u0119 jak w domu.<\/p>\n\n<p>Przeczytaj wi\u0119cej o naszych obozach powitalnych w <a href=\"\/pl\/high-school\/tripfinder\/?q=\">ka\u017cdym kraju<\/a><\/p>\n<\/div><\/div><\/div>\n\n\n\n<figure class=\"wp-block-sts-image sts-block-image sts-block-image--count-1 has-max-width-md\" data-count=\"1\"><div class=\"sts-block-image__grid\"><div class=\"sts-block-image__item\"><picture class=\"sts-responsive-image has-fit-cover has-pos-top is-skeleton\"><img src=\"https:\/\/cdn.sts-education.com\/13063_hero_md.jpg\" alt=\"Welcome Camp jest wliczony w cen\u0119\" loading=\"lazy\" decoding=\"async\" fetchpriority=\"low\" sizes=\"(max-width: 736px) 100vw, 736px\"\/><\/picture><\/div><\/div><\/figure>\n\n\n\n<div class=\"wp-block-sts-text sts-text-editor has-max-width-md\"><div class=\"sts-text-editor__content\"><div class=\"sts-text-editor__content-inner\">\n<p><em>&quot;Ob\u00f3z powitalny by\u0142 absolutnie jednym z najwa\u017cniejszych wydarze\u0144 i fantastycznym pocz\u0105tkiem mojego roku jako studenta z wymiany. Nadal utrzymuj\u0119 kontakt z wieloma osobami z obozu. Wszystkie zaj\u0119cia pomog\u0142y mi poczu\u0107 si\u0119 znacznie lepiej przygotowanym na ca\u0142y rok. Bez w\u0105tpienia, gdybym mia\u0142a okazj\u0119, prze\u017cy\u0142abym te dni jeszcze raz!&quot;<\/em><\/p>\n<p><em>Jessica ze Szwajcarii uczestniczy\u0142a w STS Welcome Camp w Nowym Jorku.<\/em><\/p>\n<\/div><\/div><\/div>\n\n","protected":false},"excerpt":{"rendered":"","protected":false},"author":20,"featured_media":16109,"parent":10158,"menu_order":0,"comment_status":"closed","ping_status":"closed","template":"templates\/template-default-with-breadcrumbs.php","meta":{"_acf_changed":false,"sts_page_background_color":"","footnotes":""},"wpw_page_folders":[83],"class_list":["post-10181","page","type-page","status-publish","has-post-thumbnail","hentry"],"acf":[],"yoast_head":"<!-- This site is optimized with the Yoast SEO Premium plugin v27.2 (Yoast SEO v27.3) - https:\/\/yoast.com\/product\/yoast-seo-premium-wordpress\/ -->\n<title>Rozpocznij rok wymiany od obozu powitalnego | STS<\/title>\n<meta name=\"description\" content=\"Rozpocznij rok wymiany od naszego obozu powitalnego. Spotkaj si\u0119 z innymi osobami wybieraj\u0105cymi si\u0119 w t\u0119 sam\u0105 podr\u00f3\u017c i uzyskaj wi\u0119cej informacji na temat tego, czego mo\u017cesz si\u0119 spodziewa\u0107.\" \/>\n<meta name=\"robots\" content=\"index, follow, max-snippet:-1, max-image-preview:large, max-video-preview:-1\" \/>\n<link rel=\"canonical\" href=\"https:\/\/www.sts-education.com\/pl\/szkola-srednia\/podczas-rocznej-wymiany\/welcome-camp\/\" \/>\n<meta property=\"og:locale\" content=\"pl_PL\" \/>\n<meta property=\"og:type\" content=\"article\" \/>\n<meta property=\"og:title\" content=\"Welcome Camp\" \/>\n<meta property=\"og:description\" content=\"Rozpocznij rok wymiany od naszego obozu powitalnego. Spotkaj si\u0119 z innymi osobami wybieraj\u0105cymi si\u0119 w t\u0119 sam\u0105 podr\u00f3\u017c i uzyskaj wi\u0119cej informacji na temat tego, czego mo\u017cesz si\u0119 spodziewa\u0107.\" \/>\n<meta property=\"og:url\" content=\"https:\/\/www.sts-education.com\/pl\/szkola-srednia\/podczas-rocznej-wymiany\/welcome-camp\/\" \/>\n<meta property=\"og:site_name\" content=\"STS Education\" \/>\n<meta property=\"article:modified_time\" content=\"2026-04-01T01:28:27+00:00\" \/>\n<meta property=\"og:image\" content=\"https:\/\/powered-by.qbank.se\/educatius\/sts\/\/97cdc9382a1d068b806b8d3eacbd0cae_1-1-thumb.webp\" \/>\n\t<meta property=\"og:image:width\" content=\"150\" \/>\n\t<meta property=\"og:image:height\" content=\"150\" \/>\n\t<meta property=\"og:image:type\" content=\"image\/jpeg\" \/>\n<meta name=\"twitter:card\" content=\"summary_large_image\" \/>\n<meta name=\"twitter:label1\" content=\"Szacowany czas czytania\" \/>\n\t<meta name=\"twitter:data1\" content=\"2 minuty\" \/>\n<script type=\"application\/ld+json\" class=\"yoast-schema-graph\">{\"@context\":\"https:\\\/\\\/schema.org\",\"@graph\":[{\"@type\":\"WebPage\",\"@id\":\"https:\\\/\\\/www.sts-education.com\\\/pl\\\/szkola-srednia\\\/podczas-rocznej-wymiany\\\/welcome-camp\\\/\",\"url\":\"https:\\\/\\\/www.sts-education.com\\\/pl\\\/szkola-srednia\\\/podczas-rocznej-wymiany\\\/welcome-camp\\\/\",\"name\":\"Rozpocznij rok wymiany od obozu powitalnego | STS\",\"isPartOf\":{\"@id\":\"https:\\\/\\\/www.sts-education.com\\\/pl\\\/#website\"},\"primaryImageOfPage\":{\"@id\":\"https:\\\/\\\/www.sts-education.com\\\/pl\\\/szkola-srednia\\\/podczas-rocznej-wymiany\\\/welcome-camp\\\/#primaryimage\"},\"image\":{\"@id\":\"https:\\\/\\\/www.sts-education.com\\\/pl\\\/szkola-srednia\\\/podczas-rocznej-wymiany\\\/welcome-camp\\\/#primaryimage\"},\"thumbnailUrl\":\"https:\\\/\\\/powered-by.qbank.se\\\/educatius\\\/sts\\\/\\\/97cdc9382a1d068b806b8d3eacbd0cae_1-1-thumb.webp\",\"datePublished\":\"2025-12-16T10:13:17+00:00\",\"dateModified\":\"2026-04-01T01:28:27+00:00\",\"description\":\"Rozpocznij rok wymiany od naszego obozu powitalnego. Spotkaj si\u0119 z innymi osobami wybieraj\u0105cymi si\u0119 w t\u0119 sam\u0105 podr\u00f3\u017c i uzyskaj wi\u0119cej informacji na temat tego, czego mo\u017cesz si\u0119 spodziewa\u0107.\",\"breadcrumb\":{\"@id\":\"https:\\\/\\\/www.sts-education.com\\\/pl\\\/szkola-srednia\\\/podczas-rocznej-wymiany\\\/welcome-camp\\\/#breadcrumb\"},\"inLanguage\":\"pl-PL\",\"potentialAction\":[{\"@type\":\"ReadAction\",\"target\":[\"https:\\\/\\\/www.sts-education.com\\\/pl\\\/szkola-srednia\\\/podczas-rocznej-wymiany\\\/welcome-camp\\\/\"]}]},{\"@type\":\"ImageObject\",\"inLanguage\":\"pl-PL\",\"@id\":\"https:\\\/\\\/www.sts-education.com\\\/pl\\\/szkola-srednia\\\/podczas-rocznej-wymiany\\\/welcome-camp\\\/#primaryimage\",\"url\":\"https:\\\/\\\/powered-by.qbank.se\\\/educatius\\\/sts\\\/\\\/97cdc9382a1d068b806b8d3eacbd0cae_1-1-thumb.webp\",\"contentUrl\":\"https:\\\/\\\/powered-by.qbank.se\\\/educatius\\\/sts\\\/\\\/97cdc9382a1d068b806b8d3eacbd0cae_1-1-thumb.webp\",\"width\":150,\"height\":150},{\"@type\":\"BreadcrumbList\",\"@id\":\"https:\\\/\\\/www.sts-education.com\\\/pl\\\/szkola-srednia\\\/podczas-rocznej-wymiany\\\/welcome-camp\\\/#breadcrumb\",\"itemListElement\":[{\"@type\":\"ListItem\",\"position\":1,\"name\":\"Home\",\"item\":\"https:\\\/\\\/www.sts-education.com\\\/pl\\\/\"},{\"@type\":\"ListItem\",\"position\":2,\"name\":\"High school\",\"item\":\"https:\\\/\\\/www.sts-education.com\\\/pl\\\/szkola-srednia\\\/\"},{\"@type\":\"ListItem\",\"position\":3,\"name\":\"Podczas Rocznej Wymiany\",\"item\":\"https:\\\/\\\/www.sts-education.com\\\/pl\\\/szkola-srednia\\\/podczas-rocznej-wymiany\\\/\"},{\"@type\":\"ListItem\",\"position\":4,\"name\":\"Welcome Camp\"}]},{\"@type\":\"WebSite\",\"@id\":\"https:\\\/\\\/www.sts-education.com\\\/pl\\\/#website\",\"url\":\"https:\\\/\\\/www.sts-education.com\\\/pl\\\/\",\"name\":\"STS Education\",\"description\":\"\",\"potentialAction\":[{\"@type\":\"SearchAction\",\"target\":{\"@type\":\"EntryPoint\",\"urlTemplate\":\"https:\\\/\\\/www.sts-education.com\\\/pl\\\/?s={search_term_string}\"},\"query-input\":{\"@type\":\"PropertyValueSpecification\",\"valueRequired\":true,\"valueName\":\"search_term_string\"}}],\"inLanguage\":\"pl-PL\"}]}<\/script>\n<!-- \/ Yoast SEO Premium plugin. -->","yoast_head_json":{"title":"Rozpocznij rok wymiany od obozu powitalnego | STS","description":"Rozpocznij rok wymiany od naszego obozu powitalnego. Spotkaj si\u0119 z innymi osobami wybieraj\u0105cymi si\u0119 w t\u0119 sam\u0105 podr\u00f3\u017c i uzyskaj wi\u0119cej informacji na temat tego, czego mo\u017cesz si\u0119 spodziewa\u0107.","robots":{"index":"index","follow":"follow","max-snippet":"max-snippet:-1","max-image-preview":"max-image-preview:large","max-video-preview":"max-video-preview:-1"},"canonical":"https:\/\/www.sts-education.com\/pl\/szkola-srednia\/podczas-rocznej-wymiany\/welcome-camp\/","og_locale":"pl_PL","og_type":"article","og_title":"Welcome Camp","og_description":"Rozpocznij rok wymiany od naszego obozu powitalnego. Spotkaj si\u0119 z innymi osobami wybieraj\u0105cymi si\u0119 w t\u0119 sam\u0105 podr\u00f3\u017c i uzyskaj wi\u0119cej informacji na temat tego, czego mo\u017cesz si\u0119 spodziewa\u0107.","og_url":"https:\/\/www.sts-education.com\/pl\/szkola-srednia\/podczas-rocznej-wymiany\/welcome-camp\/","og_site_name":"STS Education","article_modified_time":"2026-04-01T01:28:27+00:00","og_image":[{"width":150,"height":150,"url":"https:\/\/powered-by.qbank.se\/educatius\/sts\/\/97cdc9382a1d068b806b8d3eacbd0cae_1-1-thumb.webp","type":"image\/jpeg"}],"twitter_card":"summary_large_image","twitter_misc":{"Szacowany czas czytania":"2 minuty"},"schema":{"@context":"https:\/\/schema.org","@graph":[{"@type":"WebPage","@id":"https:\/\/www.sts-education.com\/pl\/szkola-srednia\/podczas-rocznej-wymiany\/welcome-camp\/","url":"https:\/\/www.sts-education.com\/pl\/szkola-srednia\/podczas-rocznej-wymiany\/welcome-camp\/","name":"Rozpocznij rok wymiany od obozu powitalnego | STS","isPartOf":{"@id":"https:\/\/www.sts-education.com\/pl\/#website"},"primaryImageOfPage":{"@id":"https:\/\/www.sts-education.com\/pl\/szkola-srednia\/podczas-rocznej-wymiany\/welcome-camp\/#primaryimage"},"image":{"@id":"https:\/\/www.sts-education.com\/pl\/szkola-srednia\/podczas-rocznej-wymiany\/welcome-camp\/#primaryimage"},"thumbnailUrl":"https:\/\/powered-by.qbank.se\/educatius\/sts\/\/97cdc9382a1d068b806b8d3eacbd0cae_1-1-thumb.webp","datePublished":"2025-12-16T10:13:17+00:00","dateModified":"2026-04-01T01:28:27+00:00","description":"Rozpocznij rok wymiany od naszego obozu powitalnego. Spotkaj si\u0119 z innymi osobami wybieraj\u0105cymi si\u0119 w t\u0119 sam\u0105 podr\u00f3\u017c i uzyskaj wi\u0119cej informacji na temat tego, czego mo\u017cesz si\u0119 spodziewa\u0107.","breadcrumb":{"@id":"https:\/\/www.sts-education.com\/pl\/szkola-srednia\/podczas-rocznej-wymiany\/welcome-camp\/#breadcrumb"},"inLanguage":"pl-PL","potentialAction":[{"@type":"ReadAction","target":["https:\/\/www.sts-education.com\/pl\/szkola-srednia\/podczas-rocznej-wymiany\/welcome-camp\/"]}]},{"@type":"ImageObject","inLanguage":"pl-PL","@id":"https:\/\/www.sts-education.com\/pl\/szkola-srednia\/podczas-rocznej-wymiany\/welcome-camp\/#primaryimage","url":"https:\/\/powered-by.qbank.se\/educatius\/sts\/\/97cdc9382a1d068b806b8d3eacbd0cae_1-1-thumb.webp","contentUrl":"https:\/\/powered-by.qbank.se\/educatius\/sts\/\/97cdc9382a1d068b806b8d3eacbd0cae_1-1-thumb.webp","width":150,"height":150},{"@type":"BreadcrumbList","@id":"https:\/\/www.sts-education.com\/pl\/szkola-srednia\/podczas-rocznej-wymiany\/welcome-camp\/#breadcrumb","itemListElement":[{"@type":"ListItem","position":1,"name":"Home","item":"https:\/\/www.sts-education.com\/pl\/"},{"@type":"ListItem","position":2,"name":"High school","item":"https:\/\/www.sts-education.com\/pl\/szkola-srednia\/"},{"@type":"ListItem","position":3,"name":"Podczas Rocznej Wymiany","item":"https:\/\/www.sts-education.com\/pl\/szkola-srednia\/podczas-rocznej-wymiany\/"},{"@type":"ListItem","position":4,"name":"Welcome Camp"}]},{"@type":"WebSite","@id":"https:\/\/www.sts-education.com\/pl\/#website","url":"https:\/\/www.sts-education.com\/pl\/","name":"STS Education","description":"","potentialAction":[{"@type":"SearchAction","target":{"@type":"EntryPoint","urlTemplate":"https:\/\/www.sts-education.com\/pl\/?s={search_term_string}"},"query-input":{"@type":"PropertyValueSpecification","valueRequired":true,"valueName":"search_term_string"}}],"inLanguage":"pl-PL"}]}},"_links":{"self":[{"href":"https:\/\/www.sts-education.com\/pl\/wp-json\/wp\/v2\/pages\/10181","targetHints":{"allow":["GET"]}}],"collection":[{"href":"https:\/\/www.sts-education.com\/pl\/wp-json\/wp\/v2\/pages"}],"about":[{"href":"https:\/\/www.sts-education.com\/pl\/wp-json\/wp\/v2\/types\/page"}],"author":[{"embeddable":true,"href":"https:\/\/www.sts-education.com\/pl\/wp-json\/wp\/v2\/users\/20"}],"replies":[{"embeddable":true,"href":"https:\/\/www.sts-education.com\/pl\/wp-json\/wp\/v2\/comments?post=10181"}],"version-history":[{"count":2,"href":"https:\/\/www.sts-education.com\/pl\/wp-json\/wp\/v2\/pages\/10181\/revisions"}],"predecessor-version":[{"id":20129,"href":"https:\/\/www.sts-education.com\/pl\/wp-json\/wp\/v2\/pages\/10181\/revisions\/20129"}],"up":[{"embeddable":true,"href":"https:\/\/www.sts-education.com\/pl\/wp-json\/wp\/v2\/pages\/10158"}],"wp:featuredmedia":[{"embeddable":true,"href":"https:\/\/www.sts-education.com\/pl\/wp-json\/wp\/v2\/media\/16109"}],"wp:attachment":[{"href":"https:\/\/www.sts-education.com\/pl\/wp-json\/wp\/v2\/media?parent=10181"}],"wp:term":[{"taxonomy":"wpw_page_folders","embeddable":true,"href":"https:\/\/www.sts-education.com\/pl\/wp-json\/wp\/v2\/wpw_page_folders?post=10181"}],"curies":[{"name":"wp","href":"https:\/\/api.w.org\/{rel}","templated":true}]}}