{"id":10182,"date":"2025-12-16T10:14:43","date_gmt":"2025-12-16T10:14:43","guid":{"rendered":"https:\/\/preprod.sts-education.com\/szkola-srednia\/podczas-rocznej-wymiany\/zycie-w-innym-kraju\/"},"modified":"2026-04-01T01:28:58","modified_gmt":"2026-04-01T01:28:58","slug":"zycie-w-innym-kraju","status":"publish","type":"page","link":"https:\/\/www.sts-education.com\/pl\/szkola-srednia\/podczas-rocznej-wymiany\/zycie-w-innym-kraju\/","title":{"rendered":"Zycie W Innym Kraju"},"content":{"rendered":"\n<section class=\"wp-block-sts-hero sts-block-hero is-variant-full-background has-text-light has-background-media\" style=\"--sts-hero-padding-mobile:0px;--sts-hero-padding-desktop:0px;--sts-hero-text-color:var(--wp--preset--color--base-10, #fff);\" data-variant=\"full-background\"><div class=\"sts-block-hero__background\"><picture class=\"sts-responsive-image has-fit-cover is-skeleton\"><img src=\"https:\/\/cdn.sts-education.com\/12613_hero_lg_xl.jpg\" alt=\"\u017bycie w innym kraju\" loading=\"lazy\" decoding=\"async\" fetchpriority=\"low\" sizes=\"100vw\" \/><\/picture><span class=\"sts-block-hero__overlay\" aria-hidden=\"true\"><\/span><\/div><div class=\"sts-block-hero__inner\"><div class=\"sts-block-hero__content has-align-center\"><div class=\"sts-block-hero__content-inner\"><h1 class=\"sts-block-hero__heading\">\u017bycie w innym kraju<\/h1><\/div><\/div><\/div><\/section>\n\n\n\n<div class=\"wp-block-sts-text sts-text-editor has-max-width-md\"><div class=\"sts-text-editor__content\"><div class=\"sts-text-editor__content-inner\">\n<p>Mo\u017cesz do\u015bwiadczy\u0107 mn\u00f3stwa zabawnych rzeczy, stworzy\u0107 wiele niesamowitych wspomnie\u0144 i nauczy\u0107 si\u0119 nowego j\u0119zyka. Ponadto poznasz nowych ludzi i now\u0105 kultur\u0119.<\/p>\n\n<p>Czasami mo\u017cesz r\u00f3wnie\u017c napotka\u0107 sytuacje, do kt\u00f3rych nie jeste\u015b przyzwyczajony w domu. Mo\u017cesz pomaga\u0107 w domu z rodzin\u0105 goszcz\u0105c\u0105 bardziej ni\u017c jeste\u015b do tego przyzwyczajony i by\u0107 mo\u017ce b\u0119dziesz musia\u0142 wraca\u0107 do domu wcze\u015bniej. Jedzenie mo\u017ce by\u0107 inne i by\u0107 mo\u017ce b\u0119dziesz musia\u0142 poprosi\u0107 o pozwolenie na udzia\u0142 w innych zaj\u0119ciach. Ale na tym te\u017c polega urok: ka\u017cdy kraj ma inn\u0105 kultur\u0119 i w\u0142a\u015bnie tego mo\u017cna do\u015bwiadczy\u0107 podczas roku sp\u0119dzonego jako student na wymianie.<\/p>\n\n<p>Prowadz\u0105c otwarty dialog z rodzin\u0105 goszcz\u0105c\u0105 i rozumiej\u0105c, czego si\u0119 od Ciebie oczekuje, b\u0119dzie mniej nieporozumie\u0144 i zderze\u0144 kulturowych. Rodzina goszcz\u0105ca jest dla Ciebie i jest za Ciebie odpowiedzialna przez ca\u0142y okres Twojego pobytu. Prowadz\u0105c jasny dialog, zrozumiecie si\u0119 nawzajem. Wsp\u00f3lnie znajdziecie drog\u0119 , nawet je\u015bli zasady mog\u0105 r\u00f3\u017cni\u0107 si\u0119 od zasad obowi\u0105zuj\u0105cych w domu.<\/p>\n\n<h2>Mieszkanie z rodzin\u0105 goszcz\u0105c\u0105<\/h2>\n\n<p>Bez wzgl\u0119du na to, gdzie pojedziesz na wymian\u0119, b\u0119dziesz mieszka\u0107 z lokaln\u0105 rodzin\u0105 goszcz\u0105c\u0105. Mo\u017cesz by\u0107 nieco zdenerwowany wyjazdem do nowego miejsca i mieszkaniem z lud\u017ami, kt\u00f3rych nigdy wcze\u015bniej nie spotka\u0142e\u015b, ale faktem jest, \u017ce rodzina goszcz\u0105ca cz\u0119sto staje si\u0119 najbardziej niezapomnian\u0105 i znacz\u0105c\u0105 cz\u0119\u015bci\u0105 ca\u0142ego do\u015bwiadczenia zwi\u0105zanego z wymian\u0105. W\u0142a\u015bnie dlatego starannie wybieramy rodziny goszcz\u0105ce i dok\u0142adamy wszelkich stara\u0144, aby znale\u017a\u0107 odpowiedni\u0105 rodzin\u0119 dla Ciebie, cz\u0119sto we wsp\u00f3\u0142pracy z lokalnymi organizacjami i pracownikami w okolicy.<\/p>\n\n<p>Rodziny goszcz\u0105ce mog\u0105 si\u0119 r\u00f3\u017cni\u0107, tak jak rodziny r\u00f3\u017cni\u0105 si\u0119 w Twoim kraju. S\u0105 rodziny o zainteresowaniach sportowych, ale te\u017c i takie, kt\u00f3re sp\u0119dzaj\u0105 du\u017co czasu w domu i ogrodzie. S\u0105 rodziny, kt\u00f3re anga\u017cuj\u0105 si\u0119 w wolontariat lub w lokalne imprezy. Konstelacje rodzin mog\u0105 by\u0107 rozmaite. Wszystkie rodziny s\u0105 zawsze szczerze zainteresowane swoimi nowymi cz\u0142onkami rodziny, a Tw\u00f3j przyjazd najprawdopodobniej b\u0119dzie pocz\u0105tkiem przyja\u017ani na ca\u0142e \u017cycie.<\/p>\n\n<p>Poczuj si\u0119 jak w domu. Komunikuj si\u0119. Pomagaj w pracach domowych i przestrzegaj zasad panuj\u0105cych w domu, tak jak w domu z w\u0142asn\u0105 rodzin\u0105. W zamian zyskasz unikalny wgl\u0105d w nowy styl \u017cycia i kultur\u0119, kt\u00f3ra r\u00f3\u017cni si\u0119 od masowej turystyki, kt\u00f3rej zazwyczaj do\u015bwiadczasz podczas podr\u00f3\u017cy. Mo\u017ce chcesz do\u015bwiadczy\u0107 \u015awi\u0119ta Dzi\u0119kczynienia w USA, popo\u0142udniowej herbaty na wyspachlub obejrze\u0107 mecz pi\u0142ki no\u017cnej we W\u0142oszech? Ka\u017cdy kraj ma sw\u00f3j urok i obiecujemy, \u017ce b\u0119dziecie mie\u0107 razem mn\u00f3stwo wspania\u0142ych wspomnie\u0144!<\/p>\n\n<p>Rodzina goszcz\u0105ca jest odpowiedzialna za Ciebie oraz za wy\u017cywienie i zakwaterowanie podczas ca\u0142ego Twojego pobytu. Ty jeste\u015b odpowiedzialny za inne koszty, takie jak produkty higieniczne, bilety autobusowe, zaj\u0119cia rekreacyjne, podr\u00f3\u017ce, odzie\u017c i inne. Rodzina goszcz\u0105ca decyduje o tym, kiedy powiniene\u015b by\u0107 w domu i w czym powiniene\u015b pom\u00f3c- tak jak robi\u0105 to Twoi rodzice w domu. Doceni\u0105 Tw\u00f3j udzia\u0142 w r\u00f3\u017cnych zaj\u0119ciach i tradycjach rodzinnych, ale oczywi\u015bcie b\u0119dziesz mie\u0107 r\u00f3wnie\u017c czas na w\u0142asne zaj\u0119cia w wolnym czasie. <span>Zawsze informuj rodzin\u0119 goszcz\u0105c\u0105, dok\u0105d si\u0119 wybierasz i pami\u0119taj, \u017ce bardzo chcia\u0142aby pozna\u0107 Twoich nowych przyjaci\u00f3\u0142. <\/span><\/p>\n<\/div><\/div><\/div>\n\n","protected":false},"excerpt":{"rendered":"","protected":false},"author":20,"featured_media":0,"parent":10158,"menu_order":0,"comment_status":"closed","ping_status":"closed","template":"templates\/template-default-with-breadcrumbs.php","meta":{"_acf_changed":false,"sts_page_background_color":"","footnotes":""},"wpw_page_folders":[83],"class_list":["post-10182","page","type-page","status-publish","hentry"],"acf":[],"yoast_head":"<!-- This site is optimized with the Yoast SEO Premium plugin v27.2 (Yoast SEO v27.3) - https:\/\/yoast.com\/product\/yoast-seo-premium-wordpress\/ -->\n<title>\u017bycie w innym kraju jako student na wymianie<\/title>\n<meta name=\"description\" content=\"\u017bycie w innym kraju r\u00f3\u017cni si\u0119 od tego w domu, ale to tak\u017ce cz\u0119\u015b\u0107 uroku. \u017bycie za granic\u0105 przez jaki\u015b czas ma wiele zalet.\" \/>\n<meta name=\"robots\" content=\"index, follow, max-snippet:-1, max-image-preview:large, max-video-preview:-1\" \/>\n<link rel=\"canonical\" href=\"https:\/\/www.sts-education.com\/pl\/szkola-srednia\/podczas-rocznej-wymiany\/zycie-w-innym-kraju\/\" \/>\n<meta property=\"og:locale\" content=\"pl_PL\" \/>\n<meta property=\"og:type\" content=\"article\" \/>\n<meta property=\"og:title\" content=\"Zycie W Innym Kraju\" \/>\n<meta property=\"og:description\" content=\"\u017bycie w innym kraju r\u00f3\u017cni si\u0119 od tego w domu, ale to tak\u017ce cz\u0119\u015b\u0107 uroku. \u017bycie za granic\u0105 przez jaki\u015b czas ma wiele zalet.\" \/>\n<meta property=\"og:url\" content=\"https:\/\/www.sts-education.com\/pl\/szkola-srednia\/podczas-rocznej-wymiany\/zycie-w-innym-kraju\/\" \/>\n<meta property=\"og:site_name\" content=\"STS Education\" \/>\n<meta property=\"article:modified_time\" content=\"2026-04-01T01:28:58+00:00\" \/>\n<meta property=\"og:image\" content=\"https:\/\/cdn.sts-education.com\/12613_hero_lg_xl.jpg\" \/>\n<meta name=\"twitter:card\" content=\"summary_large_image\" \/>\n<meta name=\"twitter:label1\" content=\"Szacowany czas czytania\" \/>\n\t<meta name=\"twitter:data1\" content=\"3 minuty\" \/>\n<script type=\"application\/ld+json\" class=\"yoast-schema-graph\">{\"@context\":\"https:\\\/\\\/schema.org\",\"@graph\":[{\"@type\":\"WebPage\",\"@id\":\"https:\\\/\\\/www.sts-education.com\\\/pl\\\/szkola-srednia\\\/podczas-rocznej-wymiany\\\/zycie-w-innym-kraju\\\/\",\"url\":\"https:\\\/\\\/www.sts-education.com\\\/pl\\\/szkola-srednia\\\/podczas-rocznej-wymiany\\\/zycie-w-innym-kraju\\\/\",\"name\":\"\u017bycie w innym kraju jako student na wymianie\",\"isPartOf\":{\"@id\":\"https:\\\/\\\/www.sts-education.com\\\/pl\\\/#website\"},\"primaryImageOfPage\":{\"@id\":\"https:\\\/\\\/www.sts-education.com\\\/pl\\\/szkola-srednia\\\/podczas-rocznej-wymiany\\\/zycie-w-innym-kraju\\\/#primaryimage\"},\"image\":{\"@id\":\"https:\\\/\\\/www.sts-education.com\\\/pl\\\/szkola-srednia\\\/podczas-rocznej-wymiany\\\/zycie-w-innym-kraju\\\/#primaryimage\"},\"thumbnailUrl\":\"https:\\\/\\\/cdn.sts-education.com\\\/12613_hero_lg_xl.jpg\",\"datePublished\":\"2025-12-16T10:14:43+00:00\",\"dateModified\":\"2026-04-01T01:28:58+00:00\",\"description\":\"\u017bycie w innym kraju r\u00f3\u017cni si\u0119 od tego w domu, ale to tak\u017ce cz\u0119\u015b\u0107 uroku. \u017bycie za granic\u0105 przez jaki\u015b czas ma wiele zalet.\",\"breadcrumb\":{\"@id\":\"https:\\\/\\\/www.sts-education.com\\\/pl\\\/szkola-srednia\\\/podczas-rocznej-wymiany\\\/zycie-w-innym-kraju\\\/#breadcrumb\"},\"inLanguage\":\"pl-PL\",\"potentialAction\":[{\"@type\":\"ReadAction\",\"target\":[\"https:\\\/\\\/www.sts-education.com\\\/pl\\\/szkola-srednia\\\/podczas-rocznej-wymiany\\\/zycie-w-innym-kraju\\\/\"]}]},{\"@type\":\"ImageObject\",\"inLanguage\":\"pl-PL\",\"@id\":\"https:\\\/\\\/www.sts-education.com\\\/pl\\\/szkola-srednia\\\/podczas-rocznej-wymiany\\\/zycie-w-innym-kraju\\\/#primaryimage\",\"url\":\"https:\\\/\\\/cdn.sts-education.com\\\/12613_hero_lg_xl.jpg\",\"contentUrl\":\"https:\\\/\\\/cdn.sts-education.com\\\/12613_hero_lg_xl.jpg\"},{\"@type\":\"BreadcrumbList\",\"@id\":\"https:\\\/\\\/www.sts-education.com\\\/pl\\\/szkola-srednia\\\/podczas-rocznej-wymiany\\\/zycie-w-innym-kraju\\\/#breadcrumb\",\"itemListElement\":[{\"@type\":\"ListItem\",\"position\":1,\"name\":\"Home\",\"item\":\"https:\\\/\\\/www.sts-education.com\\\/pl\\\/\"},{\"@type\":\"ListItem\",\"position\":2,\"name\":\"High school\",\"item\":\"https:\\\/\\\/www.sts-education.com\\\/pl\\\/szkola-srednia\\\/\"},{\"@type\":\"ListItem\",\"position\":3,\"name\":\"Podczas Rocznej Wymiany\",\"item\":\"https:\\\/\\\/www.sts-education.com\\\/pl\\\/szkola-srednia\\\/podczas-rocznej-wymiany\\\/\"},{\"@type\":\"ListItem\",\"position\":4,\"name\":\"Zycie W Innym Kraju\"}]},{\"@type\":\"WebSite\",\"@id\":\"https:\\\/\\\/www.sts-education.com\\\/pl\\\/#website\",\"url\":\"https:\\\/\\\/www.sts-education.com\\\/pl\\\/\",\"name\":\"STS Education\",\"description\":\"\",\"potentialAction\":[{\"@type\":\"SearchAction\",\"target\":{\"@type\":\"EntryPoint\",\"urlTemplate\":\"https:\\\/\\\/www.sts-education.com\\\/pl\\\/?s={search_term_string}\"},\"query-input\":{\"@type\":\"PropertyValueSpecification\",\"valueRequired\":true,\"valueName\":\"search_term_string\"}}],\"inLanguage\":\"pl-PL\"}]}<\/script>\n<!-- \/ Yoast SEO Premium plugin. -->","yoast_head_json":{"title":"\u017bycie w innym kraju jako student na wymianie","description":"\u017bycie w innym kraju r\u00f3\u017cni si\u0119 od tego w domu, ale to tak\u017ce cz\u0119\u015b\u0107 uroku. \u017bycie za granic\u0105 przez jaki\u015b czas ma wiele zalet.","robots":{"index":"index","follow":"follow","max-snippet":"max-snippet:-1","max-image-preview":"max-image-preview:large","max-video-preview":"max-video-preview:-1"},"canonical":"https:\/\/www.sts-education.com\/pl\/szkola-srednia\/podczas-rocznej-wymiany\/zycie-w-innym-kraju\/","og_locale":"pl_PL","og_type":"article","og_title":"Zycie W Innym Kraju","og_description":"\u017bycie w innym kraju r\u00f3\u017cni si\u0119 od tego w domu, ale to tak\u017ce cz\u0119\u015b\u0107 uroku. \u017bycie za granic\u0105 przez jaki\u015b czas ma wiele zalet.","og_url":"https:\/\/www.sts-education.com\/pl\/szkola-srednia\/podczas-rocznej-wymiany\/zycie-w-innym-kraju\/","og_site_name":"STS Education","article_modified_time":"2026-04-01T01:28:58+00:00","og_image":[{"url":"https:\/\/cdn.sts-education.com\/12613_hero_lg_xl.jpg","type":"","width":"","height":""}],"twitter_card":"summary_large_image","twitter_misc":{"Szacowany czas czytania":"3 minuty"},"schema":{"@context":"https:\/\/schema.org","@graph":[{"@type":"WebPage","@id":"https:\/\/www.sts-education.com\/pl\/szkola-srednia\/podczas-rocznej-wymiany\/zycie-w-innym-kraju\/","url":"https:\/\/www.sts-education.com\/pl\/szkola-srednia\/podczas-rocznej-wymiany\/zycie-w-innym-kraju\/","name":"\u017bycie w innym kraju jako student na wymianie","isPartOf":{"@id":"https:\/\/www.sts-education.com\/pl\/#website"},"primaryImageOfPage":{"@id":"https:\/\/www.sts-education.com\/pl\/szkola-srednia\/podczas-rocznej-wymiany\/zycie-w-innym-kraju\/#primaryimage"},"image":{"@id":"https:\/\/www.sts-education.com\/pl\/szkola-srednia\/podczas-rocznej-wymiany\/zycie-w-innym-kraju\/#primaryimage"},"thumbnailUrl":"https:\/\/cdn.sts-education.com\/12613_hero_lg_xl.jpg","datePublished":"2025-12-16T10:14:43+00:00","dateModified":"2026-04-01T01:28:58+00:00","description":"\u017bycie w innym kraju r\u00f3\u017cni si\u0119 od tego w domu, ale to tak\u017ce cz\u0119\u015b\u0107 uroku. \u017bycie za granic\u0105 przez jaki\u015b czas ma wiele zalet.","breadcrumb":{"@id":"https:\/\/www.sts-education.com\/pl\/szkola-srednia\/podczas-rocznej-wymiany\/zycie-w-innym-kraju\/#breadcrumb"},"inLanguage":"pl-PL","potentialAction":[{"@type":"ReadAction","target":["https:\/\/www.sts-education.com\/pl\/szkola-srednia\/podczas-rocznej-wymiany\/zycie-w-innym-kraju\/"]}]},{"@type":"ImageObject","inLanguage":"pl-PL","@id":"https:\/\/www.sts-education.com\/pl\/szkola-srednia\/podczas-rocznej-wymiany\/zycie-w-innym-kraju\/#primaryimage","url":"https:\/\/cdn.sts-education.com\/12613_hero_lg_xl.jpg","contentUrl":"https:\/\/cdn.sts-education.com\/12613_hero_lg_xl.jpg"},{"@type":"BreadcrumbList","@id":"https:\/\/www.sts-education.com\/pl\/szkola-srednia\/podczas-rocznej-wymiany\/zycie-w-innym-kraju\/#breadcrumb","itemListElement":[{"@type":"ListItem","position":1,"name":"Home","item":"https:\/\/www.sts-education.com\/pl\/"},{"@type":"ListItem","position":2,"name":"High school","item":"https:\/\/www.sts-education.com\/pl\/szkola-srednia\/"},{"@type":"ListItem","position":3,"name":"Podczas Rocznej Wymiany","item":"https:\/\/www.sts-education.com\/pl\/szkola-srednia\/podczas-rocznej-wymiany\/"},{"@type":"ListItem","position":4,"name":"Zycie W Innym Kraju"}]},{"@type":"WebSite","@id":"https:\/\/www.sts-education.com\/pl\/#website","url":"https:\/\/www.sts-education.com\/pl\/","name":"STS Education","description":"","potentialAction":[{"@type":"SearchAction","target":{"@type":"EntryPoint","urlTemplate":"https:\/\/www.sts-education.com\/pl\/?s={search_term_string}"},"query-input":{"@type":"PropertyValueSpecification","valueRequired":true,"valueName":"search_term_string"}}],"inLanguage":"pl-PL"}]}},"_links":{"self":[{"href":"https:\/\/www.sts-education.com\/pl\/wp-json\/wp\/v2\/pages\/10182","targetHints":{"allow":["GET"]}}],"collection":[{"href":"https:\/\/www.sts-education.com\/pl\/wp-json\/wp\/v2\/pages"}],"about":[{"href":"https:\/\/www.sts-education.com\/pl\/wp-json\/wp\/v2\/types\/page"}],"author":[{"embeddable":true,"href":"https:\/\/www.sts-education.com\/pl\/wp-json\/wp\/v2\/users\/20"}],"replies":[{"embeddable":true,"href":"https:\/\/www.sts-education.com\/pl\/wp-json\/wp\/v2\/comments?post=10182"}],"version-history":[{"count":2,"href":"https:\/\/www.sts-education.com\/pl\/wp-json\/wp\/v2\/pages\/10182\/revisions"}],"predecessor-version":[{"id":20141,"href":"https:\/\/www.sts-education.com\/pl\/wp-json\/wp\/v2\/pages\/10182\/revisions\/20141"}],"up":[{"embeddable":true,"href":"https:\/\/www.sts-education.com\/pl\/wp-json\/wp\/v2\/pages\/10158"}],"wp:attachment":[{"href":"https:\/\/www.sts-education.com\/pl\/wp-json\/wp\/v2\/media?parent=10182"}],"wp:term":[{"taxonomy":"wpw_page_folders","embeddable":true,"href":"https:\/\/www.sts-education.com\/pl\/wp-json\/wp\/v2\/wpw_page_folders?post=10182"}],"curies":[{"name":"wp","href":"https:\/\/api.w.org\/{rel}","templated":true}]}}