{"id":10183,"date":"2025-12-16T10:09:44","date_gmt":"2025-12-16T10:09:44","guid":{"rendered":"https:\/\/preprod.sts-education.com\/szkola-srednia\/przed-rozpoczeciem-roku-za-granica\/10-rzeczy-do-spakowania-do-walizki\/"},"modified":"2026-04-01T01:26:14","modified_gmt":"2026-04-01T01:26:14","slug":"10-rzeczy-do-spakowania-do-walizki","status":"publish","type":"page","link":"https:\/\/www.sts-education.com\/pl\/szkola-srednia\/przed-rozpoczeciem-roku-za-granica\/10-rzeczy-do-spakowania-do-walizki\/","title":{"rendered":"10 Rzeczy Do Spakowania Do Walizki"},"content":{"rendered":"\n<section class=\"wp-block-sts-hero sts-block-hero is-variant-full-background has-text-light has-background-media\" style=\"--sts-hero-padding-mobile:0px;--sts-hero-padding-desktop:0px;--sts-hero-text-color:var(--wp--preset--color--base-10, #fff);\" data-variant=\"full-background\"><div class=\"sts-block-hero__background\"><picture class=\"sts-responsive-image has-fit-cover is-skeleton\"><img src=\"https:\/\/cdn.sts-education.com\/11090_hero_lg_xl.jpg\" alt=\"10 rzeczy do spakowania do walizki\" loading=\"lazy\" decoding=\"async\" fetchpriority=\"low\" sizes=\"100vw\" \/><\/picture><span class=\"sts-block-hero__overlay\" aria-hidden=\"true\"><\/span><\/div><div class=\"sts-block-hero__inner\"><div class=\"sts-block-hero__content has-align-center\"><div class=\"sts-block-hero__content-inner\"><h1 class=\"sts-block-hero__heading\">10 rzeczy do spakowania do walizki<\/h1><\/div><\/div><\/div><\/section>\n\n\n\n<div class=\"wp-block-sts-text sts-text-editor has-max-width-md\"><div class=\"sts-text-editor__content\"><div class=\"sts-text-editor__content-inner\">\n<p>Pami\u0119taj, aby spakowa\u0107 si\u0119 jak najmnie. Kilka rzeczy, kt\u00f3re warto ze sob\u0105 zabra\u0107:<\/p>\n\n<ol><li>Paszport i informacje\/\u015bwiadectwo szczepie\u0144<\/li>\n<li>Telefon, s\u0142uchawki i ewentualnie aparat fotograficzny<\/li>\n<li>Komputer<\/li>\n<li>\u0141adowarki i adaptery, je\u015bli w kraju goszcz\u0105cym s\u0105 inne gniazdka elektryczne ni\u017c w domu.<\/li>\n<li>Leki na recept\u0119<\/li>\n<li>Produkty higieniczne na pierwszy miesi\u0105c<\/li>\n<li>Je\u015bli nosisz okulary, we\u017a ze sob\u0105 dodatkow\u0105 par\u0119<\/li>\n<li>Ubrania: Dowiedz si\u0119 czy w szkole b\u0119dzie obowi\u0105zywa\u0142 mundurek, czy te\u017c s\u0105 inne zasady dotycz\u0105ce ubioru, kt\u00f3re nale\u017cy wzi\u0105\u0107 pod uwag\u0119? Pami\u0119taj r\u00f3wnie\u017c, \u017ce b\u0119dziesz pewnie kupowa\u0107 noweubrania.<\/li>\n<li>Twoje ulubione przedmioty, bez kt\u00f3rych nie chcesz si\u0119 oby\u0107<\/li>\n<li>Ma\u0142y prezent dla rodziny goszcz\u0105cej. Nie musi to by\u0107 nic wielkiego ani wystawnego. Twoje ulubione s\u0142odycze lub ksi\u0105\u017cka kucharska z przepisami z Twojego kraju to \u015bwietny prezent!<\/li><\/ol>\n\n<p>Gdy ju\u017c nawi\u0105\u017cesz kontakt z rodzin\u0105 goszcz\u0105c\u0105, popro\u015b j\u0105 r\u00f3wnie\u017c o istotne wskaz\u00f3wki odtycz\u0105ce Twojego przyjazdu!<\/p>\n<\/div><\/div><\/div>\n\n","protected":false},"excerpt":{"rendered":"","protected":false},"author":20,"featured_media":16112,"parent":10159,"menu_order":0,"comment_status":"closed","ping_status":"closed","template":"","meta":{"_acf_changed":false,"sts_page_background_color":"","footnotes":""},"wpw_page_folders":[80],"class_list":["post-10183","page","type-page","status-publish","has-post-thumbnail","hentry"],"acf":[],"yoast_head":"<!-- This site is optimized with the Yoast SEO Premium plugin v27.2 (Yoast SEO v27.3) - https:\/\/yoast.com\/product\/yoast-seo-premium-wordpress\/ -->\n<title>10 rzeczy do spakowania do walizki<\/title>\n<meta name=\"description\" content=\"Jest wiele rzeczy, o kt\u00f3rych nale\u017cy pomy\u015ble\u0107 przed wyjazdem na wymian\u0119. Oto lista 10 rzeczy, kt\u00f3re warto ze sob\u0105 zabra\u0107.\" \/>\n<meta name=\"robots\" content=\"index, follow, max-snippet:-1, max-image-preview:large, max-video-preview:-1\" \/>\n<link rel=\"canonical\" href=\"https:\/\/www.sts-education.com\/pl\/szkola-srednia\/przed-rozpoczeciem-roku-za-granica\/10-rzeczy-do-spakowania-do-walizki\/\" \/>\n<meta property=\"og:locale\" content=\"pl_PL\" \/>\n<meta property=\"og:type\" content=\"article\" \/>\n<meta property=\"og:title\" content=\"10 Rzeczy Do Spakowania Do Walizki\" \/>\n<meta property=\"og:description\" content=\"Jest wiele rzeczy, o kt\u00f3rych nale\u017cy pomy\u015ble\u0107 przed wyjazdem na wymian\u0119. Oto lista 10 rzeczy, kt\u00f3re warto ze sob\u0105 zabra\u0107.\" \/>\n<meta property=\"og:url\" content=\"https:\/\/www.sts-education.com\/pl\/szkola-srednia\/przed-rozpoczeciem-roku-za-granica\/10-rzeczy-do-spakowania-do-walizki\/\" \/>\n<meta property=\"og:site_name\" content=\"STS Education\" \/>\n<meta property=\"article:modified_time\" content=\"2026-04-01T01:26:14+00:00\" \/>\n<meta property=\"og:image\" content=\"https:\/\/powered-by.qbank.se\/educatius\/sts\/\/85617c1aa79c47e1a5a41ee38a7b25bd_1-1-thumb.webp\" \/>\n\t<meta property=\"og:image:width\" content=\"150\" \/>\n\t<meta property=\"og:image:height\" content=\"150\" \/>\n\t<meta property=\"og:image:type\" content=\"image\/jpeg\" \/>\n<meta name=\"twitter:card\" content=\"summary_large_image\" \/>\n<meta name=\"twitter:label1\" content=\"Szacowany czas czytania\" \/>\n\t<meta name=\"twitter:data1\" content=\"1 minuta\" \/>\n<script type=\"application\/ld+json\" class=\"yoast-schema-graph\">{\"@context\":\"https:\\\/\\\/schema.org\",\"@graph\":[{\"@type\":\"WebPage\",\"@id\":\"https:\\\/\\\/www.sts-education.com\\\/pl\\\/szkola-srednia\\\/przed-rozpoczeciem-roku-za-granica\\\/10-rzeczy-do-spakowania-do-walizki\\\/\",\"url\":\"https:\\\/\\\/www.sts-education.com\\\/pl\\\/szkola-srednia\\\/przed-rozpoczeciem-roku-za-granica\\\/10-rzeczy-do-spakowania-do-walizki\\\/\",\"name\":\"10 rzeczy do spakowania do walizki\",\"isPartOf\":{\"@id\":\"https:\\\/\\\/www.sts-education.com\\\/pl\\\/#website\"},\"primaryImageOfPage\":{\"@id\":\"https:\\\/\\\/www.sts-education.com\\\/pl\\\/szkola-srednia\\\/przed-rozpoczeciem-roku-za-granica\\\/10-rzeczy-do-spakowania-do-walizki\\\/#primaryimage\"},\"image\":{\"@id\":\"https:\\\/\\\/www.sts-education.com\\\/pl\\\/szkola-srednia\\\/przed-rozpoczeciem-roku-za-granica\\\/10-rzeczy-do-spakowania-do-walizki\\\/#primaryimage\"},\"thumbnailUrl\":\"https:\\\/\\\/powered-by.qbank.se\\\/educatius\\\/sts\\\/\\\/85617c1aa79c47e1a5a41ee38a7b25bd_1-1-thumb.webp\",\"datePublished\":\"2025-12-16T10:09:44+00:00\",\"dateModified\":\"2026-04-01T01:26:14+00:00\",\"description\":\"Jest wiele rzeczy, o kt\u00f3rych nale\u017cy pomy\u015ble\u0107 przed wyjazdem na wymian\u0119. Oto lista 10 rzeczy, kt\u00f3re warto ze sob\u0105 zabra\u0107.\",\"breadcrumb\":{\"@id\":\"https:\\\/\\\/www.sts-education.com\\\/pl\\\/szkola-srednia\\\/przed-rozpoczeciem-roku-za-granica\\\/10-rzeczy-do-spakowania-do-walizki\\\/#breadcrumb\"},\"inLanguage\":\"pl-PL\",\"potentialAction\":[{\"@type\":\"ReadAction\",\"target\":[\"https:\\\/\\\/www.sts-education.com\\\/pl\\\/szkola-srednia\\\/przed-rozpoczeciem-roku-za-granica\\\/10-rzeczy-do-spakowania-do-walizki\\\/\"]}]},{\"@type\":\"ImageObject\",\"inLanguage\":\"pl-PL\",\"@id\":\"https:\\\/\\\/www.sts-education.com\\\/pl\\\/szkola-srednia\\\/przed-rozpoczeciem-roku-za-granica\\\/10-rzeczy-do-spakowania-do-walizki\\\/#primaryimage\",\"url\":\"https:\\\/\\\/powered-by.qbank.se\\\/educatius\\\/sts\\\/\\\/85617c1aa79c47e1a5a41ee38a7b25bd_1-1-thumb.webp\",\"contentUrl\":\"https:\\\/\\\/powered-by.qbank.se\\\/educatius\\\/sts\\\/\\\/85617c1aa79c47e1a5a41ee38a7b25bd_1-1-thumb.webp\",\"width\":150,\"height\":150},{\"@type\":\"BreadcrumbList\",\"@id\":\"https:\\\/\\\/www.sts-education.com\\\/pl\\\/szkola-srednia\\\/przed-rozpoczeciem-roku-za-granica\\\/10-rzeczy-do-spakowania-do-walizki\\\/#breadcrumb\",\"itemListElement\":[{\"@type\":\"ListItem\",\"position\":1,\"name\":\"Home\",\"item\":\"https:\\\/\\\/www.sts-education.com\\\/pl\\\/\"},{\"@type\":\"ListItem\",\"position\":2,\"name\":\"High school\",\"item\":\"https:\\\/\\\/www.sts-education.com\\\/pl\\\/szkola-srednia\\\/\"},{\"@type\":\"ListItem\",\"position\":3,\"name\":\"Przed Rozpoczeciem Roku Za Granica\",\"item\":\"https:\\\/\\\/www.sts-education.com\\\/pl\\\/szkola-srednia\\\/przed-rozpoczeciem-roku-za-granica\\\/\"},{\"@type\":\"ListItem\",\"position\":4,\"name\":\"10 Rzeczy Do Spakowania Do Walizki\"}]},{\"@type\":\"WebSite\",\"@id\":\"https:\\\/\\\/www.sts-education.com\\\/pl\\\/#website\",\"url\":\"https:\\\/\\\/www.sts-education.com\\\/pl\\\/\",\"name\":\"STS Education\",\"description\":\"\",\"potentialAction\":[{\"@type\":\"SearchAction\",\"target\":{\"@type\":\"EntryPoint\",\"urlTemplate\":\"https:\\\/\\\/www.sts-education.com\\\/pl\\\/?s={search_term_string}\"},\"query-input\":{\"@type\":\"PropertyValueSpecification\",\"valueRequired\":true,\"valueName\":\"search_term_string\"}}],\"inLanguage\":\"pl-PL\"}]}<\/script>\n<!-- \/ Yoast SEO Premium plugin. -->","yoast_head_json":{"title":"10 rzeczy do spakowania do walizki","description":"Jest wiele rzeczy, o kt\u00f3rych nale\u017cy pomy\u015ble\u0107 przed wyjazdem na wymian\u0119. Oto lista 10 rzeczy, kt\u00f3re warto ze sob\u0105 zabra\u0107.","robots":{"index":"index","follow":"follow","max-snippet":"max-snippet:-1","max-image-preview":"max-image-preview:large","max-video-preview":"max-video-preview:-1"},"canonical":"https:\/\/www.sts-education.com\/pl\/szkola-srednia\/przed-rozpoczeciem-roku-za-granica\/10-rzeczy-do-spakowania-do-walizki\/","og_locale":"pl_PL","og_type":"article","og_title":"10 Rzeczy Do Spakowania Do Walizki","og_description":"Jest wiele rzeczy, o kt\u00f3rych nale\u017cy pomy\u015ble\u0107 przed wyjazdem na wymian\u0119. Oto lista 10 rzeczy, kt\u00f3re warto ze sob\u0105 zabra\u0107.","og_url":"https:\/\/www.sts-education.com\/pl\/szkola-srednia\/przed-rozpoczeciem-roku-za-granica\/10-rzeczy-do-spakowania-do-walizki\/","og_site_name":"STS Education","article_modified_time":"2026-04-01T01:26:14+00:00","og_image":[{"width":150,"height":150,"url":"https:\/\/powered-by.qbank.se\/educatius\/sts\/\/85617c1aa79c47e1a5a41ee38a7b25bd_1-1-thumb.webp","type":"image\/jpeg"}],"twitter_card":"summary_large_image","twitter_misc":{"Szacowany czas czytania":"1 minuta"},"schema":{"@context":"https:\/\/schema.org","@graph":[{"@type":"WebPage","@id":"https:\/\/www.sts-education.com\/pl\/szkola-srednia\/przed-rozpoczeciem-roku-za-granica\/10-rzeczy-do-spakowania-do-walizki\/","url":"https:\/\/www.sts-education.com\/pl\/szkola-srednia\/przed-rozpoczeciem-roku-za-granica\/10-rzeczy-do-spakowania-do-walizki\/","name":"10 rzeczy do spakowania do walizki","isPartOf":{"@id":"https:\/\/www.sts-education.com\/pl\/#website"},"primaryImageOfPage":{"@id":"https:\/\/www.sts-education.com\/pl\/szkola-srednia\/przed-rozpoczeciem-roku-za-granica\/10-rzeczy-do-spakowania-do-walizki\/#primaryimage"},"image":{"@id":"https:\/\/www.sts-education.com\/pl\/szkola-srednia\/przed-rozpoczeciem-roku-za-granica\/10-rzeczy-do-spakowania-do-walizki\/#primaryimage"},"thumbnailUrl":"https:\/\/powered-by.qbank.se\/educatius\/sts\/\/85617c1aa79c47e1a5a41ee38a7b25bd_1-1-thumb.webp","datePublished":"2025-12-16T10:09:44+00:00","dateModified":"2026-04-01T01:26:14+00:00","description":"Jest wiele rzeczy, o kt\u00f3rych nale\u017cy pomy\u015ble\u0107 przed wyjazdem na wymian\u0119. Oto lista 10 rzeczy, kt\u00f3re warto ze sob\u0105 zabra\u0107.","breadcrumb":{"@id":"https:\/\/www.sts-education.com\/pl\/szkola-srednia\/przed-rozpoczeciem-roku-za-granica\/10-rzeczy-do-spakowania-do-walizki\/#breadcrumb"},"inLanguage":"pl-PL","potentialAction":[{"@type":"ReadAction","target":["https:\/\/www.sts-education.com\/pl\/szkola-srednia\/przed-rozpoczeciem-roku-za-granica\/10-rzeczy-do-spakowania-do-walizki\/"]}]},{"@type":"ImageObject","inLanguage":"pl-PL","@id":"https:\/\/www.sts-education.com\/pl\/szkola-srednia\/przed-rozpoczeciem-roku-za-granica\/10-rzeczy-do-spakowania-do-walizki\/#primaryimage","url":"https:\/\/powered-by.qbank.se\/educatius\/sts\/\/85617c1aa79c47e1a5a41ee38a7b25bd_1-1-thumb.webp","contentUrl":"https:\/\/powered-by.qbank.se\/educatius\/sts\/\/85617c1aa79c47e1a5a41ee38a7b25bd_1-1-thumb.webp","width":150,"height":150},{"@type":"BreadcrumbList","@id":"https:\/\/www.sts-education.com\/pl\/szkola-srednia\/przed-rozpoczeciem-roku-za-granica\/10-rzeczy-do-spakowania-do-walizki\/#breadcrumb","itemListElement":[{"@type":"ListItem","position":1,"name":"Home","item":"https:\/\/www.sts-education.com\/pl\/"},{"@type":"ListItem","position":2,"name":"High school","item":"https:\/\/www.sts-education.com\/pl\/szkola-srednia\/"},{"@type":"ListItem","position":3,"name":"Przed Rozpoczeciem Roku Za Granica","item":"https:\/\/www.sts-education.com\/pl\/szkola-srednia\/przed-rozpoczeciem-roku-za-granica\/"},{"@type":"ListItem","position":4,"name":"10 Rzeczy Do Spakowania Do Walizki"}]},{"@type":"WebSite","@id":"https:\/\/www.sts-education.com\/pl\/#website","url":"https:\/\/www.sts-education.com\/pl\/","name":"STS Education","description":"","potentialAction":[{"@type":"SearchAction","target":{"@type":"EntryPoint","urlTemplate":"https:\/\/www.sts-education.com\/pl\/?s={search_term_string}"},"query-input":{"@type":"PropertyValueSpecification","valueRequired":true,"valueName":"search_term_string"}}],"inLanguage":"pl-PL"}]}},"_links":{"self":[{"href":"https:\/\/www.sts-education.com\/pl\/wp-json\/wp\/v2\/pages\/10183","targetHints":{"allow":["GET"]}}],"collection":[{"href":"https:\/\/www.sts-education.com\/pl\/wp-json\/wp\/v2\/pages"}],"about":[{"href":"https:\/\/www.sts-education.com\/pl\/wp-json\/wp\/v2\/types\/page"}],"author":[{"embeddable":true,"href":"https:\/\/www.sts-education.com\/pl\/wp-json\/wp\/v2\/users\/20"}],"replies":[{"embeddable":true,"href":"https:\/\/www.sts-education.com\/pl\/wp-json\/wp\/v2\/comments?post=10183"}],"version-history":[{"count":2,"href":"https:\/\/www.sts-education.com\/pl\/wp-json\/wp\/v2\/pages\/10183\/revisions"}],"predecessor-version":[{"id":20081,"href":"https:\/\/www.sts-education.com\/pl\/wp-json\/wp\/v2\/pages\/10183\/revisions\/20081"}],"up":[{"embeddable":true,"href":"https:\/\/www.sts-education.com\/pl\/wp-json\/wp\/v2\/pages\/10159"}],"wp:featuredmedia":[{"embeddable":true,"href":"https:\/\/www.sts-education.com\/pl\/wp-json\/wp\/v2\/media\/16112"}],"wp:attachment":[{"href":"https:\/\/www.sts-education.com\/pl\/wp-json\/wp\/v2\/media?parent=10183"}],"wp:term":[{"taxonomy":"wpw_page_folders","embeddable":true,"href":"https:\/\/www.sts-education.com\/pl\/wp-json\/wp\/v2\/wpw_page_folders?post=10183"}],"curies":[{"name":"wp","href":"https:\/\/api.w.org\/{rel}","templated":true}]}}