{"id":10184,"date":"2025-12-16T10:09:09","date_gmt":"2025-12-16T10:09:09","guid":{"rendered":"https:\/\/preprod.sts-education.com\/szkola-srednia\/przed-rozpoczeciem-roku-za-granica\/korzysci-z-roku-za-granica\/"},"modified":"2026-04-14T09:58:46","modified_gmt":"2026-04-14T09:58:46","slug":"korzysci-z-roku-za-granica","status":"publish","type":"page","link":"https:\/\/www.sts-education.com\/pl\/szkola-srednia\/przed-rozpoczeciem-roku-za-granica\/korzysci-z-roku-za-granica\/","title":{"rendered":"Korzysci Z Roku Za Granica"},"content":{"rendered":"\n<section class=\"wp-block-sts-hero sts-block-hero is-variant-full-background has-text-light has-background-media\" style=\"--sts-hero-padding-mobile:0px;--sts-hero-padding-desktop:0px;--sts-hero-text-color:var(--wp--preset--color--base-10, #fff);\" data-variant=\"full-background\"><div class=\"sts-block-hero__background\"><picture class=\"sts-responsive-image has-fit-cover is-skeleton\"><img src=\"https:\/\/cdn.sts-education.com\/13427_hero_lg_xl.jpg\" alt=\"Co wynios\u0119 z roku za granic\u0105?\" loading=\"lazy\" decoding=\"async\" fetchpriority=\"low\" sizes=\"100vw\" \/><\/picture><span class=\"sts-block-hero__overlay\" aria-hidden=\"true\"><\/span><\/div><div class=\"sts-block-hero__inner\"><div class=\"sts-block-hero__content has-align-center\"><div class=\"sts-block-hero__content-inner\"><h1 class=\"sts-block-hero__heading\">Co wynios\u0119 z roku za granic\u0105?<\/h1><\/div><\/div><\/div><\/section>\n\n\n\n<div class=\"wp-block-sts-text sts-text-editor has-max-width-md\"><div class=\"sts-text-editor__content\"><div class=\"sts-text-editor__content-inner\">\n<p>Kiedy wr\u00f3cisz z roku wymiany w szkole \u015bredniej, zdasz sobie spraw\u0119, jak wiele da\u0142o Ci mieszkanie i studiowanie za granic\u0105: nowych przyjaci\u00f3\u0142, nowe umiej\u0119tno\u015bci j\u0119zykowe, do\u015bwiadczenie r\u00f3\u017cnych kultur, wi\u0119ksz\u0105 pewno\u015b\u0107 siebie, mn\u00f3stwo zabawnych do\u015bwiadcze\u0144 i wspania\u0142e wspomnienia. B\u0119dziesz mie\u0107 r\u00f3wnie\u017c fantastyczne mi\u0119dzynarodowe do\u015bwiadczenie, kt\u00f3re mo\u017cesz doda\u0107 do swojego CV &#8211; a to naprawd\u0119 jest zalet\u0105 w przysz\u0142o\u015bci.<\/p>\n\n<h2>Dlaczego rok na wymianie to inwestycja w przysz\u0142o\u015b\u0107:<\/h2>\n\n<ul><li><strong>Start z g\u0142ow\u0105<\/strong>. Do\u015bwiadczenie zwi\u0105zane z mieszkaniem i studiowaniem za granic\u0105 oraz p\u0142ynne pos\u0142ugiwanie si\u0119 innym j\u0119zykiem daje wiele korzy\u015bci. To b\u0119dzie si\u0119 wyr\u00f3\u017cnia\u0107, gdy b\u0119dziesz ubiega\u0107 si\u0119 o studia wy\u017csze i prac\u0119 w przysz\u0142o\u015bci! <\/li>\n<li><strong>Rozw\u00f3j osobisty<\/strong>. Bycie ciekawym \u015bwiata i stawianie sobie wyzwa\u0144 wzbogaci Twoje \u017cycie. Pomo\u017ce Ci to rozwin\u0105\u0107 wiele cech, kt\u00f3re s\u0105 poszukiwane w \u017cyciu zawodowym, takich jak niezale\u017cno\u015b\u0107, umiej\u0119tno\u015bci spo\u0142eczne i podejmowanie inicjatywy.  <\/li>\n<li><strong>Mi\u0119dzynarodowa sie\u0107 przyjaci\u00f3\u0142<\/strong>. Zyskasz dodatkow\u0105 rodzin\u0119 i nowych najlepszych przyjaci\u00f3\u0142 w innym kraju. Pami\u0119taj, aby pozosta\u0107 w kontakcie, poniewa\u017c posiadanie przyjaci\u00f3\u0142 na ca\u0142ym \u015bwiecie to wspania\u0142y atut. Mi\u0119dzynarodowa sie\u0107 jest nieoceniona, zar\u00f3wno w \u017cyciu prywatnym, jak i w przysz\u0142ej karierze. <\/li>\n<li>N<strong>owe spojrzenie na w\u0142asn\u0105 kultur\u0119<\/strong>. Studiowanie w innym kraju pomo\u017ce Ci poszerzy\u0107 sw\u00f3j pogl\u0105d na \u015bwiat. Zobaczysz w\u0142asn\u0105 kultur\u0119 nowymi oczami i nauczysz si\u0119 wiele o sobie. Co podoba Ci si\u0119 w Twoim nowym kraju? Co jest inne? Fajnie jest te\u017c m\u00f3c dzieli\u0107 si\u0119 tradycjami i warto\u015bciami swojego kraju, kiedy jeste\u015b daleko.<\/li><\/ul>\n<\/div><\/div><\/div>\n\n\n\n<section class=\"wp-block-sts-video sts-block-video sts-block-video--landscape has-max-width-lg\"><div class=\"sts-video sts-video--landscape\"><div class=\"sts-video__handler\"><button type=\"button\" class=\"sts-video__play-button\" aria-label=\"Play video\" aria-pressed=\"false\" data-playing=\"false\"><span class=\"sts-video__play-icon\"><img decoding=\"async\" class=\"play-icon\" src=\"data:image\/svg+xml,%3csvg%20width='32'%20height='32'%20viewBox='0%200%2032%2032'%20fill='none'%20xmlns='http:\/\/www.w3.org\/2000\/svg'%3e%3cmask%20id='mask0_2459_8201'%20style='mask-type:alpha'%20maskUnits='userSpaceOnUse'%20x='0'%20y='0'%20width='32'%20height='32'%3e%3crect%20width='32'%20height='32'%20fill='%23D9D9D9'\/%3e%3c\/mask%3e%3cg%20mask='url(%23mask0_2459_8201)'%3e%3cpath%20d='M10.667%2022.8999V9.09993C10.667%208.72216%2010.8003%208.40549%2011.067%208.14993C11.3337%207.89438%2011.6448%207.7666%2012.0003%207.7666C12.1114%207.7666%2012.2281%207.78327%2012.3503%207.8166C12.4725%207.84993%2012.5892%207.89993%2012.7003%207.9666L23.567%2014.8666C23.767%2014.9999%2023.917%2015.1666%2024.017%2015.3666C24.117%2015.5666%2024.167%2015.7777%2024.167%2015.9999C24.167%2016.2222%2024.117%2016.4333%2024.017%2016.6333C23.917%2016.8333%2023.767%2016.9999%2023.567%2017.1333L12.7003%2024.0333C12.5892%2024.0999%2012.4725%2024.1499%2012.3503%2024.1833C12.2281%2024.2166%2012.1114%2024.2333%2012.0003%2024.2333C11.6448%2024.2333%2011.3337%2024.1055%2011.067%2023.8499C10.8003%2023.5944%2010.667%2023.2777%2010.667%2022.8999Z'%20fill='black'\/%3e%3c\/g%3e%3c\/svg%3e\" alt=\"\" aria-hidden=\"true\"\/><img decoding=\"async\" class=\"pause-icon\" src=\"data:image\/svg+xml,%3csvg%20width='32'%20height='32'%20viewBox='0%200%2032%2032'%20fill='none'%20xmlns='http:\/\/www.w3.org\/2000\/svg'%3e%3cmask%20id='mask0_pause'%20style='mask-type:alpha'%20maskUnits='userSpaceOnUse'%20x='0'%20y='0'%20width='32'%20height='32'%3e%3crect%20width='32'%20height='32'%20fill='%23D9D9D9'\/%3e%3c\/mask%3e%3cg%20mask='url(%23mask0_pause)'%3e%3c!--%20Left%20bar%20--%3e%3crect%20x='10'%20y='8'%20width='4'%20height='16'%20rx='1'%20fill='black'\/%3e%3c!--%20Right%20bar%20--%3e%3crect%20x='18'%20y='8'%20width='4'%20height='16'%20rx='1'%20fill='black'\/%3e%3c\/g%3e%3c\/svg%3e\" alt=\"\" aria-hidden=\"true\"\/><\/span><\/button><strong class=\"sts-video__duration\" data-duration-prefix=\"Video duration:\" data-unit-second=\"second\" data-unit-seconds=\"seconds\" data-unit-minute=\"minute\" data-unit-minutes=\"minutes\" aria-label=\"Video duration: 20.0 seconds\">20.0 secs<\/strong><\/div><div class=\"sts-video__media\" data-video-source=\"youtube\" data-video-url=\"\"><div class=\"sts-video__external-shell\" data-embed-url=\"https:\/\/www.youtube.com\/embed\/Sn8tPuafUrQ?rel=0&amp;controls=1&amp;modestbranding=1&amp;playsinline=1&amp;enablejsapi=1&amp;autoplay=0&amp;origin=https%3A%2F%2Fwww.sts-education.com\"><iframe class=\"sts-video__iframe\" src=\"https:\/\/www.youtube.com\/embed\/Sn8tPuafUrQ?rel=0&amp;controls=1&amp;modestbranding=1&amp;playsinline=1&amp;enablejsapi=1&amp;autoplay=0&amp;origin=https%3A%2F%2Fwww.sts-education.com\" title=\"Video poster\nheading\" allow=\"autoplay; fullscreen\" allowfullscreen loading=\"lazy\" data-provider=\"youtube\" data-embed-url=\"https:\/\/www.youtube.com\/embed\/Sn8tPuafUrQ?rel=0&amp;controls=1&amp;modestbranding=1&amp;playsinline=1&amp;enablejsapi=1&amp;autoplay=0&amp;origin=https%3A%2F%2Fwww.sts-education.com\"><\/iframe><\/div><\/div><\/div><\/section>\n","protected":false},"excerpt":{"rendered":"","protected":false},"author":20,"featured_media":16114,"parent":10159,"menu_order":0,"comment_status":"closed","ping_status":"closed","template":"templates\/template-default-with-breadcrumbs.php","meta":{"_acf_changed":false,"sts_page_background_color":"","footnotes":""},"wpw_page_folders":[80],"class_list":["post-10184","page","type-page","status-publish","has-post-thumbnail","hentry"],"acf":[],"yoast_head":"<!-- This site is optimized with the Yoast SEO Premium plugin v27.2 (Yoast SEO v27.3) - https:\/\/yoast.com\/product\/yoast-seo-premium-wordpress\/ -->\n<title>Zobacz wszystkie korzy\u015bci z roku za granic\u0105<\/title>\n<meta name=\"description\" content=\"Wyci\u0105gnij jak najwi\u0119cej korzy\u015bci z roku za granic\u0105. Naucz si\u0119 j\u0119zyka i kultury oraz poznaj nowych przyjaci\u00f3\u0142. Do\u015bwiadczysz r\u00f3wnie\u017c rozwoju osobistego i rozwiniesz mi\u0119dzynarodow\u0105 sie\u0107 kontakt\u00f3w.\" \/>\n<meta name=\"robots\" content=\"index, follow, max-snippet:-1, max-image-preview:large, max-video-preview:-1\" \/>\n<link rel=\"canonical\" href=\"https:\/\/www.sts-education.com\/pl\/szkola-srednia\/przed-rozpoczeciem-roku-za-granica\/korzysci-z-roku-za-granica\/\" \/>\n<meta property=\"og:locale\" content=\"pl_PL\" \/>\n<meta property=\"og:type\" content=\"article\" \/>\n<meta property=\"og:title\" content=\"Korzysci Z Roku Za Granica\" \/>\n<meta property=\"og:description\" content=\"Wyci\u0105gnij jak najwi\u0119cej korzy\u015bci z roku za granic\u0105. Naucz si\u0119 j\u0119zyka i kultury oraz poznaj nowych przyjaci\u00f3\u0142. Do\u015bwiadczysz r\u00f3wnie\u017c rozwoju osobistego i rozwiniesz mi\u0119dzynarodow\u0105 sie\u0107 kontakt\u00f3w.\" \/>\n<meta property=\"og:url\" content=\"https:\/\/www.sts-education.com\/pl\/szkola-srednia\/przed-rozpoczeciem-roku-za-granica\/korzysci-z-roku-za-granica\/\" \/>\n<meta property=\"og:site_name\" content=\"STS Education\" \/>\n<meta property=\"article:modified_time\" content=\"2026-04-14T09:58:46+00:00\" \/>\n<meta property=\"og:image\" content=\"https:\/\/powered-by.qbank.se\/educatius\/sts\/\/afc0e6e9172f867413f78160008e6f92_1-1-xsmall.webp\" \/>\n\t<meta property=\"og:image:width\" content=\"500\" \/>\n\t<meta property=\"og:image:height\" content=\"500\" \/>\n\t<meta property=\"og:image:type\" content=\"image\/jpeg\" \/>\n<meta name=\"twitter:card\" content=\"summary_large_image\" \/>\n<meta name=\"twitter:label1\" content=\"Szacowany czas czytania\" \/>\n\t<meta name=\"twitter:data1\" content=\"1 minuta\" \/>\n<script type=\"application\/ld+json\" class=\"yoast-schema-graph\">{\"@context\":\"https:\\\/\\\/schema.org\",\"@graph\":[{\"@type\":\"WebPage\",\"@id\":\"https:\\\/\\\/www.sts-education.com\\\/pl\\\/szkola-srednia\\\/przed-rozpoczeciem-roku-za-granica\\\/korzysci-z-roku-za-granica\\\/\",\"url\":\"https:\\\/\\\/www.sts-education.com\\\/pl\\\/szkola-srednia\\\/przed-rozpoczeciem-roku-za-granica\\\/korzysci-z-roku-za-granica\\\/\",\"name\":\"Zobacz wszystkie korzy\u015bci z roku za granic\u0105\",\"isPartOf\":{\"@id\":\"https:\\\/\\\/www.sts-education.com\\\/pl\\\/#website\"},\"primaryImageOfPage\":{\"@id\":\"https:\\\/\\\/www.sts-education.com\\\/pl\\\/szkola-srednia\\\/przed-rozpoczeciem-roku-za-granica\\\/korzysci-z-roku-za-granica\\\/#primaryimage\"},\"image\":{\"@id\":\"https:\\\/\\\/www.sts-education.com\\\/pl\\\/szkola-srednia\\\/przed-rozpoczeciem-roku-za-granica\\\/korzysci-z-roku-za-granica\\\/#primaryimage\"},\"thumbnailUrl\":\"https:\\\/\\\/powered-by.qbank.se\\\/educatius\\\/sts\\\/\\\/afc0e6e9172f867413f78160008e6f92_1-1-xsmall.webp\",\"datePublished\":\"2025-12-16T10:09:09+00:00\",\"dateModified\":\"2026-04-14T09:58:46+00:00\",\"description\":\"Wyci\u0105gnij jak najwi\u0119cej korzy\u015bci z roku za granic\u0105. Naucz si\u0119 j\u0119zyka i kultury oraz poznaj nowych przyjaci\u00f3\u0142. Do\u015bwiadczysz r\u00f3wnie\u017c rozwoju osobistego i rozwiniesz mi\u0119dzynarodow\u0105 sie\u0107 kontakt\u00f3w.\",\"breadcrumb\":{\"@id\":\"https:\\\/\\\/www.sts-education.com\\\/pl\\\/szkola-srednia\\\/przed-rozpoczeciem-roku-za-granica\\\/korzysci-z-roku-za-granica\\\/#breadcrumb\"},\"inLanguage\":\"pl-PL\",\"potentialAction\":[{\"@type\":\"ReadAction\",\"target\":[\"https:\\\/\\\/www.sts-education.com\\\/pl\\\/szkola-srednia\\\/przed-rozpoczeciem-roku-za-granica\\\/korzysci-z-roku-za-granica\\\/\"]}]},{\"@type\":\"ImageObject\",\"inLanguage\":\"pl-PL\",\"@id\":\"https:\\\/\\\/www.sts-education.com\\\/pl\\\/szkola-srednia\\\/przed-rozpoczeciem-roku-za-granica\\\/korzysci-z-roku-za-granica\\\/#primaryimage\",\"url\":\"https:\\\/\\\/powered-by.qbank.se\\\/educatius\\\/sts\\\/\\\/afc0e6e9172f867413f78160008e6f92_1-1-xsmall.webp\",\"contentUrl\":\"https:\\\/\\\/powered-by.qbank.se\\\/educatius\\\/sts\\\/\\\/afc0e6e9172f867413f78160008e6f92_1-1-xsmall.webp\",\"width\":500,\"height\":500},{\"@type\":\"BreadcrumbList\",\"@id\":\"https:\\\/\\\/www.sts-education.com\\\/pl\\\/szkola-srednia\\\/przed-rozpoczeciem-roku-za-granica\\\/korzysci-z-roku-za-granica\\\/#breadcrumb\",\"itemListElement\":[{\"@type\":\"ListItem\",\"position\":1,\"name\":\"Home\",\"item\":\"https:\\\/\\\/www.sts-education.com\\\/pl\\\/\"},{\"@type\":\"ListItem\",\"position\":2,\"name\":\"High school\",\"item\":\"https:\\\/\\\/www.sts-education.com\\\/pl\\\/szkola-srednia\\\/\"},{\"@type\":\"ListItem\",\"position\":3,\"name\":\"Przed Rozpoczeciem Roku Za Granica\",\"item\":\"https:\\\/\\\/www.sts-education.com\\\/pl\\\/szkola-srednia\\\/przed-rozpoczeciem-roku-za-granica\\\/\"},{\"@type\":\"ListItem\",\"position\":4,\"name\":\"Korzysci Z Roku Za Granica\"}]},{\"@type\":\"WebSite\",\"@id\":\"https:\\\/\\\/www.sts-education.com\\\/pl\\\/#website\",\"url\":\"https:\\\/\\\/www.sts-education.com\\\/pl\\\/\",\"name\":\"STS Education\",\"description\":\"\",\"potentialAction\":[{\"@type\":\"SearchAction\",\"target\":{\"@type\":\"EntryPoint\",\"urlTemplate\":\"https:\\\/\\\/www.sts-education.com\\\/pl\\\/?s={search_term_string}\"},\"query-input\":{\"@type\":\"PropertyValueSpecification\",\"valueRequired\":true,\"valueName\":\"search_term_string\"}}],\"inLanguage\":\"pl-PL\"}]}<\/script>\n<!-- \/ Yoast SEO Premium plugin. -->","yoast_head_json":{"title":"Zobacz wszystkie korzy\u015bci z roku za granic\u0105","description":"Wyci\u0105gnij jak najwi\u0119cej korzy\u015bci z roku za granic\u0105. Naucz si\u0119 j\u0119zyka i kultury oraz poznaj nowych przyjaci\u00f3\u0142. Do\u015bwiadczysz r\u00f3wnie\u017c rozwoju osobistego i rozwiniesz mi\u0119dzynarodow\u0105 sie\u0107 kontakt\u00f3w.","robots":{"index":"index","follow":"follow","max-snippet":"max-snippet:-1","max-image-preview":"max-image-preview:large","max-video-preview":"max-video-preview:-1"},"canonical":"https:\/\/www.sts-education.com\/pl\/szkola-srednia\/przed-rozpoczeciem-roku-za-granica\/korzysci-z-roku-za-granica\/","og_locale":"pl_PL","og_type":"article","og_title":"Korzysci Z Roku Za Granica","og_description":"Wyci\u0105gnij jak najwi\u0119cej korzy\u015bci z roku za granic\u0105. Naucz si\u0119 j\u0119zyka i kultury oraz poznaj nowych przyjaci\u00f3\u0142. Do\u015bwiadczysz r\u00f3wnie\u017c rozwoju osobistego i rozwiniesz mi\u0119dzynarodow\u0105 sie\u0107 kontakt\u00f3w.","og_url":"https:\/\/www.sts-education.com\/pl\/szkola-srednia\/przed-rozpoczeciem-roku-za-granica\/korzysci-z-roku-za-granica\/","og_site_name":"STS Education","article_modified_time":"2026-04-14T09:58:46+00:00","og_image":[{"width":500,"height":500,"url":"https:\/\/powered-by.qbank.se\/educatius\/sts\/\/afc0e6e9172f867413f78160008e6f92_1-1-xsmall.webp","type":"image\/jpeg"}],"twitter_card":"summary_large_image","twitter_misc":{"Szacowany czas czytania":"1 minuta"},"schema":{"@context":"https:\/\/schema.org","@graph":[{"@type":"WebPage","@id":"https:\/\/www.sts-education.com\/pl\/szkola-srednia\/przed-rozpoczeciem-roku-za-granica\/korzysci-z-roku-za-granica\/","url":"https:\/\/www.sts-education.com\/pl\/szkola-srednia\/przed-rozpoczeciem-roku-za-granica\/korzysci-z-roku-za-granica\/","name":"Zobacz wszystkie korzy\u015bci z roku za granic\u0105","isPartOf":{"@id":"https:\/\/www.sts-education.com\/pl\/#website"},"primaryImageOfPage":{"@id":"https:\/\/www.sts-education.com\/pl\/szkola-srednia\/przed-rozpoczeciem-roku-za-granica\/korzysci-z-roku-za-granica\/#primaryimage"},"image":{"@id":"https:\/\/www.sts-education.com\/pl\/szkola-srednia\/przed-rozpoczeciem-roku-za-granica\/korzysci-z-roku-za-granica\/#primaryimage"},"thumbnailUrl":"https:\/\/powered-by.qbank.se\/educatius\/sts\/\/afc0e6e9172f867413f78160008e6f92_1-1-xsmall.webp","datePublished":"2025-12-16T10:09:09+00:00","dateModified":"2026-04-14T09:58:46+00:00","description":"Wyci\u0105gnij jak najwi\u0119cej korzy\u015bci z roku za granic\u0105. Naucz si\u0119 j\u0119zyka i kultury oraz poznaj nowych przyjaci\u00f3\u0142. Do\u015bwiadczysz r\u00f3wnie\u017c rozwoju osobistego i rozwiniesz mi\u0119dzynarodow\u0105 sie\u0107 kontakt\u00f3w.","breadcrumb":{"@id":"https:\/\/www.sts-education.com\/pl\/szkola-srednia\/przed-rozpoczeciem-roku-za-granica\/korzysci-z-roku-za-granica\/#breadcrumb"},"inLanguage":"pl-PL","potentialAction":[{"@type":"ReadAction","target":["https:\/\/www.sts-education.com\/pl\/szkola-srednia\/przed-rozpoczeciem-roku-za-granica\/korzysci-z-roku-za-granica\/"]}]},{"@type":"ImageObject","inLanguage":"pl-PL","@id":"https:\/\/www.sts-education.com\/pl\/szkola-srednia\/przed-rozpoczeciem-roku-za-granica\/korzysci-z-roku-za-granica\/#primaryimage","url":"https:\/\/powered-by.qbank.se\/educatius\/sts\/\/afc0e6e9172f867413f78160008e6f92_1-1-xsmall.webp","contentUrl":"https:\/\/powered-by.qbank.se\/educatius\/sts\/\/afc0e6e9172f867413f78160008e6f92_1-1-xsmall.webp","width":500,"height":500},{"@type":"BreadcrumbList","@id":"https:\/\/www.sts-education.com\/pl\/szkola-srednia\/przed-rozpoczeciem-roku-za-granica\/korzysci-z-roku-za-granica\/#breadcrumb","itemListElement":[{"@type":"ListItem","position":1,"name":"Home","item":"https:\/\/www.sts-education.com\/pl\/"},{"@type":"ListItem","position":2,"name":"High school","item":"https:\/\/www.sts-education.com\/pl\/szkola-srednia\/"},{"@type":"ListItem","position":3,"name":"Przed Rozpoczeciem Roku Za Granica","item":"https:\/\/www.sts-education.com\/pl\/szkola-srednia\/przed-rozpoczeciem-roku-za-granica\/"},{"@type":"ListItem","position":4,"name":"Korzysci Z Roku Za Granica"}]},{"@type":"WebSite","@id":"https:\/\/www.sts-education.com\/pl\/#website","url":"https:\/\/www.sts-education.com\/pl\/","name":"STS Education","description":"","potentialAction":[{"@type":"SearchAction","target":{"@type":"EntryPoint","urlTemplate":"https:\/\/www.sts-education.com\/pl\/?s={search_term_string}"},"query-input":{"@type":"PropertyValueSpecification","valueRequired":true,"valueName":"search_term_string"}}],"inLanguage":"pl-PL"}]}},"_links":{"self":[{"href":"https:\/\/www.sts-education.com\/pl\/wp-json\/wp\/v2\/pages\/10184","targetHints":{"allow":["GET"]}}],"collection":[{"href":"https:\/\/www.sts-education.com\/pl\/wp-json\/wp\/v2\/pages"}],"about":[{"href":"https:\/\/www.sts-education.com\/pl\/wp-json\/wp\/v2\/types\/page"}],"author":[{"embeddable":true,"href":"https:\/\/www.sts-education.com\/pl\/wp-json\/wp\/v2\/users\/20"}],"replies":[{"embeddable":true,"href":"https:\/\/www.sts-education.com\/pl\/wp-json\/wp\/v2\/comments?post=10184"}],"version-history":[{"count":4,"href":"https:\/\/www.sts-education.com\/pl\/wp-json\/wp\/v2\/pages\/10184\/revisions"}],"predecessor-version":[{"id":33462,"href":"https:\/\/www.sts-education.com\/pl\/wp-json\/wp\/v2\/pages\/10184\/revisions\/33462"}],"up":[{"embeddable":true,"href":"https:\/\/www.sts-education.com\/pl\/wp-json\/wp\/v2\/pages\/10159"}],"wp:featuredmedia":[{"embeddable":true,"href":"https:\/\/www.sts-education.com\/pl\/wp-json\/wp\/v2\/media\/16114"}],"wp:attachment":[{"href":"https:\/\/www.sts-education.com\/pl\/wp-json\/wp\/v2\/media?parent=10184"}],"wp:term":[{"taxonomy":"wpw_page_folders","embeddable":true,"href":"https:\/\/www.sts-education.com\/pl\/wp-json\/wp\/v2\/wpw_page_folders?post=10184"}],"curies":[{"name":"wp","href":"https:\/\/api.w.org\/{rel}","templated":true}]}}