{"id":10185,"date":"2025-12-16T10:06:08","date_gmt":"2025-12-16T10:06:08","guid":{"rendered":"https:\/\/preprod.sts-education.com\/szkola-srednia\/przed-rozpoczeciem-roku-za-granica\/kto-moze-zlozyc-wniosek\/"},"modified":"2026-04-14T09:58:51","modified_gmt":"2026-04-14T09:58:51","slug":"kto-moze-zlozyc-wniosek","status":"publish","type":"page","link":"https:\/\/www.sts-education.com\/pl\/szkola-srednia\/przed-rozpoczeciem-roku-za-granica\/kto-moze-zlozyc-wniosek\/","title":{"rendered":"Kto Moze Zlozyc Wniosek"},"content":{"rendered":"\n<section class=\"wp-block-sts-hero sts-block-hero is-variant-full-background has-text-light has-background-media\" style=\"--sts-hero-padding-mobile:0px;--sts-hero-padding-desktop:0px;--sts-hero-text-color:var(--wp--preset--color--base-10, #fff);\" data-variant=\"full-background\"><div class=\"sts-block-hero__background\"><picture class=\"sts-responsive-image has-fit-cover is-skeleton\"><img src=\"https:\/\/cdn.sts-education.com\/12638_hero_lg_xl.jpg\" alt=\"Kto mo\u017ce wyjecha\u0107 na rok wymiany?\" loading=\"lazy\" decoding=\"async\" fetchpriority=\"low\" sizes=\"100vw\" \/><\/picture><span class=\"sts-block-hero__overlay\" aria-hidden=\"true\"><\/span><\/div><div class=\"sts-block-hero__inner\"><div class=\"sts-block-hero__content has-align-center\"><div class=\"sts-block-hero__content-inner\"><h1 class=\"sts-block-hero__heading\">Kto mo\u017ce wyjecha\u0107 na rok wymiany?<\/h1><\/div><\/div><\/div><\/section>\n\n\n\n<div class=\"wp-block-sts-text sts-text-editor has-max-width-md\"><div class=\"sts-text-editor__content\"><div class=\"sts-text-editor__content-inner\">\n<p>Sp\u0119dzenie roku jako student z wymiany daje ogromne mo\u017cliwo\u015bci. Najwa\u017cniejsze jest to, \u017ce jeste\u015b ciekawy i masz otwarty umys\u0142. Jest to spos\u00f3b na do\u015bwiadczenie mn\u00f3stwa nowych, niesamowitych rzeczy, kt\u00f3rych nigdy nie do\u015bwiadczy\u0142by\u015b w domu.<\/p>\n\n<p>Wa\u017cne jest, aby\u015b nam je ujawni\u0142, aby\u015bmy mogli znale\u017a\u0107 rodzin\u0119 i szko\u0142\u0119, kt\u00f3ra spe\u0142ni Twoje oczekiwania. Pami\u0119taj r\u00f3wnie\u017c, \u017ce niekt\u00f3re kraje wymagaj\u0105 szczepionek, aby\u015b m\u00f3g\u0142 zosta\u0107 tam przyj\u0119ty.<\/p>\n\n<h2>Jakie s\u0105 ograniczenia wiekowe dla wymiany uczniowskiej?<\/h2>\n\n<p>Aby wyjecha\u0107 na rok wymiany podczas nauki w szkole \u015bredniej, musisz mie\u0107 od 14 do 18 lat w momencie rozpocz\u0119cia roku wymiany, ale mo\u017ce si\u0119 to r\u00f3\u017cni\u0107 w zale\u017cno\u015bci od systemu szkolnictwa w r\u00f3\u017cnych krajach. Wi\u0119cej informacji znajdziesz na stronach kraju, kt\u00f3ry Ci\u0119 interesuje. Pami\u0119taj, \u017ce mog\u0105 by\u0107 dodatkowe op\u0142aty, je\u015bli masz ju\u017c 18 lat.<\/p>\n\n<h2>Jakie umiej\u0119tno\u015bci j\u0119zykowe s\u0105 potrzebne, aby wyjecha\u0107 na rok wymiany?<\/h2>\n\n<p>Podstawowy angielski jest wymagany na wszystkich naszych kierunkach. Oznacza to, \u017ce powiniene\u015b umie\u0107 m\u00f3wi\u0107, czyta\u0107 i pisa\u0107 w podstawowym zakresie po angielsku. W krajach nieangloj\u0119zycznych wymagania s\u0105 r\u00f3\u017cne. Wszystkie potrzebne informacje znajdziesz na stronach opisuj\u0105cych interesuj\u0105cy Ci\u0119 kraj.<\/p>\n\n<p>Musisz r\u00f3wnie\u017c przej\u015b\u0107 rozmow\u0119 kwalifikacyjn\u0105 z nami, a niekt\u00f3re miejsca wymagaj\u0105 dodatkowego testu online lub rozmowy przez Skype.<\/p>\n\n<p>Wybierasz si\u0119 na roczn\u0105 wymian\u0119 do kraju anglo-, hiszpa\u0144sko-, niemiecko- lub w\u0142oskoj\u0119zycznego i chcesz po\u0107wiczy\u0107 swoje umiej\u0119tno\u015bci j\u0119zykowe przed wyjazdem? Przygotuj si\u0119 z naszym cyfrowym <a href=\"https:\/\/www.sts-education.com\/pl\/szkola-srednia\/przed-rozpoczeciem-roku-za-granica\/przygotuj-sie-z-naszymi-kursami-jezykowymi\/\">kursem j\u0119zykowym<\/a>!<\/p>\n\n<h2>Jakich ocen potrzebuj\u0119, aby wzi\u0105\u0107 udzia\u0142 w wymianie w szkole \u015bredniej?<\/h2>\n\n<p>Aby zosta\u0107 przyj\u0119tym, musisz mie\u0107 co najmniej ocen\u0119 pozytywn\u0105 ze wszystkich przedmiot\u00f3w. Je\u015bli masz ni\u017csze oceny z jakiego\u015b przedmiotu, skontaktuj si\u0119 z nami, a my mo\u017cemy przeprowadzi\u0107 indywidualn\u0105 ocen\u0119. Zawsze zrobimy wszystko, co w naszej mocy, aby pom\u00f3c jak najwi\u0119kszej liczbie os\u00f3b dosta\u0107 si\u0119 na roczne studia za granic\u0105.<\/p>\n\n<p><a href=\"https:\/\/www.sts-education.com\/pl\/o-sts\/kontakt-z-nami\/\">Pytania? Skontaktuj si\u0119 z nami!<\/a><\/p>\n<\/div><\/div><\/div>\n","protected":false},"excerpt":{"rendered":"","protected":false},"author":20,"featured_media":16116,"parent":10159,"menu_order":0,"comment_status":"closed","ping_status":"closed","template":"templates\/template-default-with-breadcrumbs.php","meta":{"_acf_changed":false,"sts_page_background_color":"","footnotes":""},"wpw_page_folders":[80],"class_list":["post-10185","page","type-page","status-publish","has-post-thumbnail","hentry"],"acf":[],"yoast_head":"<!-- This site is optimized with the Yoast SEO Premium plugin v27.2 (Yoast SEO v27.3) - https:\/\/yoast.com\/product\/yoast-seo-premium-wordpress\/ -->\n<title>Kto mo\u017ce by\u0107 studentem z wymiany przez rok?<\/title>\n<meta name=\"description\" content=\"Wi\u0119kszo\u015b\u0107 os\u00f3b mo\u017ce wyjecha\u0107 na rok za granic\u0119. Alergie czy inne choroby nie musz\u0105 by\u0107 przeszkod\u0105. Najwa\u017cniejsze jest to, aby\u015b by\u0142 ciekawy \u015bwiata i mia\u0142 otwarty umys\u0142.\" \/>\n<meta name=\"robots\" content=\"index, follow, max-snippet:-1, max-image-preview:large, max-video-preview:-1\" \/>\n<link rel=\"canonical\" href=\"https:\/\/www.sts-education.com\/pl\/szkola-srednia\/przed-rozpoczeciem-roku-za-granica\/kto-moze-zlozyc-wniosek\/\" \/>\n<meta property=\"og:locale\" content=\"pl_PL\" \/>\n<meta property=\"og:type\" content=\"article\" \/>\n<meta property=\"og:title\" content=\"Kto Moze Zlozyc Wniosek\" \/>\n<meta property=\"og:description\" content=\"Wi\u0119kszo\u015b\u0107 os\u00f3b mo\u017ce wyjecha\u0107 na rok za granic\u0119. Alergie czy inne choroby nie musz\u0105 by\u0107 przeszkod\u0105. Najwa\u017cniejsze jest to, aby\u015b by\u0142 ciekawy \u015bwiata i mia\u0142 otwarty umys\u0142.\" \/>\n<meta property=\"og:url\" content=\"https:\/\/www.sts-education.com\/pl\/szkola-srednia\/przed-rozpoczeciem-roku-za-granica\/kto-moze-zlozyc-wniosek\/\" \/>\n<meta property=\"og:site_name\" content=\"STS Education\" \/>\n<meta property=\"article:modified_time\" content=\"2026-04-14T09:58:51+00:00\" \/>\n<meta property=\"og:image\" content=\"https:\/\/powered-by.qbank.se\/educatius\/sts\/\/654adcd0696a9cfff110373a8858629b_1-1-thumb.webp\" \/>\n\t<meta property=\"og:image:width\" content=\"150\" \/>\n\t<meta property=\"og:image:height\" content=\"150\" \/>\n\t<meta property=\"og:image:type\" content=\"image\/jpeg\" \/>\n<meta name=\"twitter:card\" content=\"summary_large_image\" \/>\n<meta name=\"twitter:label1\" content=\"Szacowany czas czytania\" \/>\n\t<meta name=\"twitter:data1\" content=\"2 minuty\" \/>\n<script type=\"application\/ld+json\" class=\"yoast-schema-graph\">{\"@context\":\"https:\\\/\\\/schema.org\",\"@graph\":[{\"@type\":\"WebPage\",\"@id\":\"https:\\\/\\\/www.sts-education.com\\\/pl\\\/szkola-srednia\\\/przed-rozpoczeciem-roku-za-granica\\\/kto-moze-zlozyc-wniosek\\\/\",\"url\":\"https:\\\/\\\/www.sts-education.com\\\/pl\\\/szkola-srednia\\\/przed-rozpoczeciem-roku-za-granica\\\/kto-moze-zlozyc-wniosek\\\/\",\"name\":\"Kto mo\u017ce by\u0107 studentem z wymiany przez rok?\",\"isPartOf\":{\"@id\":\"https:\\\/\\\/www.sts-education.com\\\/pl\\\/#website\"},\"primaryImageOfPage\":{\"@id\":\"https:\\\/\\\/www.sts-education.com\\\/pl\\\/szkola-srednia\\\/przed-rozpoczeciem-roku-za-granica\\\/kto-moze-zlozyc-wniosek\\\/#primaryimage\"},\"image\":{\"@id\":\"https:\\\/\\\/www.sts-education.com\\\/pl\\\/szkola-srednia\\\/przed-rozpoczeciem-roku-za-granica\\\/kto-moze-zlozyc-wniosek\\\/#primaryimage\"},\"thumbnailUrl\":\"https:\\\/\\\/powered-by.qbank.se\\\/educatius\\\/sts\\\/\\\/654adcd0696a9cfff110373a8858629b_1-1-thumb.webp\",\"datePublished\":\"2025-12-16T10:06:08+00:00\",\"dateModified\":\"2026-04-14T09:58:51+00:00\",\"description\":\"Wi\u0119kszo\u015b\u0107 os\u00f3b mo\u017ce wyjecha\u0107 na rok za granic\u0119. Alergie czy inne choroby nie musz\u0105 by\u0107 przeszkod\u0105. Najwa\u017cniejsze jest to, aby\u015b by\u0142 ciekawy \u015bwiata i mia\u0142 otwarty umys\u0142.\",\"breadcrumb\":{\"@id\":\"https:\\\/\\\/www.sts-education.com\\\/pl\\\/szkola-srednia\\\/przed-rozpoczeciem-roku-za-granica\\\/kto-moze-zlozyc-wniosek\\\/#breadcrumb\"},\"inLanguage\":\"pl-PL\",\"potentialAction\":[{\"@type\":\"ReadAction\",\"target\":[\"https:\\\/\\\/www.sts-education.com\\\/pl\\\/szkola-srednia\\\/przed-rozpoczeciem-roku-za-granica\\\/kto-moze-zlozyc-wniosek\\\/\"]}]},{\"@type\":\"ImageObject\",\"inLanguage\":\"pl-PL\",\"@id\":\"https:\\\/\\\/www.sts-education.com\\\/pl\\\/szkola-srednia\\\/przed-rozpoczeciem-roku-za-granica\\\/kto-moze-zlozyc-wniosek\\\/#primaryimage\",\"url\":\"https:\\\/\\\/powered-by.qbank.se\\\/educatius\\\/sts\\\/\\\/654adcd0696a9cfff110373a8858629b_1-1-thumb.webp\",\"contentUrl\":\"https:\\\/\\\/powered-by.qbank.se\\\/educatius\\\/sts\\\/\\\/654adcd0696a9cfff110373a8858629b_1-1-thumb.webp\",\"width\":150,\"height\":150},{\"@type\":\"BreadcrumbList\",\"@id\":\"https:\\\/\\\/www.sts-education.com\\\/pl\\\/szkola-srednia\\\/przed-rozpoczeciem-roku-za-granica\\\/kto-moze-zlozyc-wniosek\\\/#breadcrumb\",\"itemListElement\":[{\"@type\":\"ListItem\",\"position\":1,\"name\":\"Home\",\"item\":\"https:\\\/\\\/www.sts-education.com\\\/pl\\\/\"},{\"@type\":\"ListItem\",\"position\":2,\"name\":\"High school\",\"item\":\"https:\\\/\\\/www.sts-education.com\\\/pl\\\/szkola-srednia\\\/\"},{\"@type\":\"ListItem\",\"position\":3,\"name\":\"Przed Rozpoczeciem Roku Za Granica\",\"item\":\"https:\\\/\\\/www.sts-education.com\\\/pl\\\/szkola-srednia\\\/przed-rozpoczeciem-roku-za-granica\\\/\"},{\"@type\":\"ListItem\",\"position\":4,\"name\":\"Kto Moze Zlozyc Wniosek\"}]},{\"@type\":\"WebSite\",\"@id\":\"https:\\\/\\\/www.sts-education.com\\\/pl\\\/#website\",\"url\":\"https:\\\/\\\/www.sts-education.com\\\/pl\\\/\",\"name\":\"STS Education\",\"description\":\"\",\"potentialAction\":[{\"@type\":\"SearchAction\",\"target\":{\"@type\":\"EntryPoint\",\"urlTemplate\":\"https:\\\/\\\/www.sts-education.com\\\/pl\\\/?s={search_term_string}\"},\"query-input\":{\"@type\":\"PropertyValueSpecification\",\"valueRequired\":true,\"valueName\":\"search_term_string\"}}],\"inLanguage\":\"pl-PL\"}]}<\/script>\n<!-- \/ Yoast SEO Premium plugin. -->","yoast_head_json":{"title":"Kto mo\u017ce by\u0107 studentem z wymiany przez rok?","description":"Wi\u0119kszo\u015b\u0107 os\u00f3b mo\u017ce wyjecha\u0107 na rok za granic\u0119. Alergie czy inne choroby nie musz\u0105 by\u0107 przeszkod\u0105. Najwa\u017cniejsze jest to, aby\u015b by\u0142 ciekawy \u015bwiata i mia\u0142 otwarty umys\u0142.","robots":{"index":"index","follow":"follow","max-snippet":"max-snippet:-1","max-image-preview":"max-image-preview:large","max-video-preview":"max-video-preview:-1"},"canonical":"https:\/\/www.sts-education.com\/pl\/szkola-srednia\/przed-rozpoczeciem-roku-za-granica\/kto-moze-zlozyc-wniosek\/","og_locale":"pl_PL","og_type":"article","og_title":"Kto Moze Zlozyc Wniosek","og_description":"Wi\u0119kszo\u015b\u0107 os\u00f3b mo\u017ce wyjecha\u0107 na rok za granic\u0119. Alergie czy inne choroby nie musz\u0105 by\u0107 przeszkod\u0105. Najwa\u017cniejsze jest to, aby\u015b by\u0142 ciekawy \u015bwiata i mia\u0142 otwarty umys\u0142.","og_url":"https:\/\/www.sts-education.com\/pl\/szkola-srednia\/przed-rozpoczeciem-roku-za-granica\/kto-moze-zlozyc-wniosek\/","og_site_name":"STS Education","article_modified_time":"2026-04-14T09:58:51+00:00","og_image":[{"width":150,"height":150,"url":"https:\/\/powered-by.qbank.se\/educatius\/sts\/\/654adcd0696a9cfff110373a8858629b_1-1-thumb.webp","type":"image\/jpeg"}],"twitter_card":"summary_large_image","twitter_misc":{"Szacowany czas czytania":"2 minuty"},"schema":{"@context":"https:\/\/schema.org","@graph":[{"@type":"WebPage","@id":"https:\/\/www.sts-education.com\/pl\/szkola-srednia\/przed-rozpoczeciem-roku-za-granica\/kto-moze-zlozyc-wniosek\/","url":"https:\/\/www.sts-education.com\/pl\/szkola-srednia\/przed-rozpoczeciem-roku-za-granica\/kto-moze-zlozyc-wniosek\/","name":"Kto mo\u017ce by\u0107 studentem z wymiany przez rok?","isPartOf":{"@id":"https:\/\/www.sts-education.com\/pl\/#website"},"primaryImageOfPage":{"@id":"https:\/\/www.sts-education.com\/pl\/szkola-srednia\/przed-rozpoczeciem-roku-za-granica\/kto-moze-zlozyc-wniosek\/#primaryimage"},"image":{"@id":"https:\/\/www.sts-education.com\/pl\/szkola-srednia\/przed-rozpoczeciem-roku-za-granica\/kto-moze-zlozyc-wniosek\/#primaryimage"},"thumbnailUrl":"https:\/\/powered-by.qbank.se\/educatius\/sts\/\/654adcd0696a9cfff110373a8858629b_1-1-thumb.webp","datePublished":"2025-12-16T10:06:08+00:00","dateModified":"2026-04-14T09:58:51+00:00","description":"Wi\u0119kszo\u015b\u0107 os\u00f3b mo\u017ce wyjecha\u0107 na rok za granic\u0119. Alergie czy inne choroby nie musz\u0105 by\u0107 przeszkod\u0105. Najwa\u017cniejsze jest to, aby\u015b by\u0142 ciekawy \u015bwiata i mia\u0142 otwarty umys\u0142.","breadcrumb":{"@id":"https:\/\/www.sts-education.com\/pl\/szkola-srednia\/przed-rozpoczeciem-roku-za-granica\/kto-moze-zlozyc-wniosek\/#breadcrumb"},"inLanguage":"pl-PL","potentialAction":[{"@type":"ReadAction","target":["https:\/\/www.sts-education.com\/pl\/szkola-srednia\/przed-rozpoczeciem-roku-za-granica\/kto-moze-zlozyc-wniosek\/"]}]},{"@type":"ImageObject","inLanguage":"pl-PL","@id":"https:\/\/www.sts-education.com\/pl\/szkola-srednia\/przed-rozpoczeciem-roku-za-granica\/kto-moze-zlozyc-wniosek\/#primaryimage","url":"https:\/\/powered-by.qbank.se\/educatius\/sts\/\/654adcd0696a9cfff110373a8858629b_1-1-thumb.webp","contentUrl":"https:\/\/powered-by.qbank.se\/educatius\/sts\/\/654adcd0696a9cfff110373a8858629b_1-1-thumb.webp","width":150,"height":150},{"@type":"BreadcrumbList","@id":"https:\/\/www.sts-education.com\/pl\/szkola-srednia\/przed-rozpoczeciem-roku-za-granica\/kto-moze-zlozyc-wniosek\/#breadcrumb","itemListElement":[{"@type":"ListItem","position":1,"name":"Home","item":"https:\/\/www.sts-education.com\/pl\/"},{"@type":"ListItem","position":2,"name":"High school","item":"https:\/\/www.sts-education.com\/pl\/szkola-srednia\/"},{"@type":"ListItem","position":3,"name":"Przed Rozpoczeciem Roku Za Granica","item":"https:\/\/www.sts-education.com\/pl\/szkola-srednia\/przed-rozpoczeciem-roku-za-granica\/"},{"@type":"ListItem","position":4,"name":"Kto Moze Zlozyc Wniosek"}]},{"@type":"WebSite","@id":"https:\/\/www.sts-education.com\/pl\/#website","url":"https:\/\/www.sts-education.com\/pl\/","name":"STS Education","description":"","potentialAction":[{"@type":"SearchAction","target":{"@type":"EntryPoint","urlTemplate":"https:\/\/www.sts-education.com\/pl\/?s={search_term_string}"},"query-input":{"@type":"PropertyValueSpecification","valueRequired":true,"valueName":"search_term_string"}}],"inLanguage":"pl-PL"}]}},"_links":{"self":[{"href":"https:\/\/www.sts-education.com\/pl\/wp-json\/wp\/v2\/pages\/10185","targetHints":{"allow":["GET"]}}],"collection":[{"href":"https:\/\/www.sts-education.com\/pl\/wp-json\/wp\/v2\/pages"}],"about":[{"href":"https:\/\/www.sts-education.com\/pl\/wp-json\/wp\/v2\/types\/page"}],"author":[{"embeddable":true,"href":"https:\/\/www.sts-education.com\/pl\/wp-json\/wp\/v2\/users\/20"}],"replies":[{"embeddable":true,"href":"https:\/\/www.sts-education.com\/pl\/wp-json\/wp\/v2\/comments?post=10185"}],"version-history":[{"count":4,"href":"https:\/\/www.sts-education.com\/pl\/wp-json\/wp\/v2\/pages\/10185\/revisions"}],"predecessor-version":[{"id":33465,"href":"https:\/\/www.sts-education.com\/pl\/wp-json\/wp\/v2\/pages\/10185\/revisions\/33465"}],"up":[{"embeddable":true,"href":"https:\/\/www.sts-education.com\/pl\/wp-json\/wp\/v2\/pages\/10159"}],"wp:featuredmedia":[{"embeddable":true,"href":"https:\/\/www.sts-education.com\/pl\/wp-json\/wp\/v2\/media\/16116"}],"wp:attachment":[{"href":"https:\/\/www.sts-education.com\/pl\/wp-json\/wp\/v2\/media?parent=10185"}],"wp:term":[{"taxonomy":"wpw_page_folders","embeddable":true,"href":"https:\/\/www.sts-education.com\/pl\/wp-json\/wp\/v2\/wpw_page_folders?post=10185"}],"curies":[{"name":"wp","href":"https:\/\/api.w.org\/{rel}","templated":true}]}}