{"id":10186,"date":"2025-12-16T10:08:36","date_gmt":"2025-12-16T10:08:36","guid":{"rendered":"https:\/\/preprod.sts-education.com\/szkola-srednia\/przed-rozpoczeciem-roku-za-granica\/przygotuj-sie-z-naszymi-kursami-jezykowymi\/"},"modified":"2026-04-14T09:58:48","modified_gmt":"2026-04-14T09:58:48","slug":"przygotuj-sie-z-naszymi-kursami-jezykowymi","status":"publish","type":"page","link":"https:\/\/www.sts-education.com\/pl\/szkola-srednia\/przed-rozpoczeciem-roku-za-granica\/przygotuj-sie-z-naszymi-kursami-jezykowymi\/","title":{"rendered":"Przygotuj Sie Z Naszymi Kursami Jezykowymi"},"content":{"rendered":"\n<section class=\"wp-block-sts-hero sts-block-hero is-variant-full-background has-text-light has-background-media\" style=\"--sts-hero-padding-mobile:0px;--sts-hero-padding-desktop:0px;--sts-hero-text-color:var(--wp--preset--color--base-10, #fff);\" data-variant=\"full-background\"><div class=\"sts-block-hero__background\"><picture class=\"sts-responsive-image has-fit-cover is-skeleton\"><img src=\"https:\/\/cdn.sts-education.com\/13655_hero_lg_xl.jpg\" alt=\"Przygotuj si\u0119 na kurs j\u0119zykowy!\" loading=\"lazy\" decoding=\"async\" fetchpriority=\"low\" sizes=\"100vw\" \/><\/picture><span class=\"sts-block-hero__overlay\" aria-hidden=\"true\"><\/span><\/div><div class=\"sts-block-hero__inner\"><div class=\"sts-block-hero__content has-align-center\"><div class=\"sts-block-hero__content-inner\"><h1 class=\"sts-block-hero__heading\">Przygotuj si\u0119 na kurs j\u0119zykowy!<\/h1><\/div><\/div><\/div><\/section>\n\n\n\n<div class=\"wp-block-sts-text sts-text-editor has-max-width-md\"><div class=\"sts-text-editor__content\"><div class=\"sts-text-editor__content-inner\">\n<p>Wybierasz si\u0119 na roczn\u0105 wymian\u0119 do kraju angloj\u0119zycznego, hiszpa\u0144skoj\u0119zycznego, niemieckoj\u0119zycznego lub w\u0142oskoj\u0119zycznego? Przygotuj si\u0119 z naszym cyfrowym kursem j\u0119zykowym! Pomo\u017ce ci on opanowa\u0107 j\u0119zyk, gdy ju\u017c tam b\u0119dziesz i u\u0142atwi zrozumienie, co m\u00f3wi\u0105 twoi nowi przyjaciele, rodzina goszcz\u0105ca i nauczyciele od samego pocz\u0105tku.<\/p>\n\n<h2>W ramach tych kurs\u00f3w nauczysz si\u0119<\/h2>\n\n<ul><li>W ma\u0142ych grupach online. Przez ca\u0142y czas trwania kursu b\u0119dziesz mie\u0107 tych samych koleg\u00f3w z klasy i nauczyciela.<\/li>\n<li>Funkcjonalnego j\u0119zyka przydatnego w codziennych sytuacjach, z kt\u00f3rymi spotkasz si\u0119 podczas roku za granic\u0105.<\/li>\n<li>Culture Corners \u2014 interaktywnych sesji po\u015bwi\u0119conych tradycjom i \u017cyciu codziennemu w kraju docelowym.<\/li><\/ul>\n\n<p>Sesje te pog\u0142\u0119biaj\u0105 zrozumienie lokalnego \u017cycia, dzi\u0119ki czemu rok za granic\u0105 b\u0119dzie zar\u00f3wno bogaty pod wzgl\u0119dem j\u0119zykowym, jak i kulturowym.<\/p>\n\n<p>Na koniec kursu otrzymasz r\u00f3wnie\u017c certyfikat uczestnictwa!<\/p>\n\n<h2>Data rozpocz\u0119cia i godziny<\/h2>\n\n<p><strong>Angielski<\/strong> (zobacz <a href=\"https:\/\/www.sts-education.com\/pl\/szkola-srednia\/kierunki-wyjazdowe\/ameryka-polnocna\/usa\/#dodatki\">cen\u0119<\/a>)<\/p>\n\n<p>Kurs jest dost\u0119pny na kilku r\u00f3\u017cnych poziomach, obejmuje 35 godzin nauki i rozpoczyna si\u0119 kilka razy w ci\u0105gu roku.<\/p>\n\n<p><strong>Hiszpa\u0144ski, niemiecki, w\u0142oski, francuski<\/strong><\/p>\n\n<p>Kursy s\u0105 dost\u0119pne na r\u00f3\u017cnych poziomach, obejmuj\u0105 15 godzin nauki i zazwyczaj rozpoczynaj\u0105 si\u0119 w kwietniu.<\/p>\n\n<p><a href=\"https:\/\/www.sts-education.com\/pl\/szkola-srednia\/kierunki-wyjazdowe\/europa\/hiszpania\/#dodatki\">Cena kursu hiszpa\u0144skiego<\/a><\/p>\n\n<p><a href=\"https:\/\/www.sts-education.com\/pl\/szkola-srednia\/kierunki-wyjazdowe\/europa\/niemcy\/#dodatki\">Cena kursu niemieckiego<\/a><\/p>\n\n<p><a href=\"https:\/\/www.sts-education.com\/pl\/szkola-srednia\/kierunki-wyjazdowe\/europa\/wlochy\/#dodatki\">Cena kursu w\u0142oskiego<\/a><\/p>\n\n<p><a href=\"https:\/\/www.sts-education.com\/pl\/szkola-srednia\/kierunki-wyjazdowe\/europa\/francja\/#dodatki\">Cena kursu francuskiego<\/a><\/p>\n\n<p>Skontaktuj si\u0119 z <a href=\"https:\/\/www.sts-education.com\/pl\/o-sts\/kontakt-z-nami\/\">lokalnym biurem STS<\/a>, aby dowiedzie\u0107 si\u0119 wi\u0119cej.<\/p>\n<\/div><\/div><\/div>\n","protected":false},"excerpt":{"rendered":"","protected":false},"author":20,"featured_media":0,"parent":10159,"menu_order":0,"comment_status":"closed","ping_status":"closed","template":"templates\/template-default-with-breadcrumbs.php","meta":{"_acf_changed":false,"sts_page_background_color":"","footnotes":""},"wpw_page_folders":[80],"class_list":["post-10186","page","type-page","status-publish","hentry"],"acf":[],"yoast_head":"<!-- This site is optimized with the Yoast SEO Premium plugin v27.2 (Yoast SEO v27.3) - https:\/\/yoast.com\/product\/yoast-seo-premium-wordpress\/ -->\n<title>Przygotuj si\u0119 na kurs j\u0119zykowy!<\/title>\n<meta name=\"description\" content=\"Wybierasz si\u0119 na roczn\u0105 wymian\u0119 do kraju angloj\u0119zycznego, hiszpa\u0144skoj\u0119zycznego, niemieckoj\u0119zycznego lub w\u0142oskoj\u0119zycznego? Przygotuj si\u0119 z naszym cyfrowym kursem j\u0119zykowym!\" \/>\n<meta name=\"robots\" content=\"index, follow, max-snippet:-1, max-image-preview:large, max-video-preview:-1\" \/>\n<link rel=\"canonical\" href=\"https:\/\/www.sts-education.com\/pl\/szkola-srednia\/przed-rozpoczeciem-roku-za-granica\/przygotuj-sie-z-naszymi-kursami-jezykowymi\/\" \/>\n<meta property=\"og:locale\" content=\"pl_PL\" \/>\n<meta property=\"og:type\" content=\"article\" \/>\n<meta property=\"og:title\" content=\"Przygotuj Sie Z Naszymi Kursami Jezykowymi\" \/>\n<meta property=\"og:description\" content=\"Wybierasz si\u0119 na roczn\u0105 wymian\u0119 do kraju angloj\u0119zycznego, hiszpa\u0144skoj\u0119zycznego, niemieckoj\u0119zycznego lub w\u0142oskoj\u0119zycznego? Przygotuj si\u0119 z naszym cyfrowym kursem j\u0119zykowym!\" \/>\n<meta property=\"og:url\" content=\"https:\/\/www.sts-education.com\/pl\/szkola-srednia\/przed-rozpoczeciem-roku-za-granica\/przygotuj-sie-z-naszymi-kursami-jezykowymi\/\" \/>\n<meta property=\"og:site_name\" content=\"STS Education\" \/>\n<meta property=\"article:modified_time\" content=\"2026-04-14T09:58:48+00:00\" \/>\n<meta property=\"og:image\" content=\"https:\/\/cdn.sts-education.com\/13655_hero_lg_xl.jpg\" \/>\n<meta name=\"twitter:card\" content=\"summary_large_image\" \/>\n<meta name=\"twitter:label1\" content=\"Szacowany czas czytania\" \/>\n\t<meta name=\"twitter:data1\" content=\"1 minuta\" \/>\n<script type=\"application\/ld+json\" class=\"yoast-schema-graph\">{\"@context\":\"https:\\\/\\\/schema.org\",\"@graph\":[{\"@type\":\"WebPage\",\"@id\":\"https:\\\/\\\/www.sts-education.com\\\/pl\\\/szkola-srednia\\\/przed-rozpoczeciem-roku-za-granica\\\/przygotuj-sie-z-naszymi-kursami-jezykowymi\\\/\",\"url\":\"https:\\\/\\\/www.sts-education.com\\\/pl\\\/szkola-srednia\\\/przed-rozpoczeciem-roku-za-granica\\\/przygotuj-sie-z-naszymi-kursami-jezykowymi\\\/\",\"name\":\"Przygotuj si\u0119 na kurs j\u0119zykowy!\",\"isPartOf\":{\"@id\":\"https:\\\/\\\/www.sts-education.com\\\/pl\\\/#website\"},\"primaryImageOfPage\":{\"@id\":\"https:\\\/\\\/www.sts-education.com\\\/pl\\\/szkola-srednia\\\/przed-rozpoczeciem-roku-za-granica\\\/przygotuj-sie-z-naszymi-kursami-jezykowymi\\\/#primaryimage\"},\"image\":{\"@id\":\"https:\\\/\\\/www.sts-education.com\\\/pl\\\/szkola-srednia\\\/przed-rozpoczeciem-roku-za-granica\\\/przygotuj-sie-z-naszymi-kursami-jezykowymi\\\/#primaryimage\"},\"thumbnailUrl\":\"https:\\\/\\\/cdn.sts-education.com\\\/13655_hero_lg_xl.jpg\",\"datePublished\":\"2025-12-16T10:08:36+00:00\",\"dateModified\":\"2026-04-14T09:58:48+00:00\",\"description\":\"Wybierasz si\u0119 na roczn\u0105 wymian\u0119 do kraju angloj\u0119zycznego, hiszpa\u0144skoj\u0119zycznego, niemieckoj\u0119zycznego lub w\u0142oskoj\u0119zycznego? Przygotuj si\u0119 z naszym cyfrowym kursem j\u0119zykowym!\",\"breadcrumb\":{\"@id\":\"https:\\\/\\\/www.sts-education.com\\\/pl\\\/szkola-srednia\\\/przed-rozpoczeciem-roku-za-granica\\\/przygotuj-sie-z-naszymi-kursami-jezykowymi\\\/#breadcrumb\"},\"inLanguage\":\"pl-PL\",\"potentialAction\":[{\"@type\":\"ReadAction\",\"target\":[\"https:\\\/\\\/www.sts-education.com\\\/pl\\\/szkola-srednia\\\/przed-rozpoczeciem-roku-za-granica\\\/przygotuj-sie-z-naszymi-kursami-jezykowymi\\\/\"]}]},{\"@type\":\"ImageObject\",\"inLanguage\":\"pl-PL\",\"@id\":\"https:\\\/\\\/www.sts-education.com\\\/pl\\\/szkola-srednia\\\/przed-rozpoczeciem-roku-za-granica\\\/przygotuj-sie-z-naszymi-kursami-jezykowymi\\\/#primaryimage\",\"url\":\"https:\\\/\\\/cdn.sts-education.com\\\/13655_hero_lg_xl.jpg\",\"contentUrl\":\"https:\\\/\\\/cdn.sts-education.com\\\/13655_hero_lg_xl.jpg\"},{\"@type\":\"BreadcrumbList\",\"@id\":\"https:\\\/\\\/www.sts-education.com\\\/pl\\\/szkola-srednia\\\/przed-rozpoczeciem-roku-za-granica\\\/przygotuj-sie-z-naszymi-kursami-jezykowymi\\\/#breadcrumb\",\"itemListElement\":[{\"@type\":\"ListItem\",\"position\":1,\"name\":\"Home\",\"item\":\"https:\\\/\\\/www.sts-education.com\\\/pl\\\/\"},{\"@type\":\"ListItem\",\"position\":2,\"name\":\"High school\",\"item\":\"https:\\\/\\\/www.sts-education.com\\\/pl\\\/szkola-srednia\\\/\"},{\"@type\":\"ListItem\",\"position\":3,\"name\":\"Przed Rozpoczeciem Roku Za Granica\",\"item\":\"https:\\\/\\\/www.sts-education.com\\\/pl\\\/szkola-srednia\\\/przed-rozpoczeciem-roku-za-granica\\\/\"},{\"@type\":\"ListItem\",\"position\":4,\"name\":\"Przygotuj Sie Z Naszymi Kursami Jezykowymi\"}]},{\"@type\":\"WebSite\",\"@id\":\"https:\\\/\\\/www.sts-education.com\\\/pl\\\/#website\",\"url\":\"https:\\\/\\\/www.sts-education.com\\\/pl\\\/\",\"name\":\"STS Education\",\"description\":\"\",\"potentialAction\":[{\"@type\":\"SearchAction\",\"target\":{\"@type\":\"EntryPoint\",\"urlTemplate\":\"https:\\\/\\\/www.sts-education.com\\\/pl\\\/?s={search_term_string}\"},\"query-input\":{\"@type\":\"PropertyValueSpecification\",\"valueRequired\":true,\"valueName\":\"search_term_string\"}}],\"inLanguage\":\"pl-PL\"}]}<\/script>\n<!-- \/ Yoast SEO Premium plugin. -->","yoast_head_json":{"title":"Przygotuj si\u0119 na kurs j\u0119zykowy!","description":"Wybierasz si\u0119 na roczn\u0105 wymian\u0119 do kraju angloj\u0119zycznego, hiszpa\u0144skoj\u0119zycznego, niemieckoj\u0119zycznego lub w\u0142oskoj\u0119zycznego? Przygotuj si\u0119 z naszym cyfrowym kursem j\u0119zykowym!","robots":{"index":"index","follow":"follow","max-snippet":"max-snippet:-1","max-image-preview":"max-image-preview:large","max-video-preview":"max-video-preview:-1"},"canonical":"https:\/\/www.sts-education.com\/pl\/szkola-srednia\/przed-rozpoczeciem-roku-za-granica\/przygotuj-sie-z-naszymi-kursami-jezykowymi\/","og_locale":"pl_PL","og_type":"article","og_title":"Przygotuj Sie Z Naszymi Kursami Jezykowymi","og_description":"Wybierasz si\u0119 na roczn\u0105 wymian\u0119 do kraju angloj\u0119zycznego, hiszpa\u0144skoj\u0119zycznego, niemieckoj\u0119zycznego lub w\u0142oskoj\u0119zycznego? Przygotuj si\u0119 z naszym cyfrowym kursem j\u0119zykowym!","og_url":"https:\/\/www.sts-education.com\/pl\/szkola-srednia\/przed-rozpoczeciem-roku-za-granica\/przygotuj-sie-z-naszymi-kursami-jezykowymi\/","og_site_name":"STS Education","article_modified_time":"2026-04-14T09:58:48+00:00","og_image":[{"url":"https:\/\/cdn.sts-education.com\/13655_hero_lg_xl.jpg","type":"","width":"","height":""}],"twitter_card":"summary_large_image","twitter_misc":{"Szacowany czas czytania":"1 minuta"},"schema":{"@context":"https:\/\/schema.org","@graph":[{"@type":"WebPage","@id":"https:\/\/www.sts-education.com\/pl\/szkola-srednia\/przed-rozpoczeciem-roku-za-granica\/przygotuj-sie-z-naszymi-kursami-jezykowymi\/","url":"https:\/\/www.sts-education.com\/pl\/szkola-srednia\/przed-rozpoczeciem-roku-za-granica\/przygotuj-sie-z-naszymi-kursami-jezykowymi\/","name":"Przygotuj si\u0119 na kurs j\u0119zykowy!","isPartOf":{"@id":"https:\/\/www.sts-education.com\/pl\/#website"},"primaryImageOfPage":{"@id":"https:\/\/www.sts-education.com\/pl\/szkola-srednia\/przed-rozpoczeciem-roku-za-granica\/przygotuj-sie-z-naszymi-kursami-jezykowymi\/#primaryimage"},"image":{"@id":"https:\/\/www.sts-education.com\/pl\/szkola-srednia\/przed-rozpoczeciem-roku-za-granica\/przygotuj-sie-z-naszymi-kursami-jezykowymi\/#primaryimage"},"thumbnailUrl":"https:\/\/cdn.sts-education.com\/13655_hero_lg_xl.jpg","datePublished":"2025-12-16T10:08:36+00:00","dateModified":"2026-04-14T09:58:48+00:00","description":"Wybierasz si\u0119 na roczn\u0105 wymian\u0119 do kraju angloj\u0119zycznego, hiszpa\u0144skoj\u0119zycznego, niemieckoj\u0119zycznego lub w\u0142oskoj\u0119zycznego? Przygotuj si\u0119 z naszym cyfrowym kursem j\u0119zykowym!","breadcrumb":{"@id":"https:\/\/www.sts-education.com\/pl\/szkola-srednia\/przed-rozpoczeciem-roku-za-granica\/przygotuj-sie-z-naszymi-kursami-jezykowymi\/#breadcrumb"},"inLanguage":"pl-PL","potentialAction":[{"@type":"ReadAction","target":["https:\/\/www.sts-education.com\/pl\/szkola-srednia\/przed-rozpoczeciem-roku-za-granica\/przygotuj-sie-z-naszymi-kursami-jezykowymi\/"]}]},{"@type":"ImageObject","inLanguage":"pl-PL","@id":"https:\/\/www.sts-education.com\/pl\/szkola-srednia\/przed-rozpoczeciem-roku-za-granica\/przygotuj-sie-z-naszymi-kursami-jezykowymi\/#primaryimage","url":"https:\/\/cdn.sts-education.com\/13655_hero_lg_xl.jpg","contentUrl":"https:\/\/cdn.sts-education.com\/13655_hero_lg_xl.jpg"},{"@type":"BreadcrumbList","@id":"https:\/\/www.sts-education.com\/pl\/szkola-srednia\/przed-rozpoczeciem-roku-za-granica\/przygotuj-sie-z-naszymi-kursami-jezykowymi\/#breadcrumb","itemListElement":[{"@type":"ListItem","position":1,"name":"Home","item":"https:\/\/www.sts-education.com\/pl\/"},{"@type":"ListItem","position":2,"name":"High school","item":"https:\/\/www.sts-education.com\/pl\/szkola-srednia\/"},{"@type":"ListItem","position":3,"name":"Przed Rozpoczeciem Roku Za Granica","item":"https:\/\/www.sts-education.com\/pl\/szkola-srednia\/przed-rozpoczeciem-roku-za-granica\/"},{"@type":"ListItem","position":4,"name":"Przygotuj Sie Z Naszymi Kursami Jezykowymi"}]},{"@type":"WebSite","@id":"https:\/\/www.sts-education.com\/pl\/#website","url":"https:\/\/www.sts-education.com\/pl\/","name":"STS Education","description":"","potentialAction":[{"@type":"SearchAction","target":{"@type":"EntryPoint","urlTemplate":"https:\/\/www.sts-education.com\/pl\/?s={search_term_string}"},"query-input":{"@type":"PropertyValueSpecification","valueRequired":true,"valueName":"search_term_string"}}],"inLanguage":"pl-PL"}]}},"_links":{"self":[{"href":"https:\/\/www.sts-education.com\/pl\/wp-json\/wp\/v2\/pages\/10186","targetHints":{"allow":["GET"]}}],"collection":[{"href":"https:\/\/www.sts-education.com\/pl\/wp-json\/wp\/v2\/pages"}],"about":[{"href":"https:\/\/www.sts-education.com\/pl\/wp-json\/wp\/v2\/types\/page"}],"author":[{"embeddable":true,"href":"https:\/\/www.sts-education.com\/pl\/wp-json\/wp\/v2\/users\/20"}],"replies":[{"embeddable":true,"href":"https:\/\/www.sts-education.com\/pl\/wp-json\/wp\/v2\/comments?post=10186"}],"version-history":[{"count":4,"href":"https:\/\/www.sts-education.com\/pl\/wp-json\/wp\/v2\/pages\/10186\/revisions"}],"predecessor-version":[{"id":33463,"href":"https:\/\/www.sts-education.com\/pl\/wp-json\/wp\/v2\/pages\/10186\/revisions\/33463"}],"up":[{"embeddable":true,"href":"https:\/\/www.sts-education.com\/pl\/wp-json\/wp\/v2\/pages\/10159"}],"wp:attachment":[{"href":"https:\/\/www.sts-education.com\/pl\/wp-json\/wp\/v2\/media?parent=10186"}],"wp:term":[{"taxonomy":"wpw_page_folders","embeddable":true,"href":"https:\/\/www.sts-education.com\/pl\/wp-json\/wp\/v2\/wpw_page_folders?post=10186"}],"curies":[{"name":"wp","href":"https:\/\/api.w.org\/{rel}","templated":true}]}}