{"id":10187,"date":"2025-12-16T10:07:29","date_gmt":"2025-12-16T10:07:29","guid":{"rendered":"https:\/\/preprod.sts-education.com\/szkola-srednia\/przed-rozpoczeciem-roku-za-granica\/spotkanie-informacyjne\/"},"modified":"2026-04-02T14:24:21","modified_gmt":"2026-04-02T14:24:21","slug":"spotkanie-informacyjne","status":"publish","type":"page","link":"https:\/\/www.sts-education.com\/pl\/szkola-srednia\/przed-rozpoczeciem-roku-za-granica\/spotkanie-informacyjne\/","title":{"rendered":"Spotkanie Informacyjne"},"content":{"rendered":"\n<section class=\"wp-block-sts-hero sts-block-hero sts-block-hero is-variant-full-background has-text-light has-background-media\" style=\"--sts-hero-padding-mobile:0px;--sts-hero-padding-desktop:0px;--sts-hero-text-color:var(--wp--preset--color--base-10, #fff)\" data-variant=\"full-background\"><div class=\"sts-block-hero__background\"><picture class=\"sts-responsive-image has-pos-center is-skeleton\"><img src=\"https:\/\/cdn.sts-education.com\/13768_hero_lg_xl.jpg\" alt=\"Wszystko, co musisz wiedzie\u0107\" loading=\"lazy\" decoding=\"async\" fetchpriority=\"low\" sizes=\"(max-width: 640px) max(100vw, calc(clamp(320px, 100vh, 720px) * 9 \/ 16)), (max-width: 840px) max(100vw, calc(clamp(320px, 100vh, 720px) * 1 \/ 1)), max(100vw, calc(clamp(320px, 100vh, 720px) * 16 \/ 9))\" style=\"object-position:center\"\/><\/picture><span class=\"sts-block-hero__overlay\" aria-hidden=\"true\"><\/span><\/div><div class=\"sts-block-hero__inner\"><div class=\"sts-block-hero__content has-align-center\"><div class=\"sts-block-hero__content-inner\"><h1 class=\"sts-block-hero__heading\">Wszystko, co musisz wiedzie\u0107<\/h1><\/div><\/div><\/div><\/section>\n\n\n\n<div class=\"wp-block-sts-text sts-text-editor has-max-width-md\"><div class=\"sts-text-editor__content\"><div class=\"sts-text-editor__content-inner\">\n<p>Zastanawiasz si\u0119 nad studiowaniem za granic\u0105 przez rok jako student z wymiany? W takim razie powiniene\u015b wzi\u0105\u0107 udzia\u0142 w webinarze. Na spotkaniu nasi eksperci opowiedz\u0105 Ci o roku szkolnym za granic\u0105, o STS, o tym, jak to jest mieszka\u0107 z rodzin\u0105 goszcz\u0105c\u0105, jakie kraje mo\u017cesz wybra\u0107 i dlaczego rok za granic\u0105 mo\u017ce by\u0107 najlepsz\u0105 rzecz\u0105, jak\u0105 kiedykolwiek zrobi\u0142e\u015b!<\/p>\n<h2>Spotkaj si\u0119 z nami<\/h2>\n<p>Na naszych webinarach spotkasz nie tylko pracownik\u00f3w STS &#8211; cz\u0119sto uczestnicz\u0105 w nich tak\u017ce byli studenci wymiany. Czasami bior\u0105 w nim udzia\u0142 tak\u017ce przedstawiciele szk\u00f3\u0142 z kraj\u00f3w obj\u0119tych naszym programem. I oczywi\u015bcie opowiemy Ci te\u017c o procesie aplikacji i odpowiemy na wszelkie pytania.<\/p>\n<p>Dobrym pomys\u0142em jest zaproszenie na webinar rodzic\u00f3w. Mile widziani s\u0105 r\u00f3wnie\u017c przyjaciele i rodze\u0144stwo. Webinar jest oczywi\u015bcie bezp\u0142atny.<\/p>\n<h2>Masz pytania teraz i chcesz uzyska\u0107 odpowied\u017a natychmiast?<\/h2>\n<p>Zapraszamy do kontaktu z nami! Nasi eksperci od liceum s\u0105 tutaj, aby odpowiedzie\u0107 na wszystkie Twoje pytania. Nie wahaj si\u0119 do nas zadzwoni\u0107 <a href=\"Tel:%20+48%20534%20371%20668\">+48 534 371 668<\/a> lub wys\u0142a\u0107 maila na adres <a href=\"mailto:customercare@sts-education.pl\">customercare@sts-education.pl<\/a>  <br \/>I pami\u0119taj, to mo\u017ce by\u0107 pocz\u0105tek najlepszego czasu w Twoim \u017cyciu!<\/p>\n<h3>Nadchodz\u0105ce daty:<\/h3>\n<\/div><\/div><\/div>\n\n\n<div class=\"sts-block-cards sts-block-cards--listing is-empty has-max-width-md wp-block-sts-cards\"><\/div>","protected":false},"excerpt":{"rendered":"","protected":false},"author":20,"featured_media":16119,"parent":10159,"menu_order":0,"comment_status":"closed","ping_status":"closed","template":"templates\/template-default-with-breadcrumbs.php","meta":{"_acf_changed":false,"sts_page_background_color":"","footnotes":""},"wpw_page_folders":[80],"class_list":["post-10187","page","type-page","status-publish","has-post-thumbnail","hentry"],"acf":[],"yoast_head":"<!-- This site is optimized with the Yoast SEO Premium plugin v27.2 (Yoast SEO v27.3) - https:\/\/yoast.com\/product\/yoast-seo-premium-wordpress\/ -->\n<title>Webinar na temat rocznych studi\u00f3w za granic\u0105<\/title>\n<meta name=\"description\" content=\"Poznaj nas online i uzyskaj odpowiedzi na wszystkie pytania dotycz\u0105ce tego, jak to jest sp\u0119dzi\u0107 rok licealny za granic\u0105..\" \/>\n<meta name=\"robots\" content=\"index, follow, max-snippet:-1, max-image-preview:large, max-video-preview:-1\" \/>\n<link rel=\"canonical\" href=\"https:\/\/www.sts-education.com\/pl\/szkola-srednia\/przed-rozpoczeciem-roku-za-granica\/spotkanie-informacyjne\/\" \/>\n<meta property=\"og:locale\" content=\"pl_PL\" \/>\n<meta property=\"og:type\" content=\"article\" \/>\n<meta property=\"og:title\" content=\"Spotkanie Informacyjne\" \/>\n<meta property=\"og:description\" content=\"Poznaj nas online i uzyskaj odpowiedzi na wszystkie pytania dotycz\u0105ce tego, jak to jest sp\u0119dzi\u0107 rok licealny za granic\u0105..\" \/>\n<meta property=\"og:url\" content=\"https:\/\/www.sts-education.com\/pl\/szkola-srednia\/przed-rozpoczeciem-roku-za-granica\/spotkanie-informacyjne\/\" \/>\n<meta property=\"og:site_name\" content=\"STS Education\" \/>\n<meta property=\"article:modified_time\" content=\"2026-04-02T14:24:21+00:00\" \/>\n<meta property=\"og:image\" content=\"https:\/\/powered-by.qbank.se\/educatius\/sts\/\/ea90a4812ed10cb09ee7c1ba94498d70_1-1-thumb.webp\" \/>\n\t<meta property=\"og:image:width\" content=\"150\" \/>\n\t<meta property=\"og:image:height\" content=\"150\" \/>\n\t<meta property=\"og:image:type\" content=\"image\/jpeg\" \/>\n<meta name=\"twitter:card\" content=\"summary_large_image\" \/>\n<meta name=\"twitter:label1\" content=\"Szacowany czas czytania\" \/>\n\t<meta name=\"twitter:data1\" content=\"2 minuty\" \/>\n<script type=\"application\/ld+json\" class=\"yoast-schema-graph\">{\"@context\":\"https:\\\/\\\/schema.org\",\"@graph\":[{\"@type\":\"WebPage\",\"@id\":\"https:\\\/\\\/www.sts-education.com\\\/pl\\\/szkola-srednia\\\/przed-rozpoczeciem-roku-za-granica\\\/spotkanie-informacyjne\\\/\",\"url\":\"https:\\\/\\\/www.sts-education.com\\\/pl\\\/szkola-srednia\\\/przed-rozpoczeciem-roku-za-granica\\\/spotkanie-informacyjne\\\/\",\"name\":\"Webinar na temat rocznych studi\u00f3w za granic\u0105\",\"isPartOf\":{\"@id\":\"https:\\\/\\\/www.sts-education.com\\\/pl\\\/#website\"},\"primaryImageOfPage\":{\"@id\":\"https:\\\/\\\/www.sts-education.com\\\/pl\\\/szkola-srednia\\\/przed-rozpoczeciem-roku-za-granica\\\/spotkanie-informacyjne\\\/#primaryimage\"},\"image\":{\"@id\":\"https:\\\/\\\/www.sts-education.com\\\/pl\\\/szkola-srednia\\\/przed-rozpoczeciem-roku-za-granica\\\/spotkanie-informacyjne\\\/#primaryimage\"},\"thumbnailUrl\":\"https:\\\/\\\/powered-by.qbank.se\\\/educatius\\\/sts\\\/\\\/ea90a4812ed10cb09ee7c1ba94498d70_1-1-thumb.webp\",\"datePublished\":\"2025-12-16T10:07:29+00:00\",\"dateModified\":\"2026-04-02T14:24:21+00:00\",\"description\":\"Poznaj nas online i uzyskaj odpowiedzi na wszystkie pytania dotycz\u0105ce tego, jak to jest sp\u0119dzi\u0107 rok licealny za granic\u0105..\",\"breadcrumb\":{\"@id\":\"https:\\\/\\\/www.sts-education.com\\\/pl\\\/szkola-srednia\\\/przed-rozpoczeciem-roku-za-granica\\\/spotkanie-informacyjne\\\/#breadcrumb\"},\"inLanguage\":\"pl-PL\",\"potentialAction\":[{\"@type\":\"ReadAction\",\"target\":[\"https:\\\/\\\/www.sts-education.com\\\/pl\\\/szkola-srednia\\\/przed-rozpoczeciem-roku-za-granica\\\/spotkanie-informacyjne\\\/\"]}]},{\"@type\":\"ImageObject\",\"inLanguage\":\"pl-PL\",\"@id\":\"https:\\\/\\\/www.sts-education.com\\\/pl\\\/szkola-srednia\\\/przed-rozpoczeciem-roku-za-granica\\\/spotkanie-informacyjne\\\/#primaryimage\",\"url\":\"https:\\\/\\\/powered-by.qbank.se\\\/educatius\\\/sts\\\/\\\/ea90a4812ed10cb09ee7c1ba94498d70_1-1-thumb.webp\",\"contentUrl\":\"https:\\\/\\\/powered-by.qbank.se\\\/educatius\\\/sts\\\/\\\/ea90a4812ed10cb09ee7c1ba94498d70_1-1-thumb.webp\",\"width\":150,\"height\":150},{\"@type\":\"BreadcrumbList\",\"@id\":\"https:\\\/\\\/www.sts-education.com\\\/pl\\\/szkola-srednia\\\/przed-rozpoczeciem-roku-za-granica\\\/spotkanie-informacyjne\\\/#breadcrumb\",\"itemListElement\":[{\"@type\":\"ListItem\",\"position\":1,\"name\":\"Home\",\"item\":\"https:\\\/\\\/www.sts-education.com\\\/pl\\\/\"},{\"@type\":\"ListItem\",\"position\":2,\"name\":\"High school\",\"item\":\"https:\\\/\\\/www.sts-education.com\\\/pl\\\/szkola-srednia\\\/\"},{\"@type\":\"ListItem\",\"position\":3,\"name\":\"Przed Rozpoczeciem Roku Za Granica\",\"item\":\"https:\\\/\\\/www.sts-education.com\\\/pl\\\/szkola-srednia\\\/przed-rozpoczeciem-roku-za-granica\\\/\"},{\"@type\":\"ListItem\",\"position\":4,\"name\":\"Spotkanie Informacyjne\"}]},{\"@type\":\"WebSite\",\"@id\":\"https:\\\/\\\/www.sts-education.com\\\/pl\\\/#website\",\"url\":\"https:\\\/\\\/www.sts-education.com\\\/pl\\\/\",\"name\":\"STS Education\",\"description\":\"\",\"potentialAction\":[{\"@type\":\"SearchAction\",\"target\":{\"@type\":\"EntryPoint\",\"urlTemplate\":\"https:\\\/\\\/www.sts-education.com\\\/pl\\\/?s={search_term_string}\"},\"query-input\":{\"@type\":\"PropertyValueSpecification\",\"valueRequired\":true,\"valueName\":\"search_term_string\"}}],\"inLanguage\":\"pl-PL\"}]}<\/script>\n<!-- \/ Yoast SEO Premium plugin. -->","yoast_head_json":{"title":"Webinar na temat rocznych studi\u00f3w za granic\u0105","description":"Poznaj nas online i uzyskaj odpowiedzi na wszystkie pytania dotycz\u0105ce tego, jak to jest sp\u0119dzi\u0107 rok licealny za granic\u0105..","robots":{"index":"index","follow":"follow","max-snippet":"max-snippet:-1","max-image-preview":"max-image-preview:large","max-video-preview":"max-video-preview:-1"},"canonical":"https:\/\/www.sts-education.com\/pl\/szkola-srednia\/przed-rozpoczeciem-roku-za-granica\/spotkanie-informacyjne\/","og_locale":"pl_PL","og_type":"article","og_title":"Spotkanie Informacyjne","og_description":"Poznaj nas online i uzyskaj odpowiedzi na wszystkie pytania dotycz\u0105ce tego, jak to jest sp\u0119dzi\u0107 rok licealny za granic\u0105..","og_url":"https:\/\/www.sts-education.com\/pl\/szkola-srednia\/przed-rozpoczeciem-roku-za-granica\/spotkanie-informacyjne\/","og_site_name":"STS Education","article_modified_time":"2026-04-02T14:24:21+00:00","og_image":[{"width":150,"height":150,"url":"https:\/\/powered-by.qbank.se\/educatius\/sts\/\/ea90a4812ed10cb09ee7c1ba94498d70_1-1-thumb.webp","type":"image\/jpeg"}],"twitter_card":"summary_large_image","twitter_misc":{"Szacowany czas czytania":"2 minuty"},"schema":{"@context":"https:\/\/schema.org","@graph":[{"@type":"WebPage","@id":"https:\/\/www.sts-education.com\/pl\/szkola-srednia\/przed-rozpoczeciem-roku-za-granica\/spotkanie-informacyjne\/","url":"https:\/\/www.sts-education.com\/pl\/szkola-srednia\/przed-rozpoczeciem-roku-za-granica\/spotkanie-informacyjne\/","name":"Webinar na temat rocznych studi\u00f3w za granic\u0105","isPartOf":{"@id":"https:\/\/www.sts-education.com\/pl\/#website"},"primaryImageOfPage":{"@id":"https:\/\/www.sts-education.com\/pl\/szkola-srednia\/przed-rozpoczeciem-roku-za-granica\/spotkanie-informacyjne\/#primaryimage"},"image":{"@id":"https:\/\/www.sts-education.com\/pl\/szkola-srednia\/przed-rozpoczeciem-roku-za-granica\/spotkanie-informacyjne\/#primaryimage"},"thumbnailUrl":"https:\/\/powered-by.qbank.se\/educatius\/sts\/\/ea90a4812ed10cb09ee7c1ba94498d70_1-1-thumb.webp","datePublished":"2025-12-16T10:07:29+00:00","dateModified":"2026-04-02T14:24:21+00:00","description":"Poznaj nas online i uzyskaj odpowiedzi na wszystkie pytania dotycz\u0105ce tego, jak to jest sp\u0119dzi\u0107 rok licealny za granic\u0105..","breadcrumb":{"@id":"https:\/\/www.sts-education.com\/pl\/szkola-srednia\/przed-rozpoczeciem-roku-za-granica\/spotkanie-informacyjne\/#breadcrumb"},"inLanguage":"pl-PL","potentialAction":[{"@type":"ReadAction","target":["https:\/\/www.sts-education.com\/pl\/szkola-srednia\/przed-rozpoczeciem-roku-za-granica\/spotkanie-informacyjne\/"]}]},{"@type":"ImageObject","inLanguage":"pl-PL","@id":"https:\/\/www.sts-education.com\/pl\/szkola-srednia\/przed-rozpoczeciem-roku-za-granica\/spotkanie-informacyjne\/#primaryimage","url":"https:\/\/powered-by.qbank.se\/educatius\/sts\/\/ea90a4812ed10cb09ee7c1ba94498d70_1-1-thumb.webp","contentUrl":"https:\/\/powered-by.qbank.se\/educatius\/sts\/\/ea90a4812ed10cb09ee7c1ba94498d70_1-1-thumb.webp","width":150,"height":150},{"@type":"BreadcrumbList","@id":"https:\/\/www.sts-education.com\/pl\/szkola-srednia\/przed-rozpoczeciem-roku-za-granica\/spotkanie-informacyjne\/#breadcrumb","itemListElement":[{"@type":"ListItem","position":1,"name":"Home","item":"https:\/\/www.sts-education.com\/pl\/"},{"@type":"ListItem","position":2,"name":"High school","item":"https:\/\/www.sts-education.com\/pl\/szkola-srednia\/"},{"@type":"ListItem","position":3,"name":"Przed Rozpoczeciem Roku Za Granica","item":"https:\/\/www.sts-education.com\/pl\/szkola-srednia\/przed-rozpoczeciem-roku-za-granica\/"},{"@type":"ListItem","position":4,"name":"Spotkanie Informacyjne"}]},{"@type":"WebSite","@id":"https:\/\/www.sts-education.com\/pl\/#website","url":"https:\/\/www.sts-education.com\/pl\/","name":"STS Education","description":"","potentialAction":[{"@type":"SearchAction","target":{"@type":"EntryPoint","urlTemplate":"https:\/\/www.sts-education.com\/pl\/?s={search_term_string}"},"query-input":{"@type":"PropertyValueSpecification","valueRequired":true,"valueName":"search_term_string"}}],"inLanguage":"pl-PL"}]}},"_links":{"self":[{"href":"https:\/\/www.sts-education.com\/pl\/wp-json\/wp\/v2\/pages\/10187","targetHints":{"allow":["GET"]}}],"collection":[{"href":"https:\/\/www.sts-education.com\/pl\/wp-json\/wp\/v2\/pages"}],"about":[{"href":"https:\/\/www.sts-education.com\/pl\/wp-json\/wp\/v2\/types\/page"}],"author":[{"embeddable":true,"href":"https:\/\/www.sts-education.com\/pl\/wp-json\/wp\/v2\/users\/20"}],"replies":[{"embeddable":true,"href":"https:\/\/www.sts-education.com\/pl\/wp-json\/wp\/v2\/comments?post=10187"}],"version-history":[{"count":3,"href":"https:\/\/www.sts-education.com\/pl\/wp-json\/wp\/v2\/pages\/10187\/revisions"}],"predecessor-version":[{"id":27669,"href":"https:\/\/www.sts-education.com\/pl\/wp-json\/wp\/v2\/pages\/10187\/revisions\/27669"}],"up":[{"embeddable":true,"href":"https:\/\/www.sts-education.com\/pl\/wp-json\/wp\/v2\/pages\/10159"}],"wp:featuredmedia":[{"embeddable":true,"href":"https:\/\/www.sts-education.com\/pl\/wp-json\/wp\/v2\/media\/16119"}],"wp:attachment":[{"href":"https:\/\/www.sts-education.com\/pl\/wp-json\/wp\/v2\/media?parent=10187"}],"wp:term":[{"taxonomy":"wpw_page_folders","embeddable":true,"href":"https:\/\/www.sts-education.com\/pl\/wp-json\/wp\/v2\/wpw_page_folders?post=10187"}],"curies":[{"name":"wp","href":"https:\/\/api.w.org\/{rel}","templated":true}]}}