{"id":10188,"date":"2025-12-16T10:07:58","date_gmt":"2025-12-16T10:07:58","guid":{"rendered":"https:\/\/preprod.sts-education.com\/szkola-srednia\/przed-rozpoczeciem-roku-za-granica\/wybierz-jak-chcesz-sie-uczyc\/"},"modified":"2026-04-14T09:58:49","modified_gmt":"2026-04-14T09:58:49","slug":"wybierz-jak-chcesz-sie-uczyc","status":"publish","type":"page","link":"https:\/\/www.sts-education.com\/pl\/szkola-srednia\/przed-rozpoczeciem-roku-za-granica\/wybierz-jak-chcesz-sie-uczyc\/","title":{"rendered":"Wybierz Jak Chcesz Sie Uczyc"},"content":{"rendered":"\n<section class=\"wp-block-sts-hero sts-block-hero is-variant-full-background has-text-light has-background-media\" style=\"--sts-hero-padding-mobile:0px;--sts-hero-padding-desktop:0px;--sts-hero-text-color:var(--wp--preset--color--base-10, #fff);\" data-variant=\"full-background\"><div class=\"sts-block-hero__background\"><picture class=\"sts-responsive-image has-fit-cover is-skeleton\"><img src=\"https:\/\/cdn.sts-education.com\/12561_hero_lg_xl.jpg\" alt=\"Wybierz pomi\u0119dzy Classic i Select\" loading=\"lazy\" decoding=\"async\" fetchpriority=\"low\" sizes=\"100vw\" \/><\/picture><span class=\"sts-block-hero__overlay\" aria-hidden=\"true\"><\/span><\/div><div class=\"sts-block-hero__inner\"><div class=\"sts-block-hero__content has-align-center\"><div class=\"sts-block-hero__content-inner\"><h1 class=\"sts-block-hero__heading\">Wybierz pomi\u0119dzy Classic i Select<\/h1><\/div><\/div><\/div><\/section>\n\n\n\n<div class=\"wp-block-sts-text sts-text-editor has-max-width-md\"><div class=\"sts-text-editor__content\"><div class=\"sts-text-editor__content-inner\">\n<p>Rok za granic\u0105 jest trampolin\u0105 do osi\u0105gni\u0119cia pe\u0142nego potencja\u0142u, a twoja przysz\u0142o\u015b\u0107 jest w twoich r\u0119kach. Sp\u0119dzenie roku szkolnego za granic\u0105 jako nastolatek jest niezwykle wzbogacaj\u0105ce i ludzie, kt\u00f3rzy to zrobili cz\u0119sto m\u00f3wi\u0105, \u017ce by\u0142 to najlepszy rok w ich \u017cyciu.<\/p>\n\n<p><strong>STS High School Classic<\/strong> to tradycyjny program wymiany na poziomie szko\u0142y \u015bredniej, kt\u00f3ry wybiera wi\u0119kszo\u015b\u0107 naszych uczni\u00f3w. Jest to idealny program, je\u015bli chcesz mie\u0107 autentyczne do\u015bwiadczenie szko\u0142y \u015bredniej za granic\u0105. Zostaniesz umieszczony u rodziny goszcz\u0105cej w wybranym przez Ciebie kraju i natychmiast staniesz si\u0119 cz\u0119\u015bci\u0105 rodziny, kt\u00f3r\u0105 wkr\u00f3tce nazwiesz swoj\u0105 w\u0142asn\u0105. B\u0119dziesz ucz\u0119szcza\u0142 do lokalnej szko\u0142y \u015bredniej, gdzie poznasz nowych przyjaci\u00f3\u0142 mieszkaj\u0105cych w okolicy. Szko\u0142y ch\u0119tnie przyjmuj\u0105 naszych student\u00f3w z wymiany i szybko poczujesz si\u0119 w swojej szkole jak w domu. W niekt\u00f3rych krajach mo\u017cesz za dodatkow\u0105 op\u0142at\u0105 wybra\u0107 konkretny obszar lub stan. Przeczytaj wi\u0119cej o tym, co obowi\u0105zuje w poszczeg\u00f3lnych <a href=\"\/pl\/high-school\/tripfinder\/?q=\">miejscach docelowych<\/a>.<\/p>\n\n<p>Czasami dla ucznia z wymiany mo\u017ce by\u0107 wa\u017cne, aby uczy\u0107 si\u0119 konkretnego przedmiotu lub uprawia\u0107 konkretny sport. W takim przypadku oferujemy program o nazwie <strong>STS High School Select<\/strong>. Oznacza to, \u017ce b\u0119dziesz ucz\u0119szcza\u0142 do prywatnej szko\u0142y. Mo\u017cesz zdecydowa\u0107, w jakim mie\u015bcie chcesz mieszka\u0107, a w wi\u0119kszo\u015bci przypadk\u00f3w mo\u017cesz r\u00f3wnie\u017c zdecydowa\u0107, do jakiej szko\u0142y chcesz chodzi\u0107. Jest to wa\u017cne, je\u015bli chcesz ucz\u0119szcza\u0107 na zaj\u0119cia z konkretnego przedmiotu lub uprawia\u0107 konkretny sport lub instrument podczas roku za granic\u0105. Ten rodzaj programu jest dost\u0119pny w <a href=\"https:\/\/www.sts-education.com\/pl\/szkola-srednia\/kierunki-wyjazdowe\/ameryka-polnocna\/usa\/\">USA<\/a>, <a href=\"https:\/\/www.sts-education.com\/pl\/szkola-srednia\/kierunki-wyjazdowe\/ameryka-polnocna\/kanada\/\">Kanadzie<\/a>, <a href=\"https:\/\/www.sts-education.com\/pl\/szkola-srednia\/kierunki-wyjazdowe\/antypody\/australia\/\">Australii<\/a>, <a href=\"https:\/\/www.sts-education.com\/pl\/szkola-srednia\/kierunki-wyjazdowe\/antypody\/nowa-zelandia\/\">Nowej Zelandii<\/a> i <a href=\"https:\/\/www.sts-education.com\/pl\/szkola-srednia\/kierunki-wyjazdowe\/europa\/wielka-brytania\/\">Wielkiej Brytanii<\/a>. Przeczytaj wi\u0119cej o naszym programie Select pod ka\u017cd\u0105 destynacj\u0105 i skontaktuj si\u0119 z nami, aby uzyska\u0107 wi\u0119cej informacji.  <br>Cieszymy si\u0119, \u017ce mo\u017cemy Ci pom\u00f3c. Poznaj\u0105c Ci\u0119, razem mo\u017cemy znale\u017a\u0107 najlepsze miasto i szko\u0142\u0119 w oparciu o Twoje \u017cyczenia. I pami\u0119taj, cokolwiek wybierzesz &#8211; b\u0119dzie to najlepszy czas w Twoim \u017cyciu!<\/p>\n<\/div><\/div><\/div>\n","protected":false},"excerpt":{"rendered":"","protected":false},"author":20,"featured_media":16121,"parent":10159,"menu_order":0,"comment_status":"closed","ping_status":"closed","template":"templates\/template-default-with-breadcrumbs.php","meta":{"_acf_changed":false,"sts_page_background_color":"","footnotes":""},"wpw_page_folders":[80],"class_list":["post-10188","page","type-page","status-publish","has-post-thumbnail","hentry"],"acf":[],"yoast_head":"<!-- This site is optimized with the Yoast SEO Premium plugin v27.2 (Yoast SEO v27.3) - https:\/\/yoast.com\/product\/yoast-seo-premium-wordpress\/ -->\n<title>Dostosuj sw\u00f3j rok za granic\u0105 do swoich pragnie\u0144<\/title>\n<meta name=\"description\" content=\"Wi\u0119kszo\u015b\u0107 student\u00f3w wybiera nasz tradycyjny program wymiany. Ale je\u015bli chcesz studiowa\u0107 konkretny przedmiot lub uprawia\u0107 konkretny sport, oferujemy nasz program Select.\" \/>\n<meta name=\"robots\" content=\"index, follow, max-snippet:-1, max-image-preview:large, max-video-preview:-1\" \/>\n<link rel=\"canonical\" href=\"https:\/\/www.sts-education.com\/pl\/szkola-srednia\/przed-rozpoczeciem-roku-za-granica\/wybierz-jak-chcesz-sie-uczyc\/\" \/>\n<meta property=\"og:locale\" content=\"pl_PL\" \/>\n<meta property=\"og:type\" content=\"article\" \/>\n<meta property=\"og:title\" content=\"Wybierz Jak Chcesz Sie Uczyc\" \/>\n<meta property=\"og:description\" content=\"Wi\u0119kszo\u015b\u0107 student\u00f3w wybiera nasz tradycyjny program wymiany. Ale je\u015bli chcesz studiowa\u0107 konkretny przedmiot lub uprawia\u0107 konkretny sport, oferujemy nasz program Select.\" \/>\n<meta property=\"og:url\" content=\"https:\/\/www.sts-education.com\/pl\/szkola-srednia\/przed-rozpoczeciem-roku-za-granica\/wybierz-jak-chcesz-sie-uczyc\/\" \/>\n<meta property=\"og:site_name\" content=\"STS Education\" \/>\n<meta property=\"article:modified_time\" content=\"2026-04-14T09:58:49+00:00\" \/>\n<meta property=\"og:image\" content=\"https:\/\/powered-by.qbank.se\/educatius\/sts\/\/1f2700e23e28608434f21942f3298107_1-1-thumb.webp\" \/>\n\t<meta property=\"og:image:width\" content=\"150\" \/>\n\t<meta property=\"og:image:height\" content=\"150\" \/>\n\t<meta property=\"og:image:type\" content=\"image\/jpeg\" \/>\n<meta name=\"twitter:card\" content=\"summary_large_image\" \/>\n<meta name=\"twitter:label1\" content=\"Szacowany czas czytania\" \/>\n\t<meta name=\"twitter:data1\" content=\"2 minuty\" \/>\n<script type=\"application\/ld+json\" class=\"yoast-schema-graph\">{\"@context\":\"https:\\\/\\\/schema.org\",\"@graph\":[{\"@type\":\"WebPage\",\"@id\":\"https:\\\/\\\/www.sts-education.com\\\/pl\\\/szkola-srednia\\\/przed-rozpoczeciem-roku-za-granica\\\/wybierz-jak-chcesz-sie-uczyc\\\/\",\"url\":\"https:\\\/\\\/www.sts-education.com\\\/pl\\\/szkola-srednia\\\/przed-rozpoczeciem-roku-za-granica\\\/wybierz-jak-chcesz-sie-uczyc\\\/\",\"name\":\"Dostosuj sw\u00f3j rok za granic\u0105 do swoich pragnie\u0144\",\"isPartOf\":{\"@id\":\"https:\\\/\\\/www.sts-education.com\\\/pl\\\/#website\"},\"primaryImageOfPage\":{\"@id\":\"https:\\\/\\\/www.sts-education.com\\\/pl\\\/szkola-srednia\\\/przed-rozpoczeciem-roku-za-granica\\\/wybierz-jak-chcesz-sie-uczyc\\\/#primaryimage\"},\"image\":{\"@id\":\"https:\\\/\\\/www.sts-education.com\\\/pl\\\/szkola-srednia\\\/przed-rozpoczeciem-roku-za-granica\\\/wybierz-jak-chcesz-sie-uczyc\\\/#primaryimage\"},\"thumbnailUrl\":\"https:\\\/\\\/powered-by.qbank.se\\\/educatius\\\/sts\\\/\\\/1f2700e23e28608434f21942f3298107_1-1-thumb.webp\",\"datePublished\":\"2025-12-16T10:07:58+00:00\",\"dateModified\":\"2026-04-14T09:58:49+00:00\",\"description\":\"Wi\u0119kszo\u015b\u0107 student\u00f3w wybiera nasz tradycyjny program wymiany. Ale je\u015bli chcesz studiowa\u0107 konkretny przedmiot lub uprawia\u0107 konkretny sport, oferujemy nasz program Select.\",\"breadcrumb\":{\"@id\":\"https:\\\/\\\/www.sts-education.com\\\/pl\\\/szkola-srednia\\\/przed-rozpoczeciem-roku-za-granica\\\/wybierz-jak-chcesz-sie-uczyc\\\/#breadcrumb\"},\"inLanguage\":\"pl-PL\",\"potentialAction\":[{\"@type\":\"ReadAction\",\"target\":[\"https:\\\/\\\/www.sts-education.com\\\/pl\\\/szkola-srednia\\\/przed-rozpoczeciem-roku-za-granica\\\/wybierz-jak-chcesz-sie-uczyc\\\/\"]}]},{\"@type\":\"ImageObject\",\"inLanguage\":\"pl-PL\",\"@id\":\"https:\\\/\\\/www.sts-education.com\\\/pl\\\/szkola-srednia\\\/przed-rozpoczeciem-roku-za-granica\\\/wybierz-jak-chcesz-sie-uczyc\\\/#primaryimage\",\"url\":\"https:\\\/\\\/powered-by.qbank.se\\\/educatius\\\/sts\\\/\\\/1f2700e23e28608434f21942f3298107_1-1-thumb.webp\",\"contentUrl\":\"https:\\\/\\\/powered-by.qbank.se\\\/educatius\\\/sts\\\/\\\/1f2700e23e28608434f21942f3298107_1-1-thumb.webp\",\"width\":150,\"height\":150},{\"@type\":\"BreadcrumbList\",\"@id\":\"https:\\\/\\\/www.sts-education.com\\\/pl\\\/szkola-srednia\\\/przed-rozpoczeciem-roku-za-granica\\\/wybierz-jak-chcesz-sie-uczyc\\\/#breadcrumb\",\"itemListElement\":[{\"@type\":\"ListItem\",\"position\":1,\"name\":\"Home\",\"item\":\"https:\\\/\\\/www.sts-education.com\\\/pl\\\/\"},{\"@type\":\"ListItem\",\"position\":2,\"name\":\"High school\",\"item\":\"https:\\\/\\\/www.sts-education.com\\\/pl\\\/szkola-srednia\\\/\"},{\"@type\":\"ListItem\",\"position\":3,\"name\":\"Przed Rozpoczeciem Roku Za Granica\",\"item\":\"https:\\\/\\\/www.sts-education.com\\\/pl\\\/szkola-srednia\\\/przed-rozpoczeciem-roku-za-granica\\\/\"},{\"@type\":\"ListItem\",\"position\":4,\"name\":\"Wybierz Jak Chcesz Sie Uczyc\"}]},{\"@type\":\"WebSite\",\"@id\":\"https:\\\/\\\/www.sts-education.com\\\/pl\\\/#website\",\"url\":\"https:\\\/\\\/www.sts-education.com\\\/pl\\\/\",\"name\":\"STS Education\",\"description\":\"\",\"potentialAction\":[{\"@type\":\"SearchAction\",\"target\":{\"@type\":\"EntryPoint\",\"urlTemplate\":\"https:\\\/\\\/www.sts-education.com\\\/pl\\\/?s={search_term_string}\"},\"query-input\":{\"@type\":\"PropertyValueSpecification\",\"valueRequired\":true,\"valueName\":\"search_term_string\"}}],\"inLanguage\":\"pl-PL\"}]}<\/script>\n<!-- \/ Yoast SEO Premium plugin. -->","yoast_head_json":{"title":"Dostosuj sw\u00f3j rok za granic\u0105 do swoich pragnie\u0144","description":"Wi\u0119kszo\u015b\u0107 student\u00f3w wybiera nasz tradycyjny program wymiany. Ale je\u015bli chcesz studiowa\u0107 konkretny przedmiot lub uprawia\u0107 konkretny sport, oferujemy nasz program Select.","robots":{"index":"index","follow":"follow","max-snippet":"max-snippet:-1","max-image-preview":"max-image-preview:large","max-video-preview":"max-video-preview:-1"},"canonical":"https:\/\/www.sts-education.com\/pl\/szkola-srednia\/przed-rozpoczeciem-roku-za-granica\/wybierz-jak-chcesz-sie-uczyc\/","og_locale":"pl_PL","og_type":"article","og_title":"Wybierz Jak Chcesz Sie Uczyc","og_description":"Wi\u0119kszo\u015b\u0107 student\u00f3w wybiera nasz tradycyjny program wymiany. Ale je\u015bli chcesz studiowa\u0107 konkretny przedmiot lub uprawia\u0107 konkretny sport, oferujemy nasz program Select.","og_url":"https:\/\/www.sts-education.com\/pl\/szkola-srednia\/przed-rozpoczeciem-roku-za-granica\/wybierz-jak-chcesz-sie-uczyc\/","og_site_name":"STS Education","article_modified_time":"2026-04-14T09:58:49+00:00","og_image":[{"width":150,"height":150,"url":"https:\/\/powered-by.qbank.se\/educatius\/sts\/\/1f2700e23e28608434f21942f3298107_1-1-thumb.webp","type":"image\/jpeg"}],"twitter_card":"summary_large_image","twitter_misc":{"Szacowany czas czytania":"2 minuty"},"schema":{"@context":"https:\/\/schema.org","@graph":[{"@type":"WebPage","@id":"https:\/\/www.sts-education.com\/pl\/szkola-srednia\/przed-rozpoczeciem-roku-za-granica\/wybierz-jak-chcesz-sie-uczyc\/","url":"https:\/\/www.sts-education.com\/pl\/szkola-srednia\/przed-rozpoczeciem-roku-za-granica\/wybierz-jak-chcesz-sie-uczyc\/","name":"Dostosuj sw\u00f3j rok za granic\u0105 do swoich pragnie\u0144","isPartOf":{"@id":"https:\/\/www.sts-education.com\/pl\/#website"},"primaryImageOfPage":{"@id":"https:\/\/www.sts-education.com\/pl\/szkola-srednia\/przed-rozpoczeciem-roku-za-granica\/wybierz-jak-chcesz-sie-uczyc\/#primaryimage"},"image":{"@id":"https:\/\/www.sts-education.com\/pl\/szkola-srednia\/przed-rozpoczeciem-roku-za-granica\/wybierz-jak-chcesz-sie-uczyc\/#primaryimage"},"thumbnailUrl":"https:\/\/powered-by.qbank.se\/educatius\/sts\/\/1f2700e23e28608434f21942f3298107_1-1-thumb.webp","datePublished":"2025-12-16T10:07:58+00:00","dateModified":"2026-04-14T09:58:49+00:00","description":"Wi\u0119kszo\u015b\u0107 student\u00f3w wybiera nasz tradycyjny program wymiany. Ale je\u015bli chcesz studiowa\u0107 konkretny przedmiot lub uprawia\u0107 konkretny sport, oferujemy nasz program Select.","breadcrumb":{"@id":"https:\/\/www.sts-education.com\/pl\/szkola-srednia\/przed-rozpoczeciem-roku-za-granica\/wybierz-jak-chcesz-sie-uczyc\/#breadcrumb"},"inLanguage":"pl-PL","potentialAction":[{"@type":"ReadAction","target":["https:\/\/www.sts-education.com\/pl\/szkola-srednia\/przed-rozpoczeciem-roku-za-granica\/wybierz-jak-chcesz-sie-uczyc\/"]}]},{"@type":"ImageObject","inLanguage":"pl-PL","@id":"https:\/\/www.sts-education.com\/pl\/szkola-srednia\/przed-rozpoczeciem-roku-za-granica\/wybierz-jak-chcesz-sie-uczyc\/#primaryimage","url":"https:\/\/powered-by.qbank.se\/educatius\/sts\/\/1f2700e23e28608434f21942f3298107_1-1-thumb.webp","contentUrl":"https:\/\/powered-by.qbank.se\/educatius\/sts\/\/1f2700e23e28608434f21942f3298107_1-1-thumb.webp","width":150,"height":150},{"@type":"BreadcrumbList","@id":"https:\/\/www.sts-education.com\/pl\/szkola-srednia\/przed-rozpoczeciem-roku-za-granica\/wybierz-jak-chcesz-sie-uczyc\/#breadcrumb","itemListElement":[{"@type":"ListItem","position":1,"name":"Home","item":"https:\/\/www.sts-education.com\/pl\/"},{"@type":"ListItem","position":2,"name":"High school","item":"https:\/\/www.sts-education.com\/pl\/szkola-srednia\/"},{"@type":"ListItem","position":3,"name":"Przed Rozpoczeciem Roku Za Granica","item":"https:\/\/www.sts-education.com\/pl\/szkola-srednia\/przed-rozpoczeciem-roku-za-granica\/"},{"@type":"ListItem","position":4,"name":"Wybierz Jak Chcesz Sie Uczyc"}]},{"@type":"WebSite","@id":"https:\/\/www.sts-education.com\/pl\/#website","url":"https:\/\/www.sts-education.com\/pl\/","name":"STS Education","description":"","potentialAction":[{"@type":"SearchAction","target":{"@type":"EntryPoint","urlTemplate":"https:\/\/www.sts-education.com\/pl\/?s={search_term_string}"},"query-input":{"@type":"PropertyValueSpecification","valueRequired":true,"valueName":"search_term_string"}}],"inLanguage":"pl-PL"}]}},"_links":{"self":[{"href":"https:\/\/www.sts-education.com\/pl\/wp-json\/wp\/v2\/pages\/10188","targetHints":{"allow":["GET"]}}],"collection":[{"href":"https:\/\/www.sts-education.com\/pl\/wp-json\/wp\/v2\/pages"}],"about":[{"href":"https:\/\/www.sts-education.com\/pl\/wp-json\/wp\/v2\/types\/page"}],"author":[{"embeddable":true,"href":"https:\/\/www.sts-education.com\/pl\/wp-json\/wp\/v2\/users\/20"}],"replies":[{"embeddable":true,"href":"https:\/\/www.sts-education.com\/pl\/wp-json\/wp\/v2\/comments?post=10188"}],"version-history":[{"count":4,"href":"https:\/\/www.sts-education.com\/pl\/wp-json\/wp\/v2\/pages\/10188\/revisions"}],"predecessor-version":[{"id":33464,"href":"https:\/\/www.sts-education.com\/pl\/wp-json\/wp\/v2\/pages\/10188\/revisions\/33464"}],"up":[{"embeddable":true,"href":"https:\/\/www.sts-education.com\/pl\/wp-json\/wp\/v2\/pages\/10159"}],"wp:featuredmedia":[{"embeddable":true,"href":"https:\/\/www.sts-education.com\/pl\/wp-json\/wp\/v2\/media\/16121"}],"wp:attachment":[{"href":"https:\/\/www.sts-education.com\/pl\/wp-json\/wp\/v2\/media?parent=10188"}],"wp:term":[{"taxonomy":"wpw_page_folders","embeddable":true,"href":"https:\/\/www.sts-education.com\/pl\/wp-json\/wp\/v2\/wpw_page_folders?post=10188"}],"curies":[{"name":"wp","href":"https:\/\/api.w.org\/{rel}","templated":true}]}}