{"id":10208,"date":"2025-12-16T10:21:48","date_gmt":"2025-12-16T10:21:48","guid":{"rendered":"https:\/\/preprod.sts-education.com\/om-sts\/"},"modified":"2026-04-15T14:17:24","modified_gmt":"2026-04-15T14:17:24","slug":"om-sts","status":"publish","type":"page","link":"https:\/\/www.sts-education.com\/se\/om-sts\/","title":{"rendered":"Om Sts"},"content":{"rendered":"\n<section class=\"wp-block-sts-hero sts-block-hero sts-block-hero is-variant-full-background has-text-light has-background-media\" style=\"--sts-hero-padding-mobile:0px;--sts-hero-padding-desktop:0px;--sts-hero-text-color:var(--wp--preset--color--base-10, #fff)\" data-variant=\"full-background\"><div class=\"sts-block-hero__background\"><picture class=\"sts-responsive-image has-pos-center is-skeleton\"><img src=\"https:\/\/cdn.sts-education.com\/11482_hero_lg_xl.jpg\" alt=\"Det h\u00e4r \u00e4r STS Education\" loading=\"lazy\" decoding=\"async\" fetchpriority=\"low\" sizes=\"(max-width: 640px) max(100vw, calc(clamp(320px, 100vh, 720px) * 9 \/ 16)), (max-width: 840px) max(100vw, calc(clamp(320px, 100vh, 720px) * 1 \/ 1)), max(100vw, calc(clamp(320px, 100vh, 720px) * 16 \/ 9))\" style=\"object-position:center\"\/><\/picture><span class=\"sts-block-hero__overlay\" aria-hidden=\"true\"><\/span><\/div><div class=\"sts-block-hero__inner\"><div class=\"sts-block-hero__content has-align-center\"><div class=\"sts-block-hero__content-inner\"><h1 class=\"sts-block-hero__heading\">Det h\u00e4r \u00e4r STS Education<\/h1><\/div><\/div><\/div><\/section>\n\n\n\n<div class=\"wp-block-sts-text sts-text-editor has-max-width-md\"><div class=\"sts-text-editor__content\"><div class=\"sts-text-editor__content-inner\">\n<p>1958 arrangerade vi v\u00e4rldens f\u00f6rsta spr\u00e5kresa och ett helt nytt s\u00e4tt att resa f\u00f6r ungdomar f\u00f6ddes. Sedan dess har \u00f6ver 1 200 000 studenter upplevt v\u00e5r v\u00e4rlds underverk genom att l\u00e4ra sig ett nytt spr\u00e5k och f\u00e5 den personliga tillv\u00e4xt som kommer med kulturell f\u00f6rst\u00e5else. STS Educations breda utbud av tj\u00e4nster och utbildningsprogram hj\u00e4lper ungdomar att uppt\u00e4cka v\u00e4rlden p\u00e5 egen hand, med v\u00e5rt st\u00f6d och v\u00e5r trygga v\u00e4gledning.<\/p>\n<p>STS st\u00e5r f\u00f6r Student Travel Schools och \u00e4r ett globalt ledande utbildningsf\u00f6retag som erbjuder idag utbytesprogram p\u00e5 gymnasiet. Vi har kontor i flera l\u00e4nder v\u00e4rlden \u00f6ver och v\u00e5rt globala n\u00e4tverk av fantastiska skolor, k\u00e4rleksfulla v\u00e4rdfamiljer, underbara internationella kollegor och professionella samarbetspartners v\u00e4xer f\u00f6r varje dag. Vi utforskar st\u00e4ndigt nya och innovativa s\u00e4tt att g\u00f6ra v\u00e5ra elevers upplevelse \u00e4nnu mer minnesv\u00e4rd.<\/p>\n<p>Vi str\u00e4var efter att kontinuerligt utveckla v\u00e5ra program f\u00f6r att f\u00f6rbli relevanta i en st\u00e4ndigt f\u00f6r\u00e4nderlig v\u00e4rld och f\u00f6r att forts\u00e4tta ge unga m\u00e4nniskor m\u00f6jlighet att v\u00e4xa genom utbildning och kulturellt utbyte. V\u00e5ra program uppmuntrar studenterna att vidga sitt globala perspektiv och st\u00e4rka deras f\u00f6rst\u00e5else f\u00f6r nya kulturer.<\/p>\n<p>STS Education \u00e4gs sedan 2024 av Educatius Group.<\/p>\n<h2>Vision och mission<\/h2>\n<p>P\u00e5 STS Education ger vi unga m\u00e4nniskor m\u00f6jlighet att n\u00e5 sin fulla potential. Vi skapar utrymme f\u00f6r utbyte av id\u00e9er och v\u00e4rderingar, bygger relationer \u00f6ver gr\u00e4nserna och bidrar till personlig, social och kulturell utveckling.<\/p>\n<p><strong>STS vision:  <\/strong><\/p>\n<p>To empower young people to reach their full potential through international education and cultural exchange while contributing to global understanding.<\/p>\n<p><strong>STS mission:<\/strong><\/p>\n<p>Through high-quality programs, personalized service, and extensive experience, STS Education aims to be the top choice for young people and their parents seeking international education and cultural exchange.<\/p>\n<\/div><\/div><\/div>\n\n\n\n<section class=\"wp-block-sts-video sts-block-video sts-block-video--landscape has-max-width-lg\"><div class=\"sts-video sts-video--landscape\"><div class=\"sts-video__handler\"><button type=\"button\" class=\"sts-video__play-button\" aria-label=\"Play video\" aria-pressed=\"false\" data-playing=\"false\"><span class=\"sts-video__play-icon\"><img decoding=\"async\" class=\"play-icon\" src=\"data:image\/svg+xml,%3csvg%20width='32'%20height='32'%20viewBox='0%200%2032%2032'%20fill='none'%20xmlns='http:\/\/www.w3.org\/2000\/svg'%3e%3cmask%20id='mask0_2459_8201'%20style='mask-type:alpha'%20maskUnits='userSpaceOnUse'%20x='0'%20y='0'%20width='32'%20height='32'%3e%3crect%20width='32'%20height='32'%20fill='%23D9D9D9'\/%3e%3c\/mask%3e%3cg%20mask='url(%23mask0_2459_8201)'%3e%3cpath%20d='M10.667%2022.8999V9.09993C10.667%208.72216%2010.8003%208.40549%2011.067%208.14993C11.3337%207.89438%2011.6448%207.7666%2012.0003%207.7666C12.1114%207.7666%2012.2281%207.78327%2012.3503%207.8166C12.4725%207.84993%2012.5892%207.89993%2012.7003%207.9666L23.567%2014.8666C23.767%2014.9999%2023.917%2015.1666%2024.017%2015.3666C24.117%2015.5666%2024.167%2015.7777%2024.167%2015.9999C24.167%2016.2222%2024.117%2016.4333%2024.017%2016.6333C23.917%2016.8333%2023.767%2016.9999%2023.567%2017.1333L12.7003%2024.0333C12.5892%2024.0999%2012.4725%2024.1499%2012.3503%2024.1833C12.2281%2024.2166%2012.1114%2024.2333%2012.0003%2024.2333C11.6448%2024.2333%2011.3337%2024.1055%2011.067%2023.8499C10.8003%2023.5944%2010.667%2023.2777%2010.667%2022.8999Z'%20fill='black'\/%3e%3c\/g%3e%3c\/svg%3e\" alt=\"\" aria-hidden=\"true\"\/><img decoding=\"async\" class=\"pause-icon\" src=\"data:image\/svg+xml,%3csvg%20width='32'%20height='32'%20viewBox='0%200%2032%2032'%20fill='none'%20xmlns='http:\/\/www.w3.org\/2000\/svg'%3e%3cmask%20id='mask0_pause'%20style='mask-type:alpha'%20maskUnits='userSpaceOnUse'%20x='0'%20y='0'%20width='32'%20height='32'%3e%3crect%20width='32'%20height='32'%20fill='%23D9D9D9'\/%3e%3c\/mask%3e%3cg%20mask='url(%23mask0_pause)'%3e%3c!--%20Left%20bar%20--%3e%3crect%20x='10'%20y='8'%20width='4'%20height='16'%20rx='1'%20fill='black'\/%3e%3c!--%20Right%20bar%20--%3e%3crect%20x='18'%20y='8'%20width='4'%20height='16'%20rx='1'%20fill='black'\/%3e%3c\/g%3e%3c\/svg%3e\" alt=\"\" aria-hidden=\"true\"\/><\/span><\/button><strong class=\"sts-video__duration\" data-duration-prefix=\"Video duration:\" data-unit-second=\"second\" data-unit-seconds=\"seconds\" data-unit-minute=\"minute\" data-unit-minutes=\"minutes\" aria-label=\"Video duration: 1 minute\">1 min<\/strong><\/div><div class=\"sts-video__media\" data-video-source=\"youtube\" data-video-url=\"\"><div class=\"sts-video__external-shell\" data-embed-url=\"https:\/\/www.youtube.com\/embed\/APzP1l6I8Bs?rel=0&amp;controls=1&amp;modestbranding=1&amp;playsinline=1&amp;enablejsapi=1&amp;autoplay=0&amp;origin=https%3A%2F%2Fwww.sts-education.com\"><iframe class=\"sts-video__iframe\" src=\"https:\/\/www.youtube.com\/embed\/APzP1l6I8Bs?rel=0&amp;controls=1&amp;modestbranding=1&amp;playsinline=1&amp;enablejsapi=1&amp;autoplay=0&amp;origin=https%3A%2F%2Fwww.sts-education.com\" title=\"Video poster\nheading\" allow=\"autoplay; fullscreen\" allowfullscreen loading=\"lazy\" data-provider=\"youtube\" data-embed-url=\"https:\/\/www.youtube.com\/embed\/APzP1l6I8Bs?rel=0&amp;controls=1&amp;modestbranding=1&amp;playsinline=1&amp;enablejsapi=1&amp;autoplay=0&amp;origin=https%3A%2F%2Fwww.sts-education.com\"><\/iframe><\/div><\/div><\/div><\/section>\n\n\n\n<div class=\"wp-block-sts-text sts-text-editor has-max-width-md\"><div class=\"sts-text-editor__content\"><div class=\"sts-text-editor__content-inner\">\n<h2>STSs ackrediteringar och f\u00f6reningsmedlemskap<\/h2>\n<p>V\u00e5ra skolor och program har f\u00e5tt ett flertal ackrediteringar fr\u00e5n internationellt erk\u00e4nda organisationer. Dessa ackrediteringar fungerar som garantier f\u00f6r att v\u00e5ra program uppfyller kvalitetsstandarder n\u00e4r det g\u00e4ller hantering, resurser, milj\u00f6, undervisning, v\u00e4lf\u00e4rd och v\u00e5rd. STS \u00e4r ocks\u00e5 medlem i flera rese- och utbildningsf\u00f6reningar, vilket inneb\u00e4r att vi st\u00f6ds av ett p\u00e5litligt n\u00e4tverk av partners i branschen.<\/p>\n<\/div><\/div><\/div>\n\n\n\n<figure class=\"wp-block-sts-image sts-block-image sts-block-image--count-1 has-max-width-md\" data-count=\"1\"><div class=\"sts-block-image__grid\"><div class=\"sts-block-image__item\"><picture class=\"sts-responsive-image has-fit-cover has-pos-top is-skeleton\"><source media=\"(max-width: 834.98px)\" srcset=\"https:\/\/powered-by.qbank.se\/educatius\/sts\/84907537aa411c5ffcc37be1d18f2a7b_1-1-thumb.webp 150w, https:\/\/powered-by.qbank.se\/educatius\/sts\/84907537aa411c5ffcc37be1d18f2a7b_1-1-xsmall.webp 500w, https:\/\/powered-by.qbank.se\/educatius\/sts\/84907537aa411c5ffcc37be1d18f2a7b_1-1-small.webp 800w, https:\/\/powered-by.qbank.se\/educatius\/sts\/84907537aa411c5ffcc37be1d18f2a7b_1-1-medium.webp 1024w, https:\/\/powered-by.qbank.se\/educatius\/sts\/84907537aa411c5ffcc37be1d18f2a7b_1-1-large.webp 1536w\" sizes=\"(max-width: 736px) 100vw, 736px\" type=\"image\/webp\"\/><source media=\"(min-width: 835px)\" srcset=\"https:\/\/powered-by.qbank.se\/educatius\/sts\/84907537aa411c5ffcc37be1d18f2a7b_1-1-thumb.webp 150w, https:\/\/powered-by.qbank.se\/educatius\/sts\/84907537aa411c5ffcc37be1d18f2a7b_1-1-xsmall.webp 500w, https:\/\/powered-by.qbank.se\/educatius\/sts\/84907537aa411c5ffcc37be1d18f2a7b_1-1-small.webp 800w, https:\/\/powered-by.qbank.se\/educatius\/sts\/84907537aa411c5ffcc37be1d18f2a7b_1-1-medium.webp 1024w, https:\/\/powered-by.qbank.se\/educatius\/sts\/84907537aa411c5ffcc37be1d18f2a7b_1-1-large.webp 1536w\" sizes=\"(max-width: 736px) 100vw, 736px\" type=\"image\/webp\"\/><img src=\"https:\/\/powered-by.qbank.se\/educatius\/sts\/84907537aa411c5ffcc37be1d18f2a7b_1-1-thumb.webp\" alt=\"Alliance\" loading=\"lazy\" decoding=\"async\" fetchpriority=\"low\" style=\"object-position:top\"\/><\/picture><\/div><\/div><\/figure>\n\n\n\n<div class=\"wp-block-sts-text sts-text-editor has-max-width-md\"><div class=\"sts-text-editor__content\"><div class=\"sts-text-editor__content-inner\">\n<h3>Alliance<\/h3>\n<p>The Alliance fungerar som en samlad offentlig r\u00f6st f\u00f6r internationella utbildningsutbyten och kulturella utbyten i USA.<br \/><a href=\"http:\/\/www.alliance-exchange.org\" target=\"_blank\" rel=\"noopener noreferrer\">www.alliance-exchange.org<\/a><\/p>\n<\/div><\/div><\/div>\n\n\n\n<figure class=\"wp-block-sts-image sts-block-image sts-block-image--count-1 has-max-width-md\" data-count=\"1\"><div class=\"sts-block-image__grid\"><div class=\"sts-block-image__item\"><picture class=\"sts-responsive-image has-fit-cover has-pos-top is-skeleton\"><source media=\"(max-width: 834.98px)\" srcset=\"https:\/\/powered-by.qbank.se\/educatius\/sts\/26c853b77628776cfc7fef95d38a7bbd_1-1-thumb.webp 150w, https:\/\/powered-by.qbank.se\/educatius\/sts\/26c853b77628776cfc7fef95d38a7bbd_1-1-xsmall.webp 500w, https:\/\/powered-by.qbank.se\/educatius\/sts\/26c853b77628776cfc7fef95d38a7bbd_1-1-small.webp 800w, https:\/\/powered-by.qbank.se\/educatius\/sts\/26c853b77628776cfc7fef95d38a7bbd_1-1-medium.webp 1024w, https:\/\/powered-by.qbank.se\/educatius\/sts\/26c853b77628776cfc7fef95d38a7bbd_1-1-large.webp 1536w\" sizes=\"(max-width: 736px) 100vw, 736px\" type=\"image\/webp\"\/><source media=\"(min-width: 835px)\" srcset=\"https:\/\/powered-by.qbank.se\/educatius\/sts\/26c853b77628776cfc7fef95d38a7bbd_1-1-thumb.webp 150w, https:\/\/powered-by.qbank.se\/educatius\/sts\/26c853b77628776cfc7fef95d38a7bbd_1-1-xsmall.webp 500w, https:\/\/powered-by.qbank.se\/educatius\/sts\/26c853b77628776cfc7fef95d38a7bbd_1-1-small.webp 800w, https:\/\/powered-by.qbank.se\/educatius\/sts\/26c853b77628776cfc7fef95d38a7bbd_1-1-medium.webp 1024w, https:\/\/powered-by.qbank.se\/educatius\/sts\/26c853b77628776cfc7fef95d38a7bbd_1-1-large.webp 1536w\" sizes=\"(max-width: 736px) 100vw, 736px\" type=\"image\/webp\"\/><img src=\"https:\/\/powered-by.qbank.se\/educatius\/sts\/26c853b77628776cfc7fef95d38a7bbd_1-1-thumb.webp\" alt=\"CSIET\" loading=\"lazy\" decoding=\"async\" fetchpriority=\"low\" style=\"object-position:top\"\/><\/picture><\/div><\/div><\/figure>\n\n\n\n<div class=\"wp-block-sts-text sts-text-editor has-max-width-md\"><div class=\"sts-text-editor__content\"><div class=\"sts-text-editor__content-inner\">\n<h3>CSIET<\/h3>\n<p>Council on Standards for International Educational Travel (CSIET) \u00e4r en ideell f\u00f6rening med uppdrag att garantera kvaliteten p\u00e5 internationella utbildningsresor och utbyten f\u00f6r ungdomar p\u00e5 High School-niv\u00e5. STS har varit medlem i m\u00e5nga \u00e5r.<br \/><a href=\"http:\/\/www.csiet.org\" target=\"_blank\" rel=\"noopener noreferrer\">www.csiet.org<\/a><\/p>\n<\/div><\/div><\/div>\n\n\n\n<figure class=\"wp-block-sts-image sts-block-image sts-block-image--count-1 has-max-width-md\" data-count=\"1\"><div class=\"sts-block-image__grid\"><div class=\"sts-block-image__item\"><picture class=\"sts-responsive-image has-fit-cover has-pos-top is-skeleton\"><source media=\"(max-width: 834.98px)\" srcset=\"https:\/\/powered-by.qbank.se\/educatius\/sts\/209ed5567b7de8d810127caad4f2eeb9_1-1-thumb.webp 150w, https:\/\/powered-by.qbank.se\/educatius\/sts\/209ed5567b7de8d810127caad4f2eeb9_1-1-xsmall.webp 500w, https:\/\/powered-by.qbank.se\/educatius\/sts\/209ed5567b7de8d810127caad4f2eeb9_1-1-small.webp 800w, https:\/\/powered-by.qbank.se\/educatius\/sts\/209ed5567b7de8d810127caad4f2eeb9_1-1-medium.webp 1024w, https:\/\/powered-by.qbank.se\/educatius\/sts\/209ed5567b7de8d810127caad4f2eeb9_1-1-large.webp 1536w\" sizes=\"(max-width: 736px) 100vw, 736px\" type=\"image\/webp\"\/><source media=\"(min-width: 835px)\" srcset=\"https:\/\/powered-by.qbank.se\/educatius\/sts\/209ed5567b7de8d810127caad4f2eeb9_1-1-thumb.webp 150w, https:\/\/powered-by.qbank.se\/educatius\/sts\/209ed5567b7de8d810127caad4f2eeb9_1-1-xsmall.webp 500w, https:\/\/powered-by.qbank.se\/educatius\/sts\/209ed5567b7de8d810127caad4f2eeb9_1-1-small.webp 800w, https:\/\/powered-by.qbank.se\/educatius\/sts\/209ed5567b7de8d810127caad4f2eeb9_1-1-medium.webp 1024w, https:\/\/powered-by.qbank.se\/educatius\/sts\/209ed5567b7de8d810127caad4f2eeb9_1-1-large.webp 1536w\" sizes=\"(max-width: 736px) 100vw, 736px\" type=\"image\/webp\"\/><img src=\"https:\/\/powered-by.qbank.se\/educatius\/sts\/209ed5567b7de8d810127caad4f2eeb9_1-1-thumb.webp\" alt=\"NZCIE\" loading=\"lazy\" decoding=\"async\" fetchpriority=\"low\" style=\"object-position:top\"\/><\/picture><\/div><\/div><\/figure>\n\n\n\n<div class=\"wp-block-sts-text sts-text-editor has-max-width-md\"><div class=\"sts-text-editor__content\"><div class=\"sts-text-editor__content-inner\">\n<h3>NZCIE<\/h3>\n<p>STS \u00e4r en inledande medlem av Nya Zeelands Council f\u00f6r interkulturell utbildning, som syftar till att fr\u00e4mja internationell fred, f\u00f6rst\u00e5else och v\u00e4lvilja genom att hj\u00e4lpa m\u00e4nniskor att utveckla de f\u00e4rdigheter som kr\u00e4vs f\u00f6r att leva i en globalt beroende och kulturellt m\u00e5ngfaldig v\u00e4rld genom att uppleva livet i ett annat land och samh\u00e4lle. Medlemskapet i NZCIE \u00e4r beroende av att vara ett godk\u00e4nt EPO, som har undertecknat det New Zealand Ministry of Educations Code of Practice for the Pastrol Care of International Students och accepterar NZCIE-principerna f\u00f6r god praxis f\u00f6r interkulturell utbildning. <br \/><a href=\"http:\/\/www.nzcie.org.nz\" target=\"_blank\" rel=\"noopener noreferrer\">www.nzcie.org.nz<\/a><\/p>\n<\/div><\/div><\/div>\n","protected":false},"excerpt":{"rendered":"","protected":false},"author":20,"featured_media":0,"parent":0,"menu_order":0,"comment_status":"closed","ping_status":"closed","template":"templates\/template-default-with-breadcrumbs.php","meta":{"_acf_changed":false,"sts_page_background_color":"","footnotes":""},"wpw_page_folders":[77],"class_list":["post-10208","page","type-page","status-publish","hentry"],"acf":[],"yoast_head":"<!-- This site is optimized with the Yoast SEO Premium plugin v27.2 (Yoast SEO v27.3) - https:\/\/yoast.com\/product\/yoast-seo-premium-wordpress\/ -->\n<title>Om oss STS | STS<\/title>\n<meta name=\"description\" content=\"STS har sedan 1958 arrangerat spr\u00e5kresor till England, \u00d6sterrike, Tyskland med fler. Sedan 1971 erbjuder vi \u00e4ven m\u00f6jligheten att \u00e5ka p\u00e5 utbytes\u00e5r genom High School exchange.\" \/>\n<meta name=\"robots\" content=\"index, follow, max-snippet:-1, max-image-preview:large, max-video-preview:-1\" \/>\n<link rel=\"canonical\" href=\"https:\/\/www.sts-education.com\/se\/om-sts\/\" \/>\n<meta property=\"og:locale\" content=\"sv_SE\" \/>\n<meta property=\"og:type\" content=\"article\" \/>\n<meta property=\"og:title\" content=\"Om Sts\" \/>\n<meta property=\"og:description\" content=\"STS har sedan 1958 arrangerat spr\u00e5kresor till England, \u00d6sterrike, Tyskland med fler. Sedan 1971 erbjuder vi \u00e4ven m\u00f6jligheten att \u00e5ka p\u00e5 utbytes\u00e5r genom High School exchange.\" \/>\n<meta property=\"og:url\" content=\"https:\/\/www.sts-education.com\/se\/om-sts\/\" \/>\n<meta property=\"og:site_name\" content=\"STS Education\" \/>\n<meta property=\"article:modified_time\" content=\"2026-04-15T14:17:24+00:00\" \/>\n<meta property=\"og:image\" content=\"https:\/\/cdn.sts-education.com\/11482_hero_lg_xl.jpg\" \/>\n<meta name=\"twitter:card\" content=\"summary_large_image\" \/>\n<meta name=\"twitter:label1\" content=\"Ber\u00e4knad l\u00e4stid\" \/>\n\t<meta name=\"twitter:data1\" content=\"4 minuter\" \/>\n<script type=\"application\/ld+json\" class=\"yoast-schema-graph\">{\"@context\":\"https:\\\/\\\/schema.org\",\"@graph\":[{\"@type\":\"WebPage\",\"@id\":\"https:\\\/\\\/www.sts-education.com\\\/se\\\/om-sts\\\/\",\"url\":\"https:\\\/\\\/www.sts-education.com\\\/se\\\/om-sts\\\/\",\"name\":\"Om oss STS | STS\",\"isPartOf\":{\"@id\":\"https:\\\/\\\/www.sts-education.com\\\/se\\\/#website\"},\"primaryImageOfPage\":{\"@id\":\"https:\\\/\\\/www.sts-education.com\\\/se\\\/om-sts\\\/#primaryimage\"},\"image\":{\"@id\":\"https:\\\/\\\/www.sts-education.com\\\/se\\\/om-sts\\\/#primaryimage\"},\"thumbnailUrl\":\"https:\\\/\\\/cdn.sts-education.com\\\/11482_hero_lg_xl.jpg\",\"datePublished\":\"2025-12-16T10:21:48+00:00\",\"dateModified\":\"2026-04-15T14:17:24+00:00\",\"description\":\"STS har sedan 1958 arrangerat spr\u00e5kresor till England, \u00d6sterrike, Tyskland med fler. Sedan 1971 erbjuder vi \u00e4ven m\u00f6jligheten att \u00e5ka p\u00e5 utbytes\u00e5r genom High School exchange.\",\"breadcrumb\":{\"@id\":\"https:\\\/\\\/www.sts-education.com\\\/se\\\/om-sts\\\/#breadcrumb\"},\"inLanguage\":\"sv-SE\",\"potentialAction\":[{\"@type\":\"ReadAction\",\"target\":[\"https:\\\/\\\/www.sts-education.com\\\/se\\\/om-sts\\\/\"]}]},{\"@type\":\"ImageObject\",\"inLanguage\":\"sv-SE\",\"@id\":\"https:\\\/\\\/www.sts-education.com\\\/se\\\/om-sts\\\/#primaryimage\",\"url\":\"https:\\\/\\\/cdn.sts-education.com\\\/11482_hero_lg_xl.jpg\",\"contentUrl\":\"https:\\\/\\\/cdn.sts-education.com\\\/11482_hero_lg_xl.jpg\"},{\"@type\":\"BreadcrumbList\",\"@id\":\"https:\\\/\\\/www.sts-education.com\\\/se\\\/om-sts\\\/#breadcrumb\",\"itemListElement\":[{\"@type\":\"ListItem\",\"position\":1,\"name\":\"Home\",\"item\":\"https:\\\/\\\/www.sts-education.com\\\/se\\\/\"},{\"@type\":\"ListItem\",\"position\":2,\"name\":\"Om Sts\"}]},{\"@type\":\"WebSite\",\"@id\":\"https:\\\/\\\/www.sts-education.com\\\/se\\\/#website\",\"url\":\"https:\\\/\\\/www.sts-education.com\\\/se\\\/\",\"name\":\"STS Education\",\"description\":\"\",\"potentialAction\":[{\"@type\":\"SearchAction\",\"target\":{\"@type\":\"EntryPoint\",\"urlTemplate\":\"https:\\\/\\\/www.sts-education.com\\\/se\\\/?s={search_term_string}\"},\"query-input\":{\"@type\":\"PropertyValueSpecification\",\"valueRequired\":true,\"valueName\":\"search_term_string\"}}],\"inLanguage\":\"sv-SE\"}]}<\/script>\n<!-- \/ Yoast SEO Premium plugin. -->","yoast_head_json":{"title":"Om oss STS | STS","description":"STS har sedan 1958 arrangerat spr\u00e5kresor till England, \u00d6sterrike, Tyskland med fler. Sedan 1971 erbjuder vi \u00e4ven m\u00f6jligheten att \u00e5ka p\u00e5 utbytes\u00e5r genom High School exchange.","robots":{"index":"index","follow":"follow","max-snippet":"max-snippet:-1","max-image-preview":"max-image-preview:large","max-video-preview":"max-video-preview:-1"},"canonical":"https:\/\/www.sts-education.com\/se\/om-sts\/","og_locale":"sv_SE","og_type":"article","og_title":"Om Sts","og_description":"STS har sedan 1958 arrangerat spr\u00e5kresor till England, \u00d6sterrike, Tyskland med fler. Sedan 1971 erbjuder vi \u00e4ven m\u00f6jligheten att \u00e5ka p\u00e5 utbytes\u00e5r genom High School exchange.","og_url":"https:\/\/www.sts-education.com\/se\/om-sts\/","og_site_name":"STS Education","article_modified_time":"2026-04-15T14:17:24+00:00","og_image":[{"url":"https:\/\/cdn.sts-education.com\/11482_hero_lg_xl.jpg","type":"","width":"","height":""}],"twitter_card":"summary_large_image","twitter_misc":{"Ber\u00e4knad l\u00e4stid":"4 minuter"},"schema":{"@context":"https:\/\/schema.org","@graph":[{"@type":"WebPage","@id":"https:\/\/www.sts-education.com\/se\/om-sts\/","url":"https:\/\/www.sts-education.com\/se\/om-sts\/","name":"Om oss STS | STS","isPartOf":{"@id":"https:\/\/www.sts-education.com\/se\/#website"},"primaryImageOfPage":{"@id":"https:\/\/www.sts-education.com\/se\/om-sts\/#primaryimage"},"image":{"@id":"https:\/\/www.sts-education.com\/se\/om-sts\/#primaryimage"},"thumbnailUrl":"https:\/\/cdn.sts-education.com\/11482_hero_lg_xl.jpg","datePublished":"2025-12-16T10:21:48+00:00","dateModified":"2026-04-15T14:17:24+00:00","description":"STS har sedan 1958 arrangerat spr\u00e5kresor till England, \u00d6sterrike, Tyskland med fler. Sedan 1971 erbjuder vi \u00e4ven m\u00f6jligheten att \u00e5ka p\u00e5 utbytes\u00e5r genom High School exchange.","breadcrumb":{"@id":"https:\/\/www.sts-education.com\/se\/om-sts\/#breadcrumb"},"inLanguage":"sv-SE","potentialAction":[{"@type":"ReadAction","target":["https:\/\/www.sts-education.com\/se\/om-sts\/"]}]},{"@type":"ImageObject","inLanguage":"sv-SE","@id":"https:\/\/www.sts-education.com\/se\/om-sts\/#primaryimage","url":"https:\/\/cdn.sts-education.com\/11482_hero_lg_xl.jpg","contentUrl":"https:\/\/cdn.sts-education.com\/11482_hero_lg_xl.jpg"},{"@type":"BreadcrumbList","@id":"https:\/\/www.sts-education.com\/se\/om-sts\/#breadcrumb","itemListElement":[{"@type":"ListItem","position":1,"name":"Home","item":"https:\/\/www.sts-education.com\/se\/"},{"@type":"ListItem","position":2,"name":"Om Sts"}]},{"@type":"WebSite","@id":"https:\/\/www.sts-education.com\/se\/#website","url":"https:\/\/www.sts-education.com\/se\/","name":"STS Education","description":"","potentialAction":[{"@type":"SearchAction","target":{"@type":"EntryPoint","urlTemplate":"https:\/\/www.sts-education.com\/se\/?s={search_term_string}"},"query-input":{"@type":"PropertyValueSpecification","valueRequired":true,"valueName":"search_term_string"}}],"inLanguage":"sv-SE"}]}},"_links":{"self":[{"href":"https:\/\/www.sts-education.com\/se\/wp-json\/wp\/v2\/pages\/10208","targetHints":{"allow":["GET"]}}],"collection":[{"href":"https:\/\/www.sts-education.com\/se\/wp-json\/wp\/v2\/pages"}],"about":[{"href":"https:\/\/www.sts-education.com\/se\/wp-json\/wp\/v2\/types\/page"}],"author":[{"embeddable":true,"href":"https:\/\/www.sts-education.com\/se\/wp-json\/wp\/v2\/users\/20"}],"replies":[{"embeddable":true,"href":"https:\/\/www.sts-education.com\/se\/wp-json\/wp\/v2\/comments?post=10208"}],"version-history":[{"count":5,"href":"https:\/\/www.sts-education.com\/se\/wp-json\/wp\/v2\/pages\/10208\/revisions"}],"predecessor-version":[{"id":37073,"href":"https:\/\/www.sts-education.com\/se\/wp-json\/wp\/v2\/pages\/10208\/revisions\/37073"}],"wp:attachment":[{"href":"https:\/\/www.sts-education.com\/se\/wp-json\/wp\/v2\/media?parent=10208"}],"wp:term":[{"taxonomy":"wpw_page_folders","embeddable":true,"href":"https:\/\/www.sts-education.com\/se\/wp-json\/wp\/v2\/wpw_page_folders?post=10208"}],"curies":[{"name":"wp","href":"https:\/\/api.w.org\/{rel}","templated":true}]}}