{"id":10209,"date":"2025-12-15T15:48:25","date_gmt":"2025-12-15T15:48:25","guid":{"rendered":"https:\/\/preprod.sts-education.com\/allman-information\/cookies\/"},"modified":"2026-04-15T09:44:25","modified_gmt":"2026-04-15T09:44:25","slug":"cookies","status":"publish","type":"page","link":"https:\/\/www.sts-education.com\/se\/allman-information\/cookies\/","title":{"rendered":"Cookies"},"content":{"rendered":"\n<div class=\"wp-block-sts-text sts-text-editor has-max-width-md\"><div class=\"sts-text-editor__content\"><div class=\"sts-text-editor__content-inner\">\n<h1>Cookies<\/h1>\n<\/div><\/div><\/div>\n\n\n\n<div class=\"wp-block-sts-text sts-text-editor has-max-width-md\"><div class=\"sts-text-editor__content\"><div class=\"sts-text-editor__content-inner\">\n<h2>Information om Cookies p\u00e5 www.sts.se<\/h2>\n<p>N\u00e4r du bes\u00f6ker v\u00e5r webbplats placeras cookies i din webbl\u00e4sare f\u00f6r f\u00f6ljande \u00e4ndam\u00e5l:<br\/>\u2022 F\u00f6r att komma ih\u00e5g vilken spr\u00e5kinst\u00e4llning du f\u00f6redrar<br\/>\u2022 Att f\u00e5 webbplatsen att fungera<br\/>Om du samtycker placeras cookies \u00e4ven i din webbl\u00e4sare f\u00f6r f\u00f6ljande \u00e4ndam\u00e5l:<br\/>\u2022 Att analysera hur du anv\u00e4nder v\u00e5r webbplats<\/p>\n<p>F\u00f6r att tillhandah\u00e5lla relevanta erbjudanden och marknadsf\u00f6ring till dig Vi, STS Education, med organisationsnummer. 559251-3112 (\u201dSTS\u201d) vill vara transparenta i hur vi anv\u00e4nder cookies och vill d\u00e4rf\u00f6r ge dig en detaljerad beskrivning av v\u00e5r anv\u00e4ndning av cookies.<\/p>\n<p>Vi anv\u00e4nder inga avancerade cookies utan anv\u00e4nder oss ist\u00e4llet av mer vanliga icke-avancerade cookies, s\u00e5 kallade &quot;http cookies&quot; och Script Cookies. \u00c4ven om dessa cookies inte \u00e4r avancerade, kommer vissa av dessa cookies att samla in personuppgifter, s\u00e5som din IP-adress. Information om hur vi behandlar dina personuppgifter, inklusive hur vi \u00f6verf\u00f6r dina personuppgifter utanf\u00f6r EU\/EES och vilka r\u00e4ttigheter du har i f\u00f6rh\u00e5llande till v\u00e5r behandling av dina personuppgifter, finns i v\u00e5r <a href=\"https:\/\/www.sts-education.com\/se\/allman-information\/sts-privacy-policy\/\">Integritetspolicy<\/a>.<\/p>\n<h2>Vem ska man kontakta?<\/h2>\n<p>Om du har fr\u00e5gor eller om du vill f\u00e5 mer information om v\u00e5r anv\u00e4ndning av cookies \u00e4r du v\u00e4lkommen att kontakta oss. Du kan kontakta oss p\u00e5:<br\/>Adress: Norra Hamngatan 36, <br\/>411 06 G\u00f6teborg, Sverige<br\/>E-postadress: dataskydd@sts.se<br\/>Telefonnummer: +46 771-20 20 40<\/p>\n<p>Du kan ocks\u00e5 kontakta din tillsynsmyndighet om du har fr\u00e5gor om cookies. I Sverige \u00e4r relevant tillsynsmyndighet Post- och telestyrelsen (<a href=\"http:\/\/www.pts.se\" target=\"_blank\" rel=\"noopener noreferrer\">www.pts.se<\/a>).<\/p>\n<h2>Hur man undviker cookies<\/h2>\n<p>N\u00e4r du bes\u00f6ker v\u00e5r webbplats kommer vi automatiskt att placera vissa cookies som endast lagras under ditt bes\u00f6k p\u00e5 v\u00e5r webbplats (s\u00e5 kallade &quot;sessionscookies&quot;). F\u00f6rutom sessionscookies placerar vi \u00e4ven mer best\u00e4ndiga cookies som lagras i din webbl\u00e4sare under en l\u00e4ngre tid.<br\/>Om du inte vill acceptera cookies kan din webbl\u00e4sare st\u00e4llas in s\u00e5 att den automatiskt undviker cookies eller s\u00e5 kan du st\u00e4nga av cookies via v\u00e5r cookiehanteringsl\u00f6sning. Genom webbl\u00e4saren kan du \u00e4ven kontrollera vilka best\u00e4ndiga cookies som har placerats i din webbl\u00e4sare och radera dem. Du kan n\u00e4r som helst \u00e5terkalla ett s\u00e5dant samtycke. Klicka bara p\u00e5 inst\u00e4llningsknappen i det nedre v\u00e4nstra h\u00f6rnet p\u00e5 sidan s\u00e5 kan du se exakt vilka cookies vi anv\u00e4nder och om du vill till\u00e5ta dem eller inte. Detta kan dock inneb\u00e4ra att v\u00e5r webbplats inte fungerar korrekt.<\/p>\n<h2>Cookies som placeras i din webbl\u00e4sare baserat p\u00e5 ditt samtycke<\/h2>\n<p>De cookies vi placerar f\u00f6r att analysera anv\u00e4ndningen av v\u00e5r webbplats och f\u00f6r att visa dig relevanta erbjudanden och marknadsf\u00f6ring \u00e4r inte strikt n\u00f6dv\u00e4ndiga f\u00f6r att tillhandah\u00e5lla webbplatsen och dess funktionalitet till dig, varf\u00f6r vi endast placerar dessa cookies i din webbl\u00e4sare om du samtycker till att vi g\u00f6r det.<\/p>\n<p>Om du v\u00e4ljer att inte till\u00e5ta cookies eller om du har st\u00e4llt in din webbl\u00e4sare p\u00e5 att automatiskt neka placeringen av dessa cookies kommer vi att f\u00e5 mindre information f\u00f6r att analysera anv\u00e4ndningen av v\u00e5r webbplats och vi kommer inte att kunna visa dig erbjudanden och marknadsf\u00f6ring som har varit anpassad till dig.<\/p>\n<h2>Beskrivning av hur vi anv\u00e4nder olika typer av cookies<\/h2>\n<h3>F\u00f6r funktionaliteten p\u00e5 v\u00e5r webbplats<\/h3>\n<p>F\u00f6r att <strong>tekniskt f\u00e5 v\u00e5r webbplats att fungera<\/strong> placerar vi cookies i din webbl\u00e4sare. Dessa cookies g\u00f6r det m\u00f6jligt f\u00f6r oss att t.ex. identifiera de \u00e5tg\u00e4rder som g\u00f6rs av din webbl\u00e4sare och h\u00e5lla koll p\u00e5 din session genom att skapa ett slumpm\u00e4ssigt ID f\u00f6r din webbl\u00e4sare.<\/p>\n<p>F\u00f6r att <strong>s\u00e4kerst\u00e4lla att v\u00e5r webbplats fungerar<\/strong> s\u00e5 bra som m\u00f6jligt med alla v\u00e5ra funktioner som chatt och s\u00e5 vidare placerar vi cookies fr\u00e5n Microsoft i din webbl\u00e4sare, t.ex. f\u00f6r att vi ska kunna distribuera trafik \u00f6ver flera servrar.<\/p>\n<h3>Att komma ih\u00e5g dina val<\/h3>\n<p>De n\u00f6dv\u00e4ndiga cookies som placeras i din webbl\u00e4sare \u00e4r viktiga f\u00f6r att tillhandah\u00e5lla en onlinetj\u00e4nst p\u00e5 din beg\u00e4ran. d.v.s. de \u00e4r n\u00f6dv\u00e4ndiga f\u00f6r att v\u00e5r webbplats ska fungera och f\u00f6r att vi ska komma ih\u00e5g dina val du g\u00f6r n\u00e4r du bes\u00f6ker v\u00e5r webbplats f\u00f6rsta g\u00e5ngen. Exempel p\u00e5 det \u00e4r din spr\u00e5kinst\u00e4llning val av spr\u00e5k.<\/p>\n<p>Om du har st\u00e4llt in din webbl\u00e4sare p\u00e5 att automatiskt neka placeringen av dessa cookies kommer webbplatsen inte att fungera som avsett. Detta inneb\u00e4r ocks\u00e5 att du begr\u00e4nsar v\u00e5r m\u00f6jlighet att komma ih\u00e5g vilken spr\u00e5kinst\u00e4llning f\u00f6r webbplatsen du f\u00f6redrar att anv\u00e4nda.<\/p>\n<h3>F\u00f6r att analysera hur du anv\u00e4nder v\u00e5r webbplats<\/h3>\n<p>F\u00f6r att analysera hur du anv\u00e4nder v\u00e5r webbplats placerar vi cookies som samlar information som din IP-adress och din geografiska plats (endast p\u00e5 en aggregerad niv\u00e5 och inte exakt adress) och information om hur du anv\u00e4nder v\u00e5r webbplats, t.ex. vad du klickar p\u00e5. Den kommer ocks\u00e5 att samla information om dina r\u00f6relser p\u00e5 webbplatsen och vilka sidor som \u00e4r mest bes\u00f6kta. Vi kommer \u00e4ven att se sammanst\u00e4lld statistik om t.ex. hur m\u00e5nga bes\u00f6kare vi har p\u00e5 v\u00e5r hemsida. All information som samlas in via dessa cookies \u00e4r aggregerad, vilket inneb\u00e4r att den \u00e4r anonym. Om du inte till\u00e5ter dessa cookies kan vi inte ge dig en anpassad upplevelse.<\/p>\n<h2>F\u00f6r att visa dig relevanta erbjudanden och marknadsf\u00f6ring<\/h2>\n<p>F\u00f6r att f\u00e5 information om effektiviteten i v\u00e5r marknadsf\u00f6ring placerar vi en cookie som genererar statistisk information om hur du anv\u00e4nder v\u00e5r webbplats.<\/p>\n<p>Cookien placerar ett unikt ID i din webbl\u00e4sare som g\u00f6r att vi kan veta vilken banner eller annons i sociala medier och andra st\u00e4llen du klickade p\u00e5 f\u00f6r att n\u00e5 v\u00e5r webbplats och hur du d\u00e4refter interagerar med oss.<br\/>D\u00e4refter kommer vi att tillhandah\u00e5lla ditt unika ID till en tredje part som kommer att visa personlig marknadsf\u00f6ring f\u00f6r potentiella bes\u00f6kare p\u00e5 v\u00e5r webbplats som liknar dig i digitala kanaler, sociala medier och\/eller tredje parts webbplatser.<\/p>\n<p>Detta inneb\u00e4r ocks\u00e5 att du kommer att se s\u00f6kresultat och banners fr\u00e5n STS n\u00e4r du anv\u00e4nder andra webbplatser baserat p\u00e5 din tidigare anv\u00e4ndning av v\u00e5r webbplats. Om du inte till\u00e5ter dessa cookies kommer du att uppleva mindre riktad reklam.<\/p>\n<\/div><\/div><\/div>\n","protected":false},"excerpt":{"rendered":"","protected":false},"author":20,"featured_media":0,"parent":10206,"menu_order":0,"comment_status":"closed","ping_status":"closed","template":"templates\/template-default-with-breadcrumbs.php","meta":{"_acf_changed":false,"sts_page_background_color":"","footnotes":""},"wpw_page_folders":[95],"class_list":["post-10209","page","type-page","status-publish","hentry"],"acf":[],"yoast_head":"<!-- This site is optimized with the Yoast SEO Premium plugin v27.2 (Yoast SEO v27.3) - https:\/\/yoast.com\/product\/yoast-seo-premium-wordpress\/ -->\n<title>Cookies<\/title>\n<meta name=\"robots\" content=\"index, follow, max-snippet:-1, max-image-preview:large, max-video-preview:-1\" \/>\n<link rel=\"canonical\" href=\"https:\/\/www.sts-education.com\/se\/allman-information\/cookies\/\" \/>\n<meta property=\"og:locale\" content=\"sv_SE\" \/>\n<meta property=\"og:type\" content=\"article\" \/>\n<meta property=\"og:title\" content=\"Cookies\" \/>\n<meta property=\"og:url\" content=\"https:\/\/www.sts-education.com\/se\/allman-information\/cookies\/\" \/>\n<meta property=\"og:site_name\" content=\"STS Education\" \/>\n<meta property=\"article:modified_time\" content=\"2026-04-15T09:44:25+00:00\" \/>\n<meta name=\"twitter:card\" content=\"summary_large_image\" \/>\n<meta name=\"twitter:label1\" content=\"Ber\u00e4knad l\u00e4stid\" \/>\n\t<meta name=\"twitter:data1\" content=\"6 minuter\" \/>\n<script type=\"application\/ld+json\" class=\"yoast-schema-graph\">{\"@context\":\"https:\\\/\\\/schema.org\",\"@graph\":[{\"@type\":\"WebPage\",\"@id\":\"https:\\\/\\\/www.sts-education.com\\\/se\\\/allman-information\\\/cookies\\\/\",\"url\":\"https:\\\/\\\/www.sts-education.com\\\/se\\\/allman-information\\\/cookies\\\/\",\"name\":\"Cookies\",\"isPartOf\":{\"@id\":\"https:\\\/\\\/www.sts-education.com\\\/se\\\/#website\"},\"datePublished\":\"2025-12-15T15:48:25+00:00\",\"dateModified\":\"2026-04-15T09:44:25+00:00\",\"breadcrumb\":{\"@id\":\"https:\\\/\\\/www.sts-education.com\\\/se\\\/allman-information\\\/cookies\\\/#breadcrumb\"},\"inLanguage\":\"sv-SE\",\"potentialAction\":[{\"@type\":\"ReadAction\",\"target\":[\"https:\\\/\\\/www.sts-education.com\\\/se\\\/allman-information\\\/cookies\\\/\"]}]},{\"@type\":\"BreadcrumbList\",\"@id\":\"https:\\\/\\\/www.sts-education.com\\\/se\\\/allman-information\\\/cookies\\\/#breadcrumb\",\"itemListElement\":[{\"@type\":\"ListItem\",\"position\":1,\"name\":\"Home\",\"item\":\"https:\\\/\\\/www.sts-education.com\\\/se\\\/\"},{\"@type\":\"ListItem\",\"position\":2,\"name\":\"Allman Information\",\"item\":\"https:\\\/\\\/www.sts-education.com\\\/se\\\/allman-information\\\/\"},{\"@type\":\"ListItem\",\"position\":3,\"name\":\"Cookies\"}]},{\"@type\":\"WebSite\",\"@id\":\"https:\\\/\\\/www.sts-education.com\\\/se\\\/#website\",\"url\":\"https:\\\/\\\/www.sts-education.com\\\/se\\\/\",\"name\":\"STS Education\",\"description\":\"\",\"potentialAction\":[{\"@type\":\"SearchAction\",\"target\":{\"@type\":\"EntryPoint\",\"urlTemplate\":\"https:\\\/\\\/www.sts-education.com\\\/se\\\/?s={search_term_string}\"},\"query-input\":{\"@type\":\"PropertyValueSpecification\",\"valueRequired\":true,\"valueName\":\"search_term_string\"}}],\"inLanguage\":\"sv-SE\"}]}<\/script>\n<!-- \/ Yoast SEO Premium plugin. -->","yoast_head_json":{"title":"Cookies","robots":{"index":"index","follow":"follow","max-snippet":"max-snippet:-1","max-image-preview":"max-image-preview:large","max-video-preview":"max-video-preview:-1"},"canonical":"https:\/\/www.sts-education.com\/se\/allman-information\/cookies\/","og_locale":"sv_SE","og_type":"article","og_title":"Cookies","og_url":"https:\/\/www.sts-education.com\/se\/allman-information\/cookies\/","og_site_name":"STS Education","article_modified_time":"2026-04-15T09:44:25+00:00","twitter_card":"summary_large_image","twitter_misc":{"Ber\u00e4knad l\u00e4stid":"6 minuter"},"schema":{"@context":"https:\/\/schema.org","@graph":[{"@type":"WebPage","@id":"https:\/\/www.sts-education.com\/se\/allman-information\/cookies\/","url":"https:\/\/www.sts-education.com\/se\/allman-information\/cookies\/","name":"Cookies","isPartOf":{"@id":"https:\/\/www.sts-education.com\/se\/#website"},"datePublished":"2025-12-15T15:48:25+00:00","dateModified":"2026-04-15T09:44:25+00:00","breadcrumb":{"@id":"https:\/\/www.sts-education.com\/se\/allman-information\/cookies\/#breadcrumb"},"inLanguage":"sv-SE","potentialAction":[{"@type":"ReadAction","target":["https:\/\/www.sts-education.com\/se\/allman-information\/cookies\/"]}]},{"@type":"BreadcrumbList","@id":"https:\/\/www.sts-education.com\/se\/allman-information\/cookies\/#breadcrumb","itemListElement":[{"@type":"ListItem","position":1,"name":"Home","item":"https:\/\/www.sts-education.com\/se\/"},{"@type":"ListItem","position":2,"name":"Allman Information","item":"https:\/\/www.sts-education.com\/se\/allman-information\/"},{"@type":"ListItem","position":3,"name":"Cookies"}]},{"@type":"WebSite","@id":"https:\/\/www.sts-education.com\/se\/#website","url":"https:\/\/www.sts-education.com\/se\/","name":"STS Education","description":"","potentialAction":[{"@type":"SearchAction","target":{"@type":"EntryPoint","urlTemplate":"https:\/\/www.sts-education.com\/se\/?s={search_term_string}"},"query-input":{"@type":"PropertyValueSpecification","valueRequired":true,"valueName":"search_term_string"}}],"inLanguage":"sv-SE"}]}},"_links":{"self":[{"href":"https:\/\/www.sts-education.com\/se\/wp-json\/wp\/v2\/pages\/10209","targetHints":{"allow":["GET"]}}],"collection":[{"href":"https:\/\/www.sts-education.com\/se\/wp-json\/wp\/v2\/pages"}],"about":[{"href":"https:\/\/www.sts-education.com\/se\/wp-json\/wp\/v2\/types\/page"}],"author":[{"embeddable":true,"href":"https:\/\/www.sts-education.com\/se\/wp-json\/wp\/v2\/users\/20"}],"replies":[{"embeddable":true,"href":"https:\/\/www.sts-education.com\/se\/wp-json\/wp\/v2\/comments?post=10209"}],"version-history":[{"count":6,"href":"https:\/\/www.sts-education.com\/se\/wp-json\/wp\/v2\/pages\/10209\/revisions"}],"predecessor-version":[{"id":35786,"href":"https:\/\/www.sts-education.com\/se\/wp-json\/wp\/v2\/pages\/10209\/revisions\/35786"}],"up":[{"embeddable":true,"href":"https:\/\/www.sts-education.com\/se\/wp-json\/wp\/v2\/pages\/10206"}],"wp:attachment":[{"href":"https:\/\/www.sts-education.com\/se\/wp-json\/wp\/v2\/media?parent=10209"}],"wp:term":[{"taxonomy":"wpw_page_folders","embeddable":true,"href":"https:\/\/www.sts-education.com\/se\/wp-json\/wp\/v2\/wpw_page_folders?post=10209"}],"curies":[{"name":"wp","href":"https:\/\/api.w.org\/{rel}","templated":true}]}}