{"id":10210,"date":"2019-03-28T07:48:58","date_gmt":"2019-03-28T07:48:58","guid":{"rendered":"https:\/\/preprod.sts-education.com\/allman-information\/information-till-skolor\/"},"modified":"2026-04-15T09:44:58","modified_gmt":"2026-04-15T09:44:58","slug":"information-till-skolor","status":"publish","type":"page","link":"https:\/\/www.sts-education.com\/se\/allman-information\/information-till-skolor\/","title":{"rendered":"Information Till Skolor"},"content":{"rendered":"\n<section class=\"wp-block-sts-hero sts-block-hero is-variant-full-background has-text-light has-background-media\" style=\"--sts-hero-padding-mobile:0px;--sts-hero-padding-desktop:0px;--sts-hero-text-color:var(--wp--preset--color--base-10, #fff);\" data-variant=\"full-background\"><div class=\"sts-block-hero__background\"><picture class=\"sts-responsive-image has-fit-cover is-skeleton\"><img src=\"https:\/\/cdn.sts-education.com\/12645_hero_lg_xl.jpg\" alt=\"Bli v\u00e4rdskola \u2013 en internationell upplevelse f\u00f6r din skola\" loading=\"lazy\" decoding=\"async\" fetchpriority=\"low\" sizes=\"100vw\" \/><\/picture><span class=\"sts-block-hero__overlay\" aria-hidden=\"true\"><\/span><\/div><div class=\"sts-block-hero__inner\"><div class=\"sts-block-hero__content has-align-center\"><div class=\"sts-block-hero__content-inner\"><h1 class=\"sts-block-hero__heading\">Bli v\u00e4rdskola \u2013 en internationell upplevelse f\u00f6r din skola<\/h1><\/div><\/div><\/div><\/section>\n\n\n\n<div class=\"wp-block-sts-text sts-text-editor has-max-width-md\"><div class=\"sts-text-editor__content\"><div class=\"sts-text-editor__content-inner\">\n<p>Vill du inspirera dina elever att \u00e5ka p\u00e5 ett utbytes\u00e5r eller en utbytestermin utomlands? Varf\u00f6r inte sj\u00e4lva bli en v\u00e4rdskola och ta emot elever fr\u00e5n andra l\u00e4nder? Att vara v\u00e4rdskola inneb\u00e4r inte bara nya erfarenheter f\u00f6r utbyteseleven, utan det berikar hela skolan med internationella perspektiv och kunskaper.<\/p>\n\n<h2>Vad inneb\u00e4r det att vara v\u00e4rdskola?<\/h2>\n\n<p>Som v\u00e4rdskola tar ni emot elever fr\u00e5n l\u00e4nder som till exempel USA, Brasilien, Japan, Tyskland och Italien. De flesta elever stannar mellan fem och tio m\u00e5nader och f\u00f6rv\u00e4ntas delta aktivt i undervisningen. Utbyteseleverna kommer med sina erfarenheter och f\u00f6rv\u00e4ntningar, redo att l\u00e4ra k\u00e4nna v\u00e5r kultur och v\u00e5rt utbildningssystem. Skolans roll \u00e4r att erbjuda en trygg och inkluderande skolmilj\u00f6 d\u00e4r eleven f\u00e5r m\u00f6jlighet att v\u00e4xa b\u00e5de akademiskt och socialt.<\/p>\n\n<h3>F\u00f6rdelar f\u00f6r er skola<\/h3>\n\n<p>Genom att bli v\u00e4rdskola tar ni del i ett globalt samarbete och st\u00e4rker er skolas internationella profil. Utbyteseleverna tillf\u00f6r v\u00e4rdefulla insikter som kan anv\u00e4ndas i undervisningen, exempelvis i spr\u00e5kundervisningen, religionslektioner eller samh\u00e4llskunskap. Eleverna p\u00e5 er skola f\u00e5r chansen att l\u00e4ra sig om andra kulturer p\u00e5 ett direkt och engagerande s\u00e4tt. Detta bidrar till en mer tolerant och m\u00e5ngsidig skolmilj\u00f6, n\u00e5got som \u00e4ven kan locka fler internationella samarbeten och st\u00e4rka skolans varum\u00e4rke.<\/p>\n\n<h3>Undervisningen<\/h3>\n\n<p>Innan eleven b\u00f6rjar hos er v\u00e4ljer ni en \u00e5rskurs som kan passa och program utifr\u00e5n er tillg\u00e4nglighet och elevens tidigare skolresultat. Att ha en mentor f\u00f6r eleven samt en fadder bland skolans elever skapar goda f\u00f6ruts\u00e4ttningar f\u00f6r en smidig start.<\/p>\n\n<p>V\u00e5ra elever informeras i f\u00f6rv\u00e4g att lektionerna \u00e4r fr\u00e4mst p\u00e5 svenska, och att detta till en b\u00f6rjan kan vara sv\u00e5rt. P\u00e5 STS ber vi alla v\u00e5ra elever att praktisera det lokala spr\u00e5ket med sin v\u00e4rdfamilj och med v\u00e4nner i skolan. Men f\u00f6r att eleven ska kunna h\u00e4nga med lite l\u00e4ttare och h\u00e5lla sig sysselsatt redan fr\u00e5n b\u00f6rjan kan det vara bra att uppmuntra dem att ta med sig en bok p\u00e5 engelska fr\u00e5n biblioteket om ett liknande \u00e4mne, ett lexikon eller annat material som ber\u00f6r det aktuella \u00e4mnet p\u00e5 studentens egna spr\u00e5k.<\/p>\n\n<h3>Praktisk information<\/h3>\n\n<p>De elever som deltar i v\u00e5ra utbytesprogram genomg\u00e5r en noggrann ans\u00f6kningsprocess innan de blir godk\u00e4nda f\u00f6r att \u00e5ka. N\u00e4r eleven blivit godk\u00e4nd b\u00f6rjar v\u00e5rt arbete med att hitta en v\u00e4rdfamilj och v\u00e4rdskola.<\/p>\n\n<p>Som v\u00e4rdskola beh\u00f6ver ni inte ordna boende f\u00f6r eleven, men det kan vara en f\u00f6rdel om ni kan sprida information via skolans kanaler om att en v\u00e4rdfamilj s\u00f6kes. N\u00e4r b\u00e5de skolplats och v\u00e4rdfamilj \u00e4r ordnade, \u00e4r det ofta bra att ha en n\u00e4ra kontakt med familjen samt tydlig kommunikation kring regler, rutiner och skolans arbetss\u00e4tt, s\u00e4rskilt i b\u00f6rjan.<\/p>\n\n<p>Alla utbyteselever som kommer till Sverige har giltiga visum och \u00e4r fullt f\u00f6rs\u00e4krade. \u00c4ven om det inte ges statliga bidrag f\u00f6r att ta emot en utbyteselev, \u00e4r vinsterna p\u00e5 andra omr\u00e5den stora. Er skola bidrar till ett kulturellt utbyte d\u00e4r elever och personal f\u00e5r nya perspektiv och bredare kunskaper, vilket kan leda till f\u00f6rb\u00e4ttrad spr\u00e5kundervisning och \u00f6kad kulturell f\u00f6rst\u00e5else.<\/p>\n\n<h3>St\u00f6d och samarbete<\/h3>\n\n<p>STS finns med er hela v\u00e4gen. Vi erbjuder st\u00f6d och v\u00e4gledning f\u00f6r b\u00e5de er och eleven under hela utbytes\u00e5ret. Varje elev har en lokal koordinator som ni p\u00e5 skolan kan kontakta under utbytet om eleven beh\u00f6ver st\u00f6d och hj\u00e4lp. Den lokala koordinatorn bibeh\u00e5ller direkt kontakt med STS kontoret och har regelbunden kontakt med eleven och skola under programperioden. P\u00e5 det s\u00e4ttet skapar vi de b\u00e4sta f\u00f6ruts\u00e4ttningarna f\u00f6r en givande och l\u00e4rorik tid f\u00f6r alla inblandade.<\/p>\n\n<h2>\u00c4r ni redo att g\u00f6ra skillnad?<\/h2>\n\n<p>Genom att bli v\u00e4rdskola \u00e4r ni med och skapar globala m\u00f6jligheter f\u00f6r l\u00e4rande och f\u00f6rst\u00e5else. Ni bygger broar mellan kulturer och erbjuder era elever en unik chans att ta del av ett internationellt perspektiv \u2013 n\u00e5got som kommer gynna b\u00e5de dem och skolan i stort.<\/p>\n\n<h3>Skolbes\u00f6k och mer information<\/h3>\n\n<p>Vill ni veta mer? Vi p\u00e5 STS bes\u00f6ker g\u00e4rna er skola och ber\u00e4ttar mer om hur det fungerar att vara v\u00e4rdskola. Vi kan \u00e4ven ordna m\u00f6ten med utbyteselever som redan \u00e4r h\u00e4r, s\u00e5 ni f\u00e5r h\u00f6ra deras erfarenheter och st\u00e4lla fr\u00e5gor direkt till dem. Dessutom erbjuder vi digitala informationsm\u00f6ten och presentationer om utlandsstudier f\u00f6r era elever.<\/p>\n\n<p><a href=\"\/se\/om-sts\/kontakta-oss\/\">Kontakta oss<\/a>, s\u00e5 hj\u00e4lper vi er att komma ig\u00e5ng!<\/p>\n<\/div><\/div><\/div>\n\n","protected":false},"excerpt":{"rendered":"","protected":false},"author":20,"featured_media":0,"parent":10206,"menu_order":0,"comment_status":"closed","ping_status":"closed","template":"","meta":{"_acf_changed":false,"sts_page_background_color":"","footnotes":""},"wpw_page_folders":[95],"class_list":["post-10210","page","type-page","status-publish","hentry"],"acf":[],"yoast_head":"<!-- This site is optimized with the Yoast SEO Premium plugin v27.2 (Yoast SEO v27.2) - https:\/\/yoast.com\/product\/yoast-seo-premium-wordpress\/ -->\n<title>Information till skolor<\/title>\n<meta name=\"description\" content=\"Vill du inspirera dina elever att \u00e5ka p\u00e5 utbyte utomlands? P\u00e5 STS har vi all information du beh\u00f6ver, och vi bes\u00f6ker g\u00e4rna din skola f\u00f6r att prata om vad det inneb\u00e4r att \u00e5ka p\u00e5 utbyte.\" \/>\n<meta name=\"robots\" content=\"index, follow, max-snippet:-1, max-image-preview:large, max-video-preview:-1\" \/>\n<link rel=\"canonical\" href=\"https:\/\/www.sts-education.com\/se\/allman-information\/information-till-skolor\/\" \/>\n<meta property=\"og:locale\" content=\"sv_SE\" \/>\n<meta property=\"og:type\" content=\"article\" \/>\n<meta property=\"og:title\" content=\"Information Till Skolor\" \/>\n<meta property=\"og:description\" content=\"Vill du inspirera dina elever att \u00e5ka p\u00e5 utbyte utomlands? P\u00e5 STS har vi all information du beh\u00f6ver, och vi bes\u00f6ker g\u00e4rna din skola f\u00f6r att prata om vad det inneb\u00e4r att \u00e5ka p\u00e5 utbyte.\" \/>\n<meta property=\"og:url\" content=\"https:\/\/www.sts-education.com\/se\/allman-information\/information-till-skolor\/\" \/>\n<meta property=\"og:site_name\" content=\"STS Education\" \/>\n<meta property=\"article:modified_time\" content=\"2026-04-15T09:44:58+00:00\" \/>\n<meta property=\"og:image\" content=\"https:\/\/cdn.sts-education.com\/12645_hero_lg_xl.jpg\" \/>\n<meta name=\"twitter:card\" content=\"summary_large_image\" \/>\n<meta name=\"twitter:label1\" content=\"Ber\u00e4knad l\u00e4stid\" \/>\n\t<meta name=\"twitter:data1\" content=\"4 minuter\" \/>\n<script type=\"application\/ld+json\" class=\"yoast-schema-graph\">{\"@context\":\"https:\/\/schema.org\",\"@graph\":[{\"@type\":\"WebPage\",\"@id\":\"https:\/\/www.sts-education.com\/se\/allman-information\/information-till-skolor\/\",\"url\":\"https:\/\/www.sts-education.com\/se\/allman-information\/information-till-skolor\/\",\"name\":\"Information till skolor\",\"isPartOf\":{\"@id\":\"https:\/\/www.sts-education.com\/se\/#website\"},\"primaryImageOfPage\":{\"@id\":\"https:\/\/www.sts-education.com\/se\/allman-information\/information-till-skolor\/#primaryimage\"},\"image\":{\"@id\":\"https:\/\/www.sts-education.com\/se\/allman-information\/information-till-skolor\/#primaryimage\"},\"thumbnailUrl\":\"https:\/\/cdn.sts-education.com\/12645_hero_lg_xl.jpg\",\"datePublished\":\"2019-03-28T07:48:58+00:00\",\"dateModified\":\"2026-04-15T09:44:58+00:00\",\"description\":\"Vill du inspirera dina elever att \u00e5ka p\u00e5 utbyte utomlands? P\u00e5 STS har vi all information du beh\u00f6ver, och vi bes\u00f6ker g\u00e4rna din skola f\u00f6r att prata om vad det inneb\u00e4r att \u00e5ka p\u00e5 utbyte.\",\"breadcrumb\":{\"@id\":\"https:\/\/www.sts-education.com\/se\/allman-information\/information-till-skolor\/#breadcrumb\"},\"inLanguage\":\"sv-SE\",\"potentialAction\":[{\"@type\":\"ReadAction\",\"target\":[\"https:\/\/www.sts-education.com\/se\/allman-information\/information-till-skolor\/\"]}]},{\"@type\":\"ImageObject\",\"inLanguage\":\"sv-SE\",\"@id\":\"https:\/\/www.sts-education.com\/se\/allman-information\/information-till-skolor\/#primaryimage\",\"url\":\"https:\/\/cdn.sts-education.com\/12645_hero_lg_xl.jpg\",\"contentUrl\":\"https:\/\/cdn.sts-education.com\/12645_hero_lg_xl.jpg\"},{\"@type\":\"BreadcrumbList\",\"@id\":\"https:\/\/www.sts-education.com\/se\/allman-information\/information-till-skolor\/#breadcrumb\",\"itemListElement\":[{\"@type\":\"ListItem\",\"position\":1,\"name\":\"Home\",\"item\":\"https:\/\/www.sts-education.com\/se\/\"},{\"@type\":\"ListItem\",\"position\":2,\"name\":\"Allman Information\",\"item\":\"https:\/\/www.sts-education.com\/se\/allman-information\/\"},{\"@type\":\"ListItem\",\"position\":3,\"name\":\"Information Till Skolor\"}]},{\"@type\":\"WebSite\",\"@id\":\"https:\/\/www.sts-education.com\/se\/#website\",\"url\":\"https:\/\/www.sts-education.com\/se\/\",\"name\":\"STS Education\",\"description\":\"\",\"potentialAction\":[{\"@type\":\"SearchAction\",\"target\":{\"@type\":\"EntryPoint\",\"urlTemplate\":\"https:\/\/www.sts-education.com\/se\/?s={search_term_string}\"},\"query-input\":{\"@type\":\"PropertyValueSpecification\",\"valueRequired\":true,\"valueName\":\"search_term_string\"}}],\"inLanguage\":\"sv-SE\"}]}<\/script>\n<!-- \/ Yoast SEO Premium plugin. -->","yoast_head_json":{"title":"Information till skolor","description":"Vill du inspirera dina elever att \u00e5ka p\u00e5 utbyte utomlands? P\u00e5 STS har vi all information du beh\u00f6ver, och vi bes\u00f6ker g\u00e4rna din skola f\u00f6r att prata om vad det inneb\u00e4r att \u00e5ka p\u00e5 utbyte.","robots":{"index":"index","follow":"follow","max-snippet":"max-snippet:-1","max-image-preview":"max-image-preview:large","max-video-preview":"max-video-preview:-1"},"canonical":"https:\/\/www.sts-education.com\/se\/allman-information\/information-till-skolor\/","og_locale":"sv_SE","og_type":"article","og_title":"Information Till Skolor","og_description":"Vill du inspirera dina elever att \u00e5ka p\u00e5 utbyte utomlands? P\u00e5 STS har vi all information du beh\u00f6ver, och vi bes\u00f6ker g\u00e4rna din skola f\u00f6r att prata om vad det inneb\u00e4r att \u00e5ka p\u00e5 utbyte.","og_url":"https:\/\/www.sts-education.com\/se\/allman-information\/information-till-skolor\/","og_site_name":"STS Education","article_modified_time":"2026-04-15T09:44:58+00:00","og_image":[{"url":"https:\/\/cdn.sts-education.com\/12645_hero_lg_xl.jpg","type":"","width":"","height":""}],"twitter_card":"summary_large_image","twitter_misc":{"Ber\u00e4knad l\u00e4stid":"4 minuter"},"schema":{"@context":"https:\/\/schema.org","@graph":[{"@type":"WebPage","@id":"https:\/\/www.sts-education.com\/se\/allman-information\/information-till-skolor\/","url":"https:\/\/www.sts-education.com\/se\/allman-information\/information-till-skolor\/","name":"Information till skolor","isPartOf":{"@id":"https:\/\/www.sts-education.com\/se\/#website"},"primaryImageOfPage":{"@id":"https:\/\/www.sts-education.com\/se\/allman-information\/information-till-skolor\/#primaryimage"},"image":{"@id":"https:\/\/www.sts-education.com\/se\/allman-information\/information-till-skolor\/#primaryimage"},"thumbnailUrl":"https:\/\/cdn.sts-education.com\/12645_hero_lg_xl.jpg","datePublished":"2019-03-28T07:48:58+00:00","dateModified":"2026-04-15T09:44:58+00:00","description":"Vill du inspirera dina elever att \u00e5ka p\u00e5 utbyte utomlands? P\u00e5 STS har vi all information du beh\u00f6ver, och vi bes\u00f6ker g\u00e4rna din skola f\u00f6r att prata om vad det inneb\u00e4r att \u00e5ka p\u00e5 utbyte.","breadcrumb":{"@id":"https:\/\/www.sts-education.com\/se\/allman-information\/information-till-skolor\/#breadcrumb"},"inLanguage":"sv-SE","potentialAction":[{"@type":"ReadAction","target":["https:\/\/www.sts-education.com\/se\/allman-information\/information-till-skolor\/"]}]},{"@type":"ImageObject","inLanguage":"sv-SE","@id":"https:\/\/www.sts-education.com\/se\/allman-information\/information-till-skolor\/#primaryimage","url":"https:\/\/cdn.sts-education.com\/12645_hero_lg_xl.jpg","contentUrl":"https:\/\/cdn.sts-education.com\/12645_hero_lg_xl.jpg"},{"@type":"BreadcrumbList","@id":"https:\/\/www.sts-education.com\/se\/allman-information\/information-till-skolor\/#breadcrumb","itemListElement":[{"@type":"ListItem","position":1,"name":"Home","item":"https:\/\/www.sts-education.com\/se\/"},{"@type":"ListItem","position":2,"name":"Allman Information","item":"https:\/\/www.sts-education.com\/se\/allman-information\/"},{"@type":"ListItem","position":3,"name":"Information Till Skolor"}]},{"@type":"WebSite","@id":"https:\/\/www.sts-education.com\/se\/#website","url":"https:\/\/www.sts-education.com\/se\/","name":"STS Education","description":"","potentialAction":[{"@type":"SearchAction","target":{"@type":"EntryPoint","urlTemplate":"https:\/\/www.sts-education.com\/se\/?s={search_term_string}"},"query-input":{"@type":"PropertyValueSpecification","valueRequired":true,"valueName":"search_term_string"}}],"inLanguage":"sv-SE"}]}},"_links":{"self":[{"href":"https:\/\/www.sts-education.com\/se\/wp-json\/wp\/v2\/pages\/10210","targetHints":{"allow":["GET"]}}],"collection":[{"href":"https:\/\/www.sts-education.com\/se\/wp-json\/wp\/v2\/pages"}],"about":[{"href":"https:\/\/www.sts-education.com\/se\/wp-json\/wp\/v2\/types\/page"}],"author":[{"embeddable":true,"href":"https:\/\/www.sts-education.com\/se\/wp-json\/wp\/v2\/users\/20"}],"replies":[{"embeddable":true,"href":"https:\/\/www.sts-education.com\/se\/wp-json\/wp\/v2\/comments?post=10210"}],"version-history":[{"count":3,"href":"https:\/\/www.sts-education.com\/se\/wp-json\/wp\/v2\/pages\/10210\/revisions"}],"predecessor-version":[{"id":35811,"href":"https:\/\/www.sts-education.com\/se\/wp-json\/wp\/v2\/pages\/10210\/revisions\/35811"}],"up":[{"embeddable":true,"href":"https:\/\/www.sts-education.com\/se\/wp-json\/wp\/v2\/pages\/10206"}],"wp:attachment":[{"href":"https:\/\/www.sts-education.com\/se\/wp-json\/wp\/v2\/media?parent=10210"}],"wp:term":[{"taxonomy":"wpw_page_folders","embeddable":true,"href":"https:\/\/www.sts-education.com\/se\/wp-json\/wp\/v2\/wpw_page_folders?post=10210"}],"curies":[{"name":"wp","href":"https:\/\/api.w.org\/{rel}","templated":true}]}}