{"id":10212,"date":"2025-10-27T09:40:19","date_gmt":"2025-10-27T09:40:19","guid":{"rendered":"https:\/\/preprod.sts-education.com\/allman-information\/sts-privacy-policy\/"},"modified":"2026-04-09T13:37:44","modified_gmt":"2026-04-09T13:37:44","slug":"sts-privacy-policy","status":"publish","type":"page","link":"https:\/\/www.sts-education.com\/se\/allman-information\/sts-privacy-policy\/","title":{"rendered":"STS Privacy Policy"},"content":{"rendered":"\n<div class=\"wp-block-sts-text sts-text-editor has-max-width-md\"><div class=\"sts-text-editor__content\"><div class=\"sts-text-editor__content-inner\">\n<h1>STS Privacy Policy<\/h1>\n<\/div><\/div><\/div>\n\n\n\n<div class=\"wp-block-sts-text sts-text-editor has-max-width-md\"><div class=\"sts-text-editor__content\"><div class=\"sts-text-editor__content-inner\">\n<h2>En policy f\u00f6r din integritet \u2013 Introduktion &amp; Sammanfattning<\/h2>\n<p>Vi p\u00e5 STS bryr oss om dataskydd och om din integritet. I denna integritetspolicy vill vi informera dig om hur vi behandlar dina personuppgifter och vilka r\u00e4ttigheter du har n\u00e4r du anv\u00e4nder v\u00e5r hemsida. Personuppgifter \u00e4r all information som kan sammankopplas med dig, t.ex. ditt namn och din e-postadress.<\/p>\n<p>Vi behandlar huvudsakligen dina personuppgifter f\u00f6r:<\/p>\n<ul>\n<li>att marknadsf\u00f6ra v\u00e5ra tj\u00e4nster och skicka nyhetsbrev eller broschyrer till dig p\u00e5 din beg\u00e4ran;<\/li>\n<li>att svara p\u00e5 dina fr\u00e5gor om v\u00e5ra tj\u00e4nster;<\/li>\n<li>att registrera dig f\u00f6r att delta i ett av v\u00e5ra m\u00f6ten;<\/li>\n<li>att administrera din intresseanm\u00e4lan f\u00f6r High School, att bli v\u00e4rdfamilj eller att bli ambassad\u00f6r; och<\/li>\n<li>att g\u00f6ra en prelimin\u00e4r bed\u00f6mning av din ans\u00f6kan f\u00f6r att delta i en av v\u00e5ra resor.<\/li>\n<\/ul>\n<p>Vill du veta mer? L\u00e4s v\u00e5r integritetspolicy i dokumentet nedan.<\/p>\n<p><a href=\"https:\/\/powered-by.qbank.se\/educatius\/sts\/a60a2f0db2dbc6ccab3e97913afbf3f2_pdf.pdf?v=20260409153337\" target=\"_blank\" rel=\"noopener noreferrer\">STS Privat Policy<\/a><\/p>\n<\/div><\/div><\/div>\n\n\n\n<p>&nbsp;<\/p>\n","protected":false},"excerpt":{"rendered":"<p>&nbsp;<\/p>\n","protected":false},"author":20,"featured_media":0,"parent":10206,"menu_order":0,"comment_status":"closed","ping_status":"open","template":"","meta":{"_acf_changed":false,"sts_page_background_color":"","footnotes":""},"wpw_page_folders":[95],"class_list":["post-10212","page","type-page","status-publish","hentry"],"acf":[],"yoast_head":"<!-- This site is optimized with the Yoast SEO Premium plugin v27.2 (Yoast SEO v27.3) - https:\/\/yoast.com\/product\/yoast-seo-premium-wordpress\/ -->\n<title>STS Integritetspolicy<\/title>\n<meta name=\"robots\" content=\"index, follow, max-snippet:-1, max-image-preview:large, max-video-preview:-1\" \/>\n<link rel=\"canonical\" href=\"https:\/\/www.sts-education.com\/se\/allman-information\/sts-privacy-policy\/\" \/>\n<meta property=\"og:locale\" content=\"sv_SE\" \/>\n<meta property=\"og:type\" content=\"article\" \/>\n<meta property=\"og:title\" content=\"STS Privacy Policy\" \/>\n<meta property=\"og:description\" content=\"&nbsp;\" \/>\n<meta property=\"og:url\" content=\"https:\/\/www.sts-education.com\/se\/allman-information\/sts-privacy-policy\/\" \/>\n<meta property=\"og:site_name\" content=\"STS Education\" \/>\n<meta property=\"article:modified_time\" content=\"2026-04-09T13:37:44+00:00\" \/>\n<meta name=\"twitter:card\" content=\"summary_large_image\" \/>\n<meta name=\"twitter:label1\" content=\"Ber\u00e4knad l\u00e4stid\" \/>\n\t<meta name=\"twitter:data1\" content=\"1 minut\" \/>\n<script type=\"application\/ld+json\" class=\"yoast-schema-graph\">{\"@context\":\"https:\\\/\\\/schema.org\",\"@graph\":[{\"@type\":\"WebPage\",\"@id\":\"https:\\\/\\\/www.sts-education.com\\\/se\\\/allman-information\\\/sts-privacy-policy\\\/\",\"url\":\"https:\\\/\\\/www.sts-education.com\\\/se\\\/allman-information\\\/sts-privacy-policy\\\/\",\"name\":\"STS Integritetspolicy\",\"isPartOf\":{\"@id\":\"https:\\\/\\\/www.sts-education.com\\\/se\\\/#website\"},\"datePublished\":\"2025-10-27T09:40:19+00:00\",\"dateModified\":\"2026-04-09T13:37:44+00:00\",\"breadcrumb\":{\"@id\":\"https:\\\/\\\/www.sts-education.com\\\/se\\\/allman-information\\\/sts-privacy-policy\\\/#breadcrumb\"},\"inLanguage\":\"sv-SE\",\"potentialAction\":[{\"@type\":\"ReadAction\",\"target\":[\"https:\\\/\\\/www.sts-education.com\\\/se\\\/allman-information\\\/sts-privacy-policy\\\/\"]}]},{\"@type\":\"BreadcrumbList\",\"@id\":\"https:\\\/\\\/www.sts-education.com\\\/se\\\/allman-information\\\/sts-privacy-policy\\\/#breadcrumb\",\"itemListElement\":[{\"@type\":\"ListItem\",\"position\":1,\"name\":\"Home\",\"item\":\"https:\\\/\\\/www.sts-education.com\\\/se\\\/\"},{\"@type\":\"ListItem\",\"position\":2,\"name\":\"Allman Information\",\"item\":\"https:\\\/\\\/www.sts-education.com\\\/se\\\/allman-information\\\/\"},{\"@type\":\"ListItem\",\"position\":3,\"name\":\"STS Privacy Policy\"}]},{\"@type\":\"WebSite\",\"@id\":\"https:\\\/\\\/www.sts-education.com\\\/se\\\/#website\",\"url\":\"https:\\\/\\\/www.sts-education.com\\\/se\\\/\",\"name\":\"STS Education\",\"description\":\"\",\"potentialAction\":[{\"@type\":\"SearchAction\",\"target\":{\"@type\":\"EntryPoint\",\"urlTemplate\":\"https:\\\/\\\/www.sts-education.com\\\/se\\\/?s={search_term_string}\"},\"query-input\":{\"@type\":\"PropertyValueSpecification\",\"valueRequired\":true,\"valueName\":\"search_term_string\"}}],\"inLanguage\":\"sv-SE\"}]}<\/script>\n<!-- \/ Yoast SEO Premium plugin. -->","yoast_head_json":{"title":"STS Integritetspolicy","robots":{"index":"index","follow":"follow","max-snippet":"max-snippet:-1","max-image-preview":"max-image-preview:large","max-video-preview":"max-video-preview:-1"},"canonical":"https:\/\/www.sts-education.com\/se\/allman-information\/sts-privacy-policy\/","og_locale":"sv_SE","og_type":"article","og_title":"STS Privacy Policy","og_description":"&nbsp;","og_url":"https:\/\/www.sts-education.com\/se\/allman-information\/sts-privacy-policy\/","og_site_name":"STS Education","article_modified_time":"2026-04-09T13:37:44+00:00","twitter_card":"summary_large_image","twitter_misc":{"Ber\u00e4knad l\u00e4stid":"1 minut"},"schema":{"@context":"https:\/\/schema.org","@graph":[{"@type":"WebPage","@id":"https:\/\/www.sts-education.com\/se\/allman-information\/sts-privacy-policy\/","url":"https:\/\/www.sts-education.com\/se\/allman-information\/sts-privacy-policy\/","name":"STS Integritetspolicy","isPartOf":{"@id":"https:\/\/www.sts-education.com\/se\/#website"},"datePublished":"2025-10-27T09:40:19+00:00","dateModified":"2026-04-09T13:37:44+00:00","breadcrumb":{"@id":"https:\/\/www.sts-education.com\/se\/allman-information\/sts-privacy-policy\/#breadcrumb"},"inLanguage":"sv-SE","potentialAction":[{"@type":"ReadAction","target":["https:\/\/www.sts-education.com\/se\/allman-information\/sts-privacy-policy\/"]}]},{"@type":"BreadcrumbList","@id":"https:\/\/www.sts-education.com\/se\/allman-information\/sts-privacy-policy\/#breadcrumb","itemListElement":[{"@type":"ListItem","position":1,"name":"Home","item":"https:\/\/www.sts-education.com\/se\/"},{"@type":"ListItem","position":2,"name":"Allman Information","item":"https:\/\/www.sts-education.com\/se\/allman-information\/"},{"@type":"ListItem","position":3,"name":"STS Privacy Policy"}]},{"@type":"WebSite","@id":"https:\/\/www.sts-education.com\/se\/#website","url":"https:\/\/www.sts-education.com\/se\/","name":"STS Education","description":"","potentialAction":[{"@type":"SearchAction","target":{"@type":"EntryPoint","urlTemplate":"https:\/\/www.sts-education.com\/se\/?s={search_term_string}"},"query-input":{"@type":"PropertyValueSpecification","valueRequired":true,"valueName":"search_term_string"}}],"inLanguage":"sv-SE"}]}},"_links":{"self":[{"href":"https:\/\/www.sts-education.com\/se\/wp-json\/wp\/v2\/pages\/10212","targetHints":{"allow":["GET"]}}],"collection":[{"href":"https:\/\/www.sts-education.com\/se\/wp-json\/wp\/v2\/pages"}],"about":[{"href":"https:\/\/www.sts-education.com\/se\/wp-json\/wp\/v2\/types\/page"}],"author":[{"embeddable":true,"href":"https:\/\/www.sts-education.com\/se\/wp-json\/wp\/v2\/users\/20"}],"replies":[{"embeddable":true,"href":"https:\/\/www.sts-education.com\/se\/wp-json\/wp\/v2\/comments?post=10212"}],"version-history":[{"count":5,"href":"https:\/\/www.sts-education.com\/se\/wp-json\/wp\/v2\/pages\/10212\/revisions"}],"predecessor-version":[{"id":31734,"href":"https:\/\/www.sts-education.com\/se\/wp-json\/wp\/v2\/pages\/10212\/revisions\/31734"}],"up":[{"embeddable":true,"href":"https:\/\/www.sts-education.com\/se\/wp-json\/wp\/v2\/pages\/10206"}],"wp:attachment":[{"href":"https:\/\/www.sts-education.com\/se\/wp-json\/wp\/v2\/media?parent=10212"}],"wp:term":[{"taxonomy":"wpw_page_folders","embeddable":true,"href":"https:\/\/www.sts-education.com\/se\/wp-json\/wp\/v2\/wpw_page_folders?post=10212"}],"curies":[{"name":"wp","href":"https:\/\/api.w.org\/{rel}","templated":true}]}}