{"id":10214,"date":"2025-12-16T10:17:46","date_gmt":"2025-12-16T10:17:46","guid":{"rendered":"https:\/\/preprod.sts-education.com\/high-school\/fakta-och-prisinformation\/"},"modified":"2026-04-15T09:44:04","modified_gmt":"2026-04-15T09:44:04","slug":"fakta-och-prisinformation","status":"publish","type":"page","link":"https:\/\/www.sts-education.com\/se\/high-school\/fakta-och-prisinformation\/","title":{"rendered":"Fakta Och Prisinformation"},"content":{"rendered":"\n<section class=\"wp-block-sts-hero sts-block-hero is-variant-full-background has-text-light has-background-media\" style=\"--sts-hero-padding-mobile:0px;--sts-hero-padding-desktop:0px;--sts-hero-text-color:var(--wp--preset--color--base-10, #fff);\" data-variant=\"full-background\"><div class=\"sts-block-hero__background\"><picture class=\"sts-responsive-image has-fit-cover is-skeleton\"><img src=\"https:\/\/cdn.sts-education.com\/12566_hero_lg_xl.jpg\" alt=\"Fakta och prisinformation\" loading=\"lazy\" decoding=\"async\" fetchpriority=\"low\" sizes=\"100vw\" \/><\/picture><span class=\"sts-block-hero__overlay\" aria-hidden=\"true\"><\/span><\/div><div class=\"sts-block-hero__inner\"><div class=\"sts-block-hero__content has-align-center\"><div class=\"sts-block-hero__content-inner\"><h1 class=\"sts-block-hero__heading\">Fakta och prisinformation<\/h1><\/div><\/div><\/div><\/section>\n\n\n\n<div class=\"wp-block-sts-text sts-text-editor has-max-width-md\"><div class=\"sts-text-editor__content\"><div class=\"sts-text-editor__content-inner\">\n<p>Ett high school-utbyte inneb\u00e4r f\u00f6rberedelser som ofta inbegriper ekonomiska fr\u00e5gor. Vad kostar ett high school-\u00e5r? Hur betalar jag? Vad ing\u00e5r? Kan jag g\u00f6ra n\u00e5gra tillval och vad ska t\u00e4nka p\u00e5 som f\u00f6r\u00e4lder? Men du kan vara lugn, vi \u00e4r h\u00e4r f\u00f6r att hj\u00e4lpa dig! Vi kommer att f\u00f6rklara allt f\u00f6r dig och s\u00e4kerst\u00e4lla att du f\u00f6rst\u00e5r hur det fungerar.<\/p>\n\n<p>Alla fr\u00e5gor \u00e4r v\u00e4lkomna. Du \u00e4r alltid v\u00e4lkommen att <a href=\"https:\/\/www.sts-education.com\/se\/om-sts\/kontakta-oss\/\">kontakta oss<\/a> och vi \u00e4r glada \u00f6ver att kunna hj\u00e4lpa dig.<\/p>\n<\/div><\/div><\/div>\n","protected":false},"excerpt":{"rendered":"","protected":false},"author":20,"featured_media":0,"parent":10015,"menu_order":0,"comment_status":"closed","ping_status":"closed","template":"templates\/template-default-with-breadcrumbs.php","meta":{"_acf_changed":false,"sts_page_background_color":"","footnotes":""},"wpw_page_folders":[86],"class_list":["post-10214","page","type-page","status-publish","hentry"],"acf":[],"yoast_head":"<!-- This site is optimized with the Yoast SEO Premium plugin v27.2 (Yoast SEO v27.3) - https:\/\/yoast.com\/product\/yoast-seo-premium-wordpress\/ -->\n<title>Fakta och prisinformation f\u00f6r ett utbytes\u00e5r hittar du h\u00e4r. | STS<\/title>\n<meta name=\"description\" content=\"H\u00e4r kan du l\u00e4sa mer om v\u00e5r prisinformation och fakta f\u00f6r ett utbytes\u00e5r. Vi finns h\u00e4r f\u00f6r att hj\u00e4lpa dig.\" \/>\n<meta name=\"robots\" content=\"index, follow, max-snippet:-1, max-image-preview:large, max-video-preview:-1\" \/>\n<link rel=\"canonical\" href=\"https:\/\/www.sts-education.com\/se\/high-school\/fakta-och-prisinformation\/\" \/>\n<meta property=\"og:locale\" content=\"sv_SE\" \/>\n<meta property=\"og:type\" content=\"article\" \/>\n<meta property=\"og:title\" content=\"Fakta Och Prisinformation\" \/>\n<meta property=\"og:description\" content=\"H\u00e4r kan du l\u00e4sa mer om v\u00e5r prisinformation och fakta f\u00f6r ett utbytes\u00e5r. Vi finns h\u00e4r f\u00f6r att hj\u00e4lpa dig.\" \/>\n<meta property=\"og:url\" content=\"https:\/\/www.sts-education.com\/se\/high-school\/fakta-och-prisinformation\/\" \/>\n<meta property=\"og:site_name\" content=\"STS Education\" \/>\n<meta property=\"article:modified_time\" content=\"2026-04-15T09:44:04+00:00\" \/>\n<meta property=\"og:image\" content=\"https:\/\/cdn.sts-education.com\/12566_hero_lg_xl.jpg\" \/>\n<meta name=\"twitter:card\" content=\"summary_large_image\" \/>\n<meta name=\"twitter:label1\" content=\"Ber\u00e4knad l\u00e4stid\" \/>\n\t<meta name=\"twitter:data1\" content=\"1 minut\" \/>\n<script type=\"application\/ld+json\" class=\"yoast-schema-graph\">{\"@context\":\"https:\\\/\\\/schema.org\",\"@graph\":[{\"@type\":\"WebPage\",\"@id\":\"https:\\\/\\\/www.sts-education.com\\\/se\\\/high-school\\\/fakta-och-prisinformation\\\/\",\"url\":\"https:\\\/\\\/www.sts-education.com\\\/se\\\/high-school\\\/fakta-och-prisinformation\\\/\",\"name\":\"Fakta och prisinformation f\u00f6r ett utbytes\u00e5r hittar du h\u00e4r. | STS\",\"isPartOf\":{\"@id\":\"https:\\\/\\\/www.sts-education.com\\\/se\\\/#website\"},\"primaryImageOfPage\":{\"@id\":\"https:\\\/\\\/www.sts-education.com\\\/se\\\/high-school\\\/fakta-och-prisinformation\\\/#primaryimage\"},\"image\":{\"@id\":\"https:\\\/\\\/www.sts-education.com\\\/se\\\/high-school\\\/fakta-och-prisinformation\\\/#primaryimage\"},\"thumbnailUrl\":\"https:\\\/\\\/cdn.sts-education.com\\\/12566_hero_lg_xl.jpg\",\"datePublished\":\"2025-12-16T10:17:46+00:00\",\"dateModified\":\"2026-04-15T09:44:04+00:00\",\"description\":\"H\u00e4r kan du l\u00e4sa mer om v\u00e5r prisinformation och fakta f\u00f6r ett utbytes\u00e5r. Vi finns h\u00e4r f\u00f6r att hj\u00e4lpa dig.\",\"breadcrumb\":{\"@id\":\"https:\\\/\\\/www.sts-education.com\\\/se\\\/high-school\\\/fakta-och-prisinformation\\\/#breadcrumb\"},\"inLanguage\":\"sv-SE\",\"potentialAction\":[{\"@type\":\"ReadAction\",\"target\":[\"https:\\\/\\\/www.sts-education.com\\\/se\\\/high-school\\\/fakta-och-prisinformation\\\/\"]}]},{\"@type\":\"ImageObject\",\"inLanguage\":\"sv-SE\",\"@id\":\"https:\\\/\\\/www.sts-education.com\\\/se\\\/high-school\\\/fakta-och-prisinformation\\\/#primaryimage\",\"url\":\"https:\\\/\\\/cdn.sts-education.com\\\/12566_hero_lg_xl.jpg\",\"contentUrl\":\"https:\\\/\\\/cdn.sts-education.com\\\/12566_hero_lg_xl.jpg\"},{\"@type\":\"BreadcrumbList\",\"@id\":\"https:\\\/\\\/www.sts-education.com\\\/se\\\/high-school\\\/fakta-och-prisinformation\\\/#breadcrumb\",\"itemListElement\":[{\"@type\":\"ListItem\",\"position\":1,\"name\":\"Home\",\"item\":\"https:\\\/\\\/www.sts-education.com\\\/se\\\/\"},{\"@type\":\"ListItem\",\"position\":2,\"name\":\"High school\",\"item\":\"https:\\\/\\\/www.sts-education.com\\\/se\\\/high-school\\\/\"},{\"@type\":\"ListItem\",\"position\":3,\"name\":\"Fakta Och Prisinformation\"}]},{\"@type\":\"WebSite\",\"@id\":\"https:\\\/\\\/www.sts-education.com\\\/se\\\/#website\",\"url\":\"https:\\\/\\\/www.sts-education.com\\\/se\\\/\",\"name\":\"STS Education\",\"description\":\"\",\"potentialAction\":[{\"@type\":\"SearchAction\",\"target\":{\"@type\":\"EntryPoint\",\"urlTemplate\":\"https:\\\/\\\/www.sts-education.com\\\/se\\\/?s={search_term_string}\"},\"query-input\":{\"@type\":\"PropertyValueSpecification\",\"valueRequired\":true,\"valueName\":\"search_term_string\"}}],\"inLanguage\":\"sv-SE\"}]}<\/script>\n<!-- \/ Yoast SEO Premium plugin. -->","yoast_head_json":{"title":"Fakta och prisinformation f\u00f6r ett utbytes\u00e5r hittar du h\u00e4r. | STS","description":"H\u00e4r kan du l\u00e4sa mer om v\u00e5r prisinformation och fakta f\u00f6r ett utbytes\u00e5r. Vi finns h\u00e4r f\u00f6r att hj\u00e4lpa dig.","robots":{"index":"index","follow":"follow","max-snippet":"max-snippet:-1","max-image-preview":"max-image-preview:large","max-video-preview":"max-video-preview:-1"},"canonical":"https:\/\/www.sts-education.com\/se\/high-school\/fakta-och-prisinformation\/","og_locale":"sv_SE","og_type":"article","og_title":"Fakta Och Prisinformation","og_description":"H\u00e4r kan du l\u00e4sa mer om v\u00e5r prisinformation och fakta f\u00f6r ett utbytes\u00e5r. Vi finns h\u00e4r f\u00f6r att hj\u00e4lpa dig.","og_url":"https:\/\/www.sts-education.com\/se\/high-school\/fakta-och-prisinformation\/","og_site_name":"STS Education","article_modified_time":"2026-04-15T09:44:04+00:00","og_image":[{"url":"https:\/\/cdn.sts-education.com\/12566_hero_lg_xl.jpg","type":"","width":"","height":""}],"twitter_card":"summary_large_image","twitter_misc":{"Ber\u00e4knad l\u00e4stid":"1 minut"},"schema":{"@context":"https:\/\/schema.org","@graph":[{"@type":"WebPage","@id":"https:\/\/www.sts-education.com\/se\/high-school\/fakta-och-prisinformation\/","url":"https:\/\/www.sts-education.com\/se\/high-school\/fakta-och-prisinformation\/","name":"Fakta och prisinformation f\u00f6r ett utbytes\u00e5r hittar du h\u00e4r. | STS","isPartOf":{"@id":"https:\/\/www.sts-education.com\/se\/#website"},"primaryImageOfPage":{"@id":"https:\/\/www.sts-education.com\/se\/high-school\/fakta-och-prisinformation\/#primaryimage"},"image":{"@id":"https:\/\/www.sts-education.com\/se\/high-school\/fakta-och-prisinformation\/#primaryimage"},"thumbnailUrl":"https:\/\/cdn.sts-education.com\/12566_hero_lg_xl.jpg","datePublished":"2025-12-16T10:17:46+00:00","dateModified":"2026-04-15T09:44:04+00:00","description":"H\u00e4r kan du l\u00e4sa mer om v\u00e5r prisinformation och fakta f\u00f6r ett utbytes\u00e5r. Vi finns h\u00e4r f\u00f6r att hj\u00e4lpa dig.","breadcrumb":{"@id":"https:\/\/www.sts-education.com\/se\/high-school\/fakta-och-prisinformation\/#breadcrumb"},"inLanguage":"sv-SE","potentialAction":[{"@type":"ReadAction","target":["https:\/\/www.sts-education.com\/se\/high-school\/fakta-och-prisinformation\/"]}]},{"@type":"ImageObject","inLanguage":"sv-SE","@id":"https:\/\/www.sts-education.com\/se\/high-school\/fakta-och-prisinformation\/#primaryimage","url":"https:\/\/cdn.sts-education.com\/12566_hero_lg_xl.jpg","contentUrl":"https:\/\/cdn.sts-education.com\/12566_hero_lg_xl.jpg"},{"@type":"BreadcrumbList","@id":"https:\/\/www.sts-education.com\/se\/high-school\/fakta-och-prisinformation\/#breadcrumb","itemListElement":[{"@type":"ListItem","position":1,"name":"Home","item":"https:\/\/www.sts-education.com\/se\/"},{"@type":"ListItem","position":2,"name":"High school","item":"https:\/\/www.sts-education.com\/se\/high-school\/"},{"@type":"ListItem","position":3,"name":"Fakta Och Prisinformation"}]},{"@type":"WebSite","@id":"https:\/\/www.sts-education.com\/se\/#website","url":"https:\/\/www.sts-education.com\/se\/","name":"STS Education","description":"","potentialAction":[{"@type":"SearchAction","target":{"@type":"EntryPoint","urlTemplate":"https:\/\/www.sts-education.com\/se\/?s={search_term_string}"},"query-input":{"@type":"PropertyValueSpecification","valueRequired":true,"valueName":"search_term_string"}}],"inLanguage":"sv-SE"}]}},"_links":{"self":[{"href":"https:\/\/www.sts-education.com\/se\/wp-json\/wp\/v2\/pages\/10214","targetHints":{"allow":["GET"]}}],"collection":[{"href":"https:\/\/www.sts-education.com\/se\/wp-json\/wp\/v2\/pages"}],"about":[{"href":"https:\/\/www.sts-education.com\/se\/wp-json\/wp\/v2\/types\/page"}],"author":[{"embeddable":true,"href":"https:\/\/www.sts-education.com\/se\/wp-json\/wp\/v2\/users\/20"}],"replies":[{"embeddable":true,"href":"https:\/\/www.sts-education.com\/se\/wp-json\/wp\/v2\/comments?post=10214"}],"version-history":[{"count":6,"href":"https:\/\/www.sts-education.com\/se\/wp-json\/wp\/v2\/pages\/10214\/revisions"}],"predecessor-version":[{"id":35761,"href":"https:\/\/www.sts-education.com\/se\/wp-json\/wp\/v2\/pages\/10214\/revisions\/35761"}],"up":[{"embeddable":true,"href":"https:\/\/www.sts-education.com\/se\/wp-json\/wp\/v2\/pages\/10015"}],"wp:attachment":[{"href":"https:\/\/www.sts-education.com\/se\/wp-json\/wp\/v2\/media?parent=10214"}],"wp:term":[{"taxonomy":"wpw_page_folders","embeddable":true,"href":"https:\/\/www.sts-education.com\/se\/wp-json\/wp\/v2\/wpw_page_folders?post=10214"}],"curies":[{"name":"wp","href":"https:\/\/api.w.org\/{rel}","templated":true}]}}