{"id":10216,"date":"2025-12-16T10:05:12","date_gmt":"2025-12-16T10:05:12","guid":{"rendered":"https:\/\/preprod.sts-education.com\/high-school\/infor-ditt-utbytesar\/"},"modified":"2026-04-15T09:44:20","modified_gmt":"2026-04-15T09:44:20","slug":"infor-ditt-utbytesar","status":"publish","type":"page","link":"https:\/\/www.sts-education.com\/se\/high-school\/infor-ditt-utbytesar\/","title":{"rendered":"Infor Ditt Utbytesar"},"content":{"rendered":"\n<div class=\"wp-block-sts-text sts-text-editor has-max-width-md\"><div class=\"sts-text-editor__content\"><div class=\"sts-text-editor__content-inner\">\n<h1>Inf\u00f6r ditt utbytes\u00e5r<\/h1>\n<\/div><\/div><\/div>\n\n\n\n<div class=\"wp-block-sts-text sts-text-editor has-max-width-md\"><div class=\"sts-text-editor__content\"><div class=\"sts-text-editor__content-inner\">\n<p>Vi har arbetat med internationella utbyten i \u00f6ver 65 \u00e5r och har all kunskap och erfarenhet som kr\u00e4vs f\u00f6r att kunna erbjuda en upplevelse ut\u00f6ver det vanliga. Flera av oss som arbetar p\u00e5 STS \u00e4r tidigare utbytesstudenter, s\u00e5 vi vet precis hur skol\u00e5ret utomlands fungerar. Vi vet vad som v\u00e4ntar dig och hur du k\u00e4nner. Vi brinner f\u00f6r att hj\u00e4lpa s\u00e5 m\u00e5nga som m\u00f6jligt att f\u00e5 uppleva allt som det h\u00e4r \u00e5ret inneb\u00e4r, och vi ser verkligen fram emot att f\u00e5 dela med oss av v\u00e5rt engagemang f\u00f6r internationellt utbyte till dig. Du har en fantastisk resa framf\u00f6r dig och vi \u00e4r h\u00e4r f\u00f6r att du ska f\u00e5 \u201d the time of your life\u201d !<\/p>\n\n<h2>Vi hj\u00e4lper dig!<\/h2>\n\n<p>F\u00f6rberedelserna \u00e4r sp\u00e4nnande och utg\u00f6r en viktig del av ditt utbytes\u00e5r och ingen f\u00f6rbereder dig b\u00e4ttre \u00e4n vi. Ju mer du vet om vad som v\u00e4ntar, desto b\u00e4ttre. S\u00e5 ta reda p\u00e5 s\u00e5 mycket som m\u00f6jligt inf\u00f6r din resa och var inte r\u00e4dd f\u00f6r att be om hj\u00e4lp. Vi v\u00e4gleder dig genom de olika stegen fr\u00e5n ans\u00f6kan, f\u00f6rberedelser och avresa.<\/p>\n\n<h2>Att v\u00e4lja land<\/h2>\n\n<p>Vill du uppleva \u201dthe American high school spirit\u201d p\u00e5 riktigt? Det vill de allra flesta av v\u00e5ra studenter, men vi p\u00e5 STS \u00e4r stolta \u00f6ver att kunna erbjuda s\u00e5 m\u00e5nga som 20 olika l\u00e4nder att v\u00e4lja bland.<\/p>\n\n<p><a href=\"\/se\/high-school\/tripfinder\/?q=\">Titta p\u00e5 v\u00e5rt utbud av resm\u00e5l f\u00f6r utbytes\u00e5r h\u00e4r.<\/a><\/p>\n\n<h2>S\u00f6k i god tid!<\/h2>\n\n<p>Ans\u00f6k g\u00e4rna ett \u00e5r innan du har f\u00f6r avsikt att \u00e5ka, men absolut senast i mars samma \u00e5r. En sen ans\u00f6kan kan inneb\u00e4ra b\u00e5de att utbudet blir begr\u00e4nsat f\u00f6r vilka l\u00e4nder du kan \u00e5ka till, samt att en sen ans\u00f6kan kan inneb\u00e4ra extra kostnader.<\/p>\n\n<p>Det \u00e4r dessutom ett viktigt arbete att hitta en v\u00e4rdfamilj och skola som passar just dig, s\u00e5 ju tidigare vi kan b\u00f6rja s\u00f6ka efter en familj och skola till dig desto b\u00e4ttre! S\u00e5 kom ih\u00e5g, skicka in din ans\u00f6kan i god tid f\u00f6r att vara s\u00e4ker p\u00e5 att komma i v\u00e4g.<a href=\"https:\/\/www.sts-education.com\/se\/om-sts\/kontakta-oss\/\"> Kontakta oss f\u00f6r mer information<\/a>.<\/p>\n\n<h2>Visumans\u00f6kan<\/h2>\n\n<p>I vissa l\u00e4nder m\u00e5ste du ha ett visum f\u00f6r att f\u00e5 bo och studera. Om s\u00e5 \u00e4r fallet ger vi dig all information som beh\u00f6vs f\u00f6r att g\u00f6ra din visumans\u00f6kan s\u00e5 smidig som m\u00f6jligt f\u00f6r dig. Du ans\u00f6ker sj\u00e4lv om visum, eftersom det \u00e4r ett personligt dokument, men vi hj\u00e4lper dig igenom processen. Kostanden f\u00f6r ett eventuellt visum st\u00e5r du f\u00f6r sj\u00e4lv.<\/p>\n\n<h2>Webinar<\/h2>\n\n<p>Vi kommer att bjuda in dig till ett webinar d\u00e4r vi hj\u00e4lper dig steg f\u00f6r steg med de olika saker som m\u00e5ste g\u00f6ras innan din avresa.<\/p>\n\n<h2>Pre-departure meeting<\/h2>\n\n<p>Vi kommer att bjuda in dig och alla andra utbytesstudenter till ett f\u00f6rberedande m\u00f6te (PDO &#8211;  Pre-departure orientation) fullt med b\u00e5de information och inspiration. Vi anordnar m\u00f6ten i flera st\u00e4der, men om du inte har m\u00f6jlighet att komma s\u00e5 g\u00e5r det lika bra att vara med p\u00e5 n\u00e5got av v\u00e5ra m\u00f6ten online. Du f\u00e5r m\u00f6jlighet att tr\u00e4ffa andra som \u00e4r precis lika entusiastiska som du \u00f6ver att g\u00e5 p\u00e5 high school utomlands. \u00c4ven f\u00f6r\u00e4ldrar \u00e4r v\u00e4lkomna, eftersom vi vet att det \u00e4r viktigt att de f\u00e5r en f\u00f6rst\u00e5else f\u00f6r alla de fantastiska saker som ligger framf\u00f6r dig.<\/p>\n<\/div><\/div><\/div>\n","protected":false},"excerpt":{"rendered":"","protected":false},"author":20,"featured_media":16164,"parent":10015,"menu_order":0,"comment_status":"closed","ping_status":"closed","template":"templates\/template-default-with-breadcrumbs.php","meta":{"_acf_changed":false,"sts_page_background_color":"","footnotes":""},"wpw_page_folders":[80],"class_list":["post-10216","page","type-page","status-publish","has-post-thumbnail","hentry"],"acf":[],"yoast_head":"<!-- This site is optimized with the Yoast SEO Premium plugin v27.2 (Yoast SEO v27.3) - https:\/\/yoast.com\/product\/yoast-seo-premium-wordpress\/ -->\n<title>Att t\u00e4nka p\u00e5 inf\u00f6r ett utbytes\u00e5r<\/title>\n<meta name=\"description\" content=\"F\u00f6rberedelserna \u00e4r en viktig del av ditt utbytes\u00e5r. Ans\u00f6k i god tid och delta p\u00e5 v\u00e5ra informationsm\u00f6ten. Vi har 20 olika l\u00e4nder att v\u00e4lja bland.\" \/>\n<meta name=\"robots\" content=\"index, follow, max-snippet:-1, max-image-preview:large, max-video-preview:-1\" \/>\n<link rel=\"canonical\" href=\"https:\/\/www.sts-education.com\/se\/high-school\/infor-ditt-utbytesar\/\" \/>\n<meta property=\"og:locale\" content=\"sv_SE\" \/>\n<meta property=\"og:type\" content=\"article\" \/>\n<meta property=\"og:title\" content=\"Infor Ditt Utbytesar\" \/>\n<meta property=\"og:description\" content=\"F\u00f6rberedelserna \u00e4r en viktig del av ditt utbytes\u00e5r. Ans\u00f6k i god tid och delta p\u00e5 v\u00e5ra informationsm\u00f6ten. Vi har 20 olika l\u00e4nder att v\u00e4lja bland.\" \/>\n<meta property=\"og:url\" content=\"https:\/\/www.sts-education.com\/se\/high-school\/infor-ditt-utbytesar\/\" \/>\n<meta property=\"og:site_name\" content=\"STS Education\" \/>\n<meta property=\"article:modified_time\" content=\"2026-04-15T09:44:20+00:00\" \/>\n<meta property=\"og:image\" content=\"https:\/\/powered-by.qbank.se\/educatius\/sts\/\/df7e1de23b6e8c68863e49e03d05ef0e_1-1-thumb.webp\" \/>\n\t<meta property=\"og:image:width\" content=\"150\" \/>\n\t<meta property=\"og:image:height\" content=\"150\" \/>\n\t<meta property=\"og:image:type\" content=\"image\/jpeg\" \/>\n<meta name=\"twitter:card\" content=\"summary_large_image\" \/>\n<meta name=\"twitter:label1\" content=\"Ber\u00e4knad l\u00e4stid\" \/>\n\t<meta name=\"twitter:data1\" content=\"3 minuter\" \/>\n<script type=\"application\/ld+json\" class=\"yoast-schema-graph\">{\"@context\":\"https:\\\/\\\/schema.org\",\"@graph\":[{\"@type\":\"WebPage\",\"@id\":\"https:\\\/\\\/www.sts-education.com\\\/se\\\/high-school\\\/infor-ditt-utbytesar\\\/\",\"url\":\"https:\\\/\\\/www.sts-education.com\\\/se\\\/high-school\\\/infor-ditt-utbytesar\\\/\",\"name\":\"Att t\u00e4nka p\u00e5 inf\u00f6r ett utbytes\u00e5r\",\"isPartOf\":{\"@id\":\"https:\\\/\\\/www.sts-education.com\\\/se\\\/#website\"},\"primaryImageOfPage\":{\"@id\":\"https:\\\/\\\/www.sts-education.com\\\/se\\\/high-school\\\/infor-ditt-utbytesar\\\/#primaryimage\"},\"image\":{\"@id\":\"https:\\\/\\\/www.sts-education.com\\\/se\\\/high-school\\\/infor-ditt-utbytesar\\\/#primaryimage\"},\"thumbnailUrl\":\"https:\\\/\\\/powered-by.qbank.se\\\/educatius\\\/sts\\\/\\\/df7e1de23b6e8c68863e49e03d05ef0e_1-1-thumb.webp\",\"datePublished\":\"2025-12-16T10:05:12+00:00\",\"dateModified\":\"2026-04-15T09:44:20+00:00\",\"description\":\"F\u00f6rberedelserna \u00e4r en viktig del av ditt utbytes\u00e5r. Ans\u00f6k i god tid och delta p\u00e5 v\u00e5ra informationsm\u00f6ten. Vi har 20 olika l\u00e4nder att v\u00e4lja bland.\",\"breadcrumb\":{\"@id\":\"https:\\\/\\\/www.sts-education.com\\\/se\\\/high-school\\\/infor-ditt-utbytesar\\\/#breadcrumb\"},\"inLanguage\":\"sv-SE\",\"potentialAction\":[{\"@type\":\"ReadAction\",\"target\":[\"https:\\\/\\\/www.sts-education.com\\\/se\\\/high-school\\\/infor-ditt-utbytesar\\\/\"]}]},{\"@type\":\"ImageObject\",\"inLanguage\":\"sv-SE\",\"@id\":\"https:\\\/\\\/www.sts-education.com\\\/se\\\/high-school\\\/infor-ditt-utbytesar\\\/#primaryimage\",\"url\":\"https:\\\/\\\/powered-by.qbank.se\\\/educatius\\\/sts\\\/\\\/df7e1de23b6e8c68863e49e03d05ef0e_1-1-thumb.webp\",\"contentUrl\":\"https:\\\/\\\/powered-by.qbank.se\\\/educatius\\\/sts\\\/\\\/df7e1de23b6e8c68863e49e03d05ef0e_1-1-thumb.webp\",\"width\":150,\"height\":150},{\"@type\":\"BreadcrumbList\",\"@id\":\"https:\\\/\\\/www.sts-education.com\\\/se\\\/high-school\\\/infor-ditt-utbytesar\\\/#breadcrumb\",\"itemListElement\":[{\"@type\":\"ListItem\",\"position\":1,\"name\":\"Home\",\"item\":\"https:\\\/\\\/www.sts-education.com\\\/se\\\/\"},{\"@type\":\"ListItem\",\"position\":2,\"name\":\"High school\",\"item\":\"https:\\\/\\\/www.sts-education.com\\\/se\\\/high-school\\\/\"},{\"@type\":\"ListItem\",\"position\":3,\"name\":\"Infor Ditt Utbytesar\"}]},{\"@type\":\"WebSite\",\"@id\":\"https:\\\/\\\/www.sts-education.com\\\/se\\\/#website\",\"url\":\"https:\\\/\\\/www.sts-education.com\\\/se\\\/\",\"name\":\"STS Education\",\"description\":\"\",\"potentialAction\":[{\"@type\":\"SearchAction\",\"target\":{\"@type\":\"EntryPoint\",\"urlTemplate\":\"https:\\\/\\\/www.sts-education.com\\\/se\\\/?s={search_term_string}\"},\"query-input\":{\"@type\":\"PropertyValueSpecification\",\"valueRequired\":true,\"valueName\":\"search_term_string\"}}],\"inLanguage\":\"sv-SE\"}]}<\/script>\n<!-- \/ Yoast SEO Premium plugin. -->","yoast_head_json":{"title":"Att t\u00e4nka p\u00e5 inf\u00f6r ett utbytes\u00e5r","description":"F\u00f6rberedelserna \u00e4r en viktig del av ditt utbytes\u00e5r. Ans\u00f6k i god tid och delta p\u00e5 v\u00e5ra informationsm\u00f6ten. Vi har 20 olika l\u00e4nder att v\u00e4lja bland.","robots":{"index":"index","follow":"follow","max-snippet":"max-snippet:-1","max-image-preview":"max-image-preview:large","max-video-preview":"max-video-preview:-1"},"canonical":"https:\/\/www.sts-education.com\/se\/high-school\/infor-ditt-utbytesar\/","og_locale":"sv_SE","og_type":"article","og_title":"Infor Ditt Utbytesar","og_description":"F\u00f6rberedelserna \u00e4r en viktig del av ditt utbytes\u00e5r. Ans\u00f6k i god tid och delta p\u00e5 v\u00e5ra informationsm\u00f6ten. Vi har 20 olika l\u00e4nder att v\u00e4lja bland.","og_url":"https:\/\/www.sts-education.com\/se\/high-school\/infor-ditt-utbytesar\/","og_site_name":"STS Education","article_modified_time":"2026-04-15T09:44:20+00:00","og_image":[{"width":150,"height":150,"url":"https:\/\/powered-by.qbank.se\/educatius\/sts\/\/df7e1de23b6e8c68863e49e03d05ef0e_1-1-thumb.webp","type":"image\/jpeg"}],"twitter_card":"summary_large_image","twitter_misc":{"Ber\u00e4knad l\u00e4stid":"3 minuter"},"schema":{"@context":"https:\/\/schema.org","@graph":[{"@type":"WebPage","@id":"https:\/\/www.sts-education.com\/se\/high-school\/infor-ditt-utbytesar\/","url":"https:\/\/www.sts-education.com\/se\/high-school\/infor-ditt-utbytesar\/","name":"Att t\u00e4nka p\u00e5 inf\u00f6r ett utbytes\u00e5r","isPartOf":{"@id":"https:\/\/www.sts-education.com\/se\/#website"},"primaryImageOfPage":{"@id":"https:\/\/www.sts-education.com\/se\/high-school\/infor-ditt-utbytesar\/#primaryimage"},"image":{"@id":"https:\/\/www.sts-education.com\/se\/high-school\/infor-ditt-utbytesar\/#primaryimage"},"thumbnailUrl":"https:\/\/powered-by.qbank.se\/educatius\/sts\/\/df7e1de23b6e8c68863e49e03d05ef0e_1-1-thumb.webp","datePublished":"2025-12-16T10:05:12+00:00","dateModified":"2026-04-15T09:44:20+00:00","description":"F\u00f6rberedelserna \u00e4r en viktig del av ditt utbytes\u00e5r. Ans\u00f6k i god tid och delta p\u00e5 v\u00e5ra informationsm\u00f6ten. Vi har 20 olika l\u00e4nder att v\u00e4lja bland.","breadcrumb":{"@id":"https:\/\/www.sts-education.com\/se\/high-school\/infor-ditt-utbytesar\/#breadcrumb"},"inLanguage":"sv-SE","potentialAction":[{"@type":"ReadAction","target":["https:\/\/www.sts-education.com\/se\/high-school\/infor-ditt-utbytesar\/"]}]},{"@type":"ImageObject","inLanguage":"sv-SE","@id":"https:\/\/www.sts-education.com\/se\/high-school\/infor-ditt-utbytesar\/#primaryimage","url":"https:\/\/powered-by.qbank.se\/educatius\/sts\/\/df7e1de23b6e8c68863e49e03d05ef0e_1-1-thumb.webp","contentUrl":"https:\/\/powered-by.qbank.se\/educatius\/sts\/\/df7e1de23b6e8c68863e49e03d05ef0e_1-1-thumb.webp","width":150,"height":150},{"@type":"BreadcrumbList","@id":"https:\/\/www.sts-education.com\/se\/high-school\/infor-ditt-utbytesar\/#breadcrumb","itemListElement":[{"@type":"ListItem","position":1,"name":"Home","item":"https:\/\/www.sts-education.com\/se\/"},{"@type":"ListItem","position":2,"name":"High school","item":"https:\/\/www.sts-education.com\/se\/high-school\/"},{"@type":"ListItem","position":3,"name":"Infor Ditt Utbytesar"}]},{"@type":"WebSite","@id":"https:\/\/www.sts-education.com\/se\/#website","url":"https:\/\/www.sts-education.com\/se\/","name":"STS Education","description":"","potentialAction":[{"@type":"SearchAction","target":{"@type":"EntryPoint","urlTemplate":"https:\/\/www.sts-education.com\/se\/?s={search_term_string}"},"query-input":{"@type":"PropertyValueSpecification","valueRequired":true,"valueName":"search_term_string"}}],"inLanguage":"sv-SE"}]}},"_links":{"self":[{"href":"https:\/\/www.sts-education.com\/se\/wp-json\/wp\/v2\/pages\/10216","targetHints":{"allow":["GET"]}}],"collection":[{"href":"https:\/\/www.sts-education.com\/se\/wp-json\/wp\/v2\/pages"}],"about":[{"href":"https:\/\/www.sts-education.com\/se\/wp-json\/wp\/v2\/types\/page"}],"author":[{"embeddable":true,"href":"https:\/\/www.sts-education.com\/se\/wp-json\/wp\/v2\/users\/20"}],"replies":[{"embeddable":true,"href":"https:\/\/www.sts-education.com\/se\/wp-json\/wp\/v2\/comments?post=10216"}],"version-history":[{"count":6,"href":"https:\/\/www.sts-education.com\/se\/wp-json\/wp\/v2\/pages\/10216\/revisions"}],"predecessor-version":[{"id":35781,"href":"https:\/\/www.sts-education.com\/se\/wp-json\/wp\/v2\/pages\/10216\/revisions\/35781"}],"up":[{"embeddable":true,"href":"https:\/\/www.sts-education.com\/se\/wp-json\/wp\/v2\/pages\/10015"}],"wp:featuredmedia":[{"embeddable":true,"href":"https:\/\/www.sts-education.com\/se\/wp-json\/wp\/v2\/media\/16164"}],"wp:attachment":[{"href":"https:\/\/www.sts-education.com\/se\/wp-json\/wp\/v2\/media?parent=10216"}],"wp:term":[{"taxonomy":"wpw_page_folders","embeddable":true,"href":"https:\/\/www.sts-education.com\/se\/wp-json\/wp\/v2\/wpw_page_folders?post=10216"}],"curies":[{"name":"wp","href":"https:\/\/api.w.org\/{rel}","templated":true}]}}