{"id":10219,"date":"2025-12-16T10:22:28","date_gmt":"2025-12-16T10:22:28","guid":{"rendered":"https:\/\/preprod.sts-education.com\/om-sts\/hallbarhet\/"},"modified":"2026-04-01T01:35:03","modified_gmt":"2026-04-01T01:35:03","slug":"hallbarhet","status":"publish","type":"page","link":"https:\/\/www.sts-education.com\/se\/om-sts\/hallbarhet\/","title":{"rendered":"Hallbarhet"},"content":{"rendered":"\n<section class=\"wp-block-sts-hero sts-block-hero is-variant-full-background has-text-light has-background-media\" style=\"--sts-hero-padding-mobile:0px;--sts-hero-padding-desktop:0px;--sts-hero-text-color:var(--wp--preset--color--base-10, #fff);\" data-variant=\"full-background\"><div class=\"sts-block-hero__background\"><picture class=\"sts-responsive-image has-fit-cover is-skeleton\"><img src=\"https:\/\/cdn.sts-education.com\/13746_hero_lg_xl.jpg\" alt=\"Global Impact\" loading=\"lazy\" decoding=\"async\" fetchpriority=\"low\" sizes=\"100vw\" \/><\/picture><span class=\"sts-block-hero__overlay\" aria-hidden=\"true\"><\/span><\/div><div class=\"sts-block-hero__inner\"><div class=\"sts-block-hero__content has-align-center\"><div class=\"sts-block-hero__content-inner\"><h1 class=\"sts-block-hero__heading\">Global Impact<\/h1><\/div><\/div><\/div><\/section>\n\n\n\n<div class=\"wp-block-sts-text sts-text-editor has-max-width-md\"><div class=\"sts-text-editor__content\"><div class=\"sts-text-editor__content-inner\">\n<h2>STS &amp; Aiducatius<\/h2>\n\n<p>Din utbytesupplevelse kan g\u00f6ra en verklig skillnad! N\u00e4r du reser med STS \u00e5ker du inte bara utomlands. Du blir en del av n\u00e5got som hj\u00e4lper barn som annars inte skulle ha tillg\u00e5ng till utbildning, st\u00f6der lokala samh\u00e4llen och milj\u00f6n. Som en del av Educatius Group bidrar STS till Aiducatius, ett ideellt initiativ som finansierar meningsfulla projekt i Gambia och Tanzania. Alla utbytesstudenter hos STS hj\u00e4lper till att st\u00f6dja dessa initiativ. Oavsett om du inser det eller inte \u00e4r du en del av n\u00e5got st\u00f6rre, n\u00e5got som hj\u00e4lper till att skapa m\u00f6jligheter och hopp f\u00f6r andra.<\/p>\n\n<h2>St. Martin\u2019s School, Gambia<\/h2>\n\n<p>I den lantliga kustbyn Kartong ligger St. Martin&#8217;s School, som har \u00f6ver 1 500 elever fr\u00e5n den omgivande regionen. Undervisningen \u00e4r gratis, men m\u00e5nga familjer har \u00e4nd\u00e5 sv\u00e5rt att klara de grundl\u00e4ggande kostnaderna f\u00f6r b\u00f6cker, uniformer, skolmaterial och till och med skor. Aiducatius hj\u00e4lper till att undanr\u00f6ja ekonomiska hinder. Varje \u00e5r f\u00e5r hundratals elever de saker de beh\u00f6ver f\u00f6r att kunna forts\u00e4tta skolan. Det kan inneb\u00e4ra att ett barn f\u00e5r forts\u00e4tta sin utbildning ist\u00e4llet f\u00f6r att stanna hemma. Eller att en f\u00f6r\u00e4lder kan spara till universitetet ist\u00e4llet f\u00f6r att oroa sig f\u00f6r dagen idag.<\/p>\n\n<h2>Gabriella Children Rehabilitation Centre, Tanzania<\/h2>\n\n<p>Vid foten av berget Kilimanjaro ger Gabriella Children Rehabilitation Centre barn med funktionsvariationer m\u00f6jlighet att l\u00e4ra sig, bidra och bli sj\u00e4lvst\u00e4ndiga. Utan denna skola skulle m\u00e5nga av dem bli helt utest\u00e4ngda fr\u00e5n samh\u00e4llet och riskera att uts\u00e4ttas f\u00f6r \u00f6vergrepp och vanv\u00e5rd. Eleverna f\u00e5r individuell v\u00e4gledning \u2013 vissa akademisk, andra yrkesinriktad. De l\u00e4r sig att baka, odla, bygga, f\u00f6da upp djur och till och med tillverka varor som hj\u00e4lper till att finansiera centrets verksamhet. Aiducatius bidrar till l\u00e4rarnas l\u00f6ner och hj\u00e4lper till att ut\u00f6ka program som nu studeras och delas av statliga utbildare i hela Tanzania.<\/p>\n\n<h2>Tree Planting and Conservation, Tanzania<\/h2>\n\n<p>Att studera utomlands inneb\u00e4r resor, och resor inneb\u00e4r koldioxidutsl\u00e4pp. Sedan 2009 har Aiducatius st\u00f6ttat lokala naturv\u00e5rdsgrupper i Biharamulo i nordv\u00e4stra Tanzania med att plantera hundratusentals tr\u00e4d. Detta \u00e5terst\u00e4ller skogar, skyddar vattenk\u00e4llor och utbildar ungdomar i att skapa sig ett levebr\u00f6d inom h\u00e5llbart skogsbruk. Dessa initiativ f\u00f6rb\u00e4ttrar ocks\u00e5 h\u00e4lsan och minskar avskogningen genom att inf\u00f6ra br\u00e4nslesn\u00e5la spisar som nu anv\u00e4nds i hem och skolor i hela regionen. Initiativet skyddar ekosystemen och skapar ekonomiska m\u00f6jligheter f\u00f6r de lokala samh\u00e4llena.<\/p>\n\n<h2>The Aiducatius Creativity Internship<\/h2>\n\n<p>Varje \u00e5r anordnar Educatius en global t\u00e4vling f\u00f6r studenter, tidigare studenter, v\u00e4rdfamiljer, l\u00e4rare och personal d\u00e4r man kan ans\u00f6ka om en tv\u00e5 veckors kreativ praktik p\u00e5 St. Martin\u2019s School i Gambia. Vinnarna utformar och leder workshops inom konst, ber\u00e4ttande eller musik och arbetar tillsammans med lokala l\u00e4rare i projekt som st\u00f6der detta unika utbytesprogram. De hj\u00e4lper ocks\u00e5 till att samla in donationer som b\u00f6cker, hygienartiklar och skolmaterial.<\/p>\n<\/div><\/div><\/div>\n\n","protected":false},"excerpt":{"rendered":"","protected":false},"author":20,"featured_media":16168,"parent":10208,"menu_order":0,"comment_status":"closed","ping_status":"closed","template":"templates\/template-default-with-breadcrumbs.php","meta":{"_acf_changed":false,"sts_page_background_color":"","footnotes":""},"wpw_page_folders":[77],"class_list":["post-10219","page","type-page","status-publish","has-post-thumbnail","hentry"],"acf":[],"yoast_head":"<!-- This site is optimized with the Yoast SEO Premium plugin v27.2 (Yoast SEO v27.3) - https:\/\/yoast.com\/product\/yoast-seo-premium-wordpress\/ -->\n<title>Global Impact<\/title>\n<meta name=\"description\" content=\"N\u00e4r du reser med STS \u00e5ker du inte bara utomlands. Du blir en del av n\u00e5got som hj\u00e4lper barn som annars inte skulle ha tillg\u00e5ng till utbildning, st\u00f6der lokala samh\u00e4llen och milj\u00f6n.\" \/>\n<meta name=\"robots\" content=\"index, follow, max-snippet:-1, max-image-preview:large, max-video-preview:-1\" \/>\n<link rel=\"canonical\" href=\"https:\/\/www.sts-education.com\/se\/om-sts\/hallbarhet\/\" \/>\n<meta property=\"og:locale\" content=\"sv_SE\" \/>\n<meta property=\"og:type\" content=\"article\" \/>\n<meta property=\"og:title\" content=\"Hallbarhet\" \/>\n<meta property=\"og:description\" content=\"N\u00e4r du reser med STS \u00e5ker du inte bara utomlands. Du blir en del av n\u00e5got som hj\u00e4lper barn som annars inte skulle ha tillg\u00e5ng till utbildning, st\u00f6der lokala samh\u00e4llen och milj\u00f6n.\" \/>\n<meta property=\"og:url\" content=\"https:\/\/www.sts-education.com\/se\/om-sts\/hallbarhet\/\" \/>\n<meta property=\"og:site_name\" content=\"STS Education\" \/>\n<meta property=\"article:modified_time\" content=\"2026-04-01T01:35:03+00:00\" \/>\n<meta property=\"og:image\" content=\"https:\/\/powered-by.qbank.se\/educatius\/sts\/\/3d1ea4feabe1e0e42df6e0c9e599fe93_1-1-thumb.webp\" \/>\n\t<meta property=\"og:image:width\" content=\"150\" \/>\n\t<meta property=\"og:image:height\" content=\"150\" \/>\n\t<meta property=\"og:image:type\" content=\"image\/jpeg\" \/>\n<meta name=\"twitter:card\" content=\"summary_large_image\" \/>\n<meta name=\"twitter:label1\" content=\"Ber\u00e4knad l\u00e4stid\" \/>\n\t<meta name=\"twitter:data1\" content=\"3 minuter\" \/>\n<script type=\"application\/ld+json\" class=\"yoast-schema-graph\">{\"@context\":\"https:\\\/\\\/schema.org\",\"@graph\":[{\"@type\":\"WebPage\",\"@id\":\"https:\\\/\\\/www.sts-education.com\\\/se\\\/om-sts\\\/hallbarhet\\\/\",\"url\":\"https:\\\/\\\/www.sts-education.com\\\/se\\\/om-sts\\\/hallbarhet\\\/\",\"name\":\"Global Impact\",\"isPartOf\":{\"@id\":\"https:\\\/\\\/www.sts-education.com\\\/se\\\/#website\"},\"primaryImageOfPage\":{\"@id\":\"https:\\\/\\\/www.sts-education.com\\\/se\\\/om-sts\\\/hallbarhet\\\/#primaryimage\"},\"image\":{\"@id\":\"https:\\\/\\\/www.sts-education.com\\\/se\\\/om-sts\\\/hallbarhet\\\/#primaryimage\"},\"thumbnailUrl\":\"https:\\\/\\\/powered-by.qbank.se\\\/educatius\\\/sts\\\/\\\/3d1ea4feabe1e0e42df6e0c9e599fe93_1-1-thumb.webp\",\"datePublished\":\"2025-12-16T10:22:28+00:00\",\"dateModified\":\"2026-04-01T01:35:03+00:00\",\"description\":\"N\u00e4r du reser med STS \u00e5ker du inte bara utomlands. Du blir en del av n\u00e5got som hj\u00e4lper barn som annars inte skulle ha tillg\u00e5ng till utbildning, st\u00f6der lokala samh\u00e4llen och milj\u00f6n.\",\"breadcrumb\":{\"@id\":\"https:\\\/\\\/www.sts-education.com\\\/se\\\/om-sts\\\/hallbarhet\\\/#breadcrumb\"},\"inLanguage\":\"sv-SE\",\"potentialAction\":[{\"@type\":\"ReadAction\",\"target\":[\"https:\\\/\\\/www.sts-education.com\\\/se\\\/om-sts\\\/hallbarhet\\\/\"]}]},{\"@type\":\"ImageObject\",\"inLanguage\":\"sv-SE\",\"@id\":\"https:\\\/\\\/www.sts-education.com\\\/se\\\/om-sts\\\/hallbarhet\\\/#primaryimage\",\"url\":\"https:\\\/\\\/powered-by.qbank.se\\\/educatius\\\/sts\\\/\\\/3d1ea4feabe1e0e42df6e0c9e599fe93_1-1-thumb.webp\",\"contentUrl\":\"https:\\\/\\\/powered-by.qbank.se\\\/educatius\\\/sts\\\/\\\/3d1ea4feabe1e0e42df6e0c9e599fe93_1-1-thumb.webp\",\"width\":150,\"height\":150},{\"@type\":\"BreadcrumbList\",\"@id\":\"https:\\\/\\\/www.sts-education.com\\\/se\\\/om-sts\\\/hallbarhet\\\/#breadcrumb\",\"itemListElement\":[{\"@type\":\"ListItem\",\"position\":1,\"name\":\"Home\",\"item\":\"https:\\\/\\\/www.sts-education.com\\\/se\\\/\"},{\"@type\":\"ListItem\",\"position\":2,\"name\":\"Om Sts\",\"item\":\"https:\\\/\\\/www.sts-education.com\\\/se\\\/om-sts\\\/\"},{\"@type\":\"ListItem\",\"position\":3,\"name\":\"Hallbarhet\"}]},{\"@type\":\"WebSite\",\"@id\":\"https:\\\/\\\/www.sts-education.com\\\/se\\\/#website\",\"url\":\"https:\\\/\\\/www.sts-education.com\\\/se\\\/\",\"name\":\"STS Education\",\"description\":\"\",\"potentialAction\":[{\"@type\":\"SearchAction\",\"target\":{\"@type\":\"EntryPoint\",\"urlTemplate\":\"https:\\\/\\\/www.sts-education.com\\\/se\\\/?s={search_term_string}\"},\"query-input\":{\"@type\":\"PropertyValueSpecification\",\"valueRequired\":true,\"valueName\":\"search_term_string\"}}],\"inLanguage\":\"sv-SE\"}]}<\/script>\n<!-- \/ Yoast SEO Premium plugin. -->","yoast_head_json":{"title":"Global Impact","description":"N\u00e4r du reser med STS \u00e5ker du inte bara utomlands. Du blir en del av n\u00e5got som hj\u00e4lper barn som annars inte skulle ha tillg\u00e5ng till utbildning, st\u00f6der lokala samh\u00e4llen och milj\u00f6n.","robots":{"index":"index","follow":"follow","max-snippet":"max-snippet:-1","max-image-preview":"max-image-preview:large","max-video-preview":"max-video-preview:-1"},"canonical":"https:\/\/www.sts-education.com\/se\/om-sts\/hallbarhet\/","og_locale":"sv_SE","og_type":"article","og_title":"Hallbarhet","og_description":"N\u00e4r du reser med STS \u00e5ker du inte bara utomlands. Du blir en del av n\u00e5got som hj\u00e4lper barn som annars inte skulle ha tillg\u00e5ng till utbildning, st\u00f6der lokala samh\u00e4llen och milj\u00f6n.","og_url":"https:\/\/www.sts-education.com\/se\/om-sts\/hallbarhet\/","og_site_name":"STS Education","article_modified_time":"2026-04-01T01:35:03+00:00","og_image":[{"width":150,"height":150,"url":"https:\/\/powered-by.qbank.se\/educatius\/sts\/\/3d1ea4feabe1e0e42df6e0c9e599fe93_1-1-thumb.webp","type":"image\/jpeg"}],"twitter_card":"summary_large_image","twitter_misc":{"Ber\u00e4knad l\u00e4stid":"3 minuter"},"schema":{"@context":"https:\/\/schema.org","@graph":[{"@type":"WebPage","@id":"https:\/\/www.sts-education.com\/se\/om-sts\/hallbarhet\/","url":"https:\/\/www.sts-education.com\/se\/om-sts\/hallbarhet\/","name":"Global Impact","isPartOf":{"@id":"https:\/\/www.sts-education.com\/se\/#website"},"primaryImageOfPage":{"@id":"https:\/\/www.sts-education.com\/se\/om-sts\/hallbarhet\/#primaryimage"},"image":{"@id":"https:\/\/www.sts-education.com\/se\/om-sts\/hallbarhet\/#primaryimage"},"thumbnailUrl":"https:\/\/powered-by.qbank.se\/educatius\/sts\/\/3d1ea4feabe1e0e42df6e0c9e599fe93_1-1-thumb.webp","datePublished":"2025-12-16T10:22:28+00:00","dateModified":"2026-04-01T01:35:03+00:00","description":"N\u00e4r du reser med STS \u00e5ker du inte bara utomlands. Du blir en del av n\u00e5got som hj\u00e4lper barn som annars inte skulle ha tillg\u00e5ng till utbildning, st\u00f6der lokala samh\u00e4llen och milj\u00f6n.","breadcrumb":{"@id":"https:\/\/www.sts-education.com\/se\/om-sts\/hallbarhet\/#breadcrumb"},"inLanguage":"sv-SE","potentialAction":[{"@type":"ReadAction","target":["https:\/\/www.sts-education.com\/se\/om-sts\/hallbarhet\/"]}]},{"@type":"ImageObject","inLanguage":"sv-SE","@id":"https:\/\/www.sts-education.com\/se\/om-sts\/hallbarhet\/#primaryimage","url":"https:\/\/powered-by.qbank.se\/educatius\/sts\/\/3d1ea4feabe1e0e42df6e0c9e599fe93_1-1-thumb.webp","contentUrl":"https:\/\/powered-by.qbank.se\/educatius\/sts\/\/3d1ea4feabe1e0e42df6e0c9e599fe93_1-1-thumb.webp","width":150,"height":150},{"@type":"BreadcrumbList","@id":"https:\/\/www.sts-education.com\/se\/om-sts\/hallbarhet\/#breadcrumb","itemListElement":[{"@type":"ListItem","position":1,"name":"Home","item":"https:\/\/www.sts-education.com\/se\/"},{"@type":"ListItem","position":2,"name":"Om Sts","item":"https:\/\/www.sts-education.com\/se\/om-sts\/"},{"@type":"ListItem","position":3,"name":"Hallbarhet"}]},{"@type":"WebSite","@id":"https:\/\/www.sts-education.com\/se\/#website","url":"https:\/\/www.sts-education.com\/se\/","name":"STS Education","description":"","potentialAction":[{"@type":"SearchAction","target":{"@type":"EntryPoint","urlTemplate":"https:\/\/www.sts-education.com\/se\/?s={search_term_string}"},"query-input":{"@type":"PropertyValueSpecification","valueRequired":true,"valueName":"search_term_string"}}],"inLanguage":"sv-SE"}]}},"_links":{"self":[{"href":"https:\/\/www.sts-education.com\/se\/wp-json\/wp\/v2\/pages\/10219","targetHints":{"allow":["GET"]}}],"collection":[{"href":"https:\/\/www.sts-education.com\/se\/wp-json\/wp\/v2\/pages"}],"about":[{"href":"https:\/\/www.sts-education.com\/se\/wp-json\/wp\/v2\/types\/page"}],"author":[{"embeddable":true,"href":"https:\/\/www.sts-education.com\/se\/wp-json\/wp\/v2\/users\/20"}],"replies":[{"embeddable":true,"href":"https:\/\/www.sts-education.com\/se\/wp-json\/wp\/v2\/comments?post=10219"}],"version-history":[{"count":2,"href":"https:\/\/www.sts-education.com\/se\/wp-json\/wp\/v2\/pages\/10219\/revisions"}],"predecessor-version":[{"id":20276,"href":"https:\/\/www.sts-education.com\/se\/wp-json\/wp\/v2\/pages\/10219\/revisions\/20276"}],"up":[{"embeddable":true,"href":"https:\/\/www.sts-education.com\/se\/wp-json\/wp\/v2\/pages\/10208"}],"wp:featuredmedia":[{"embeddable":true,"href":"https:\/\/www.sts-education.com\/se\/wp-json\/wp\/v2\/media\/16168"}],"wp:attachment":[{"href":"https:\/\/www.sts-education.com\/se\/wp-json\/wp\/v2\/media?parent=10219"}],"wp:term":[{"taxonomy":"wpw_page_folders","embeddable":true,"href":"https:\/\/www.sts-education.com\/se\/wp-json\/wp\/v2\/wpw_page_folders?post=10219"}],"curies":[{"name":"wp","href":"https:\/\/api.w.org\/{rel}","templated":true}]}}