{"id":10220,"date":"2025-12-16T10:23:03","date_gmt":"2025-12-16T10:23:03","guid":{"rendered":"https:\/\/preprod.sts-education.com\/om-sts\/karriar\/"},"modified":"2026-04-15T09:43:57","modified_gmt":"2026-04-15T09:43:57","slug":"karriar","status":"publish","type":"page","link":"https:\/\/www.sts-education.com\/se\/om-sts\/karriar\/","title":{"rendered":"Karriar"},"content":{"rendered":"\n<section class=\"wp-block-sts-hero sts-block-hero is-variant-full-background has-text-light has-background-media\" style=\"--sts-hero-padding-mobile:0px;--sts-hero-padding-desktop:0px;--sts-hero-text-color:var(--wp--preset--color--base-10, #fff);\" data-variant=\"full-background\"><div class=\"sts-block-hero__background\"><picture class=\"sts-responsive-image has-fit-cover is-skeleton\"><img src=\"https:\/\/cdn.sts-education.com\/3544_hero_lg_xl.jpg\" alt=\"Vi ger unga m\u00f6jlighet att v\u00e4xa\" loading=\"lazy\" decoding=\"async\" fetchpriority=\"low\" sizes=\"100vw\" \/><\/picture><span class=\"sts-block-hero__overlay\" aria-hidden=\"true\"><\/span><\/div><div class=\"sts-block-hero__inner\"><div class=\"sts-block-hero__content has-align-center\"><div class=\"sts-block-hero__content-inner\"><h1 class=\"sts-block-hero__heading\">Vi ger unga m\u00f6jlighet att v\u00e4xa<\/h1><\/div><\/div><\/div><\/section>\n\n\n\n<div class=\"wp-block-sts-text sts-text-editor has-max-width-md\"><div class=\"sts-text-editor__content\"><div class=\"sts-text-editor__content-inner\">\n<p>Vi p\u00e5 STS Education Group arbetar med upplevelsebaserat l\u00e4rande i form av spr\u00e5kresor och high school-utbyten. V\u00e5rt huvudkontor finns i G\u00f6teborg och vi har lokala kontor i bland annat Tyskland, Nederl\u00e4nderna, Polen, Schweiz, \u00d6sterrike och Nya Zeeland.<\/p>\n\n<p>Vi letar st\u00e4ndigt efter nya medarbetare som vill jobba i en snabbf\u00f6r\u00e4nderlig bransch f\u00f6r att driva verksamheten fram\u00e5t tillsammans med oss.<\/p>\n\n<p><a href=\"https:\/\/sts.teamtailor.com\/\" target=\"_blank\" rel=\"noopener noreferrer\">Du hittar lediga jobb p\u00e5 STS h\u00e4r<\/a><\/p>\n\n<h2>G\u00f6r din praktik p\u00e5 STS<\/h2>\n\n<p>Pluggar du p\u00e5 universitet eller yrkesutbildning och har praktikveckor under din utbildning? Vi tar g\u00e4rna emot praktikanter p\u00e5 v\u00e5rt huvudkontor i G\u00f6teborg under hela \u00e5ret, fr\u00e5n ett par veckor till en hel termin. H\u00e4r f\u00e5r du chans att vara en del av v\u00e5r dagliga verksamhet och arbeta i ett internationellt klimat med exempelvis f\u00f6rs\u00e4ljning, marknadsf\u00f6ring och administration. Du m\u00e5ste vara \u00f6ver 18 \u00e5r. L\u00e5ter detta intressant?<\/p>\n\n<p>Maila din f\u00f6rfr\u00e5gan till <a href=\"mailto:welcome@sts.se\">welcome@sts.se<\/a> s\u00e5 pratar vi vidare.<\/p>\n\n<h2>Bli lokal koordinator med STS<\/h2>\n\n<p>\u00c4r du intresserad av att arbeta som v\u00e5r f\u00f6rl\u00e4ngda arm och vara STS representant i ditt lokala omr\u00e5de? Som lokal koordinator kommer du att ha regelbunden kontakt med och finnas till hands f\u00f6r en eller flera utbytesstudenter samt deras v\u00e4rdfamiljer och skolor. Rollen passar dig som har ett intresse f\u00f6r ungdomar och internationella m\u00f6ten. Uppdraget fungerar bra vid sidan av studier eller arbete.<\/p>\n\n<p>L\u00e4s g\u00e4rna v\u00e5ra intervjuer med <strong><a href=\"https:\/\/www.sts-education.com\/se\/om-sts\/karriar\/intervju-lucas\/\">Lucas<\/a><\/strong>, <strong><a href=\"https:\/\/www.sts-education.com\/se\/om-sts\/karriar\/intervju-matilda\/\">Matilda<\/a><\/strong>, <strong><a href=\"https:\/\/www.sts-education.com\/se\/om-sts\/karriar\/interview-luisa\/\">Luisa<\/a> <\/strong>och <strong><a href=\"https:\/\/www.sts-education.com\/se\/om-sts\/karriar\/interview-finja\/\">Finja<\/a><\/strong>, som har arbetat som lokala koordinatorer f\u00f6r STS.<\/p>\n\n<p>Fyll i din ans\u00f6kan om att bli <a href=\"https:\/\/sts.teamtailor.com\/\" target=\"_blank\" rel=\"noopener noreferrer\">STS lokala koordinator<\/a> h\u00e4r.<\/p>\n\n<h2>Bli ambassad\u00f6r f\u00f6r STS<\/h2>\n\n<p>De b\u00e4sta ambassad\u00f6rerna f\u00f6r v\u00e5ra program \u00e4r de som varit i v\u00e4g och som \u00e4lskade varje minut. D\u00e4rf\u00f6r v\u00e4lkomnar vi ofta studenter som kommit hem att jobba hos oss som intervjuare eller representanter p\u00e5 informationsm\u00f6ten, m\u00e4ssor och skolor. V\u00e5ra ambassad\u00f6rer organiserar egna event, intervjuar blivande utbytesstudenter, delar ut flyers eller tar tillsammans med sin familj emot en utbytesstudent som kommer till Sverige.<\/p>\n\n<p>STS ambassad\u00f6rsprogram ger dig som tidigare eller nuvarande STS-student m\u00f6jligheten att dela dina erfarenheter med andra ungdomar. P\u00e5 s\u00e5 s\u00e4tt hj\u00e4lper du andra att ta steget mot att \u00e5ka p\u00e5 ett eget \u00e4ventyr. T\u00e4nk dig att f\u00e5 dela dina fantastiska upplevelser med andra och samtidigt jobba. Kan man ha ett b\u00e4ttre jobb?<\/p>\n\n<p>Du v\u00e4ljer sj\u00e4lv hur aktiv du kan och vill vara. Du kommer att kunna utveckla din sociala f\u00f6rm\u00e5ga s\u00e5v\u00e4l som dina presentations- och organisationsf\u00f6rm\u00e5gor. Du kommer ha kul samtidigt som du f\u00e5r v\u00e4rdefulla erfarenheter och meriter f\u00f6r framtiden.<\/p>\n\n<p>Om du \u00e4r intresserad av att bli ambassad\u00f6r, skicka ett mejl till  <a href=\"mailto:welcome@sts.se\">welcome@sts.se<\/a><\/p>\n<\/div><\/div><\/div>\n","protected":false},"excerpt":{"rendered":"","protected":false},"author":20,"featured_media":0,"parent":10208,"menu_order":0,"comment_status":"closed","ping_status":"closed","template":"templates\/template-default-with-breadcrumbs.php","meta":{"_acf_changed":false,"sts_page_background_color":"","footnotes":""},"wpw_page_folders":[77],"class_list":["post-10220","page","type-page","status-publish","hentry"],"acf":[],"yoast_head":"<!-- This site is optimized with the Yoast SEO Premium plugin v27.2 (Yoast SEO v27.3) - https:\/\/yoast.com\/product\/yoast-seo-premium-wordpress\/ -->\n<title>Lediga jobb hos STS<\/title>\n<meta name=\"description\" content=\"Vi p\u00e5 STS Education arbetar med upplevelsebaserat l\u00e4rande i form av ledarledda ungdomsresor och high school-utbyten. Vi letar st\u00e4ndigt efter nya medarbetare som vill jobba i en snabbf\u00f6r\u00e4nderlig bransch och driva verksamheten fram\u00e5t med oss.\" \/>\n<meta name=\"robots\" content=\"index, follow, max-snippet:-1, max-image-preview:large, max-video-preview:-1\" \/>\n<link rel=\"canonical\" href=\"https:\/\/www.sts-education.com\/se\/om-sts\/karriar\/\" \/>\n<meta property=\"og:locale\" content=\"sv_SE\" \/>\n<meta property=\"og:type\" content=\"article\" \/>\n<meta property=\"og:title\" content=\"Karriar\" \/>\n<meta property=\"og:description\" content=\"Vi p\u00e5 STS Education arbetar med upplevelsebaserat l\u00e4rande i form av ledarledda ungdomsresor och high school-utbyten. Vi letar st\u00e4ndigt efter nya medarbetare som vill jobba i en snabbf\u00f6r\u00e4nderlig bransch och driva verksamheten fram\u00e5t med oss.\" \/>\n<meta property=\"og:url\" content=\"https:\/\/www.sts-education.com\/se\/om-sts\/karriar\/\" \/>\n<meta property=\"og:site_name\" content=\"STS Education\" \/>\n<meta property=\"article:modified_time\" content=\"2026-04-15T09:43:57+00:00\" \/>\n<meta property=\"og:image\" content=\"https:\/\/cdn.sts-education.com\/3544_hero_lg_xl.jpg\" \/>\n<meta name=\"twitter:card\" content=\"summary_large_image\" \/>\n<meta name=\"twitter:label1\" content=\"Ber\u00e4knad l\u00e4stid\" \/>\n\t<meta name=\"twitter:data1\" content=\"2 minuter\" \/>\n<script type=\"application\/ld+json\" class=\"yoast-schema-graph\">{\"@context\":\"https:\\\/\\\/schema.org\",\"@graph\":[{\"@type\":\"WebPage\",\"@id\":\"https:\\\/\\\/www.sts-education.com\\\/se\\\/om-sts\\\/karriar\\\/\",\"url\":\"https:\\\/\\\/www.sts-education.com\\\/se\\\/om-sts\\\/karriar\\\/\",\"name\":\"Lediga jobb hos STS\",\"isPartOf\":{\"@id\":\"https:\\\/\\\/www.sts-education.com\\\/se\\\/#website\"},\"primaryImageOfPage\":{\"@id\":\"https:\\\/\\\/www.sts-education.com\\\/se\\\/om-sts\\\/karriar\\\/#primaryimage\"},\"image\":{\"@id\":\"https:\\\/\\\/www.sts-education.com\\\/se\\\/om-sts\\\/karriar\\\/#primaryimage\"},\"thumbnailUrl\":\"https:\\\/\\\/cdn.sts-education.com\\\/3544_hero_lg_xl.jpg\",\"datePublished\":\"2025-12-16T10:23:03+00:00\",\"dateModified\":\"2026-04-15T09:43:57+00:00\",\"description\":\"Vi p\u00e5 STS Education arbetar med upplevelsebaserat l\u00e4rande i form av ledarledda ungdomsresor och high school-utbyten. Vi letar st\u00e4ndigt efter nya medarbetare som vill jobba i en snabbf\u00f6r\u00e4nderlig bransch och driva verksamheten fram\u00e5t med oss.\",\"breadcrumb\":{\"@id\":\"https:\\\/\\\/www.sts-education.com\\\/se\\\/om-sts\\\/karriar\\\/#breadcrumb\"},\"inLanguage\":\"sv-SE\",\"potentialAction\":[{\"@type\":\"ReadAction\",\"target\":[\"https:\\\/\\\/www.sts-education.com\\\/se\\\/om-sts\\\/karriar\\\/\"]}]},{\"@type\":\"ImageObject\",\"inLanguage\":\"sv-SE\",\"@id\":\"https:\\\/\\\/www.sts-education.com\\\/se\\\/om-sts\\\/karriar\\\/#primaryimage\",\"url\":\"https:\\\/\\\/cdn.sts-education.com\\\/3544_hero_lg_xl.jpg\",\"contentUrl\":\"https:\\\/\\\/cdn.sts-education.com\\\/3544_hero_lg_xl.jpg\"},{\"@type\":\"BreadcrumbList\",\"@id\":\"https:\\\/\\\/www.sts-education.com\\\/se\\\/om-sts\\\/karriar\\\/#breadcrumb\",\"itemListElement\":[{\"@type\":\"ListItem\",\"position\":1,\"name\":\"Home\",\"item\":\"https:\\\/\\\/www.sts-education.com\\\/se\\\/\"},{\"@type\":\"ListItem\",\"position\":2,\"name\":\"Om Sts\",\"item\":\"https:\\\/\\\/www.sts-education.com\\\/se\\\/om-sts\\\/\"},{\"@type\":\"ListItem\",\"position\":3,\"name\":\"Karriar\"}]},{\"@type\":\"WebSite\",\"@id\":\"https:\\\/\\\/www.sts-education.com\\\/se\\\/#website\",\"url\":\"https:\\\/\\\/www.sts-education.com\\\/se\\\/\",\"name\":\"STS Education\",\"description\":\"\",\"potentialAction\":[{\"@type\":\"SearchAction\",\"target\":{\"@type\":\"EntryPoint\",\"urlTemplate\":\"https:\\\/\\\/www.sts-education.com\\\/se\\\/?s={search_term_string}\"},\"query-input\":{\"@type\":\"PropertyValueSpecification\",\"valueRequired\":true,\"valueName\":\"search_term_string\"}}],\"inLanguage\":\"sv-SE\"}]}<\/script>\n<!-- \/ Yoast SEO Premium plugin. -->","yoast_head_json":{"title":"Lediga jobb hos STS","description":"Vi p\u00e5 STS Education arbetar med upplevelsebaserat l\u00e4rande i form av ledarledda ungdomsresor och high school-utbyten. Vi letar st\u00e4ndigt efter nya medarbetare som vill jobba i en snabbf\u00f6r\u00e4nderlig bransch och driva verksamheten fram\u00e5t med oss.","robots":{"index":"index","follow":"follow","max-snippet":"max-snippet:-1","max-image-preview":"max-image-preview:large","max-video-preview":"max-video-preview:-1"},"canonical":"https:\/\/www.sts-education.com\/se\/om-sts\/karriar\/","og_locale":"sv_SE","og_type":"article","og_title":"Karriar","og_description":"Vi p\u00e5 STS Education arbetar med upplevelsebaserat l\u00e4rande i form av ledarledda ungdomsresor och high school-utbyten. Vi letar st\u00e4ndigt efter nya medarbetare som vill jobba i en snabbf\u00f6r\u00e4nderlig bransch och driva verksamheten fram\u00e5t med oss.","og_url":"https:\/\/www.sts-education.com\/se\/om-sts\/karriar\/","og_site_name":"STS Education","article_modified_time":"2026-04-15T09:43:57+00:00","og_image":[{"url":"https:\/\/cdn.sts-education.com\/3544_hero_lg_xl.jpg","type":"","width":"","height":""}],"twitter_card":"summary_large_image","twitter_misc":{"Ber\u00e4knad l\u00e4stid":"2 minuter"},"schema":{"@context":"https:\/\/schema.org","@graph":[{"@type":"WebPage","@id":"https:\/\/www.sts-education.com\/se\/om-sts\/karriar\/","url":"https:\/\/www.sts-education.com\/se\/om-sts\/karriar\/","name":"Lediga jobb hos STS","isPartOf":{"@id":"https:\/\/www.sts-education.com\/se\/#website"},"primaryImageOfPage":{"@id":"https:\/\/www.sts-education.com\/se\/om-sts\/karriar\/#primaryimage"},"image":{"@id":"https:\/\/www.sts-education.com\/se\/om-sts\/karriar\/#primaryimage"},"thumbnailUrl":"https:\/\/cdn.sts-education.com\/3544_hero_lg_xl.jpg","datePublished":"2025-12-16T10:23:03+00:00","dateModified":"2026-04-15T09:43:57+00:00","description":"Vi p\u00e5 STS Education arbetar med upplevelsebaserat l\u00e4rande i form av ledarledda ungdomsresor och high school-utbyten. Vi letar st\u00e4ndigt efter nya medarbetare som vill jobba i en snabbf\u00f6r\u00e4nderlig bransch och driva verksamheten fram\u00e5t med oss.","breadcrumb":{"@id":"https:\/\/www.sts-education.com\/se\/om-sts\/karriar\/#breadcrumb"},"inLanguage":"sv-SE","potentialAction":[{"@type":"ReadAction","target":["https:\/\/www.sts-education.com\/se\/om-sts\/karriar\/"]}]},{"@type":"ImageObject","inLanguage":"sv-SE","@id":"https:\/\/www.sts-education.com\/se\/om-sts\/karriar\/#primaryimage","url":"https:\/\/cdn.sts-education.com\/3544_hero_lg_xl.jpg","contentUrl":"https:\/\/cdn.sts-education.com\/3544_hero_lg_xl.jpg"},{"@type":"BreadcrumbList","@id":"https:\/\/www.sts-education.com\/se\/om-sts\/karriar\/#breadcrumb","itemListElement":[{"@type":"ListItem","position":1,"name":"Home","item":"https:\/\/www.sts-education.com\/se\/"},{"@type":"ListItem","position":2,"name":"Om Sts","item":"https:\/\/www.sts-education.com\/se\/om-sts\/"},{"@type":"ListItem","position":3,"name":"Karriar"}]},{"@type":"WebSite","@id":"https:\/\/www.sts-education.com\/se\/#website","url":"https:\/\/www.sts-education.com\/se\/","name":"STS Education","description":"","potentialAction":[{"@type":"SearchAction","target":{"@type":"EntryPoint","urlTemplate":"https:\/\/www.sts-education.com\/se\/?s={search_term_string}"},"query-input":{"@type":"PropertyValueSpecification","valueRequired":true,"valueName":"search_term_string"}}],"inLanguage":"sv-SE"}]}},"_links":{"self":[{"href":"https:\/\/www.sts-education.com\/se\/wp-json\/wp\/v2\/pages\/10220","targetHints":{"allow":["GET"]}}],"collection":[{"href":"https:\/\/www.sts-education.com\/se\/wp-json\/wp\/v2\/pages"}],"about":[{"href":"https:\/\/www.sts-education.com\/se\/wp-json\/wp\/v2\/types\/page"}],"author":[{"embeddable":true,"href":"https:\/\/www.sts-education.com\/se\/wp-json\/wp\/v2\/users\/20"}],"replies":[{"embeddable":true,"href":"https:\/\/www.sts-education.com\/se\/wp-json\/wp\/v2\/comments?post=10220"}],"version-history":[{"count":5,"href":"https:\/\/www.sts-education.com\/se\/wp-json\/wp\/v2\/pages\/10220\/revisions"}],"predecessor-version":[{"id":35753,"href":"https:\/\/www.sts-education.com\/se\/wp-json\/wp\/v2\/pages\/10220\/revisions\/35753"}],"up":[{"embeddable":true,"href":"https:\/\/www.sts-education.com\/se\/wp-json\/wp\/v2\/pages\/10208"}],"wp:attachment":[{"href":"https:\/\/www.sts-education.com\/se\/wp-json\/wp\/v2\/media?parent=10220"}],"wp:term":[{"taxonomy":"wpw_page_folders","embeddable":true,"href":"https:\/\/www.sts-education.com\/se\/wp-json\/wp\/v2\/wpw_page_folders?post=10220"}],"curies":[{"name":"wp","href":"https:\/\/api.w.org\/{rel}","templated":true}]}}