{"id":10221,"date":"2025-12-16T10:25:18","date_gmt":"2025-12-16T10:25:18","guid":{"rendered":"https:\/\/preprod.sts-education.com\/om-sts\/kontakta-oss\/"},"modified":"2026-04-01T01:36:41","modified_gmt":"2026-04-01T01:36:41","slug":"kontakta-oss","status":"publish","type":"page","link":"https:\/\/www.sts-education.com\/se\/om-sts\/kontakta-oss\/","title":{"rendered":"Kontakta Oss"},"content":{"rendered":"\n<div class=\"wp-block-sts-text sts-text-editor has-max-width-md\"><div class=\"sts-text-editor__content\"><div class=\"sts-text-editor__content-inner\">\n<h1>Kontakta oss<\/h1>\n<\/div><\/div><\/div>\n\n\n\n<div class=\"wp-block-sts-text sts-text-editor has-max-width-md\"><div class=\"sts-text-editor__content\"><div class=\"sts-text-editor__content-inner\">\n<p>Om du har fr\u00e5gor om studier utomlands \u00e4r du alltid varmt v\u00e4lkommen att kontakta oss. Du beh\u00f6ver inte ha best\u00e4mt dig f\u00f6r \u00e5ka p\u00e5 utbytes\u00e5r f\u00f6r att prata med oss. Vi hj\u00e4lper g\u00e4rna till och finns h\u00e4r f\u00f6r att svara p\u00e5 alla dina fr\u00e5gor. V\u00e4lj hur du vill komma i kontakt med oss.<\/p>\n<p>Fyll i formul\u00e4ret l\u00e4ngre ner p\u00e5 sidan s\u00e5 kontaktar vi dig inom kort. Du kan ocks\u00e5 v\u00e4lja att ringa till oss p\u00e5 telefonnummer: <a href=\"tel:0771-202040\">0771-202040<\/a> eller skicka e-post till<span> <a href=\"mailto:hello.se@sts-education.com\">hello.se@sts-education.com<\/a><\/span><\/p>\n<p>\u00d6ppettider: M\u00e5ndag &#8211; fredag 10:00 &#8211; 17:00<\/p>\n<p>V\u00e5ra kontor:<\/p>\n<p><strong>G\u00f6teborg<\/strong><br\/>STS Education<br\/>Kaserntorget 6<br\/>411 18 G\u00f6teborg<\/p>\n<p><strong>Stockholm<\/strong><br\/>STS Education<br\/>Holl\u00e4ndargatan 20<br\/>111 60 Stockholm<\/p>\n<\/div><\/div><\/div>\n\n","protected":false},"excerpt":{"rendered":"","protected":false},"author":20,"featured_media":16172,"parent":10208,"menu_order":0,"comment_status":"closed","ping_status":"closed","template":"templates\/template-default-with-breadcrumbs.php","meta":{"_acf_changed":false,"sts_page_background_color":"","footnotes":""},"wpw_page_folders":[77],"class_list":["post-10221","page","type-page","status-publish","has-post-thumbnail","hentry"],"acf":[],"yoast_head":"<!-- This site is optimized with the Yoast SEO Premium plugin v27.2 (Yoast SEO v27.3) - https:\/\/yoast.com\/product\/yoast-seo-premium-wordpress\/ -->\n<title>Kontakta oss h\u00e4r | STS<\/title>\n<meta name=\"description\" content=\"Om du har fr\u00e5gor om studier utomlands \u00e4r du alltid varmt v\u00e4lkommen att kontakta oss. Vi hj\u00e4lper g\u00e4rna till och finns h\u00e4r f\u00f6r att svara p\u00e5 alla dina fr\u00e5gor.\" \/>\n<meta name=\"robots\" content=\"index, follow, max-snippet:-1, max-image-preview:large, max-video-preview:-1\" \/>\n<link rel=\"canonical\" href=\"https:\/\/www.sts-education.com\/se\/om-sts\/kontakta-oss\/\" \/>\n<meta property=\"og:locale\" content=\"sv_SE\" \/>\n<meta property=\"og:type\" content=\"article\" \/>\n<meta property=\"og:title\" content=\"Kontakta Oss\" \/>\n<meta property=\"og:description\" content=\"Om du har fr\u00e5gor om studier utomlands \u00e4r du alltid varmt v\u00e4lkommen att kontakta oss. Vi hj\u00e4lper g\u00e4rna till och finns h\u00e4r f\u00f6r att svara p\u00e5 alla dina fr\u00e5gor.\" \/>\n<meta property=\"og:url\" content=\"https:\/\/www.sts-education.com\/se\/om-sts\/kontakta-oss\/\" \/>\n<meta property=\"og:site_name\" content=\"STS Education\" \/>\n<meta property=\"article:modified_time\" content=\"2026-04-01T01:36:41+00:00\" \/>\n<meta property=\"og:image\" content=\"https:\/\/powered-by.qbank.se\/educatius\/sts\/\/d892cfee412f049ca3da7ada13bcf9ff_1-1-thumb.webp\" \/>\n\t<meta property=\"og:image:width\" content=\"150\" \/>\n\t<meta property=\"og:image:height\" content=\"150\" \/>\n\t<meta property=\"og:image:type\" content=\"image\/jpeg\" \/>\n<meta name=\"twitter:card\" content=\"summary_large_image\" \/>\n<meta name=\"twitter:label1\" content=\"Ber\u00e4knad l\u00e4stid\" \/>\n\t<meta name=\"twitter:data1\" content=\"1 minut\" \/>\n<script type=\"application\/ld+json\" class=\"yoast-schema-graph\">{\"@context\":\"https:\\\/\\\/schema.org\",\"@graph\":[{\"@type\":\"WebPage\",\"@id\":\"https:\\\/\\\/www.sts-education.com\\\/se\\\/om-sts\\\/kontakta-oss\\\/\",\"url\":\"https:\\\/\\\/www.sts-education.com\\\/se\\\/om-sts\\\/kontakta-oss\\\/\",\"name\":\"Kontakta oss h\u00e4r | STS\",\"isPartOf\":{\"@id\":\"https:\\\/\\\/www.sts-education.com\\\/se\\\/#website\"},\"primaryImageOfPage\":{\"@id\":\"https:\\\/\\\/www.sts-education.com\\\/se\\\/om-sts\\\/kontakta-oss\\\/#primaryimage\"},\"image\":{\"@id\":\"https:\\\/\\\/www.sts-education.com\\\/se\\\/om-sts\\\/kontakta-oss\\\/#primaryimage\"},\"thumbnailUrl\":\"https:\\\/\\\/powered-by.qbank.se\\\/educatius\\\/sts\\\/\\\/d892cfee412f049ca3da7ada13bcf9ff_1-1-thumb.webp\",\"datePublished\":\"2025-12-16T10:25:18+00:00\",\"dateModified\":\"2026-04-01T01:36:41+00:00\",\"description\":\"Om du har fr\u00e5gor om studier utomlands \u00e4r du alltid varmt v\u00e4lkommen att kontakta oss. Vi hj\u00e4lper g\u00e4rna till och finns h\u00e4r f\u00f6r att svara p\u00e5 alla dina fr\u00e5gor.\",\"breadcrumb\":{\"@id\":\"https:\\\/\\\/www.sts-education.com\\\/se\\\/om-sts\\\/kontakta-oss\\\/#breadcrumb\"},\"inLanguage\":\"sv-SE\",\"potentialAction\":[{\"@type\":\"ReadAction\",\"target\":[\"https:\\\/\\\/www.sts-education.com\\\/se\\\/om-sts\\\/kontakta-oss\\\/\"]}]},{\"@type\":\"ImageObject\",\"inLanguage\":\"sv-SE\",\"@id\":\"https:\\\/\\\/www.sts-education.com\\\/se\\\/om-sts\\\/kontakta-oss\\\/#primaryimage\",\"url\":\"https:\\\/\\\/powered-by.qbank.se\\\/educatius\\\/sts\\\/\\\/d892cfee412f049ca3da7ada13bcf9ff_1-1-thumb.webp\",\"contentUrl\":\"https:\\\/\\\/powered-by.qbank.se\\\/educatius\\\/sts\\\/\\\/d892cfee412f049ca3da7ada13bcf9ff_1-1-thumb.webp\",\"width\":150,\"height\":150},{\"@type\":\"BreadcrumbList\",\"@id\":\"https:\\\/\\\/www.sts-education.com\\\/se\\\/om-sts\\\/kontakta-oss\\\/#breadcrumb\",\"itemListElement\":[{\"@type\":\"ListItem\",\"position\":1,\"name\":\"Home\",\"item\":\"https:\\\/\\\/www.sts-education.com\\\/se\\\/\"},{\"@type\":\"ListItem\",\"position\":2,\"name\":\"Om Sts\",\"item\":\"https:\\\/\\\/www.sts-education.com\\\/se\\\/om-sts\\\/\"},{\"@type\":\"ListItem\",\"position\":3,\"name\":\"Kontakta Oss\"}]},{\"@type\":\"WebSite\",\"@id\":\"https:\\\/\\\/www.sts-education.com\\\/se\\\/#website\",\"url\":\"https:\\\/\\\/www.sts-education.com\\\/se\\\/\",\"name\":\"STS Education\",\"description\":\"\",\"potentialAction\":[{\"@type\":\"SearchAction\",\"target\":{\"@type\":\"EntryPoint\",\"urlTemplate\":\"https:\\\/\\\/www.sts-education.com\\\/se\\\/?s={search_term_string}\"},\"query-input\":{\"@type\":\"PropertyValueSpecification\",\"valueRequired\":true,\"valueName\":\"search_term_string\"}}],\"inLanguage\":\"sv-SE\"}]}<\/script>\n<!-- \/ Yoast SEO Premium plugin. -->","yoast_head_json":{"title":"Kontakta oss h\u00e4r | STS","description":"Om du har fr\u00e5gor om studier utomlands \u00e4r du alltid varmt v\u00e4lkommen att kontakta oss. Vi hj\u00e4lper g\u00e4rna till och finns h\u00e4r f\u00f6r att svara p\u00e5 alla dina fr\u00e5gor.","robots":{"index":"index","follow":"follow","max-snippet":"max-snippet:-1","max-image-preview":"max-image-preview:large","max-video-preview":"max-video-preview:-1"},"canonical":"https:\/\/www.sts-education.com\/se\/om-sts\/kontakta-oss\/","og_locale":"sv_SE","og_type":"article","og_title":"Kontakta Oss","og_description":"Om du har fr\u00e5gor om studier utomlands \u00e4r du alltid varmt v\u00e4lkommen att kontakta oss. Vi hj\u00e4lper g\u00e4rna till och finns h\u00e4r f\u00f6r att svara p\u00e5 alla dina fr\u00e5gor.","og_url":"https:\/\/www.sts-education.com\/se\/om-sts\/kontakta-oss\/","og_site_name":"STS Education","article_modified_time":"2026-04-01T01:36:41+00:00","og_image":[{"width":150,"height":150,"url":"https:\/\/powered-by.qbank.se\/educatius\/sts\/\/d892cfee412f049ca3da7ada13bcf9ff_1-1-thumb.webp","type":"image\/jpeg"}],"twitter_card":"summary_large_image","twitter_misc":{"Ber\u00e4knad l\u00e4stid":"1 minut"},"schema":{"@context":"https:\/\/schema.org","@graph":[{"@type":"WebPage","@id":"https:\/\/www.sts-education.com\/se\/om-sts\/kontakta-oss\/","url":"https:\/\/www.sts-education.com\/se\/om-sts\/kontakta-oss\/","name":"Kontakta oss h\u00e4r | STS","isPartOf":{"@id":"https:\/\/www.sts-education.com\/se\/#website"},"primaryImageOfPage":{"@id":"https:\/\/www.sts-education.com\/se\/om-sts\/kontakta-oss\/#primaryimage"},"image":{"@id":"https:\/\/www.sts-education.com\/se\/om-sts\/kontakta-oss\/#primaryimage"},"thumbnailUrl":"https:\/\/powered-by.qbank.se\/educatius\/sts\/\/d892cfee412f049ca3da7ada13bcf9ff_1-1-thumb.webp","datePublished":"2025-12-16T10:25:18+00:00","dateModified":"2026-04-01T01:36:41+00:00","description":"Om du har fr\u00e5gor om studier utomlands \u00e4r du alltid varmt v\u00e4lkommen att kontakta oss. Vi hj\u00e4lper g\u00e4rna till och finns h\u00e4r f\u00f6r att svara p\u00e5 alla dina fr\u00e5gor.","breadcrumb":{"@id":"https:\/\/www.sts-education.com\/se\/om-sts\/kontakta-oss\/#breadcrumb"},"inLanguage":"sv-SE","potentialAction":[{"@type":"ReadAction","target":["https:\/\/www.sts-education.com\/se\/om-sts\/kontakta-oss\/"]}]},{"@type":"ImageObject","inLanguage":"sv-SE","@id":"https:\/\/www.sts-education.com\/se\/om-sts\/kontakta-oss\/#primaryimage","url":"https:\/\/powered-by.qbank.se\/educatius\/sts\/\/d892cfee412f049ca3da7ada13bcf9ff_1-1-thumb.webp","contentUrl":"https:\/\/powered-by.qbank.se\/educatius\/sts\/\/d892cfee412f049ca3da7ada13bcf9ff_1-1-thumb.webp","width":150,"height":150},{"@type":"BreadcrumbList","@id":"https:\/\/www.sts-education.com\/se\/om-sts\/kontakta-oss\/#breadcrumb","itemListElement":[{"@type":"ListItem","position":1,"name":"Home","item":"https:\/\/www.sts-education.com\/se\/"},{"@type":"ListItem","position":2,"name":"Om Sts","item":"https:\/\/www.sts-education.com\/se\/om-sts\/"},{"@type":"ListItem","position":3,"name":"Kontakta Oss"}]},{"@type":"WebSite","@id":"https:\/\/www.sts-education.com\/se\/#website","url":"https:\/\/www.sts-education.com\/se\/","name":"STS Education","description":"","potentialAction":[{"@type":"SearchAction","target":{"@type":"EntryPoint","urlTemplate":"https:\/\/www.sts-education.com\/se\/?s={search_term_string}"},"query-input":{"@type":"PropertyValueSpecification","valueRequired":true,"valueName":"search_term_string"}}],"inLanguage":"sv-SE"}]}},"_links":{"self":[{"href":"https:\/\/www.sts-education.com\/se\/wp-json\/wp\/v2\/pages\/10221","targetHints":{"allow":["GET"]}}],"collection":[{"href":"https:\/\/www.sts-education.com\/se\/wp-json\/wp\/v2\/pages"}],"about":[{"href":"https:\/\/www.sts-education.com\/se\/wp-json\/wp\/v2\/types\/page"}],"author":[{"embeddable":true,"href":"https:\/\/www.sts-education.com\/se\/wp-json\/wp\/v2\/users\/20"}],"replies":[{"embeddable":true,"href":"https:\/\/www.sts-education.com\/se\/wp-json\/wp\/v2\/comments?post=10221"}],"version-history":[{"count":2,"href":"https:\/\/www.sts-education.com\/se\/wp-json\/wp\/v2\/pages\/10221\/revisions"}],"predecessor-version":[{"id":20312,"href":"https:\/\/www.sts-education.com\/se\/wp-json\/wp\/v2\/pages\/10221\/revisions\/20312"}],"up":[{"embeddable":true,"href":"https:\/\/www.sts-education.com\/se\/wp-json\/wp\/v2\/pages\/10208"}],"wp:featuredmedia":[{"embeddable":true,"href":"https:\/\/www.sts-education.com\/se\/wp-json\/wp\/v2\/media\/16172"}],"wp:attachment":[{"href":"https:\/\/www.sts-education.com\/se\/wp-json\/wp\/v2\/media?parent=10221"}],"wp:term":[{"taxonomy":"wpw_page_folders","embeddable":true,"href":"https:\/\/www.sts-education.com\/se\/wp-json\/wp\/v2\/wpw_page_folders?post=10221"}],"curies":[{"name":"wp","href":"https:\/\/api.w.org\/{rel}","templated":true}]}}