{"id":10223,"date":"2025-12-16T10:22:10","date_gmt":"2025-12-16T10:22:10","guid":{"rendered":"https:\/\/preprod.sts-education.com\/om-sts\/varfor-valja-sts\/"},"modified":"2026-04-15T09:43:58","modified_gmt":"2026-04-15T09:43:58","slug":"varfor-valja-sts","status":"publish","type":"page","link":"https:\/\/www.sts-education.com\/se\/om-sts\/varfor-valja-sts\/","title":{"rendered":"Varfor Valja Sts"},"content":{"rendered":"\n<section class=\"wp-block-sts-hero sts-block-hero is-variant-full-background has-text-light has-background-media\" style=\"--sts-hero-padding-mobile:0px;--sts-hero-padding-desktop:0px;--sts-hero-text-color:var(--wp--preset--color--base-10, #fff);\" data-variant=\"full-background\"><div class=\"sts-block-hero__background\"><picture class=\"sts-responsive-image has-fit-cover is-skeleton\"><img src=\"https:\/\/cdn.sts-education.com\/12800_hero_lg_xl.jpg\" alt=\"Varf\u00f6r v\u00e4lja STS?\" loading=\"lazy\" decoding=\"async\" fetchpriority=\"low\" sizes=\"100vw\" \/><\/picture><span class=\"sts-block-hero__overlay\" aria-hidden=\"true\"><\/span><\/div><div class=\"sts-block-hero__inner\"><div class=\"sts-block-hero__content has-align-center\"><div class=\"sts-block-hero__content-inner\"><h1 class=\"sts-block-hero__heading\">Varf\u00f6r v\u00e4lja STS?<\/h1><\/div><\/div><\/div><\/section>\n\n\n\n<section class=\"wp-block-sts-video sts-block-video sts-block-video--landscape has-max-width-lg\"><div class=\"sts-video sts-video--landscape\"><div class=\"sts-video__handler\"><button type=\"button\" class=\"sts-video__play-button\" aria-label=\"Play video\" aria-pressed=\"false\" data-playing=\"false\"><span class=\"sts-video__play-icon\"><img decoding=\"async\" class=\"play-icon\" src=\"data:image\/svg+xml,%3csvg%20width='32'%20height='32'%20viewBox='0%200%2032%2032'%20fill='none'%20xmlns='http:\/\/www.w3.org\/2000\/svg'%3e%3cmask%20id='mask0_2459_8201'%20style='mask-type:alpha'%20maskUnits='userSpaceOnUse'%20x='0'%20y='0'%20width='32'%20height='32'%3e%3crect%20width='32'%20height='32'%20fill='%23D9D9D9'\/%3e%3c\/mask%3e%3cg%20mask='url(%23mask0_2459_8201)'%3e%3cpath%20d='M10.667%2022.8999V9.09993C10.667%208.72216%2010.8003%208.40549%2011.067%208.14993C11.3337%207.89438%2011.6448%207.7666%2012.0003%207.7666C12.1114%207.7666%2012.2281%207.78327%2012.3503%207.8166C12.4725%207.84993%2012.5892%207.89993%2012.7003%207.9666L23.567%2014.8666C23.767%2014.9999%2023.917%2015.1666%2024.017%2015.3666C24.117%2015.5666%2024.167%2015.7777%2024.167%2015.9999C24.167%2016.2222%2024.117%2016.4333%2024.017%2016.6333C23.917%2016.8333%2023.767%2016.9999%2023.567%2017.1333L12.7003%2024.0333C12.5892%2024.0999%2012.4725%2024.1499%2012.3503%2024.1833C12.2281%2024.2166%2012.1114%2024.2333%2012.0003%2024.2333C11.6448%2024.2333%2011.3337%2024.1055%2011.067%2023.8499C10.8003%2023.5944%2010.667%2023.2777%2010.667%2022.8999Z'%20fill='black'\/%3e%3c\/g%3e%3c\/svg%3e\" alt=\"\" aria-hidden=\"true\"\/><img decoding=\"async\" class=\"pause-icon\" src=\"data:image\/svg+xml,%3csvg%20width='32'%20height='32'%20viewBox='0%200%2032%2032'%20fill='none'%20xmlns='http:\/\/www.w3.org\/2000\/svg'%3e%3cmask%20id='mask0_pause'%20style='mask-type:alpha'%20maskUnits='userSpaceOnUse'%20x='0'%20y='0'%20width='32'%20height='32'%3e%3crect%20width='32'%20height='32'%20fill='%23D9D9D9'\/%3e%3c\/mask%3e%3cg%20mask='url(%23mask0_pause)'%3e%3c!--%20Left%20bar%20--%3e%3crect%20x='10'%20y='8'%20width='4'%20height='16'%20rx='1'%20fill='black'\/%3e%3c!--%20Right%20bar%20--%3e%3crect%20x='18'%20y='8'%20width='4'%20height='16'%20rx='1'%20fill='black'\/%3e%3c\/g%3e%3c\/svg%3e\" alt=\"\" aria-hidden=\"true\"\/><\/span><\/button><strong class=\"sts-video__duration\" data-duration-prefix=\"Video duration:\" data-unit-second=\"second\" data-unit-seconds=\"seconds\" data-unit-minute=\"minute\" data-unit-minutes=\"minutes\" aria-label=\"Video duration: 1.0 minute\">1.0 min<\/strong><\/div><div class=\"sts-video__media\" data-video-source=\"youtube\" data-video-url=\"\"><div class=\"sts-video__external-shell\" data-embed-url=\"https:\/\/www.youtube.com\/embed\/u1v1b2rVGb4?rel=0&amp;controls=1&amp;modestbranding=1&amp;playsinline=1&amp;enablejsapi=1&amp;autoplay=0&amp;origin=https%3A%2F%2Fwww.sts-education.com\"><iframe class=\"sts-video__iframe\" src=\"https:\/\/www.youtube.com\/embed\/u1v1b2rVGb4?rel=0&amp;controls=1&amp;modestbranding=1&amp;playsinline=1&amp;enablejsapi=1&amp;autoplay=0&amp;origin=https%3A%2F%2Fwww.sts-education.com\" title=\"Video poster\nheading\" allow=\"autoplay; fullscreen\" allowfullscreen loading=\"lazy\" data-provider=\"youtube\" data-embed-url=\"https:\/\/www.youtube.com\/embed\/u1v1b2rVGb4?rel=0&amp;controls=1&amp;modestbranding=1&amp;playsinline=1&amp;enablejsapi=1&amp;autoplay=0&amp;origin=https%3A%2F%2Fwww.sts-education.com\"><\/iframe><\/div><\/div><\/div><\/section>\n\n\n\n<div class=\"wp-block-sts-text sts-text-editor has-max-width-md\"><div class=\"sts-text-editor__content\"><div class=\"sts-text-editor__content-inner\">\n<h2>Du kommer att vara v\u00e5r h\u00f6gsta prioritet!<\/h2>\n\n<p>Vi gillar att vara personliga. Vi k\u00e4nner v\u00e5ra studenter vid namn och kommer att f\u00f6lja dig p\u00e5 din resa fr\u00e5n b\u00f6rjan till slut. Vi engagerar oss i din upplevelse, ditt v\u00e4lbefinnande och din framtid, och v\u00e5rt m\u00e5l \u00e4r att hj\u00e4lpa dig att n\u00e5 din fulla potential.<\/p>\n\n<h2>Din resa \u00e4r v\u00e5r passion<\/h2>\n\n<p>Det h\u00e4r \u00e4r inte ett jobb f\u00f6r oss &#8211; det \u00e4r en passion, en livsstil. N\u00e4stan alla p\u00e5 STS har studerat eller arbetat utomlands. Vi g\u00f6r det f\u00f6r att vi \u00e4lskar det. Vi \u00e4lskar hur det f\u00e5r dig att v\u00e4xa som person, hur det \u00f6kar din f\u00f6rst\u00e5else f\u00f6r andra kulturer och inte minst hur fantastiskt roligt du har p\u00e5 v\u00e4gen! Och vi \u00e4lskar att ge dig den upplevelsen.<\/p>\n\n<h2>Du kommer att vara trygg<\/h2>\n\n<p>Din s\u00e4kerhet \u00e4r avg\u00f6rande f\u00f6r oss. Vi ser till att du k\u00e4nner dig st\u00f6ttad och omh\u00e4ndertagen under hela din resa. Tillsammans med v\u00e5rt globala n\u00e4tverk av handplockade skolor, v\u00e4rdfamiljer, partners och lokal personal arbetar vi f\u00f6r att s\u00e4kerst\u00e4lla ditt v\u00e4lbefinnande i varje skede. Vi tar hand om detaljerna s\u00e5 att du inte beh\u00f6ver g\u00f6ra det.<\/p>\n\n<h2>Du kan dra nytta av v\u00e5r l\u00e5nga erfarenhet<\/h2>\n\n<p>Vi har funnits sedan 1958 och \u00f6ver 1 200 000 studenter har rest med oss sedan dess. Vi har f\u00f6rverkligat dr\u00f6mmar varje dag i \u00f6ver 60 \u00e5r, s\u00e5 vi vet vad vi g\u00f6r.<\/p>\n\n<h3>Student Stories<\/h3>\n\n<p>Kolla g\u00e4rna in v\u00e5ra <a href=\"https:\/\/www.sts-education.com\/se\/high-school\/vara-utbytesstudenter\/studentberattelser\/\">Student Stories<\/a> ocks\u00e5. D\u00e4r kan du se hur v\u00e5ra studenter har haft det, eller f\u00f6lj oss p\u00e5 <a href=\"https:\/\/www.instagram.com\/stsworldwide\/\" target=\"_blank\" rel=\"noopener noreferrer\">Instagram<\/a> och <a href=\"https:\/\/www.tiktok.com\/@stsworldwide\" target=\"_blank\" rel=\"noopener noreferrer\">TikTok<\/a> f\u00f6r att f\u00e5 uppdateringar varje dag direkt fr\u00e5n dem.<\/p>\n<\/div><\/div><\/div>\n","protected":false},"excerpt":{"rendered":"","protected":false},"author":20,"featured_media":0,"parent":10208,"menu_order":0,"comment_status":"closed","ping_status":"closed","template":"templates\/template-default-with-breadcrumbs.php","meta":{"_acf_changed":false,"sts_page_background_color":"","footnotes":""},"wpw_page_folders":[77],"class_list":["post-10223","page","type-page","status-publish","hentry"],"acf":[],"yoast_head":"<!-- This site is optimized with the Yoast SEO Premium plugin v27.2 (Yoast SEO v27.3) - https:\/\/yoast.com\/product\/yoast-seo-premium-wordpress\/ -->\n<title>Varf\u00f6r v\u00e4lja STS?<\/title>\n<meta name=\"description\" content=\"Vi har m\u00e5nga \u00e5rs erfarenhet inom spr\u00e5kresor och utbytes\u00e5r. V\u00e4lj mellan flera olika destinationer.\" \/>\n<meta name=\"robots\" content=\"index, follow, max-snippet:-1, max-image-preview:large, max-video-preview:-1\" \/>\n<link rel=\"canonical\" href=\"https:\/\/www.sts-education.com\/se\/om-sts\/varfor-valja-sts\/\" \/>\n<meta property=\"og:locale\" content=\"sv_SE\" \/>\n<meta property=\"og:type\" content=\"article\" \/>\n<meta property=\"og:title\" content=\"Varfor Valja Sts\" \/>\n<meta property=\"og:description\" content=\"Vi har m\u00e5nga \u00e5rs erfarenhet inom spr\u00e5kresor och utbytes\u00e5r. V\u00e4lj mellan flera olika destinationer.\" \/>\n<meta property=\"og:url\" content=\"https:\/\/www.sts-education.com\/se\/om-sts\/varfor-valja-sts\/\" \/>\n<meta property=\"og:site_name\" content=\"STS Education\" \/>\n<meta property=\"article:modified_time\" content=\"2026-04-15T09:43:58+00:00\" \/>\n<meta property=\"og:image\" content=\"https:\/\/cdn.sts-education.com\/12800_hero_lg_xl.jpg\" \/>\n<meta name=\"twitter:card\" content=\"summary_large_image\" \/>\n<meta name=\"twitter:label1\" content=\"Ber\u00e4knad l\u00e4stid\" \/>\n\t<meta name=\"twitter:data1\" content=\"2 minuter\" \/>\n<script type=\"application\/ld+json\" class=\"yoast-schema-graph\">{\"@context\":\"https:\\\/\\\/schema.org\",\"@graph\":[{\"@type\":\"WebPage\",\"@id\":\"https:\\\/\\\/www.sts-education.com\\\/se\\\/om-sts\\\/varfor-valja-sts\\\/\",\"url\":\"https:\\\/\\\/www.sts-education.com\\\/se\\\/om-sts\\\/varfor-valja-sts\\\/\",\"name\":\"Varf\u00f6r v\u00e4lja STS?\",\"isPartOf\":{\"@id\":\"https:\\\/\\\/www.sts-education.com\\\/se\\\/#website\"},\"primaryImageOfPage\":{\"@id\":\"https:\\\/\\\/www.sts-education.com\\\/se\\\/om-sts\\\/varfor-valja-sts\\\/#primaryimage\"},\"image\":{\"@id\":\"https:\\\/\\\/www.sts-education.com\\\/se\\\/om-sts\\\/varfor-valja-sts\\\/#primaryimage\"},\"thumbnailUrl\":\"https:\\\/\\\/cdn.sts-education.com\\\/12800_hero_lg_xl.jpg\",\"datePublished\":\"2025-12-16T10:22:10+00:00\",\"dateModified\":\"2026-04-15T09:43:58+00:00\",\"description\":\"Vi har m\u00e5nga \u00e5rs erfarenhet inom spr\u00e5kresor och utbytes\u00e5r. V\u00e4lj mellan flera olika destinationer.\",\"breadcrumb\":{\"@id\":\"https:\\\/\\\/www.sts-education.com\\\/se\\\/om-sts\\\/varfor-valja-sts\\\/#breadcrumb\"},\"inLanguage\":\"sv-SE\",\"potentialAction\":[{\"@type\":\"ReadAction\",\"target\":[\"https:\\\/\\\/www.sts-education.com\\\/se\\\/om-sts\\\/varfor-valja-sts\\\/\"]}]},{\"@type\":\"ImageObject\",\"inLanguage\":\"sv-SE\",\"@id\":\"https:\\\/\\\/www.sts-education.com\\\/se\\\/om-sts\\\/varfor-valja-sts\\\/#primaryimage\",\"url\":\"https:\\\/\\\/cdn.sts-education.com\\\/12800_hero_lg_xl.jpg\",\"contentUrl\":\"https:\\\/\\\/cdn.sts-education.com\\\/12800_hero_lg_xl.jpg\"},{\"@type\":\"BreadcrumbList\",\"@id\":\"https:\\\/\\\/www.sts-education.com\\\/se\\\/om-sts\\\/varfor-valja-sts\\\/#breadcrumb\",\"itemListElement\":[{\"@type\":\"ListItem\",\"position\":1,\"name\":\"Home\",\"item\":\"https:\\\/\\\/www.sts-education.com\\\/se\\\/\"},{\"@type\":\"ListItem\",\"position\":2,\"name\":\"Om Sts\",\"item\":\"https:\\\/\\\/www.sts-education.com\\\/se\\\/om-sts\\\/\"},{\"@type\":\"ListItem\",\"position\":3,\"name\":\"Varfor Valja Sts\"}]},{\"@type\":\"WebSite\",\"@id\":\"https:\\\/\\\/www.sts-education.com\\\/se\\\/#website\",\"url\":\"https:\\\/\\\/www.sts-education.com\\\/se\\\/\",\"name\":\"STS Education\",\"description\":\"\",\"potentialAction\":[{\"@type\":\"SearchAction\",\"target\":{\"@type\":\"EntryPoint\",\"urlTemplate\":\"https:\\\/\\\/www.sts-education.com\\\/se\\\/?s={search_term_string}\"},\"query-input\":{\"@type\":\"PropertyValueSpecification\",\"valueRequired\":true,\"valueName\":\"search_term_string\"}}],\"inLanguage\":\"sv-SE\"}]}<\/script>\n<!-- \/ Yoast SEO Premium plugin. -->","yoast_head_json":{"title":"Varf\u00f6r v\u00e4lja STS?","description":"Vi har m\u00e5nga \u00e5rs erfarenhet inom spr\u00e5kresor och utbytes\u00e5r. V\u00e4lj mellan flera olika destinationer.","robots":{"index":"index","follow":"follow","max-snippet":"max-snippet:-1","max-image-preview":"max-image-preview:large","max-video-preview":"max-video-preview:-1"},"canonical":"https:\/\/www.sts-education.com\/se\/om-sts\/varfor-valja-sts\/","og_locale":"sv_SE","og_type":"article","og_title":"Varfor Valja Sts","og_description":"Vi har m\u00e5nga \u00e5rs erfarenhet inom spr\u00e5kresor och utbytes\u00e5r. V\u00e4lj mellan flera olika destinationer.","og_url":"https:\/\/www.sts-education.com\/se\/om-sts\/varfor-valja-sts\/","og_site_name":"STS Education","article_modified_time":"2026-04-15T09:43:58+00:00","og_image":[{"url":"https:\/\/cdn.sts-education.com\/12800_hero_lg_xl.jpg","type":"","width":"","height":""}],"twitter_card":"summary_large_image","twitter_misc":{"Ber\u00e4knad l\u00e4stid":"2 minuter"},"schema":{"@context":"https:\/\/schema.org","@graph":[{"@type":"WebPage","@id":"https:\/\/www.sts-education.com\/se\/om-sts\/varfor-valja-sts\/","url":"https:\/\/www.sts-education.com\/se\/om-sts\/varfor-valja-sts\/","name":"Varf\u00f6r v\u00e4lja STS?","isPartOf":{"@id":"https:\/\/www.sts-education.com\/se\/#website"},"primaryImageOfPage":{"@id":"https:\/\/www.sts-education.com\/se\/om-sts\/varfor-valja-sts\/#primaryimage"},"image":{"@id":"https:\/\/www.sts-education.com\/se\/om-sts\/varfor-valja-sts\/#primaryimage"},"thumbnailUrl":"https:\/\/cdn.sts-education.com\/12800_hero_lg_xl.jpg","datePublished":"2025-12-16T10:22:10+00:00","dateModified":"2026-04-15T09:43:58+00:00","description":"Vi har m\u00e5nga \u00e5rs erfarenhet inom spr\u00e5kresor och utbytes\u00e5r. V\u00e4lj mellan flera olika destinationer.","breadcrumb":{"@id":"https:\/\/www.sts-education.com\/se\/om-sts\/varfor-valja-sts\/#breadcrumb"},"inLanguage":"sv-SE","potentialAction":[{"@type":"ReadAction","target":["https:\/\/www.sts-education.com\/se\/om-sts\/varfor-valja-sts\/"]}]},{"@type":"ImageObject","inLanguage":"sv-SE","@id":"https:\/\/www.sts-education.com\/se\/om-sts\/varfor-valja-sts\/#primaryimage","url":"https:\/\/cdn.sts-education.com\/12800_hero_lg_xl.jpg","contentUrl":"https:\/\/cdn.sts-education.com\/12800_hero_lg_xl.jpg"},{"@type":"BreadcrumbList","@id":"https:\/\/www.sts-education.com\/se\/om-sts\/varfor-valja-sts\/#breadcrumb","itemListElement":[{"@type":"ListItem","position":1,"name":"Home","item":"https:\/\/www.sts-education.com\/se\/"},{"@type":"ListItem","position":2,"name":"Om Sts","item":"https:\/\/www.sts-education.com\/se\/om-sts\/"},{"@type":"ListItem","position":3,"name":"Varfor Valja Sts"}]},{"@type":"WebSite","@id":"https:\/\/www.sts-education.com\/se\/#website","url":"https:\/\/www.sts-education.com\/se\/","name":"STS Education","description":"","potentialAction":[{"@type":"SearchAction","target":{"@type":"EntryPoint","urlTemplate":"https:\/\/www.sts-education.com\/se\/?s={search_term_string}"},"query-input":{"@type":"PropertyValueSpecification","valueRequired":true,"valueName":"search_term_string"}}],"inLanguage":"sv-SE"}]}},"_links":{"self":[{"href":"https:\/\/www.sts-education.com\/se\/wp-json\/wp\/v2\/pages\/10223","targetHints":{"allow":["GET"]}}],"collection":[{"href":"https:\/\/www.sts-education.com\/se\/wp-json\/wp\/v2\/pages"}],"about":[{"href":"https:\/\/www.sts-education.com\/se\/wp-json\/wp\/v2\/types\/page"}],"author":[{"embeddable":true,"href":"https:\/\/www.sts-education.com\/se\/wp-json\/wp\/v2\/users\/20"}],"replies":[{"embeddable":true,"href":"https:\/\/www.sts-education.com\/se\/wp-json\/wp\/v2\/comments?post=10223"}],"version-history":[{"count":6,"href":"https:\/\/www.sts-education.com\/se\/wp-json\/wp\/v2\/pages\/10223\/revisions"}],"predecessor-version":[{"id":35754,"href":"https:\/\/www.sts-education.com\/se\/wp-json\/wp\/v2\/pages\/10223\/revisions\/35754"}],"up":[{"embeddable":true,"href":"https:\/\/www.sts-education.com\/se\/wp-json\/wp\/v2\/pages\/10208"}],"wp:attachment":[{"href":"https:\/\/www.sts-education.com\/se\/wp-json\/wp\/v2\/media?parent=10223"}],"wp:term":[{"taxonomy":"wpw_page_folders","embeddable":true,"href":"https:\/\/www.sts-education.com\/se\/wp-json\/wp\/v2\/wpw_page_folders?post=10223"}],"curies":[{"name":"wp","href":"https:\/\/api.w.org\/{rel}","templated":true}]}}