{"id":10227,"date":"2019-03-12T11:16:57","date_gmt":"2019-03-12T11:16:57","guid":{"rendered":"https:\/\/preprod.sts-education.com\/vardfamilj\/lar-kanna-vara-elever\/"},"modified":"2026-04-15T13:19:07","modified_gmt":"2026-04-15T13:19:07","slug":"lar-kanna-vara-elever","status":"publish","type":"page","link":"https:\/\/www.sts-education.com\/se\/vardfamilj\/lar-kanna-vara-elever\/","title":{"rendered":"L\u00e4r k\u00e4nna v\u00e5ra elever"},"content":{"rendered":"\n<section class=\"wp-block-sts-hero sts-block-hero sts-block-hero is-variant-full-background has-text-light has-background-media\" style=\"--sts-hero-padding-mobile:0px;--sts-hero-padding-desktop:0px;--sts-hero-text-color:var(--wp--preset--color--base-10, #fff)\" data-variant=\"full-background\"><div class=\"sts-block-hero__background\"><picture class=\"sts-responsive-image has-pos-center is-skeleton\"><img src=\"https:\/\/cdn.sts-education.com\/11167_hero_lg_xl.jpg\" alt=\"L\u00e4r k\u00e4nna v\u00e5ra elever\" loading=\"lazy\" decoding=\"async\" fetchpriority=\"low\" sizes=\"(max-width: 640px) max(100vw, calc(clamp(320px, 100vh, 720px) * 9 \/ 16)), (max-width: 840px) max(100vw, calc(clamp(320px, 100vh, 720px) * 1 \/ 1)), max(100vw, calc(clamp(320px, 100vh, 720px) * 16 \/ 9))\" style=\"object-position:center\"\/><\/picture><span class=\"sts-block-hero__overlay\" aria-hidden=\"true\"><\/span><\/div><div class=\"sts-block-hero__inner\"><div class=\"sts-block-hero__content has-align-center\"><div class=\"sts-block-hero__content-inner\"><h1 class=\"sts-block-hero__heading\">L\u00e4r k\u00e4nna v\u00e5ra elever<\/h1><\/div><\/div><\/div><\/section>\n\n\n\n<div class=\"wp-block-sts-text sts-text-editor has-max-width-md\"><div class=\"sts-text-editor__content\"><div class=\"sts-text-editor__content-inner\">\n<p>Har du, eller kanske n\u00e5gon du k\u00e4nner, hj\u00e4rtat p\u00e5 r\u00e4tt plats och vill v\u00e4lkomna en utbyteselev till ditt hem? Vi s\u00f6ker engagerade familjer till v\u00e5ra utbyteselever som kommer till Sverige fr\u00e5n hela v\u00e4rlden. <a href=\"\/se\/vardfamilj\/darfor-ska-ni-bli-vardfamilj\/intresseanmalan\/\">Anm\u00e4l ditt intresse<\/a> om att bli v\u00e4rdfamilj h\u00e4r. Sj\u00e4lvklart \u00e4r anm\u00e4lan inte bindande.<\/p>\n<p>Till h\u00f6sten kommer v\u00e5ra nya studenter till Sverige fr\u00e5n till exempel USA, Tyskland och Italien. Sj\u00e4lvklart f\u00e5r du som v\u00e4rdfamilj v\u00e4lja vilken elev du vill bjuda hem till dig, s\u00e5 passa p\u00e5 att l\u00e4sa mer och l\u00e4r k\u00e4nna studenterna f\u00f6r att se om n\u00e5gon av dom passar i just din familj!<\/p>\n<p>Anm\u00e4l dig g\u00e4rna ocks\u00e5 till ett av v\u00e5ra <a href=\"\/se\/vardfamilj\/darfor-ska-ni-bli-vardfamilj\/informationsmoten\/\">webinar<\/a> d\u00e4r vi ber\u00e4ttar mer om hur det \u00e4r att vara v\u00e4rdfamilj. Du kan ocks\u00e5 l\u00e4sa v\u00e5ra <a href=\"\/se\/vardfamilj\/faq\/\">fr\u00e5gor och svar<\/a> samt l\u00e4s om hur <a href=\"\/se\/vardfamilj\/family-stories\/tidigare-vardfamiljer-berattar\/\">v\u00e5ra tidigare v\u00e4rdfamiljer<\/a> har upplevt sitt \u00e5r med en utbytesstudent hemma.<\/p>\n<h3>Annika \u00e4r f\u00f6dd 2010 och kommer fr\u00e5n Tyskland.<\/h3>\n<p>Hon kommer i augusti 2026 och stannar under ett l\u00e4s\u00e5r. Intressen \u00e4r bl. a simning, musik (spelar fl\u00f6jt i tv\u00e5 orkestrar), spr\u00e5k och b\u00f6cker.<\/p>\n<h3>Ava \u00e4r f\u00f6dd 2010 och kommer fr\u00e5n Tyskland.<\/h3>\n<p>Hon kommer i augusti 2026 och stannar under en termin . Intressen \u00e4r bl. a musik (sjunger), b\u00f6cker, dans, bakning och sociala aktiviteter.<\/p>\n<h3>Dennis \u00e4r f\u00f6dd 2009 och kommer fr\u00e5n Italien.<\/h3>\n<p>Han kommer i augusti 2026 och stannar under ett l\u00e4s\u00e5r . Intressen \u00e4r bl. a utomhusaktiviteter (medlem i scouterna sedan 2018), musik (spelar cello i skolorkestern), skateboard (free style) och matlagning.<\/p>\n<h3>Elodie \u00e4r f\u00f6dd 2010 och kommer fr\u00e5n Tyskland.<\/h3>\n<p>Hon kommer i augusti 2026 och stannar under en termin . Intressen \u00e4r bl. a dans, teckna\/m\u00e5la och musik (spelar piano). Elodie \u00e4r vegetarian och allergisk mot katt och hund.<\/p>\n<h3>Emie \u00e4r f\u00f6dd 2009 och kommer fr\u00e5n Italien.<\/h3>\n<p>Hon kommer i augusti 2026 och stannar under ett l\u00e4s\u00e5r . Intressen \u00e4r bl. a bakning, musik (sjunger), volleyboll och sociala aktiviteter.<\/p>\n<h3>Hannah \u00e4r f\u00f6dd 2010 och kommer fr\u00e5n Tyskland.<\/h3>\n<p>Hon kommer i augusti 2026 och stannar under ett l\u00e4s\u00e5r . Intressen \u00e4r bl. a dans, l\u00f6pning, bakning och sociala aktiviteter.<\/p>\n<h3>Jenny \u00e4r f\u00f6dd 2009 och kommer fr\u00e5n Italien.<\/h3>\n<p>Hon kommer i augusti 2026 och stannar under ett l\u00e4s\u00e5r . Intressen \u00e4r bl. a musik (spelar gitarr och sjunger), b\u00f6cker, filmer och teckna\/m\u00e5la.<\/p>\n<h3>Lara \u00e4r f\u00f6dd 2009 och kommer fr\u00e5n Tyskland.<\/h3>\n<p>Hon kommer i augusti 2026 och stannar under ett l\u00e4s\u00e5r . Intressen \u00e4r bl. a volleyboll, b\u00f6cker, bakning och arkitektur.<\/p>\n<h3>Larissa \u00e4r f\u00f6dd 2010 och kommer fr\u00e5n Tyskland.<\/h3>\n<p>Hon kommer i augusti 2026 och stannar under ett l\u00e4s\u00e5r . Intressen \u00e4r bl. a tennis, teckna\/m\u00e5la, spr\u00e5k, bakning och shopping.<\/p>\n<h3>Lennard \u00e4r f\u00f6dd 2010 och kommer fr\u00e5n Tyskland.<\/h3>\n<p>Han kommer i augusti 2026 och stannar under ett l\u00e4s\u00e5r. Intressen \u00e4r bl. a musik (spelar trombon i orkester), s\u00e4llskapsspel, tennis, datorer och b\u00f6cker.<\/p>\n<h3>Luzia \u00e4r f\u00f6dd 2009 och kommer fr\u00e5n Tyskland.<\/h3>\n<p>Hon kommer i augusti 2026 och stannar under ett l\u00e4s\u00e5r . Intressen \u00e4r bl. a friidrott, dans, musik (sjunger), bakning och skid\u00e5kning. Luzia \u00e4r vegetarian.<\/p>\n<h3>Miroslav \u00e4r f\u00f6dd 2010 och kommer fr\u00e5n Slovakien.<\/h3>\n<p>Han kommer i augusti 2026 och stannar under ett l\u00e4s\u00e5r . Intressen \u00e4r bl. a innebandy, fotboll och utomhusaktiviteter. Miroslav placeras helst i s\u00f6dra Sverige.<\/p>\n<h3>Nadine \u00e4r f\u00f6dd 2010 och kommer fr\u00e5n Tyskland.<\/h3>\n<p>Hon kommer i augusti 2026 och stannar under ett l\u00e4s\u00e5r . Intressen \u00e4r bl. a h\u00e4star, handarbete, bakning, matlagning, b\u00f6cker och musik (spelar piano och fl\u00f6jt).<\/p>\n<h3>Nichaya \u00e4r f\u00f6dd 2010 och kommer fr\u00e5n Thailand.<\/h3>\n<p>Hon kommer i augusti 2026 och stannar under ett l\u00e4s\u00e5r . Intressen \u00e4r bl. a filmer, simning, volont\u00e4rarbete, badminton, bakning och sociala aktiviteter.<\/p>\n<h3>Till \u00e4r f\u00f6dd 2009 och kommer fr\u00e5n Tyskland.<\/h3>\n<p>Han kommer i augusti 2026 och stannar under ett l\u00e4s\u00e5r . Intressen \u00e4r bl. a innebandy, tennis, datorer och matlagning. Till placeras helst i s\u00f6dra Sverige.<\/p>\n<\/div><\/div><\/div>\n","protected":false},"excerpt":{"rendered":"","protected":false},"author":20,"featured_media":0,"parent":9455,"menu_order":0,"comment_status":"closed","ping_status":"closed","template":"","meta":{"_acf_changed":false,"sts_page_background_color":"","footnotes":""},"wpw_page_folders":[89],"class_list":["post-10227","page","type-page","status-publish","hentry"],"acf":[],"yoast_head":"<!-- This site is optimized with the Yoast SEO Premium plugin v27.2 (Yoast SEO v27.3) - https:\/\/yoast.com\/product\/yoast-seo-premium-wordpress\/ -->\n<title>L\u00e4r k\u00e4nna v\u00e5ra elever fr\u00e5n hela v\u00e4rlden | STS<\/title>\n<meta name=\"description\" content=\"V\u00e5ra elever \u00e4r fr\u00e5n hela v\u00e4rlden. Vill du v\u00e4lkomna en utbyteselev till ditt hem? Vi s\u00f6ker engagerade familjer till v\u00e5ra utbyteselever som kommer till Sverige fr\u00e5n hela v\u00e4rlden. L\u00e4r k\u00e4nna v\u00e5ra elever genom att l\u00e4sa deras presentationer.\" \/>\n<meta name=\"robots\" content=\"index, follow, max-snippet:-1, max-image-preview:large, max-video-preview:-1\" \/>\n<link rel=\"canonical\" href=\"https:\/\/www.sts-education.com\/se\/vardfamilj\/lar-kanna-vara-elever\/\" \/>\n<meta property=\"og:locale\" content=\"sv_SE\" \/>\n<meta property=\"og:type\" content=\"article\" \/>\n<meta property=\"og:title\" content=\"L\u00e4r k\u00e4nna v\u00e5ra elever\" \/>\n<meta property=\"og:description\" content=\"V\u00e5ra elever \u00e4r fr\u00e5n hela v\u00e4rlden. Vill du v\u00e4lkomna en utbyteselev till ditt hem? Vi s\u00f6ker engagerade familjer till v\u00e5ra utbyteselever som kommer till Sverige fr\u00e5n hela v\u00e4rlden. L\u00e4r k\u00e4nna v\u00e5ra elever genom att l\u00e4sa deras presentationer.\" \/>\n<meta property=\"og:url\" content=\"https:\/\/www.sts-education.com\/se\/vardfamilj\/lar-kanna-vara-elever\/\" \/>\n<meta property=\"og:site_name\" content=\"STS Education\" \/>\n<meta property=\"article:modified_time\" content=\"2026-04-15T13:19:07+00:00\" \/>\n<meta property=\"og:image\" content=\"https:\/\/cdn.sts-education.com\/11167_hero_lg_xl.jpg\" \/>\n<meta name=\"twitter:card\" content=\"summary_large_image\" \/>\n<meta name=\"twitter:label1\" content=\"Ber\u00e4knad l\u00e4stid\" \/>\n\t<meta name=\"twitter:data1\" content=\"3 minuter\" \/>\n<script type=\"application\/ld+json\" class=\"yoast-schema-graph\">{\"@context\":\"https:\\\/\\\/schema.org\",\"@graph\":[{\"@type\":\"WebPage\",\"@id\":\"https:\\\/\\\/www.sts-education.com\\\/se\\\/vardfamilj\\\/lar-kanna-vara-elever\\\/\",\"url\":\"https:\\\/\\\/www.sts-education.com\\\/se\\\/vardfamilj\\\/lar-kanna-vara-elever\\\/\",\"name\":\"L\u00e4r k\u00e4nna v\u00e5ra elever fr\u00e5n hela v\u00e4rlden | STS\",\"isPartOf\":{\"@id\":\"https:\\\/\\\/www.sts-education.com\\\/se\\\/#website\"},\"primaryImageOfPage\":{\"@id\":\"https:\\\/\\\/www.sts-education.com\\\/se\\\/vardfamilj\\\/lar-kanna-vara-elever\\\/#primaryimage\"},\"image\":{\"@id\":\"https:\\\/\\\/www.sts-education.com\\\/se\\\/vardfamilj\\\/lar-kanna-vara-elever\\\/#primaryimage\"},\"thumbnailUrl\":\"https:\\\/\\\/cdn.sts-education.com\\\/11167_hero_lg_xl.jpg\",\"datePublished\":\"2019-03-12T11:16:57+00:00\",\"dateModified\":\"2026-04-15T13:19:07+00:00\",\"description\":\"V\u00e5ra elever \u00e4r fr\u00e5n hela v\u00e4rlden. Vill du v\u00e4lkomna en utbyteselev till ditt hem? Vi s\u00f6ker engagerade familjer till v\u00e5ra utbyteselever som kommer till Sverige fr\u00e5n hela v\u00e4rlden. L\u00e4r k\u00e4nna v\u00e5ra elever genom att l\u00e4sa deras presentationer.\",\"breadcrumb\":{\"@id\":\"https:\\\/\\\/www.sts-education.com\\\/se\\\/vardfamilj\\\/lar-kanna-vara-elever\\\/#breadcrumb\"},\"inLanguage\":\"sv-SE\",\"potentialAction\":[{\"@type\":\"ReadAction\",\"target\":[\"https:\\\/\\\/www.sts-education.com\\\/se\\\/vardfamilj\\\/lar-kanna-vara-elever\\\/\"]}]},{\"@type\":\"ImageObject\",\"inLanguage\":\"sv-SE\",\"@id\":\"https:\\\/\\\/www.sts-education.com\\\/se\\\/vardfamilj\\\/lar-kanna-vara-elever\\\/#primaryimage\",\"url\":\"https:\\\/\\\/cdn.sts-education.com\\\/11167_hero_lg_xl.jpg\",\"contentUrl\":\"https:\\\/\\\/cdn.sts-education.com\\\/11167_hero_lg_xl.jpg\"},{\"@type\":\"BreadcrumbList\",\"@id\":\"https:\\\/\\\/www.sts-education.com\\\/se\\\/vardfamilj\\\/lar-kanna-vara-elever\\\/#breadcrumb\",\"itemListElement\":[{\"@type\":\"ListItem\",\"position\":1,\"name\":\"Home\",\"item\":\"https:\\\/\\\/www.sts-education.com\\\/se\\\/\"},{\"@type\":\"ListItem\",\"position\":2,\"name\":\"Vardfamilj\",\"item\":\"https:\\\/\\\/www.sts-education.com\\\/se\\\/vardfamilj\\\/\"},{\"@type\":\"ListItem\",\"position\":3,\"name\":\"L\u00e4r k\u00e4nna v\u00e5ra elever\"}]},{\"@type\":\"WebSite\",\"@id\":\"https:\\\/\\\/www.sts-education.com\\\/se\\\/#website\",\"url\":\"https:\\\/\\\/www.sts-education.com\\\/se\\\/\",\"name\":\"STS Education\",\"description\":\"\",\"potentialAction\":[{\"@type\":\"SearchAction\",\"target\":{\"@type\":\"EntryPoint\",\"urlTemplate\":\"https:\\\/\\\/www.sts-education.com\\\/se\\\/?s={search_term_string}\"},\"query-input\":{\"@type\":\"PropertyValueSpecification\",\"valueRequired\":true,\"valueName\":\"search_term_string\"}}],\"inLanguage\":\"sv-SE\"}]}<\/script>\n<!-- \/ Yoast SEO Premium plugin. -->","yoast_head_json":{"title":"L\u00e4r k\u00e4nna v\u00e5ra elever fr\u00e5n hela v\u00e4rlden | STS","description":"V\u00e5ra elever \u00e4r fr\u00e5n hela v\u00e4rlden. Vill du v\u00e4lkomna en utbyteselev till ditt hem? Vi s\u00f6ker engagerade familjer till v\u00e5ra utbyteselever som kommer till Sverige fr\u00e5n hela v\u00e4rlden. L\u00e4r k\u00e4nna v\u00e5ra elever genom att l\u00e4sa deras presentationer.","robots":{"index":"index","follow":"follow","max-snippet":"max-snippet:-1","max-image-preview":"max-image-preview:large","max-video-preview":"max-video-preview:-1"},"canonical":"https:\/\/www.sts-education.com\/se\/vardfamilj\/lar-kanna-vara-elever\/","og_locale":"sv_SE","og_type":"article","og_title":"L\u00e4r k\u00e4nna v\u00e5ra elever","og_description":"V\u00e5ra elever \u00e4r fr\u00e5n hela v\u00e4rlden. Vill du v\u00e4lkomna en utbyteselev till ditt hem? Vi s\u00f6ker engagerade familjer till v\u00e5ra utbyteselever som kommer till Sverige fr\u00e5n hela v\u00e4rlden. L\u00e4r k\u00e4nna v\u00e5ra elever genom att l\u00e4sa deras presentationer.","og_url":"https:\/\/www.sts-education.com\/se\/vardfamilj\/lar-kanna-vara-elever\/","og_site_name":"STS Education","article_modified_time":"2026-04-15T13:19:07+00:00","og_image":[{"url":"https:\/\/cdn.sts-education.com\/11167_hero_lg_xl.jpg","type":"","width":"","height":""}],"twitter_card":"summary_large_image","twitter_misc":{"Ber\u00e4knad l\u00e4stid":"3 minuter"},"schema":{"@context":"https:\/\/schema.org","@graph":[{"@type":"WebPage","@id":"https:\/\/www.sts-education.com\/se\/vardfamilj\/lar-kanna-vara-elever\/","url":"https:\/\/www.sts-education.com\/se\/vardfamilj\/lar-kanna-vara-elever\/","name":"L\u00e4r k\u00e4nna v\u00e5ra elever fr\u00e5n hela v\u00e4rlden | STS","isPartOf":{"@id":"https:\/\/www.sts-education.com\/se\/#website"},"primaryImageOfPage":{"@id":"https:\/\/www.sts-education.com\/se\/vardfamilj\/lar-kanna-vara-elever\/#primaryimage"},"image":{"@id":"https:\/\/www.sts-education.com\/se\/vardfamilj\/lar-kanna-vara-elever\/#primaryimage"},"thumbnailUrl":"https:\/\/cdn.sts-education.com\/11167_hero_lg_xl.jpg","datePublished":"2019-03-12T11:16:57+00:00","dateModified":"2026-04-15T13:19:07+00:00","description":"V\u00e5ra elever \u00e4r fr\u00e5n hela v\u00e4rlden. Vill du v\u00e4lkomna en utbyteselev till ditt hem? Vi s\u00f6ker engagerade familjer till v\u00e5ra utbyteselever som kommer till Sverige fr\u00e5n hela v\u00e4rlden. L\u00e4r k\u00e4nna v\u00e5ra elever genom att l\u00e4sa deras presentationer.","breadcrumb":{"@id":"https:\/\/www.sts-education.com\/se\/vardfamilj\/lar-kanna-vara-elever\/#breadcrumb"},"inLanguage":"sv-SE","potentialAction":[{"@type":"ReadAction","target":["https:\/\/www.sts-education.com\/se\/vardfamilj\/lar-kanna-vara-elever\/"]}]},{"@type":"ImageObject","inLanguage":"sv-SE","@id":"https:\/\/www.sts-education.com\/se\/vardfamilj\/lar-kanna-vara-elever\/#primaryimage","url":"https:\/\/cdn.sts-education.com\/11167_hero_lg_xl.jpg","contentUrl":"https:\/\/cdn.sts-education.com\/11167_hero_lg_xl.jpg"},{"@type":"BreadcrumbList","@id":"https:\/\/www.sts-education.com\/se\/vardfamilj\/lar-kanna-vara-elever\/#breadcrumb","itemListElement":[{"@type":"ListItem","position":1,"name":"Home","item":"https:\/\/www.sts-education.com\/se\/"},{"@type":"ListItem","position":2,"name":"Vardfamilj","item":"https:\/\/www.sts-education.com\/se\/vardfamilj\/"},{"@type":"ListItem","position":3,"name":"L\u00e4r k\u00e4nna v\u00e5ra elever"}]},{"@type":"WebSite","@id":"https:\/\/www.sts-education.com\/se\/#website","url":"https:\/\/www.sts-education.com\/se\/","name":"STS Education","description":"","potentialAction":[{"@type":"SearchAction","target":{"@type":"EntryPoint","urlTemplate":"https:\/\/www.sts-education.com\/se\/?s={search_term_string}"},"query-input":{"@type":"PropertyValueSpecification","valueRequired":true,"valueName":"search_term_string"}}],"inLanguage":"sv-SE"}]}},"_links":{"self":[{"href":"https:\/\/www.sts-education.com\/se\/wp-json\/wp\/v2\/pages\/10227","targetHints":{"allow":["GET"]}}],"collection":[{"href":"https:\/\/www.sts-education.com\/se\/wp-json\/wp\/v2\/pages"}],"about":[{"href":"https:\/\/www.sts-education.com\/se\/wp-json\/wp\/v2\/types\/page"}],"author":[{"embeddable":true,"href":"https:\/\/www.sts-education.com\/se\/wp-json\/wp\/v2\/users\/20"}],"replies":[{"embeddable":true,"href":"https:\/\/www.sts-education.com\/se\/wp-json\/wp\/v2\/comments?post=10227"}],"version-history":[{"count":5,"href":"https:\/\/www.sts-education.com\/se\/wp-json\/wp\/v2\/pages\/10227\/revisions"}],"predecessor-version":[{"id":37008,"href":"https:\/\/www.sts-education.com\/se\/wp-json\/wp\/v2\/pages\/10227\/revisions\/37008"}],"up":[{"embeddable":true,"href":"https:\/\/www.sts-education.com\/se\/wp-json\/wp\/v2\/pages\/9455"}],"wp:attachment":[{"href":"https:\/\/www.sts-education.com\/se\/wp-json\/wp\/v2\/media?parent=10227"}],"wp:term":[{"taxonomy":"wpw_page_folders","embeddable":true,"href":"https:\/\/www.sts-education.com\/se\/wp-json\/wp\/v2\/wpw_page_folders?post=10227"}],"curies":[{"name":"wp","href":"https:\/\/api.w.org\/{rel}","templated":true}]}}