{"id":10235,"date":"2025-12-16T10:18:24","date_gmt":"2025-12-16T10:18:24","guid":{"rendered":"https:\/\/preprod.sts-education.com\/high-school\/fakta-och-prisinformation\/allt-detta-ingar\/"},"modified":"2026-04-15T09:44:03","modified_gmt":"2026-04-15T09:44:03","slug":"allt-detta-ingar","status":"publish","type":"page","link":"https:\/\/www.sts-education.com\/se\/high-school\/fakta-och-prisinformation\/allt-detta-ingar\/","title":{"rendered":"Allt Detta Ingar"},"content":{"rendered":"\n<section class=\"wp-block-sts-hero sts-block-hero is-variant-full-background has-text-light has-background-media\" style=\"--sts-hero-padding-mobile:0px;--sts-hero-padding-desktop:0px;--sts-hero-text-color:var(--wp--preset--color--base-10, #fff);\" data-variant=\"full-background\"><div class=\"sts-block-hero__background\"><picture class=\"sts-responsive-image has-fit-cover is-skeleton\"><img src=\"https:\/\/cdn.sts-education.com\/12639_hero_lg_xl.jpg\" alt=\"Allt detta ing\u00e5r i ditt utbytes\u00e5r\" loading=\"lazy\" decoding=\"async\" fetchpriority=\"low\" sizes=\"100vw\" \/><\/picture><span class=\"sts-block-hero__overlay\" aria-hidden=\"true\"><\/span><\/div><div class=\"sts-block-hero__inner\"><div class=\"sts-block-hero__content has-align-center\"><div class=\"sts-block-hero__content-inner\"><h1 class=\"sts-block-hero__heading\">Allt detta ing\u00e5r i ditt utbytes\u00e5r<\/h1><\/div><\/div><\/div><\/section>\n\n\n\n<div class=\"wp-block-sts-text sts-text-editor has-max-width-md\"><div class=\"sts-text-editor__content\"><div class=\"sts-text-editor__content-inner\">\n<p>Ett high school-utbyte \u00e4r fyllt av of\u00f6rgl\u00f6mliga upplevelser, det kommer du snart att m\u00e4rka. Du kommer att uppleva m\u00e5nga fina stunder som kommer att bli till minnen f\u00f6r livet.<\/p>\n\n<p>N\u00e4r du reser med oss p\u00e5 STS har du tillg\u00e5ng till all den kunskap v\u00e5ra mycket kompetenta high school experter har och du kan f\u00e5 v\u00e4gledning som kommer att g\u00f6ra din utomlandsvistelse s\u00e5 bra som den bara kan bli.<\/p>\n\n<h2>Allt detta ing\u00e5r med STS<\/h2>\n\n<ul><li>Intervju, m\u00f6ten och material som f\u00f6rbereder dig och dina f\u00f6r\u00e4ldrar inf\u00f6r utbytes\u00e5ret<\/li>\n<li>STS Welcome Camp ing\u00e5r p\u00e5 n\u00e4stan alla destinationer n\u00e4r du \u00e5ker p\u00e5 ett high school-\u00e5r med avresa under h\u00f6sten.<\/li>\n<li>T\u00e5g- eller flygresa tur och retur till v\u00e4rdlandet.<\/li>\n<li>Avresegaranti &#8211; Om du \u00e4r antagen och av n\u00e5gon anledning inte blir placerad enligt ditt ursprungsval, kan vi alltid erbjuda ett alternativ.<\/li>\n<li>Ryggs\u00e4ck fr\u00e5n STS<\/li>\n<li>Lokal medarbetare eller v\u00e4rdfamiljen m\u00f6ter upp p\u00e5 flygplatsen vid ankomsten<\/li>\n<li>Placering i en v\u00e4rdfamilj med helpension<\/li>\n<li>STS:s omr\u00e5desrepresentanter, regionalkontor och huvudkontor \u00e4r tillg\u00e4ngliga under hela programmet<\/li>\n<li>24 timmars telefonservice. Du kan alltid n\u00e5 oss.<\/li>\n<li>Informationstr\u00e4ffar under l\u00e4s\u00e5ret med omr\u00e5desrepresentanter och andra utbytesstudenter<\/li>\n<li>Certifikat efter avslutat utbytes\u00e5r eller l\u00e4s\u00e5r<\/li><\/ul>\n\n<h2>Kostnader som tillkommer<\/h2>\n\n<p>Det finns \u00e4ven n\u00e5gra saker som du sj\u00e4lv kan v\u00e4lja att l\u00e4gga till som <a href=\"https:\/\/www.sts-education.com\/se\/high-school\/fakta-och-prisinformation\/tillval\/\">extra tillval<\/a> och det finns n\u00e5gra kostnader som tillkommer i samband med ditt utbytes\u00e5r.<\/p>\n\n<p><strong>Det som tillkommer \u00e4r: <\/strong><\/p>\n\n<ul><li>Medicinska unders\u00f6kningar<\/li>\n<li>Eventuella vaccinationer<\/li>\n<li>Eventuella visum och d\u00e4rtill kommande avgifter<\/li>\n<li>Flygskatter, avgifter och till\u00e4ggsavgifter<\/li>\n<li>Avbest\u00e4llningsskydd<\/li>\n<li>Fickpengar<\/li>\n<li>Kostnader f\u00f6r hygienartiklar<\/li>\n<li>Eventuella utgifter f\u00f6r resor och andra aktiviteter i v\u00e4rdlandet<\/li>\n<li>Skoluniform om det kr\u00e4vs p\u00e5 din skola<\/li>\n<li>Skollunch<\/li>\n<li>Kollektivtrafik\/skolbuss<\/li>\n<li>F\u00f6rs\u00e4kring<\/li>\n<li>Eventuellt valutatill\u00e4gg<\/li>\n<li>Om behov av specialkost finns kan extra kostnader tillkomma<\/li><\/ul>\n<\/div><\/div><\/div>\n","protected":false},"excerpt":{"rendered":"","protected":false},"author":20,"featured_media":0,"parent":10214,"menu_order":0,"comment_status":"closed","ping_status":"closed","template":"templates\/template-default-with-breadcrumbs.php","meta":{"_acf_changed":false,"sts_page_background_color":"","footnotes":""},"wpw_page_folders":[86],"class_list":["post-10235","page","type-page","status-publish","hentry"],"acf":[],"yoast_head":"<!-- This site is optimized with the Yoast SEO Premium plugin v27.2 (Yoast SEO v27.3) - https:\/\/yoast.com\/product\/yoast-seo-premium-wordpress\/ -->\n<title>Vad ing\u00e5r i priset f\u00f6r ett utbytes\u00e5r med STS<\/title>\n<meta name=\"description\" content=\"Allt detta ing\u00e5r n\u00e4r du \u00e5ker p\u00e5 utbytes\u00e5r med STS. Intervju, welcome camp, resa, skola, boende, certifikat och mycket mer.\" \/>\n<meta name=\"robots\" content=\"index, follow, max-snippet:-1, max-image-preview:large, max-video-preview:-1\" \/>\n<link rel=\"canonical\" href=\"https:\/\/www.sts-education.com\/se\/high-school\/fakta-och-prisinformation\/allt-detta-ingar\/\" \/>\n<meta property=\"og:locale\" content=\"sv_SE\" \/>\n<meta property=\"og:type\" content=\"article\" \/>\n<meta property=\"og:title\" content=\"Allt Detta Ingar\" \/>\n<meta property=\"og:description\" content=\"Allt detta ing\u00e5r n\u00e4r du \u00e5ker p\u00e5 utbytes\u00e5r med STS. Intervju, welcome camp, resa, skola, boende, certifikat och mycket mer.\" \/>\n<meta property=\"og:url\" content=\"https:\/\/www.sts-education.com\/se\/high-school\/fakta-och-prisinformation\/allt-detta-ingar\/\" \/>\n<meta property=\"og:site_name\" content=\"STS Education\" \/>\n<meta property=\"article:modified_time\" content=\"2026-04-15T09:44:03+00:00\" \/>\n<meta property=\"og:image\" content=\"https:\/\/cdn.sts-education.com\/12639_hero_lg_xl.jpg\" \/>\n<meta name=\"twitter:card\" content=\"summary_large_image\" \/>\n<meta name=\"twitter:label1\" content=\"Ber\u00e4knad l\u00e4stid\" \/>\n\t<meta name=\"twitter:data1\" content=\"2 minuter\" \/>\n<script type=\"application\/ld+json\" class=\"yoast-schema-graph\">{\"@context\":\"https:\\\/\\\/schema.org\",\"@graph\":[{\"@type\":\"WebPage\",\"@id\":\"https:\\\/\\\/www.sts-education.com\\\/se\\\/high-school\\\/fakta-och-prisinformation\\\/allt-detta-ingar\\\/\",\"url\":\"https:\\\/\\\/www.sts-education.com\\\/se\\\/high-school\\\/fakta-och-prisinformation\\\/allt-detta-ingar\\\/\",\"name\":\"Vad ing\u00e5r i priset f\u00f6r ett utbytes\u00e5r med STS\",\"isPartOf\":{\"@id\":\"https:\\\/\\\/www.sts-education.com\\\/se\\\/#website\"},\"primaryImageOfPage\":{\"@id\":\"https:\\\/\\\/www.sts-education.com\\\/se\\\/high-school\\\/fakta-och-prisinformation\\\/allt-detta-ingar\\\/#primaryimage\"},\"image\":{\"@id\":\"https:\\\/\\\/www.sts-education.com\\\/se\\\/high-school\\\/fakta-och-prisinformation\\\/allt-detta-ingar\\\/#primaryimage\"},\"thumbnailUrl\":\"https:\\\/\\\/cdn.sts-education.com\\\/12639_hero_lg_xl.jpg\",\"datePublished\":\"2025-12-16T10:18:24+00:00\",\"dateModified\":\"2026-04-15T09:44:03+00:00\",\"description\":\"Allt detta ing\u00e5r n\u00e4r du \u00e5ker p\u00e5 utbytes\u00e5r med STS. Intervju, welcome camp, resa, skola, boende, certifikat och mycket mer.\",\"breadcrumb\":{\"@id\":\"https:\\\/\\\/www.sts-education.com\\\/se\\\/high-school\\\/fakta-och-prisinformation\\\/allt-detta-ingar\\\/#breadcrumb\"},\"inLanguage\":\"sv-SE\",\"potentialAction\":[{\"@type\":\"ReadAction\",\"target\":[\"https:\\\/\\\/www.sts-education.com\\\/se\\\/high-school\\\/fakta-och-prisinformation\\\/allt-detta-ingar\\\/\"]}]},{\"@type\":\"ImageObject\",\"inLanguage\":\"sv-SE\",\"@id\":\"https:\\\/\\\/www.sts-education.com\\\/se\\\/high-school\\\/fakta-och-prisinformation\\\/allt-detta-ingar\\\/#primaryimage\",\"url\":\"https:\\\/\\\/cdn.sts-education.com\\\/12639_hero_lg_xl.jpg\",\"contentUrl\":\"https:\\\/\\\/cdn.sts-education.com\\\/12639_hero_lg_xl.jpg\"},{\"@type\":\"BreadcrumbList\",\"@id\":\"https:\\\/\\\/www.sts-education.com\\\/se\\\/high-school\\\/fakta-och-prisinformation\\\/allt-detta-ingar\\\/#breadcrumb\",\"itemListElement\":[{\"@type\":\"ListItem\",\"position\":1,\"name\":\"Home\",\"item\":\"https:\\\/\\\/www.sts-education.com\\\/se\\\/\"},{\"@type\":\"ListItem\",\"position\":2,\"name\":\"High school\",\"item\":\"https:\\\/\\\/www.sts-education.com\\\/se\\\/high-school\\\/\"},{\"@type\":\"ListItem\",\"position\":3,\"name\":\"Fakta Och Prisinformation\",\"item\":\"https:\\\/\\\/www.sts-education.com\\\/se\\\/high-school\\\/fakta-och-prisinformation\\\/\"},{\"@type\":\"ListItem\",\"position\":4,\"name\":\"Allt Detta Ingar\"}]},{\"@type\":\"WebSite\",\"@id\":\"https:\\\/\\\/www.sts-education.com\\\/se\\\/#website\",\"url\":\"https:\\\/\\\/www.sts-education.com\\\/se\\\/\",\"name\":\"STS Education\",\"description\":\"\",\"potentialAction\":[{\"@type\":\"SearchAction\",\"target\":{\"@type\":\"EntryPoint\",\"urlTemplate\":\"https:\\\/\\\/www.sts-education.com\\\/se\\\/?s={search_term_string}\"},\"query-input\":{\"@type\":\"PropertyValueSpecification\",\"valueRequired\":true,\"valueName\":\"search_term_string\"}}],\"inLanguage\":\"sv-SE\"}]}<\/script>\n<!-- \/ Yoast SEO Premium plugin. -->","yoast_head_json":{"title":"Vad ing\u00e5r i priset f\u00f6r ett utbytes\u00e5r med STS","description":"Allt detta ing\u00e5r n\u00e4r du \u00e5ker p\u00e5 utbytes\u00e5r med STS. Intervju, welcome camp, resa, skola, boende, certifikat och mycket mer.","robots":{"index":"index","follow":"follow","max-snippet":"max-snippet:-1","max-image-preview":"max-image-preview:large","max-video-preview":"max-video-preview:-1"},"canonical":"https:\/\/www.sts-education.com\/se\/high-school\/fakta-och-prisinformation\/allt-detta-ingar\/","og_locale":"sv_SE","og_type":"article","og_title":"Allt Detta Ingar","og_description":"Allt detta ing\u00e5r n\u00e4r du \u00e5ker p\u00e5 utbytes\u00e5r med STS. Intervju, welcome camp, resa, skola, boende, certifikat och mycket mer.","og_url":"https:\/\/www.sts-education.com\/se\/high-school\/fakta-och-prisinformation\/allt-detta-ingar\/","og_site_name":"STS Education","article_modified_time":"2026-04-15T09:44:03+00:00","og_image":[{"url":"https:\/\/cdn.sts-education.com\/12639_hero_lg_xl.jpg","type":"","width":"","height":""}],"twitter_card":"summary_large_image","twitter_misc":{"Ber\u00e4knad l\u00e4stid":"2 minuter"},"schema":{"@context":"https:\/\/schema.org","@graph":[{"@type":"WebPage","@id":"https:\/\/www.sts-education.com\/se\/high-school\/fakta-och-prisinformation\/allt-detta-ingar\/","url":"https:\/\/www.sts-education.com\/se\/high-school\/fakta-och-prisinformation\/allt-detta-ingar\/","name":"Vad ing\u00e5r i priset f\u00f6r ett utbytes\u00e5r med STS","isPartOf":{"@id":"https:\/\/www.sts-education.com\/se\/#website"},"primaryImageOfPage":{"@id":"https:\/\/www.sts-education.com\/se\/high-school\/fakta-och-prisinformation\/allt-detta-ingar\/#primaryimage"},"image":{"@id":"https:\/\/www.sts-education.com\/se\/high-school\/fakta-och-prisinformation\/allt-detta-ingar\/#primaryimage"},"thumbnailUrl":"https:\/\/cdn.sts-education.com\/12639_hero_lg_xl.jpg","datePublished":"2025-12-16T10:18:24+00:00","dateModified":"2026-04-15T09:44:03+00:00","description":"Allt detta ing\u00e5r n\u00e4r du \u00e5ker p\u00e5 utbytes\u00e5r med STS. Intervju, welcome camp, resa, skola, boende, certifikat och mycket mer.","breadcrumb":{"@id":"https:\/\/www.sts-education.com\/se\/high-school\/fakta-och-prisinformation\/allt-detta-ingar\/#breadcrumb"},"inLanguage":"sv-SE","potentialAction":[{"@type":"ReadAction","target":["https:\/\/www.sts-education.com\/se\/high-school\/fakta-och-prisinformation\/allt-detta-ingar\/"]}]},{"@type":"ImageObject","inLanguage":"sv-SE","@id":"https:\/\/www.sts-education.com\/se\/high-school\/fakta-och-prisinformation\/allt-detta-ingar\/#primaryimage","url":"https:\/\/cdn.sts-education.com\/12639_hero_lg_xl.jpg","contentUrl":"https:\/\/cdn.sts-education.com\/12639_hero_lg_xl.jpg"},{"@type":"BreadcrumbList","@id":"https:\/\/www.sts-education.com\/se\/high-school\/fakta-och-prisinformation\/allt-detta-ingar\/#breadcrumb","itemListElement":[{"@type":"ListItem","position":1,"name":"Home","item":"https:\/\/www.sts-education.com\/se\/"},{"@type":"ListItem","position":2,"name":"High school","item":"https:\/\/www.sts-education.com\/se\/high-school\/"},{"@type":"ListItem","position":3,"name":"Fakta Och Prisinformation","item":"https:\/\/www.sts-education.com\/se\/high-school\/fakta-och-prisinformation\/"},{"@type":"ListItem","position":4,"name":"Allt Detta Ingar"}]},{"@type":"WebSite","@id":"https:\/\/www.sts-education.com\/se\/#website","url":"https:\/\/www.sts-education.com\/se\/","name":"STS Education","description":"","potentialAction":[{"@type":"SearchAction","target":{"@type":"EntryPoint","urlTemplate":"https:\/\/www.sts-education.com\/se\/?s={search_term_string}"},"query-input":{"@type":"PropertyValueSpecification","valueRequired":true,"valueName":"search_term_string"}}],"inLanguage":"sv-SE"}]}},"_links":{"self":[{"href":"https:\/\/www.sts-education.com\/se\/wp-json\/wp\/v2\/pages\/10235","targetHints":{"allow":["GET"]}}],"collection":[{"href":"https:\/\/www.sts-education.com\/se\/wp-json\/wp\/v2\/pages"}],"about":[{"href":"https:\/\/www.sts-education.com\/se\/wp-json\/wp\/v2\/types\/page"}],"author":[{"embeddable":true,"href":"https:\/\/www.sts-education.com\/se\/wp-json\/wp\/v2\/users\/20"}],"replies":[{"embeddable":true,"href":"https:\/\/www.sts-education.com\/se\/wp-json\/wp\/v2\/comments?post=10235"}],"version-history":[{"count":6,"href":"https:\/\/www.sts-education.com\/se\/wp-json\/wp\/v2\/pages\/10235\/revisions"}],"predecessor-version":[{"id":35759,"href":"https:\/\/www.sts-education.com\/se\/wp-json\/wp\/v2\/pages\/10235\/revisions\/35759"}],"up":[{"embeddable":true,"href":"https:\/\/www.sts-education.com\/se\/wp-json\/wp\/v2\/pages\/10214"}],"wp:attachment":[{"href":"https:\/\/www.sts-education.com\/se\/wp-json\/wp\/v2\/media?parent=10235"}],"wp:term":[{"taxonomy":"wpw_page_folders","embeddable":true,"href":"https:\/\/www.sts-education.com\/se\/wp-json\/wp\/v2\/wpw_page_folders?post=10235"}],"curies":[{"name":"wp","href":"https:\/\/api.w.org\/{rel}","templated":true}]}}