{"id":10236,"date":"2025-12-16T10:19:15","date_gmt":"2025-12-16T10:19:15","guid":{"rendered":"https:\/\/preprod.sts-education.com\/high-school\/fakta-och-prisinformation\/bokning-och-betalning\/"},"modified":"2026-04-15T09:44:00","modified_gmt":"2026-04-15T09:44:00","slug":"bokning-och-betalning","status":"publish","type":"page","link":"https:\/\/www.sts-education.com\/se\/high-school\/fakta-och-prisinformation\/bokning-och-betalning\/","title":{"rendered":"Bokning Och Betalning"},"content":{"rendered":"\n<section class=\"wp-block-sts-hero sts-block-hero is-variant-full-background has-text-light has-background-media\" style=\"--sts-hero-padding-mobile:0px;--sts-hero-padding-desktop:0px;--sts-hero-text-color:var(--wp--preset--color--base-10, #fff);\" data-variant=\"full-background\"><div class=\"sts-block-hero__background\"><picture class=\"sts-responsive-image has-fit-cover is-skeleton\"><img src=\"https:\/\/cdn.sts-education.com\/12578_hero_lg_xl.jpg\" alt=\"Bokning och betalning\" loading=\"lazy\" decoding=\"async\" fetchpriority=\"low\" sizes=\"100vw\" \/><\/picture><span class=\"sts-block-hero__overlay\" aria-hidden=\"true\"><\/span><\/div><div class=\"sts-block-hero__inner\"><div class=\"sts-block-hero__content has-align-center\"><div class=\"sts-block-hero__content-inner\"><h1 class=\"sts-block-hero__heading\">Bokning och betalning<\/h1><\/div><\/div><\/div><\/section>\n\n\n\n<div class=\"wp-block-sts-text sts-text-editor has-max-width-md\"><div class=\"sts-text-editor__content\"><div class=\"sts-text-editor__content-inner\">\n<h2>Anm\u00e4lningsavgift och programavgift<\/h2>\n\n<h3>High School Classic<\/h3>\n\n<p>Vad just ditt utbytes\u00e5r kostar beror p\u00e5 destination, l\u00e4ngd och tillval. Under respektive destination finner du v\u00e5r programavgift f\u00f6r ett <strong>High School Classic<\/strong> program.<\/p>\n\n<ul><li><strong>1:a delbetalningen<\/strong> \u2013 en anm\u00e4lningsavgift p\u00e5 10,000 kr i enlighet med informationen i programerbjudandet ska betalas inom tio (10) dagar fr\u00e5n fakturadatum.<\/li>\n<li><strong>2:a delbetalningen<\/strong> \u2013 25 % av programavgiften ska betalas senast den 1 juni (f\u00f6r avresor under v\u00e5ren) eller den 1 september (f\u00f6r avresor under h\u00f6sten).<\/li>\n<li><strong>3:e delbetalningen<\/strong> \u2013 25 % av programavgiften ska betalas senast den 1 augusti (f\u00f6r avresor p\u00e5 v\u00e5ren) eller den 1 december (f\u00f6r avresor p\u00e5 h\u00f6sten).<\/li>\n<li><strong>4:e delbetalningen<\/strong> \u2013 25 % av programavgiften ska betalas senast den 1 oktober (f\u00f6r avresor p\u00e5 v\u00e5ren) eller den 1 februari (f\u00f6r avresor p\u00e5 h\u00f6sten).<\/li>\n<li><strong>5:e delbetalningen<\/strong> \u2013 resterande belopp av programavgiften ska betalas senast den 1 november (f\u00f6r avresor under v\u00e5ren) eller den 1 april (f\u00f6r avresor under h\u00f6sten).<\/li>\n<li><strong>6:e delbetalningen<\/strong> \u2013 valutatill\u00e4gg, f\u00f6rs\u00e4kring och eventuella till\u00e4ggstj\u00e4nster ska betalas senast den 15 december (f\u00f6r avresor p\u00e5 v\u00e5ren) eller den 1 juni (f\u00f6r avresor p\u00e5 h\u00f6sten).<\/li><\/ul>\n\n<h3>High School Select<\/h3>\n\n<p><strong>Programavgiften f\u00f6r Select<\/strong> ska betalas av dig eller din\/dina v\u00e5rdnadshavare enligt f\u00f6ljande specifikationer:<\/p>\n\n<ul><li><strong>1:a delbetalning<\/strong> \u2013 en anm\u00e4lningsavgift i enlighet med informationen i programerbjudandet ska betalas inom tio (10) dagar fr\u00e5n fakturadatum.<\/li>\n<li><strong>2:a delbetalning<\/strong> \u2013 50 % av programavgiften ska betalas senast den 1 juli (f\u00f6r avresor p\u00e5 v\u00e5ren) eller den 1 november (f\u00f6r avresor p\u00e5 h\u00f6sten).<\/li>\n<li><strong>3:e delbetalning<\/strong> \u2013 50 % av programavgiften ska betalas senast den 1 november (f\u00f6r avresor p\u00e5 v\u00e5ren) eller den 1 februari (f\u00f6r avresor p\u00e5 h\u00f6sten).<\/li>\n<li><strong>4:e delbetalningen<\/strong> \u2013 valutatill\u00e4gg, f\u00f6rs\u00e4kring och eventuella till\u00e4ggstj\u00e4nster ska betalas senast den 15 december (f\u00f6r avresor p\u00e5 v\u00e5ren) eller den 1 juni (f\u00f6r avresor p\u00e5 h\u00f6sten).<\/li><\/ul>\n\n<h2>F\u00f6rs\u00e4kring<\/h2>\n\n<p>Det \u00e4r obligatoriskt f\u00f6r alla STS-studenter att ha giltig f\u00f6rs\u00e4kring under hela vistelsen i v\u00e4rdlandet. Via oss kan du teckna en skr\u00e4ddarsydd f\u00f6rs\u00e4kring som bland annat omfattar sjukdom, olycksfall, ansvar och resgods och \u00e4r godk\u00e4nd av myndigheterna i det land du \u00e5ker till.<\/p>\n\n<p>Skulle du vilja teckna en annan f\u00f6rs\u00e4kring beh\u00f6ver den godk\u00e4nnas av beh\u00f6rig i v\u00e4rdlandet, till exempel av myndighet eller skola. Prata med oss p\u00e5 STS s\u00e5 ser vi till att guida dig r\u00e4tt i f\u00f6rs\u00e4kringsfr\u00e5gan.<\/p>\n\n<h2>Avbokning och avbokningsskydd<\/h2>\n\n<h3>Avbokning av din resa<\/h3>\n\n<p>Om du v\u00e4ljer att avboka ditt utbytes\u00e5r n\u00e4r det \u00e4r mer \u00e4n fem m\u00e5nader kvar till avresa beh\u00e5ller STS anm\u00e4lningsavgiften. D\u00e4refter f\u00f6ljer vi <a href=\"https:\/\/www.sts-education.com\/se\/allman-information\/overenskommelse-om-internationella-ungdomsutbyten\/\">\u00d6verenskommelsen<\/a> om internationella ungdomsutbyten som reglerar hur mycket av programavgiften som betalas tillbaka, beroende p\u00e5 hur n\u00e4ra inp\u00e5 avresa avbokningen sker. V\u00e4ljer du att k\u00f6pa till avbokningsskydd n\u00e4r du bokar g\u00e4ller naturligtvis andra regler.<\/p>\n\n<h2>Avbokningsskydd<\/h2>\n\n<p>Vi erbjuder tv\u00e5 olika typer av avbokningsskydd som tillval n\u00e4r du bokar ditt utbytes\u00e5r med oss:<\/p>\n\n<p><strong>Standard cancellation protection<\/strong>: Priset \u00e4r 4 950 SEK f\u00f6r Classic-program och 6 950 SEK f\u00f6r Select-program.<\/p>\n\n<p><strong>Ut\u00f6kad cancellation protection<\/strong>:  Priset \u00e4r 12 950 SEK f\u00f6r Classic-program och 15 950 SEK f\u00f6r Select-program.<\/p>\n\n<h2>Fr\u00e5gor om din bokning<\/h2>\n\n<p>Om du har funderingar som r\u00f6r din bokning, finansiering, f\u00f6rs\u00e4kringar, v\u00e4rdfamilj, till\u00e4gg mm, <a href=\"https:\/\/www.sts-education.com\/se\/om-sts\/kontakta-oss\/\">kontakta oss<\/a> g\u00e4rna s\u00e5 hj\u00e4lper vi dig!<\/p>\n<\/div><\/div><\/div>\n","protected":false},"excerpt":{"rendered":"","protected":false},"author":20,"featured_media":0,"parent":10214,"menu_order":0,"comment_status":"closed","ping_status":"closed","template":"templates\/template-default-with-breadcrumbs.php","meta":{"_acf_changed":false,"sts_page_background_color":"","footnotes":""},"wpw_page_folders":[86],"class_list":["post-10236","page","type-page","status-publish","hentry"],"acf":[],"yoast_head":"<!-- This site is optimized with the Yoast SEO Premium plugin v27.2 (Yoast SEO v27.3) - https:\/\/yoast.com\/product\/yoast-seo-premium-wordpress\/ -->\n<title>Bokning och s\u00e4ker betalning f\u00f6r ditt utbytes\u00e5r | STS<\/title>\n<meta name=\"description\" content=\"N\u00e4r du ans\u00f6kt och blivit antagen till ett av v\u00e5ra utbytesprogram betalar du en anm\u00e4lningsavgift. D\u00e4refter delas betalningen upp i flera omg\u00e5ngar.\" \/>\n<meta name=\"robots\" content=\"index, follow, max-snippet:-1, max-image-preview:large, max-video-preview:-1\" \/>\n<link rel=\"canonical\" href=\"https:\/\/www.sts-education.com\/se\/high-school\/fakta-och-prisinformation\/bokning-och-betalning\/\" \/>\n<meta property=\"og:locale\" content=\"sv_SE\" \/>\n<meta property=\"og:type\" content=\"article\" \/>\n<meta property=\"og:title\" content=\"Bokning Och Betalning\" \/>\n<meta property=\"og:description\" content=\"N\u00e4r du ans\u00f6kt och blivit antagen till ett av v\u00e5ra utbytesprogram betalar du en anm\u00e4lningsavgift. D\u00e4refter delas betalningen upp i flera omg\u00e5ngar.\" \/>\n<meta property=\"og:url\" content=\"https:\/\/www.sts-education.com\/se\/high-school\/fakta-och-prisinformation\/bokning-och-betalning\/\" \/>\n<meta property=\"og:site_name\" content=\"STS Education\" \/>\n<meta property=\"article:modified_time\" content=\"2026-04-15T09:44:00+00:00\" \/>\n<meta property=\"og:image\" content=\"https:\/\/cdn.sts-education.com\/12578_hero_lg_xl.jpg\" \/>\n<meta name=\"twitter:card\" content=\"summary_large_image\" \/>\n<meta name=\"twitter:label1\" content=\"Ber\u00e4knad l\u00e4stid\" \/>\n\t<meta name=\"twitter:data1\" content=\"3 minuter\" \/>\n<script type=\"application\/ld+json\" class=\"yoast-schema-graph\">{\"@context\":\"https:\\\/\\\/schema.org\",\"@graph\":[{\"@type\":\"WebPage\",\"@id\":\"https:\\\/\\\/www.sts-education.com\\\/se\\\/high-school\\\/fakta-och-prisinformation\\\/bokning-och-betalning\\\/\",\"url\":\"https:\\\/\\\/www.sts-education.com\\\/se\\\/high-school\\\/fakta-och-prisinformation\\\/bokning-och-betalning\\\/\",\"name\":\"Bokning och s\u00e4ker betalning f\u00f6r ditt utbytes\u00e5r | STS\",\"isPartOf\":{\"@id\":\"https:\\\/\\\/www.sts-education.com\\\/se\\\/#website\"},\"primaryImageOfPage\":{\"@id\":\"https:\\\/\\\/www.sts-education.com\\\/se\\\/high-school\\\/fakta-och-prisinformation\\\/bokning-och-betalning\\\/#primaryimage\"},\"image\":{\"@id\":\"https:\\\/\\\/www.sts-education.com\\\/se\\\/high-school\\\/fakta-och-prisinformation\\\/bokning-och-betalning\\\/#primaryimage\"},\"thumbnailUrl\":\"https:\\\/\\\/cdn.sts-education.com\\\/12578_hero_lg_xl.jpg\",\"datePublished\":\"2025-12-16T10:19:15+00:00\",\"dateModified\":\"2026-04-15T09:44:00+00:00\",\"description\":\"N\u00e4r du ans\u00f6kt och blivit antagen till ett av v\u00e5ra utbytesprogram betalar du en anm\u00e4lningsavgift. D\u00e4refter delas betalningen upp i flera omg\u00e5ngar.\",\"breadcrumb\":{\"@id\":\"https:\\\/\\\/www.sts-education.com\\\/se\\\/high-school\\\/fakta-och-prisinformation\\\/bokning-och-betalning\\\/#breadcrumb\"},\"inLanguage\":\"sv-SE\",\"potentialAction\":[{\"@type\":\"ReadAction\",\"target\":[\"https:\\\/\\\/www.sts-education.com\\\/se\\\/high-school\\\/fakta-och-prisinformation\\\/bokning-och-betalning\\\/\"]}]},{\"@type\":\"ImageObject\",\"inLanguage\":\"sv-SE\",\"@id\":\"https:\\\/\\\/www.sts-education.com\\\/se\\\/high-school\\\/fakta-och-prisinformation\\\/bokning-och-betalning\\\/#primaryimage\",\"url\":\"https:\\\/\\\/cdn.sts-education.com\\\/12578_hero_lg_xl.jpg\",\"contentUrl\":\"https:\\\/\\\/cdn.sts-education.com\\\/12578_hero_lg_xl.jpg\"},{\"@type\":\"BreadcrumbList\",\"@id\":\"https:\\\/\\\/www.sts-education.com\\\/se\\\/high-school\\\/fakta-och-prisinformation\\\/bokning-och-betalning\\\/#breadcrumb\",\"itemListElement\":[{\"@type\":\"ListItem\",\"position\":1,\"name\":\"Home\",\"item\":\"https:\\\/\\\/www.sts-education.com\\\/se\\\/\"},{\"@type\":\"ListItem\",\"position\":2,\"name\":\"High school\",\"item\":\"https:\\\/\\\/www.sts-education.com\\\/se\\\/high-school\\\/\"},{\"@type\":\"ListItem\",\"position\":3,\"name\":\"Fakta Och Prisinformation\",\"item\":\"https:\\\/\\\/www.sts-education.com\\\/se\\\/high-school\\\/fakta-och-prisinformation\\\/\"},{\"@type\":\"ListItem\",\"position\":4,\"name\":\"Bokning Och Betalning\"}]},{\"@type\":\"WebSite\",\"@id\":\"https:\\\/\\\/www.sts-education.com\\\/se\\\/#website\",\"url\":\"https:\\\/\\\/www.sts-education.com\\\/se\\\/\",\"name\":\"STS Education\",\"description\":\"\",\"potentialAction\":[{\"@type\":\"SearchAction\",\"target\":{\"@type\":\"EntryPoint\",\"urlTemplate\":\"https:\\\/\\\/www.sts-education.com\\\/se\\\/?s={search_term_string}\"},\"query-input\":{\"@type\":\"PropertyValueSpecification\",\"valueRequired\":true,\"valueName\":\"search_term_string\"}}],\"inLanguage\":\"sv-SE\"}]}<\/script>\n<!-- \/ Yoast SEO Premium plugin. -->","yoast_head_json":{"title":"Bokning och s\u00e4ker betalning f\u00f6r ditt utbytes\u00e5r | STS","description":"N\u00e4r du ans\u00f6kt och blivit antagen till ett av v\u00e5ra utbytesprogram betalar du en anm\u00e4lningsavgift. D\u00e4refter delas betalningen upp i flera omg\u00e5ngar.","robots":{"index":"index","follow":"follow","max-snippet":"max-snippet:-1","max-image-preview":"max-image-preview:large","max-video-preview":"max-video-preview:-1"},"canonical":"https:\/\/www.sts-education.com\/se\/high-school\/fakta-och-prisinformation\/bokning-och-betalning\/","og_locale":"sv_SE","og_type":"article","og_title":"Bokning Och Betalning","og_description":"N\u00e4r du ans\u00f6kt och blivit antagen till ett av v\u00e5ra utbytesprogram betalar du en anm\u00e4lningsavgift. D\u00e4refter delas betalningen upp i flera omg\u00e5ngar.","og_url":"https:\/\/www.sts-education.com\/se\/high-school\/fakta-och-prisinformation\/bokning-och-betalning\/","og_site_name":"STS Education","article_modified_time":"2026-04-15T09:44:00+00:00","og_image":[{"url":"https:\/\/cdn.sts-education.com\/12578_hero_lg_xl.jpg","type":"","width":"","height":""}],"twitter_card":"summary_large_image","twitter_misc":{"Ber\u00e4knad l\u00e4stid":"3 minuter"},"schema":{"@context":"https:\/\/schema.org","@graph":[{"@type":"WebPage","@id":"https:\/\/www.sts-education.com\/se\/high-school\/fakta-och-prisinformation\/bokning-och-betalning\/","url":"https:\/\/www.sts-education.com\/se\/high-school\/fakta-och-prisinformation\/bokning-och-betalning\/","name":"Bokning och s\u00e4ker betalning f\u00f6r ditt utbytes\u00e5r | STS","isPartOf":{"@id":"https:\/\/www.sts-education.com\/se\/#website"},"primaryImageOfPage":{"@id":"https:\/\/www.sts-education.com\/se\/high-school\/fakta-och-prisinformation\/bokning-och-betalning\/#primaryimage"},"image":{"@id":"https:\/\/www.sts-education.com\/se\/high-school\/fakta-och-prisinformation\/bokning-och-betalning\/#primaryimage"},"thumbnailUrl":"https:\/\/cdn.sts-education.com\/12578_hero_lg_xl.jpg","datePublished":"2025-12-16T10:19:15+00:00","dateModified":"2026-04-15T09:44:00+00:00","description":"N\u00e4r du ans\u00f6kt och blivit antagen till ett av v\u00e5ra utbytesprogram betalar du en anm\u00e4lningsavgift. D\u00e4refter delas betalningen upp i flera omg\u00e5ngar.","breadcrumb":{"@id":"https:\/\/www.sts-education.com\/se\/high-school\/fakta-och-prisinformation\/bokning-och-betalning\/#breadcrumb"},"inLanguage":"sv-SE","potentialAction":[{"@type":"ReadAction","target":["https:\/\/www.sts-education.com\/se\/high-school\/fakta-och-prisinformation\/bokning-och-betalning\/"]}]},{"@type":"ImageObject","inLanguage":"sv-SE","@id":"https:\/\/www.sts-education.com\/se\/high-school\/fakta-och-prisinformation\/bokning-och-betalning\/#primaryimage","url":"https:\/\/cdn.sts-education.com\/12578_hero_lg_xl.jpg","contentUrl":"https:\/\/cdn.sts-education.com\/12578_hero_lg_xl.jpg"},{"@type":"BreadcrumbList","@id":"https:\/\/www.sts-education.com\/se\/high-school\/fakta-och-prisinformation\/bokning-och-betalning\/#breadcrumb","itemListElement":[{"@type":"ListItem","position":1,"name":"Home","item":"https:\/\/www.sts-education.com\/se\/"},{"@type":"ListItem","position":2,"name":"High school","item":"https:\/\/www.sts-education.com\/se\/high-school\/"},{"@type":"ListItem","position":3,"name":"Fakta Och Prisinformation","item":"https:\/\/www.sts-education.com\/se\/high-school\/fakta-och-prisinformation\/"},{"@type":"ListItem","position":4,"name":"Bokning Och Betalning"}]},{"@type":"WebSite","@id":"https:\/\/www.sts-education.com\/se\/#website","url":"https:\/\/www.sts-education.com\/se\/","name":"STS Education","description":"","potentialAction":[{"@type":"SearchAction","target":{"@type":"EntryPoint","urlTemplate":"https:\/\/www.sts-education.com\/se\/?s={search_term_string}"},"query-input":{"@type":"PropertyValueSpecification","valueRequired":true,"valueName":"search_term_string"}}],"inLanguage":"sv-SE"}]}},"_links":{"self":[{"href":"https:\/\/www.sts-education.com\/se\/wp-json\/wp\/v2\/pages\/10236","targetHints":{"allow":["GET"]}}],"collection":[{"href":"https:\/\/www.sts-education.com\/se\/wp-json\/wp\/v2\/pages"}],"about":[{"href":"https:\/\/www.sts-education.com\/se\/wp-json\/wp\/v2\/types\/page"}],"author":[{"embeddable":true,"href":"https:\/\/www.sts-education.com\/se\/wp-json\/wp\/v2\/users\/20"}],"replies":[{"embeddable":true,"href":"https:\/\/www.sts-education.com\/se\/wp-json\/wp\/v2\/comments?post=10236"}],"version-history":[{"count":7,"href":"https:\/\/www.sts-education.com\/se\/wp-json\/wp\/v2\/pages\/10236\/revisions"}],"predecessor-version":[{"id":35756,"href":"https:\/\/www.sts-education.com\/se\/wp-json\/wp\/v2\/pages\/10236\/revisions\/35756"}],"up":[{"embeddable":true,"href":"https:\/\/www.sts-education.com\/se\/wp-json\/wp\/v2\/pages\/10214"}],"wp:attachment":[{"href":"https:\/\/www.sts-education.com\/se\/wp-json\/wp\/v2\/media?parent=10236"}],"wp:term":[{"taxonomy":"wpw_page_folders","embeddable":true,"href":"https:\/\/www.sts-education.com\/se\/wp-json\/wp\/v2\/wpw_page_folders?post=10236"}],"curies":[{"name":"wp","href":"https:\/\/api.w.org\/{rel}","templated":true}]}}