{"id":10237,"date":"2023-06-01T12:32:11","date_gmt":"2023-06-01T12:32:11","guid":{"rendered":"https:\/\/preprod.sts-education.com\/high-school\/fakta-och-prisinformation\/erbjudanden\/"},"modified":"2026-04-15T09:44:55","modified_gmt":"2026-04-15T09:44:55","slug":"erbjudanden","status":"publish","type":"page","link":"https:\/\/www.sts-education.com\/se\/high-school\/fakta-och-prisinformation\/erbjudanden\/","title":{"rendered":"Erbjudanden"},"content":{"rendered":"\n<section class=\"wp-block-sts-hero sts-block-hero is-variant-full-background has-text-light has-background-media\" style=\"--sts-hero-padding-mobile:0px;--sts-hero-padding-desktop:0px;--sts-hero-text-color:var(--wp--preset--color--base-10, #fff);\" data-variant=\"full-background\"><div class=\"sts-block-hero__background\"><picture class=\"sts-responsive-image has-fit-cover is-skeleton\"><img src=\"https:\/\/cdn.sts-education.com\/12640_hero_lg_xl.jpg\" alt=\"Erbjudanden\" loading=\"lazy\" decoding=\"async\" fetchpriority=\"low\" sizes=\"100vw\" \/><\/picture><span class=\"sts-block-hero__overlay\" aria-hidden=\"true\"><\/span><\/div><div class=\"sts-block-hero__inner\"><div class=\"sts-block-hero__content has-align-center\"><div class=\"sts-block-hero__content-inner\"><h1 class=\"sts-block-hero__heading\">Erbjudanden<\/h1><\/div><\/div><\/div><\/section>\n\n\n\n<div class=\"wp-block-sts-text sts-text-editor has-max-width-md\"><div class=\"sts-text-editor__content\"><div class=\"sts-text-editor__content-inner\">\n<p>Ska du bli utbytesstudent med STS High School? I s\u00e5 fall ska du kolla upp om v\u00e5ra specialerbjudanden kan ge dig ett b\u00e4ttre pris. Detta \u00e4r de erbjudanden som g\u00e4ller nu. Kontakta oss g\u00e4rna f\u00f6r mer information.<\/p>\n<h2>F\u00f6rverkliga din dr\u00f6m<\/h2>\n<p>Nu \u00e4r det perfekt l\u00e4ge att planera ditt high school-utbyte. Alla program f\u00f6r 2027 \u00e4r \u00f6ppna, vilket ger dig friheten att v\u00e4lja precis det du dr\u00f6mmer om \u2013 USA, Australien, Storbritannien, Irland eller n\u00e5gon helt annan plats. Ans\u00f6k senast <strong>30 april<\/strong> f\u00f6r att f\u00e5 v\u00e5rt <a href=\"\/se\/high-school\/first-choice-2026\/\">First Choice-erbjudande<\/a>.<\/p>\n<p>\u2714 Boka nu \u2013 f\u00e5 2026 \u00e5rs priser samt en extra rabatt p\u00e5 5 000 SEK<br\/>\u2714 S\u00e4kra din dr\u00f6mdestination<br\/>\u2714 Gratis Welcome Camp<br\/>\u2714 Gratis avbokning fram till 15 oktober (v\u00e4rde 5 000 SEK)<\/p>\n<h2>Returneerabatt<\/h2>\n<p>Har du sj\u00e4lv \u00e5kt p\u00e5 spr\u00e5kresa med STS tidigare? Kul! Nu f\u00e5r du <strong>5000 kr <\/strong>i rabatt n\u00e4r du \u00e5ker p\u00e5 ett High School-\u00e5r och forts\u00e4tter ditt \u00e4ventyr med oss.<\/p>\n<p>F\u00f6r att ta del av erbjudandet anger du koden <strong>STSRETURNEE<\/strong> n\u00e4r du bokar. Erbjudandet g\u00e5r inte att kombinera med andra rabatter.<\/p>\n<p><a href=\"\/se\/high-school\/tripfinder\/?q=\">Hitta din destination<\/a><\/p>\n<h2>Syskonrabatt<\/h2>\n<p>Har du ett syskon som har \u00e5kt p\u00e5 ett High School-\u00e5r med oss tidigare? Vad roligt! D\u00e5 f\u00e5r du <strong>5000 kr<\/strong> i rabatt n\u00e4r du bokar ditt eget High School-\u00e4ventyr med oss.<\/p>\n<p>F\u00f6r att ta del av erbjudandet anger du koden <strong>STSSIBLINGS<\/strong> n\u00e4r du bokar. Erbjudandet g\u00e5r inte att kombinera med andra rabatter.<\/p>\n<p><a href=\"\/se\/high-school\/tripfinder\/?q=\">Hitta din destination<\/a><\/p>\n<h2>Host &amp; Go<\/h2>\n<p>Tar ni emot en internationell utbytesstudent medan ditt barn reser i v\u00e4g med STS kan ni ta del av v\u00e5r Host &amp; Go rabatt. I s\u00e5dana fall f\u00e5r ni upp till <strong>5000 kr<\/strong> rabatt om ni \u00e4r v\u00e4rdfamilj ett helt \u00e5r och <strong>3000 kr<\/strong> rabatt f\u00f6r ett halvt \u00e5r. Har ni fr\u00e5gor och funderingar g\u00e4llande vad det inneb\u00e4r att vara v\u00e4rdfamilj? L\u00e4s mer om hur det fungerar, om v\u00e5ra utbytesstudenter samt g\u00f6r en intresseanm\u00e4lan f\u00f6r <a href=\"https:\/\/www.sts-education.com\/se\/darfor-ska-ni-bli-vardfamilj\/ersattning-host-and-go\/\">Host &amp;Go<\/a>!<\/p>\n<\/div><\/div><\/div>\n","protected":false},"excerpt":{"rendered":"","protected":false},"author":20,"featured_media":0,"parent":10214,"menu_order":0,"comment_status":"closed","ping_status":"closed","template":"","meta":{"_acf_changed":false,"sts_page_background_color":"","footnotes":""},"wpw_page_folders":[86],"class_list":["post-10237","page","type-page","status-publish","hentry"],"acf":[],"yoast_head":"<!-- This site is optimized with the Yoast SEO Premium plugin v27.2 (Yoast SEO v27.3) - https:\/\/yoast.com\/product\/yoast-seo-premium-wordpress\/ -->\n<title>Erbjudanden och rabatter med STS<\/title>\n<meta name=\"description\" content=\"Vi har flera erbjudanden att ta del av inf\u00f6r ditt utbytes\u00e5r med STS. Har du eller n\u00e5gon i din familj \u00e5kt med STS tidigare?\" \/>\n<meta name=\"robots\" content=\"index, follow, max-snippet:-1, max-image-preview:large, max-video-preview:-1\" \/>\n<link rel=\"canonical\" href=\"https:\/\/www.sts-education.com\/se\/high-school\/fakta-och-prisinformation\/erbjudanden\/\" \/>\n<meta property=\"og:locale\" content=\"sv_SE\" \/>\n<meta property=\"og:type\" content=\"article\" \/>\n<meta property=\"og:title\" content=\"Erbjudanden\" \/>\n<meta property=\"og:description\" content=\"Vi har flera erbjudanden att ta del av inf\u00f6r ditt utbytes\u00e5r med STS. Har du eller n\u00e5gon i din familj \u00e5kt med STS tidigare?\" \/>\n<meta property=\"og:url\" content=\"https:\/\/www.sts-education.com\/se\/high-school\/fakta-och-prisinformation\/erbjudanden\/\" \/>\n<meta property=\"og:site_name\" content=\"STS Education\" \/>\n<meta property=\"article:modified_time\" content=\"2026-04-15T09:44:55+00:00\" \/>\n<meta property=\"og:image\" content=\"https:\/\/cdn.sts-education.com\/12640_hero_lg_xl.jpg\" \/>\n<meta name=\"twitter:card\" content=\"summary_large_image\" \/>\n<meta name=\"twitter:label1\" content=\"Ber\u00e4knad l\u00e4stid\" \/>\n\t<meta name=\"twitter:data1\" content=\"2 minuter\" \/>\n<script type=\"application\/ld+json\" class=\"yoast-schema-graph\">{\"@context\":\"https:\\\/\\\/schema.org\",\"@graph\":[{\"@type\":\"WebPage\",\"@id\":\"https:\\\/\\\/www.sts-education.com\\\/se\\\/high-school\\\/fakta-och-prisinformation\\\/erbjudanden\\\/\",\"url\":\"https:\\\/\\\/www.sts-education.com\\\/se\\\/high-school\\\/fakta-och-prisinformation\\\/erbjudanden\\\/\",\"name\":\"Erbjudanden och rabatter med STS\",\"isPartOf\":{\"@id\":\"https:\\\/\\\/www.sts-education.com\\\/se\\\/#website\"},\"primaryImageOfPage\":{\"@id\":\"https:\\\/\\\/www.sts-education.com\\\/se\\\/high-school\\\/fakta-och-prisinformation\\\/erbjudanden\\\/#primaryimage\"},\"image\":{\"@id\":\"https:\\\/\\\/www.sts-education.com\\\/se\\\/high-school\\\/fakta-och-prisinformation\\\/erbjudanden\\\/#primaryimage\"},\"thumbnailUrl\":\"https:\\\/\\\/cdn.sts-education.com\\\/12640_hero_lg_xl.jpg\",\"datePublished\":\"2023-06-01T12:32:11+00:00\",\"dateModified\":\"2026-04-15T09:44:55+00:00\",\"description\":\"Vi har flera erbjudanden att ta del av inf\u00f6r ditt utbytes\u00e5r med STS. Har du eller n\u00e5gon i din familj \u00e5kt med STS tidigare?\",\"breadcrumb\":{\"@id\":\"https:\\\/\\\/www.sts-education.com\\\/se\\\/high-school\\\/fakta-och-prisinformation\\\/erbjudanden\\\/#breadcrumb\"},\"inLanguage\":\"sv-SE\",\"potentialAction\":[{\"@type\":\"ReadAction\",\"target\":[\"https:\\\/\\\/www.sts-education.com\\\/se\\\/high-school\\\/fakta-och-prisinformation\\\/erbjudanden\\\/\"]}]},{\"@type\":\"ImageObject\",\"inLanguage\":\"sv-SE\",\"@id\":\"https:\\\/\\\/www.sts-education.com\\\/se\\\/high-school\\\/fakta-och-prisinformation\\\/erbjudanden\\\/#primaryimage\",\"url\":\"https:\\\/\\\/cdn.sts-education.com\\\/12640_hero_lg_xl.jpg\",\"contentUrl\":\"https:\\\/\\\/cdn.sts-education.com\\\/12640_hero_lg_xl.jpg\"},{\"@type\":\"BreadcrumbList\",\"@id\":\"https:\\\/\\\/www.sts-education.com\\\/se\\\/high-school\\\/fakta-och-prisinformation\\\/erbjudanden\\\/#breadcrumb\",\"itemListElement\":[{\"@type\":\"ListItem\",\"position\":1,\"name\":\"Home\",\"item\":\"https:\\\/\\\/www.sts-education.com\\\/se\\\/\"},{\"@type\":\"ListItem\",\"position\":2,\"name\":\"High school\",\"item\":\"https:\\\/\\\/www.sts-education.com\\\/se\\\/high-school\\\/\"},{\"@type\":\"ListItem\",\"position\":3,\"name\":\"Fakta Och Prisinformation\",\"item\":\"https:\\\/\\\/www.sts-education.com\\\/se\\\/high-school\\\/fakta-och-prisinformation\\\/\"},{\"@type\":\"ListItem\",\"position\":4,\"name\":\"Erbjudanden\"}]},{\"@type\":\"WebSite\",\"@id\":\"https:\\\/\\\/www.sts-education.com\\\/se\\\/#website\",\"url\":\"https:\\\/\\\/www.sts-education.com\\\/se\\\/\",\"name\":\"STS Education\",\"description\":\"\",\"potentialAction\":[{\"@type\":\"SearchAction\",\"target\":{\"@type\":\"EntryPoint\",\"urlTemplate\":\"https:\\\/\\\/www.sts-education.com\\\/se\\\/?s={search_term_string}\"},\"query-input\":{\"@type\":\"PropertyValueSpecification\",\"valueRequired\":true,\"valueName\":\"search_term_string\"}}],\"inLanguage\":\"sv-SE\"}]}<\/script>\n<!-- \/ Yoast SEO Premium plugin. -->","yoast_head_json":{"title":"Erbjudanden och rabatter med STS","description":"Vi har flera erbjudanden att ta del av inf\u00f6r ditt utbytes\u00e5r med STS. Har du eller n\u00e5gon i din familj \u00e5kt med STS tidigare?","robots":{"index":"index","follow":"follow","max-snippet":"max-snippet:-1","max-image-preview":"max-image-preview:large","max-video-preview":"max-video-preview:-1"},"canonical":"https:\/\/www.sts-education.com\/se\/high-school\/fakta-och-prisinformation\/erbjudanden\/","og_locale":"sv_SE","og_type":"article","og_title":"Erbjudanden","og_description":"Vi har flera erbjudanden att ta del av inf\u00f6r ditt utbytes\u00e5r med STS. Har du eller n\u00e5gon i din familj \u00e5kt med STS tidigare?","og_url":"https:\/\/www.sts-education.com\/se\/high-school\/fakta-och-prisinformation\/erbjudanden\/","og_site_name":"STS Education","article_modified_time":"2026-04-15T09:44:55+00:00","og_image":[{"url":"https:\/\/cdn.sts-education.com\/12640_hero_lg_xl.jpg","type":"","width":"","height":""}],"twitter_card":"summary_large_image","twitter_misc":{"Ber\u00e4knad l\u00e4stid":"2 minuter"},"schema":{"@context":"https:\/\/schema.org","@graph":[{"@type":"WebPage","@id":"https:\/\/www.sts-education.com\/se\/high-school\/fakta-och-prisinformation\/erbjudanden\/","url":"https:\/\/www.sts-education.com\/se\/high-school\/fakta-och-prisinformation\/erbjudanden\/","name":"Erbjudanden och rabatter med STS","isPartOf":{"@id":"https:\/\/www.sts-education.com\/se\/#website"},"primaryImageOfPage":{"@id":"https:\/\/www.sts-education.com\/se\/high-school\/fakta-och-prisinformation\/erbjudanden\/#primaryimage"},"image":{"@id":"https:\/\/www.sts-education.com\/se\/high-school\/fakta-och-prisinformation\/erbjudanden\/#primaryimage"},"thumbnailUrl":"https:\/\/cdn.sts-education.com\/12640_hero_lg_xl.jpg","datePublished":"2023-06-01T12:32:11+00:00","dateModified":"2026-04-15T09:44:55+00:00","description":"Vi har flera erbjudanden att ta del av inf\u00f6r ditt utbytes\u00e5r med STS. Har du eller n\u00e5gon i din familj \u00e5kt med STS tidigare?","breadcrumb":{"@id":"https:\/\/www.sts-education.com\/se\/high-school\/fakta-och-prisinformation\/erbjudanden\/#breadcrumb"},"inLanguage":"sv-SE","potentialAction":[{"@type":"ReadAction","target":["https:\/\/www.sts-education.com\/se\/high-school\/fakta-och-prisinformation\/erbjudanden\/"]}]},{"@type":"ImageObject","inLanguage":"sv-SE","@id":"https:\/\/www.sts-education.com\/se\/high-school\/fakta-och-prisinformation\/erbjudanden\/#primaryimage","url":"https:\/\/cdn.sts-education.com\/12640_hero_lg_xl.jpg","contentUrl":"https:\/\/cdn.sts-education.com\/12640_hero_lg_xl.jpg"},{"@type":"BreadcrumbList","@id":"https:\/\/www.sts-education.com\/se\/high-school\/fakta-och-prisinformation\/erbjudanden\/#breadcrumb","itemListElement":[{"@type":"ListItem","position":1,"name":"Home","item":"https:\/\/www.sts-education.com\/se\/"},{"@type":"ListItem","position":2,"name":"High school","item":"https:\/\/www.sts-education.com\/se\/high-school\/"},{"@type":"ListItem","position":3,"name":"Fakta Och Prisinformation","item":"https:\/\/www.sts-education.com\/se\/high-school\/fakta-och-prisinformation\/"},{"@type":"ListItem","position":4,"name":"Erbjudanden"}]},{"@type":"WebSite","@id":"https:\/\/www.sts-education.com\/se\/#website","url":"https:\/\/www.sts-education.com\/se\/","name":"STS Education","description":"","potentialAction":[{"@type":"SearchAction","target":{"@type":"EntryPoint","urlTemplate":"https:\/\/www.sts-education.com\/se\/?s={search_term_string}"},"query-input":{"@type":"PropertyValueSpecification","valueRequired":true,"valueName":"search_term_string"}}],"inLanguage":"sv-SE"}]}},"_links":{"self":[{"href":"https:\/\/www.sts-education.com\/se\/wp-json\/wp\/v2\/pages\/10237","targetHints":{"allow":["GET"]}}],"collection":[{"href":"https:\/\/www.sts-education.com\/se\/wp-json\/wp\/v2\/pages"}],"about":[{"href":"https:\/\/www.sts-education.com\/se\/wp-json\/wp\/v2\/types\/page"}],"author":[{"embeddable":true,"href":"https:\/\/www.sts-education.com\/se\/wp-json\/wp\/v2\/users\/20"}],"replies":[{"embeddable":true,"href":"https:\/\/www.sts-education.com\/se\/wp-json\/wp\/v2\/comments?post=10237"}],"version-history":[{"count":7,"href":"https:\/\/www.sts-education.com\/se\/wp-json\/wp\/v2\/pages\/10237\/revisions"}],"predecessor-version":[{"id":35809,"href":"https:\/\/www.sts-education.com\/se\/wp-json\/wp\/v2\/pages\/10237\/revisions\/35809"}],"up":[{"embeddable":true,"href":"https:\/\/www.sts-education.com\/se\/wp-json\/wp\/v2\/pages\/10214"}],"wp:attachment":[{"href":"https:\/\/www.sts-education.com\/se\/wp-json\/wp\/v2\/media?parent=10237"}],"wp:term":[{"taxonomy":"wpw_page_folders","embeddable":true,"href":"https:\/\/www.sts-education.com\/se\/wp-json\/wp\/v2\/wpw_page_folders?post=10237"}],"curies":[{"name":"wp","href":"https:\/\/api.w.org\/{rel}","templated":true}]}}