{"id":10238,"date":"2025-12-16T10:18:50","date_gmt":"2025-12-16T10:18:50","guid":{"rendered":"https:\/\/preprod.sts-education.com\/high-school\/fakta-och-prisinformation\/tillval\/"},"modified":"2026-04-15T09:44:02","modified_gmt":"2026-04-15T09:44:02","slug":"tillval","status":"publish","type":"page","link":"https:\/\/www.sts-education.com\/se\/high-school\/fakta-och-prisinformation\/tillval\/","title":{"rendered":"Tillval"},"content":{"rendered":"\n<section class=\"wp-block-sts-hero sts-block-hero is-variant-full-background has-text-light has-background-media\" style=\"--sts-hero-padding-mobile:0px;--sts-hero-padding-desktop:0px;--sts-hero-text-color:var(--wp--preset--color--base-10, #fff);\" data-variant=\"full-background\"><div class=\"sts-block-hero__background\"><picture class=\"sts-responsive-image has-fit-cover is-skeleton\"><img src=\"https:\/\/cdn.sts-education.com\/12838_hero_lg_xl.jpg\" alt=\"Tillval\" loading=\"lazy\" decoding=\"async\" fetchpriority=\"low\" sizes=\"100vw\" \/><\/picture><span class=\"sts-block-hero__overlay\" aria-hidden=\"true\"><\/span><\/div><div class=\"sts-block-hero__inner\"><div class=\"sts-block-hero__content has-align-center\"><div class=\"sts-block-hero__content-inner\"><h1 class=\"sts-block-hero__heading\">Tillval<\/h1><\/div><\/div><\/div><\/section>\n\n\n\n<div class=\"wp-block-sts-text sts-text-editor has-max-width-md\"><div class=\"sts-text-editor__content\"><div class=\"sts-text-editor__content-inner\">\n<p>Ett utbytes\u00e5r kan se ut p\u00e5 m\u00e5nga olika s\u00e4tt. Har du speciella \u00f6nskem\u00e5l eller tillval du vill g\u00f6ra \u00e4r du alltid v\u00e4lkommen att kontakta oss. Efter 65 \u00e5r i utbildningsbranschen har vi svar och l\u00f6sningar p\u00e5 det mesta.<\/p>\n<h2>\u00d6nska din region<\/h2>\n<p>Har du en tydlig bild av var du helst vill bo i ett visst land? P\u00e5 vissa av v\u00e5ra destinationer har du m\u00f6jlighet att \u00f6nska stat, region eller stad. M\u00f6jligheten att \u00f6nska placering beror p\u00e5 vilket v\u00e4rdland du vill \u00e5ka till samt att platserna \u00e4r begr\u00e4nsade, eftersom det kr\u00e4ver en helt annan administration n\u00e4r det kommer till skolplaceringar och s\u00f6kande efter en passande v\u00e4rdfamilj.<\/p>\n<p>Om du v\u00e4ljer en stat, region eller stad \u00e4r det ett \u00f6nskem\u00e5l som du anger i samband med din ans\u00f6kan. D\u00e4r efter g\u00f6r vi v\u00e5rt allra b\u00e4sta f\u00f6r att uppfylla dina \u00f6nskem\u00e5l. Lyckas vi att uppfylla din \u00f6nskan tillkommer det en extra avgift f\u00f6r tillval av placering. <a href=\"\/se\/high-school\/tripfinder\/?q=\">Du kan l\u00e4sa mer om detta under respektive land<\/a>.<\/p>\n<h2>M\u00f6jlighet att v\u00e4lja skola<\/h2>\n<p>Ibland kan det vara viktigt f\u00f6r en utbyteselev att studera ett special\u00e4mne eller en specialsport i en speciell stad under sitt utbytes\u00e5r. D\u00e5 erbjuder vi ett program som kallas STS High School Select. Det \u00e4r en annan typ av produkt och programavgiften \u00e4r betydligt h\u00f6gre eftersom du skr\u00e4ddarsyr ditt program och ofta f\u00e5r g\u00e5 p\u00e5 en privat skola med andra programavgifter. \u00c4r du intresserad kan du <a href=\"https:\/\/www.sts-education.com\/se\/high-school\/infor-ditt-utbytesar\/high-school-select\/\">l\u00e4sa mer om High School Select h\u00e4r<\/a>.<\/p>\n<h2>Extra resor under din vistelse<\/h2>\n<p>P\u00e5 de flesta av v\u00e5ra destinationer anordnas extra resor f\u00f6r v\u00e5ra utbytesstudenter i landet. Exakt vilka resor det blir vet vi f\u00f6rst n\u00e4r du \u00e4r p\u00e5 plats, men det \u00e4r en fantastisk m\u00f6jlighet att utforska platser och st\u00e4der i ditt v\u00e4rdland. Samtidigt f\u00e5r du ocks\u00e5 chansen att tr\u00e4ffa andra utbytesstudenter som g\u00f6r en liknande resa som du. Anm\u00e4lan och betalning till v\u00e5ra extra resor g\u00f6rs n\u00e4r du \u00e4r p\u00e5 plats i ditt v\u00e4rdland.<\/p>\n<\/div><\/div><\/div>\n","protected":false},"excerpt":{"rendered":"","protected":false},"author":20,"featured_media":0,"parent":10214,"menu_order":0,"comment_status":"closed","ping_status":"closed","template":"templates\/template-default-with-breadcrumbs.php","meta":{"_acf_changed":false,"sts_page_background_color":"","footnotes":""},"wpw_page_folders":[86],"class_list":["post-10238","page","type-page","status-publish","hentry"],"acf":[],"yoast_head":"<!-- This site is optimized with the Yoast SEO Premium plugin v27.2 (Yoast SEO v27.3) - https:\/\/yoast.com\/product\/yoast-seo-premium-wordpress\/ -->\n<title>Specifika \u00f6nskem\u00e5l och tillval till ditt utbytes\u00e5r | STS<\/title>\n<meta name=\"description\" content=\"Ett utbytes\u00e5r kan se ut p\u00e5 m\u00e5na olika s\u00e4tt. Har du speciella \u00f6nskem\u00e5l eller tillval du vill g\u00f6ra \u00e4r du alltid v\u00e4lkommen att kontakta oss.\" \/>\n<meta name=\"robots\" content=\"index, follow, max-snippet:-1, max-image-preview:large, max-video-preview:-1\" \/>\n<link rel=\"canonical\" href=\"https:\/\/www.sts-education.com\/se\/high-school\/fakta-och-prisinformation\/tillval\/\" \/>\n<meta property=\"og:locale\" content=\"sv_SE\" \/>\n<meta property=\"og:type\" content=\"article\" \/>\n<meta property=\"og:title\" content=\"Tillval\" \/>\n<meta property=\"og:description\" content=\"Ett utbytes\u00e5r kan se ut p\u00e5 m\u00e5na olika s\u00e4tt. Har du speciella \u00f6nskem\u00e5l eller tillval du vill g\u00f6ra \u00e4r du alltid v\u00e4lkommen att kontakta oss.\" \/>\n<meta property=\"og:url\" content=\"https:\/\/www.sts-education.com\/se\/high-school\/fakta-och-prisinformation\/tillval\/\" \/>\n<meta property=\"og:site_name\" content=\"STS Education\" \/>\n<meta property=\"article:modified_time\" content=\"2026-04-15T09:44:02+00:00\" \/>\n<meta property=\"og:image\" content=\"https:\/\/cdn.sts-education.com\/12838_hero_lg_xl.jpg\" \/>\n<meta name=\"twitter:card\" content=\"summary_large_image\" \/>\n<meta name=\"twitter:label1\" content=\"Ber\u00e4knad l\u00e4stid\" \/>\n\t<meta name=\"twitter:data1\" content=\"2 minuter\" \/>\n<script type=\"application\/ld+json\" class=\"yoast-schema-graph\">{\"@context\":\"https:\\\/\\\/schema.org\",\"@graph\":[{\"@type\":\"WebPage\",\"@id\":\"https:\\\/\\\/www.sts-education.com\\\/se\\\/high-school\\\/fakta-och-prisinformation\\\/tillval\\\/\",\"url\":\"https:\\\/\\\/www.sts-education.com\\\/se\\\/high-school\\\/fakta-och-prisinformation\\\/tillval\\\/\",\"name\":\"Specifika \u00f6nskem\u00e5l och tillval till ditt utbytes\u00e5r | STS\",\"isPartOf\":{\"@id\":\"https:\\\/\\\/www.sts-education.com\\\/se\\\/#website\"},\"primaryImageOfPage\":{\"@id\":\"https:\\\/\\\/www.sts-education.com\\\/se\\\/high-school\\\/fakta-och-prisinformation\\\/tillval\\\/#primaryimage\"},\"image\":{\"@id\":\"https:\\\/\\\/www.sts-education.com\\\/se\\\/high-school\\\/fakta-och-prisinformation\\\/tillval\\\/#primaryimage\"},\"thumbnailUrl\":\"https:\\\/\\\/cdn.sts-education.com\\\/12838_hero_lg_xl.jpg\",\"datePublished\":\"2025-12-16T10:18:50+00:00\",\"dateModified\":\"2026-04-15T09:44:02+00:00\",\"description\":\"Ett utbytes\u00e5r kan se ut p\u00e5 m\u00e5na olika s\u00e4tt. Har du speciella \u00f6nskem\u00e5l eller tillval du vill g\u00f6ra \u00e4r du alltid v\u00e4lkommen att kontakta oss.\",\"breadcrumb\":{\"@id\":\"https:\\\/\\\/www.sts-education.com\\\/se\\\/high-school\\\/fakta-och-prisinformation\\\/tillval\\\/#breadcrumb\"},\"inLanguage\":\"sv-SE\",\"potentialAction\":[{\"@type\":\"ReadAction\",\"target\":[\"https:\\\/\\\/www.sts-education.com\\\/se\\\/high-school\\\/fakta-och-prisinformation\\\/tillval\\\/\"]}]},{\"@type\":\"ImageObject\",\"inLanguage\":\"sv-SE\",\"@id\":\"https:\\\/\\\/www.sts-education.com\\\/se\\\/high-school\\\/fakta-och-prisinformation\\\/tillval\\\/#primaryimage\",\"url\":\"https:\\\/\\\/cdn.sts-education.com\\\/12838_hero_lg_xl.jpg\",\"contentUrl\":\"https:\\\/\\\/cdn.sts-education.com\\\/12838_hero_lg_xl.jpg\"},{\"@type\":\"BreadcrumbList\",\"@id\":\"https:\\\/\\\/www.sts-education.com\\\/se\\\/high-school\\\/fakta-och-prisinformation\\\/tillval\\\/#breadcrumb\",\"itemListElement\":[{\"@type\":\"ListItem\",\"position\":1,\"name\":\"Home\",\"item\":\"https:\\\/\\\/www.sts-education.com\\\/se\\\/\"},{\"@type\":\"ListItem\",\"position\":2,\"name\":\"High school\",\"item\":\"https:\\\/\\\/www.sts-education.com\\\/se\\\/high-school\\\/\"},{\"@type\":\"ListItem\",\"position\":3,\"name\":\"Fakta Och Prisinformation\",\"item\":\"https:\\\/\\\/www.sts-education.com\\\/se\\\/high-school\\\/fakta-och-prisinformation\\\/\"},{\"@type\":\"ListItem\",\"position\":4,\"name\":\"Tillval\"}]},{\"@type\":\"WebSite\",\"@id\":\"https:\\\/\\\/www.sts-education.com\\\/se\\\/#website\",\"url\":\"https:\\\/\\\/www.sts-education.com\\\/se\\\/\",\"name\":\"STS Education\",\"description\":\"\",\"potentialAction\":[{\"@type\":\"SearchAction\",\"target\":{\"@type\":\"EntryPoint\",\"urlTemplate\":\"https:\\\/\\\/www.sts-education.com\\\/se\\\/?s={search_term_string}\"},\"query-input\":{\"@type\":\"PropertyValueSpecification\",\"valueRequired\":true,\"valueName\":\"search_term_string\"}}],\"inLanguage\":\"sv-SE\"}]}<\/script>\n<!-- \/ Yoast SEO Premium plugin. -->","yoast_head_json":{"title":"Specifika \u00f6nskem\u00e5l och tillval till ditt utbytes\u00e5r | STS","description":"Ett utbytes\u00e5r kan se ut p\u00e5 m\u00e5na olika s\u00e4tt. Har du speciella \u00f6nskem\u00e5l eller tillval du vill g\u00f6ra \u00e4r du alltid v\u00e4lkommen att kontakta oss.","robots":{"index":"index","follow":"follow","max-snippet":"max-snippet:-1","max-image-preview":"max-image-preview:large","max-video-preview":"max-video-preview:-1"},"canonical":"https:\/\/www.sts-education.com\/se\/high-school\/fakta-och-prisinformation\/tillval\/","og_locale":"sv_SE","og_type":"article","og_title":"Tillval","og_description":"Ett utbytes\u00e5r kan se ut p\u00e5 m\u00e5na olika s\u00e4tt. Har du speciella \u00f6nskem\u00e5l eller tillval du vill g\u00f6ra \u00e4r du alltid v\u00e4lkommen att kontakta oss.","og_url":"https:\/\/www.sts-education.com\/se\/high-school\/fakta-och-prisinformation\/tillval\/","og_site_name":"STS Education","article_modified_time":"2026-04-15T09:44:02+00:00","og_image":[{"url":"https:\/\/cdn.sts-education.com\/12838_hero_lg_xl.jpg","type":"","width":"","height":""}],"twitter_card":"summary_large_image","twitter_misc":{"Ber\u00e4knad l\u00e4stid":"2 minuter"},"schema":{"@context":"https:\/\/schema.org","@graph":[{"@type":"WebPage","@id":"https:\/\/www.sts-education.com\/se\/high-school\/fakta-och-prisinformation\/tillval\/","url":"https:\/\/www.sts-education.com\/se\/high-school\/fakta-och-prisinformation\/tillval\/","name":"Specifika \u00f6nskem\u00e5l och tillval till ditt utbytes\u00e5r | STS","isPartOf":{"@id":"https:\/\/www.sts-education.com\/se\/#website"},"primaryImageOfPage":{"@id":"https:\/\/www.sts-education.com\/se\/high-school\/fakta-och-prisinformation\/tillval\/#primaryimage"},"image":{"@id":"https:\/\/www.sts-education.com\/se\/high-school\/fakta-och-prisinformation\/tillval\/#primaryimage"},"thumbnailUrl":"https:\/\/cdn.sts-education.com\/12838_hero_lg_xl.jpg","datePublished":"2025-12-16T10:18:50+00:00","dateModified":"2026-04-15T09:44:02+00:00","description":"Ett utbytes\u00e5r kan se ut p\u00e5 m\u00e5na olika s\u00e4tt. Har du speciella \u00f6nskem\u00e5l eller tillval du vill g\u00f6ra \u00e4r du alltid v\u00e4lkommen att kontakta oss.","breadcrumb":{"@id":"https:\/\/www.sts-education.com\/se\/high-school\/fakta-och-prisinformation\/tillval\/#breadcrumb"},"inLanguage":"sv-SE","potentialAction":[{"@type":"ReadAction","target":["https:\/\/www.sts-education.com\/se\/high-school\/fakta-och-prisinformation\/tillval\/"]}]},{"@type":"ImageObject","inLanguage":"sv-SE","@id":"https:\/\/www.sts-education.com\/se\/high-school\/fakta-och-prisinformation\/tillval\/#primaryimage","url":"https:\/\/cdn.sts-education.com\/12838_hero_lg_xl.jpg","contentUrl":"https:\/\/cdn.sts-education.com\/12838_hero_lg_xl.jpg"},{"@type":"BreadcrumbList","@id":"https:\/\/www.sts-education.com\/se\/high-school\/fakta-och-prisinformation\/tillval\/#breadcrumb","itemListElement":[{"@type":"ListItem","position":1,"name":"Home","item":"https:\/\/www.sts-education.com\/se\/"},{"@type":"ListItem","position":2,"name":"High school","item":"https:\/\/www.sts-education.com\/se\/high-school\/"},{"@type":"ListItem","position":3,"name":"Fakta Och Prisinformation","item":"https:\/\/www.sts-education.com\/se\/high-school\/fakta-och-prisinformation\/"},{"@type":"ListItem","position":4,"name":"Tillval"}]},{"@type":"WebSite","@id":"https:\/\/www.sts-education.com\/se\/#website","url":"https:\/\/www.sts-education.com\/se\/","name":"STS Education","description":"","potentialAction":[{"@type":"SearchAction","target":{"@type":"EntryPoint","urlTemplate":"https:\/\/www.sts-education.com\/se\/?s={search_term_string}"},"query-input":{"@type":"PropertyValueSpecification","valueRequired":true,"valueName":"search_term_string"}}],"inLanguage":"sv-SE"}]}},"_links":{"self":[{"href":"https:\/\/www.sts-education.com\/se\/wp-json\/wp\/v2\/pages\/10238","targetHints":{"allow":["GET"]}}],"collection":[{"href":"https:\/\/www.sts-education.com\/se\/wp-json\/wp\/v2\/pages"}],"about":[{"href":"https:\/\/www.sts-education.com\/se\/wp-json\/wp\/v2\/types\/page"}],"author":[{"embeddable":true,"href":"https:\/\/www.sts-education.com\/se\/wp-json\/wp\/v2\/users\/20"}],"replies":[{"embeddable":true,"href":"https:\/\/www.sts-education.com\/se\/wp-json\/wp\/v2\/comments?post=10238"}],"version-history":[{"count":5,"href":"https:\/\/www.sts-education.com\/se\/wp-json\/wp\/v2\/pages\/10238\/revisions"}],"predecessor-version":[{"id":35757,"href":"https:\/\/www.sts-education.com\/se\/wp-json\/wp\/v2\/pages\/10238\/revisions\/35757"}],"up":[{"embeddable":true,"href":"https:\/\/www.sts-education.com\/se\/wp-json\/wp\/v2\/pages\/10214"}],"wp:attachment":[{"href":"https:\/\/www.sts-education.com\/se\/wp-json\/wp\/v2\/media?parent=10238"}],"wp:term":[{"taxonomy":"wpw_page_folders","embeddable":true,"href":"https:\/\/www.sts-education.com\/se\/wp-json\/wp\/v2\/wpw_page_folders?post=10238"}],"curies":[{"name":"wp","href":"https:\/\/api.w.org\/{rel}","templated":true}]}}