{"id":10239,"date":"2025-12-16T10:09:44","date_gmt":"2025-12-16T10:09:44","guid":{"rendered":"https:\/\/preprod.sts-education.com\/high-school\/infor-ditt-utbytesar\/10-saker-att-ta-med-pa-ett-utbytesar\/"},"modified":"2026-04-01T01:26:17","modified_gmt":"2026-04-01T01:26:17","slug":"10-saker-att-ta-med-pa-ett-utbytesar","status":"publish","type":"page","link":"https:\/\/www.sts-education.com\/se\/high-school\/infor-ditt-utbytesar\/10-saker-att-ta-med-pa-ett-utbytesar\/","title":{"rendered":"10 Saker Att Ta Med Pa Ett Utbytesar"},"content":{"rendered":"\n<section class=\"wp-block-sts-hero sts-block-hero is-variant-full-background has-text-light has-background-media\" style=\"--sts-hero-padding-mobile:0px;--sts-hero-padding-desktop:0px;--sts-hero-text-color:var(--wp--preset--color--base-10, #fff);\" data-variant=\"full-background\"><div class=\"sts-block-hero__background\"><picture class=\"sts-responsive-image has-fit-cover is-skeleton\"><img src=\"https:\/\/cdn.sts-education.com\/11090_hero_lg_xl.jpg\" alt=\"10 saker att ta med p\u00e5 ett utbytes\u00e5r\" loading=\"lazy\" decoding=\"async\" fetchpriority=\"low\" sizes=\"100vw\" \/><\/picture><span class=\"sts-block-hero__overlay\" aria-hidden=\"true\"><\/span><\/div><div class=\"sts-block-hero__inner\"><div class=\"sts-block-hero__content has-align-center\"><div class=\"sts-block-hero__content-inner\"><h1 class=\"sts-block-hero__heading\">10 saker att ta med p\u00e5 ett utbytes\u00e5r<\/h1><\/div><\/div><\/div><\/section>\n\n\n\n<div class=\"wp-block-sts-text sts-text-editor has-max-width-md\"><div class=\"sts-text-editor__content\"><div class=\"sts-text-editor__content-inner\">\n<p>T\u00e4nk p\u00e5 att packa s\u00e5 l\u00e4tt som m\u00f6jligt. Du hinner samla p\u00e5 dig en massa nya saker under ett helt \u00e5r som du \u00e4r borta och du vill troligtvis f\u00e5 med dig allt tillbaka hem igen. Men n\u00e5gra saker som kan vara bra att ha med sig \u00e4r:<\/p>\n\n<ol><li>Pass, eventuella vaccinationsintyg och visum<\/li>\n<li>Telefon, h\u00f6rlurar och eventuell kamera<\/li>\n<li>Dator<\/li>\n<li>Laddare och adapter om ditt v\u00e4rdland har andra eluttag \u00e4n det du har hemma.<\/li>\n<li>Receptbelagda l\u00e4kemedel<\/li>\n<li>Hygienartiklar f\u00f6r den f\u00f6rsta tiden p\u00e5 plats<\/li>\n<li>Om du har glas\u00f6gon, ta g\u00e4rna med ett extra par<\/li>\n<li>Kl\u00e4der, kommer du att ha uniform p\u00e5 skolan eller finns det andra kl\u00e4dkoder att ta h\u00e4nsyn till? T\u00e4nk ocks\u00e5 p\u00e5 att du kommer att k\u00f6pa en hel del kl\u00e4der p\u00e5 plats. <\/li>\n<li>Din favoritsak som du inte vill vara utan<\/li>\n<li>En liten present till din v\u00e4rdfamilj. Det beh\u00f6ver inte vara n\u00e5got stort eller p\u00e5kostat. Ditt favoritgodis eller en kokbok med recept fr\u00e5n ditt land \u00e4r en utm\u00e4rkt present!<\/li><\/ol>\n\n<p>N\u00e4r du f\u00e5tt kontakt med din v\u00e4rdfamilj, fr\u00e5ga g\u00e4rna dem om tips ocks\u00e5!<\/p>\n<\/div><\/div><\/div>\n\n","protected":false},"excerpt":{"rendered":"","protected":false},"author":20,"featured_media":16194,"parent":10216,"menu_order":0,"comment_status":"closed","ping_status":"closed","template":"","meta":{"_acf_changed":false,"sts_page_background_color":"","footnotes":""},"wpw_page_folders":[80],"class_list":["post-10239","page","type-page","status-publish","has-post-thumbnail","hentry"],"acf":[],"yoast_head":"<!-- This site is optimized with the Yoast SEO Premium plugin v27.2 (Yoast SEO v27.3) - https:\/\/yoast.com\/product\/yoast-seo-premium-wordpress\/ -->\n<title>10 saker att ta med p\u00e5 ditt utbytes\u00e5r<\/title>\n<meta name=\"description\" content=\"Det \u00e4r mycket att t\u00e4nka p\u00e5 inf\u00f6r avresan till ditt utbytes\u00e5r. H\u00e4r har vi listat 10 saker som \u00e4r bra att ta med.\" \/>\n<meta name=\"robots\" content=\"index, follow, max-snippet:-1, max-image-preview:large, max-video-preview:-1\" \/>\n<link rel=\"canonical\" href=\"https:\/\/www.sts-education.com\/se\/high-school\/infor-ditt-utbytesar\/10-saker-att-ta-med-pa-ett-utbytesar\/\" \/>\n<meta property=\"og:locale\" content=\"sv_SE\" \/>\n<meta property=\"og:type\" content=\"article\" \/>\n<meta property=\"og:title\" content=\"10 Saker Att Ta Med Pa Ett Utbytesar\" \/>\n<meta property=\"og:description\" content=\"Det \u00e4r mycket att t\u00e4nka p\u00e5 inf\u00f6r avresan till ditt utbytes\u00e5r. H\u00e4r har vi listat 10 saker som \u00e4r bra att ta med.\" \/>\n<meta property=\"og:url\" content=\"https:\/\/www.sts-education.com\/se\/high-school\/infor-ditt-utbytesar\/10-saker-att-ta-med-pa-ett-utbytesar\/\" \/>\n<meta property=\"og:site_name\" content=\"STS Education\" \/>\n<meta property=\"article:modified_time\" content=\"2026-04-01T01:26:17+00:00\" \/>\n<meta property=\"og:image\" content=\"https:\/\/powered-by.qbank.se\/educatius\/sts\/\/85617c1aa79c47e1a5a41ee38a7b25bd_1-1-thumb.webp\" \/>\n\t<meta property=\"og:image:width\" content=\"150\" \/>\n\t<meta property=\"og:image:height\" content=\"150\" \/>\n\t<meta property=\"og:image:type\" content=\"image\/jpeg\" \/>\n<meta name=\"twitter:card\" content=\"summary_large_image\" \/>\n<meta name=\"twitter:label1\" content=\"Ber\u00e4knad l\u00e4stid\" \/>\n\t<meta name=\"twitter:data1\" content=\"1 minut\" \/>\n<script type=\"application\/ld+json\" class=\"yoast-schema-graph\">{\"@context\":\"https:\\\/\\\/schema.org\",\"@graph\":[{\"@type\":\"WebPage\",\"@id\":\"https:\\\/\\\/www.sts-education.com\\\/se\\\/high-school\\\/infor-ditt-utbytesar\\\/10-saker-att-ta-med-pa-ett-utbytesar\\\/\",\"url\":\"https:\\\/\\\/www.sts-education.com\\\/se\\\/high-school\\\/infor-ditt-utbytesar\\\/10-saker-att-ta-med-pa-ett-utbytesar\\\/\",\"name\":\"10 saker att ta med p\u00e5 ditt utbytes\u00e5r\",\"isPartOf\":{\"@id\":\"https:\\\/\\\/www.sts-education.com\\\/se\\\/#website\"},\"primaryImageOfPage\":{\"@id\":\"https:\\\/\\\/www.sts-education.com\\\/se\\\/high-school\\\/infor-ditt-utbytesar\\\/10-saker-att-ta-med-pa-ett-utbytesar\\\/#primaryimage\"},\"image\":{\"@id\":\"https:\\\/\\\/www.sts-education.com\\\/se\\\/high-school\\\/infor-ditt-utbytesar\\\/10-saker-att-ta-med-pa-ett-utbytesar\\\/#primaryimage\"},\"thumbnailUrl\":\"https:\\\/\\\/powered-by.qbank.se\\\/educatius\\\/sts\\\/\\\/85617c1aa79c47e1a5a41ee38a7b25bd_1-1-thumb.webp\",\"datePublished\":\"2025-12-16T10:09:44+00:00\",\"dateModified\":\"2026-04-01T01:26:17+00:00\",\"description\":\"Det \u00e4r mycket att t\u00e4nka p\u00e5 inf\u00f6r avresan till ditt utbytes\u00e5r. H\u00e4r har vi listat 10 saker som \u00e4r bra att ta med.\",\"breadcrumb\":{\"@id\":\"https:\\\/\\\/www.sts-education.com\\\/se\\\/high-school\\\/infor-ditt-utbytesar\\\/10-saker-att-ta-med-pa-ett-utbytesar\\\/#breadcrumb\"},\"inLanguage\":\"sv-SE\",\"potentialAction\":[{\"@type\":\"ReadAction\",\"target\":[\"https:\\\/\\\/www.sts-education.com\\\/se\\\/high-school\\\/infor-ditt-utbytesar\\\/10-saker-att-ta-med-pa-ett-utbytesar\\\/\"]}]},{\"@type\":\"ImageObject\",\"inLanguage\":\"sv-SE\",\"@id\":\"https:\\\/\\\/www.sts-education.com\\\/se\\\/high-school\\\/infor-ditt-utbytesar\\\/10-saker-att-ta-med-pa-ett-utbytesar\\\/#primaryimage\",\"url\":\"https:\\\/\\\/powered-by.qbank.se\\\/educatius\\\/sts\\\/\\\/85617c1aa79c47e1a5a41ee38a7b25bd_1-1-thumb.webp\",\"contentUrl\":\"https:\\\/\\\/powered-by.qbank.se\\\/educatius\\\/sts\\\/\\\/85617c1aa79c47e1a5a41ee38a7b25bd_1-1-thumb.webp\",\"width\":150,\"height\":150},{\"@type\":\"BreadcrumbList\",\"@id\":\"https:\\\/\\\/www.sts-education.com\\\/se\\\/high-school\\\/infor-ditt-utbytesar\\\/10-saker-att-ta-med-pa-ett-utbytesar\\\/#breadcrumb\",\"itemListElement\":[{\"@type\":\"ListItem\",\"position\":1,\"name\":\"Home\",\"item\":\"https:\\\/\\\/www.sts-education.com\\\/se\\\/\"},{\"@type\":\"ListItem\",\"position\":2,\"name\":\"High school\",\"item\":\"https:\\\/\\\/www.sts-education.com\\\/se\\\/high-school\\\/\"},{\"@type\":\"ListItem\",\"position\":3,\"name\":\"Infor Ditt Utbytesar\",\"item\":\"https:\\\/\\\/www.sts-education.com\\\/se\\\/high-school\\\/infor-ditt-utbytesar\\\/\"},{\"@type\":\"ListItem\",\"position\":4,\"name\":\"10 Saker Att Ta Med Pa Ett Utbytesar\"}]},{\"@type\":\"WebSite\",\"@id\":\"https:\\\/\\\/www.sts-education.com\\\/se\\\/#website\",\"url\":\"https:\\\/\\\/www.sts-education.com\\\/se\\\/\",\"name\":\"STS Education\",\"description\":\"\",\"potentialAction\":[{\"@type\":\"SearchAction\",\"target\":{\"@type\":\"EntryPoint\",\"urlTemplate\":\"https:\\\/\\\/www.sts-education.com\\\/se\\\/?s={search_term_string}\"},\"query-input\":{\"@type\":\"PropertyValueSpecification\",\"valueRequired\":true,\"valueName\":\"search_term_string\"}}],\"inLanguage\":\"sv-SE\"}]}<\/script>\n<!-- \/ Yoast SEO Premium plugin. -->","yoast_head_json":{"title":"10 saker att ta med p\u00e5 ditt utbytes\u00e5r","description":"Det \u00e4r mycket att t\u00e4nka p\u00e5 inf\u00f6r avresan till ditt utbytes\u00e5r. H\u00e4r har vi listat 10 saker som \u00e4r bra att ta med.","robots":{"index":"index","follow":"follow","max-snippet":"max-snippet:-1","max-image-preview":"max-image-preview:large","max-video-preview":"max-video-preview:-1"},"canonical":"https:\/\/www.sts-education.com\/se\/high-school\/infor-ditt-utbytesar\/10-saker-att-ta-med-pa-ett-utbytesar\/","og_locale":"sv_SE","og_type":"article","og_title":"10 Saker Att Ta Med Pa Ett Utbytesar","og_description":"Det \u00e4r mycket att t\u00e4nka p\u00e5 inf\u00f6r avresan till ditt utbytes\u00e5r. H\u00e4r har vi listat 10 saker som \u00e4r bra att ta med.","og_url":"https:\/\/www.sts-education.com\/se\/high-school\/infor-ditt-utbytesar\/10-saker-att-ta-med-pa-ett-utbytesar\/","og_site_name":"STS Education","article_modified_time":"2026-04-01T01:26:17+00:00","og_image":[{"width":150,"height":150,"url":"https:\/\/powered-by.qbank.se\/educatius\/sts\/\/85617c1aa79c47e1a5a41ee38a7b25bd_1-1-thumb.webp","type":"image\/jpeg"}],"twitter_card":"summary_large_image","twitter_misc":{"Ber\u00e4knad l\u00e4stid":"1 minut"},"schema":{"@context":"https:\/\/schema.org","@graph":[{"@type":"WebPage","@id":"https:\/\/www.sts-education.com\/se\/high-school\/infor-ditt-utbytesar\/10-saker-att-ta-med-pa-ett-utbytesar\/","url":"https:\/\/www.sts-education.com\/se\/high-school\/infor-ditt-utbytesar\/10-saker-att-ta-med-pa-ett-utbytesar\/","name":"10 saker att ta med p\u00e5 ditt utbytes\u00e5r","isPartOf":{"@id":"https:\/\/www.sts-education.com\/se\/#website"},"primaryImageOfPage":{"@id":"https:\/\/www.sts-education.com\/se\/high-school\/infor-ditt-utbytesar\/10-saker-att-ta-med-pa-ett-utbytesar\/#primaryimage"},"image":{"@id":"https:\/\/www.sts-education.com\/se\/high-school\/infor-ditt-utbytesar\/10-saker-att-ta-med-pa-ett-utbytesar\/#primaryimage"},"thumbnailUrl":"https:\/\/powered-by.qbank.se\/educatius\/sts\/\/85617c1aa79c47e1a5a41ee38a7b25bd_1-1-thumb.webp","datePublished":"2025-12-16T10:09:44+00:00","dateModified":"2026-04-01T01:26:17+00:00","description":"Det \u00e4r mycket att t\u00e4nka p\u00e5 inf\u00f6r avresan till ditt utbytes\u00e5r. H\u00e4r har vi listat 10 saker som \u00e4r bra att ta med.","breadcrumb":{"@id":"https:\/\/www.sts-education.com\/se\/high-school\/infor-ditt-utbytesar\/10-saker-att-ta-med-pa-ett-utbytesar\/#breadcrumb"},"inLanguage":"sv-SE","potentialAction":[{"@type":"ReadAction","target":["https:\/\/www.sts-education.com\/se\/high-school\/infor-ditt-utbytesar\/10-saker-att-ta-med-pa-ett-utbytesar\/"]}]},{"@type":"ImageObject","inLanguage":"sv-SE","@id":"https:\/\/www.sts-education.com\/se\/high-school\/infor-ditt-utbytesar\/10-saker-att-ta-med-pa-ett-utbytesar\/#primaryimage","url":"https:\/\/powered-by.qbank.se\/educatius\/sts\/\/85617c1aa79c47e1a5a41ee38a7b25bd_1-1-thumb.webp","contentUrl":"https:\/\/powered-by.qbank.se\/educatius\/sts\/\/85617c1aa79c47e1a5a41ee38a7b25bd_1-1-thumb.webp","width":150,"height":150},{"@type":"BreadcrumbList","@id":"https:\/\/www.sts-education.com\/se\/high-school\/infor-ditt-utbytesar\/10-saker-att-ta-med-pa-ett-utbytesar\/#breadcrumb","itemListElement":[{"@type":"ListItem","position":1,"name":"Home","item":"https:\/\/www.sts-education.com\/se\/"},{"@type":"ListItem","position":2,"name":"High school","item":"https:\/\/www.sts-education.com\/se\/high-school\/"},{"@type":"ListItem","position":3,"name":"Infor Ditt Utbytesar","item":"https:\/\/www.sts-education.com\/se\/high-school\/infor-ditt-utbytesar\/"},{"@type":"ListItem","position":4,"name":"10 Saker Att Ta Med Pa Ett Utbytesar"}]},{"@type":"WebSite","@id":"https:\/\/www.sts-education.com\/se\/#website","url":"https:\/\/www.sts-education.com\/se\/","name":"STS Education","description":"","potentialAction":[{"@type":"SearchAction","target":{"@type":"EntryPoint","urlTemplate":"https:\/\/www.sts-education.com\/se\/?s={search_term_string}"},"query-input":{"@type":"PropertyValueSpecification","valueRequired":true,"valueName":"search_term_string"}}],"inLanguage":"sv-SE"}]}},"_links":{"self":[{"href":"https:\/\/www.sts-education.com\/se\/wp-json\/wp\/v2\/pages\/10239","targetHints":{"allow":["GET"]}}],"collection":[{"href":"https:\/\/www.sts-education.com\/se\/wp-json\/wp\/v2\/pages"}],"about":[{"href":"https:\/\/www.sts-education.com\/se\/wp-json\/wp\/v2\/types\/page"}],"author":[{"embeddable":true,"href":"https:\/\/www.sts-education.com\/se\/wp-json\/wp\/v2\/users\/20"}],"replies":[{"embeddable":true,"href":"https:\/\/www.sts-education.com\/se\/wp-json\/wp\/v2\/comments?post=10239"}],"version-history":[{"count":2,"href":"https:\/\/www.sts-education.com\/se\/wp-json\/wp\/v2\/pages\/10239\/revisions"}],"predecessor-version":[{"id":20082,"href":"https:\/\/www.sts-education.com\/se\/wp-json\/wp\/v2\/pages\/10239\/revisions\/20082"}],"up":[{"embeddable":true,"href":"https:\/\/www.sts-education.com\/se\/wp-json\/wp\/v2\/pages\/10216"}],"wp:featuredmedia":[{"embeddable":true,"href":"https:\/\/www.sts-education.com\/se\/wp-json\/wp\/v2\/media\/16194"}],"wp:attachment":[{"href":"https:\/\/www.sts-education.com\/se\/wp-json\/wp\/v2\/media?parent=10239"}],"wp:term":[{"taxonomy":"wpw_page_folders","embeddable":true,"href":"https:\/\/www.sts-education.com\/se\/wp-json\/wp\/v2\/wpw_page_folders?post=10239"}],"curies":[{"name":"wp","href":"https:\/\/api.w.org\/{rel}","templated":true}]}}