{"id":10240,"date":"2025-12-16T10:08:36","date_gmt":"2025-12-16T10:08:36","guid":{"rendered":"https:\/\/preprod.sts-education.com\/high-school\/infor-ditt-utbytesar\/forbered-dig-med-vara-sprakkurser\/"},"modified":"2026-04-15T09:44:13","modified_gmt":"2026-04-15T09:44:13","slug":"forbered-dig-med-vara-sprakkurser","status":"publish","type":"page","link":"https:\/\/www.sts-education.com\/se\/high-school\/infor-ditt-utbytesar\/forbered-dig-med-vara-sprakkurser\/","title":{"rendered":"Forbered Dig Med Vara Sprakkurser"},"content":{"rendered":"\n<section class=\"wp-block-sts-hero sts-block-hero is-variant-full-background has-text-light has-background-media\" style=\"--sts-hero-padding-mobile:0px;--sts-hero-padding-desktop:0px;--sts-hero-text-color:var(--wp--preset--color--base-10, #fff);\" data-variant=\"full-background\"><div class=\"sts-block-hero__background\"><picture class=\"sts-responsive-image has-fit-cover is-skeleton\"><img src=\"https:\/\/cdn.sts-education.com\/13655_hero_lg_xl.jpg\" alt=\"F\u00f6rbered dig med en spr\u00e5kkurs!\" loading=\"lazy\" decoding=\"async\" fetchpriority=\"low\" sizes=\"100vw\" \/><\/picture><span class=\"sts-block-hero__overlay\" aria-hidden=\"true\"><\/span><\/div><div class=\"sts-block-hero__inner\"><div class=\"sts-block-hero__content has-align-center\"><div class=\"sts-block-hero__content-inner\"><h1 class=\"sts-block-hero__heading\">F\u00f6rbered dig med en spr\u00e5kkurs!<\/h1><\/div><\/div><\/div><\/section>\n\n\n\n<div class=\"wp-block-sts-text sts-text-editor has-max-width-md\"><div class=\"sts-text-editor__content\"><div class=\"sts-text-editor__content-inner\">\n<p>Ska du \u00e5ka p\u00e5 ett utbytes\u00e5r till ett engelsk-, spansk-, tysk- eller italienskspr\u00e5kigt land? F\u00f6rbered dig med v\u00e5r digitala spr\u00e5kkurs! Den hj\u00e4lper dig att beh\u00e4rska spr\u00e5ket n\u00e4r du v\u00e4l \u00e4r p\u00e5 plats och g\u00f6r det l\u00e4ttare att f\u00f6rst\u00e5 vad dina nya v\u00e4nner, din v\u00e4rdfamilj och dina l\u00e4rare s\u00e4ger redan fr\u00e5n b\u00f6rjan.<\/p>\n\n<h2>Under dessa kurser kommer du att l\u00e4ra dig<\/h2>\n\n<ul><li>I sm\u00e5 klasser online. Du kommer att ha samma klasskamrater och l\u00e4rare under hela kursen.<\/li>\n<li>Funktionellt spr\u00e5k f\u00f6r vardagliga situationer som du kommer att m\u00f6ta under ditt utlands\u00e5r.<\/li>\n<li>Culture Corners \u2013 interaktiva sessioner d\u00e4r du utforskar traditioner och vardagsliv i destinationslandet.<\/li><\/ul>\n\n<p>Sessionerna f\u00f6rdjupar din f\u00f6rst\u00e5else f\u00f6r det lokala livet, vilket g\u00f6r ditt utlands\u00e5r b\u00e5de spr\u00e5kligt berikande och kulturellt meningsfullt.<\/p>\n\n<p>Du f\u00e5r ocks\u00e5 ett intyg om deltagande i slutet av kursen!<\/p>\n\n<h2>Startdatum och tider<\/h2>\n\n<p><strong>Engelska<\/strong> (se <a href=\"https:\/\/www.sts-education.com\/se\/high-school\/destinationer\/nordamerika\/usa\/#tillval\">pris<\/a>)<\/p>\n\n<p><strong>Spanska, Tyska, Italienska, Franska<\/strong><\/p>\n\n<p>Kurserna finns p\u00e5 olika niv\u00e5er, omfattar 15 timmars studier och b\u00f6rjar vanligtvis i april.<\/p>\n\n<p><a href=\"https:\/\/www.sts-education.com\/se\/high-school\/destinationer\/europa\/spanien\/#tillval\">Pris f\u00f6r spanskakurs<\/a><\/p>\n\n<p><a href=\"https:\/\/www.sts-education.com\/se\/high-school\/destinationer\/europa\/tyskland\/#tillval\">Pris f\u00f6r tyskakurs<\/a><\/p>\n\n<p><a href=\"https:\/\/www.sts-education.com\/se\/high-school\/destinationer\/europa\/italien\/#tillval\">Pris f\u00f6r italienskakurs<\/a><\/p>\n\n<p><a href=\"https:\/\/www.sts-education.com\/se\/high-school\/destinationer\/europa\/frankrike\/#tillval\">Pris f\u00f6r franskakurs<\/a><\/p>\n\n<p><a href=\"https:\/\/www.sts-education.com\/se\/om-sts\/kontakta-oss\/\">Kontakta oss<\/a> f\u00f6r att f\u00e5 veta mer.<\/p>\n<\/div><\/div><\/div>\n","protected":false},"excerpt":{"rendered":"","protected":false},"author":20,"featured_media":0,"parent":10216,"menu_order":0,"comment_status":"closed","ping_status":"closed","template":"templates\/template-default-with-breadcrumbs.php","meta":{"_acf_changed":false,"sts_page_background_color":"","footnotes":""},"wpw_page_folders":[80],"class_list":["post-10240","page","type-page","status-publish","hentry"],"acf":[],"yoast_head":"<!-- This site is optimized with the Yoast SEO Premium plugin v27.2 (Yoast SEO v27.3) - https:\/\/yoast.com\/product\/yoast-seo-premium-wordpress\/ -->\n<title>F\u00f6rbered dig med en spr\u00e5kkurs!<\/title>\n<meta name=\"description\" content=\"Ska du \u00e5ka p\u00e5 ett utbytes\u00e5r till ett engelsk-, spansk-, tysk- eller italienskspr\u00e5kigt land? F\u00f6rbered dig med v\u00e5r digitala spr\u00e5kkurs!\" \/>\n<meta name=\"robots\" content=\"index, follow, max-snippet:-1, max-image-preview:large, max-video-preview:-1\" \/>\n<link rel=\"canonical\" href=\"https:\/\/www.sts-education.com\/se\/high-school\/infor-ditt-utbytesar\/forbered-dig-med-vara-sprakkurser\/\" \/>\n<meta property=\"og:locale\" content=\"sv_SE\" \/>\n<meta property=\"og:type\" content=\"article\" \/>\n<meta property=\"og:title\" content=\"Forbered Dig Med Vara Sprakkurser\" \/>\n<meta property=\"og:description\" content=\"Ska du \u00e5ka p\u00e5 ett utbytes\u00e5r till ett engelsk-, spansk-, tysk- eller italienskspr\u00e5kigt land? F\u00f6rbered dig med v\u00e5r digitala spr\u00e5kkurs!\" \/>\n<meta property=\"og:url\" content=\"https:\/\/www.sts-education.com\/se\/high-school\/infor-ditt-utbytesar\/forbered-dig-med-vara-sprakkurser\/\" \/>\n<meta property=\"og:site_name\" content=\"STS Education\" \/>\n<meta property=\"article:modified_time\" content=\"2026-04-15T09:44:13+00:00\" \/>\n<meta property=\"og:image\" content=\"https:\/\/cdn.sts-education.com\/13655_hero_lg_xl.jpg\" \/>\n<meta name=\"twitter:card\" content=\"summary_large_image\" \/>\n<meta name=\"twitter:label1\" content=\"Ber\u00e4knad l\u00e4stid\" \/>\n\t<meta name=\"twitter:data1\" content=\"1 minut\" \/>\n<script type=\"application\/ld+json\" class=\"yoast-schema-graph\">{\"@context\":\"https:\\\/\\\/schema.org\",\"@graph\":[{\"@type\":\"WebPage\",\"@id\":\"https:\\\/\\\/www.sts-education.com\\\/se\\\/high-school\\\/infor-ditt-utbytesar\\\/forbered-dig-med-vara-sprakkurser\\\/\",\"url\":\"https:\\\/\\\/www.sts-education.com\\\/se\\\/high-school\\\/infor-ditt-utbytesar\\\/forbered-dig-med-vara-sprakkurser\\\/\",\"name\":\"F\u00f6rbered dig med en spr\u00e5kkurs!\",\"isPartOf\":{\"@id\":\"https:\\\/\\\/www.sts-education.com\\\/se\\\/#website\"},\"primaryImageOfPage\":{\"@id\":\"https:\\\/\\\/www.sts-education.com\\\/se\\\/high-school\\\/infor-ditt-utbytesar\\\/forbered-dig-med-vara-sprakkurser\\\/#primaryimage\"},\"image\":{\"@id\":\"https:\\\/\\\/www.sts-education.com\\\/se\\\/high-school\\\/infor-ditt-utbytesar\\\/forbered-dig-med-vara-sprakkurser\\\/#primaryimage\"},\"thumbnailUrl\":\"https:\\\/\\\/cdn.sts-education.com\\\/13655_hero_lg_xl.jpg\",\"datePublished\":\"2025-12-16T10:08:36+00:00\",\"dateModified\":\"2026-04-15T09:44:13+00:00\",\"description\":\"Ska du \u00e5ka p\u00e5 ett utbytes\u00e5r till ett engelsk-, spansk-, tysk- eller italienskspr\u00e5kigt land? F\u00f6rbered dig med v\u00e5r digitala spr\u00e5kkurs!\",\"breadcrumb\":{\"@id\":\"https:\\\/\\\/www.sts-education.com\\\/se\\\/high-school\\\/infor-ditt-utbytesar\\\/forbered-dig-med-vara-sprakkurser\\\/#breadcrumb\"},\"inLanguage\":\"sv-SE\",\"potentialAction\":[{\"@type\":\"ReadAction\",\"target\":[\"https:\\\/\\\/www.sts-education.com\\\/se\\\/high-school\\\/infor-ditt-utbytesar\\\/forbered-dig-med-vara-sprakkurser\\\/\"]}]},{\"@type\":\"ImageObject\",\"inLanguage\":\"sv-SE\",\"@id\":\"https:\\\/\\\/www.sts-education.com\\\/se\\\/high-school\\\/infor-ditt-utbytesar\\\/forbered-dig-med-vara-sprakkurser\\\/#primaryimage\",\"url\":\"https:\\\/\\\/cdn.sts-education.com\\\/13655_hero_lg_xl.jpg\",\"contentUrl\":\"https:\\\/\\\/cdn.sts-education.com\\\/13655_hero_lg_xl.jpg\"},{\"@type\":\"BreadcrumbList\",\"@id\":\"https:\\\/\\\/www.sts-education.com\\\/se\\\/high-school\\\/infor-ditt-utbytesar\\\/forbered-dig-med-vara-sprakkurser\\\/#breadcrumb\",\"itemListElement\":[{\"@type\":\"ListItem\",\"position\":1,\"name\":\"Home\",\"item\":\"https:\\\/\\\/www.sts-education.com\\\/se\\\/\"},{\"@type\":\"ListItem\",\"position\":2,\"name\":\"High school\",\"item\":\"https:\\\/\\\/www.sts-education.com\\\/se\\\/high-school\\\/\"},{\"@type\":\"ListItem\",\"position\":3,\"name\":\"Infor Ditt Utbytesar\",\"item\":\"https:\\\/\\\/www.sts-education.com\\\/se\\\/high-school\\\/infor-ditt-utbytesar\\\/\"},{\"@type\":\"ListItem\",\"position\":4,\"name\":\"Forbered Dig Med Vara Sprakkurser\"}]},{\"@type\":\"WebSite\",\"@id\":\"https:\\\/\\\/www.sts-education.com\\\/se\\\/#website\",\"url\":\"https:\\\/\\\/www.sts-education.com\\\/se\\\/\",\"name\":\"STS Education\",\"description\":\"\",\"potentialAction\":[{\"@type\":\"SearchAction\",\"target\":{\"@type\":\"EntryPoint\",\"urlTemplate\":\"https:\\\/\\\/www.sts-education.com\\\/se\\\/?s={search_term_string}\"},\"query-input\":{\"@type\":\"PropertyValueSpecification\",\"valueRequired\":true,\"valueName\":\"search_term_string\"}}],\"inLanguage\":\"sv-SE\"}]}<\/script>\n<!-- \/ Yoast SEO Premium plugin. -->","yoast_head_json":{"title":"F\u00f6rbered dig med en spr\u00e5kkurs!","description":"Ska du \u00e5ka p\u00e5 ett utbytes\u00e5r till ett engelsk-, spansk-, tysk- eller italienskspr\u00e5kigt land? F\u00f6rbered dig med v\u00e5r digitala spr\u00e5kkurs!","robots":{"index":"index","follow":"follow","max-snippet":"max-snippet:-1","max-image-preview":"max-image-preview:large","max-video-preview":"max-video-preview:-1"},"canonical":"https:\/\/www.sts-education.com\/se\/high-school\/infor-ditt-utbytesar\/forbered-dig-med-vara-sprakkurser\/","og_locale":"sv_SE","og_type":"article","og_title":"Forbered Dig Med Vara Sprakkurser","og_description":"Ska du \u00e5ka p\u00e5 ett utbytes\u00e5r till ett engelsk-, spansk-, tysk- eller italienskspr\u00e5kigt land? F\u00f6rbered dig med v\u00e5r digitala spr\u00e5kkurs!","og_url":"https:\/\/www.sts-education.com\/se\/high-school\/infor-ditt-utbytesar\/forbered-dig-med-vara-sprakkurser\/","og_site_name":"STS Education","article_modified_time":"2026-04-15T09:44:13+00:00","og_image":[{"url":"https:\/\/cdn.sts-education.com\/13655_hero_lg_xl.jpg","type":"","width":"","height":""}],"twitter_card":"summary_large_image","twitter_misc":{"Ber\u00e4knad l\u00e4stid":"1 minut"},"schema":{"@context":"https:\/\/schema.org","@graph":[{"@type":"WebPage","@id":"https:\/\/www.sts-education.com\/se\/high-school\/infor-ditt-utbytesar\/forbered-dig-med-vara-sprakkurser\/","url":"https:\/\/www.sts-education.com\/se\/high-school\/infor-ditt-utbytesar\/forbered-dig-med-vara-sprakkurser\/","name":"F\u00f6rbered dig med en spr\u00e5kkurs!","isPartOf":{"@id":"https:\/\/www.sts-education.com\/se\/#website"},"primaryImageOfPage":{"@id":"https:\/\/www.sts-education.com\/se\/high-school\/infor-ditt-utbytesar\/forbered-dig-med-vara-sprakkurser\/#primaryimage"},"image":{"@id":"https:\/\/www.sts-education.com\/se\/high-school\/infor-ditt-utbytesar\/forbered-dig-med-vara-sprakkurser\/#primaryimage"},"thumbnailUrl":"https:\/\/cdn.sts-education.com\/13655_hero_lg_xl.jpg","datePublished":"2025-12-16T10:08:36+00:00","dateModified":"2026-04-15T09:44:13+00:00","description":"Ska du \u00e5ka p\u00e5 ett utbytes\u00e5r till ett engelsk-, spansk-, tysk- eller italienskspr\u00e5kigt land? F\u00f6rbered dig med v\u00e5r digitala spr\u00e5kkurs!","breadcrumb":{"@id":"https:\/\/www.sts-education.com\/se\/high-school\/infor-ditt-utbytesar\/forbered-dig-med-vara-sprakkurser\/#breadcrumb"},"inLanguage":"sv-SE","potentialAction":[{"@type":"ReadAction","target":["https:\/\/www.sts-education.com\/se\/high-school\/infor-ditt-utbytesar\/forbered-dig-med-vara-sprakkurser\/"]}]},{"@type":"ImageObject","inLanguage":"sv-SE","@id":"https:\/\/www.sts-education.com\/se\/high-school\/infor-ditt-utbytesar\/forbered-dig-med-vara-sprakkurser\/#primaryimage","url":"https:\/\/cdn.sts-education.com\/13655_hero_lg_xl.jpg","contentUrl":"https:\/\/cdn.sts-education.com\/13655_hero_lg_xl.jpg"},{"@type":"BreadcrumbList","@id":"https:\/\/www.sts-education.com\/se\/high-school\/infor-ditt-utbytesar\/forbered-dig-med-vara-sprakkurser\/#breadcrumb","itemListElement":[{"@type":"ListItem","position":1,"name":"Home","item":"https:\/\/www.sts-education.com\/se\/"},{"@type":"ListItem","position":2,"name":"High school","item":"https:\/\/www.sts-education.com\/se\/high-school\/"},{"@type":"ListItem","position":3,"name":"Infor Ditt Utbytesar","item":"https:\/\/www.sts-education.com\/se\/high-school\/infor-ditt-utbytesar\/"},{"@type":"ListItem","position":4,"name":"Forbered Dig Med Vara Sprakkurser"}]},{"@type":"WebSite","@id":"https:\/\/www.sts-education.com\/se\/#website","url":"https:\/\/www.sts-education.com\/se\/","name":"STS Education","description":"","potentialAction":[{"@type":"SearchAction","target":{"@type":"EntryPoint","urlTemplate":"https:\/\/www.sts-education.com\/se\/?s={search_term_string}"},"query-input":{"@type":"PropertyValueSpecification","valueRequired":true,"valueName":"search_term_string"}}],"inLanguage":"sv-SE"}]}},"_links":{"self":[{"href":"https:\/\/www.sts-education.com\/se\/wp-json\/wp\/v2\/pages\/10240","targetHints":{"allow":["GET"]}}],"collection":[{"href":"https:\/\/www.sts-education.com\/se\/wp-json\/wp\/v2\/pages"}],"about":[{"href":"https:\/\/www.sts-education.com\/se\/wp-json\/wp\/v2\/types\/page"}],"author":[{"embeddable":true,"href":"https:\/\/www.sts-education.com\/se\/wp-json\/wp\/v2\/users\/20"}],"replies":[{"embeddable":true,"href":"https:\/\/www.sts-education.com\/se\/wp-json\/wp\/v2\/comments?post=10240"}],"version-history":[{"count":6,"href":"https:\/\/www.sts-education.com\/se\/wp-json\/wp\/v2\/pages\/10240\/revisions"}],"predecessor-version":[{"id":35773,"href":"https:\/\/www.sts-education.com\/se\/wp-json\/wp\/v2\/pages\/10240\/revisions\/35773"}],"up":[{"embeddable":true,"href":"https:\/\/www.sts-education.com\/se\/wp-json\/wp\/v2\/pages\/10216"}],"wp:attachment":[{"href":"https:\/\/www.sts-education.com\/se\/wp-json\/wp\/v2\/media?parent=10240"}],"wp:term":[{"taxonomy":"wpw_page_folders","embeddable":true,"href":"https:\/\/www.sts-education.com\/se\/wp-json\/wp\/v2\/wpw_page_folders?post=10240"}],"curies":[{"name":"wp","href":"https:\/\/api.w.org\/{rel}","templated":true}]}}