{"id":10241,"date":"2025-12-16T10:07:58","date_gmt":"2025-12-16T10:07:58","guid":{"rendered":"https:\/\/preprod.sts-education.com\/high-school\/infor-ditt-utbytesar\/high-school-select\/"},"modified":"2026-04-15T11:39:51","modified_gmt":"2026-04-15T11:39:51","slug":"high-school-select","status":"publish","type":"page","link":"https:\/\/www.sts-education.com\/se\/high-school\/infor-ditt-utbytesar\/high-school-select\/","title":{"rendered":"High School Select"},"content":{"rendered":"\n<section class=\"wp-block-sts-hero sts-block-hero sts-block-hero is-variant-full-background has-text-light has-background-media\" style=\"--sts-hero-padding-mobile:0px;--sts-hero-padding-desktop:0px;--sts-hero-text-color:var(--wp--preset--color--base-10, #fff)\" data-variant=\"full-background\"><div class=\"sts-block-hero__background\"><picture class=\"sts-responsive-image has-pos-center is-skeleton\"><img src=\"https:\/\/cdn.sts-education.com\/12561_hero_lg_xl.jpg\" alt=\"V\u00e4lj mellan Classic och Select\" loading=\"lazy\" decoding=\"async\" fetchpriority=\"low\" sizes=\"(max-width: 640px) max(100vw, calc(clamp(320px, 100vh, 720px) * 9 \/ 16)), (max-width: 840px) max(100vw, calc(clamp(320px, 100vh, 720px) * 1 \/ 1)), max(100vw, calc(clamp(320px, 100vh, 720px) * 16 \/ 9))\" style=\"object-position:center\"\/><\/picture><span class=\"sts-block-hero__overlay\" aria-hidden=\"true\"><\/span><\/div><div class=\"sts-block-hero__inner\"><div class=\"sts-block-hero__content has-align-center\"><div class=\"sts-block-hero__content-inner\"><h1 class=\"sts-block-hero__heading\">V\u00e4lj mellan Classic och Select<\/h1><\/div><\/div><\/div><\/section>\n\n\n\n<div class=\"wp-block-sts-text sts-text-editor has-max-width-md\"><div class=\"sts-text-editor__content\"><div class=\"sts-text-editor__content-inner\">\n<p>Ett utbytes\u00e5r \u00e4r en spr\u00e5ngbr\u00e4da till att n\u00e5 din fulla potential och din framtid ligger i dina h\u00e4nder. Valet att \u00e5ka ett \u00e5r utomlands i unga \u00e5r och g\u00e5 p\u00e5 high school \u00e4r mycket l\u00e4rorikt och de som \u00e5ker talar ofta om att det var det b\u00e4sta \u00e5r de haft.<\/p>\n<p><strong>STS High School Classic<\/strong> \u00e4r det traditionella utbytesprogrammet p\u00e5 high school-niv\u00e5 som de allra flesta av v\u00e5ra studenter v\u00e4ljer. Det \u00e4r det perfekta programmet f\u00f6r dig som vill f\u00e5 en \u00e4kta high school-upplevelse utomlands. Du placeras i en v\u00e4rdfamilj i det land du valt och du blir genast en del av din familj som du snart kallar din egen. Du g\u00e5r p\u00e5 en lokal high school d\u00e4r du tr\u00e4ffar nya skolkamrater som bor i omr\u00e5det. Skolorna v\u00e4lkomnar v\u00e5ra utbytesstudenter och du kommer snabbt att k\u00e4nna dig hemma p\u00e5 din skola. Till n\u00e5gra av v\u00e5ra destinationer kan du \u00f6nska ett omr\u00e5de eller delstat mot en extra kostnad. L\u00e4s mer om vad som g\u00e4ller under <a href=\"\/se\/high-school\/tripfinder\/?q=\">respektive destination<\/a>.<\/p>\n<p>Ibland kan det vara viktigt f\u00f6r en utbyteselev att studera ett special\u00e4mne eller en specialsport. D\u00e5 erbjuder vi ett program som kallas <strong>STS High School Select<\/strong>. Det inneb\u00e4r ofta att du g\u00e5r p\u00e5 en privat skola och att du betalar en extra programavgift. Du kan best\u00e4mma vilken stad som du vill bo i och i de flesta fall kan du ocks\u00e5 best\u00e4mma exakt vilken skola du vill g\u00e5 p\u00e5. Detta \u00e4r viktigt om du vill ta speciallektioner i n\u00e5got speciellt \u00e4mne, idrotta eller spela ett speciellt instrument under ditt utbytes\u00e5r. Vi har den h\u00e4r typen av program i <a href=\"https:\/\/www.sts-education.com\/se\/high-school\/destinationer\/nordamerika\/usa\/\">USA<\/a>, <a href=\"https:\/\/www.sts-education.com\/se\/high-school\/destinationer\/nordamerika\/kanada\/\">Kanada<\/a>, <a href=\"https:\/\/www.sts-education.com\/se\/high-school\/destinationer\/oceanien\/australien\/\">Australien<\/a>, <a href=\"https:\/\/www.sts-education.com\/se\/high-school\/destinationer\/oceanien\/nya-zeeland\/\">Nya Zealand<\/a> och <a href=\"https:\/\/www.sts-education.com\/se\/high-school\/destinationer\/europa\/storbritannien\/\">Storbritannien<\/a>. L\u00e4s mer om v\u00e5ra Selectprogram under respektive destination och kontakta oss f\u00f6r mer information.<\/p>\n<p>Vi hj\u00e4lper dig g\u00e4rna. Genom att l\u00e4ra k\u00e4nna dig kan vi tillsammans hitta den b\u00e4sta staden och skolan efter dina \u00f6nskem\u00e5l. Och kom ih\u00e5g, oavsett vad du v\u00e4ljer kommer det h\u00e4r att bli den b\u00e4sta tiden i ditt liv!<\/p>\n<\/div><\/div><\/div>\n","protected":false},"excerpt":{"rendered":"","protected":false},"author":20,"featured_media":16197,"parent":10216,"menu_order":0,"comment_status":"closed","ping_status":"closed","template":"templates\/template-default-with-breadcrumbs.php","meta":{"_acf_changed":false,"sts_page_background_color":"","footnotes":""},"wpw_page_folders":[80],"class_list":["post-10241","page","type-page","status-publish","has-post-thumbnail","hentry"],"acf":[],"yoast_head":"<!-- This site is optimized with the Yoast SEO Premium plugin v27.2 (Yoast SEO v27.3) - https:\/\/yoast.com\/product\/yoast-seo-premium-wordpress\/ -->\n<title>Anpassa ditt utbytes\u00e5r efter dina \u00f6nskem\u00e5l<\/title>\n<meta name=\"description\" content=\"De allra flera studenter v\u00e4ljer v\u00e5rt traditionella utbytesprogram. Men vill du l\u00e4sa ett special\u00e4mne eller ut\u00f6va en specifik sport erbjuder vi v\u00e5rt Selectprogram.\" \/>\n<meta name=\"robots\" content=\"index, follow, max-snippet:-1, max-image-preview:large, max-video-preview:-1\" \/>\n<link rel=\"canonical\" href=\"https:\/\/www.sts-education.com\/se\/high-school\/infor-ditt-utbytesar\/high-school-select\/\" \/>\n<meta property=\"og:locale\" content=\"sv_SE\" \/>\n<meta property=\"og:type\" content=\"article\" \/>\n<meta property=\"og:title\" content=\"High School Select\" \/>\n<meta property=\"og:description\" content=\"De allra flera studenter v\u00e4ljer v\u00e5rt traditionella utbytesprogram. Men vill du l\u00e4sa ett special\u00e4mne eller ut\u00f6va en specifik sport erbjuder vi v\u00e5rt Selectprogram.\" \/>\n<meta property=\"og:url\" content=\"https:\/\/www.sts-education.com\/se\/high-school\/infor-ditt-utbytesar\/high-school-select\/\" \/>\n<meta property=\"og:site_name\" content=\"STS Education\" \/>\n<meta property=\"article:modified_time\" content=\"2026-04-15T11:39:51+00:00\" \/>\n<meta property=\"og:image\" content=\"https:\/\/powered-by.qbank.se\/educatius\/sts\/\/1f2700e23e28608434f21942f3298107_1-1-thumb.webp\" \/>\n\t<meta property=\"og:image:width\" content=\"150\" \/>\n\t<meta property=\"og:image:height\" content=\"150\" \/>\n\t<meta property=\"og:image:type\" content=\"image\/jpeg\" \/>\n<meta name=\"twitter:card\" content=\"summary_large_image\" \/>\n<meta name=\"twitter:label1\" content=\"Ber\u00e4knad l\u00e4stid\" \/>\n\t<meta name=\"twitter:data1\" content=\"2 minuter\" \/>\n<script type=\"application\/ld+json\" class=\"yoast-schema-graph\">{\"@context\":\"https:\\\/\\\/schema.org\",\"@graph\":[{\"@type\":\"WebPage\",\"@id\":\"https:\\\/\\\/www.sts-education.com\\\/se\\\/high-school\\\/infor-ditt-utbytesar\\\/high-school-select\\\/\",\"url\":\"https:\\\/\\\/www.sts-education.com\\\/se\\\/high-school\\\/infor-ditt-utbytesar\\\/high-school-select\\\/\",\"name\":\"Anpassa ditt utbytes\u00e5r efter dina \u00f6nskem\u00e5l\",\"isPartOf\":{\"@id\":\"https:\\\/\\\/www.sts-education.com\\\/se\\\/#website\"},\"primaryImageOfPage\":{\"@id\":\"https:\\\/\\\/www.sts-education.com\\\/se\\\/high-school\\\/infor-ditt-utbytesar\\\/high-school-select\\\/#primaryimage\"},\"image\":{\"@id\":\"https:\\\/\\\/www.sts-education.com\\\/se\\\/high-school\\\/infor-ditt-utbytesar\\\/high-school-select\\\/#primaryimage\"},\"thumbnailUrl\":\"https:\\\/\\\/powered-by.qbank.se\\\/educatius\\\/sts\\\/\\\/1f2700e23e28608434f21942f3298107_1-1-thumb.webp\",\"datePublished\":\"2025-12-16T10:07:58+00:00\",\"dateModified\":\"2026-04-15T11:39:51+00:00\",\"description\":\"De allra flera studenter v\u00e4ljer v\u00e5rt traditionella utbytesprogram. Men vill du l\u00e4sa ett special\u00e4mne eller ut\u00f6va en specifik sport erbjuder vi v\u00e5rt Selectprogram.\",\"breadcrumb\":{\"@id\":\"https:\\\/\\\/www.sts-education.com\\\/se\\\/high-school\\\/infor-ditt-utbytesar\\\/high-school-select\\\/#breadcrumb\"},\"inLanguage\":\"sv-SE\",\"potentialAction\":[{\"@type\":\"ReadAction\",\"target\":[\"https:\\\/\\\/www.sts-education.com\\\/se\\\/high-school\\\/infor-ditt-utbytesar\\\/high-school-select\\\/\"]}]},{\"@type\":\"ImageObject\",\"inLanguage\":\"sv-SE\",\"@id\":\"https:\\\/\\\/www.sts-education.com\\\/se\\\/high-school\\\/infor-ditt-utbytesar\\\/high-school-select\\\/#primaryimage\",\"url\":\"https:\\\/\\\/powered-by.qbank.se\\\/educatius\\\/sts\\\/\\\/1f2700e23e28608434f21942f3298107_1-1-thumb.webp\",\"contentUrl\":\"https:\\\/\\\/powered-by.qbank.se\\\/educatius\\\/sts\\\/\\\/1f2700e23e28608434f21942f3298107_1-1-thumb.webp\",\"width\":150,\"height\":150},{\"@type\":\"BreadcrumbList\",\"@id\":\"https:\\\/\\\/www.sts-education.com\\\/se\\\/high-school\\\/infor-ditt-utbytesar\\\/high-school-select\\\/#breadcrumb\",\"itemListElement\":[{\"@type\":\"ListItem\",\"position\":1,\"name\":\"Home\",\"item\":\"https:\\\/\\\/www.sts-education.com\\\/se\\\/\"},{\"@type\":\"ListItem\",\"position\":2,\"name\":\"High school\",\"item\":\"https:\\\/\\\/www.sts-education.com\\\/se\\\/high-school\\\/\"},{\"@type\":\"ListItem\",\"position\":3,\"name\":\"Infor Ditt Utbytesar\",\"item\":\"https:\\\/\\\/www.sts-education.com\\\/se\\\/high-school\\\/infor-ditt-utbytesar\\\/\"},{\"@type\":\"ListItem\",\"position\":4,\"name\":\"High School Select\"}]},{\"@type\":\"WebSite\",\"@id\":\"https:\\\/\\\/www.sts-education.com\\\/se\\\/#website\",\"url\":\"https:\\\/\\\/www.sts-education.com\\\/se\\\/\",\"name\":\"STS Education\",\"description\":\"\",\"potentialAction\":[{\"@type\":\"SearchAction\",\"target\":{\"@type\":\"EntryPoint\",\"urlTemplate\":\"https:\\\/\\\/www.sts-education.com\\\/se\\\/?s={search_term_string}\"},\"query-input\":{\"@type\":\"PropertyValueSpecification\",\"valueRequired\":true,\"valueName\":\"search_term_string\"}}],\"inLanguage\":\"sv-SE\"}]}<\/script>\n<!-- \/ Yoast SEO Premium plugin. -->","yoast_head_json":{"title":"Anpassa ditt utbytes\u00e5r efter dina \u00f6nskem\u00e5l","description":"De allra flera studenter v\u00e4ljer v\u00e5rt traditionella utbytesprogram. Men vill du l\u00e4sa ett special\u00e4mne eller ut\u00f6va en specifik sport erbjuder vi v\u00e5rt Selectprogram.","robots":{"index":"index","follow":"follow","max-snippet":"max-snippet:-1","max-image-preview":"max-image-preview:large","max-video-preview":"max-video-preview:-1"},"canonical":"https:\/\/www.sts-education.com\/se\/high-school\/infor-ditt-utbytesar\/high-school-select\/","og_locale":"sv_SE","og_type":"article","og_title":"High School Select","og_description":"De allra flera studenter v\u00e4ljer v\u00e5rt traditionella utbytesprogram. Men vill du l\u00e4sa ett special\u00e4mne eller ut\u00f6va en specifik sport erbjuder vi v\u00e5rt Selectprogram.","og_url":"https:\/\/www.sts-education.com\/se\/high-school\/infor-ditt-utbytesar\/high-school-select\/","og_site_name":"STS Education","article_modified_time":"2026-04-15T11:39:51+00:00","og_image":[{"width":150,"height":150,"url":"https:\/\/powered-by.qbank.se\/educatius\/sts\/\/1f2700e23e28608434f21942f3298107_1-1-thumb.webp","type":"image\/jpeg"}],"twitter_card":"summary_large_image","twitter_misc":{"Ber\u00e4knad l\u00e4stid":"2 minuter"},"schema":{"@context":"https:\/\/schema.org","@graph":[{"@type":"WebPage","@id":"https:\/\/www.sts-education.com\/se\/high-school\/infor-ditt-utbytesar\/high-school-select\/","url":"https:\/\/www.sts-education.com\/se\/high-school\/infor-ditt-utbytesar\/high-school-select\/","name":"Anpassa ditt utbytes\u00e5r efter dina \u00f6nskem\u00e5l","isPartOf":{"@id":"https:\/\/www.sts-education.com\/se\/#website"},"primaryImageOfPage":{"@id":"https:\/\/www.sts-education.com\/se\/high-school\/infor-ditt-utbytesar\/high-school-select\/#primaryimage"},"image":{"@id":"https:\/\/www.sts-education.com\/se\/high-school\/infor-ditt-utbytesar\/high-school-select\/#primaryimage"},"thumbnailUrl":"https:\/\/powered-by.qbank.se\/educatius\/sts\/\/1f2700e23e28608434f21942f3298107_1-1-thumb.webp","datePublished":"2025-12-16T10:07:58+00:00","dateModified":"2026-04-15T11:39:51+00:00","description":"De allra flera studenter v\u00e4ljer v\u00e5rt traditionella utbytesprogram. Men vill du l\u00e4sa ett special\u00e4mne eller ut\u00f6va en specifik sport erbjuder vi v\u00e5rt Selectprogram.","breadcrumb":{"@id":"https:\/\/www.sts-education.com\/se\/high-school\/infor-ditt-utbytesar\/high-school-select\/#breadcrumb"},"inLanguage":"sv-SE","potentialAction":[{"@type":"ReadAction","target":["https:\/\/www.sts-education.com\/se\/high-school\/infor-ditt-utbytesar\/high-school-select\/"]}]},{"@type":"ImageObject","inLanguage":"sv-SE","@id":"https:\/\/www.sts-education.com\/se\/high-school\/infor-ditt-utbytesar\/high-school-select\/#primaryimage","url":"https:\/\/powered-by.qbank.se\/educatius\/sts\/\/1f2700e23e28608434f21942f3298107_1-1-thumb.webp","contentUrl":"https:\/\/powered-by.qbank.se\/educatius\/sts\/\/1f2700e23e28608434f21942f3298107_1-1-thumb.webp","width":150,"height":150},{"@type":"BreadcrumbList","@id":"https:\/\/www.sts-education.com\/se\/high-school\/infor-ditt-utbytesar\/high-school-select\/#breadcrumb","itemListElement":[{"@type":"ListItem","position":1,"name":"Home","item":"https:\/\/www.sts-education.com\/se\/"},{"@type":"ListItem","position":2,"name":"High school","item":"https:\/\/www.sts-education.com\/se\/high-school\/"},{"@type":"ListItem","position":3,"name":"Infor Ditt Utbytesar","item":"https:\/\/www.sts-education.com\/se\/high-school\/infor-ditt-utbytesar\/"},{"@type":"ListItem","position":4,"name":"High School Select"}]},{"@type":"WebSite","@id":"https:\/\/www.sts-education.com\/se\/#website","url":"https:\/\/www.sts-education.com\/se\/","name":"STS Education","description":"","potentialAction":[{"@type":"SearchAction","target":{"@type":"EntryPoint","urlTemplate":"https:\/\/www.sts-education.com\/se\/?s={search_term_string}"},"query-input":{"@type":"PropertyValueSpecification","valueRequired":true,"valueName":"search_term_string"}}],"inLanguage":"sv-SE"}]}},"_links":{"self":[{"href":"https:\/\/www.sts-education.com\/se\/wp-json\/wp\/v2\/pages\/10241","targetHints":{"allow":["GET"]}}],"collection":[{"href":"https:\/\/www.sts-education.com\/se\/wp-json\/wp\/v2\/pages"}],"about":[{"href":"https:\/\/www.sts-education.com\/se\/wp-json\/wp\/v2\/types\/page"}],"author":[{"embeddable":true,"href":"https:\/\/www.sts-education.com\/se\/wp-json\/wp\/v2\/users\/20"}],"replies":[{"embeddable":true,"href":"https:\/\/www.sts-education.com\/se\/wp-json\/wp\/v2\/comments?post=10241"}],"version-history":[{"count":8,"href":"https:\/\/www.sts-education.com\/se\/wp-json\/wp\/v2\/pages\/10241\/revisions"}],"predecessor-version":[{"id":36935,"href":"https:\/\/www.sts-education.com\/se\/wp-json\/wp\/v2\/pages\/10241\/revisions\/36935"}],"up":[{"embeddable":true,"href":"https:\/\/www.sts-education.com\/se\/wp-json\/wp\/v2\/pages\/10216"}],"wp:featuredmedia":[{"embeddable":true,"href":"https:\/\/www.sts-education.com\/se\/wp-json\/wp\/v2\/media\/16197"}],"wp:attachment":[{"href":"https:\/\/www.sts-education.com\/se\/wp-json\/wp\/v2\/media?parent=10241"}],"wp:term":[{"taxonomy":"wpw_page_folders","embeddable":true,"href":"https:\/\/www.sts-education.com\/se\/wp-json\/wp\/v2\/wpw_page_folders?post=10241"}],"curies":[{"name":"wp","href":"https:\/\/api.w.org\/{rel}","templated":true}]}}