{"id":10242,"date":"2025-12-16T10:07:29","date_gmt":"2025-12-16T10:07:29","guid":{"rendered":"https:\/\/preprod.sts-education.com\/high-school\/infor-ditt-utbytesar\/traffa-oss\/"},"modified":"2026-04-02T14:29:04","modified_gmt":"2026-04-02T14:29:04","slug":"traffa-oss","status":"publish","type":"page","link":"https:\/\/www.sts-education.com\/se\/high-school\/infor-ditt-utbytesar\/traffa-oss\/","title":{"rendered":"Traffa Oss"},"content":{"rendered":"\n<section class=\"wp-block-sts-hero sts-block-hero sts-block-hero is-variant-full-background has-text-light has-background-media\" style=\"--sts-hero-padding-mobile:0px;--sts-hero-padding-desktop:0px;--sts-hero-text-color:var(--wp--preset--color--base-10, #fff)\" data-variant=\"full-background\"><div class=\"sts-block-hero__background\"><picture class=\"sts-responsive-image has-pos-center is-skeleton\"><img src=\"https:\/\/cdn.sts-education.com\/13768_hero_lg_xl.jpg\" alt=\"Allt du beh\u00f6ver veta\" loading=\"lazy\" decoding=\"async\" fetchpriority=\"low\" sizes=\"(max-width: 640px) max(100vw, calc(clamp(320px, 100vh, 720px) * 9 \/ 16)), (max-width: 840px) max(100vw, calc(clamp(320px, 100vh, 720px) * 1 \/ 1)), max(100vw, calc(clamp(320px, 100vh, 720px) * 16 \/ 9))\" style=\"object-position:center\"\/><\/picture><span class=\"sts-block-hero__overlay\" aria-hidden=\"true\"><\/span><\/div><div class=\"sts-block-hero__inner\"><div class=\"sts-block-hero__content has-align-center\"><div class=\"sts-block-hero__content-inner\"><h1 class=\"sts-block-hero__heading\">Allt du beh\u00f6ver veta<\/h1><\/div><\/div><\/div><\/section>\n\n\n\n<div class=\"wp-block-sts-text sts-text-editor has-max-width-md\"><div class=\"sts-text-editor__content\"><div class=\"sts-text-editor__content-inner\">\n<p>Funderar du p\u00e5 att \u00e5ka p\u00e5 ett high school-utbyte utomlands, i en termin eller kanske ett helt skol\u00e5r? Har du fr\u00e5gor och funderingar? Vi har svaren. En riktigt bra start \u00e4r att anm\u00e4la dig till ett webinar.<\/p>\n<h2>Tr\u00e4ffa oss, personligen eller online<\/h2>\n<p>Du kan tr\u00e4ffa oss ansikte mot ansikte p\u00e5 utbildningsm\u00e4ssor, \u00f6ppna hus och event. Eller s\u00e5 kan du tr\u00e4ffa oss p\u00e5 n\u00e4tet, p\u00e5 ett webinar online. Du ser dem i listan h\u00e4r nedan. Oavsett vilket kommer du att tr\u00e4ffa experter fr\u00e5n STS och ofta \u00e4ven tidigare utbytesstudenter. Ibland har vi dessutom representanter fr\u00e5n skolor p\u00e5 v\u00e5ra olika destinationer med.<\/p>\n<p>Du f\u00e5r alla fakta du beh\u00f6ver om programmen. Du kommer att bli inspirerad, l\u00e4ra dig massor och f\u00e5 chansen att st\u00e4lla alla dina fr\u00e5gor och f\u00e5 svar p\u00e5 dem. Det \u00e4r en bra id\u00e9 att ta med dina f\u00f6r\u00e4ldrar. Dina syskon och v\u00e4nner \u00e4r ocks\u00e5 v\u00e4lkomna! Och naturligtvis \u00e4r alla m\u00f6ten kostnadsfria.<\/p>\n<h2>Eller kan du kanske inte v\u00e4nta?<\/h2>\n<p>Har du fr\u00e5gor redan i dag, och vill ha svar direkt? Vi finns h\u00e4r och v\u00e4ntar p\u00e5 ditt samtal. Tveka inte att starta en chatt, ringa oss p\u00e5 <a href=\"tel:0771%20-%2020%2020%2040\">0771 &#8211; 20 20 40<\/a> eller skicka ett e-postmeddelande till <a href=\"mailto:welcome@sts.se\">welcome@sts.se<\/a>. Boka en tid f\u00f6r ditt eget personliga webinar, med hj\u00e4lp av Facetime, Teams eller den digitala plattform du gillar b\u00e4st.<\/p>\n<p>Och kom ih\u00e5g, detta kan vara b\u00f6rjan p\u00e5 den b\u00e4sta tiden i ditt liv!<\/p>\n<\/div><\/div><\/div>\n\n\n<div class=\"sts-block-cards sts-block-cards--listing is-empty has-max-width-md wp-block-sts-cards\"><\/div>","protected":false},"excerpt":{"rendered":"","protected":false},"author":20,"featured_media":16200,"parent":10216,"menu_order":0,"comment_status":"closed","ping_status":"closed","template":"templates\/template-default-with-breadcrumbs.php","meta":{"_acf_changed":false,"sts_page_background_color":"","footnotes":""},"wpw_page_folders":[80],"class_list":["post-10242","page","type-page","status-publish","has-post-thumbnail","hentry"],"acf":[],"yoast_head":"<!-- This site is optimized with the Yoast SEO Premium plugin v27.2 (Yoast SEO v27.3) - https:\/\/yoast.com\/product\/yoast-seo-premium-wordpress\/ -->\n<title>Tr\u00e4ffa oss<\/title>\n<meta name=\"description\" content=\"Anm\u00e4l dig till ett kostnadsfritt webinar med oss och f\u00e5 information och svar p\u00e5 alla dina fr\u00e5gor.\" \/>\n<meta name=\"robots\" content=\"index, follow, max-snippet:-1, max-image-preview:large, max-video-preview:-1\" \/>\n<link rel=\"canonical\" href=\"https:\/\/www.sts-education.com\/se\/high-school\/infor-ditt-utbytesar\/traffa-oss\/\" \/>\n<meta property=\"og:locale\" content=\"sv_SE\" \/>\n<meta property=\"og:type\" content=\"article\" \/>\n<meta property=\"og:title\" content=\"Traffa Oss\" \/>\n<meta property=\"og:description\" content=\"Anm\u00e4l dig till ett kostnadsfritt webinar med oss och f\u00e5 information och svar p\u00e5 alla dina fr\u00e5gor.\" \/>\n<meta property=\"og:url\" content=\"https:\/\/www.sts-education.com\/se\/high-school\/infor-ditt-utbytesar\/traffa-oss\/\" \/>\n<meta property=\"og:site_name\" content=\"STS Education\" \/>\n<meta property=\"article:modified_time\" content=\"2026-04-02T14:29:04+00:00\" \/>\n<meta property=\"og:image\" content=\"https:\/\/powered-by.qbank.se\/educatius\/sts\/\/ea90a4812ed10cb09ee7c1ba94498d70_1-1-thumb.webp\" \/>\n\t<meta property=\"og:image:width\" content=\"150\" \/>\n\t<meta property=\"og:image:height\" content=\"150\" \/>\n\t<meta property=\"og:image:type\" content=\"image\/jpeg\" \/>\n<meta name=\"twitter:card\" content=\"summary_large_image\" \/>\n<meta name=\"twitter:label1\" content=\"Ber\u00e4knad l\u00e4stid\" \/>\n\t<meta name=\"twitter:data1\" content=\"2 minuter\" \/>\n<script type=\"application\/ld+json\" class=\"yoast-schema-graph\">{\"@context\":\"https:\\\/\\\/schema.org\",\"@graph\":[{\"@type\":\"WebPage\",\"@id\":\"https:\\\/\\\/www.sts-education.com\\\/se\\\/high-school\\\/infor-ditt-utbytesar\\\/traffa-oss\\\/\",\"url\":\"https:\\\/\\\/www.sts-education.com\\\/se\\\/high-school\\\/infor-ditt-utbytesar\\\/traffa-oss\\\/\",\"name\":\"Tr\u00e4ffa oss\",\"isPartOf\":{\"@id\":\"https:\\\/\\\/www.sts-education.com\\\/se\\\/#website\"},\"primaryImageOfPage\":{\"@id\":\"https:\\\/\\\/www.sts-education.com\\\/se\\\/high-school\\\/infor-ditt-utbytesar\\\/traffa-oss\\\/#primaryimage\"},\"image\":{\"@id\":\"https:\\\/\\\/www.sts-education.com\\\/se\\\/high-school\\\/infor-ditt-utbytesar\\\/traffa-oss\\\/#primaryimage\"},\"thumbnailUrl\":\"https:\\\/\\\/powered-by.qbank.se\\\/educatius\\\/sts\\\/\\\/ea90a4812ed10cb09ee7c1ba94498d70_1-1-thumb.webp\",\"datePublished\":\"2025-12-16T10:07:29+00:00\",\"dateModified\":\"2026-04-02T14:29:04+00:00\",\"description\":\"Anm\u00e4l dig till ett kostnadsfritt webinar med oss och f\u00e5 information och svar p\u00e5 alla dina fr\u00e5gor.\",\"breadcrumb\":{\"@id\":\"https:\\\/\\\/www.sts-education.com\\\/se\\\/high-school\\\/infor-ditt-utbytesar\\\/traffa-oss\\\/#breadcrumb\"},\"inLanguage\":\"sv-SE\",\"potentialAction\":[{\"@type\":\"ReadAction\",\"target\":[\"https:\\\/\\\/www.sts-education.com\\\/se\\\/high-school\\\/infor-ditt-utbytesar\\\/traffa-oss\\\/\"]}]},{\"@type\":\"ImageObject\",\"inLanguage\":\"sv-SE\",\"@id\":\"https:\\\/\\\/www.sts-education.com\\\/se\\\/high-school\\\/infor-ditt-utbytesar\\\/traffa-oss\\\/#primaryimage\",\"url\":\"https:\\\/\\\/powered-by.qbank.se\\\/educatius\\\/sts\\\/\\\/ea90a4812ed10cb09ee7c1ba94498d70_1-1-thumb.webp\",\"contentUrl\":\"https:\\\/\\\/powered-by.qbank.se\\\/educatius\\\/sts\\\/\\\/ea90a4812ed10cb09ee7c1ba94498d70_1-1-thumb.webp\",\"width\":150,\"height\":150},{\"@type\":\"BreadcrumbList\",\"@id\":\"https:\\\/\\\/www.sts-education.com\\\/se\\\/high-school\\\/infor-ditt-utbytesar\\\/traffa-oss\\\/#breadcrumb\",\"itemListElement\":[{\"@type\":\"ListItem\",\"position\":1,\"name\":\"Home\",\"item\":\"https:\\\/\\\/www.sts-education.com\\\/se\\\/\"},{\"@type\":\"ListItem\",\"position\":2,\"name\":\"High school\",\"item\":\"https:\\\/\\\/www.sts-education.com\\\/se\\\/high-school\\\/\"},{\"@type\":\"ListItem\",\"position\":3,\"name\":\"Infor Ditt Utbytesar\",\"item\":\"https:\\\/\\\/www.sts-education.com\\\/se\\\/high-school\\\/infor-ditt-utbytesar\\\/\"},{\"@type\":\"ListItem\",\"position\":4,\"name\":\"Traffa Oss\"}]},{\"@type\":\"WebSite\",\"@id\":\"https:\\\/\\\/www.sts-education.com\\\/se\\\/#website\",\"url\":\"https:\\\/\\\/www.sts-education.com\\\/se\\\/\",\"name\":\"STS Education\",\"description\":\"\",\"potentialAction\":[{\"@type\":\"SearchAction\",\"target\":{\"@type\":\"EntryPoint\",\"urlTemplate\":\"https:\\\/\\\/www.sts-education.com\\\/se\\\/?s={search_term_string}\"},\"query-input\":{\"@type\":\"PropertyValueSpecification\",\"valueRequired\":true,\"valueName\":\"search_term_string\"}}],\"inLanguage\":\"sv-SE\"}]}<\/script>\n<!-- \/ Yoast SEO Premium plugin. -->","yoast_head_json":{"title":"Tr\u00e4ffa oss","description":"Anm\u00e4l dig till ett kostnadsfritt webinar med oss och f\u00e5 information och svar p\u00e5 alla dina fr\u00e5gor.","robots":{"index":"index","follow":"follow","max-snippet":"max-snippet:-1","max-image-preview":"max-image-preview:large","max-video-preview":"max-video-preview:-1"},"canonical":"https:\/\/www.sts-education.com\/se\/high-school\/infor-ditt-utbytesar\/traffa-oss\/","og_locale":"sv_SE","og_type":"article","og_title":"Traffa Oss","og_description":"Anm\u00e4l dig till ett kostnadsfritt webinar med oss och f\u00e5 information och svar p\u00e5 alla dina fr\u00e5gor.","og_url":"https:\/\/www.sts-education.com\/se\/high-school\/infor-ditt-utbytesar\/traffa-oss\/","og_site_name":"STS Education","article_modified_time":"2026-04-02T14:29:04+00:00","og_image":[{"width":150,"height":150,"url":"https:\/\/powered-by.qbank.se\/educatius\/sts\/\/ea90a4812ed10cb09ee7c1ba94498d70_1-1-thumb.webp","type":"image\/jpeg"}],"twitter_card":"summary_large_image","twitter_misc":{"Ber\u00e4knad l\u00e4stid":"2 minuter"},"schema":{"@context":"https:\/\/schema.org","@graph":[{"@type":"WebPage","@id":"https:\/\/www.sts-education.com\/se\/high-school\/infor-ditt-utbytesar\/traffa-oss\/","url":"https:\/\/www.sts-education.com\/se\/high-school\/infor-ditt-utbytesar\/traffa-oss\/","name":"Tr\u00e4ffa oss","isPartOf":{"@id":"https:\/\/www.sts-education.com\/se\/#website"},"primaryImageOfPage":{"@id":"https:\/\/www.sts-education.com\/se\/high-school\/infor-ditt-utbytesar\/traffa-oss\/#primaryimage"},"image":{"@id":"https:\/\/www.sts-education.com\/se\/high-school\/infor-ditt-utbytesar\/traffa-oss\/#primaryimage"},"thumbnailUrl":"https:\/\/powered-by.qbank.se\/educatius\/sts\/\/ea90a4812ed10cb09ee7c1ba94498d70_1-1-thumb.webp","datePublished":"2025-12-16T10:07:29+00:00","dateModified":"2026-04-02T14:29:04+00:00","description":"Anm\u00e4l dig till ett kostnadsfritt webinar med oss och f\u00e5 information och svar p\u00e5 alla dina fr\u00e5gor.","breadcrumb":{"@id":"https:\/\/www.sts-education.com\/se\/high-school\/infor-ditt-utbytesar\/traffa-oss\/#breadcrumb"},"inLanguage":"sv-SE","potentialAction":[{"@type":"ReadAction","target":["https:\/\/www.sts-education.com\/se\/high-school\/infor-ditt-utbytesar\/traffa-oss\/"]}]},{"@type":"ImageObject","inLanguage":"sv-SE","@id":"https:\/\/www.sts-education.com\/se\/high-school\/infor-ditt-utbytesar\/traffa-oss\/#primaryimage","url":"https:\/\/powered-by.qbank.se\/educatius\/sts\/\/ea90a4812ed10cb09ee7c1ba94498d70_1-1-thumb.webp","contentUrl":"https:\/\/powered-by.qbank.se\/educatius\/sts\/\/ea90a4812ed10cb09ee7c1ba94498d70_1-1-thumb.webp","width":150,"height":150},{"@type":"BreadcrumbList","@id":"https:\/\/www.sts-education.com\/se\/high-school\/infor-ditt-utbytesar\/traffa-oss\/#breadcrumb","itemListElement":[{"@type":"ListItem","position":1,"name":"Home","item":"https:\/\/www.sts-education.com\/se\/"},{"@type":"ListItem","position":2,"name":"High school","item":"https:\/\/www.sts-education.com\/se\/high-school\/"},{"@type":"ListItem","position":3,"name":"Infor Ditt Utbytesar","item":"https:\/\/www.sts-education.com\/se\/high-school\/infor-ditt-utbytesar\/"},{"@type":"ListItem","position":4,"name":"Traffa Oss"}]},{"@type":"WebSite","@id":"https:\/\/www.sts-education.com\/se\/#website","url":"https:\/\/www.sts-education.com\/se\/","name":"STS Education","description":"","potentialAction":[{"@type":"SearchAction","target":{"@type":"EntryPoint","urlTemplate":"https:\/\/www.sts-education.com\/se\/?s={search_term_string}"},"query-input":{"@type":"PropertyValueSpecification","valueRequired":true,"valueName":"search_term_string"}}],"inLanguage":"sv-SE"}]}},"_links":{"self":[{"href":"https:\/\/www.sts-education.com\/se\/wp-json\/wp\/v2\/pages\/10242","targetHints":{"allow":["GET"]}}],"collection":[{"href":"https:\/\/www.sts-education.com\/se\/wp-json\/wp\/v2\/pages"}],"about":[{"href":"https:\/\/www.sts-education.com\/se\/wp-json\/wp\/v2\/types\/page"}],"author":[{"embeddable":true,"href":"https:\/\/www.sts-education.com\/se\/wp-json\/wp\/v2\/users\/20"}],"replies":[{"embeddable":true,"href":"https:\/\/www.sts-education.com\/se\/wp-json\/wp\/v2\/comments?post=10242"}],"version-history":[{"count":3,"href":"https:\/\/www.sts-education.com\/se\/wp-json\/wp\/v2\/pages\/10242\/revisions"}],"predecessor-version":[{"id":27679,"href":"https:\/\/www.sts-education.com\/se\/wp-json\/wp\/v2\/pages\/10242\/revisions\/27679"}],"up":[{"embeddable":true,"href":"https:\/\/www.sts-education.com\/se\/wp-json\/wp\/v2\/pages\/10216"}],"wp:featuredmedia":[{"embeddable":true,"href":"https:\/\/www.sts-education.com\/se\/wp-json\/wp\/v2\/media\/16200"}],"wp:attachment":[{"href":"https:\/\/www.sts-education.com\/se\/wp-json\/wp\/v2\/media?parent=10242"}],"wp:term":[{"taxonomy":"wpw_page_folders","embeddable":true,"href":"https:\/\/www.sts-education.com\/se\/wp-json\/wp\/v2\/wpw_page_folders?post=10242"}],"curies":[{"name":"wp","href":"https:\/\/api.w.org\/{rel}","templated":true}]}}