{"id":10243,"date":"2025-12-16T10:09:09","date_gmt":"2025-12-16T10:09:09","guid":{"rendered":"https:\/\/preprod.sts-education.com\/high-school\/infor-ditt-utbytesar\/vad-far-jag-ut-av-ett-utbytesar\/"},"modified":"2026-04-14T10:00:41","modified_gmt":"2026-04-14T10:00:41","slug":"vad-far-jag-ut-av-ett-utbytesar","status":"publish","type":"page","link":"https:\/\/www.sts-education.com\/se\/high-school\/infor-ditt-utbytesar\/vad-far-jag-ut-av-ett-utbytesar\/","title":{"rendered":"Vad Far Jag Ut Av Ett Utbytesar"},"content":{"rendered":"\n<section class=\"wp-block-sts-hero sts-block-hero is-variant-full-background has-text-light has-background-media\" style=\"--sts-hero-padding-mobile:0px;--sts-hero-padding-desktop:0px;--sts-hero-text-color:var(--wp--preset--color--base-10, #fff);\" data-variant=\"full-background\"><div class=\"sts-block-hero__background\"><picture class=\"sts-responsive-image has-fit-cover is-skeleton\"><img src=\"https:\/\/cdn.sts-education.com\/13427_hero_lg_xl.jpg\" alt=\"F\u00f6rdelarna med ett utbytes\u00e5r\" loading=\"lazy\" decoding=\"async\" fetchpriority=\"low\" sizes=\"100vw\" \/><\/picture><span class=\"sts-block-hero__overlay\" aria-hidden=\"true\"><\/span><\/div><div class=\"sts-block-hero__inner\"><div class=\"sts-block-hero__content has-align-center\"><div class=\"sts-block-hero__content-inner\"><h1 class=\"sts-block-hero__heading\">F\u00f6rdelarna med ett utbytes\u00e5r<\/h1><\/div><\/div><\/div><\/section>\n\n\n\n<div class=\"wp-block-sts-text sts-text-editor has-max-width-md\"><div class=\"sts-text-editor__content\"><div class=\"sts-text-editor__content-inner\">\n<p>N\u00e4r du kommit hem fr\u00e5n ditt high school-utbyte kommer du att inse att det har gett dig s\u00e5 otroligt mycket av att leva och plugga utomlands. Nya v\u00e4nner, stora kunskaper i ett nytt spr\u00e5k, erfarenheter av andra kulturer, st\u00f6rre sj\u00e4lvs\u00e4kerhet och en v\u00e4ldig massa kul upplevelser och h\u00e4rliga minnen. Dessutom har du f\u00e5tt riktigt bra internationell erfarenhet att l\u00e4gga till p\u00e5 ditt CV \u2013 och det \u00e4r verkligen en f\u00f6rdel f\u00f6r dig i framtiden.<\/p>\n\n<h2>D\u00e4rf\u00f6r \u00e4r ett utbytes\u00e5r en investering i din framtid:<\/h2>\n\n<ul><li><strong>Ett f\u00f6rspr\u00e5ng.<\/strong> Att ha med sig erfarenheter av att bo utomlands, att ha studerat utomlands och tala ett annat spr\u00e5k flytande ger dig m\u00e5nga f\u00f6rdelar. Det sticker ut n\u00e4r du s\u00f6ker b\u00e5de utbildning och jobb i framtiden!<\/li>\n<li><strong>Personlig utveckling.<\/strong> Att vara nyfiken och utmana sig sj\u00e4lv berikar livet. Det g\u00f6r att du utvecklar m\u00e5nga egenskaper som \u00e4r efters\u00f6kta i arbetslivet som sj\u00e4lvst\u00e4ndighet, initiativf\u00f6rm\u00e5ga och social kompetens.<\/li>\n<li><strong>Ett internationellt n\u00e4tverk av v\u00e4nner.<\/strong> Du f\u00e5r b\u00e5de en extra familj och nya b\u00e4sta v\u00e4nner i ett annat land. Se till att h\u00e5lla kontakten f\u00f6r det \u00e4r en underbar tillg\u00e5ng att ha v\u00e4nner \u00f6ver hela v\u00e4rlden. Ett internationellt n\u00e4tverk \u00e4r ov\u00e4rderligt, b\u00e5de privat och i din framtida karri\u00e4r.<\/li>\n<li><strong>Ett annat perspektiv p\u00e5 din egen kultur.<\/strong> Genom att studera i ett annat land utvecklar du din syn p\u00e5 v\u00e4rlden. Du kommer att se p\u00e5 din egen kultur med nya \u00f6gon och du l\u00e4r dig mycket om dig sj\u00e4lv. Vad gillar du i ditt nya land? Vad \u00e4r annorlunda? Det \u00e4r ocks\u00e5 kul att kunna dela med sig av sitt eget lands traditioner och v\u00e4rderingar n\u00e4r du \u00e4r i v\u00e4g.<\/li><\/ul>\n<\/div><\/div><\/div>\n\n\n\n<section class=\"wp-block-sts-video sts-block-video sts-block-video--landscape has-max-width-lg\"><div class=\"sts-video sts-video--landscape\"><div class=\"sts-video__handler\"><button type=\"button\" class=\"sts-video__play-button\" aria-label=\"Play video\" aria-pressed=\"false\" data-playing=\"false\"><span class=\"sts-video__play-icon\"><img decoding=\"async\" class=\"play-icon\" src=\"data:image\/svg+xml,%3csvg%20width='32'%20height='32'%20viewBox='0%200%2032%2032'%20fill='none'%20xmlns='http:\/\/www.w3.org\/2000\/svg'%3e%3cmask%20id='mask0_2459_8201'%20style='mask-type:alpha'%20maskUnits='userSpaceOnUse'%20x='0'%20y='0'%20width='32'%20height='32'%3e%3crect%20width='32'%20height='32'%20fill='%23D9D9D9'\/%3e%3c\/mask%3e%3cg%20mask='url(%23mask0_2459_8201)'%3e%3cpath%20d='M10.667%2022.8999V9.09993C10.667%208.72216%2010.8003%208.40549%2011.067%208.14993C11.3337%207.89438%2011.6448%207.7666%2012.0003%207.7666C12.1114%207.7666%2012.2281%207.78327%2012.3503%207.8166C12.4725%207.84993%2012.5892%207.89993%2012.7003%207.9666L23.567%2014.8666C23.767%2014.9999%2023.917%2015.1666%2024.017%2015.3666C24.117%2015.5666%2024.167%2015.7777%2024.167%2015.9999C24.167%2016.2222%2024.117%2016.4333%2024.017%2016.6333C23.917%2016.8333%2023.767%2016.9999%2023.567%2017.1333L12.7003%2024.0333C12.5892%2024.0999%2012.4725%2024.1499%2012.3503%2024.1833C12.2281%2024.2166%2012.1114%2024.2333%2012.0003%2024.2333C11.6448%2024.2333%2011.3337%2024.1055%2011.067%2023.8499C10.8003%2023.5944%2010.667%2023.2777%2010.667%2022.8999Z'%20fill='black'\/%3e%3c\/g%3e%3c\/svg%3e\" alt=\"\" aria-hidden=\"true\"\/><img decoding=\"async\" class=\"pause-icon\" src=\"data:image\/svg+xml,%3csvg%20width='32'%20height='32'%20viewBox='0%200%2032%2032'%20fill='none'%20xmlns='http:\/\/www.w3.org\/2000\/svg'%3e%3cmask%20id='mask0_pause'%20style='mask-type:alpha'%20maskUnits='userSpaceOnUse'%20x='0'%20y='0'%20width='32'%20height='32'%3e%3crect%20width='32'%20height='32'%20fill='%23D9D9D9'\/%3e%3c\/mask%3e%3cg%20mask='url(%23mask0_pause)'%3e%3c!--%20Left%20bar%20--%3e%3crect%20x='10'%20y='8'%20width='4'%20height='16'%20rx='1'%20fill='black'\/%3e%3c!--%20Right%20bar%20--%3e%3crect%20x='18'%20y='8'%20width='4'%20height='16'%20rx='1'%20fill='black'\/%3e%3c\/g%3e%3c\/svg%3e\" alt=\"\" aria-hidden=\"true\"\/><\/span><\/button><strong class=\"sts-video__duration\" data-duration-prefix=\"Video duration:\" data-unit-second=\"second\" data-unit-seconds=\"seconds\" data-unit-minute=\"minute\" data-unit-minutes=\"minutes\" aria-label=\"Video duration: 20.0 seconds\">20.0 secs<\/strong><\/div><div class=\"sts-video__media\" data-video-source=\"youtube\" data-video-url=\"\"><div class=\"sts-video__external-shell\" data-embed-url=\"https:\/\/www.youtube.com\/embed\/eYXQ-sCO64o?rel=0&amp;controls=1&amp;modestbranding=1&amp;playsinline=1&amp;enablejsapi=1&amp;autoplay=0&amp;origin=https%3A%2F%2Fwww.sts-education.com\"><iframe class=\"sts-video__iframe\" src=\"https:\/\/www.youtube.com\/embed\/eYXQ-sCO64o?rel=0&amp;controls=1&amp;modestbranding=1&amp;playsinline=1&amp;enablejsapi=1&amp;autoplay=0&amp;origin=https%3A%2F%2Fwww.sts-education.com\" title=\"Video poster\nheading\" allow=\"autoplay; fullscreen\" allowfullscreen loading=\"lazy\" data-provider=\"youtube\" data-embed-url=\"https:\/\/www.youtube.com\/embed\/eYXQ-sCO64o?rel=0&amp;controls=1&amp;modestbranding=1&amp;playsinline=1&amp;enablejsapi=1&amp;autoplay=0&amp;origin=https%3A%2F%2Fwww.sts-education.com\"><\/iframe><\/div><\/div><\/div><\/section>\n","protected":false},"excerpt":{"rendered":"","protected":false},"author":20,"featured_media":16206,"parent":10216,"menu_order":0,"comment_status":"closed","ping_status":"closed","template":"templates\/template-default-with-breadcrumbs.php","meta":{"_acf_changed":false,"sts_page_background_color":"","footnotes":""},"wpw_page_folders":[80],"class_list":["post-10243","page","type-page","status-publish","has-post-thumbnail","hentry"],"acf":[],"yoast_head":"<!-- This site is optimized with the Yoast SEO Premium plugin v27.2 (Yoast SEO v27.3) - https:\/\/yoast.com\/product\/yoast-seo-premium-wordpress\/ -->\n<title>Se alla f\u00f6rdelarna med ett utbytes\u00e5r<\/title>\n<meta name=\"description\" content=\"F\u00e5 ut det b\u00e4sta av ett utbytes\u00e5r. L\u00e4r dig spr\u00e5ket, kulturen och tr\u00e4ffa nya v\u00e4nner. Dessutom f\u00e5r du en personlig utveckling och ett internationellt n\u00e4tverk.\" \/>\n<meta name=\"robots\" content=\"index, follow, max-snippet:-1, max-image-preview:large, max-video-preview:-1\" \/>\n<link rel=\"canonical\" href=\"https:\/\/www.sts-education.com\/se\/high-school\/infor-ditt-utbytesar\/vad-far-jag-ut-av-ett-utbytesar\/\" \/>\n<meta property=\"og:locale\" content=\"sv_SE\" \/>\n<meta property=\"og:type\" content=\"article\" \/>\n<meta property=\"og:title\" content=\"Vad Far Jag Ut Av Ett Utbytesar\" \/>\n<meta property=\"og:description\" content=\"F\u00e5 ut det b\u00e4sta av ett utbytes\u00e5r. L\u00e4r dig spr\u00e5ket, kulturen och tr\u00e4ffa nya v\u00e4nner. Dessutom f\u00e5r du en personlig utveckling och ett internationellt n\u00e4tverk.\" \/>\n<meta property=\"og:url\" content=\"https:\/\/www.sts-education.com\/se\/high-school\/infor-ditt-utbytesar\/vad-far-jag-ut-av-ett-utbytesar\/\" \/>\n<meta property=\"og:site_name\" content=\"STS Education\" \/>\n<meta property=\"article:modified_time\" content=\"2026-04-14T10:00:41+00:00\" \/>\n<meta property=\"og:image\" content=\"https:\/\/powered-by.qbank.se\/educatius\/sts\/\/afc0e6e9172f867413f78160008e6f92_1-1-xsmall.webp\" \/>\n\t<meta property=\"og:image:width\" content=\"500\" \/>\n\t<meta property=\"og:image:height\" content=\"500\" \/>\n\t<meta property=\"og:image:type\" content=\"image\/jpeg\" \/>\n<meta name=\"twitter:card\" content=\"summary_large_image\" \/>\n<meta name=\"twitter:label1\" content=\"Ber\u00e4knad l\u00e4stid\" \/>\n\t<meta name=\"twitter:data1\" content=\"2 minuter\" \/>\n<script type=\"application\/ld+json\" class=\"yoast-schema-graph\">{\"@context\":\"https:\\\/\\\/schema.org\",\"@graph\":[{\"@type\":\"WebPage\",\"@id\":\"https:\\\/\\\/www.sts-education.com\\\/se\\\/high-school\\\/infor-ditt-utbytesar\\\/vad-far-jag-ut-av-ett-utbytesar\\\/\",\"url\":\"https:\\\/\\\/www.sts-education.com\\\/se\\\/high-school\\\/infor-ditt-utbytesar\\\/vad-far-jag-ut-av-ett-utbytesar\\\/\",\"name\":\"Se alla f\u00f6rdelarna med ett utbytes\u00e5r\",\"isPartOf\":{\"@id\":\"https:\\\/\\\/www.sts-education.com\\\/se\\\/#website\"},\"primaryImageOfPage\":{\"@id\":\"https:\\\/\\\/www.sts-education.com\\\/se\\\/high-school\\\/infor-ditt-utbytesar\\\/vad-far-jag-ut-av-ett-utbytesar\\\/#primaryimage\"},\"image\":{\"@id\":\"https:\\\/\\\/www.sts-education.com\\\/se\\\/high-school\\\/infor-ditt-utbytesar\\\/vad-far-jag-ut-av-ett-utbytesar\\\/#primaryimage\"},\"thumbnailUrl\":\"https:\\\/\\\/powered-by.qbank.se\\\/educatius\\\/sts\\\/\\\/afc0e6e9172f867413f78160008e6f92_1-1-xsmall.webp\",\"datePublished\":\"2025-12-16T10:09:09+00:00\",\"dateModified\":\"2026-04-14T10:00:41+00:00\",\"description\":\"F\u00e5 ut det b\u00e4sta av ett utbytes\u00e5r. L\u00e4r dig spr\u00e5ket, kulturen och tr\u00e4ffa nya v\u00e4nner. Dessutom f\u00e5r du en personlig utveckling och ett internationellt n\u00e4tverk.\",\"breadcrumb\":{\"@id\":\"https:\\\/\\\/www.sts-education.com\\\/se\\\/high-school\\\/infor-ditt-utbytesar\\\/vad-far-jag-ut-av-ett-utbytesar\\\/#breadcrumb\"},\"inLanguage\":\"sv-SE\",\"potentialAction\":[{\"@type\":\"ReadAction\",\"target\":[\"https:\\\/\\\/www.sts-education.com\\\/se\\\/high-school\\\/infor-ditt-utbytesar\\\/vad-far-jag-ut-av-ett-utbytesar\\\/\"]}]},{\"@type\":\"ImageObject\",\"inLanguage\":\"sv-SE\",\"@id\":\"https:\\\/\\\/www.sts-education.com\\\/se\\\/high-school\\\/infor-ditt-utbytesar\\\/vad-far-jag-ut-av-ett-utbytesar\\\/#primaryimage\",\"url\":\"https:\\\/\\\/powered-by.qbank.se\\\/educatius\\\/sts\\\/\\\/afc0e6e9172f867413f78160008e6f92_1-1-xsmall.webp\",\"contentUrl\":\"https:\\\/\\\/powered-by.qbank.se\\\/educatius\\\/sts\\\/\\\/afc0e6e9172f867413f78160008e6f92_1-1-xsmall.webp\",\"width\":500,\"height\":500},{\"@type\":\"BreadcrumbList\",\"@id\":\"https:\\\/\\\/www.sts-education.com\\\/se\\\/high-school\\\/infor-ditt-utbytesar\\\/vad-far-jag-ut-av-ett-utbytesar\\\/#breadcrumb\",\"itemListElement\":[{\"@type\":\"ListItem\",\"position\":1,\"name\":\"Home\",\"item\":\"https:\\\/\\\/www.sts-education.com\\\/se\\\/\"},{\"@type\":\"ListItem\",\"position\":2,\"name\":\"High school\",\"item\":\"https:\\\/\\\/www.sts-education.com\\\/se\\\/high-school\\\/\"},{\"@type\":\"ListItem\",\"position\":3,\"name\":\"Infor Ditt Utbytesar\",\"item\":\"https:\\\/\\\/www.sts-education.com\\\/se\\\/high-school\\\/infor-ditt-utbytesar\\\/\"},{\"@type\":\"ListItem\",\"position\":4,\"name\":\"Vad Far Jag Ut Av Ett Utbytesar\"}]},{\"@type\":\"WebSite\",\"@id\":\"https:\\\/\\\/www.sts-education.com\\\/se\\\/#website\",\"url\":\"https:\\\/\\\/www.sts-education.com\\\/se\\\/\",\"name\":\"STS Education\",\"description\":\"\",\"potentialAction\":[{\"@type\":\"SearchAction\",\"target\":{\"@type\":\"EntryPoint\",\"urlTemplate\":\"https:\\\/\\\/www.sts-education.com\\\/se\\\/?s={search_term_string}\"},\"query-input\":{\"@type\":\"PropertyValueSpecification\",\"valueRequired\":true,\"valueName\":\"search_term_string\"}}],\"inLanguage\":\"sv-SE\"}]}<\/script>\n<!-- \/ Yoast SEO Premium plugin. -->","yoast_head_json":{"title":"Se alla f\u00f6rdelarna med ett utbytes\u00e5r","description":"F\u00e5 ut det b\u00e4sta av ett utbytes\u00e5r. L\u00e4r dig spr\u00e5ket, kulturen och tr\u00e4ffa nya v\u00e4nner. Dessutom f\u00e5r du en personlig utveckling och ett internationellt n\u00e4tverk.","robots":{"index":"index","follow":"follow","max-snippet":"max-snippet:-1","max-image-preview":"max-image-preview:large","max-video-preview":"max-video-preview:-1"},"canonical":"https:\/\/www.sts-education.com\/se\/high-school\/infor-ditt-utbytesar\/vad-far-jag-ut-av-ett-utbytesar\/","og_locale":"sv_SE","og_type":"article","og_title":"Vad Far Jag Ut Av Ett Utbytesar","og_description":"F\u00e5 ut det b\u00e4sta av ett utbytes\u00e5r. L\u00e4r dig spr\u00e5ket, kulturen och tr\u00e4ffa nya v\u00e4nner. Dessutom f\u00e5r du en personlig utveckling och ett internationellt n\u00e4tverk.","og_url":"https:\/\/www.sts-education.com\/se\/high-school\/infor-ditt-utbytesar\/vad-far-jag-ut-av-ett-utbytesar\/","og_site_name":"STS Education","article_modified_time":"2026-04-14T10:00:41+00:00","og_image":[{"width":500,"height":500,"url":"https:\/\/powered-by.qbank.se\/educatius\/sts\/\/afc0e6e9172f867413f78160008e6f92_1-1-xsmall.webp","type":"image\/jpeg"}],"twitter_card":"summary_large_image","twitter_misc":{"Ber\u00e4knad l\u00e4stid":"2 minuter"},"schema":{"@context":"https:\/\/schema.org","@graph":[{"@type":"WebPage","@id":"https:\/\/www.sts-education.com\/se\/high-school\/infor-ditt-utbytesar\/vad-far-jag-ut-av-ett-utbytesar\/","url":"https:\/\/www.sts-education.com\/se\/high-school\/infor-ditt-utbytesar\/vad-far-jag-ut-av-ett-utbytesar\/","name":"Se alla f\u00f6rdelarna med ett utbytes\u00e5r","isPartOf":{"@id":"https:\/\/www.sts-education.com\/se\/#website"},"primaryImageOfPage":{"@id":"https:\/\/www.sts-education.com\/se\/high-school\/infor-ditt-utbytesar\/vad-far-jag-ut-av-ett-utbytesar\/#primaryimage"},"image":{"@id":"https:\/\/www.sts-education.com\/se\/high-school\/infor-ditt-utbytesar\/vad-far-jag-ut-av-ett-utbytesar\/#primaryimage"},"thumbnailUrl":"https:\/\/powered-by.qbank.se\/educatius\/sts\/\/afc0e6e9172f867413f78160008e6f92_1-1-xsmall.webp","datePublished":"2025-12-16T10:09:09+00:00","dateModified":"2026-04-14T10:00:41+00:00","description":"F\u00e5 ut det b\u00e4sta av ett utbytes\u00e5r. L\u00e4r dig spr\u00e5ket, kulturen och tr\u00e4ffa nya v\u00e4nner. Dessutom f\u00e5r du en personlig utveckling och ett internationellt n\u00e4tverk.","breadcrumb":{"@id":"https:\/\/www.sts-education.com\/se\/high-school\/infor-ditt-utbytesar\/vad-far-jag-ut-av-ett-utbytesar\/#breadcrumb"},"inLanguage":"sv-SE","potentialAction":[{"@type":"ReadAction","target":["https:\/\/www.sts-education.com\/se\/high-school\/infor-ditt-utbytesar\/vad-far-jag-ut-av-ett-utbytesar\/"]}]},{"@type":"ImageObject","inLanguage":"sv-SE","@id":"https:\/\/www.sts-education.com\/se\/high-school\/infor-ditt-utbytesar\/vad-far-jag-ut-av-ett-utbytesar\/#primaryimage","url":"https:\/\/powered-by.qbank.se\/educatius\/sts\/\/afc0e6e9172f867413f78160008e6f92_1-1-xsmall.webp","contentUrl":"https:\/\/powered-by.qbank.se\/educatius\/sts\/\/afc0e6e9172f867413f78160008e6f92_1-1-xsmall.webp","width":500,"height":500},{"@type":"BreadcrumbList","@id":"https:\/\/www.sts-education.com\/se\/high-school\/infor-ditt-utbytesar\/vad-far-jag-ut-av-ett-utbytesar\/#breadcrumb","itemListElement":[{"@type":"ListItem","position":1,"name":"Home","item":"https:\/\/www.sts-education.com\/se\/"},{"@type":"ListItem","position":2,"name":"High school","item":"https:\/\/www.sts-education.com\/se\/high-school\/"},{"@type":"ListItem","position":3,"name":"Infor Ditt Utbytesar","item":"https:\/\/www.sts-education.com\/se\/high-school\/infor-ditt-utbytesar\/"},{"@type":"ListItem","position":4,"name":"Vad Far Jag Ut Av Ett Utbytesar"}]},{"@type":"WebSite","@id":"https:\/\/www.sts-education.com\/se\/#website","url":"https:\/\/www.sts-education.com\/se\/","name":"STS Education","description":"","potentialAction":[{"@type":"SearchAction","target":{"@type":"EntryPoint","urlTemplate":"https:\/\/www.sts-education.com\/se\/?s={search_term_string}"},"query-input":{"@type":"PropertyValueSpecification","valueRequired":true,"valueName":"search_term_string"}}],"inLanguage":"sv-SE"}]}},"_links":{"self":[{"href":"https:\/\/www.sts-education.com\/se\/wp-json\/wp\/v2\/pages\/10243","targetHints":{"allow":["GET"]}}],"collection":[{"href":"https:\/\/www.sts-education.com\/se\/wp-json\/wp\/v2\/pages"}],"about":[{"href":"https:\/\/www.sts-education.com\/se\/wp-json\/wp\/v2\/types\/page"}],"author":[{"embeddable":true,"href":"https:\/\/www.sts-education.com\/se\/wp-json\/wp\/v2\/users\/20"}],"replies":[{"embeddable":true,"href":"https:\/\/www.sts-education.com\/se\/wp-json\/wp\/v2\/comments?post=10243"}],"version-history":[{"count":4,"href":"https:\/\/www.sts-education.com\/se\/wp-json\/wp\/v2\/pages\/10243\/revisions"}],"predecessor-version":[{"id":33524,"href":"https:\/\/www.sts-education.com\/se\/wp-json\/wp\/v2\/pages\/10243\/revisions\/33524"}],"up":[{"embeddable":true,"href":"https:\/\/www.sts-education.com\/se\/wp-json\/wp\/v2\/pages\/10216"}],"wp:featuredmedia":[{"embeddable":true,"href":"https:\/\/www.sts-education.com\/se\/wp-json\/wp\/v2\/media\/16206"}],"wp:attachment":[{"href":"https:\/\/www.sts-education.com\/se\/wp-json\/wp\/v2\/media?parent=10243"}],"wp:term":[{"taxonomy":"wpw_page_folders","embeddable":true,"href":"https:\/\/www.sts-education.com\/se\/wp-json\/wp\/v2\/wpw_page_folders?post=10243"}],"curies":[{"name":"wp","href":"https:\/\/api.w.org\/{rel}","templated":true}]}}