{"id":10244,"date":"2025-12-16T10:06:08","date_gmt":"2025-12-16T10:06:08","guid":{"rendered":"https:\/\/preprod.sts-education.com\/high-school\/infor-ditt-utbytesar\/vem-kan-ansoka\/"},"modified":"2026-04-15T09:44:17","modified_gmt":"2026-04-15T09:44:17","slug":"vem-kan-ansoka","status":"publish","type":"page","link":"https:\/\/www.sts-education.com\/se\/high-school\/infor-ditt-utbytesar\/vem-kan-ansoka\/","title":{"rendered":"Vem Kan Ansoka"},"content":{"rendered":"\n<section class=\"wp-block-sts-hero sts-block-hero is-variant-full-background has-text-light has-background-media\" style=\"--sts-hero-padding-mobile:0px;--sts-hero-padding-desktop:0px;--sts-hero-text-color:var(--wp--preset--color--base-10, #fff);\" data-variant=\"full-background\"><div class=\"sts-block-hero__background\"><picture class=\"sts-responsive-image has-fit-cover is-skeleton\"><img src=\"https:\/\/cdn.sts-education.com\/12638_hero_lg_xl.jpg\" alt=\"Vem kan \u00e5ka p\u00e5 utbytes\u00e5r?\" loading=\"lazy\" decoding=\"async\" fetchpriority=\"low\" sizes=\"100vw\" \/><\/picture><span class=\"sts-block-hero__overlay\" aria-hidden=\"true\"><\/span><\/div><div class=\"sts-block-hero__inner\"><div class=\"sts-block-hero__content has-align-center\"><div class=\"sts-block-hero__content-inner\"><h1 class=\"sts-block-hero__heading\">Vem kan \u00e5ka p\u00e5 utbytes\u00e5r?<\/h1><\/div><\/div><\/div><\/section>\n\n\n\n<div class=\"wp-block-sts-text sts-text-editor has-max-width-md\"><div class=\"sts-text-editor__content\"><div class=\"sts-text-editor__content-inner\">\n<p>Ett \u00e5r som utbytesstudent inneb\u00e4r stora m\u00f6jligheter. Det viktigaste \u00e4r att du \u00e4r nyfiken och har ett \u00f6ppet sinne. P\u00e5 s\u00e5 vis kommer du att f\u00e5 uppleva fantastiskt m\u00e5nga nya saker som du aldrig skulle f\u00e5tt uppleva hemma.<\/p>\n\n<p>Allergier och sjukdomar beh\u00f6ver inte vara ett hinder, men det \u00e4r viktigt f\u00f6r oss att du ber\u00e4ttar om du har det f\u00f6r att kunna hitta en familj och skola som kan bem\u00f6ta dina behov. T\u00e4nk ocks\u00e5 p\u00e5 att vissa l\u00e4nder kr\u00e4ver vaccinationer f\u00f6r du ska accepteras i destinationslandet.<\/p>\n\n<h2>Vilken \u00e5lder g\u00e4ller f\u00f6r ett utbytes\u00e5r?<\/h2>\n\n<p>F\u00f6r att \u00e5ka p\u00e5 utbytes\u00e5r under gymnasietiden m\u00e5ste du vara mellan 14 och 18 \u00e5r n\u00e4r du p\u00e5b\u00f6rjar utbytes\u00e5ret, men det kan variera beroende p\u00e5 skolsystemet i olika l\u00e4nder. Du hittar mer information p\u00e5 sidorna f\u00f6r det land du \u00e4r intresserad av. T\u00e4nk p\u00e5 att det kan tillkomma extra avgifter om du hunnit fylla 18 \u00e5r.<\/p>\n\n<h2>Vilka spr\u00e5kkunskaper beh\u00f6vs f\u00f6r att \u00e5ka p\u00e5 utbytes\u00e5r?<\/h2>\n\n<p>Grundl\u00e4ggande engelska beh\u00f6vs f\u00f6r alla v\u00e5ra destinationer. Det inneb\u00e4r att du ska kunna tala, l\u00e4sa och skriva grundl\u00e4ggande engelska. I icke-engelskspr\u00e5kiga l\u00e4nder varierar kraven. Du hittar all information du beh\u00f6ver p\u00e5 sidorna som beskriver landet du \u00e4r intresserad av.<\/p>\n\n<p>Du beh\u00f6ver ocks\u00e5 ha en godk\u00e4nd intervju tillsammans med oss och p\u00e5 vissa destinationer kr\u00e4vs ett extra onlinetest eller Skype-intervju.<\/p>\n\n<p>Ska du \u00e5ka p\u00e5 ett utbytes\u00e5r till ett engelsk-, spansk-, tysk- eller italiensktalande land, och vill \u00f6va lite extra p\u00e5 spr\u00e5ket innan din avresa? F\u00f6rbered dig med v\u00e5r <a href=\"https:\/\/www.sts-education.com\/se\/high-school\/infor-ditt-utbytesar\/forbered-dig-med-vara-sprakkurser\/\">digitala spr\u00e5kkurs<\/a>!<\/p>\n\n<h2>Vilka betyg kr\u00e4vs f\u00f6r ett utbytes\u00e5r p\u00e5 gymnasiet?<\/h2>\n\n<p>F\u00f6r att bli antagen m\u00e5ste du ha minst E i alla \u00e4mnen och ha l\u00e4st p\u00e5 heltid \u00e5ret innan du reser. Har du l\u00e4gre betyg i n\u00e5got \u00e4mne kontaktar du oss s\u00e5 vi kan g\u00f6ra en individuell bed\u00f6mning. Vi g\u00f6r alltid allt vi kan f\u00f6r att hj\u00e4lpa s\u00e5 m\u00e5nga som m\u00f6jligt att f\u00e5 uppleva ett utbytes\u00e5r utomlands.<\/p>\n\n<p><a href=\"https:\/\/www.sts-education.com\/se\/om-sts\/kontakta-oss\/\">Fr\u00e5gor? H\u00f6r av dig till oss!<\/a><\/p>\n<\/div><\/div><\/div>\n","protected":false},"excerpt":{"rendered":"","protected":false},"author":20,"featured_media":16203,"parent":10216,"menu_order":0,"comment_status":"closed","ping_status":"closed","template":"templates\/template-default-with-breadcrumbs.php","meta":{"_acf_changed":false,"sts_page_background_color":"","footnotes":""},"wpw_page_folders":[80],"class_list":["post-10244","page","type-page","status-publish","has-post-thumbnail","hentry"],"acf":[],"yoast_head":"<!-- This site is optimized with the Yoast SEO Premium plugin v27.2 (Yoast SEO v27.3) - https:\/\/yoast.com\/product\/yoast-seo-premium-wordpress\/ -->\n<title>Vem kan \u00e5ka p\u00e5 ett utbytes\u00e5r?<\/title>\n<meta name=\"description\" content=\"De allra flesta kan \u00e5ka p\u00e5 ett utbytes\u00e5r. Allergier och sjukdomar beh\u00f6ver inte vara ett hinder. Det viktigaste \u00e4r att du \u00e4r nyfiken och har ett \u00f6ppet sinne.\" \/>\n<meta name=\"robots\" content=\"index, follow, max-snippet:-1, max-image-preview:large, max-video-preview:-1\" \/>\n<link rel=\"canonical\" href=\"https:\/\/www.sts-education.com\/se\/high-school\/infor-ditt-utbytesar\/vem-kan-ansoka\/\" \/>\n<meta property=\"og:locale\" content=\"sv_SE\" \/>\n<meta property=\"og:type\" content=\"article\" \/>\n<meta property=\"og:title\" content=\"Vem Kan Ansoka\" \/>\n<meta property=\"og:description\" content=\"De allra flesta kan \u00e5ka p\u00e5 ett utbytes\u00e5r. Allergier och sjukdomar beh\u00f6ver inte vara ett hinder. Det viktigaste \u00e4r att du \u00e4r nyfiken och har ett \u00f6ppet sinne.\" \/>\n<meta property=\"og:url\" content=\"https:\/\/www.sts-education.com\/se\/high-school\/infor-ditt-utbytesar\/vem-kan-ansoka\/\" \/>\n<meta property=\"og:site_name\" content=\"STS Education\" \/>\n<meta property=\"article:modified_time\" content=\"2026-04-15T09:44:17+00:00\" \/>\n<meta property=\"og:image\" content=\"https:\/\/powered-by.qbank.se\/educatius\/sts\/\/654adcd0696a9cfff110373a8858629b_1-1-thumb.webp\" \/>\n\t<meta property=\"og:image:width\" content=\"150\" \/>\n\t<meta property=\"og:image:height\" content=\"150\" \/>\n\t<meta property=\"og:image:type\" content=\"image\/jpeg\" \/>\n<meta name=\"twitter:card\" content=\"summary_large_image\" \/>\n<meta name=\"twitter:label1\" content=\"Ber\u00e4knad l\u00e4stid\" \/>\n\t<meta name=\"twitter:data1\" content=\"2 minuter\" \/>\n<script type=\"application\/ld+json\" class=\"yoast-schema-graph\">{\"@context\":\"https:\\\/\\\/schema.org\",\"@graph\":[{\"@type\":\"WebPage\",\"@id\":\"https:\\\/\\\/www.sts-education.com\\\/se\\\/high-school\\\/infor-ditt-utbytesar\\\/vem-kan-ansoka\\\/\",\"url\":\"https:\\\/\\\/www.sts-education.com\\\/se\\\/high-school\\\/infor-ditt-utbytesar\\\/vem-kan-ansoka\\\/\",\"name\":\"Vem kan \u00e5ka p\u00e5 ett utbytes\u00e5r?\",\"isPartOf\":{\"@id\":\"https:\\\/\\\/www.sts-education.com\\\/se\\\/#website\"},\"primaryImageOfPage\":{\"@id\":\"https:\\\/\\\/www.sts-education.com\\\/se\\\/high-school\\\/infor-ditt-utbytesar\\\/vem-kan-ansoka\\\/#primaryimage\"},\"image\":{\"@id\":\"https:\\\/\\\/www.sts-education.com\\\/se\\\/high-school\\\/infor-ditt-utbytesar\\\/vem-kan-ansoka\\\/#primaryimage\"},\"thumbnailUrl\":\"https:\\\/\\\/powered-by.qbank.se\\\/educatius\\\/sts\\\/\\\/654adcd0696a9cfff110373a8858629b_1-1-thumb.webp\",\"datePublished\":\"2025-12-16T10:06:08+00:00\",\"dateModified\":\"2026-04-15T09:44:17+00:00\",\"description\":\"De allra flesta kan \u00e5ka p\u00e5 ett utbytes\u00e5r. Allergier och sjukdomar beh\u00f6ver inte vara ett hinder. Det viktigaste \u00e4r att du \u00e4r nyfiken och har ett \u00f6ppet sinne.\",\"breadcrumb\":{\"@id\":\"https:\\\/\\\/www.sts-education.com\\\/se\\\/high-school\\\/infor-ditt-utbytesar\\\/vem-kan-ansoka\\\/#breadcrumb\"},\"inLanguage\":\"sv-SE\",\"potentialAction\":[{\"@type\":\"ReadAction\",\"target\":[\"https:\\\/\\\/www.sts-education.com\\\/se\\\/high-school\\\/infor-ditt-utbytesar\\\/vem-kan-ansoka\\\/\"]}]},{\"@type\":\"ImageObject\",\"inLanguage\":\"sv-SE\",\"@id\":\"https:\\\/\\\/www.sts-education.com\\\/se\\\/high-school\\\/infor-ditt-utbytesar\\\/vem-kan-ansoka\\\/#primaryimage\",\"url\":\"https:\\\/\\\/powered-by.qbank.se\\\/educatius\\\/sts\\\/\\\/654adcd0696a9cfff110373a8858629b_1-1-thumb.webp\",\"contentUrl\":\"https:\\\/\\\/powered-by.qbank.se\\\/educatius\\\/sts\\\/\\\/654adcd0696a9cfff110373a8858629b_1-1-thumb.webp\",\"width\":150,\"height\":150},{\"@type\":\"BreadcrumbList\",\"@id\":\"https:\\\/\\\/www.sts-education.com\\\/se\\\/high-school\\\/infor-ditt-utbytesar\\\/vem-kan-ansoka\\\/#breadcrumb\",\"itemListElement\":[{\"@type\":\"ListItem\",\"position\":1,\"name\":\"Home\",\"item\":\"https:\\\/\\\/www.sts-education.com\\\/se\\\/\"},{\"@type\":\"ListItem\",\"position\":2,\"name\":\"High school\",\"item\":\"https:\\\/\\\/www.sts-education.com\\\/se\\\/high-school\\\/\"},{\"@type\":\"ListItem\",\"position\":3,\"name\":\"Infor Ditt Utbytesar\",\"item\":\"https:\\\/\\\/www.sts-education.com\\\/se\\\/high-school\\\/infor-ditt-utbytesar\\\/\"},{\"@type\":\"ListItem\",\"position\":4,\"name\":\"Vem Kan Ansoka\"}]},{\"@type\":\"WebSite\",\"@id\":\"https:\\\/\\\/www.sts-education.com\\\/se\\\/#website\",\"url\":\"https:\\\/\\\/www.sts-education.com\\\/se\\\/\",\"name\":\"STS Education\",\"description\":\"\",\"potentialAction\":[{\"@type\":\"SearchAction\",\"target\":{\"@type\":\"EntryPoint\",\"urlTemplate\":\"https:\\\/\\\/www.sts-education.com\\\/se\\\/?s={search_term_string}\"},\"query-input\":{\"@type\":\"PropertyValueSpecification\",\"valueRequired\":true,\"valueName\":\"search_term_string\"}}],\"inLanguage\":\"sv-SE\"}]}<\/script>\n<!-- \/ Yoast SEO Premium plugin. -->","yoast_head_json":{"title":"Vem kan \u00e5ka p\u00e5 ett utbytes\u00e5r?","description":"De allra flesta kan \u00e5ka p\u00e5 ett utbytes\u00e5r. Allergier och sjukdomar beh\u00f6ver inte vara ett hinder. Det viktigaste \u00e4r att du \u00e4r nyfiken och har ett \u00f6ppet sinne.","robots":{"index":"index","follow":"follow","max-snippet":"max-snippet:-1","max-image-preview":"max-image-preview:large","max-video-preview":"max-video-preview:-1"},"canonical":"https:\/\/www.sts-education.com\/se\/high-school\/infor-ditt-utbytesar\/vem-kan-ansoka\/","og_locale":"sv_SE","og_type":"article","og_title":"Vem Kan Ansoka","og_description":"De allra flesta kan \u00e5ka p\u00e5 ett utbytes\u00e5r. Allergier och sjukdomar beh\u00f6ver inte vara ett hinder. Det viktigaste \u00e4r att du \u00e4r nyfiken och har ett \u00f6ppet sinne.","og_url":"https:\/\/www.sts-education.com\/se\/high-school\/infor-ditt-utbytesar\/vem-kan-ansoka\/","og_site_name":"STS Education","article_modified_time":"2026-04-15T09:44:17+00:00","og_image":[{"width":150,"height":150,"url":"https:\/\/powered-by.qbank.se\/educatius\/sts\/\/654adcd0696a9cfff110373a8858629b_1-1-thumb.webp","type":"image\/jpeg"}],"twitter_card":"summary_large_image","twitter_misc":{"Ber\u00e4knad l\u00e4stid":"2 minuter"},"schema":{"@context":"https:\/\/schema.org","@graph":[{"@type":"WebPage","@id":"https:\/\/www.sts-education.com\/se\/high-school\/infor-ditt-utbytesar\/vem-kan-ansoka\/","url":"https:\/\/www.sts-education.com\/se\/high-school\/infor-ditt-utbytesar\/vem-kan-ansoka\/","name":"Vem kan \u00e5ka p\u00e5 ett utbytes\u00e5r?","isPartOf":{"@id":"https:\/\/www.sts-education.com\/se\/#website"},"primaryImageOfPage":{"@id":"https:\/\/www.sts-education.com\/se\/high-school\/infor-ditt-utbytesar\/vem-kan-ansoka\/#primaryimage"},"image":{"@id":"https:\/\/www.sts-education.com\/se\/high-school\/infor-ditt-utbytesar\/vem-kan-ansoka\/#primaryimage"},"thumbnailUrl":"https:\/\/powered-by.qbank.se\/educatius\/sts\/\/654adcd0696a9cfff110373a8858629b_1-1-thumb.webp","datePublished":"2025-12-16T10:06:08+00:00","dateModified":"2026-04-15T09:44:17+00:00","description":"De allra flesta kan \u00e5ka p\u00e5 ett utbytes\u00e5r. Allergier och sjukdomar beh\u00f6ver inte vara ett hinder. Det viktigaste \u00e4r att du \u00e4r nyfiken och har ett \u00f6ppet sinne.","breadcrumb":{"@id":"https:\/\/www.sts-education.com\/se\/high-school\/infor-ditt-utbytesar\/vem-kan-ansoka\/#breadcrumb"},"inLanguage":"sv-SE","potentialAction":[{"@type":"ReadAction","target":["https:\/\/www.sts-education.com\/se\/high-school\/infor-ditt-utbytesar\/vem-kan-ansoka\/"]}]},{"@type":"ImageObject","inLanguage":"sv-SE","@id":"https:\/\/www.sts-education.com\/se\/high-school\/infor-ditt-utbytesar\/vem-kan-ansoka\/#primaryimage","url":"https:\/\/powered-by.qbank.se\/educatius\/sts\/\/654adcd0696a9cfff110373a8858629b_1-1-thumb.webp","contentUrl":"https:\/\/powered-by.qbank.se\/educatius\/sts\/\/654adcd0696a9cfff110373a8858629b_1-1-thumb.webp","width":150,"height":150},{"@type":"BreadcrumbList","@id":"https:\/\/www.sts-education.com\/se\/high-school\/infor-ditt-utbytesar\/vem-kan-ansoka\/#breadcrumb","itemListElement":[{"@type":"ListItem","position":1,"name":"Home","item":"https:\/\/www.sts-education.com\/se\/"},{"@type":"ListItem","position":2,"name":"High school","item":"https:\/\/www.sts-education.com\/se\/high-school\/"},{"@type":"ListItem","position":3,"name":"Infor Ditt Utbytesar","item":"https:\/\/www.sts-education.com\/se\/high-school\/infor-ditt-utbytesar\/"},{"@type":"ListItem","position":4,"name":"Vem Kan Ansoka"}]},{"@type":"WebSite","@id":"https:\/\/www.sts-education.com\/se\/#website","url":"https:\/\/www.sts-education.com\/se\/","name":"STS Education","description":"","potentialAction":[{"@type":"SearchAction","target":{"@type":"EntryPoint","urlTemplate":"https:\/\/www.sts-education.com\/se\/?s={search_term_string}"},"query-input":{"@type":"PropertyValueSpecification","valueRequired":true,"valueName":"search_term_string"}}],"inLanguage":"sv-SE"}]}},"_links":{"self":[{"href":"https:\/\/www.sts-education.com\/se\/wp-json\/wp\/v2\/pages\/10244","targetHints":{"allow":["GET"]}}],"collection":[{"href":"https:\/\/www.sts-education.com\/se\/wp-json\/wp\/v2\/pages"}],"about":[{"href":"https:\/\/www.sts-education.com\/se\/wp-json\/wp\/v2\/types\/page"}],"author":[{"embeddable":true,"href":"https:\/\/www.sts-education.com\/se\/wp-json\/wp\/v2\/users\/20"}],"replies":[{"embeddable":true,"href":"https:\/\/www.sts-education.com\/se\/wp-json\/wp\/v2\/comments?post=10244"}],"version-history":[{"count":6,"href":"https:\/\/www.sts-education.com\/se\/wp-json\/wp\/v2\/pages\/10244\/revisions"}],"predecessor-version":[{"id":35777,"href":"https:\/\/www.sts-education.com\/se\/wp-json\/wp\/v2\/pages\/10244\/revisions\/35777"}],"up":[{"embeddable":true,"href":"https:\/\/www.sts-education.com\/se\/wp-json\/wp\/v2\/pages\/10216"}],"wp:featuredmedia":[{"embeddable":true,"href":"https:\/\/www.sts-education.com\/se\/wp-json\/wp\/v2\/media\/16203"}],"wp:attachment":[{"href":"https:\/\/www.sts-education.com\/se\/wp-json\/wp\/v2\/media?parent=10244"}],"wp:term":[{"taxonomy":"wpw_page_folders","embeddable":true,"href":"https:\/\/www.sts-education.com\/se\/wp-json\/wp\/v2\/wpw_page_folders?post=10244"}],"curies":[{"name":"wp","href":"https:\/\/api.w.org\/{rel}","templated":true}]}}