{"id":10245,"date":"2025-12-16T10:16:07","date_gmt":"2025-12-16T10:16:07","guid":{"rendered":"https:\/\/preprod.sts-education.com\/high-school\/under-ditt-ar-utomlands\/10-tips-for-ett-lyckat-utbytesar\/"},"modified":"2026-04-14T10:00:35","modified_gmt":"2026-04-14T10:00:35","slug":"10-tips-for-ett-lyckat-utbytesar","status":"publish","type":"page","link":"https:\/\/www.sts-education.com\/se\/high-school\/under-ditt-ar-utomlands\/10-tips-for-ett-lyckat-utbytesar\/","title":{"rendered":"10 Tips For Ett Lyckat Utbytesar"},"content":{"rendered":"\n<section class=\"wp-block-sts-hero sts-block-hero is-variant-full-background has-text-light has-background-media\" style=\"--sts-hero-padding-mobile:0px;--sts-hero-padding-desktop:0px;--sts-hero-text-color:var(--wp--preset--color--base-10, #fff);\" data-variant=\"full-background\"><div class=\"sts-block-hero__background\"><picture class=\"sts-responsive-image has-fit-cover is-skeleton\"><img src=\"https:\/\/cdn.sts-education.com\/11218_hero_lg_xl.jpg\" alt=\"10 tips f\u00f6r ett lyckat utbytes\u00e5r\" loading=\"lazy\" decoding=\"async\" fetchpriority=\"low\" sizes=\"100vw\" \/><\/picture><span class=\"sts-block-hero__overlay\" aria-hidden=\"true\"><\/span><\/div><div class=\"sts-block-hero__inner\"><div class=\"sts-block-hero__content has-align-center\"><div class=\"sts-block-hero__content-inner\"><h1 class=\"sts-block-hero__heading\">10 tips f\u00f6r ett lyckat utbytes\u00e5r<\/h1><\/div><\/div><\/div><\/section>\n\n\n\n<div class=\"wp-block-sts-text sts-text-editor has-max-width-md\"><div class=\"sts-text-editor__content\"><div class=\"sts-text-editor__content-inner\">\n<p>Att \u00e5ka p\u00e5 utbytes\u00e5r f\u00f6r ett halv\u00e5r eller ett \u00e5r \u00e4r ett stort \u00e4ventyr och det kommer att f\u00f6r\u00e4ndra dig f\u00f6r alltid. Du kommer att l\u00e4ra k\u00e4nna dig sj\u00e4lv p\u00e5 ett s\u00e4tt du aldrig skulle g\u00f6ra annars och du kommer att utvecklas och bli mer sj\u00e4lvst\u00e4ndig. Du kommer att l\u00e4ra dig en massa nya saker, och det b\u00e4sta av allt, du kommer att f\u00e5 nya v\u00e4nner och du kommer att f\u00e5 ett andra hem.<\/p>\n\n<p><strong>S\u00e5 f\u00f6r att det h\u00e4r ska bli ditt b\u00e4sta \u00e5r n\u00e5gonsin, f\u00e5r du h\u00e4r tio tips som g\u00f6r att ditt utbytes\u00e5r blir det b\u00e4sta i ditt liv!<\/strong><\/p>\n\n<ol><li>Var positiv och m\u00f6t alla med ett leende<\/li>\n<li>Ha ett \u00f6ppet sinne<\/li>\n<li>Utveckla din kulturella kometens<\/li>\n<li>Var inte r\u00e4dd f\u00f6r att st\u00e4lla fr\u00e5gor <\/li>\n<li>Var nyfiken och engagera dig<\/li>\n<li>Bli en del av familjen <\/li>\n<li>Var en ambassad\u00f6r f\u00f6r sitt hemland<\/li>\n<li>G\u00f6r bra val<\/li>\n<li>Mindre sk\u00e4rmtid &#8211; livet blir roligare<\/li>\n<li>Ha kul och njut av din tid utomlands!<\/li><\/ol>\n<\/div><\/div><\/div>\n\n\n\n<section class=\"wp-block-sts-video sts-block-video sts-block-video--landscape has-max-width-lg\"><div class=\"sts-video sts-video--landscape\"><div class=\"sts-video__handler\"><button type=\"button\" class=\"sts-video__play-button\" aria-label=\"Play video\" aria-pressed=\"false\" data-playing=\"false\"><span class=\"sts-video__play-icon\"><img decoding=\"async\" class=\"play-icon\" src=\"data:image\/svg+xml,%3csvg%20width='32'%20height='32'%20viewBox='0%200%2032%2032'%20fill='none'%20xmlns='http:\/\/www.w3.org\/2000\/svg'%3e%3cmask%20id='mask0_2459_8201'%20style='mask-type:alpha'%20maskUnits='userSpaceOnUse'%20x='0'%20y='0'%20width='32'%20height='32'%3e%3crect%20width='32'%20height='32'%20fill='%23D9D9D9'\/%3e%3c\/mask%3e%3cg%20mask='url(%23mask0_2459_8201)'%3e%3cpath%20d='M10.667%2022.8999V9.09993C10.667%208.72216%2010.8003%208.40549%2011.067%208.14993C11.3337%207.89438%2011.6448%207.7666%2012.0003%207.7666C12.1114%207.7666%2012.2281%207.78327%2012.3503%207.8166C12.4725%207.84993%2012.5892%207.89993%2012.7003%207.9666L23.567%2014.8666C23.767%2014.9999%2023.917%2015.1666%2024.017%2015.3666C24.117%2015.5666%2024.167%2015.7777%2024.167%2015.9999C24.167%2016.2222%2024.117%2016.4333%2024.017%2016.6333C23.917%2016.8333%2023.767%2016.9999%2023.567%2017.1333L12.7003%2024.0333C12.5892%2024.0999%2012.4725%2024.1499%2012.3503%2024.1833C12.2281%2024.2166%2012.1114%2024.2333%2012.0003%2024.2333C11.6448%2024.2333%2011.3337%2024.1055%2011.067%2023.8499C10.8003%2023.5944%2010.667%2023.2777%2010.667%2022.8999Z'%20fill='black'\/%3e%3c\/g%3e%3c\/svg%3e\" alt=\"\" aria-hidden=\"true\"\/><img decoding=\"async\" class=\"pause-icon\" src=\"data:image\/svg+xml,%3csvg%20width='32'%20height='32'%20viewBox='0%200%2032%2032'%20fill='none'%20xmlns='http:\/\/www.w3.org\/2000\/svg'%3e%3cmask%20id='mask0_pause'%20style='mask-type:alpha'%20maskUnits='userSpaceOnUse'%20x='0'%20y='0'%20width='32'%20height='32'%3e%3crect%20width='32'%20height='32'%20fill='%23D9D9D9'\/%3e%3c\/mask%3e%3cg%20mask='url(%23mask0_pause)'%3e%3c!--%20Left%20bar%20--%3e%3crect%20x='10'%20y='8'%20width='4'%20height='16'%20rx='1'%20fill='black'\/%3e%3c!--%20Right%20bar%20--%3e%3crect%20x='18'%20y='8'%20width='4'%20height='16'%20rx='1'%20fill='black'\/%3e%3c\/g%3e%3c\/svg%3e\" alt=\"\" aria-hidden=\"true\"\/><\/span><\/button><strong class=\"sts-video__duration\" data-duration-prefix=\"Video duration:\" data-unit-second=\"second\" data-unit-seconds=\"seconds\" data-unit-minute=\"minute\" data-unit-minutes=\"minutes\" aria-label=\"Video duration: 40.0 seconds\">40.0 secs<\/strong><\/div><div class=\"sts-video__media\" data-video-source=\"youtube\" data-video-url=\"\"><div class=\"sts-video__external-shell\" data-embed-url=\"https:\/\/www.youtube.com\/embed\/UpffNhbKRb4?rel=0&amp;controls=1&amp;modestbranding=1&amp;playsinline=1&amp;enablejsapi=1&amp;autoplay=0&amp;origin=https%3A%2F%2Fwww.sts-education.com\"><iframe class=\"sts-video__iframe\" src=\"https:\/\/www.youtube.com\/embed\/UpffNhbKRb4?rel=0&amp;controls=1&amp;modestbranding=1&amp;playsinline=1&amp;enablejsapi=1&amp;autoplay=0&amp;origin=https%3A%2F%2Fwww.sts-education.com\" title=\"Video poster\nheading\" allow=\"autoplay; fullscreen\" allowfullscreen loading=\"lazy\" data-provider=\"youtube\" data-embed-url=\"https:\/\/www.youtube.com\/embed\/UpffNhbKRb4?rel=0&amp;controls=1&amp;modestbranding=1&amp;playsinline=1&amp;enablejsapi=1&amp;autoplay=0&amp;origin=https%3A%2F%2Fwww.sts-education.com\"><\/iframe><\/div><\/div><\/div><\/section>\n","protected":false},"excerpt":{"rendered":"","protected":false},"author":20,"featured_media":0,"parent":10217,"menu_order":0,"comment_status":"closed","ping_status":"closed","template":"templates\/template-default-with-breadcrumbs.php","meta":{"_acf_changed":false,"sts_page_background_color":"","footnotes":""},"wpw_page_folders":[83],"class_list":["post-10245","page","type-page","status-publish","hentry"],"acf":[],"yoast_head":"<!-- This site is optimized with the Yoast SEO Premium plugin v27.2 (Yoast SEO v27.3) - https:\/\/yoast.com\/product\/yoast-seo-premium-wordpress\/ -->\n<title>10 tips f\u00f6r ett lyckat utbytes\u00e5r<\/title>\n<meta name=\"description\" content=\"F\u00e5 ut det b\u00e4sta av ett utbytes\u00e5r. Att \u00e5ka p\u00e5 utbytes\u00e5r \u00e4r ett stort \u00e4ventyr och du blir mer sj\u00e4lvst\u00e4ndig. Se v\u00e5ra 10 tips f\u00f6r ett lyckat gymnasie\u00e5r utomlands.\" \/>\n<meta name=\"robots\" content=\"index, follow, max-snippet:-1, max-image-preview:large, max-video-preview:-1\" \/>\n<link rel=\"canonical\" href=\"https:\/\/www.sts-education.com\/se\/high-school\/under-ditt-ar-utomlands\/10-tips-for-ett-lyckat-utbytesar\/\" \/>\n<meta property=\"og:locale\" content=\"sv_SE\" \/>\n<meta property=\"og:type\" content=\"article\" \/>\n<meta property=\"og:title\" content=\"10 Tips For Ett Lyckat Utbytesar\" \/>\n<meta property=\"og:description\" content=\"F\u00e5 ut det b\u00e4sta av ett utbytes\u00e5r. Att \u00e5ka p\u00e5 utbytes\u00e5r \u00e4r ett stort \u00e4ventyr och du blir mer sj\u00e4lvst\u00e4ndig. Se v\u00e5ra 10 tips f\u00f6r ett lyckat gymnasie\u00e5r utomlands.\" \/>\n<meta property=\"og:url\" content=\"https:\/\/www.sts-education.com\/se\/high-school\/under-ditt-ar-utomlands\/10-tips-for-ett-lyckat-utbytesar\/\" \/>\n<meta property=\"og:site_name\" content=\"STS Education\" \/>\n<meta property=\"article:modified_time\" content=\"2026-04-14T10:00:35+00:00\" \/>\n<meta property=\"og:image\" content=\"https:\/\/cdn.sts-education.com\/11218_hero_lg_xl.jpg\" \/>\n<meta name=\"twitter:card\" content=\"summary_large_image\" \/>\n<meta name=\"twitter:label1\" content=\"Ber\u00e4knad l\u00e4stid\" \/>\n\t<meta name=\"twitter:data1\" content=\"1 minut\" \/>\n<script type=\"application\/ld+json\" class=\"yoast-schema-graph\">{\"@context\":\"https:\\\/\\\/schema.org\",\"@graph\":[{\"@type\":\"WebPage\",\"@id\":\"https:\\\/\\\/www.sts-education.com\\\/se\\\/high-school\\\/under-ditt-ar-utomlands\\\/10-tips-for-ett-lyckat-utbytesar\\\/\",\"url\":\"https:\\\/\\\/www.sts-education.com\\\/se\\\/high-school\\\/under-ditt-ar-utomlands\\\/10-tips-for-ett-lyckat-utbytesar\\\/\",\"name\":\"10 tips f\u00f6r ett lyckat utbytes\u00e5r\",\"isPartOf\":{\"@id\":\"https:\\\/\\\/www.sts-education.com\\\/se\\\/#website\"},\"primaryImageOfPage\":{\"@id\":\"https:\\\/\\\/www.sts-education.com\\\/se\\\/high-school\\\/under-ditt-ar-utomlands\\\/10-tips-for-ett-lyckat-utbytesar\\\/#primaryimage\"},\"image\":{\"@id\":\"https:\\\/\\\/www.sts-education.com\\\/se\\\/high-school\\\/under-ditt-ar-utomlands\\\/10-tips-for-ett-lyckat-utbytesar\\\/#primaryimage\"},\"thumbnailUrl\":\"https:\\\/\\\/cdn.sts-education.com\\\/11218_hero_lg_xl.jpg\",\"datePublished\":\"2025-12-16T10:16:07+00:00\",\"dateModified\":\"2026-04-14T10:00:35+00:00\",\"description\":\"F\u00e5 ut det b\u00e4sta av ett utbytes\u00e5r. Att \u00e5ka p\u00e5 utbytes\u00e5r \u00e4r ett stort \u00e4ventyr och du blir mer sj\u00e4lvst\u00e4ndig. Se v\u00e5ra 10 tips f\u00f6r ett lyckat gymnasie\u00e5r utomlands.\",\"breadcrumb\":{\"@id\":\"https:\\\/\\\/www.sts-education.com\\\/se\\\/high-school\\\/under-ditt-ar-utomlands\\\/10-tips-for-ett-lyckat-utbytesar\\\/#breadcrumb\"},\"inLanguage\":\"sv-SE\",\"potentialAction\":[{\"@type\":\"ReadAction\",\"target\":[\"https:\\\/\\\/www.sts-education.com\\\/se\\\/high-school\\\/under-ditt-ar-utomlands\\\/10-tips-for-ett-lyckat-utbytesar\\\/\"]}]},{\"@type\":\"ImageObject\",\"inLanguage\":\"sv-SE\",\"@id\":\"https:\\\/\\\/www.sts-education.com\\\/se\\\/high-school\\\/under-ditt-ar-utomlands\\\/10-tips-for-ett-lyckat-utbytesar\\\/#primaryimage\",\"url\":\"https:\\\/\\\/cdn.sts-education.com\\\/11218_hero_lg_xl.jpg\",\"contentUrl\":\"https:\\\/\\\/cdn.sts-education.com\\\/11218_hero_lg_xl.jpg\"},{\"@type\":\"BreadcrumbList\",\"@id\":\"https:\\\/\\\/www.sts-education.com\\\/se\\\/high-school\\\/under-ditt-ar-utomlands\\\/10-tips-for-ett-lyckat-utbytesar\\\/#breadcrumb\",\"itemListElement\":[{\"@type\":\"ListItem\",\"position\":1,\"name\":\"Home\",\"item\":\"https:\\\/\\\/www.sts-education.com\\\/se\\\/\"},{\"@type\":\"ListItem\",\"position\":2,\"name\":\"High school\",\"item\":\"https:\\\/\\\/www.sts-education.com\\\/se\\\/high-school\\\/\"},{\"@type\":\"ListItem\",\"position\":3,\"name\":\"Under Ditt Ar Utomlands\",\"item\":\"https:\\\/\\\/www.sts-education.com\\\/se\\\/high-school\\\/under-ditt-ar-utomlands\\\/\"},{\"@type\":\"ListItem\",\"position\":4,\"name\":\"10 Tips For Ett Lyckat Utbytesar\"}]},{\"@type\":\"WebSite\",\"@id\":\"https:\\\/\\\/www.sts-education.com\\\/se\\\/#website\",\"url\":\"https:\\\/\\\/www.sts-education.com\\\/se\\\/\",\"name\":\"STS Education\",\"description\":\"\",\"potentialAction\":[{\"@type\":\"SearchAction\",\"target\":{\"@type\":\"EntryPoint\",\"urlTemplate\":\"https:\\\/\\\/www.sts-education.com\\\/se\\\/?s={search_term_string}\"},\"query-input\":{\"@type\":\"PropertyValueSpecification\",\"valueRequired\":true,\"valueName\":\"search_term_string\"}}],\"inLanguage\":\"sv-SE\"}]}<\/script>\n<!-- \/ Yoast SEO Premium plugin. -->","yoast_head_json":{"title":"10 tips f\u00f6r ett lyckat utbytes\u00e5r","description":"F\u00e5 ut det b\u00e4sta av ett utbytes\u00e5r. Att \u00e5ka p\u00e5 utbytes\u00e5r \u00e4r ett stort \u00e4ventyr och du blir mer sj\u00e4lvst\u00e4ndig. Se v\u00e5ra 10 tips f\u00f6r ett lyckat gymnasie\u00e5r utomlands.","robots":{"index":"index","follow":"follow","max-snippet":"max-snippet:-1","max-image-preview":"max-image-preview:large","max-video-preview":"max-video-preview:-1"},"canonical":"https:\/\/www.sts-education.com\/se\/high-school\/under-ditt-ar-utomlands\/10-tips-for-ett-lyckat-utbytesar\/","og_locale":"sv_SE","og_type":"article","og_title":"10 Tips For Ett Lyckat Utbytesar","og_description":"F\u00e5 ut det b\u00e4sta av ett utbytes\u00e5r. Att \u00e5ka p\u00e5 utbytes\u00e5r \u00e4r ett stort \u00e4ventyr och du blir mer sj\u00e4lvst\u00e4ndig. Se v\u00e5ra 10 tips f\u00f6r ett lyckat gymnasie\u00e5r utomlands.","og_url":"https:\/\/www.sts-education.com\/se\/high-school\/under-ditt-ar-utomlands\/10-tips-for-ett-lyckat-utbytesar\/","og_site_name":"STS Education","article_modified_time":"2026-04-14T10:00:35+00:00","og_image":[{"url":"https:\/\/cdn.sts-education.com\/11218_hero_lg_xl.jpg","type":"","width":"","height":""}],"twitter_card":"summary_large_image","twitter_misc":{"Ber\u00e4knad l\u00e4stid":"1 minut"},"schema":{"@context":"https:\/\/schema.org","@graph":[{"@type":"WebPage","@id":"https:\/\/www.sts-education.com\/se\/high-school\/under-ditt-ar-utomlands\/10-tips-for-ett-lyckat-utbytesar\/","url":"https:\/\/www.sts-education.com\/se\/high-school\/under-ditt-ar-utomlands\/10-tips-for-ett-lyckat-utbytesar\/","name":"10 tips f\u00f6r ett lyckat utbytes\u00e5r","isPartOf":{"@id":"https:\/\/www.sts-education.com\/se\/#website"},"primaryImageOfPage":{"@id":"https:\/\/www.sts-education.com\/se\/high-school\/under-ditt-ar-utomlands\/10-tips-for-ett-lyckat-utbytesar\/#primaryimage"},"image":{"@id":"https:\/\/www.sts-education.com\/se\/high-school\/under-ditt-ar-utomlands\/10-tips-for-ett-lyckat-utbytesar\/#primaryimage"},"thumbnailUrl":"https:\/\/cdn.sts-education.com\/11218_hero_lg_xl.jpg","datePublished":"2025-12-16T10:16:07+00:00","dateModified":"2026-04-14T10:00:35+00:00","description":"F\u00e5 ut det b\u00e4sta av ett utbytes\u00e5r. Att \u00e5ka p\u00e5 utbytes\u00e5r \u00e4r ett stort \u00e4ventyr och du blir mer sj\u00e4lvst\u00e4ndig. Se v\u00e5ra 10 tips f\u00f6r ett lyckat gymnasie\u00e5r utomlands.","breadcrumb":{"@id":"https:\/\/www.sts-education.com\/se\/high-school\/under-ditt-ar-utomlands\/10-tips-for-ett-lyckat-utbytesar\/#breadcrumb"},"inLanguage":"sv-SE","potentialAction":[{"@type":"ReadAction","target":["https:\/\/www.sts-education.com\/se\/high-school\/under-ditt-ar-utomlands\/10-tips-for-ett-lyckat-utbytesar\/"]}]},{"@type":"ImageObject","inLanguage":"sv-SE","@id":"https:\/\/www.sts-education.com\/se\/high-school\/under-ditt-ar-utomlands\/10-tips-for-ett-lyckat-utbytesar\/#primaryimage","url":"https:\/\/cdn.sts-education.com\/11218_hero_lg_xl.jpg","contentUrl":"https:\/\/cdn.sts-education.com\/11218_hero_lg_xl.jpg"},{"@type":"BreadcrumbList","@id":"https:\/\/www.sts-education.com\/se\/high-school\/under-ditt-ar-utomlands\/10-tips-for-ett-lyckat-utbytesar\/#breadcrumb","itemListElement":[{"@type":"ListItem","position":1,"name":"Home","item":"https:\/\/www.sts-education.com\/se\/"},{"@type":"ListItem","position":2,"name":"High school","item":"https:\/\/www.sts-education.com\/se\/high-school\/"},{"@type":"ListItem","position":3,"name":"Under Ditt Ar Utomlands","item":"https:\/\/www.sts-education.com\/se\/high-school\/under-ditt-ar-utomlands\/"},{"@type":"ListItem","position":4,"name":"10 Tips For Ett Lyckat Utbytesar"}]},{"@type":"WebSite","@id":"https:\/\/www.sts-education.com\/se\/#website","url":"https:\/\/www.sts-education.com\/se\/","name":"STS Education","description":"","potentialAction":[{"@type":"SearchAction","target":{"@type":"EntryPoint","urlTemplate":"https:\/\/www.sts-education.com\/se\/?s={search_term_string}"},"query-input":{"@type":"PropertyValueSpecification","valueRequired":true,"valueName":"search_term_string"}}],"inLanguage":"sv-SE"}]}},"_links":{"self":[{"href":"https:\/\/www.sts-education.com\/se\/wp-json\/wp\/v2\/pages\/10245","targetHints":{"allow":["GET"]}}],"collection":[{"href":"https:\/\/www.sts-education.com\/se\/wp-json\/wp\/v2\/pages"}],"about":[{"href":"https:\/\/www.sts-education.com\/se\/wp-json\/wp\/v2\/types\/page"}],"author":[{"embeddable":true,"href":"https:\/\/www.sts-education.com\/se\/wp-json\/wp\/v2\/users\/20"}],"replies":[{"embeddable":true,"href":"https:\/\/www.sts-education.com\/se\/wp-json\/wp\/v2\/comments?post=10245"}],"version-history":[{"count":4,"href":"https:\/\/www.sts-education.com\/se\/wp-json\/wp\/v2\/pages\/10245\/revisions"}],"predecessor-version":[{"id":33520,"href":"https:\/\/www.sts-education.com\/se\/wp-json\/wp\/v2\/pages\/10245\/revisions\/33520"}],"up":[{"embeddable":true,"href":"https:\/\/www.sts-education.com\/se\/wp-json\/wp\/v2\/pages\/10217"}],"wp:attachment":[{"href":"https:\/\/www.sts-education.com\/se\/wp-json\/wp\/v2\/media?parent=10245"}],"wp:term":[{"taxonomy":"wpw_page_folders","embeddable":true,"href":"https:\/\/www.sts-education.com\/se\/wp-json\/wp\/v2\/wpw_page_folders?post=10245"}],"curies":[{"name":"wp","href":"https:\/\/api.w.org\/{rel}","templated":true}]}}