{"id":10247,"date":"2025-12-16T10:12:41","date_gmt":"2025-12-16T10:12:41","guid":{"rendered":"https:\/\/preprod.sts-education.com\/high-school\/under-ditt-ar-utomlands\/att-resa-till-din-destination\/"},"modified":"2026-04-01T01:27:56","modified_gmt":"2026-04-01T01:27:56","slug":"att-resa-till-din-destination","status":"publish","type":"page","link":"https:\/\/www.sts-education.com\/se\/high-school\/under-ditt-ar-utomlands\/att-resa-till-din-destination\/","title":{"rendered":"Att Resa Till Din Destination"},"content":{"rendered":"\n<section class=\"wp-block-sts-hero sts-block-hero is-variant-full-background has-text-light has-background-media\" style=\"--sts-hero-padding-mobile:0px;--sts-hero-padding-desktop:0px;--sts-hero-text-color:var(--wp--preset--color--base-10, #fff);\" data-variant=\"full-background\"><div class=\"sts-block-hero__background\"><picture class=\"sts-responsive-image has-fit-cover is-skeleton\"><img src=\"https:\/\/cdn.sts-education.com\/12568_hero_lg_xl.jpg\" alt=\"Resan till din destination\" loading=\"lazy\" decoding=\"async\" fetchpriority=\"low\" sizes=\"100vw\" \/><\/picture><span class=\"sts-block-hero__overlay\" aria-hidden=\"true\"><\/span><\/div><div class=\"sts-block-hero__inner\"><div class=\"sts-block-hero__content has-align-center\"><div class=\"sts-block-hero__content-inner\"><h1 class=\"sts-block-hero__heading\">Resan till din destination<\/h1><\/div><\/div><\/div><\/section>\n\n\n\n<div class=\"wp-block-sts-text sts-text-editor has-max-width-md\"><div class=\"sts-text-editor__content\"><div class=\"sts-text-editor__content-inner\">\n<p>De flesta utbytesstudenterna reser sj\u00e4lva till sin destination eftersom alla studenter reser fr\u00e5n olika platser i landet. Men lite beroende p\u00e5 vart du ska och hur m\u00e5nga som ska till samma st\u00e4lle, kan det h\u00e4nda att det finns fler studenter med p\u00e5 samma resa.<\/p>\n\n<p>Avresan till ditt nya \u00e4ventyr avg\u00f6rs av n\u00e4r skolan b\u00f6rjar och n\u00e4r din v\u00e4rdfamilj kan ta emot dig. T\u00e4nk p\u00e5 att m\u00e5nga skolor utomlands startar f\u00f6rst i september. Ing\u00e5r Welcome Camp i din resa \u00e5ker du f\u00f6rst dit f\u00f6r att sedan \u00e5ka vidare till din slutdestination.<\/p>\n\n<p>STS bokar alla dina resor och skickar sedan \u00f6ver dina biljetter n\u00e4r resan n\u00e4rmar sig. Sj\u00e4lva resehandlingen \u00e4r digital och kommer att finnas tillg\u00e4nglig i din telefon. T\u00e4nk p\u00e5 att ha ditt pass, visum och andra resehandlingar l\u00e4ttillg\u00e4ngliga i ditt handbagage. Ha ocks\u00e5 information om adress och telefonnummer till din v\u00e4rdfamilj samt din lokala koordinator n\u00e4ra till hands.<\/p>\n\n<h2>V\u00e4l p\u00e5 plats i ditt v\u00e4rdland<\/h2>\n\n<p>Vi m\u00f6ter dig p\u00e5 t\u00e5gstationen eller p\u00e5 flygplatsen n\u00e4r du anl\u00e4nder till din destination. D\u00e4r efter \u00e5ker vi tillsammans till din v\u00e4rdfamilj. V\u00e4l hos v\u00e4rdfamiljen kan det vara bra att s\u00e5 tidigt som m\u00f6jlig prata om vilka regler som finns och hur b\u00e5de du och din v\u00e4rdfamilj fungerar. P\u00e5 det s\u00e4ttet undviker ni m\u00e5nga missf\u00f6rst\u00e5nd redan fr\u00e5n b\u00f6rjan.<\/p>\n\n<p>Bra att veta \u00e4r ocks\u00e5 att vi ibland tar foton p\u00e5 v\u00e5ra elever under tiden som du \u00e4r p\u00e5 Welcome Camp. Dessa foton kan komma att delas p\u00e5 STS sociala kanaler som <a href=\"https:\/\/www.tiktok.com\/@stsworldwide\" target=\"_blank\" rel=\"noopener noreferrer\">TikTok<\/a>, <a href=\"https:\/\/www.instagram.com\/stsworldwide\/\" target=\"_blank\" rel=\"noopener noreferrer\">Intagram<\/a> och <a href=\"https:\/\/www.facebook.com\/stsworldwide\">Facebook<\/a>. Om du inte vill vara med p\u00e5 bild eller om dina f\u00f6r\u00e4ldrar inte vill att du ska vara med p\u00e5 bild, \u00e4r det viktigt att ni meddelar oss det i god tid innan avresan.<\/p>\n<\/div><\/div><\/div>\n\n","protected":false},"excerpt":{"rendered":"","protected":false},"author":20,"featured_media":0,"parent":10217,"menu_order":0,"comment_status":"closed","ping_status":"closed","template":"templates\/template-default-with-breadcrumbs.php","meta":{"_acf_changed":false,"sts_page_background_color":"","footnotes":""},"wpw_page_folders":[83],"class_list":["post-10247","page","type-page","status-publish","hentry"],"acf":[],"yoast_head":"<!-- This site is optimized with the Yoast SEO Premium plugin v27.2 (Yoast SEO v27.3) - https:\/\/yoast.com\/product\/yoast-seo-premium-wordpress\/ -->\n<title>S\u00e5 h\u00e4r g\u00e5r resan till ditt utbytes\u00e5r till<\/title>\n<meta name=\"description\" content=\"De flesta utbytesstudenter reser sj\u00e4lva till sin destination eftersom alla reser fr\u00e5n olika platser. Datum f\u00f6r avresan avg\u00f6rs av n\u00e4r skolan b\u00f6rjar.\" \/>\n<meta name=\"robots\" content=\"index, follow, max-snippet:-1, max-image-preview:large, max-video-preview:-1\" \/>\n<link rel=\"canonical\" href=\"https:\/\/www.sts-education.com\/se\/high-school\/under-ditt-ar-utomlands\/att-resa-till-din-destination\/\" \/>\n<meta property=\"og:locale\" content=\"sv_SE\" \/>\n<meta property=\"og:type\" content=\"article\" \/>\n<meta property=\"og:title\" content=\"Att Resa Till Din Destination\" \/>\n<meta property=\"og:description\" content=\"De flesta utbytesstudenter reser sj\u00e4lva till sin destination eftersom alla reser fr\u00e5n olika platser. Datum f\u00f6r avresan avg\u00f6rs av n\u00e4r skolan b\u00f6rjar.\" \/>\n<meta property=\"og:url\" content=\"https:\/\/www.sts-education.com\/se\/high-school\/under-ditt-ar-utomlands\/att-resa-till-din-destination\/\" \/>\n<meta property=\"og:site_name\" content=\"STS Education\" \/>\n<meta property=\"article:modified_time\" content=\"2026-04-01T01:27:56+00:00\" \/>\n<meta property=\"og:image\" content=\"https:\/\/cdn.sts-education.com\/12568_hero_lg_xl.jpg\" \/>\n<meta name=\"twitter:card\" content=\"summary_large_image\" \/>\n<meta name=\"twitter:label1\" content=\"Ber\u00e4knad l\u00e4stid\" \/>\n\t<meta name=\"twitter:data1\" content=\"2 minuter\" \/>\n<script type=\"application\/ld+json\" class=\"yoast-schema-graph\">{\"@context\":\"https:\\\/\\\/schema.org\",\"@graph\":[{\"@type\":\"WebPage\",\"@id\":\"https:\\\/\\\/www.sts-education.com\\\/se\\\/high-school\\\/under-ditt-ar-utomlands\\\/att-resa-till-din-destination\\\/\",\"url\":\"https:\\\/\\\/www.sts-education.com\\\/se\\\/high-school\\\/under-ditt-ar-utomlands\\\/att-resa-till-din-destination\\\/\",\"name\":\"S\u00e5 h\u00e4r g\u00e5r resan till ditt utbytes\u00e5r till\",\"isPartOf\":{\"@id\":\"https:\\\/\\\/www.sts-education.com\\\/se\\\/#website\"},\"primaryImageOfPage\":{\"@id\":\"https:\\\/\\\/www.sts-education.com\\\/se\\\/high-school\\\/under-ditt-ar-utomlands\\\/att-resa-till-din-destination\\\/#primaryimage\"},\"image\":{\"@id\":\"https:\\\/\\\/www.sts-education.com\\\/se\\\/high-school\\\/under-ditt-ar-utomlands\\\/att-resa-till-din-destination\\\/#primaryimage\"},\"thumbnailUrl\":\"https:\\\/\\\/cdn.sts-education.com\\\/12568_hero_lg_xl.jpg\",\"datePublished\":\"2025-12-16T10:12:41+00:00\",\"dateModified\":\"2026-04-01T01:27:56+00:00\",\"description\":\"De flesta utbytesstudenter reser sj\u00e4lva till sin destination eftersom alla reser fr\u00e5n olika platser. Datum f\u00f6r avresan avg\u00f6rs av n\u00e4r skolan b\u00f6rjar.\",\"breadcrumb\":{\"@id\":\"https:\\\/\\\/www.sts-education.com\\\/se\\\/high-school\\\/under-ditt-ar-utomlands\\\/att-resa-till-din-destination\\\/#breadcrumb\"},\"inLanguage\":\"sv-SE\",\"potentialAction\":[{\"@type\":\"ReadAction\",\"target\":[\"https:\\\/\\\/www.sts-education.com\\\/se\\\/high-school\\\/under-ditt-ar-utomlands\\\/att-resa-till-din-destination\\\/\"]}]},{\"@type\":\"ImageObject\",\"inLanguage\":\"sv-SE\",\"@id\":\"https:\\\/\\\/www.sts-education.com\\\/se\\\/high-school\\\/under-ditt-ar-utomlands\\\/att-resa-till-din-destination\\\/#primaryimage\",\"url\":\"https:\\\/\\\/cdn.sts-education.com\\\/12568_hero_lg_xl.jpg\",\"contentUrl\":\"https:\\\/\\\/cdn.sts-education.com\\\/12568_hero_lg_xl.jpg\"},{\"@type\":\"BreadcrumbList\",\"@id\":\"https:\\\/\\\/www.sts-education.com\\\/se\\\/high-school\\\/under-ditt-ar-utomlands\\\/att-resa-till-din-destination\\\/#breadcrumb\",\"itemListElement\":[{\"@type\":\"ListItem\",\"position\":1,\"name\":\"Home\",\"item\":\"https:\\\/\\\/www.sts-education.com\\\/se\\\/\"},{\"@type\":\"ListItem\",\"position\":2,\"name\":\"High school\",\"item\":\"https:\\\/\\\/www.sts-education.com\\\/se\\\/high-school\\\/\"},{\"@type\":\"ListItem\",\"position\":3,\"name\":\"Under Ditt Ar Utomlands\",\"item\":\"https:\\\/\\\/www.sts-education.com\\\/se\\\/high-school\\\/under-ditt-ar-utomlands\\\/\"},{\"@type\":\"ListItem\",\"position\":4,\"name\":\"Att Resa Till Din Destination\"}]},{\"@type\":\"WebSite\",\"@id\":\"https:\\\/\\\/www.sts-education.com\\\/se\\\/#website\",\"url\":\"https:\\\/\\\/www.sts-education.com\\\/se\\\/\",\"name\":\"STS Education\",\"description\":\"\",\"potentialAction\":[{\"@type\":\"SearchAction\",\"target\":{\"@type\":\"EntryPoint\",\"urlTemplate\":\"https:\\\/\\\/www.sts-education.com\\\/se\\\/?s={search_term_string}\"},\"query-input\":{\"@type\":\"PropertyValueSpecification\",\"valueRequired\":true,\"valueName\":\"search_term_string\"}}],\"inLanguage\":\"sv-SE\"}]}<\/script>\n<!-- \/ Yoast SEO Premium plugin. -->","yoast_head_json":{"title":"S\u00e5 h\u00e4r g\u00e5r resan till ditt utbytes\u00e5r till","description":"De flesta utbytesstudenter reser sj\u00e4lva till sin destination eftersom alla reser fr\u00e5n olika platser. Datum f\u00f6r avresan avg\u00f6rs av n\u00e4r skolan b\u00f6rjar.","robots":{"index":"index","follow":"follow","max-snippet":"max-snippet:-1","max-image-preview":"max-image-preview:large","max-video-preview":"max-video-preview:-1"},"canonical":"https:\/\/www.sts-education.com\/se\/high-school\/under-ditt-ar-utomlands\/att-resa-till-din-destination\/","og_locale":"sv_SE","og_type":"article","og_title":"Att Resa Till Din Destination","og_description":"De flesta utbytesstudenter reser sj\u00e4lva till sin destination eftersom alla reser fr\u00e5n olika platser. Datum f\u00f6r avresan avg\u00f6rs av n\u00e4r skolan b\u00f6rjar.","og_url":"https:\/\/www.sts-education.com\/se\/high-school\/under-ditt-ar-utomlands\/att-resa-till-din-destination\/","og_site_name":"STS Education","article_modified_time":"2026-04-01T01:27:56+00:00","og_image":[{"url":"https:\/\/cdn.sts-education.com\/12568_hero_lg_xl.jpg","type":"","width":"","height":""}],"twitter_card":"summary_large_image","twitter_misc":{"Ber\u00e4knad l\u00e4stid":"2 minuter"},"schema":{"@context":"https:\/\/schema.org","@graph":[{"@type":"WebPage","@id":"https:\/\/www.sts-education.com\/se\/high-school\/under-ditt-ar-utomlands\/att-resa-till-din-destination\/","url":"https:\/\/www.sts-education.com\/se\/high-school\/under-ditt-ar-utomlands\/att-resa-till-din-destination\/","name":"S\u00e5 h\u00e4r g\u00e5r resan till ditt utbytes\u00e5r till","isPartOf":{"@id":"https:\/\/www.sts-education.com\/se\/#website"},"primaryImageOfPage":{"@id":"https:\/\/www.sts-education.com\/se\/high-school\/under-ditt-ar-utomlands\/att-resa-till-din-destination\/#primaryimage"},"image":{"@id":"https:\/\/www.sts-education.com\/se\/high-school\/under-ditt-ar-utomlands\/att-resa-till-din-destination\/#primaryimage"},"thumbnailUrl":"https:\/\/cdn.sts-education.com\/12568_hero_lg_xl.jpg","datePublished":"2025-12-16T10:12:41+00:00","dateModified":"2026-04-01T01:27:56+00:00","description":"De flesta utbytesstudenter reser sj\u00e4lva till sin destination eftersom alla reser fr\u00e5n olika platser. Datum f\u00f6r avresan avg\u00f6rs av n\u00e4r skolan b\u00f6rjar.","breadcrumb":{"@id":"https:\/\/www.sts-education.com\/se\/high-school\/under-ditt-ar-utomlands\/att-resa-till-din-destination\/#breadcrumb"},"inLanguage":"sv-SE","potentialAction":[{"@type":"ReadAction","target":["https:\/\/www.sts-education.com\/se\/high-school\/under-ditt-ar-utomlands\/att-resa-till-din-destination\/"]}]},{"@type":"ImageObject","inLanguage":"sv-SE","@id":"https:\/\/www.sts-education.com\/se\/high-school\/under-ditt-ar-utomlands\/att-resa-till-din-destination\/#primaryimage","url":"https:\/\/cdn.sts-education.com\/12568_hero_lg_xl.jpg","contentUrl":"https:\/\/cdn.sts-education.com\/12568_hero_lg_xl.jpg"},{"@type":"BreadcrumbList","@id":"https:\/\/www.sts-education.com\/se\/high-school\/under-ditt-ar-utomlands\/att-resa-till-din-destination\/#breadcrumb","itemListElement":[{"@type":"ListItem","position":1,"name":"Home","item":"https:\/\/www.sts-education.com\/se\/"},{"@type":"ListItem","position":2,"name":"High school","item":"https:\/\/www.sts-education.com\/se\/high-school\/"},{"@type":"ListItem","position":3,"name":"Under Ditt Ar Utomlands","item":"https:\/\/www.sts-education.com\/se\/high-school\/under-ditt-ar-utomlands\/"},{"@type":"ListItem","position":4,"name":"Att Resa Till Din Destination"}]},{"@type":"WebSite","@id":"https:\/\/www.sts-education.com\/se\/#website","url":"https:\/\/www.sts-education.com\/se\/","name":"STS Education","description":"","potentialAction":[{"@type":"SearchAction","target":{"@type":"EntryPoint","urlTemplate":"https:\/\/www.sts-education.com\/se\/?s={search_term_string}"},"query-input":{"@type":"PropertyValueSpecification","valueRequired":true,"valueName":"search_term_string"}}],"inLanguage":"sv-SE"}]}},"_links":{"self":[{"href":"https:\/\/www.sts-education.com\/se\/wp-json\/wp\/v2\/pages\/10247","targetHints":{"allow":["GET"]}}],"collection":[{"href":"https:\/\/www.sts-education.com\/se\/wp-json\/wp\/v2\/pages"}],"about":[{"href":"https:\/\/www.sts-education.com\/se\/wp-json\/wp\/v2\/types\/page"}],"author":[{"embeddable":true,"href":"https:\/\/www.sts-education.com\/se\/wp-json\/wp\/v2\/users\/20"}],"replies":[{"embeddable":true,"href":"https:\/\/www.sts-education.com\/se\/wp-json\/wp\/v2\/comments?post=10247"}],"version-history":[{"count":2,"href":"https:\/\/www.sts-education.com\/se\/wp-json\/wp\/v2\/pages\/10247\/revisions"}],"predecessor-version":[{"id":20118,"href":"https:\/\/www.sts-education.com\/se\/wp-json\/wp\/v2\/pages\/10247\/revisions\/20118"}],"up":[{"embeddable":true,"href":"https:\/\/www.sts-education.com\/se\/wp-json\/wp\/v2\/pages\/10217"}],"wp:attachment":[{"href":"https:\/\/www.sts-education.com\/se\/wp-json\/wp\/v2\/media?parent=10247"}],"wp:term":[{"taxonomy":"wpw_page_folders","embeddable":true,"href":"https:\/\/www.sts-education.com\/se\/wp-json\/wp\/v2\/wpw_page_folders?post=10247"}],"curies":[{"name":"wp","href":"https:\/\/api.w.org\/{rel}","templated":true}]}}