{"id":10248,"date":"2025-12-16T10:16:36","date_gmt":"2025-12-16T10:16:36","guid":{"rendered":"https:\/\/preprod.sts-education.com\/high-school\/under-ditt-ar-utomlands\/nar-du-kommit-hem\/"},"modified":"2026-04-15T09:44:06","modified_gmt":"2026-04-15T09:44:06","slug":"nar-du-kommit-hem","status":"publish","type":"page","link":"https:\/\/www.sts-education.com\/se\/high-school\/under-ditt-ar-utomlands\/nar-du-kommit-hem\/","title":{"rendered":"Nar Du Kommit Hem"},"content":{"rendered":"\n<section class=\"wp-block-sts-hero sts-block-hero is-variant-full-background has-text-light has-background-media\" style=\"--sts-hero-padding-mobile:0px;--sts-hero-padding-desktop:0px;--sts-hero-text-color:var(--wp--preset--color--base-10, #fff);\" data-variant=\"full-background\"><div class=\"sts-block-hero__background\"><picture class=\"sts-responsive-image has-fit-cover is-skeleton\"><img src=\"https:\/\/cdn.sts-education.com\/12573_hero_lg_xl.jpg\" alt=\"N\u00e4r du kommer hem fr\u00e5n ditt utbytes\u00e5r\" loading=\"lazy\" decoding=\"async\" fetchpriority=\"low\" sizes=\"100vw\" \/><\/picture><span class=\"sts-block-hero__overlay\" aria-hidden=\"true\"><\/span><\/div><div class=\"sts-block-hero__inner\"><div class=\"sts-block-hero__content has-align-center\"><div class=\"sts-block-hero__content-inner\"><h1 class=\"sts-block-hero__heading\">N\u00e4r du kommer hem fr\u00e5n ditt utbytes\u00e5r<\/h1><\/div><\/div><\/div><\/section>\n\n\n\n<div class=\"wp-block-sts-text sts-text-editor has-max-width-md\"><div class=\"sts-text-editor__content\"><div class=\"sts-text-editor__content-inner\">\n<p>Inom 10 dagar efter att skolan slutat kommer du att \u00e5terv\u00e4nda hem. V\u00e4nner och familj kommer troligen betrakta dig som n\u00e5gon annan \u00e4n den person som \u00e5kte iv\u00e4g eftersom du har f\u00e5tt nya perspektiv och du kommer att ha f\u00f6r\u00e4ndrats. Dina f\u00f6r\u00e4ldrar kommer ocks\u00e5 att m\u00e4rka att du blivit mer sj\u00e4lvst\u00e4ndig och dina v\u00e4nner vill h\u00f6ra om allt du upplevt.<\/p>\n\n<p>Vissa studenter upplever en slags omv\u00e4nd kulturchock n\u00e4r de \u00e4r hemma, d\u00e4r de saknar sin v\u00e4rdfamilj och v\u00e4rdlandets kultur. Ett tips \u00e4r att forts\u00e4tta att h\u00e5lla kontakten med v\u00e4rdlandet och dina nya v\u00e4nner, men ocks\u00e5 att delta p\u00e5 v\u00e5ra informationsm\u00f6ten f\u00f6r nya studenter och liknande genom att bli STS <a href=\"https:\/\/www.sts-education.com\/se\/om-sts\/karriar\/\">ambassad\u00f6r<\/a>.<\/p>\n\n<p>Du kan ocks\u00e5 arbeta som <a href=\"https:\/\/www.sts-education.com\/se\/om-sts\/karriar\/\">Lokal koordinator<\/a> eller kanske vill du arbeta tillsammans med oss p\u00e5 STS och ge fler chansen till sitt livs resa? H\u00e4r kan du kolla in v\u00e5ra <a href=\"https:\/\/www.sts-education.com\/se\/om-sts\/karriar\/\">lediga jobb<\/a> och chansen till att eventuellt praktisera hos oss.<\/p>\n\n<p><strong>Och kom ih\u00e5g: \u201ddon&#8217;t cry because it&#8217;s over, smile because it happened.&#8221;<\/strong><\/p>\n\n<h2>Din feedback \u00e4r viktig f\u00f6r oss!<\/h2>\n\n<p>Vi vill g\u00e4rna veta hur du har haft det n\u00e4r du varit i v\u00e4g p\u00e5 ditt utbytes\u00e5r och din \u00e5sikt \u00e4r viktig f\u00f6r oss. N\u00e4r du har kommit hem igen kommer du att f\u00e5 ett e-postmeddelande fr\u00e5n oss med en rad fr\u00e5gor om din upplevelse. Dina kommentarer \u00e4r av stort v\u00e4rde f\u00f6r att vi ska kunna f\u00f6rfina och f\u00f6rb\u00e4ttra oss \u00e4nnu mer p\u00e5 v\u00e5rt arbete och det \u00e4r till nytta f\u00f6r framtida utbytesstudenter.<\/p>\n<\/div><\/div><\/div>\n","protected":false},"excerpt":{"rendered":"","protected":false},"author":20,"featured_media":16213,"parent":10217,"menu_order":0,"comment_status":"closed","ping_status":"closed","template":"templates\/template-default-with-breadcrumbs.php","meta":{"_acf_changed":false,"sts_page_background_color":"","footnotes":""},"wpw_page_folders":[83],"class_list":["post-10248","page","type-page","status-publish","has-post-thumbnail","hentry"],"acf":[],"yoast_head":"<!-- This site is optimized with the Yoast SEO Premium plugin v27.2 (Yoast SEO v27.3) - https:\/\/yoast.com\/product\/yoast-seo-premium-wordpress\/ -->\n<title>N\u00e4r du kommit hem fr\u00e5n ditt utbytes\u00e5r | STS<\/title>\n<meta name=\"description\" content=\"Vissa studenter upplever en slags omv\u00e4nd kulturchock n\u00e4r de \u00e4r hemma, d\u00e4r de saknar sin v\u00e4rdfamilj och v\u00e4rdlandets kultur.\" \/>\n<meta name=\"robots\" content=\"index, follow, max-snippet:-1, max-image-preview:large, max-video-preview:-1\" \/>\n<link rel=\"canonical\" href=\"https:\/\/www.sts-education.com\/se\/high-school\/under-ditt-ar-utomlands\/nar-du-kommit-hem\/\" \/>\n<meta property=\"og:locale\" content=\"sv_SE\" \/>\n<meta property=\"og:type\" content=\"article\" \/>\n<meta property=\"og:title\" content=\"Nar Du Kommit Hem\" \/>\n<meta property=\"og:description\" content=\"Vissa studenter upplever en slags omv\u00e4nd kulturchock n\u00e4r de \u00e4r hemma, d\u00e4r de saknar sin v\u00e4rdfamilj och v\u00e4rdlandets kultur.\" \/>\n<meta property=\"og:url\" content=\"https:\/\/www.sts-education.com\/se\/high-school\/under-ditt-ar-utomlands\/nar-du-kommit-hem\/\" \/>\n<meta property=\"og:site_name\" content=\"STS Education\" \/>\n<meta property=\"article:modified_time\" content=\"2026-04-15T09:44:06+00:00\" \/>\n<meta property=\"og:image\" content=\"https:\/\/powered-by.qbank.se\/educatius\/sts\/\/282984b385d80166ba0d4f32a7843f53_1-1-thumb.webp\" \/>\n\t<meta property=\"og:image:width\" content=\"150\" \/>\n\t<meta property=\"og:image:height\" content=\"150\" \/>\n\t<meta property=\"og:image:type\" content=\"image\/jpeg\" \/>\n<meta name=\"twitter:card\" content=\"summary_large_image\" \/>\n<meta name=\"twitter:label1\" content=\"Ber\u00e4knad l\u00e4stid\" \/>\n\t<meta name=\"twitter:data1\" content=\"1 minut\" \/>\n<script type=\"application\/ld+json\" class=\"yoast-schema-graph\">{\"@context\":\"https:\\\/\\\/schema.org\",\"@graph\":[{\"@type\":\"WebPage\",\"@id\":\"https:\\\/\\\/www.sts-education.com\\\/se\\\/high-school\\\/under-ditt-ar-utomlands\\\/nar-du-kommit-hem\\\/\",\"url\":\"https:\\\/\\\/www.sts-education.com\\\/se\\\/high-school\\\/under-ditt-ar-utomlands\\\/nar-du-kommit-hem\\\/\",\"name\":\"N\u00e4r du kommit hem fr\u00e5n ditt utbytes\u00e5r | STS\",\"isPartOf\":{\"@id\":\"https:\\\/\\\/www.sts-education.com\\\/se\\\/#website\"},\"primaryImageOfPage\":{\"@id\":\"https:\\\/\\\/www.sts-education.com\\\/se\\\/high-school\\\/under-ditt-ar-utomlands\\\/nar-du-kommit-hem\\\/#primaryimage\"},\"image\":{\"@id\":\"https:\\\/\\\/www.sts-education.com\\\/se\\\/high-school\\\/under-ditt-ar-utomlands\\\/nar-du-kommit-hem\\\/#primaryimage\"},\"thumbnailUrl\":\"https:\\\/\\\/powered-by.qbank.se\\\/educatius\\\/sts\\\/\\\/282984b385d80166ba0d4f32a7843f53_1-1-thumb.webp\",\"datePublished\":\"2025-12-16T10:16:36+00:00\",\"dateModified\":\"2026-04-15T09:44:06+00:00\",\"description\":\"Vissa studenter upplever en slags omv\u00e4nd kulturchock n\u00e4r de \u00e4r hemma, d\u00e4r de saknar sin v\u00e4rdfamilj och v\u00e4rdlandets kultur.\",\"breadcrumb\":{\"@id\":\"https:\\\/\\\/www.sts-education.com\\\/se\\\/high-school\\\/under-ditt-ar-utomlands\\\/nar-du-kommit-hem\\\/#breadcrumb\"},\"inLanguage\":\"sv-SE\",\"potentialAction\":[{\"@type\":\"ReadAction\",\"target\":[\"https:\\\/\\\/www.sts-education.com\\\/se\\\/high-school\\\/under-ditt-ar-utomlands\\\/nar-du-kommit-hem\\\/\"]}]},{\"@type\":\"ImageObject\",\"inLanguage\":\"sv-SE\",\"@id\":\"https:\\\/\\\/www.sts-education.com\\\/se\\\/high-school\\\/under-ditt-ar-utomlands\\\/nar-du-kommit-hem\\\/#primaryimage\",\"url\":\"https:\\\/\\\/powered-by.qbank.se\\\/educatius\\\/sts\\\/\\\/282984b385d80166ba0d4f32a7843f53_1-1-thumb.webp\",\"contentUrl\":\"https:\\\/\\\/powered-by.qbank.se\\\/educatius\\\/sts\\\/\\\/282984b385d80166ba0d4f32a7843f53_1-1-thumb.webp\",\"width\":150,\"height\":150},{\"@type\":\"BreadcrumbList\",\"@id\":\"https:\\\/\\\/www.sts-education.com\\\/se\\\/high-school\\\/under-ditt-ar-utomlands\\\/nar-du-kommit-hem\\\/#breadcrumb\",\"itemListElement\":[{\"@type\":\"ListItem\",\"position\":1,\"name\":\"Home\",\"item\":\"https:\\\/\\\/www.sts-education.com\\\/se\\\/\"},{\"@type\":\"ListItem\",\"position\":2,\"name\":\"High school\",\"item\":\"https:\\\/\\\/www.sts-education.com\\\/se\\\/high-school\\\/\"},{\"@type\":\"ListItem\",\"position\":3,\"name\":\"Under Ditt Ar Utomlands\",\"item\":\"https:\\\/\\\/www.sts-education.com\\\/se\\\/high-school\\\/under-ditt-ar-utomlands\\\/\"},{\"@type\":\"ListItem\",\"position\":4,\"name\":\"Nar Du Kommit Hem\"}]},{\"@type\":\"WebSite\",\"@id\":\"https:\\\/\\\/www.sts-education.com\\\/se\\\/#website\",\"url\":\"https:\\\/\\\/www.sts-education.com\\\/se\\\/\",\"name\":\"STS Education\",\"description\":\"\",\"potentialAction\":[{\"@type\":\"SearchAction\",\"target\":{\"@type\":\"EntryPoint\",\"urlTemplate\":\"https:\\\/\\\/www.sts-education.com\\\/se\\\/?s={search_term_string}\"},\"query-input\":{\"@type\":\"PropertyValueSpecification\",\"valueRequired\":true,\"valueName\":\"search_term_string\"}}],\"inLanguage\":\"sv-SE\"}]}<\/script>\n<!-- \/ Yoast SEO Premium plugin. -->","yoast_head_json":{"title":"N\u00e4r du kommit hem fr\u00e5n ditt utbytes\u00e5r | STS","description":"Vissa studenter upplever en slags omv\u00e4nd kulturchock n\u00e4r de \u00e4r hemma, d\u00e4r de saknar sin v\u00e4rdfamilj och v\u00e4rdlandets kultur.","robots":{"index":"index","follow":"follow","max-snippet":"max-snippet:-1","max-image-preview":"max-image-preview:large","max-video-preview":"max-video-preview:-1"},"canonical":"https:\/\/www.sts-education.com\/se\/high-school\/under-ditt-ar-utomlands\/nar-du-kommit-hem\/","og_locale":"sv_SE","og_type":"article","og_title":"Nar Du Kommit Hem","og_description":"Vissa studenter upplever en slags omv\u00e4nd kulturchock n\u00e4r de \u00e4r hemma, d\u00e4r de saknar sin v\u00e4rdfamilj och v\u00e4rdlandets kultur.","og_url":"https:\/\/www.sts-education.com\/se\/high-school\/under-ditt-ar-utomlands\/nar-du-kommit-hem\/","og_site_name":"STS Education","article_modified_time":"2026-04-15T09:44:06+00:00","og_image":[{"width":150,"height":150,"url":"https:\/\/powered-by.qbank.se\/educatius\/sts\/\/282984b385d80166ba0d4f32a7843f53_1-1-thumb.webp","type":"image\/jpeg"}],"twitter_card":"summary_large_image","twitter_misc":{"Ber\u00e4knad l\u00e4stid":"1 minut"},"schema":{"@context":"https:\/\/schema.org","@graph":[{"@type":"WebPage","@id":"https:\/\/www.sts-education.com\/se\/high-school\/under-ditt-ar-utomlands\/nar-du-kommit-hem\/","url":"https:\/\/www.sts-education.com\/se\/high-school\/under-ditt-ar-utomlands\/nar-du-kommit-hem\/","name":"N\u00e4r du kommit hem fr\u00e5n ditt utbytes\u00e5r | STS","isPartOf":{"@id":"https:\/\/www.sts-education.com\/se\/#website"},"primaryImageOfPage":{"@id":"https:\/\/www.sts-education.com\/se\/high-school\/under-ditt-ar-utomlands\/nar-du-kommit-hem\/#primaryimage"},"image":{"@id":"https:\/\/www.sts-education.com\/se\/high-school\/under-ditt-ar-utomlands\/nar-du-kommit-hem\/#primaryimage"},"thumbnailUrl":"https:\/\/powered-by.qbank.se\/educatius\/sts\/\/282984b385d80166ba0d4f32a7843f53_1-1-thumb.webp","datePublished":"2025-12-16T10:16:36+00:00","dateModified":"2026-04-15T09:44:06+00:00","description":"Vissa studenter upplever en slags omv\u00e4nd kulturchock n\u00e4r de \u00e4r hemma, d\u00e4r de saknar sin v\u00e4rdfamilj och v\u00e4rdlandets kultur.","breadcrumb":{"@id":"https:\/\/www.sts-education.com\/se\/high-school\/under-ditt-ar-utomlands\/nar-du-kommit-hem\/#breadcrumb"},"inLanguage":"sv-SE","potentialAction":[{"@type":"ReadAction","target":["https:\/\/www.sts-education.com\/se\/high-school\/under-ditt-ar-utomlands\/nar-du-kommit-hem\/"]}]},{"@type":"ImageObject","inLanguage":"sv-SE","@id":"https:\/\/www.sts-education.com\/se\/high-school\/under-ditt-ar-utomlands\/nar-du-kommit-hem\/#primaryimage","url":"https:\/\/powered-by.qbank.se\/educatius\/sts\/\/282984b385d80166ba0d4f32a7843f53_1-1-thumb.webp","contentUrl":"https:\/\/powered-by.qbank.se\/educatius\/sts\/\/282984b385d80166ba0d4f32a7843f53_1-1-thumb.webp","width":150,"height":150},{"@type":"BreadcrumbList","@id":"https:\/\/www.sts-education.com\/se\/high-school\/under-ditt-ar-utomlands\/nar-du-kommit-hem\/#breadcrumb","itemListElement":[{"@type":"ListItem","position":1,"name":"Home","item":"https:\/\/www.sts-education.com\/se\/"},{"@type":"ListItem","position":2,"name":"High school","item":"https:\/\/www.sts-education.com\/se\/high-school\/"},{"@type":"ListItem","position":3,"name":"Under Ditt Ar Utomlands","item":"https:\/\/www.sts-education.com\/se\/high-school\/under-ditt-ar-utomlands\/"},{"@type":"ListItem","position":4,"name":"Nar Du Kommit Hem"}]},{"@type":"WebSite","@id":"https:\/\/www.sts-education.com\/se\/#website","url":"https:\/\/www.sts-education.com\/se\/","name":"STS Education","description":"","potentialAction":[{"@type":"SearchAction","target":{"@type":"EntryPoint","urlTemplate":"https:\/\/www.sts-education.com\/se\/?s={search_term_string}"},"query-input":{"@type":"PropertyValueSpecification","valueRequired":true,"valueName":"search_term_string"}}],"inLanguage":"sv-SE"}]}},"_links":{"self":[{"href":"https:\/\/www.sts-education.com\/se\/wp-json\/wp\/v2\/pages\/10248","targetHints":{"allow":["GET"]}}],"collection":[{"href":"https:\/\/www.sts-education.com\/se\/wp-json\/wp\/v2\/pages"}],"about":[{"href":"https:\/\/www.sts-education.com\/se\/wp-json\/wp\/v2\/types\/page"}],"author":[{"embeddable":true,"href":"https:\/\/www.sts-education.com\/se\/wp-json\/wp\/v2\/users\/20"}],"replies":[{"embeddable":true,"href":"https:\/\/www.sts-education.com\/se\/wp-json\/wp\/v2\/comments?post=10248"}],"version-history":[{"count":6,"href":"https:\/\/www.sts-education.com\/se\/wp-json\/wp\/v2\/pages\/10248\/revisions"}],"predecessor-version":[{"id":35763,"href":"https:\/\/www.sts-education.com\/se\/wp-json\/wp\/v2\/pages\/10248\/revisions\/35763"}],"up":[{"embeddable":true,"href":"https:\/\/www.sts-education.com\/se\/wp-json\/wp\/v2\/pages\/10217"}],"wp:featuredmedia":[{"embeddable":true,"href":"https:\/\/www.sts-education.com\/se\/wp-json\/wp\/v2\/media\/16213"}],"wp:attachment":[{"href":"https:\/\/www.sts-education.com\/se\/wp-json\/wp\/v2\/media?parent=10248"}],"wp:term":[{"taxonomy":"wpw_page_folders","embeddable":true,"href":"https:\/\/www.sts-education.com\/se\/wp-json\/wp\/v2\/wpw_page_folders?post=10248"}],"curies":[{"name":"wp","href":"https:\/\/api.w.org\/{rel}","templated":true}]}}