{"id":10249,"date":"2025-12-16T10:15:33","date_gmt":"2025-12-16T10:15:33","guid":{"rendered":"https:\/\/preprod.sts-education.com\/high-school\/under-ditt-ar-utomlands\/skola-och-fritid\/"},"modified":"2026-04-01T01:29:33","modified_gmt":"2026-04-01T01:29:33","slug":"skola-och-fritid","status":"publish","type":"page","link":"https:\/\/www.sts-education.com\/se\/high-school\/under-ditt-ar-utomlands\/skola-och-fritid\/","title":{"rendered":"Skola Och Fritid"},"content":{"rendered":"\n<section class=\"wp-block-sts-hero sts-block-hero is-variant-full-background has-text-light has-background-media\" style=\"--sts-hero-padding-mobile:0px;--sts-hero-padding-desktop:0px;--sts-hero-text-color:var(--wp--preset--color--base-10, #fff);\" data-variant=\"full-background\"><div class=\"sts-block-hero__background\"><picture class=\"sts-responsive-image has-fit-cover is-skeleton\"><img src=\"https:\/\/cdn.sts-education.com\/12572_hero_lg_xl.jpg\" alt=\"Skola och fritid p\u00e5 ditt utbytes\u00e5r\" loading=\"lazy\" decoding=\"async\" fetchpriority=\"low\" sizes=\"100vw\" \/><\/picture><span class=\"sts-block-hero__overlay\" aria-hidden=\"true\"><\/span><\/div><div class=\"sts-block-hero__inner\"><div class=\"sts-block-hero__content has-align-center\"><div class=\"sts-block-hero__content-inner\"><h1 class=\"sts-block-hero__heading\">Skola och fritid p\u00e5 ditt utbytes\u00e5r<\/h1><\/div><\/div><\/div><\/section>\n\n\n\n<div class=\"wp-block-sts-text sts-text-editor has-max-width-md\"><div class=\"sts-text-editor__content\"><div class=\"sts-text-editor__content-inner\">\n<h2>Din nya skola<\/h2>\n\n<p>Upplev skillnaden! Din nya skola kommer definitivt att vara annorlunda, oavsett vad du \u00e4r van vid sedan tidigare. Det \u00e4r det som \u00e4r s\u00e5 sp\u00e4nnande, att f\u00e5 ta del av ett annat lands skolsystem och du kommer snart in i olika rutiner, tex hur man h\u00e4lsar p\u00e5 l\u00e4raren och hur du hittar till din n\u00e4sta lektionssal. Det \u00e4r viktigt att du har respekt f\u00f6r de regler som finns p\u00e5 skolan och t\u00e4nk p\u00e5 att komma i tid till lektionerna. I de flesta skolor har du p\u00e5 dig dina vanliga kl\u00e4der, men i vissa fall kommer du att ha skoluniform. Det beror helt enkelt p\u00e5 vilken skola du hamnar p\u00e5. Som utbytesstudent \u00e4r det extra roligt om man delar med sig av sitt hemland. Din l\u00e4rare och klasskamrater \u00e4r nyfikna.<\/p>\n\n<p>Det \u00e4r kul och sp\u00e4nnande att l\u00e4ra sig ett nytt spr\u00e5k i en ny milj\u00f6 och m\u00e5nga g\u00e5nger kommer du att prata spr\u00e5ket helt flytande n\u00e4r det \u00e4r dags att \u00e5ka hem igen. Denna kunskap kommer vara v\u00e4rdefull f\u00f6r dig under hela livet.<\/p>\n\n<p>Ditt liv kommer dock att vara s\u00e5 mycket mer \u00e4n bara skolan. Du kommer att ha mycket tid f\u00f6r aktiviteter, tr\u00e4ning och utflykter som g\u00f6r att du utvecklas ytterligare under ditt utbytes\u00e5r. Ditt high school \u00e5r kommer att \u00f6ppna m\u00e5nga nya d\u00f6rrar, det \u00e4r det ingen tvekan om.<\/p>\n\n<h2>Din fritid<\/h2>\n\n<p>P\u00e5 fritiden har du m\u00f6jlighet att uppt\u00e4ckta ditt nya v\u00e4rdland. Du kan \u00e5ka p\u00e5 utflykt, ta promenader eller umg\u00e5s med dina nya v\u00e4nner. G\u00e5 med i ett fotbollslag, pr\u00f6va n\u00e5gon ny sport, spela instrument i ett band, \u00f6va med en dansgrupp, engagera dig och hj\u00e4lp till som volont\u00e4r eller h\u00e4nga med kompisar p\u00e5 ett kaf\u00e9. Huvudsaken \u00e4r att du umg\u00e5s med folk, tar kontakt och utnyttjar din fritid ordentligt.<\/p>\n\n<p>I m\u00e5nga l\u00e4nder finns det flera aktiviteter i anslutning till skolan, d\u00e4r du kan ut\u00f6va din favoritsport eller testa p\u00e5 nya hobbys. Du f\u00e5r f\u00f6rst\u00e5s ocks\u00e5 hj\u00e4lp av din v\u00e4rdfamilj, klasskamrater och omr\u00e5desrepresentant som kommer att visa dig smultronst\u00e4llena just d\u00e4r du bor.<\/p>\n\n<p>Det finns ocks\u00e5 ofta m\u00f6jlighet att delta p\u00e5 resor och andra utflykter riktade direkt till dig som utbytesstudent. Fr\u00e5ga din lokala representant n\u00e4r du \u00e4r p\u00e5 plats f\u00f6r mer information.<\/p>\n\n<h3>Fickpengar under ditt utbytes\u00e5r<\/h3>\n\n<p>STS rekommenderar att ha USD 400 \/ EUR 300 per m\u00e5nad som fickpengar n\u00e4r du \u00e4r i v\u00e4g. T\u00e4nk p\u00e5 att dina kostnader kan vara n\u00e5got h\u00f6gre i b\u00f6rjan av din vistelse n\u00e4r du ska k\u00f6pa skolb\u00f6cker, betala medlemsavgifter och kanske k\u00f6pa dig busskort och andra n\u00f6dv\u00e4ndiga saker (I USA \u00e4r det gratis skolbuss). Din v\u00e4rdfamilj st\u00e5r inte f\u00f6r dina fritidsaktiviteter, resor, kl\u00e4der eller hygienartiklar tex.<\/p>\n\n<p>T\u00e4nk p\u00e5 att aldrig l\u00e5na eller l\u00e5na ut pengar till n\u00e5gon annan under din vistelse, varken v\u00e4nner eller v\u00e4rdfamilj. Det kan l\u00e4tt bli missf\u00f6rst\u00e5nd.<\/p>\n<\/div><\/div><\/div>\n\n","protected":false},"excerpt":{"rendered":"","protected":false},"author":20,"featured_media":0,"parent":10217,"menu_order":0,"comment_status":"closed","ping_status":"closed","template":"","meta":{"_acf_changed":false,"sts_page_background_color":"","footnotes":""},"wpw_page_folders":[83],"class_list":["post-10249","page","type-page","status-publish","hentry"],"acf":[],"yoast_head":"<!-- This site is optimized with the Yoast SEO Premium plugin v27.2 (Yoast SEO v27.3) - https:\/\/yoast.com\/product\/yoast-seo-premium-wordpress\/ -->\n<title>Sp\u00e4nnande utbytes\u00e5r med fokus p\u00e5 skola och fritid | STS<\/title>\n<meta name=\"description\" content=\"Du kommer att ha mycket tid f\u00f6r aktiviteter, tr\u00e4ning och utflykter som g\u00f6r att du utvecklas ytterligare under ditt utbytes\u00e5r.\" \/>\n<meta name=\"robots\" content=\"index, follow, max-snippet:-1, max-image-preview:large, max-video-preview:-1\" \/>\n<link rel=\"canonical\" href=\"https:\/\/www.sts-education.com\/se\/high-school\/under-ditt-ar-utomlands\/skola-och-fritid\/\" \/>\n<meta property=\"og:locale\" content=\"sv_SE\" \/>\n<meta property=\"og:type\" content=\"article\" \/>\n<meta property=\"og:title\" content=\"Skola Och Fritid\" \/>\n<meta property=\"og:description\" content=\"Du kommer att ha mycket tid f\u00f6r aktiviteter, tr\u00e4ning och utflykter som g\u00f6r att du utvecklas ytterligare under ditt utbytes\u00e5r.\" \/>\n<meta property=\"og:url\" content=\"https:\/\/www.sts-education.com\/se\/high-school\/under-ditt-ar-utomlands\/skola-och-fritid\/\" \/>\n<meta property=\"og:site_name\" content=\"STS Education\" \/>\n<meta property=\"article:modified_time\" content=\"2026-04-01T01:29:33+00:00\" \/>\n<meta property=\"og:image\" content=\"https:\/\/cdn.sts-education.com\/12572_hero_lg_xl.jpg\" \/>\n<meta name=\"twitter:card\" content=\"summary_large_image\" \/>\n<meta name=\"twitter:label1\" content=\"Ber\u00e4knad l\u00e4stid\" \/>\n\t<meta name=\"twitter:data1\" content=\"3 minuter\" \/>\n<script type=\"application\/ld+json\" class=\"yoast-schema-graph\">{\"@context\":\"https:\\\/\\\/schema.org\",\"@graph\":[{\"@type\":\"WebPage\",\"@id\":\"https:\\\/\\\/www.sts-education.com\\\/se\\\/high-school\\\/under-ditt-ar-utomlands\\\/skola-och-fritid\\\/\",\"url\":\"https:\\\/\\\/www.sts-education.com\\\/se\\\/high-school\\\/under-ditt-ar-utomlands\\\/skola-och-fritid\\\/\",\"name\":\"Sp\u00e4nnande utbytes\u00e5r med fokus p\u00e5 skola och fritid | STS\",\"isPartOf\":{\"@id\":\"https:\\\/\\\/www.sts-education.com\\\/se\\\/#website\"},\"primaryImageOfPage\":{\"@id\":\"https:\\\/\\\/www.sts-education.com\\\/se\\\/high-school\\\/under-ditt-ar-utomlands\\\/skola-och-fritid\\\/#primaryimage\"},\"image\":{\"@id\":\"https:\\\/\\\/www.sts-education.com\\\/se\\\/high-school\\\/under-ditt-ar-utomlands\\\/skola-och-fritid\\\/#primaryimage\"},\"thumbnailUrl\":\"https:\\\/\\\/cdn.sts-education.com\\\/12572_hero_lg_xl.jpg\",\"datePublished\":\"2025-12-16T10:15:33+00:00\",\"dateModified\":\"2026-04-01T01:29:33+00:00\",\"description\":\"Du kommer att ha mycket tid f\u00f6r aktiviteter, tr\u00e4ning och utflykter som g\u00f6r att du utvecklas ytterligare under ditt utbytes\u00e5r.\",\"breadcrumb\":{\"@id\":\"https:\\\/\\\/www.sts-education.com\\\/se\\\/high-school\\\/under-ditt-ar-utomlands\\\/skola-och-fritid\\\/#breadcrumb\"},\"inLanguage\":\"sv-SE\",\"potentialAction\":[{\"@type\":\"ReadAction\",\"target\":[\"https:\\\/\\\/www.sts-education.com\\\/se\\\/high-school\\\/under-ditt-ar-utomlands\\\/skola-och-fritid\\\/\"]}]},{\"@type\":\"ImageObject\",\"inLanguage\":\"sv-SE\",\"@id\":\"https:\\\/\\\/www.sts-education.com\\\/se\\\/high-school\\\/under-ditt-ar-utomlands\\\/skola-och-fritid\\\/#primaryimage\",\"url\":\"https:\\\/\\\/cdn.sts-education.com\\\/12572_hero_lg_xl.jpg\",\"contentUrl\":\"https:\\\/\\\/cdn.sts-education.com\\\/12572_hero_lg_xl.jpg\"},{\"@type\":\"BreadcrumbList\",\"@id\":\"https:\\\/\\\/www.sts-education.com\\\/se\\\/high-school\\\/under-ditt-ar-utomlands\\\/skola-och-fritid\\\/#breadcrumb\",\"itemListElement\":[{\"@type\":\"ListItem\",\"position\":1,\"name\":\"Home\",\"item\":\"https:\\\/\\\/www.sts-education.com\\\/se\\\/\"},{\"@type\":\"ListItem\",\"position\":2,\"name\":\"High school\",\"item\":\"https:\\\/\\\/www.sts-education.com\\\/se\\\/high-school\\\/\"},{\"@type\":\"ListItem\",\"position\":3,\"name\":\"Under Ditt Ar Utomlands\",\"item\":\"https:\\\/\\\/www.sts-education.com\\\/se\\\/high-school\\\/under-ditt-ar-utomlands\\\/\"},{\"@type\":\"ListItem\",\"position\":4,\"name\":\"Skola Och Fritid\"}]},{\"@type\":\"WebSite\",\"@id\":\"https:\\\/\\\/www.sts-education.com\\\/se\\\/#website\",\"url\":\"https:\\\/\\\/www.sts-education.com\\\/se\\\/\",\"name\":\"STS Education\",\"description\":\"\",\"potentialAction\":[{\"@type\":\"SearchAction\",\"target\":{\"@type\":\"EntryPoint\",\"urlTemplate\":\"https:\\\/\\\/www.sts-education.com\\\/se\\\/?s={search_term_string}\"},\"query-input\":{\"@type\":\"PropertyValueSpecification\",\"valueRequired\":true,\"valueName\":\"search_term_string\"}}],\"inLanguage\":\"sv-SE\"}]}<\/script>\n<!-- \/ Yoast SEO Premium plugin. -->","yoast_head_json":{"title":"Sp\u00e4nnande utbytes\u00e5r med fokus p\u00e5 skola och fritid | STS","description":"Du kommer att ha mycket tid f\u00f6r aktiviteter, tr\u00e4ning och utflykter som g\u00f6r att du utvecklas ytterligare under ditt utbytes\u00e5r.","robots":{"index":"index","follow":"follow","max-snippet":"max-snippet:-1","max-image-preview":"max-image-preview:large","max-video-preview":"max-video-preview:-1"},"canonical":"https:\/\/www.sts-education.com\/se\/high-school\/under-ditt-ar-utomlands\/skola-och-fritid\/","og_locale":"sv_SE","og_type":"article","og_title":"Skola Och Fritid","og_description":"Du kommer att ha mycket tid f\u00f6r aktiviteter, tr\u00e4ning och utflykter som g\u00f6r att du utvecklas ytterligare under ditt utbytes\u00e5r.","og_url":"https:\/\/www.sts-education.com\/se\/high-school\/under-ditt-ar-utomlands\/skola-och-fritid\/","og_site_name":"STS Education","article_modified_time":"2026-04-01T01:29:33+00:00","og_image":[{"url":"https:\/\/cdn.sts-education.com\/12572_hero_lg_xl.jpg","type":"","width":"","height":""}],"twitter_card":"summary_large_image","twitter_misc":{"Ber\u00e4knad l\u00e4stid":"3 minuter"},"schema":{"@context":"https:\/\/schema.org","@graph":[{"@type":"WebPage","@id":"https:\/\/www.sts-education.com\/se\/high-school\/under-ditt-ar-utomlands\/skola-och-fritid\/","url":"https:\/\/www.sts-education.com\/se\/high-school\/under-ditt-ar-utomlands\/skola-och-fritid\/","name":"Sp\u00e4nnande utbytes\u00e5r med fokus p\u00e5 skola och fritid | STS","isPartOf":{"@id":"https:\/\/www.sts-education.com\/se\/#website"},"primaryImageOfPage":{"@id":"https:\/\/www.sts-education.com\/se\/high-school\/under-ditt-ar-utomlands\/skola-och-fritid\/#primaryimage"},"image":{"@id":"https:\/\/www.sts-education.com\/se\/high-school\/under-ditt-ar-utomlands\/skola-och-fritid\/#primaryimage"},"thumbnailUrl":"https:\/\/cdn.sts-education.com\/12572_hero_lg_xl.jpg","datePublished":"2025-12-16T10:15:33+00:00","dateModified":"2026-04-01T01:29:33+00:00","description":"Du kommer att ha mycket tid f\u00f6r aktiviteter, tr\u00e4ning och utflykter som g\u00f6r att du utvecklas ytterligare under ditt utbytes\u00e5r.","breadcrumb":{"@id":"https:\/\/www.sts-education.com\/se\/high-school\/under-ditt-ar-utomlands\/skola-och-fritid\/#breadcrumb"},"inLanguage":"sv-SE","potentialAction":[{"@type":"ReadAction","target":["https:\/\/www.sts-education.com\/se\/high-school\/under-ditt-ar-utomlands\/skola-och-fritid\/"]}]},{"@type":"ImageObject","inLanguage":"sv-SE","@id":"https:\/\/www.sts-education.com\/se\/high-school\/under-ditt-ar-utomlands\/skola-och-fritid\/#primaryimage","url":"https:\/\/cdn.sts-education.com\/12572_hero_lg_xl.jpg","contentUrl":"https:\/\/cdn.sts-education.com\/12572_hero_lg_xl.jpg"},{"@type":"BreadcrumbList","@id":"https:\/\/www.sts-education.com\/se\/high-school\/under-ditt-ar-utomlands\/skola-och-fritid\/#breadcrumb","itemListElement":[{"@type":"ListItem","position":1,"name":"Home","item":"https:\/\/www.sts-education.com\/se\/"},{"@type":"ListItem","position":2,"name":"High school","item":"https:\/\/www.sts-education.com\/se\/high-school\/"},{"@type":"ListItem","position":3,"name":"Under Ditt Ar Utomlands","item":"https:\/\/www.sts-education.com\/se\/high-school\/under-ditt-ar-utomlands\/"},{"@type":"ListItem","position":4,"name":"Skola Och Fritid"}]},{"@type":"WebSite","@id":"https:\/\/www.sts-education.com\/se\/#website","url":"https:\/\/www.sts-education.com\/se\/","name":"STS Education","description":"","potentialAction":[{"@type":"SearchAction","target":{"@type":"EntryPoint","urlTemplate":"https:\/\/www.sts-education.com\/se\/?s={search_term_string}"},"query-input":{"@type":"PropertyValueSpecification","valueRequired":true,"valueName":"search_term_string"}}],"inLanguage":"sv-SE"}]}},"_links":{"self":[{"href":"https:\/\/www.sts-education.com\/se\/wp-json\/wp\/v2\/pages\/10249","targetHints":{"allow":["GET"]}}],"collection":[{"href":"https:\/\/www.sts-education.com\/se\/wp-json\/wp\/v2\/pages"}],"about":[{"href":"https:\/\/www.sts-education.com\/se\/wp-json\/wp\/v2\/types\/page"}],"author":[{"embeddable":true,"href":"https:\/\/www.sts-education.com\/se\/wp-json\/wp\/v2\/users\/20"}],"replies":[{"embeddable":true,"href":"https:\/\/www.sts-education.com\/se\/wp-json\/wp\/v2\/comments?post=10249"}],"version-history":[{"count":2,"href":"https:\/\/www.sts-education.com\/se\/wp-json\/wp\/v2\/pages\/10249\/revisions"}],"predecessor-version":[{"id":20154,"href":"https:\/\/www.sts-education.com\/se\/wp-json\/wp\/v2\/pages\/10249\/revisions\/20154"}],"up":[{"embeddable":true,"href":"https:\/\/www.sts-education.com\/se\/wp-json\/wp\/v2\/pages\/10217"}],"wp:attachment":[{"href":"https:\/\/www.sts-education.com\/se\/wp-json\/wp\/v2\/media?parent=10249"}],"wp:term":[{"taxonomy":"wpw_page_folders","embeddable":true,"href":"https:\/\/www.sts-education.com\/se\/wp-json\/wp\/v2\/wpw_page_folders?post=10249"}],"curies":[{"name":"wp","href":"https:\/\/api.w.org\/{rel}","templated":true}]}}