{"id":10250,"date":"2025-12-16T10:12:07","date_gmt":"2025-12-16T10:12:07","guid":{"rendered":"https:\/\/preprod.sts-education.com\/high-school\/under-ditt-ar-utomlands\/vi-finns-har-for-dig\/"},"modified":"2026-04-15T09:44:10","modified_gmt":"2026-04-15T09:44:10","slug":"vi-finns-har-for-dig","status":"publish","type":"page","link":"https:\/\/www.sts-education.com\/se\/high-school\/under-ditt-ar-utomlands\/vi-finns-har-for-dig\/","title":{"rendered":"Vi Finns Har For Dig"},"content":{"rendered":"\n<section class=\"wp-block-sts-hero sts-block-hero sts-block-hero is-variant-full-background has-text-light has-background-media\" style=\"--sts-hero-padding-mobile:0px;--sts-hero-padding-desktop:0px;--sts-hero-text-color:var(--wp--preset--color--base-10, #fff)\" data-variant=\"full-background\"><div class=\"sts-block-hero__background\"><picture class=\"sts-responsive-image has-pos-center is-skeleton\"><img src=\"https:\/\/cdn.sts-education.com\/12567_hero_lg_xl.jpg\" alt=\"Vi finns h\u00e4r f\u00f6r dig\" loading=\"lazy\" decoding=\"async\" fetchpriority=\"low\" sizes=\"(max-width: 640px) max(100vw, calc(clamp(320px, 100vh, 720px) * 9 \/ 16)), (max-width: 840px) max(100vw, calc(clamp(320px, 100vh, 720px) * 1 \/ 1)), max(100vw, calc(clamp(320px, 100vh, 720px) * 16 \/ 9))\" style=\"object-position:center\"\/><\/picture><span class=\"sts-block-hero__overlay\" aria-hidden=\"true\"><\/span><\/div><div class=\"sts-block-hero__inner\"><div class=\"sts-block-hero__content has-align-center\"><div class=\"sts-block-hero__content-inner\"><h1 class=\"sts-block-hero__heading\">Vi finns h\u00e4r f\u00f6r dig<\/h1><\/div><\/div><\/div><\/section>\n\n\n\n<div class=\"wp-block-sts-text sts-text-editor has-max-width-md\"><div class=\"sts-text-editor__content\"><div class=\"sts-text-editor__content-inner\">\n<p>Oavsett vart du v\u00e4ljer att resa s\u00e5 finns vi h\u00e4r f\u00f6r dig under hela ditt utbytes\u00e5r. Vi tar hand om ditt researrangemang och ser till att du \u00e4r v\u00e4l f\u00f6rberedd n\u00e4r det \u00e4r dags f\u00f6r avf\u00e4rd. N\u00e4r du \u00e4r p\u00e5 plats finns vi hela tiden d\u00e4r f\u00f6r dig genom b\u00e5de din v\u00e4rdfamilj, v\u00e5ra lokala koordinatorer och s\u00e5klart via telefon.<\/p>\n<h2>Omr\u00e5desrepresentant<\/h2>\n<p>N\u00e4r du kommer fram till din slutdestination finns det alltid en lokal kontaktperson, en &#8221;omr\u00e5desrepresentant&#8221; eller din lokala koordinator i omr\u00e5det. Det \u00e4r n\u00e5gon som k\u00e4nner till omr\u00e5det och finns d\u00e4r om du skulle beh\u00f6va hj\u00e4lp. Ni tr\u00e4ffas regelbundet under \u00e5ret. L\u00e4s g\u00e4rna v\u00e5r <a href=\"https:\/\/www.sts-education.com\/se\/om-sts\/karriar\/intervju-lucas\/\">intervju med Lucas<\/a> som arbetar som lokal koordinator.<\/p>\n<p>Din v\u00e4rdfamilj kan hj\u00e4lpa dig med introduktionen i skolan och att f\u00e5 kontakt med andra utbytesstudenter. Om dina f\u00f6r\u00e4ldrar har fr\u00e5gor n\u00e4r du \u00e4r borta \u00e4r det enklast f\u00f6r dem att ringa direkt till oss p\u00e5 STS.<\/p>\n<h2>Ring oss n\u00e4r du vill<\/h2>\n<p>Du \u00e4r viktig f\u00f6r oss och vi v\u00e4rnar om dig och bryr oss. Vi vill att du ska veta att du alltid kan kontakta oss. Innan avresa f\u00e5r du ett journummer som du kan anv\u00e4nda f\u00f6r att n\u00e5 oss efter kontorstid, dygnet runt. Det \u00e4r tryggt och bekv\u00e4mt.<\/p>\n<h2>Se mer &#8211; Vi ger oss ut p\u00e5 resor tillsammans<\/h2>\n<p>Ibland beh\u00f6ver vi alla ha lite ledigt fr\u00e5n skola och l\u00e4xor. D\u00e4rf\u00f6r anordnar vi resor f\u00f6r alla v\u00e5ra utbytesstudenter i m\u00e5nga av v\u00e5ra v\u00e4rdl\u00e4nder s\u00e5 att du f\u00e5r m\u00f6jligheten att uppleva mer av ditt nya land. Du f\u00e5r mer information och alla n\u00f6dv\u00e4ndiga uppgifter av omr\u00e5desrepresentanten. Resorna ing\u00e5r inte i programavgiften och varierar fr\u00e5n land till land.<\/p>\n<p><a href=\"https:\/\/www.sts-education.com\/se\/high-school\/destinationer\/\">Se v\u00e5ra 20 olika destinationer h\u00e4r<\/a><\/p>\n<\/div><\/div><\/div>\n","protected":false},"excerpt":{"rendered":"","protected":false},"author":20,"featured_media":0,"parent":10217,"menu_order":0,"comment_status":"closed","ping_status":"closed","template":"templates\/template-default-with-breadcrumbs.php","meta":{"_acf_changed":false,"sts_page_background_color":"","footnotes":""},"wpw_page_folders":[83],"class_list":["post-10250","page","type-page","status-publish","hentry"],"acf":[],"yoast_head":"<!-- This site is optimized with the Yoast SEO Premium plugin v27.2 (Yoast SEO v27.3) - https:\/\/yoast.com\/product\/yoast-seo-premium-wordpress\/ -->\n<title>Vi finns f\u00f6r att hj\u00e4lpa dig under ditt utbytes\u00e5r | STS<\/title>\n<meta name=\"description\" content=\"N\u00e4r du \u00e5ker p\u00e5 utbytes\u00e5r utomlands med oss finns vi d\u00e4r f\u00f6r att hj\u00e4lpa dig, dygnet runt. Tryggt och bekv\u00e4mt.\" \/>\n<meta name=\"robots\" content=\"index, follow, max-snippet:-1, max-image-preview:large, max-video-preview:-1\" \/>\n<link rel=\"canonical\" href=\"https:\/\/www.sts-education.com\/se\/high-school\/under-ditt-ar-utomlands\/vi-finns-har-for-dig\/\" \/>\n<meta property=\"og:locale\" content=\"sv_SE\" \/>\n<meta property=\"og:type\" content=\"article\" \/>\n<meta property=\"og:title\" content=\"Vi Finns Har For Dig\" \/>\n<meta property=\"og:description\" content=\"N\u00e4r du \u00e5ker p\u00e5 utbytes\u00e5r utomlands med oss finns vi d\u00e4r f\u00f6r att hj\u00e4lpa dig, dygnet runt. Tryggt och bekv\u00e4mt.\" \/>\n<meta property=\"og:url\" content=\"https:\/\/www.sts-education.com\/se\/high-school\/under-ditt-ar-utomlands\/vi-finns-har-for-dig\/\" \/>\n<meta property=\"og:site_name\" content=\"STS Education\" \/>\n<meta property=\"article:modified_time\" content=\"2026-04-15T09:44:10+00:00\" \/>\n<meta property=\"og:image\" content=\"https:\/\/cdn.sts-education.com\/12567_hero_lg_xl.jpg\" \/>\n<meta name=\"twitter:card\" content=\"summary_large_image\" \/>\n<meta name=\"twitter:label1\" content=\"Ber\u00e4knad l\u00e4stid\" \/>\n\t<meta name=\"twitter:data1\" content=\"2 minuter\" \/>\n<script type=\"application\/ld+json\" class=\"yoast-schema-graph\">{\"@context\":\"https:\\\/\\\/schema.org\",\"@graph\":[{\"@type\":\"WebPage\",\"@id\":\"https:\\\/\\\/www.sts-education.com\\\/se\\\/high-school\\\/under-ditt-ar-utomlands\\\/vi-finns-har-for-dig\\\/\",\"url\":\"https:\\\/\\\/www.sts-education.com\\\/se\\\/high-school\\\/under-ditt-ar-utomlands\\\/vi-finns-har-for-dig\\\/\",\"name\":\"Vi finns f\u00f6r att hj\u00e4lpa dig under ditt utbytes\u00e5r | STS\",\"isPartOf\":{\"@id\":\"https:\\\/\\\/www.sts-education.com\\\/se\\\/#website\"},\"primaryImageOfPage\":{\"@id\":\"https:\\\/\\\/www.sts-education.com\\\/se\\\/high-school\\\/under-ditt-ar-utomlands\\\/vi-finns-har-for-dig\\\/#primaryimage\"},\"image\":{\"@id\":\"https:\\\/\\\/www.sts-education.com\\\/se\\\/high-school\\\/under-ditt-ar-utomlands\\\/vi-finns-har-for-dig\\\/#primaryimage\"},\"thumbnailUrl\":\"https:\\\/\\\/cdn.sts-education.com\\\/12567_hero_lg_xl.jpg\",\"datePublished\":\"2025-12-16T10:12:07+00:00\",\"dateModified\":\"2026-04-15T09:44:10+00:00\",\"description\":\"N\u00e4r du \u00e5ker p\u00e5 utbytes\u00e5r utomlands med oss finns vi d\u00e4r f\u00f6r att hj\u00e4lpa dig, dygnet runt. Tryggt och bekv\u00e4mt.\",\"breadcrumb\":{\"@id\":\"https:\\\/\\\/www.sts-education.com\\\/se\\\/high-school\\\/under-ditt-ar-utomlands\\\/vi-finns-har-for-dig\\\/#breadcrumb\"},\"inLanguage\":\"sv-SE\",\"potentialAction\":[{\"@type\":\"ReadAction\",\"target\":[\"https:\\\/\\\/www.sts-education.com\\\/se\\\/high-school\\\/under-ditt-ar-utomlands\\\/vi-finns-har-for-dig\\\/\"]}]},{\"@type\":\"ImageObject\",\"inLanguage\":\"sv-SE\",\"@id\":\"https:\\\/\\\/www.sts-education.com\\\/se\\\/high-school\\\/under-ditt-ar-utomlands\\\/vi-finns-har-for-dig\\\/#primaryimage\",\"url\":\"https:\\\/\\\/cdn.sts-education.com\\\/12567_hero_lg_xl.jpg\",\"contentUrl\":\"https:\\\/\\\/cdn.sts-education.com\\\/12567_hero_lg_xl.jpg\"},{\"@type\":\"BreadcrumbList\",\"@id\":\"https:\\\/\\\/www.sts-education.com\\\/se\\\/high-school\\\/under-ditt-ar-utomlands\\\/vi-finns-har-for-dig\\\/#breadcrumb\",\"itemListElement\":[{\"@type\":\"ListItem\",\"position\":1,\"name\":\"Home\",\"item\":\"https:\\\/\\\/www.sts-education.com\\\/se\\\/\"},{\"@type\":\"ListItem\",\"position\":2,\"name\":\"High school\",\"item\":\"https:\\\/\\\/www.sts-education.com\\\/se\\\/high-school\\\/\"},{\"@type\":\"ListItem\",\"position\":3,\"name\":\"Under Ditt Ar Utomlands\",\"item\":\"https:\\\/\\\/www.sts-education.com\\\/se\\\/high-school\\\/under-ditt-ar-utomlands\\\/\"},{\"@type\":\"ListItem\",\"position\":4,\"name\":\"Vi Finns Har For Dig\"}]},{\"@type\":\"WebSite\",\"@id\":\"https:\\\/\\\/www.sts-education.com\\\/se\\\/#website\",\"url\":\"https:\\\/\\\/www.sts-education.com\\\/se\\\/\",\"name\":\"STS Education\",\"description\":\"\",\"potentialAction\":[{\"@type\":\"SearchAction\",\"target\":{\"@type\":\"EntryPoint\",\"urlTemplate\":\"https:\\\/\\\/www.sts-education.com\\\/se\\\/?s={search_term_string}\"},\"query-input\":{\"@type\":\"PropertyValueSpecification\",\"valueRequired\":true,\"valueName\":\"search_term_string\"}}],\"inLanguage\":\"sv-SE\"}]}<\/script>\n<!-- \/ Yoast SEO Premium plugin. -->","yoast_head_json":{"title":"Vi finns f\u00f6r att hj\u00e4lpa dig under ditt utbytes\u00e5r | STS","description":"N\u00e4r du \u00e5ker p\u00e5 utbytes\u00e5r utomlands med oss finns vi d\u00e4r f\u00f6r att hj\u00e4lpa dig, dygnet runt. Tryggt och bekv\u00e4mt.","robots":{"index":"index","follow":"follow","max-snippet":"max-snippet:-1","max-image-preview":"max-image-preview:large","max-video-preview":"max-video-preview:-1"},"canonical":"https:\/\/www.sts-education.com\/se\/high-school\/under-ditt-ar-utomlands\/vi-finns-har-for-dig\/","og_locale":"sv_SE","og_type":"article","og_title":"Vi Finns Har For Dig","og_description":"N\u00e4r du \u00e5ker p\u00e5 utbytes\u00e5r utomlands med oss finns vi d\u00e4r f\u00f6r att hj\u00e4lpa dig, dygnet runt. Tryggt och bekv\u00e4mt.","og_url":"https:\/\/www.sts-education.com\/se\/high-school\/under-ditt-ar-utomlands\/vi-finns-har-for-dig\/","og_site_name":"STS Education","article_modified_time":"2026-04-15T09:44:10+00:00","og_image":[{"url":"https:\/\/cdn.sts-education.com\/12567_hero_lg_xl.jpg","type":"","width":"","height":""}],"twitter_card":"summary_large_image","twitter_misc":{"Ber\u00e4knad l\u00e4stid":"2 minuter"},"schema":{"@context":"https:\/\/schema.org","@graph":[{"@type":"WebPage","@id":"https:\/\/www.sts-education.com\/se\/high-school\/under-ditt-ar-utomlands\/vi-finns-har-for-dig\/","url":"https:\/\/www.sts-education.com\/se\/high-school\/under-ditt-ar-utomlands\/vi-finns-har-for-dig\/","name":"Vi finns f\u00f6r att hj\u00e4lpa dig under ditt utbytes\u00e5r | STS","isPartOf":{"@id":"https:\/\/www.sts-education.com\/se\/#website"},"primaryImageOfPage":{"@id":"https:\/\/www.sts-education.com\/se\/high-school\/under-ditt-ar-utomlands\/vi-finns-har-for-dig\/#primaryimage"},"image":{"@id":"https:\/\/www.sts-education.com\/se\/high-school\/under-ditt-ar-utomlands\/vi-finns-har-for-dig\/#primaryimage"},"thumbnailUrl":"https:\/\/cdn.sts-education.com\/12567_hero_lg_xl.jpg","datePublished":"2025-12-16T10:12:07+00:00","dateModified":"2026-04-15T09:44:10+00:00","description":"N\u00e4r du \u00e5ker p\u00e5 utbytes\u00e5r utomlands med oss finns vi d\u00e4r f\u00f6r att hj\u00e4lpa dig, dygnet runt. Tryggt och bekv\u00e4mt.","breadcrumb":{"@id":"https:\/\/www.sts-education.com\/se\/high-school\/under-ditt-ar-utomlands\/vi-finns-har-for-dig\/#breadcrumb"},"inLanguage":"sv-SE","potentialAction":[{"@type":"ReadAction","target":["https:\/\/www.sts-education.com\/se\/high-school\/under-ditt-ar-utomlands\/vi-finns-har-for-dig\/"]}]},{"@type":"ImageObject","inLanguage":"sv-SE","@id":"https:\/\/www.sts-education.com\/se\/high-school\/under-ditt-ar-utomlands\/vi-finns-har-for-dig\/#primaryimage","url":"https:\/\/cdn.sts-education.com\/12567_hero_lg_xl.jpg","contentUrl":"https:\/\/cdn.sts-education.com\/12567_hero_lg_xl.jpg"},{"@type":"BreadcrumbList","@id":"https:\/\/www.sts-education.com\/se\/high-school\/under-ditt-ar-utomlands\/vi-finns-har-for-dig\/#breadcrumb","itemListElement":[{"@type":"ListItem","position":1,"name":"Home","item":"https:\/\/www.sts-education.com\/se\/"},{"@type":"ListItem","position":2,"name":"High school","item":"https:\/\/www.sts-education.com\/se\/high-school\/"},{"@type":"ListItem","position":3,"name":"Under Ditt Ar Utomlands","item":"https:\/\/www.sts-education.com\/se\/high-school\/under-ditt-ar-utomlands\/"},{"@type":"ListItem","position":4,"name":"Vi Finns Har For Dig"}]},{"@type":"WebSite","@id":"https:\/\/www.sts-education.com\/se\/#website","url":"https:\/\/www.sts-education.com\/se\/","name":"STS Education","description":"","potentialAction":[{"@type":"SearchAction","target":{"@type":"EntryPoint","urlTemplate":"https:\/\/www.sts-education.com\/se\/?s={search_term_string}"},"query-input":{"@type":"PropertyValueSpecification","valueRequired":true,"valueName":"search_term_string"}}],"inLanguage":"sv-SE"}]}},"_links":{"self":[{"href":"https:\/\/www.sts-education.com\/se\/wp-json\/wp\/v2\/pages\/10250","targetHints":{"allow":["GET"]}}],"collection":[{"href":"https:\/\/www.sts-education.com\/se\/wp-json\/wp\/v2\/pages"}],"about":[{"href":"https:\/\/www.sts-education.com\/se\/wp-json\/wp\/v2\/types\/page"}],"author":[{"embeddable":true,"href":"https:\/\/www.sts-education.com\/se\/wp-json\/wp\/v2\/users\/20"}],"replies":[{"embeddable":true,"href":"https:\/\/www.sts-education.com\/se\/wp-json\/wp\/v2\/comments?post=10250"}],"version-history":[{"count":10,"href":"https:\/\/www.sts-education.com\/se\/wp-json\/wp\/v2\/pages\/10250\/revisions"}],"predecessor-version":[{"id":35769,"href":"https:\/\/www.sts-education.com\/se\/wp-json\/wp\/v2\/pages\/10250\/revisions\/35769"}],"up":[{"embeddable":true,"href":"https:\/\/www.sts-education.com\/se\/wp-json\/wp\/v2\/pages\/10217"}],"wp:attachment":[{"href":"https:\/\/www.sts-education.com\/se\/wp-json\/wp\/v2\/media?parent=10250"}],"wp:term":[{"taxonomy":"wpw_page_folders","embeddable":true,"href":"https:\/\/www.sts-education.com\/se\/wp-json\/wp\/v2\/wpw_page_folders?post=10250"}],"curies":[{"name":"wp","href":"https:\/\/api.w.org\/{rel}","templated":true}]}}