{"id":10251,"date":"2025-12-16T10:13:17","date_gmt":"2025-12-16T10:13:17","guid":{"rendered":"https:\/\/preprod.sts-education.com\/high-school\/under-ditt-ar-utomlands\/welcome-camp\/"},"modified":"2026-04-15T09:44:09","modified_gmt":"2026-04-15T09:44:09","slug":"welcome-camp","status":"publish","type":"page","link":"https:\/\/www.sts-education.com\/se\/high-school\/under-ditt-ar-utomlands\/welcome-camp\/","title":{"rendered":"Welcome Camp"},"content":{"rendered":"\n<section class=\"wp-block-sts-hero sts-block-hero is-variant-full-background has-text-light has-background-media\" style=\"--sts-hero-padding-mobile:0px;--sts-hero-padding-desktop:0px;--sts-hero-text-color:var(--wp--preset--color--base-10, #fff);\" data-variant=\"full-background\"><div class=\"sts-block-hero__background\"><picture class=\"sts-responsive-image has-fit-cover is-skeleton\"><img src=\"https:\/\/cdn.sts-education.com\/12570_hero_lg_xl.jpg\" alt=\"Welcome camp ing\u00e5r\" loading=\"lazy\" decoding=\"async\" fetchpriority=\"low\" sizes=\"100vw\" \/><\/picture><span class=\"sts-block-hero__overlay\" aria-hidden=\"true\"><\/span><\/div><div class=\"sts-block-hero__inner\"><div class=\"sts-block-hero__content has-align-center\"><div class=\"sts-block-hero__content-inner\"><h1 class=\"sts-block-hero__heading\">Welcome camp ing\u00e5r<\/h1><\/div><\/div><\/div><\/section>\n\n\n\n<div class=\"wp-block-sts-text sts-text-editor has-max-width-md\"><div class=\"sts-text-editor__content\"><div class=\"sts-text-editor__content-inner\">\n<p>F\u00f6r att du ska f\u00e5 den perfekta introduktionen startar ditt utbytes\u00e5r p\u00e5 n\u00e4stan alla destinationer med STS Welcome Camp, som ing\u00e5r i programavgiften. Det \u00e4r en sorts \u201dmjuklandning\u201d, d\u00e4r du tr\u00e4ffar andra STS-studenter och l\u00e4r dig mycket om vad du kan f\u00f6rv\u00e4nta dig av det \u00e4ventyr som precis ska b\u00f6rja. Det blir den b\u00e4sta t\u00e4nkbara starten p\u00e5 ditt nya \u00e4ventyr d\u00e4r du f\u00e5r chansen att l\u00e4ra k\u00e4nna en massa andra studenter fr\u00e5n hela v\u00e4rden som ocks\u00e5 ska g\u00f6ra sitt utbytes\u00e5r.<\/p>\n\n<p>Alla v\u00e5ra Welcome camps \u00e4ger rum i en v\u00e4lk\u00e4nd st\u00f6rre stad och p\u00e5g\u00e5r i n\u00e5gra dagar. I vilket land och vilken stad det blir f\u00f6r just dig beror p\u00e5 vart du ska g\u00f6ra ditt utbytes\u00e5r. Men det du vet s\u00e4kert redan nu \u00e4r att du kommer att delta i intressanta workshoppar och roliga aktiviteter om olika \u00e4mnen som kan vara till hj\u00e4lp f\u00f6r dig under ditt utbyte. Som tillexempel hur du hanterar heml\u00e4ngtan, hur det \u00e4r att anpassa sig till ett nytt hem, vad du ska g\u00f6ra om du beh\u00f6ver hj\u00e4lp eller st\u00f6d med mera.<\/p>\n\n<p>Du kommer att utforska staden du befinner dig i, genom att \u00e5ka p\u00e5 sightseeing och se ett antal ber\u00f6mda platser. Allt detta g\u00f6r du tillsammans med v\u00e5ra andra STS-studenter, som ocks\u00e5 befinner sig i b\u00f6rjan av sina egna \u00e4ventyr. Detta \u00e4r ett minne f\u00f6r livet \u2013 och det perfekta s\u00e4ttet att starta ditt \u00e5r utomlands p\u00e5. Efter STS Welcome Camp \u00e4r du redo att resa till din slutdestination, tr\u00e4ffa din v\u00e4rdfamilj och g\u00f6ra dig hemmastadd.<\/p>\n\n<p><a href=\"\/se\/high-school\/tripfinder\/?q=\">L\u00e4s mer om v\u00e5ra Welcome camp under respektive land<\/a><\/p>\n<\/div><\/div><\/div>\n\n\n\n<figure class=\"wp-block-sts-image sts-block-image sts-block-image--count-1 has-max-width-md\" data-count=\"1\"><div class=\"sts-block-image__grid\"><div class=\"sts-block-image__item\"><picture class=\"sts-responsive-image has-fit-cover has-pos-top is-skeleton\"><img src=\"https:\/\/cdn.sts-education.com\/13063_hero_md.jpg\" alt=\"Welcome camp ing\u00e5r\" loading=\"lazy\" decoding=\"async\" fetchpriority=\"low\" sizes=\"(max-width: 736px) 100vw, 736px\"\/><\/picture><\/div><\/div><\/figure>\n\n\n\n<div class=\"wp-block-sts-text sts-text-editor has-max-width-md\"><div class=\"sts-text-editor__content\"><div class=\"sts-text-editor__content-inner\">\n<p><em>\u201dWelcome Camp var helt klart en av h\u00f6jdpunkterna och en helt fantastisk b\u00f6rjan p\u00e5 mitt \u00e5r som utbytesstudent. Jag h\u00e5ller fortfarande kontakten med m\u00e5nga av personerna fr\u00e5n l\u00e4gret. Alla de olika aktiviteterna hj\u00e4lpte mig att k\u00e4nna mig mycket b\u00e4ttre f\u00f6rberedd inf\u00f6r \u00e5ret. Om jag hade chansen skulle jag utan tvekan vilja \u00e5teruppleva de dagarna!\u201d<\/em><\/p>\n<p><em>Jessica, fr\u00e5n Schweiz, deltog i STS Welcome Camp i New York<\/em><\/p>\n<\/div><\/div><\/div>\n\n","protected":false},"excerpt":{"rendered":"","protected":false},"author":20,"featured_media":16211,"parent":10217,"menu_order":0,"comment_status":"closed","ping_status":"closed","template":"templates\/template-default-with-breadcrumbs.php","meta":{"_acf_changed":false,"sts_page_background_color":"","footnotes":""},"wpw_page_folders":[83],"class_list":["post-10251","page","type-page","status-publish","has-post-thumbnail","hentry"],"acf":[],"yoast_head":"<!-- This site is optimized with the Yoast SEO Premium plugin v27.2 (Yoast SEO v27.3) - https:\/\/yoast.com\/product\/yoast-seo-premium-wordpress\/ -->\n<title>Starta ditt utbytes\u00e5r med ett Welcome camp | STS<\/title>\n<meta name=\"description\" content=\"Starta ditt utbytes\u00e5r med v\u00e5rt Welcome camp och f\u00e5 den b\u00e4sta starten! Tr\u00e4ffa andra som g\u00f6r samma resa och f\u00e5 mer information om vad du kan f\u00f6rv\u00e4nta dig.\" \/>\n<meta name=\"robots\" content=\"index, follow, max-snippet:-1, max-image-preview:large, max-video-preview:-1\" \/>\n<link rel=\"canonical\" href=\"https:\/\/www.sts-education.com\/se\/high-school\/under-ditt-ar-utomlands\/welcome-camp\/\" \/>\n<meta property=\"og:locale\" content=\"sv_SE\" \/>\n<meta property=\"og:type\" content=\"article\" \/>\n<meta property=\"og:title\" content=\"Welcome Camp\" \/>\n<meta property=\"og:description\" content=\"Starta ditt utbytes\u00e5r med v\u00e5rt Welcome camp och f\u00e5 den b\u00e4sta starten! Tr\u00e4ffa andra som g\u00f6r samma resa och f\u00e5 mer information om vad du kan f\u00f6rv\u00e4nta dig.\" \/>\n<meta property=\"og:url\" content=\"https:\/\/www.sts-education.com\/se\/high-school\/under-ditt-ar-utomlands\/welcome-camp\/\" \/>\n<meta property=\"og:site_name\" content=\"STS Education\" \/>\n<meta property=\"article:modified_time\" content=\"2026-04-15T09:44:09+00:00\" \/>\n<meta property=\"og:image\" content=\"https:\/\/powered-by.qbank.se\/educatius\/sts\/\/97cdc9382a1d068b806b8d3eacbd0cae_1-1-thumb.webp\" \/>\n\t<meta property=\"og:image:width\" content=\"150\" \/>\n\t<meta property=\"og:image:height\" content=\"150\" \/>\n\t<meta property=\"og:image:type\" content=\"image\/jpeg\" \/>\n<meta name=\"twitter:card\" content=\"summary_large_image\" \/>\n<meta name=\"twitter:label1\" content=\"Ber\u00e4knad l\u00e4stid\" \/>\n\t<meta name=\"twitter:data1\" content=\"2 minuter\" \/>\n<script type=\"application\/ld+json\" class=\"yoast-schema-graph\">{\"@context\":\"https:\\\/\\\/schema.org\",\"@graph\":[{\"@type\":\"WebPage\",\"@id\":\"https:\\\/\\\/www.sts-education.com\\\/se\\\/high-school\\\/under-ditt-ar-utomlands\\\/welcome-camp\\\/\",\"url\":\"https:\\\/\\\/www.sts-education.com\\\/se\\\/high-school\\\/under-ditt-ar-utomlands\\\/welcome-camp\\\/\",\"name\":\"Starta ditt utbytes\u00e5r med ett Welcome camp | STS\",\"isPartOf\":{\"@id\":\"https:\\\/\\\/www.sts-education.com\\\/se\\\/#website\"},\"primaryImageOfPage\":{\"@id\":\"https:\\\/\\\/www.sts-education.com\\\/se\\\/high-school\\\/under-ditt-ar-utomlands\\\/welcome-camp\\\/#primaryimage\"},\"image\":{\"@id\":\"https:\\\/\\\/www.sts-education.com\\\/se\\\/high-school\\\/under-ditt-ar-utomlands\\\/welcome-camp\\\/#primaryimage\"},\"thumbnailUrl\":\"https:\\\/\\\/powered-by.qbank.se\\\/educatius\\\/sts\\\/\\\/97cdc9382a1d068b806b8d3eacbd0cae_1-1-thumb.webp\",\"datePublished\":\"2025-12-16T10:13:17+00:00\",\"dateModified\":\"2026-04-15T09:44:09+00:00\",\"description\":\"Starta ditt utbytes\u00e5r med v\u00e5rt Welcome camp och f\u00e5 den b\u00e4sta starten! Tr\u00e4ffa andra som g\u00f6r samma resa och f\u00e5 mer information om vad du kan f\u00f6rv\u00e4nta dig.\",\"breadcrumb\":{\"@id\":\"https:\\\/\\\/www.sts-education.com\\\/se\\\/high-school\\\/under-ditt-ar-utomlands\\\/welcome-camp\\\/#breadcrumb\"},\"inLanguage\":\"sv-SE\",\"potentialAction\":[{\"@type\":\"ReadAction\",\"target\":[\"https:\\\/\\\/www.sts-education.com\\\/se\\\/high-school\\\/under-ditt-ar-utomlands\\\/welcome-camp\\\/\"]}]},{\"@type\":\"ImageObject\",\"inLanguage\":\"sv-SE\",\"@id\":\"https:\\\/\\\/www.sts-education.com\\\/se\\\/high-school\\\/under-ditt-ar-utomlands\\\/welcome-camp\\\/#primaryimage\",\"url\":\"https:\\\/\\\/powered-by.qbank.se\\\/educatius\\\/sts\\\/\\\/97cdc9382a1d068b806b8d3eacbd0cae_1-1-thumb.webp\",\"contentUrl\":\"https:\\\/\\\/powered-by.qbank.se\\\/educatius\\\/sts\\\/\\\/97cdc9382a1d068b806b8d3eacbd0cae_1-1-thumb.webp\",\"width\":150,\"height\":150},{\"@type\":\"BreadcrumbList\",\"@id\":\"https:\\\/\\\/www.sts-education.com\\\/se\\\/high-school\\\/under-ditt-ar-utomlands\\\/welcome-camp\\\/#breadcrumb\",\"itemListElement\":[{\"@type\":\"ListItem\",\"position\":1,\"name\":\"Home\",\"item\":\"https:\\\/\\\/www.sts-education.com\\\/se\\\/\"},{\"@type\":\"ListItem\",\"position\":2,\"name\":\"High school\",\"item\":\"https:\\\/\\\/www.sts-education.com\\\/se\\\/high-school\\\/\"},{\"@type\":\"ListItem\",\"position\":3,\"name\":\"Under Ditt Ar Utomlands\",\"item\":\"https:\\\/\\\/www.sts-education.com\\\/se\\\/high-school\\\/under-ditt-ar-utomlands\\\/\"},{\"@type\":\"ListItem\",\"position\":4,\"name\":\"Welcome Camp\"}]},{\"@type\":\"WebSite\",\"@id\":\"https:\\\/\\\/www.sts-education.com\\\/se\\\/#website\",\"url\":\"https:\\\/\\\/www.sts-education.com\\\/se\\\/\",\"name\":\"STS Education\",\"description\":\"\",\"potentialAction\":[{\"@type\":\"SearchAction\",\"target\":{\"@type\":\"EntryPoint\",\"urlTemplate\":\"https:\\\/\\\/www.sts-education.com\\\/se\\\/?s={search_term_string}\"},\"query-input\":{\"@type\":\"PropertyValueSpecification\",\"valueRequired\":true,\"valueName\":\"search_term_string\"}}],\"inLanguage\":\"sv-SE\"}]}<\/script>\n<!-- \/ Yoast SEO Premium plugin. -->","yoast_head_json":{"title":"Starta ditt utbytes\u00e5r med ett Welcome camp | STS","description":"Starta ditt utbytes\u00e5r med v\u00e5rt Welcome camp och f\u00e5 den b\u00e4sta starten! Tr\u00e4ffa andra som g\u00f6r samma resa och f\u00e5 mer information om vad du kan f\u00f6rv\u00e4nta dig.","robots":{"index":"index","follow":"follow","max-snippet":"max-snippet:-1","max-image-preview":"max-image-preview:large","max-video-preview":"max-video-preview:-1"},"canonical":"https:\/\/www.sts-education.com\/se\/high-school\/under-ditt-ar-utomlands\/welcome-camp\/","og_locale":"sv_SE","og_type":"article","og_title":"Welcome Camp","og_description":"Starta ditt utbytes\u00e5r med v\u00e5rt Welcome camp och f\u00e5 den b\u00e4sta starten! Tr\u00e4ffa andra som g\u00f6r samma resa och f\u00e5 mer information om vad du kan f\u00f6rv\u00e4nta dig.","og_url":"https:\/\/www.sts-education.com\/se\/high-school\/under-ditt-ar-utomlands\/welcome-camp\/","og_site_name":"STS Education","article_modified_time":"2026-04-15T09:44:09+00:00","og_image":[{"width":150,"height":150,"url":"https:\/\/powered-by.qbank.se\/educatius\/sts\/\/97cdc9382a1d068b806b8d3eacbd0cae_1-1-thumb.webp","type":"image\/jpeg"}],"twitter_card":"summary_large_image","twitter_misc":{"Ber\u00e4knad l\u00e4stid":"2 minuter"},"schema":{"@context":"https:\/\/schema.org","@graph":[{"@type":"WebPage","@id":"https:\/\/www.sts-education.com\/se\/high-school\/under-ditt-ar-utomlands\/welcome-camp\/","url":"https:\/\/www.sts-education.com\/se\/high-school\/under-ditt-ar-utomlands\/welcome-camp\/","name":"Starta ditt utbytes\u00e5r med ett Welcome camp | STS","isPartOf":{"@id":"https:\/\/www.sts-education.com\/se\/#website"},"primaryImageOfPage":{"@id":"https:\/\/www.sts-education.com\/se\/high-school\/under-ditt-ar-utomlands\/welcome-camp\/#primaryimage"},"image":{"@id":"https:\/\/www.sts-education.com\/se\/high-school\/under-ditt-ar-utomlands\/welcome-camp\/#primaryimage"},"thumbnailUrl":"https:\/\/powered-by.qbank.se\/educatius\/sts\/\/97cdc9382a1d068b806b8d3eacbd0cae_1-1-thumb.webp","datePublished":"2025-12-16T10:13:17+00:00","dateModified":"2026-04-15T09:44:09+00:00","description":"Starta ditt utbytes\u00e5r med v\u00e5rt Welcome camp och f\u00e5 den b\u00e4sta starten! Tr\u00e4ffa andra som g\u00f6r samma resa och f\u00e5 mer information om vad du kan f\u00f6rv\u00e4nta dig.","breadcrumb":{"@id":"https:\/\/www.sts-education.com\/se\/high-school\/under-ditt-ar-utomlands\/welcome-camp\/#breadcrumb"},"inLanguage":"sv-SE","potentialAction":[{"@type":"ReadAction","target":["https:\/\/www.sts-education.com\/se\/high-school\/under-ditt-ar-utomlands\/welcome-camp\/"]}]},{"@type":"ImageObject","inLanguage":"sv-SE","@id":"https:\/\/www.sts-education.com\/se\/high-school\/under-ditt-ar-utomlands\/welcome-camp\/#primaryimage","url":"https:\/\/powered-by.qbank.se\/educatius\/sts\/\/97cdc9382a1d068b806b8d3eacbd0cae_1-1-thumb.webp","contentUrl":"https:\/\/powered-by.qbank.se\/educatius\/sts\/\/97cdc9382a1d068b806b8d3eacbd0cae_1-1-thumb.webp","width":150,"height":150},{"@type":"BreadcrumbList","@id":"https:\/\/www.sts-education.com\/se\/high-school\/under-ditt-ar-utomlands\/welcome-camp\/#breadcrumb","itemListElement":[{"@type":"ListItem","position":1,"name":"Home","item":"https:\/\/www.sts-education.com\/se\/"},{"@type":"ListItem","position":2,"name":"High school","item":"https:\/\/www.sts-education.com\/se\/high-school\/"},{"@type":"ListItem","position":3,"name":"Under Ditt Ar Utomlands","item":"https:\/\/www.sts-education.com\/se\/high-school\/under-ditt-ar-utomlands\/"},{"@type":"ListItem","position":4,"name":"Welcome Camp"}]},{"@type":"WebSite","@id":"https:\/\/www.sts-education.com\/se\/#website","url":"https:\/\/www.sts-education.com\/se\/","name":"STS Education","description":"","potentialAction":[{"@type":"SearchAction","target":{"@type":"EntryPoint","urlTemplate":"https:\/\/www.sts-education.com\/se\/?s={search_term_string}"},"query-input":{"@type":"PropertyValueSpecification","valueRequired":true,"valueName":"search_term_string"}}],"inLanguage":"sv-SE"}]}},"_links":{"self":[{"href":"https:\/\/www.sts-education.com\/se\/wp-json\/wp\/v2\/pages\/10251","targetHints":{"allow":["GET"]}}],"collection":[{"href":"https:\/\/www.sts-education.com\/se\/wp-json\/wp\/v2\/pages"}],"about":[{"href":"https:\/\/www.sts-education.com\/se\/wp-json\/wp\/v2\/types\/page"}],"author":[{"embeddable":true,"href":"https:\/\/www.sts-education.com\/se\/wp-json\/wp\/v2\/users\/20"}],"replies":[{"embeddable":true,"href":"https:\/\/www.sts-education.com\/se\/wp-json\/wp\/v2\/comments?post=10251"}],"version-history":[{"count":4,"href":"https:\/\/www.sts-education.com\/se\/wp-json\/wp\/v2\/pages\/10251\/revisions"}],"predecessor-version":[{"id":35767,"href":"https:\/\/www.sts-education.com\/se\/wp-json\/wp\/v2\/pages\/10251\/revisions\/35767"}],"up":[{"embeddable":true,"href":"https:\/\/www.sts-education.com\/se\/wp-json\/wp\/v2\/pages\/10217"}],"wp:featuredmedia":[{"embeddable":true,"href":"https:\/\/www.sts-education.com\/se\/wp-json\/wp\/v2\/media\/16211"}],"wp:attachment":[{"href":"https:\/\/www.sts-education.com\/se\/wp-json\/wp\/v2\/media?parent=10251"}],"wp:term":[{"taxonomy":"wpw_page_folders","embeddable":true,"href":"https:\/\/www.sts-education.com\/se\/wp-json\/wp\/v2\/wpw_page_folders?post=10251"}],"curies":[{"name":"wp","href":"https:\/\/api.w.org\/{rel}","templated":true}]}}