{"id":10258,"date":"2025-12-16T10:24:56","date_gmt":"2025-12-16T10:24:56","guid":{"rendered":"https:\/\/preprod.sts-education.com\/om-sts\/karriar\/intervju-lucas\/"},"modified":"2026-04-01T02:41:15","modified_gmt":"2026-04-01T02:41:15","slug":"intervju-lucas","status":"publish","type":"page","link":"https:\/\/www.sts-education.com\/se\/om-sts\/karriar\/intervju-lucas\/","title":{"rendered":"Intervju Lucas"},"content":{"rendered":"\n<div class=\"wp-block-sts-text sts-text-editor has-max-width-md\"><div class=\"sts-text-editor__content\"><div class=\"sts-text-editor__content-inner\">\n<h1>Lucas Kehrein \u00e4r lokal koordinator<\/h1>\n<\/div><\/div><\/div>\n\n\n\n<div class=\"wp-block-sts-text sts-text-editor has-max-width-md\"><div class=\"sts-text-editor__content\"><div class=\"sts-text-editor__content-inner\">\n<p><em>Lucas var utbytesstudent med STS i Minnesota, USA 2015\/16. Hans familj i Sverige har varit v\u00e4rdfamilj tre g\u00e5nger och Lucas har jobbat som lokal koordinator (LC) f\u00f6r STS under 2022 och 2023.<\/em><\/p>\n<\/div><\/div><\/div>\n\n\n\n<figure class=\"wp-block-sts-image sts-block-image sts-block-image--count-1 has-max-width-md\" data-count=\"1\"><div class=\"sts-block-image__grid\"><div class=\"sts-block-image__item\"><picture class=\"sts-responsive-image has-fit-cover has-pos-top is-skeleton\"><img src=\"https:\/\/cdn.sts-education.com\/13363_hero_md.jpg\" alt=\"Lucas Kehrein \u00e4r lokal koordinator\" loading=\"lazy\" decoding=\"async\" fetchpriority=\"low\" sizes=\"(max-width: 736px) 100vw, 736px\"\/><\/picture><\/div><\/div><\/figure>\n\n\n\n<div class=\"wp-block-sts-text sts-text-editor has-max-width-md\"><div class=\"sts-text-editor__content\"><div class=\"sts-text-editor__content-inner\">\n<p><strong>Hur m\u00e5nga studenter har du varit LC f\u00f6r?<\/strong><br\/>Jag har varit LC f\u00f6r fyra studenter; en fr\u00e5n USA, tv\u00e5 fr\u00e5n Tyskland och en fr\u00e5n Brasilien. Alla var underbara!<\/p>\n<p><strong>Vad inneb\u00e4r det att vara LC?<\/strong><br\/>Att vara LC inneb\u00e4r att man \u00e4r en form av support f\u00f6r utbytesstudenten och v\u00e4rdfamiljen. Ansvaret varierar men det viktigaste \u00e4r att se till att utbytesstudenten och v\u00e4rdfamiljen \u00e4r n\u00f6jda. Det \u00e4r absolut inte l\u00e4tt att vara utbytesstudent, men du som LC kan bidra till att g\u00f6ra erfarenheten s\u00e5 mycket b\u00e4ttre. Detta kan vara att ta en fika, bowla eller vad man nu kan tycka \u00e4r roligt. Jag tog \u00e4ven med alla mina utbytesstudenter p\u00e5 paintball tillsammans med min lillebror som \u00e4ven han har varit utbytesstudent.<\/p>\n<p>Ut\u00f6ver detta inneb\u00e4r jobbet att hitta nya v\u00e4rdfamiljer. I arbetet har man hj\u00e4lp av STS personal som \u00e4r v\u00e4ldigt st\u00f6ttande. Jag har alltid f\u00e5tt hj\u00e4lp om jag har haft n\u00e5gra fr\u00e5gor eller funderingar.<\/p>\n<p><strong>Varf\u00f6r best\u00e4mde du dig f\u00f6r att bli LC?<\/strong><br\/>Jag k\u00e4nde att jag kan relatera v\u00e4ldigt bra till b\u00e5de utbytesstudenten och v\u00e4rdfamiljen och att jag skulle kunna bidra till att ge en bra upplevelse. Jag har ju sj\u00e4lv varit utbytesstudent, min familj har varit v\u00e4rdfamilj, och jag har \u00e4ven jobbat utomlands. Jag k\u00e4nde \u00e4ven att det kunde vara superkul att g\u00f6ra roliga saker ihop med utbytesstudenterna. Det har varit toppen att ha min bakgrund och men man beh\u00f6ver absolut inte ha samma erfarenhet som jag.<\/p>\n<p><strong>Hur har jobbet p\u00e5verkat dig?<\/strong><br\/>Jag har f\u00e5tt nya v\u00e4nner; mina utbytesstudenter h\u00f6r fortfarande av sig till mig \u00e4ven om jag inte l\u00e4ngre \u00e4r deras LC. Det \u00e4r \u00e4ven v\u00e4ldigt l\u00e4rorikt att bolla id\u00e9er och tankar kring utbytesstudentens kultur och hur de upplever Sverige. Det har gett mig en ny bild av b\u00e5de Sverige och av utbytesstudenternas l\u00e4nder.<\/p>\n<p><strong>N\u00e5gra stora utmaningar?<\/strong><br\/>Den st\u00f6rsta utmaningen \u00e4r att hitta bra v\u00e4rdfamiljer.<\/p>\n<p><strong>N\u00e5got fint minne du vill dela med dig av?<\/strong><br\/>Jag var aktivitetsledare p\u00e5 sista aktiviteten innan utbytesstudenterna \u00e5kte hem. Det var superroligt att f\u00e5 h\u00f6ra hur bra m\u00e5nga l\u00e4rt sig svenska, jag var helt chockad av hur felfritt en av eleverna pratade. Annars har jag tyckt att alla fikastunder d\u00e4r jag pratat om livet med mina utbytesstudenter har varit superh\u00e4rliga.<\/p>\n<p><strong>Kan ni rekommendera att vara LC?<\/strong><br\/>Absolut! Det \u00e4r ett j\u00e4tteroligt extrajobb och har absolut varit en bra erfarenhet.<\/p>\n<p><strong>Har ni n\u00e5gra tips till framtida LC:s?<\/strong><br\/>Att vara d\u00e4r f\u00f6r utbytesstudenten och familjen \u00e4r viktigast. F\u00f6rs\u00f6k att hitta p\u00e5 n\u00e5got med utbytesstudenten kanske varannan m\u00e5nad. Det g\u00f6r s\u00e5 stor skillnad f\u00f6r studentens upplevelse och hj\u00e4lper er att f\u00e5 en bra relation.<\/p>\n<p><strong>Har ni fortfarande kontakt med n\u00e5gra av dina studenter eller familjer?<\/strong><br\/>Jag har kontakt med alla mina studenter.<\/p>\n<p><a href=\"https:\/\/sts.teamtailor.com\/jobs\">Se alla v\u00e5ra lediga jobb h\u00e4r<\/a><\/p>\n<\/div><\/div><\/div>\n\n","protected":false},"excerpt":{"rendered":"","protected":false},"author":20,"featured_media":16228,"parent":10220,"menu_order":0,"comment_status":"closed","ping_status":"closed","template":"","meta":{"_acf_changed":false,"sts_page_background_color":"","footnotes":""},"wpw_page_folders":[77],"class_list":["post-10258","page","type-page","status-publish","has-post-thumbnail","hentry"],"acf":[],"yoast_head":"<!-- This site is optimized with the Yoast SEO Premium plugin v27.2 (Yoast SEO v27.3) - https:\/\/yoast.com\/product\/yoast-seo-premium-wordpress\/ -->\n<title>Intervju Lucas<\/title>\n<meta name=\"robots\" content=\"index, follow, max-snippet:-1, max-image-preview:large, max-video-preview:-1\" \/>\n<link rel=\"canonical\" href=\"https:\/\/www.sts-education.com\/se\/om-sts\/karriar\/intervju-lucas\/\" \/>\n<meta property=\"og:locale\" content=\"sv_SE\" \/>\n<meta property=\"og:type\" content=\"article\" \/>\n<meta property=\"og:title\" content=\"Intervju Lucas\" \/>\n<meta property=\"og:url\" content=\"https:\/\/www.sts-education.com\/se\/om-sts\/karriar\/intervju-lucas\/\" \/>\n<meta property=\"og:site_name\" content=\"STS Education\" \/>\n<meta property=\"article:modified_time\" content=\"2026-04-01T02:41:15+00:00\" \/>\n<meta property=\"og:image\" content=\"https:\/\/powered-by.qbank.se\/educatius\/sts\/\/40772d79fcee172a2a2eec9de43b95c2_1-1-thumb.webp\" \/>\n\t<meta property=\"og:image:width\" content=\"150\" \/>\n\t<meta property=\"og:image:height\" content=\"150\" \/>\n\t<meta property=\"og:image:type\" content=\"image\/jpeg\" \/>\n<meta name=\"twitter:card\" content=\"summary_large_image\" \/>\n<meta name=\"twitter:label1\" content=\"Ber\u00e4knad l\u00e4stid\" \/>\n\t<meta name=\"twitter:data1\" content=\"3 minuter\" \/>\n<script type=\"application\/ld+json\" class=\"yoast-schema-graph\">{\"@context\":\"https:\\\/\\\/schema.org\",\"@graph\":[{\"@type\":\"WebPage\",\"@id\":\"https:\\\/\\\/www.sts-education.com\\\/se\\\/om-sts\\\/karriar\\\/intervju-lucas\\\/\",\"url\":\"https:\\\/\\\/www.sts-education.com\\\/se\\\/om-sts\\\/karriar\\\/intervju-lucas\\\/\",\"name\":\"Intervju Lucas\",\"isPartOf\":{\"@id\":\"https:\\\/\\\/www.sts-education.com\\\/se\\\/#website\"},\"primaryImageOfPage\":{\"@id\":\"https:\\\/\\\/www.sts-education.com\\\/se\\\/om-sts\\\/karriar\\\/intervju-lucas\\\/#primaryimage\"},\"image\":{\"@id\":\"https:\\\/\\\/www.sts-education.com\\\/se\\\/om-sts\\\/karriar\\\/intervju-lucas\\\/#primaryimage\"},\"thumbnailUrl\":\"https:\\\/\\\/powered-by.qbank.se\\\/educatius\\\/sts\\\/\\\/40772d79fcee172a2a2eec9de43b95c2_1-1-thumb.webp\",\"datePublished\":\"2025-12-16T10:24:56+00:00\",\"dateModified\":\"2026-04-01T02:41:15+00:00\",\"breadcrumb\":{\"@id\":\"https:\\\/\\\/www.sts-education.com\\\/se\\\/om-sts\\\/karriar\\\/intervju-lucas\\\/#breadcrumb\"},\"inLanguage\":\"sv-SE\",\"potentialAction\":[{\"@type\":\"ReadAction\",\"target\":[\"https:\\\/\\\/www.sts-education.com\\\/se\\\/om-sts\\\/karriar\\\/intervju-lucas\\\/\"]}]},{\"@type\":\"ImageObject\",\"inLanguage\":\"sv-SE\",\"@id\":\"https:\\\/\\\/www.sts-education.com\\\/se\\\/om-sts\\\/karriar\\\/intervju-lucas\\\/#primaryimage\",\"url\":\"https:\\\/\\\/powered-by.qbank.se\\\/educatius\\\/sts\\\/\\\/40772d79fcee172a2a2eec9de43b95c2_1-1-thumb.webp\",\"contentUrl\":\"https:\\\/\\\/powered-by.qbank.se\\\/educatius\\\/sts\\\/\\\/40772d79fcee172a2a2eec9de43b95c2_1-1-thumb.webp\",\"width\":150,\"height\":150},{\"@type\":\"BreadcrumbList\",\"@id\":\"https:\\\/\\\/www.sts-education.com\\\/se\\\/om-sts\\\/karriar\\\/intervju-lucas\\\/#breadcrumb\",\"itemListElement\":[{\"@type\":\"ListItem\",\"position\":1,\"name\":\"Home\",\"item\":\"https:\\\/\\\/www.sts-education.com\\\/se\\\/\"},{\"@type\":\"ListItem\",\"position\":2,\"name\":\"Om Sts\",\"item\":\"https:\\\/\\\/www.sts-education.com\\\/se\\\/om-sts\\\/\"},{\"@type\":\"ListItem\",\"position\":3,\"name\":\"Karriar\",\"item\":\"https:\\\/\\\/www.sts-education.com\\\/se\\\/om-sts\\\/karriar\\\/\"},{\"@type\":\"ListItem\",\"position\":4,\"name\":\"Intervju Lucas\"}]},{\"@type\":\"WebSite\",\"@id\":\"https:\\\/\\\/www.sts-education.com\\\/se\\\/#website\",\"url\":\"https:\\\/\\\/www.sts-education.com\\\/se\\\/\",\"name\":\"STS Education\",\"description\":\"\",\"potentialAction\":[{\"@type\":\"SearchAction\",\"target\":{\"@type\":\"EntryPoint\",\"urlTemplate\":\"https:\\\/\\\/www.sts-education.com\\\/se\\\/?s={search_term_string}\"},\"query-input\":{\"@type\":\"PropertyValueSpecification\",\"valueRequired\":true,\"valueName\":\"search_term_string\"}}],\"inLanguage\":\"sv-SE\"}]}<\/script>\n<!-- \/ Yoast SEO Premium plugin. -->","yoast_head_json":{"title":"Intervju Lucas","robots":{"index":"index","follow":"follow","max-snippet":"max-snippet:-1","max-image-preview":"max-image-preview:large","max-video-preview":"max-video-preview:-1"},"canonical":"https:\/\/www.sts-education.com\/se\/om-sts\/karriar\/intervju-lucas\/","og_locale":"sv_SE","og_type":"article","og_title":"Intervju Lucas","og_url":"https:\/\/www.sts-education.com\/se\/om-sts\/karriar\/intervju-lucas\/","og_site_name":"STS Education","article_modified_time":"2026-04-01T02:41:15+00:00","og_image":[{"width":150,"height":150,"url":"https:\/\/powered-by.qbank.se\/educatius\/sts\/\/40772d79fcee172a2a2eec9de43b95c2_1-1-thumb.webp","type":"image\/jpeg"}],"twitter_card":"summary_large_image","twitter_misc":{"Ber\u00e4knad l\u00e4stid":"3 minuter"},"schema":{"@context":"https:\/\/schema.org","@graph":[{"@type":"WebPage","@id":"https:\/\/www.sts-education.com\/se\/om-sts\/karriar\/intervju-lucas\/","url":"https:\/\/www.sts-education.com\/se\/om-sts\/karriar\/intervju-lucas\/","name":"Intervju Lucas","isPartOf":{"@id":"https:\/\/www.sts-education.com\/se\/#website"},"primaryImageOfPage":{"@id":"https:\/\/www.sts-education.com\/se\/om-sts\/karriar\/intervju-lucas\/#primaryimage"},"image":{"@id":"https:\/\/www.sts-education.com\/se\/om-sts\/karriar\/intervju-lucas\/#primaryimage"},"thumbnailUrl":"https:\/\/powered-by.qbank.se\/educatius\/sts\/\/40772d79fcee172a2a2eec9de43b95c2_1-1-thumb.webp","datePublished":"2025-12-16T10:24:56+00:00","dateModified":"2026-04-01T02:41:15+00:00","breadcrumb":{"@id":"https:\/\/www.sts-education.com\/se\/om-sts\/karriar\/intervju-lucas\/#breadcrumb"},"inLanguage":"sv-SE","potentialAction":[{"@type":"ReadAction","target":["https:\/\/www.sts-education.com\/se\/om-sts\/karriar\/intervju-lucas\/"]}]},{"@type":"ImageObject","inLanguage":"sv-SE","@id":"https:\/\/www.sts-education.com\/se\/om-sts\/karriar\/intervju-lucas\/#primaryimage","url":"https:\/\/powered-by.qbank.se\/educatius\/sts\/\/40772d79fcee172a2a2eec9de43b95c2_1-1-thumb.webp","contentUrl":"https:\/\/powered-by.qbank.se\/educatius\/sts\/\/40772d79fcee172a2a2eec9de43b95c2_1-1-thumb.webp","width":150,"height":150},{"@type":"BreadcrumbList","@id":"https:\/\/www.sts-education.com\/se\/om-sts\/karriar\/intervju-lucas\/#breadcrumb","itemListElement":[{"@type":"ListItem","position":1,"name":"Home","item":"https:\/\/www.sts-education.com\/se\/"},{"@type":"ListItem","position":2,"name":"Om Sts","item":"https:\/\/www.sts-education.com\/se\/om-sts\/"},{"@type":"ListItem","position":3,"name":"Karriar","item":"https:\/\/www.sts-education.com\/se\/om-sts\/karriar\/"},{"@type":"ListItem","position":4,"name":"Intervju Lucas"}]},{"@type":"WebSite","@id":"https:\/\/www.sts-education.com\/se\/#website","url":"https:\/\/www.sts-education.com\/se\/","name":"STS Education","description":"","potentialAction":[{"@type":"SearchAction","target":{"@type":"EntryPoint","urlTemplate":"https:\/\/www.sts-education.com\/se\/?s={search_term_string}"},"query-input":{"@type":"PropertyValueSpecification","valueRequired":true,"valueName":"search_term_string"}}],"inLanguage":"sv-SE"}]}},"_links":{"self":[{"href":"https:\/\/www.sts-education.com\/se\/wp-json\/wp\/v2\/pages\/10258","targetHints":{"allow":["GET"]}}],"collection":[{"href":"https:\/\/www.sts-education.com\/se\/wp-json\/wp\/v2\/pages"}],"about":[{"href":"https:\/\/www.sts-education.com\/se\/wp-json\/wp\/v2\/types\/page"}],"author":[{"embeddable":true,"href":"https:\/\/www.sts-education.com\/se\/wp-json\/wp\/v2\/users\/20"}],"replies":[{"embeddable":true,"href":"https:\/\/www.sts-education.com\/se\/wp-json\/wp\/v2\/comments?post=10258"}],"version-history":[{"count":2,"href":"https:\/\/www.sts-education.com\/se\/wp-json\/wp\/v2\/pages\/10258\/revisions"}],"predecessor-version":[{"id":20569,"href":"https:\/\/www.sts-education.com\/se\/wp-json\/wp\/v2\/pages\/10258\/revisions\/20569"}],"up":[{"embeddable":true,"href":"https:\/\/www.sts-education.com\/se\/wp-json\/wp\/v2\/pages\/10220"}],"wp:featuredmedia":[{"embeddable":true,"href":"https:\/\/www.sts-education.com\/se\/wp-json\/wp\/v2\/media\/16228"}],"wp:attachment":[{"href":"https:\/\/www.sts-education.com\/se\/wp-json\/wp\/v2\/media?parent=10258"}],"wp:term":[{"taxonomy":"wpw_page_folders","embeddable":true,"href":"https:\/\/www.sts-education.com\/se\/wp-json\/wp\/v2\/wpw_page_folders?post=10258"}],"curies":[{"name":"wp","href":"https:\/\/api.w.org\/{rel}","templated":true}]}}