{"id":10262,"date":"2019-03-12T10:34:46","date_gmt":"2019-03-12T10:34:46","guid":{"rendered":"https:\/\/preprod.sts-education.com\/vardfamilj\/darfor-ska-ni-bli-vardfamilj\/ersattning-host-and-go\/"},"modified":"2026-04-03T15:10:00","modified_gmt":"2026-04-03T15:10:00","slug":"ersattning-host-and-go","status":"publish","type":"page","link":"https:\/\/www.sts-education.com\/se\/vardfamilj\/darfor-ska-ni-bli-vardfamilj\/ersattning-host-and-go\/","title":{"rendered":"Ers\u00e4ttning Host And Go"},"content":{"rendered":"\n<section class=\"wp-block-sts-hero sts-block-hero sts-block-hero is-variant-full-background has-text-light has-background-media\" style=\"--sts-hero-padding-mobile:0px;--sts-hero-padding-desktop:0px;--sts-hero-text-color:var(--wp--preset--color--base-10, #fff)\" data-variant=\"full-background\"><div class=\"sts-block-hero__background\"><picture class=\"sts-responsive-image has-pos-center is-skeleton\"><img src=\"https:\/\/cdn.sts-education.com\/12231_hero_lg_xl.jpg\" alt=\"Host &amp; Go\" loading=\"lazy\" decoding=\"async\" fetchpriority=\"low\" sizes=\"(max-width: 640px) max(100vw, calc(clamp(320px, 100vh, 720px) * 9 \/ 16)), (max-width: 840px) max(100vw, calc(clamp(320px, 100vh, 720px) * 1 \/ 1)), max(100vw, calc(clamp(320px, 100vh, 720px) * 16 \/ 9))\" style=\"object-position:center\"\/><\/picture><span class=\"sts-block-hero__overlay\" aria-hidden=\"true\"><\/span><\/div><div class=\"sts-block-hero__inner\"><div class=\"sts-block-hero__content has-align-center\"><div class=\"sts-block-hero__content-inner\"><h1 class=\"sts-block-hero__heading\">Host &amp; Go<\/h1><\/div><\/div><\/div><\/section>\n\n\n\n<div class=\"wp-block-sts-text sts-text-editor has-max-width-md\"><div class=\"sts-text-editor__content\"><div class=\"sts-text-editor__content-inner\">\n<p>Har du ett barn som vill plugga p\u00e5 high school utomlands med STS, och kan samtidigt t\u00e4nka dig att v\u00e4lkomna v\u00e4rlden hem till dig? Perfekt! STS erbjuder just nu en Host &amp; Go-rabatt p\u00e5 upp till <strong>5000 kr<\/strong> till dig som blir v\u00e4rdfamilj \u00e5t en utbytesstudent i 10 m\u00e5nader och <strong>3000 kr<\/strong> om du \u00e4r v\u00e4rdfamilj i 5 m\u00e5nader samtidigt som ditt barn reser iv\u00e4g p\u00e5 ett high school-\u00e4ventyr med oss. Ut\u00f6ver det f\u00e5r ni \u00e4ven en m\u00e5natlig kompensation som tack f\u00f6r er g\u00e4stv\u00e4nlighet under tiden studenten bor hos er.<\/p>\n<p>Som v\u00e4rdfamilj \u00e4r du en stor del av studentens upplevelse i ditt hemland d\u00e4r du f\u00e5r m\u00f6jlighet att se studenten utvecklas och l\u00e4ra sig ditt spr\u00e5k. Genom att bli v\u00e4rdfamilj medan ditt barn pluggar p\u00e5 high school utomlands f\u00e5r hela familjen uppleva ett kulturellt utbyte. Det \u00e4r en ov\u00e4rderlig upplevelse som b\u00e5de ger er nya perspektiv och v\u00e4nner f\u00f6r livet.<\/p>\n<h2>Utnyttja Host &amp; Go b\u00e5de innan och efter<\/h2>\n<p>Vill du bli v\u00e4rdfamilj innan ditt barn \u00e5ker p\u00e5 ett eget utbytes\u00e5r f\u00f6r att f\u00e5 m\u00f6jlighet att f\u00f6rbereda dig och f\u00f6rst\u00e5 mer vad det inneb\u00e4r? Inga problem, du kan utnyttja Host &amp; Go i upp till tre \u00e5r efter att du varit v\u00e4rdfamilj i minst 5 m\u00e5nader. Vill du vara v\u00e4rdfamilj efter att ditt barn varit p\u00e5 utbytes\u00e5r kan du ocks\u00e5 ta del av Host &amp; Go i upp till tre \u00e5r efter att ditt barn kommit hem igen.<\/p>\n<p>Eleven som du tar emot st\u00e5r sj\u00e4lv f\u00f6r kostnader som busskort, hygienartiklar, kl\u00e4der och fritidsintressen. Du beh\u00f6ver endast st\u00e5 f\u00f6r uppeh\u00e4lle och mat.<\/p>\n<p>Kontakta oss f\u00f6r mer information kring Host &amp; Go. Du n\u00e5r oss p\u00e5 0771-202040 eller genom att skicka ett mejl till <a href=\"mailto:host.nordics@sts-education.com\">host.nordics@sts-education.com<\/a> eller genom att fylla i formul\u00e4ret nedan.<\/p>\n<\/div><\/div><\/div>\n","protected":false},"excerpt":{"rendered":"","protected":false},"author":20,"featured_media":0,"parent":27800,"menu_order":0,"comment_status":"closed","ping_status":"closed","template":"","meta":{"_acf_changed":false,"sts_page_background_color":"","footnotes":""},"wpw_page_folders":[89],"class_list":["post-10262","page","type-page","status-publish","hentry"],"acf":[],"yoast_head":"<!-- This site is optimized with the Yoast SEO Premium plugin v27.2 (Yoast SEO v27.3) - https:\/\/yoast.com\/product\/yoast-seo-premium-wordpress\/ -->\n<title>Host and Go - f\u00e5 rabatt p\u00e5 utbytes\u00e5ret<\/title>\n<meta name=\"description\" content=\"F\u00e5 upp till 15 000 kr i Host &amp; Go-rabatt om du blir v\u00e4rdfamilj f\u00f6r en utbytesstudent n\u00e4r ditt barn \u00e5ker p\u00e5 utbytes\u00e5r.\" \/>\n<meta name=\"robots\" content=\"index, follow, max-snippet:-1, max-image-preview:large, max-video-preview:-1\" \/>\n<link rel=\"canonical\" href=\"https:\/\/www.sts-education.com\/se\/vardfamilj\/darfor-ska-ni-bli-vardfamilj\/ersattning-host-and-go\/\" \/>\n<meta property=\"og:locale\" content=\"sv_SE\" \/>\n<meta property=\"og:type\" content=\"article\" \/>\n<meta property=\"og:title\" content=\"Ers\u00e4ttning Host And Go\" \/>\n<meta property=\"og:description\" content=\"F\u00e5 upp till 15 000 kr i Host &amp; Go-rabatt om du blir v\u00e4rdfamilj f\u00f6r en utbytesstudent n\u00e4r ditt barn \u00e5ker p\u00e5 utbytes\u00e5r.\" \/>\n<meta property=\"og:url\" content=\"https:\/\/www.sts-education.com\/se\/vardfamilj\/darfor-ska-ni-bli-vardfamilj\/ersattning-host-and-go\/\" \/>\n<meta property=\"og:site_name\" content=\"STS Education\" \/>\n<meta property=\"article:modified_time\" content=\"2026-04-03T15:10:00+00:00\" \/>\n<meta property=\"og:image\" content=\"https:\/\/cdn.sts-education.com\/12231_hero_lg_xl.jpg\" \/>\n<meta name=\"twitter:card\" content=\"summary_large_image\" \/>\n<meta name=\"twitter:label1\" content=\"Ber\u00e4knad l\u00e4stid\" \/>\n\t<meta name=\"twitter:data1\" content=\"2 minuter\" \/>\n<script type=\"application\/ld+json\" class=\"yoast-schema-graph\">{\"@context\":\"https:\\\/\\\/schema.org\",\"@graph\":[{\"@type\":\"WebPage\",\"@id\":\"https:\\\/\\\/www.sts-education.com\\\/se\\\/vardfamilj\\\/darfor-ska-ni-bli-vardfamilj\\\/ersattning-host-and-go\\\/\",\"url\":\"https:\\\/\\\/www.sts-education.com\\\/se\\\/vardfamilj\\\/darfor-ska-ni-bli-vardfamilj\\\/ersattning-host-and-go\\\/\",\"name\":\"Host and Go - f\u00e5 rabatt p\u00e5 utbytes\u00e5ret\",\"isPartOf\":{\"@id\":\"https:\\\/\\\/www.sts-education.com\\\/se\\\/#website\"},\"primaryImageOfPage\":{\"@id\":\"https:\\\/\\\/www.sts-education.com\\\/se\\\/vardfamilj\\\/darfor-ska-ni-bli-vardfamilj\\\/ersattning-host-and-go\\\/#primaryimage\"},\"image\":{\"@id\":\"https:\\\/\\\/www.sts-education.com\\\/se\\\/vardfamilj\\\/darfor-ska-ni-bli-vardfamilj\\\/ersattning-host-and-go\\\/#primaryimage\"},\"thumbnailUrl\":\"https:\\\/\\\/cdn.sts-education.com\\\/12231_hero_lg_xl.jpg\",\"datePublished\":\"2019-03-12T10:34:46+00:00\",\"dateModified\":\"2026-04-03T15:10:00+00:00\",\"description\":\"F\u00e5 upp till 15 000 kr i Host & Go-rabatt om du blir v\u00e4rdfamilj f\u00f6r en utbytesstudent n\u00e4r ditt barn \u00e5ker p\u00e5 utbytes\u00e5r.\",\"breadcrumb\":{\"@id\":\"https:\\\/\\\/www.sts-education.com\\\/se\\\/vardfamilj\\\/darfor-ska-ni-bli-vardfamilj\\\/ersattning-host-and-go\\\/#breadcrumb\"},\"inLanguage\":\"sv-SE\",\"potentialAction\":[{\"@type\":\"ReadAction\",\"target\":[\"https:\\\/\\\/www.sts-education.com\\\/se\\\/vardfamilj\\\/darfor-ska-ni-bli-vardfamilj\\\/ersattning-host-and-go\\\/\"]}]},{\"@type\":\"ImageObject\",\"inLanguage\":\"sv-SE\",\"@id\":\"https:\\\/\\\/www.sts-education.com\\\/se\\\/vardfamilj\\\/darfor-ska-ni-bli-vardfamilj\\\/ersattning-host-and-go\\\/#primaryimage\",\"url\":\"https:\\\/\\\/cdn.sts-education.com\\\/12231_hero_lg_xl.jpg\",\"contentUrl\":\"https:\\\/\\\/cdn.sts-education.com\\\/12231_hero_lg_xl.jpg\"},{\"@type\":\"BreadcrumbList\",\"@id\":\"https:\\\/\\\/www.sts-education.com\\\/se\\\/vardfamilj\\\/darfor-ska-ni-bli-vardfamilj\\\/ersattning-host-and-go\\\/#breadcrumb\",\"itemListElement\":[{\"@type\":\"ListItem\",\"position\":1,\"name\":\"Home\",\"item\":\"https:\\\/\\\/www.sts-education.com\\\/se\\\/\"},{\"@type\":\"ListItem\",\"position\":2,\"name\":\"V\u00e4rdfamilj\",\"item\":\"https:\\\/\\\/www.sts-education.com\\\/se\\\/vardfamilj\\\/\"},{\"@type\":\"ListItem\",\"position\":3,\"name\":\"D\u00e4rf\u00f6r ska ni bli v\u00e4rdfamilj\",\"item\":\"https:\\\/\\\/www.sts-education.com\\\/se\\\/vardfamilj\\\/darfor-ska-ni-bli-vardfamilj\\\/\"},{\"@type\":\"ListItem\",\"position\":4,\"name\":\"Ers\u00e4ttning Host And Go\"}]},{\"@type\":\"WebSite\",\"@id\":\"https:\\\/\\\/www.sts-education.com\\\/se\\\/#website\",\"url\":\"https:\\\/\\\/www.sts-education.com\\\/se\\\/\",\"name\":\"STS Education\",\"description\":\"\",\"potentialAction\":[{\"@type\":\"SearchAction\",\"target\":{\"@type\":\"EntryPoint\",\"urlTemplate\":\"https:\\\/\\\/www.sts-education.com\\\/se\\\/?s={search_term_string}\"},\"query-input\":{\"@type\":\"PropertyValueSpecification\",\"valueRequired\":true,\"valueName\":\"search_term_string\"}}],\"inLanguage\":\"sv-SE\"}]}<\/script>\n<!-- \/ Yoast SEO Premium plugin. -->","yoast_head_json":{"title":"Host and Go - f\u00e5 rabatt p\u00e5 utbytes\u00e5ret","description":"F\u00e5 upp till 15 000 kr i Host & Go-rabatt om du blir v\u00e4rdfamilj f\u00f6r en utbytesstudent n\u00e4r ditt barn \u00e5ker p\u00e5 utbytes\u00e5r.","robots":{"index":"index","follow":"follow","max-snippet":"max-snippet:-1","max-image-preview":"max-image-preview:large","max-video-preview":"max-video-preview:-1"},"canonical":"https:\/\/www.sts-education.com\/se\/vardfamilj\/darfor-ska-ni-bli-vardfamilj\/ersattning-host-and-go\/","og_locale":"sv_SE","og_type":"article","og_title":"Ers\u00e4ttning Host And Go","og_description":"F\u00e5 upp till 15 000 kr i Host & Go-rabatt om du blir v\u00e4rdfamilj f\u00f6r en utbytesstudent n\u00e4r ditt barn \u00e5ker p\u00e5 utbytes\u00e5r.","og_url":"https:\/\/www.sts-education.com\/se\/vardfamilj\/darfor-ska-ni-bli-vardfamilj\/ersattning-host-and-go\/","og_site_name":"STS Education","article_modified_time":"2026-04-03T15:10:00+00:00","og_image":[{"url":"https:\/\/cdn.sts-education.com\/12231_hero_lg_xl.jpg","type":"","width":"","height":""}],"twitter_card":"summary_large_image","twitter_misc":{"Ber\u00e4knad l\u00e4stid":"2 minuter"},"schema":{"@context":"https:\/\/schema.org","@graph":[{"@type":"WebPage","@id":"https:\/\/www.sts-education.com\/se\/vardfamilj\/darfor-ska-ni-bli-vardfamilj\/ersattning-host-and-go\/","url":"https:\/\/www.sts-education.com\/se\/vardfamilj\/darfor-ska-ni-bli-vardfamilj\/ersattning-host-and-go\/","name":"Host and Go - f\u00e5 rabatt p\u00e5 utbytes\u00e5ret","isPartOf":{"@id":"https:\/\/www.sts-education.com\/se\/#website"},"primaryImageOfPage":{"@id":"https:\/\/www.sts-education.com\/se\/vardfamilj\/darfor-ska-ni-bli-vardfamilj\/ersattning-host-and-go\/#primaryimage"},"image":{"@id":"https:\/\/www.sts-education.com\/se\/vardfamilj\/darfor-ska-ni-bli-vardfamilj\/ersattning-host-and-go\/#primaryimage"},"thumbnailUrl":"https:\/\/cdn.sts-education.com\/12231_hero_lg_xl.jpg","datePublished":"2019-03-12T10:34:46+00:00","dateModified":"2026-04-03T15:10:00+00:00","description":"F\u00e5 upp till 15 000 kr i Host & Go-rabatt om du blir v\u00e4rdfamilj f\u00f6r en utbytesstudent n\u00e4r ditt barn \u00e5ker p\u00e5 utbytes\u00e5r.","breadcrumb":{"@id":"https:\/\/www.sts-education.com\/se\/vardfamilj\/darfor-ska-ni-bli-vardfamilj\/ersattning-host-and-go\/#breadcrumb"},"inLanguage":"sv-SE","potentialAction":[{"@type":"ReadAction","target":["https:\/\/www.sts-education.com\/se\/vardfamilj\/darfor-ska-ni-bli-vardfamilj\/ersattning-host-and-go\/"]}]},{"@type":"ImageObject","inLanguage":"sv-SE","@id":"https:\/\/www.sts-education.com\/se\/vardfamilj\/darfor-ska-ni-bli-vardfamilj\/ersattning-host-and-go\/#primaryimage","url":"https:\/\/cdn.sts-education.com\/12231_hero_lg_xl.jpg","contentUrl":"https:\/\/cdn.sts-education.com\/12231_hero_lg_xl.jpg"},{"@type":"BreadcrumbList","@id":"https:\/\/www.sts-education.com\/se\/vardfamilj\/darfor-ska-ni-bli-vardfamilj\/ersattning-host-and-go\/#breadcrumb","itemListElement":[{"@type":"ListItem","position":1,"name":"Home","item":"https:\/\/www.sts-education.com\/se\/"},{"@type":"ListItem","position":2,"name":"V\u00e4rdfamilj","item":"https:\/\/www.sts-education.com\/se\/vardfamilj\/"},{"@type":"ListItem","position":3,"name":"D\u00e4rf\u00f6r ska ni bli v\u00e4rdfamilj","item":"https:\/\/www.sts-education.com\/se\/vardfamilj\/darfor-ska-ni-bli-vardfamilj\/"},{"@type":"ListItem","position":4,"name":"Ers\u00e4ttning Host And Go"}]},{"@type":"WebSite","@id":"https:\/\/www.sts-education.com\/se\/#website","url":"https:\/\/www.sts-education.com\/se\/","name":"STS Education","description":"","potentialAction":[{"@type":"SearchAction","target":{"@type":"EntryPoint","urlTemplate":"https:\/\/www.sts-education.com\/se\/?s={search_term_string}"},"query-input":{"@type":"PropertyValueSpecification","valueRequired":true,"valueName":"search_term_string"}}],"inLanguage":"sv-SE"}]}},"_links":{"self":[{"href":"https:\/\/www.sts-education.com\/se\/wp-json\/wp\/v2\/pages\/10262","targetHints":{"allow":["GET"]}}],"collection":[{"href":"https:\/\/www.sts-education.com\/se\/wp-json\/wp\/v2\/pages"}],"about":[{"href":"https:\/\/www.sts-education.com\/se\/wp-json\/wp\/v2\/types\/page"}],"author":[{"embeddable":true,"href":"https:\/\/www.sts-education.com\/se\/wp-json\/wp\/v2\/users\/20"}],"replies":[{"embeddable":true,"href":"https:\/\/www.sts-education.com\/se\/wp-json\/wp\/v2\/comments?post=10262"}],"version-history":[{"count":3,"href":"https:\/\/www.sts-education.com\/se\/wp-json\/wp\/v2\/pages\/10262\/revisions"}],"predecessor-version":[{"id":27930,"href":"https:\/\/www.sts-education.com\/se\/wp-json\/wp\/v2\/pages\/10262\/revisions\/27930"}],"up":[{"embeddable":true,"href":"https:\/\/www.sts-education.com\/se\/wp-json\/wp\/v2\/pages\/27800"}],"wp:attachment":[{"href":"https:\/\/www.sts-education.com\/se\/wp-json\/wp\/v2\/media?parent=10262"}],"wp:term":[{"taxonomy":"wpw_page_folders","embeddable":true,"href":"https:\/\/www.sts-education.com\/se\/wp-json\/wp\/v2\/wpw_page_folders?post=10262"}],"curies":[{"name":"wp","href":"https:\/\/api.w.org\/{rel}","templated":true}]}}