{"id":10263,"date":"2022-05-04T09:43:40","date_gmt":"2022-05-04T09:43:40","guid":{"rendered":"https:\/\/preprod.sts-education.com\/vardfamilj\/darfor-ska-ni-bli-vardfamilj\/informationsmoten\/"},"modified":"2026-04-03T15:09:41","modified_gmt":"2026-04-03T15:09:41","slug":"informationsmoten","status":"publish","type":"page","link":"https:\/\/www.sts-education.com\/se\/vardfamilj\/darfor-ska-ni-bli-vardfamilj\/informationsmoten\/","title":{"rendered":"Informationsm\u00f6ten"},"content":{"rendered":"\n<div class=\"wp-block-sts-text sts-text-editor has-max-width-md\"><div class=\"sts-text-editor__content\"><div class=\"sts-text-editor__content-inner\">\n<h1>F\u00e5 dina svar p\u00e5 ett webinar<\/h1>\n<\/div><\/div><\/div>\n\n\n\n<div class=\"wp-block-sts-text sts-text-editor has-max-width-md\"><div class=\"sts-text-editor__content\"><div class=\"sts-text-editor__content-inner\">\n<p>Funderar du p\u00e5 att \u00f6ppna upp ditt hem som v\u00e4rdfamilj och ta emot en internationell gymnasieelev? Har du fr\u00e5gor och funderingar? Delta i v\u00e5rt webinar och f\u00e5 all fakta du beh\u00f6ver om att vara v\u00e4rdfamilj.<\/p>\n<p>P\u00e5 detta webinar kommer vi att ber\u00e4tta allt om STS, v\u00e5rt v\u00e4rdfamiljsprogram och varf\u00f6r v\u00e4rdskap kan vara det b\u00e4sta du och din familj n\u00e5gonsin har gjort!<\/p>\n<h2>Tr\u00e4ffa oss och en nuvarande v\u00e4rdf\u00f6r\u00e4lder<\/h2>\n<p>Vanligtvis kommer en nuvarande v\u00e4rdf\u00f6r\u00e4lder tillsammans med sin utbytesstudent att delta p\u00e5 v\u00e5rt webinar. De kommer att ber\u00e4tta om sina erfarenheter och tillsammans med oss svara p\u00e5 alla fr\u00e5gor du kan ha. Ibland presenterar vi ocks\u00e5 utbyteselever som vi f\u00f6r n\u00e4rvarande s\u00f6ker v\u00e4rdfamilj till.<\/p>\n<p>Ta med dig din familj och dina sl\u00e4ktingar. Webinaret \u00e4r naturligtvis kostnadsfritt och du binder dig inte till n\u00e5gonting.<\/p>\n<h2>Har du fr\u00e5gor som inte kan v\u00e4nta?<\/h2>\n<p>Tveka inte att ringa oss p\u00e5 0771 &#8211; 20 20 40 eller skicka ett mejl till <a href=\"mailto:host.nordics@sts-education.com\">host.nordics@sts-education.com<\/a><\/p>\n<p>Och kom ih\u00e5g, detta kan vara b\u00f6rjan p\u00e5 en underbar tid i ditt liv!<\/p>\n<h3>Kommande datum:<\/h3>\n<\/div><\/div><\/div>\n\n\n<div class=\"sts-block-cards sts-block-cards--listing is-empty has-max-width-md wp-block-sts-cards\"><\/div>","protected":false},"excerpt":{"rendered":"","protected":false},"author":20,"featured_media":0,"parent":27800,"menu_order":0,"comment_status":"closed","ping_status":"closed","template":"","meta":{"_acf_changed":false,"sts_page_background_color":"","footnotes":""},"wpw_page_folders":[89],"class_list":["post-10263","page","type-page","status-publish","hentry"],"acf":[],"yoast_head":"<!-- This site is optimized with the Yoast SEO Premium plugin v27.2 (Yoast SEO v27.3) - https:\/\/yoast.com\/product\/yoast-seo-premium-wordpress\/ -->\n<title>Bli v\u00e4rdfamilj till en utbytesstudent<\/title>\n<meta name=\"description\" content=\"Fr\u00e5gor om att vara v\u00e4rdfamilj? Delta i v\u00e5rt informationsm\u00f6te och f\u00e5 all fakta du beh\u00f6ver. Vi ber\u00e4ttar allt om STS, v\u00e5rt v\u00e4rdfamiljsprogram och varf\u00f6r v\u00e4rdskap kan vara det b\u00e4sta du och din familj n\u00e5gonsin har gjort!\" \/>\n<meta name=\"robots\" content=\"index, follow, max-snippet:-1, max-image-preview:large, max-video-preview:-1\" \/>\n<link rel=\"canonical\" href=\"https:\/\/www.sts-education.com\/se\/vardfamilj\/darfor-ska-ni-bli-vardfamilj\/informationsmoten\/\" \/>\n<meta property=\"og:locale\" content=\"sv_SE\" \/>\n<meta property=\"og:type\" content=\"article\" \/>\n<meta property=\"og:title\" content=\"Informationsm\u00f6ten\" \/>\n<meta property=\"og:description\" content=\"Fr\u00e5gor om att vara v\u00e4rdfamilj? Delta i v\u00e5rt informationsm\u00f6te och f\u00e5 all fakta du beh\u00f6ver. Vi ber\u00e4ttar allt om STS, v\u00e5rt v\u00e4rdfamiljsprogram och varf\u00f6r v\u00e4rdskap kan vara det b\u00e4sta du och din familj n\u00e5gonsin har gjort!\" \/>\n<meta property=\"og:url\" content=\"https:\/\/www.sts-education.com\/se\/vardfamilj\/darfor-ska-ni-bli-vardfamilj\/informationsmoten\/\" \/>\n<meta property=\"og:site_name\" content=\"STS Education\" \/>\n<meta property=\"article:modified_time\" content=\"2026-04-03T15:09:41+00:00\" \/>\n<meta name=\"twitter:card\" content=\"summary_large_image\" \/>\n<meta name=\"twitter:label1\" content=\"Ber\u00e4knad l\u00e4stid\" \/>\n\t<meta name=\"twitter:data1\" content=\"1 minut\" \/>\n<script type=\"application\/ld+json\" class=\"yoast-schema-graph\">{\"@context\":\"https:\\\/\\\/schema.org\",\"@graph\":[{\"@type\":\"WebPage\",\"@id\":\"https:\\\/\\\/www.sts-education.com\\\/se\\\/vardfamilj\\\/darfor-ska-ni-bli-vardfamilj\\\/informationsmoten\\\/\",\"url\":\"https:\\\/\\\/www.sts-education.com\\\/se\\\/vardfamilj\\\/darfor-ska-ni-bli-vardfamilj\\\/informationsmoten\\\/\",\"name\":\"Bli v\u00e4rdfamilj till en utbytesstudent\",\"isPartOf\":{\"@id\":\"https:\\\/\\\/www.sts-education.com\\\/se\\\/#website\"},\"datePublished\":\"2022-05-04T09:43:40+00:00\",\"dateModified\":\"2026-04-03T15:09:41+00:00\",\"description\":\"Fr\u00e5gor om att vara v\u00e4rdfamilj? Delta i v\u00e5rt informationsm\u00f6te och f\u00e5 all fakta du beh\u00f6ver. Vi ber\u00e4ttar allt om STS, v\u00e5rt v\u00e4rdfamiljsprogram och varf\u00f6r v\u00e4rdskap kan vara det b\u00e4sta du och din familj n\u00e5gonsin har gjort!\",\"breadcrumb\":{\"@id\":\"https:\\\/\\\/www.sts-education.com\\\/se\\\/vardfamilj\\\/darfor-ska-ni-bli-vardfamilj\\\/informationsmoten\\\/#breadcrumb\"},\"inLanguage\":\"sv-SE\",\"potentialAction\":[{\"@type\":\"ReadAction\",\"target\":[\"https:\\\/\\\/www.sts-education.com\\\/se\\\/vardfamilj\\\/darfor-ska-ni-bli-vardfamilj\\\/informationsmoten\\\/\"]}]},{\"@type\":\"BreadcrumbList\",\"@id\":\"https:\\\/\\\/www.sts-education.com\\\/se\\\/vardfamilj\\\/darfor-ska-ni-bli-vardfamilj\\\/informationsmoten\\\/#breadcrumb\",\"itemListElement\":[{\"@type\":\"ListItem\",\"position\":1,\"name\":\"Home\",\"item\":\"https:\\\/\\\/www.sts-education.com\\\/se\\\/\"},{\"@type\":\"ListItem\",\"position\":2,\"name\":\"V\u00e4rdfamilj\",\"item\":\"https:\\\/\\\/www.sts-education.com\\\/se\\\/vardfamilj\\\/\"},{\"@type\":\"ListItem\",\"position\":3,\"name\":\"D\u00e4rf\u00f6r ska ni bli v\u00e4rdfamilj\",\"item\":\"https:\\\/\\\/www.sts-education.com\\\/se\\\/vardfamilj\\\/darfor-ska-ni-bli-vardfamilj\\\/\"},{\"@type\":\"ListItem\",\"position\":4,\"name\":\"Informationsm\u00f6ten\"}]},{\"@type\":\"WebSite\",\"@id\":\"https:\\\/\\\/www.sts-education.com\\\/se\\\/#website\",\"url\":\"https:\\\/\\\/www.sts-education.com\\\/se\\\/\",\"name\":\"STS Education\",\"description\":\"\",\"potentialAction\":[{\"@type\":\"SearchAction\",\"target\":{\"@type\":\"EntryPoint\",\"urlTemplate\":\"https:\\\/\\\/www.sts-education.com\\\/se\\\/?s={search_term_string}\"},\"query-input\":{\"@type\":\"PropertyValueSpecification\",\"valueRequired\":true,\"valueName\":\"search_term_string\"}}],\"inLanguage\":\"sv-SE\"}]}<\/script>\n<!-- \/ Yoast SEO Premium plugin. -->","yoast_head_json":{"title":"Bli v\u00e4rdfamilj till en utbytesstudent","description":"Fr\u00e5gor om att vara v\u00e4rdfamilj? Delta i v\u00e5rt informationsm\u00f6te och f\u00e5 all fakta du beh\u00f6ver. Vi ber\u00e4ttar allt om STS, v\u00e5rt v\u00e4rdfamiljsprogram och varf\u00f6r v\u00e4rdskap kan vara det b\u00e4sta du och din familj n\u00e5gonsin har gjort!","robots":{"index":"index","follow":"follow","max-snippet":"max-snippet:-1","max-image-preview":"max-image-preview:large","max-video-preview":"max-video-preview:-1"},"canonical":"https:\/\/www.sts-education.com\/se\/vardfamilj\/darfor-ska-ni-bli-vardfamilj\/informationsmoten\/","og_locale":"sv_SE","og_type":"article","og_title":"Informationsm\u00f6ten","og_description":"Fr\u00e5gor om att vara v\u00e4rdfamilj? Delta i v\u00e5rt informationsm\u00f6te och f\u00e5 all fakta du beh\u00f6ver. Vi ber\u00e4ttar allt om STS, v\u00e5rt v\u00e4rdfamiljsprogram och varf\u00f6r v\u00e4rdskap kan vara det b\u00e4sta du och din familj n\u00e5gonsin har gjort!","og_url":"https:\/\/www.sts-education.com\/se\/vardfamilj\/darfor-ska-ni-bli-vardfamilj\/informationsmoten\/","og_site_name":"STS Education","article_modified_time":"2026-04-03T15:09:41+00:00","twitter_card":"summary_large_image","twitter_misc":{"Ber\u00e4knad l\u00e4stid":"1 minut"},"schema":{"@context":"https:\/\/schema.org","@graph":[{"@type":"WebPage","@id":"https:\/\/www.sts-education.com\/se\/vardfamilj\/darfor-ska-ni-bli-vardfamilj\/informationsmoten\/","url":"https:\/\/www.sts-education.com\/se\/vardfamilj\/darfor-ska-ni-bli-vardfamilj\/informationsmoten\/","name":"Bli v\u00e4rdfamilj till en utbytesstudent","isPartOf":{"@id":"https:\/\/www.sts-education.com\/se\/#website"},"datePublished":"2022-05-04T09:43:40+00:00","dateModified":"2026-04-03T15:09:41+00:00","description":"Fr\u00e5gor om att vara v\u00e4rdfamilj? Delta i v\u00e5rt informationsm\u00f6te och f\u00e5 all fakta du beh\u00f6ver. Vi ber\u00e4ttar allt om STS, v\u00e5rt v\u00e4rdfamiljsprogram och varf\u00f6r v\u00e4rdskap kan vara det b\u00e4sta du och din familj n\u00e5gonsin har gjort!","breadcrumb":{"@id":"https:\/\/www.sts-education.com\/se\/vardfamilj\/darfor-ska-ni-bli-vardfamilj\/informationsmoten\/#breadcrumb"},"inLanguage":"sv-SE","potentialAction":[{"@type":"ReadAction","target":["https:\/\/www.sts-education.com\/se\/vardfamilj\/darfor-ska-ni-bli-vardfamilj\/informationsmoten\/"]}]},{"@type":"BreadcrumbList","@id":"https:\/\/www.sts-education.com\/se\/vardfamilj\/darfor-ska-ni-bli-vardfamilj\/informationsmoten\/#breadcrumb","itemListElement":[{"@type":"ListItem","position":1,"name":"Home","item":"https:\/\/www.sts-education.com\/se\/"},{"@type":"ListItem","position":2,"name":"V\u00e4rdfamilj","item":"https:\/\/www.sts-education.com\/se\/vardfamilj\/"},{"@type":"ListItem","position":3,"name":"D\u00e4rf\u00f6r ska ni bli v\u00e4rdfamilj","item":"https:\/\/www.sts-education.com\/se\/vardfamilj\/darfor-ska-ni-bli-vardfamilj\/"},{"@type":"ListItem","position":4,"name":"Informationsm\u00f6ten"}]},{"@type":"WebSite","@id":"https:\/\/www.sts-education.com\/se\/#website","url":"https:\/\/www.sts-education.com\/se\/","name":"STS Education","description":"","potentialAction":[{"@type":"SearchAction","target":{"@type":"EntryPoint","urlTemplate":"https:\/\/www.sts-education.com\/se\/?s={search_term_string}"},"query-input":{"@type":"PropertyValueSpecification","valueRequired":true,"valueName":"search_term_string"}}],"inLanguage":"sv-SE"}]}},"_links":{"self":[{"href":"https:\/\/www.sts-education.com\/se\/wp-json\/wp\/v2\/pages\/10263","targetHints":{"allow":["GET"]}}],"collection":[{"href":"https:\/\/www.sts-education.com\/se\/wp-json\/wp\/v2\/pages"}],"about":[{"href":"https:\/\/www.sts-education.com\/se\/wp-json\/wp\/v2\/types\/page"}],"author":[{"embeddable":true,"href":"https:\/\/www.sts-education.com\/se\/wp-json\/wp\/v2\/users\/20"}],"replies":[{"embeddable":true,"href":"https:\/\/www.sts-education.com\/se\/wp-json\/wp\/v2\/comments?post=10263"}],"version-history":[{"count":4,"href":"https:\/\/www.sts-education.com\/se\/wp-json\/wp\/v2\/pages\/10263\/revisions"}],"predecessor-version":[{"id":27928,"href":"https:\/\/www.sts-education.com\/se\/wp-json\/wp\/v2\/pages\/10263\/revisions\/27928"}],"up":[{"embeddable":true,"href":"https:\/\/www.sts-education.com\/se\/wp-json\/wp\/v2\/pages\/27800"}],"wp:attachment":[{"href":"https:\/\/www.sts-education.com\/se\/wp-json\/wp\/v2\/media?parent=10263"}],"wp:term":[{"taxonomy":"wpw_page_folders","embeddable":true,"href":"https:\/\/www.sts-education.com\/se\/wp-json\/wp\/v2\/wpw_page_folders?post=10263"}],"curies":[{"name":"wp","href":"https:\/\/api.w.org\/{rel}","templated":true}]}}