{"id":10264,"date":"2019-03-12T09:49:45","date_gmt":"2019-03-12T09:49:45","guid":{"rendered":"https:\/\/preprod.sts-education.com\/vardfamilj\/darfor-ska-ni-bli-vardfamilj\/intresseanmalan\/"},"modified":"2026-04-15T09:45:03","modified_gmt":"2026-04-15T09:45:03","slug":"intresseanmalan","status":"publish","type":"page","link":"https:\/\/www.sts-education.com\/se\/vardfamilj\/darfor-ska-ni-bli-vardfamilj\/intresseanmalan\/","title":{"rendered":"Intresseanm\u00e4lan"},"content":{"rendered":"\n<div class=\"wp-block-sts-text sts-text-editor has-max-width-md\"><div class=\"sts-text-editor__content\"><div class=\"sts-text-editor__content-inner\">\n<h1>Intresseanm\u00e4lan<\/h1>\n<\/div><\/div><\/div>\n\n\n\n<div class=\"wp-block-sts-text sts-text-editor has-max-width-md\"><div class=\"sts-text-editor__content\"><div class=\"sts-text-editor__content-inner\">\n<p>\u00c4r du intresserad av att vara v\u00e4rdfamilj \u00e5r v\u00e5ra utbyteselever? Skicka d\u00e5 in din intresseanm\u00e4lan om att bli v\u00e4rdfamilj s\u00e5 kontaktar vi dig med mer information. B\u00e5de om hur det fungerar samt ger dig information om v\u00e5ra studenter som kommer till oss under h\u00f6sten eller v\u00e5ren. Anm\u00e4l dig g\u00e4rna ocks\u00e5 till v\u00e5ra <a href=\"\/se\/vardfamilj\/darfor-ska-ni-bli-vardfamilj\/informationsmoten\/\">informationsm\u00f6ten<\/a> d\u00e4r vi ber\u00e4ttar allt om hur det \u00e4r att vara v\u00e4rdfamilj.<\/p>\n<p>Sj\u00e4lvklart \u00e4r intresseanm\u00e4lan inte bindande!<\/p>\n<\/div><\/div><\/div>\n\n\n<div class=\"wpw-iframe\" data-wpw-form-id=\"2\" data-wpw-log-form=\"2\" data-wpw-iframes-geo=\"1\" data-wpw-log=\"1\" data-wpw-log-name=\"Host family interest\" data-wpw-log-url=\"https:\/\/forms.zohopublic.com\/culturalexchangeservices\/form\/B2B2226HostFamilyapplicationsOthersCETUSA\/formperma\/rrzZUQ9UJUWhv1IETP2311tbhMLzHUIpzlKA4w0bMho?lead_page_url=https%3A%2F%2Fwww.sts-education.com%2Fse%2Fwp-json%2Fwp%2Fv2%2Fpages%2F10264&amp;lead_page_domain=www.sts-education.com&amp;lead_page_path=%2Fse%2Fwp-json%2Fwp%2Fv2%2Fpages%2F10264\" data-wpw-same-domain-redirect=\"1\" data-wpw-iframe-deferred=\"1\" data-wpw-iframe-props=\"{&quot;class&quot;:&quot;wpw-iframe__iframe&quot;,&quot;title&quot;:&quot;Host family interest&quot;,&quot;loading&quot;:&quot;lazy&quot;,&quot;style&quot;:&quot;width:100%;height:674px;&quot;,&quot;frameborder&quot;:&quot;0&quot;,&quot;sandbox&quot;:&quot;allow-forms allow-scripts allow-same-origin allow-top-navigation-by-user-activation&quot;,&quot;referrerpolicy&quot;:&quot;strict-origin-when-cross-origin&quot;,&quot;src&quot;:&quot;https:\\\/\\\/forms.zohopublic.com\\\/culturalexchangeservices\\\/form\\\/B2B2226HostFamilyapplicationsOthersCETUSA\\\/formperma\\\/rrzZUQ9UJUWhv1IETP2311tbhMLzHUIpzlKA4w0bMho?lead_page_url=https%3A%2F%2Fwww.sts-education.com%2Fse%2Fwp-json%2Fwp%2Fv2%2Fpages%2F10264&amp;lead_page_domain=www.sts-education.com&amp;lead_page_path=%2Fse%2Fwp-json%2Fwp%2Fv2%2Fpages%2F10264&quot;,&quot;data-wpw-log-form&quot;:&quot;2&quot;,&quot;data-wpw-log-name&quot;:&quot;Host family interest&quot;,&quot;data-wpw-log-url&quot;:&quot;https:\\\/\\\/forms.zohopublic.com\\\/culturalexchangeservices\\\/form\\\/B2B2226HostFamilyapplicationsOthersCETUSA\\\/formperma\\\/rrzZUQ9UJUWhv1IETP2311tbhMLzHUIpzlKA4w0bMho?lead_page_url=https%3A%2F%2Fwww.sts-education.com%2Fse%2Fwp-json%2Fwp%2Fv2%2Fpages%2F10264&amp;lead_page_domain=www.sts-education.com&amp;lead_page_path=%2Fse%2Fwp-json%2Fwp%2Fv2%2Fpages%2F10264&quot;}\" data-wpw-iframe-probe=\"1\" data-wpw-log-deferred=\"1\" data-wpw-geo-context=\"{&quot;geotargeting&quot;:1,&quot;match&quot;:null,&quot;rule&quot;:null,&quot;params&quot;:[],&quot;param_keys&quot;:{&quot;country&quot;:&quot;Country&quot;,&quot;lang&quot;:&quot;zf_lang&quot;},&quot;ip_required&quot;:true,&quot;ip_apply&quot;:true,&quot;redirect_enabled&quot;:0}\" data-wpw-error-html=\"PGRpdiBjbGFzcz0id3B3LWlmcmFtZV9fZXJyb3IiIHJvbGU9ImFsZXJ0Ij5Tb21ldGhpbmcgd2VudCB3cm9uZyBhbmQgd2UgY291bGQgbm90IGxvYWQgdGhpcyBmb3JtLiBQbGVhc2UgdHJ5IGFnYWluIGluIGEgbW9tZW50IG9yIGNvbnRhY3QgdGhlIHNpdGUgYWRtaW5pc3RyYXRvciBhdCA8YSBocmVmPSJtYWlsdG86YWxla3NhbmRlci5sdXJpZUBjb250cmFjdG9yLmVkdWNhdGl1cy5vcmciIGNsYXNzPSJ3cHctaWZyYW1lX19lcnJvci1saW5rIj5hbGVrc2FuZGVyLmx1cmllQGNvbnRyYWN0b3IuZWR1Y2F0aXVzLm9yZzwvYT48L2Rpdj4=\"><div class=\"wpw-iframe__loader\" role=\"status\" aria-live=\"polite\" style=\"width:100%;height:674px;\"><span class=\"wpw-iframe__loader-spinner\" aria-hidden=\"true\"><\/span><span class=\"wpw-iframe__loader-text\">Loading form&#8230;<\/span><\/div><\/div>","protected":false},"excerpt":{"rendered":"","protected":false},"author":20,"featured_media":0,"parent":27800,"menu_order":0,"comment_status":"closed","ping_status":"closed","template":"","meta":{"_acf_changed":false,"sts_page_background_color":"","footnotes":""},"wpw_page_folders":[89],"class_list":["post-10264","page","type-page","status-publish","hentry"],"acf":[],"yoast_head":"<!-- This site is optimized with the Yoast SEO Premium plugin v27.2 (Yoast SEO v27.3) - https:\/\/yoast.com\/product\/yoast-seo-premium-wordpress\/ -->\n<title>Intresseanm\u00e4lan<\/title>\n<meta name=\"robots\" content=\"index, follow, max-snippet:-1, max-image-preview:large, max-video-preview:-1\" \/>\n<link rel=\"canonical\" href=\"https:\/\/www.sts-education.com\/se\/vardfamilj\/darfor-ska-ni-bli-vardfamilj\/intresseanmalan\/\" \/>\n<meta property=\"og:locale\" content=\"sv_SE\" \/>\n<meta property=\"og:type\" content=\"article\" \/>\n<meta property=\"og:title\" content=\"Intresseanm\u00e4lan\" \/>\n<meta property=\"og:url\" content=\"https:\/\/www.sts-education.com\/se\/vardfamilj\/darfor-ska-ni-bli-vardfamilj\/intresseanmalan\/\" \/>\n<meta property=\"og:site_name\" content=\"STS Education\" \/>\n<meta property=\"article:modified_time\" content=\"2026-04-15T09:45:03+00:00\" \/>\n<meta name=\"twitter:card\" content=\"summary_large_image\" \/>\n<meta name=\"twitter:label1\" content=\"Ber\u00e4knad l\u00e4stid\" \/>\n\t<meta name=\"twitter:data1\" content=\"1 minut\" \/>\n<script type=\"application\/ld+json\" class=\"yoast-schema-graph\">{\"@context\":\"https:\\\/\\\/schema.org\",\"@graph\":[{\"@type\":\"WebPage\",\"@id\":\"https:\\\/\\\/www.sts-education.com\\\/se\\\/vardfamilj\\\/darfor-ska-ni-bli-vardfamilj\\\/intresseanmalan\\\/\",\"url\":\"https:\\\/\\\/www.sts-education.com\\\/se\\\/vardfamilj\\\/darfor-ska-ni-bli-vardfamilj\\\/intresseanmalan\\\/\",\"name\":\"Intresseanm\u00e4lan\",\"isPartOf\":{\"@id\":\"https:\\\/\\\/www.sts-education.com\\\/se\\\/#website\"},\"datePublished\":\"2019-03-12T09:49:45+00:00\",\"dateModified\":\"2026-04-15T09:45:03+00:00\",\"breadcrumb\":{\"@id\":\"https:\\\/\\\/www.sts-education.com\\\/se\\\/vardfamilj\\\/darfor-ska-ni-bli-vardfamilj\\\/intresseanmalan\\\/#breadcrumb\"},\"inLanguage\":\"sv-SE\",\"potentialAction\":[{\"@type\":\"ReadAction\",\"target\":[\"https:\\\/\\\/www.sts-education.com\\\/se\\\/vardfamilj\\\/darfor-ska-ni-bli-vardfamilj\\\/intresseanmalan\\\/\"]}]},{\"@type\":\"BreadcrumbList\",\"@id\":\"https:\\\/\\\/www.sts-education.com\\\/se\\\/vardfamilj\\\/darfor-ska-ni-bli-vardfamilj\\\/intresseanmalan\\\/#breadcrumb\",\"itemListElement\":[{\"@type\":\"ListItem\",\"position\":1,\"name\":\"Home\",\"item\":\"https:\\\/\\\/www.sts-education.com\\\/se\\\/\"},{\"@type\":\"ListItem\",\"position\":2,\"name\":\"V\u00e4rdfamilj\",\"item\":\"https:\\\/\\\/www.sts-education.com\\\/se\\\/vardfamilj\\\/\"},{\"@type\":\"ListItem\",\"position\":3,\"name\":\"D\u00e4rf\u00f6r ska ni bli v\u00e4rdfamilj\",\"item\":\"https:\\\/\\\/www.sts-education.com\\\/se\\\/vardfamilj\\\/darfor-ska-ni-bli-vardfamilj\\\/\"},{\"@type\":\"ListItem\",\"position\":4,\"name\":\"Intresseanm\u00e4lan\"}]},{\"@type\":\"WebSite\",\"@id\":\"https:\\\/\\\/www.sts-education.com\\\/se\\\/#website\",\"url\":\"https:\\\/\\\/www.sts-education.com\\\/se\\\/\",\"name\":\"STS Education\",\"description\":\"\",\"potentialAction\":[{\"@type\":\"SearchAction\",\"target\":{\"@type\":\"EntryPoint\",\"urlTemplate\":\"https:\\\/\\\/www.sts-education.com\\\/se\\\/?s={search_term_string}\"},\"query-input\":{\"@type\":\"PropertyValueSpecification\",\"valueRequired\":true,\"valueName\":\"search_term_string\"}}],\"inLanguage\":\"sv-SE\"}]}<\/script>\n<!-- \/ Yoast SEO Premium plugin. -->","yoast_head_json":{"title":"Intresseanm\u00e4lan","robots":{"index":"index","follow":"follow","max-snippet":"max-snippet:-1","max-image-preview":"max-image-preview:large","max-video-preview":"max-video-preview:-1"},"canonical":"https:\/\/www.sts-education.com\/se\/vardfamilj\/darfor-ska-ni-bli-vardfamilj\/intresseanmalan\/","og_locale":"sv_SE","og_type":"article","og_title":"Intresseanm\u00e4lan","og_url":"https:\/\/www.sts-education.com\/se\/vardfamilj\/darfor-ska-ni-bli-vardfamilj\/intresseanmalan\/","og_site_name":"STS Education","article_modified_time":"2026-04-15T09:45:03+00:00","twitter_card":"summary_large_image","twitter_misc":{"Ber\u00e4knad l\u00e4stid":"1 minut"},"schema":{"@context":"https:\/\/schema.org","@graph":[{"@type":"WebPage","@id":"https:\/\/www.sts-education.com\/se\/vardfamilj\/darfor-ska-ni-bli-vardfamilj\/intresseanmalan\/","url":"https:\/\/www.sts-education.com\/se\/vardfamilj\/darfor-ska-ni-bli-vardfamilj\/intresseanmalan\/","name":"Intresseanm\u00e4lan","isPartOf":{"@id":"https:\/\/www.sts-education.com\/se\/#website"},"datePublished":"2019-03-12T09:49:45+00:00","dateModified":"2026-04-15T09:45:03+00:00","breadcrumb":{"@id":"https:\/\/www.sts-education.com\/se\/vardfamilj\/darfor-ska-ni-bli-vardfamilj\/intresseanmalan\/#breadcrumb"},"inLanguage":"sv-SE","potentialAction":[{"@type":"ReadAction","target":["https:\/\/www.sts-education.com\/se\/vardfamilj\/darfor-ska-ni-bli-vardfamilj\/intresseanmalan\/"]}]},{"@type":"BreadcrumbList","@id":"https:\/\/www.sts-education.com\/se\/vardfamilj\/darfor-ska-ni-bli-vardfamilj\/intresseanmalan\/#breadcrumb","itemListElement":[{"@type":"ListItem","position":1,"name":"Home","item":"https:\/\/www.sts-education.com\/se\/"},{"@type":"ListItem","position":2,"name":"V\u00e4rdfamilj","item":"https:\/\/www.sts-education.com\/se\/vardfamilj\/"},{"@type":"ListItem","position":3,"name":"D\u00e4rf\u00f6r ska ni bli v\u00e4rdfamilj","item":"https:\/\/www.sts-education.com\/se\/vardfamilj\/darfor-ska-ni-bli-vardfamilj\/"},{"@type":"ListItem","position":4,"name":"Intresseanm\u00e4lan"}]},{"@type":"WebSite","@id":"https:\/\/www.sts-education.com\/se\/#website","url":"https:\/\/www.sts-education.com\/se\/","name":"STS Education","description":"","potentialAction":[{"@type":"SearchAction","target":{"@type":"EntryPoint","urlTemplate":"https:\/\/www.sts-education.com\/se\/?s={search_term_string}"},"query-input":{"@type":"PropertyValueSpecification","valueRequired":true,"valueName":"search_term_string"}}],"inLanguage":"sv-SE"}]}},"_links":{"self":[{"href":"https:\/\/www.sts-education.com\/se\/wp-json\/wp\/v2\/pages\/10264","targetHints":{"allow":["GET"]}}],"collection":[{"href":"https:\/\/www.sts-education.com\/se\/wp-json\/wp\/v2\/pages"}],"about":[{"href":"https:\/\/www.sts-education.com\/se\/wp-json\/wp\/v2\/types\/page"}],"author":[{"embeddable":true,"href":"https:\/\/www.sts-education.com\/se\/wp-json\/wp\/v2\/users\/20"}],"replies":[{"embeddable":true,"href":"https:\/\/www.sts-education.com\/se\/wp-json\/wp\/v2\/comments?post=10264"}],"version-history":[{"count":5,"href":"https:\/\/www.sts-education.com\/se\/wp-json\/wp\/v2\/pages\/10264\/revisions"}],"predecessor-version":[{"id":35815,"href":"https:\/\/www.sts-education.com\/se\/wp-json\/wp\/v2\/pages\/10264\/revisions\/35815"}],"up":[{"embeddable":true,"href":"https:\/\/www.sts-education.com\/se\/wp-json\/wp\/v2\/pages\/27800"}],"wp:attachment":[{"href":"https:\/\/www.sts-education.com\/se\/wp-json\/wp\/v2\/media?parent=10264"}],"wp:term":[{"taxonomy":"wpw_page_folders","embeddable":true,"href":"https:\/\/www.sts-education.com\/se\/wp-json\/wp\/v2\/wpw_page_folders?post=10264"}],"curies":[{"name":"wp","href":"https:\/\/api.w.org\/{rel}","templated":true}]}}