{"id":10265,"date":"2019-03-12T10:29:24","date_gmt":"2019-03-12T10:29:24","guid":{"rendered":"https:\/\/preprod.sts-education.com\/vardfamilj\/darfor-ska-ni-bli-vardfamilj\/steg-for-steg-att-bli-vardfamilj\/"},"modified":"2026-04-15T09:45:02","modified_gmt":"2026-04-15T09:45:02","slug":"steg-for-steg-att-bli-vardfamilj","status":"publish","type":"page","link":"https:\/\/www.sts-education.com\/se\/vardfamilj\/darfor-ska-ni-bli-vardfamilj\/steg-for-steg-att-bli-vardfamilj\/","title":{"rendered":"Steg f\u00f6r steg att bli v\u00e4rdfamilj"},"content":{"rendered":"\n<section class=\"wp-block-sts-hero sts-block-hero sts-block-hero is-variant-full-background has-text-light has-background-media\" style=\"--sts-hero-padding-mobile:0px;--sts-hero-padding-desktop:0px;--sts-hero-text-color:var(--wp--preset--color--base-10, #fff)\" data-variant=\"full-background\"><div class=\"sts-block-hero__background\"><picture class=\"sts-responsive-image has-pos-center is-skeleton\"><img src=\"https:\/\/cdn.sts-education.com\/12665_hero_lg_xl.jpg\" alt=\"Steg f\u00f6r steg \u2013 att bli v\u00e4rdfamilj\" loading=\"lazy\" decoding=\"async\" fetchpriority=\"low\" sizes=\"(max-width: 640px) max(100vw, calc(clamp(320px, 100vh, 720px) * 9 \/ 16)), (max-width: 840px) max(100vw, calc(clamp(320px, 100vh, 720px) * 1 \/ 1)), max(100vw, calc(clamp(320px, 100vh, 720px) * 16 \/ 9))\" style=\"object-position:center\"\/><\/picture><span class=\"sts-block-hero__overlay\" aria-hidden=\"true\"><\/span><\/div><div class=\"sts-block-hero__inner\"><div class=\"sts-block-hero__content has-align-center\"><div class=\"sts-block-hero__content-inner\"><h1 class=\"sts-block-hero__heading\">Steg f\u00f6r steg \u2013 att bli v\u00e4rdfamilj<\/h1><\/div><\/div><\/div><\/section>\n\n\n\n<div class=\"wp-block-sts-text sts-text-editor has-max-width-md\"><div class=\"sts-text-editor__content\"><div class=\"sts-text-editor__content-inner\">\n<ol>\n<li><strong>Anm\u00e4l ditt intresse<\/strong><br \/>Fyll i en <a href=\"\/se\/vardfamilj\/darfor-ska-ni-bli-vardfamilj\/intresseanmalan\/\">intresseanm\u00e4lan<\/a> \u2013 den \u00e4r inte p\u00e5 n\u00e5got s\u00e4tt bindande!<\/li>\n<li><strong>Vi kontaktar dig<\/strong><br \/>Vi kontaktar dig, ber\u00e4ttar mer om att hur det fungerar att vara v\u00e4rdfamilj, svarar p\u00e5 dina fr\u00e5gor samt g\u00f6r en kortare intervju. D\u00e4r efter matchar vi dig med n\u00e5gra av v\u00e5ra elever med era intressen och preferenser som underlag. Du kommer f\u00e5 ta del av information om v\u00e5ra elever och f\u00e5r chansen att v\u00e4lja vilken elev just ni vill ta emot.<\/li>\n<li><strong>Hembes\u00f6k<\/strong><br \/>N\u00e4r ni valt elev kommer er lokala representant hem till er och ber\u00e4ttar mer om att vara v\u00e4rdfamilj och ni f\u00e5r sj\u00e4lvklart m\u00f6jligheten att st\u00e4lla fr\u00e5gor kring utbyteselever och hur det \u00e4r att vara v\u00e4rdfamilj. Er lokala representant finns d\u00e4r f\u00f6r b\u00e5de familjen och eleven under hela utbytesperioden.<\/li>\n<li><strong>L\u00e4r k\u00e4nna er utbyteselev<\/strong><br \/>N\u00e4r ni best\u00e4mt er f\u00f6r vilken elev ni vill v\u00e4lkomna g\u00f6r ni en v\u00e4rdfamiljsans\u00f6kan och kopplas ihop med er student. N\u00e4r ans\u00f6kan \u00e4r godk\u00e4nd f\u00e5r ni varandras kontaktuppgifter och ni kan b\u00f6rja l\u00e4ra k\u00e4nna varandra redan innan utbytesprogrammet b\u00f6rjar.<\/li>\n<li><strong>Nu b\u00f6rjar \u00e4ventyret<\/strong><br \/>Nu kan ni b\u00f6rja f\u00f6rbereda er och b\u00f6rja njuta av den sp\u00e4nnande tiden ni har framf\u00f6r er. Vi p\u00e5 STS organiserar allt kring studentens resa och utbyte i \u00f6vrig, s\u00e5som flygbiljetter, skolplats och f\u00f6rs\u00e4kring.<\/li>\n<\/ol>\n<p>Har du ett barn hemma som vill \u00e5ka p\u00e5 utbytes\u00e5r? Ta del av v\u00e5r <a href=\"\/se\/vardfamilj\/darfor-ska-ni-bli-vardfamilj\/ersattning-host-and-go\/\">Host &amp; Go<\/a> d\u00e4r ni f\u00e5r upp till 15 000 kr i rabatt p\u00e5 ditt barns utbytes\u00e5r om ni samtidigt blir v\u00e4rdfamilj \u00e5t en annan utbytesstudent!<\/p>\n<\/div><\/div><\/div>\n","protected":false},"excerpt":{"rendered":"","protected":false},"author":20,"featured_media":0,"parent":27800,"menu_order":0,"comment_status":"closed","ping_status":"closed","template":"","meta":{"_acf_changed":false,"sts_page_background_color":"","footnotes":""},"wpw_page_folders":[89],"class_list":["post-10265","page","type-page","status-publish","hentry"],"acf":[],"yoast_head":"<!-- This site is optimized with the Yoast SEO Premium plugin v27.2 (Yoast SEO v27.3) - https:\/\/yoast.com\/product\/yoast-seo-premium-wordpress\/ -->\n<title>Steg f\u00f6r steg \u2013 att bli v\u00e4rdfamilj<\/title>\n<meta name=\"description\" content=\"Hur blir man v\u00e4rdfamilj? Fyll i v\u00e5r intresseanm\u00e4lan \u2013 den \u00e4r inte p\u00e5 n\u00e5got s\u00e4tt bindande s\u00e5 kontaktar vi dig med mer information.\" \/>\n<meta name=\"robots\" content=\"index, follow, max-snippet:-1, max-image-preview:large, max-video-preview:-1\" \/>\n<link rel=\"canonical\" href=\"https:\/\/www.sts-education.com\/se\/vardfamilj\/darfor-ska-ni-bli-vardfamilj\/steg-for-steg-att-bli-vardfamilj\/\" \/>\n<meta property=\"og:locale\" content=\"sv_SE\" \/>\n<meta property=\"og:type\" content=\"article\" \/>\n<meta property=\"og:title\" content=\"Steg f\u00f6r steg att bli v\u00e4rdfamilj\" \/>\n<meta property=\"og:description\" content=\"Hur blir man v\u00e4rdfamilj? Fyll i v\u00e5r intresseanm\u00e4lan \u2013 den \u00e4r inte p\u00e5 n\u00e5got s\u00e4tt bindande s\u00e5 kontaktar vi dig med mer information.\" \/>\n<meta property=\"og:url\" content=\"https:\/\/www.sts-education.com\/se\/vardfamilj\/darfor-ska-ni-bli-vardfamilj\/steg-for-steg-att-bli-vardfamilj\/\" \/>\n<meta property=\"og:site_name\" content=\"STS Education\" \/>\n<meta property=\"article:modified_time\" content=\"2026-04-15T09:45:02+00:00\" \/>\n<meta property=\"og:image\" content=\"https:\/\/cdn.sts-education.com\/12665_hero_lg_xl.jpg\" \/>\n<meta name=\"twitter:card\" content=\"summary_large_image\" \/>\n<meta name=\"twitter:label1\" content=\"Ber\u00e4knad l\u00e4stid\" \/>\n\t<meta name=\"twitter:data1\" content=\"2 minuter\" \/>\n<script type=\"application\/ld+json\" class=\"yoast-schema-graph\">{\"@context\":\"https:\\\/\\\/schema.org\",\"@graph\":[{\"@type\":\"WebPage\",\"@id\":\"https:\\\/\\\/www.sts-education.com\\\/se\\\/vardfamilj\\\/darfor-ska-ni-bli-vardfamilj\\\/steg-for-steg-att-bli-vardfamilj\\\/\",\"url\":\"https:\\\/\\\/www.sts-education.com\\\/se\\\/vardfamilj\\\/darfor-ska-ni-bli-vardfamilj\\\/steg-for-steg-att-bli-vardfamilj\\\/\",\"name\":\"Steg f\u00f6r steg \u2013 att bli v\u00e4rdfamilj\",\"isPartOf\":{\"@id\":\"https:\\\/\\\/www.sts-education.com\\\/se\\\/#website\"},\"primaryImageOfPage\":{\"@id\":\"https:\\\/\\\/www.sts-education.com\\\/se\\\/vardfamilj\\\/darfor-ska-ni-bli-vardfamilj\\\/steg-for-steg-att-bli-vardfamilj\\\/#primaryimage\"},\"image\":{\"@id\":\"https:\\\/\\\/www.sts-education.com\\\/se\\\/vardfamilj\\\/darfor-ska-ni-bli-vardfamilj\\\/steg-for-steg-att-bli-vardfamilj\\\/#primaryimage\"},\"thumbnailUrl\":\"https:\\\/\\\/cdn.sts-education.com\\\/12665_hero_lg_xl.jpg\",\"datePublished\":\"2019-03-12T10:29:24+00:00\",\"dateModified\":\"2026-04-15T09:45:02+00:00\",\"description\":\"Hur blir man v\u00e4rdfamilj? Fyll i v\u00e5r intresseanm\u00e4lan \u2013 den \u00e4r inte p\u00e5 n\u00e5got s\u00e4tt bindande s\u00e5 kontaktar vi dig med mer information.\",\"breadcrumb\":{\"@id\":\"https:\\\/\\\/www.sts-education.com\\\/se\\\/vardfamilj\\\/darfor-ska-ni-bli-vardfamilj\\\/steg-for-steg-att-bli-vardfamilj\\\/#breadcrumb\"},\"inLanguage\":\"sv-SE\",\"potentialAction\":[{\"@type\":\"ReadAction\",\"target\":[\"https:\\\/\\\/www.sts-education.com\\\/se\\\/vardfamilj\\\/darfor-ska-ni-bli-vardfamilj\\\/steg-for-steg-att-bli-vardfamilj\\\/\"]}]},{\"@type\":\"ImageObject\",\"inLanguage\":\"sv-SE\",\"@id\":\"https:\\\/\\\/www.sts-education.com\\\/se\\\/vardfamilj\\\/darfor-ska-ni-bli-vardfamilj\\\/steg-for-steg-att-bli-vardfamilj\\\/#primaryimage\",\"url\":\"https:\\\/\\\/cdn.sts-education.com\\\/12665_hero_lg_xl.jpg\",\"contentUrl\":\"https:\\\/\\\/cdn.sts-education.com\\\/12665_hero_lg_xl.jpg\"},{\"@type\":\"BreadcrumbList\",\"@id\":\"https:\\\/\\\/www.sts-education.com\\\/se\\\/vardfamilj\\\/darfor-ska-ni-bli-vardfamilj\\\/steg-for-steg-att-bli-vardfamilj\\\/#breadcrumb\",\"itemListElement\":[{\"@type\":\"ListItem\",\"position\":1,\"name\":\"Home\",\"item\":\"https:\\\/\\\/www.sts-education.com\\\/se\\\/\"},{\"@type\":\"ListItem\",\"position\":2,\"name\":\"V\u00e4rdfamilj\",\"item\":\"https:\\\/\\\/www.sts-education.com\\\/se\\\/vardfamilj\\\/\"},{\"@type\":\"ListItem\",\"position\":3,\"name\":\"D\u00e4rf\u00f6r ska ni bli v\u00e4rdfamilj\",\"item\":\"https:\\\/\\\/www.sts-education.com\\\/se\\\/vardfamilj\\\/darfor-ska-ni-bli-vardfamilj\\\/\"},{\"@type\":\"ListItem\",\"position\":4,\"name\":\"Steg f\u00f6r steg att bli v\u00e4rdfamilj\"}]},{\"@type\":\"WebSite\",\"@id\":\"https:\\\/\\\/www.sts-education.com\\\/se\\\/#website\",\"url\":\"https:\\\/\\\/www.sts-education.com\\\/se\\\/\",\"name\":\"STS Education\",\"description\":\"\",\"potentialAction\":[{\"@type\":\"SearchAction\",\"target\":{\"@type\":\"EntryPoint\",\"urlTemplate\":\"https:\\\/\\\/www.sts-education.com\\\/se\\\/?s={search_term_string}\"},\"query-input\":{\"@type\":\"PropertyValueSpecification\",\"valueRequired\":true,\"valueName\":\"search_term_string\"}}],\"inLanguage\":\"sv-SE\"}]}<\/script>\n<!-- \/ Yoast SEO Premium plugin. -->","yoast_head_json":{"title":"Steg f\u00f6r steg \u2013 att bli v\u00e4rdfamilj","description":"Hur blir man v\u00e4rdfamilj? Fyll i v\u00e5r intresseanm\u00e4lan \u2013 den \u00e4r inte p\u00e5 n\u00e5got s\u00e4tt bindande s\u00e5 kontaktar vi dig med mer information.","robots":{"index":"index","follow":"follow","max-snippet":"max-snippet:-1","max-image-preview":"max-image-preview:large","max-video-preview":"max-video-preview:-1"},"canonical":"https:\/\/www.sts-education.com\/se\/vardfamilj\/darfor-ska-ni-bli-vardfamilj\/steg-for-steg-att-bli-vardfamilj\/","og_locale":"sv_SE","og_type":"article","og_title":"Steg f\u00f6r steg att bli v\u00e4rdfamilj","og_description":"Hur blir man v\u00e4rdfamilj? Fyll i v\u00e5r intresseanm\u00e4lan \u2013 den \u00e4r inte p\u00e5 n\u00e5got s\u00e4tt bindande s\u00e5 kontaktar vi dig med mer information.","og_url":"https:\/\/www.sts-education.com\/se\/vardfamilj\/darfor-ska-ni-bli-vardfamilj\/steg-for-steg-att-bli-vardfamilj\/","og_site_name":"STS Education","article_modified_time":"2026-04-15T09:45:02+00:00","og_image":[{"url":"https:\/\/cdn.sts-education.com\/12665_hero_lg_xl.jpg","type":"","width":"","height":""}],"twitter_card":"summary_large_image","twitter_misc":{"Ber\u00e4knad l\u00e4stid":"2 minuter"},"schema":{"@context":"https:\/\/schema.org","@graph":[{"@type":"WebPage","@id":"https:\/\/www.sts-education.com\/se\/vardfamilj\/darfor-ska-ni-bli-vardfamilj\/steg-for-steg-att-bli-vardfamilj\/","url":"https:\/\/www.sts-education.com\/se\/vardfamilj\/darfor-ska-ni-bli-vardfamilj\/steg-for-steg-att-bli-vardfamilj\/","name":"Steg f\u00f6r steg \u2013 att bli v\u00e4rdfamilj","isPartOf":{"@id":"https:\/\/www.sts-education.com\/se\/#website"},"primaryImageOfPage":{"@id":"https:\/\/www.sts-education.com\/se\/vardfamilj\/darfor-ska-ni-bli-vardfamilj\/steg-for-steg-att-bli-vardfamilj\/#primaryimage"},"image":{"@id":"https:\/\/www.sts-education.com\/se\/vardfamilj\/darfor-ska-ni-bli-vardfamilj\/steg-for-steg-att-bli-vardfamilj\/#primaryimage"},"thumbnailUrl":"https:\/\/cdn.sts-education.com\/12665_hero_lg_xl.jpg","datePublished":"2019-03-12T10:29:24+00:00","dateModified":"2026-04-15T09:45:02+00:00","description":"Hur blir man v\u00e4rdfamilj? Fyll i v\u00e5r intresseanm\u00e4lan \u2013 den \u00e4r inte p\u00e5 n\u00e5got s\u00e4tt bindande s\u00e5 kontaktar vi dig med mer information.","breadcrumb":{"@id":"https:\/\/www.sts-education.com\/se\/vardfamilj\/darfor-ska-ni-bli-vardfamilj\/steg-for-steg-att-bli-vardfamilj\/#breadcrumb"},"inLanguage":"sv-SE","potentialAction":[{"@type":"ReadAction","target":["https:\/\/www.sts-education.com\/se\/vardfamilj\/darfor-ska-ni-bli-vardfamilj\/steg-for-steg-att-bli-vardfamilj\/"]}]},{"@type":"ImageObject","inLanguage":"sv-SE","@id":"https:\/\/www.sts-education.com\/se\/vardfamilj\/darfor-ska-ni-bli-vardfamilj\/steg-for-steg-att-bli-vardfamilj\/#primaryimage","url":"https:\/\/cdn.sts-education.com\/12665_hero_lg_xl.jpg","contentUrl":"https:\/\/cdn.sts-education.com\/12665_hero_lg_xl.jpg"},{"@type":"BreadcrumbList","@id":"https:\/\/www.sts-education.com\/se\/vardfamilj\/darfor-ska-ni-bli-vardfamilj\/steg-for-steg-att-bli-vardfamilj\/#breadcrumb","itemListElement":[{"@type":"ListItem","position":1,"name":"Home","item":"https:\/\/www.sts-education.com\/se\/"},{"@type":"ListItem","position":2,"name":"V\u00e4rdfamilj","item":"https:\/\/www.sts-education.com\/se\/vardfamilj\/"},{"@type":"ListItem","position":3,"name":"D\u00e4rf\u00f6r ska ni bli v\u00e4rdfamilj","item":"https:\/\/www.sts-education.com\/se\/vardfamilj\/darfor-ska-ni-bli-vardfamilj\/"},{"@type":"ListItem","position":4,"name":"Steg f\u00f6r steg att bli v\u00e4rdfamilj"}]},{"@type":"WebSite","@id":"https:\/\/www.sts-education.com\/se\/#website","url":"https:\/\/www.sts-education.com\/se\/","name":"STS Education","description":"","potentialAction":[{"@type":"SearchAction","target":{"@type":"EntryPoint","urlTemplate":"https:\/\/www.sts-education.com\/se\/?s={search_term_string}"},"query-input":{"@type":"PropertyValueSpecification","valueRequired":true,"valueName":"search_term_string"}}],"inLanguage":"sv-SE"}]}},"_links":{"self":[{"href":"https:\/\/www.sts-education.com\/se\/wp-json\/wp\/v2\/pages\/10265","targetHints":{"allow":["GET"]}}],"collection":[{"href":"https:\/\/www.sts-education.com\/se\/wp-json\/wp\/v2\/pages"}],"about":[{"href":"https:\/\/www.sts-education.com\/se\/wp-json\/wp\/v2\/types\/page"}],"author":[{"embeddable":true,"href":"https:\/\/www.sts-education.com\/se\/wp-json\/wp\/v2\/users\/20"}],"replies":[{"embeddable":true,"href":"https:\/\/www.sts-education.com\/se\/wp-json\/wp\/v2\/comments?post=10265"}],"version-history":[{"count":4,"href":"https:\/\/www.sts-education.com\/se\/wp-json\/wp\/v2\/pages\/10265\/revisions"}],"predecessor-version":[{"id":35814,"href":"https:\/\/www.sts-education.com\/se\/wp-json\/wp\/v2\/pages\/10265\/revisions\/35814"}],"up":[{"embeddable":true,"href":"https:\/\/www.sts-education.com\/se\/wp-json\/wp\/v2\/pages\/27800"}],"wp:attachment":[{"href":"https:\/\/www.sts-education.com\/se\/wp-json\/wp\/v2\/media?parent=10265"}],"wp:term":[{"taxonomy":"wpw_page_folders","embeddable":true,"href":"https:\/\/www.sts-education.com\/se\/wp-json\/wp\/v2\/wpw_page_folders?post=10265"}],"curies":[{"name":"wp","href":"https:\/\/api.w.org\/{rel}","templated":true}]}}