{"id":10266,"date":"2019-03-12T10:36:13","date_gmt":"2019-03-12T10:36:13","guid":{"rendered":"https:\/\/preprod.sts-education.com\/vardfamilj\/darfor-ska-ni-bli-vardfamilj\/valkomstfamilj\/"},"modified":"2026-04-15T09:45:01","modified_gmt":"2026-04-15T09:45:01","slug":"valkomstfamilj","status":"publish","type":"page","link":"https:\/\/www.sts-education.com\/se\/vardfamilj\/darfor-ska-ni-bli-vardfamilj\/valkomstfamilj\/","title":{"rendered":"V\u00e4lkomstfamilj"},"content":{"rendered":"\n<section class=\"wp-block-sts-hero sts-block-hero sts-block-hero is-variant-full-background has-text-light has-background-media\" style=\"--sts-hero-padding-mobile:0px;--sts-hero-padding-desktop:0px;--sts-hero-text-color:var(--wp--preset--color--base-10, #fff)\" data-variant=\"full-background\"><div class=\"sts-block-hero__background\"><picture class=\"sts-responsive-image has-pos-center is-skeleton\"><img src=\"https:\/\/cdn.sts-education.com\/13126_hero_lg_xl.jpg\" alt=\"V\u00e4lkomstfamilj eller lokal koordinator\" loading=\"lazy\" decoding=\"async\" fetchpriority=\"low\" sizes=\"(max-width: 640px) max(100vw, calc(clamp(320px, 100vh, 720px) * 9 \/ 16)), (max-width: 840px) max(100vw, calc(clamp(320px, 100vh, 720px) * 1 \/ 1)), max(100vw, calc(clamp(320px, 100vh, 720px) * 16 \/ 9))\" style=\"object-position:center\"\/><\/picture><span class=\"sts-block-hero__overlay\" aria-hidden=\"true\"><\/span><\/div><div class=\"sts-block-hero__inner\"><div class=\"sts-block-hero__content has-align-center\"><div class=\"sts-block-hero__content-inner\"><h1 class=\"sts-block-hero__heading\">V\u00e4lkomstfamilj eller lokal koordinator<\/h1><\/div><\/div><\/div><\/section>\n\n\n\n<div class=\"wp-block-sts-text sts-text-editor has-max-width-md\"><div class=\"sts-text-editor__content\"><div class=\"sts-text-editor__content-inner\">\n<p>Har du aldrig varit v\u00e4rdfamilj eller \u00e4r du nyfiken p\u00e5 att testa f\u00f6r att se hur det \u00e4r? D\u00e5 kan du bli v\u00e4lkomstfamilj! Det inneb\u00e4r att du v\u00e4lkomnar en elev under elevens f\u00f6rsta tid i ditt hemland f\u00f6r en minimumperiod p\u00e5 3 m\u00e5nader. D\u00e4refter flyttar eleven vidare till en annan v\u00e4rdfamilj. Fyll i v\u00e5r <a href=\"\/se\/vardfamilj\/darfor-ska-ni-bli-vardfamilj\/intresseanmalan\/\">intresseanm\u00e4lan<\/a> s\u00e5 kontaktar vi dig f\u00f6r mer information. Sj\u00e4lvklart \u00e4r en intresseanm\u00e4lan inte bindande.<\/p>\n<p>\u00c4r du ist\u00e4llet intresserad av att arbeta som v\u00e5r f\u00f6rl\u00e4ngda arm och vara STS-representant i ditt lokala omr\u00e5de? L\u00e4s mer om att vara <a href=\"\/se\/om-sts\/karriar\/\">lokal koordinator<\/a> hos STS!<\/p>\n<\/div><\/div><\/div>\n","protected":false},"excerpt":{"rendered":"","protected":false},"author":20,"featured_media":0,"parent":27800,"menu_order":0,"comment_status":"closed","ping_status":"closed","template":"","meta":{"_acf_changed":false,"sts_page_background_color":"","footnotes":""},"wpw_page_folders":[89],"class_list":["post-10266","page","type-page","status-publish","hentry"],"acf":[],"yoast_head":"<!-- This site is optimized with the Yoast SEO Premium plugin v27.2 (Yoast SEO v27.3) - https:\/\/yoast.com\/product\/yoast-seo-premium-wordpress\/ -->\n<title>V\u00e4lkomstfamilj<\/title>\n<meta name=\"description\" content=\"Vi p\u00e5 STS s\u00f6ker alltid efter v\u00e4lkomstfamiljer som kan v\u00e4lkomna eleverna under deras f\u00f6rsta tid i Sverige, d\u00e5 under en minimumperiod p\u00e5 3 m\u00e5nader. Detta kan vara en bra b\u00f6rjan om man aldrig varit v\u00e4rdfamilj tidigare eller om man \u00e4r nyfiken p\u00e5 att testa p\u00e5 hur det \u00e4r.\" \/>\n<meta name=\"robots\" content=\"index, follow, max-snippet:-1, max-image-preview:large, max-video-preview:-1\" \/>\n<link rel=\"canonical\" href=\"https:\/\/www.sts-education.com\/se\/vardfamilj\/darfor-ska-ni-bli-vardfamilj\/valkomstfamilj\/\" \/>\n<meta property=\"og:locale\" content=\"sv_SE\" \/>\n<meta property=\"og:type\" content=\"article\" \/>\n<meta property=\"og:title\" content=\"V\u00e4lkomstfamilj\" \/>\n<meta property=\"og:description\" content=\"Vi p\u00e5 STS s\u00f6ker alltid efter v\u00e4lkomstfamiljer som kan v\u00e4lkomna eleverna under deras f\u00f6rsta tid i Sverige, d\u00e5 under en minimumperiod p\u00e5 3 m\u00e5nader. Detta kan vara en bra b\u00f6rjan om man aldrig varit v\u00e4rdfamilj tidigare eller om man \u00e4r nyfiken p\u00e5 att testa p\u00e5 hur det \u00e4r.\" \/>\n<meta property=\"og:url\" content=\"https:\/\/www.sts-education.com\/se\/vardfamilj\/darfor-ska-ni-bli-vardfamilj\/valkomstfamilj\/\" \/>\n<meta property=\"og:site_name\" content=\"STS Education\" \/>\n<meta property=\"article:modified_time\" content=\"2026-04-15T09:45:01+00:00\" \/>\n<meta property=\"og:image\" content=\"https:\/\/cdn.sts-education.com\/13126_hero_lg_xl.jpg\" \/>\n<meta name=\"twitter:card\" content=\"summary_large_image\" \/>\n<meta name=\"twitter:label1\" content=\"Ber\u00e4knad l\u00e4stid\" \/>\n\t<meta name=\"twitter:data1\" content=\"1 minut\" \/>\n<script type=\"application\/ld+json\" class=\"yoast-schema-graph\">{\"@context\":\"https:\\\/\\\/schema.org\",\"@graph\":[{\"@type\":\"WebPage\",\"@id\":\"https:\\\/\\\/www.sts-education.com\\\/se\\\/vardfamilj\\\/darfor-ska-ni-bli-vardfamilj\\\/valkomstfamilj\\\/\",\"url\":\"https:\\\/\\\/www.sts-education.com\\\/se\\\/vardfamilj\\\/darfor-ska-ni-bli-vardfamilj\\\/valkomstfamilj\\\/\",\"name\":\"V\u00e4lkomstfamilj\",\"isPartOf\":{\"@id\":\"https:\\\/\\\/www.sts-education.com\\\/se\\\/#website\"},\"primaryImageOfPage\":{\"@id\":\"https:\\\/\\\/www.sts-education.com\\\/se\\\/vardfamilj\\\/darfor-ska-ni-bli-vardfamilj\\\/valkomstfamilj\\\/#primaryimage\"},\"image\":{\"@id\":\"https:\\\/\\\/www.sts-education.com\\\/se\\\/vardfamilj\\\/darfor-ska-ni-bli-vardfamilj\\\/valkomstfamilj\\\/#primaryimage\"},\"thumbnailUrl\":\"https:\\\/\\\/cdn.sts-education.com\\\/13126_hero_lg_xl.jpg\",\"datePublished\":\"2019-03-12T10:36:13+00:00\",\"dateModified\":\"2026-04-15T09:45:01+00:00\",\"description\":\"Vi p\u00e5 STS s\u00f6ker alltid efter v\u00e4lkomstfamiljer som kan v\u00e4lkomna eleverna under deras f\u00f6rsta tid i Sverige, d\u00e5 under en minimumperiod p\u00e5 3 m\u00e5nader. Detta kan vara en bra b\u00f6rjan om man aldrig varit v\u00e4rdfamilj tidigare eller om man \u00e4r nyfiken p\u00e5 att testa p\u00e5 hur det \u00e4r.\",\"breadcrumb\":{\"@id\":\"https:\\\/\\\/www.sts-education.com\\\/se\\\/vardfamilj\\\/darfor-ska-ni-bli-vardfamilj\\\/valkomstfamilj\\\/#breadcrumb\"},\"inLanguage\":\"sv-SE\",\"potentialAction\":[{\"@type\":\"ReadAction\",\"target\":[\"https:\\\/\\\/www.sts-education.com\\\/se\\\/vardfamilj\\\/darfor-ska-ni-bli-vardfamilj\\\/valkomstfamilj\\\/\"]}]},{\"@type\":\"ImageObject\",\"inLanguage\":\"sv-SE\",\"@id\":\"https:\\\/\\\/www.sts-education.com\\\/se\\\/vardfamilj\\\/darfor-ska-ni-bli-vardfamilj\\\/valkomstfamilj\\\/#primaryimage\",\"url\":\"https:\\\/\\\/cdn.sts-education.com\\\/13126_hero_lg_xl.jpg\",\"contentUrl\":\"https:\\\/\\\/cdn.sts-education.com\\\/13126_hero_lg_xl.jpg\"},{\"@type\":\"BreadcrumbList\",\"@id\":\"https:\\\/\\\/www.sts-education.com\\\/se\\\/vardfamilj\\\/darfor-ska-ni-bli-vardfamilj\\\/valkomstfamilj\\\/#breadcrumb\",\"itemListElement\":[{\"@type\":\"ListItem\",\"position\":1,\"name\":\"Home\",\"item\":\"https:\\\/\\\/www.sts-education.com\\\/se\\\/\"},{\"@type\":\"ListItem\",\"position\":2,\"name\":\"V\u00e4rdfamilj\",\"item\":\"https:\\\/\\\/www.sts-education.com\\\/se\\\/vardfamilj\\\/\"},{\"@type\":\"ListItem\",\"position\":3,\"name\":\"D\u00e4rf\u00f6r ska ni bli v\u00e4rdfamilj\",\"item\":\"https:\\\/\\\/www.sts-education.com\\\/se\\\/vardfamilj\\\/darfor-ska-ni-bli-vardfamilj\\\/\"},{\"@type\":\"ListItem\",\"position\":4,\"name\":\"V\u00e4lkomstfamilj\"}]},{\"@type\":\"WebSite\",\"@id\":\"https:\\\/\\\/www.sts-education.com\\\/se\\\/#website\",\"url\":\"https:\\\/\\\/www.sts-education.com\\\/se\\\/\",\"name\":\"STS Education\",\"description\":\"\",\"potentialAction\":[{\"@type\":\"SearchAction\",\"target\":{\"@type\":\"EntryPoint\",\"urlTemplate\":\"https:\\\/\\\/www.sts-education.com\\\/se\\\/?s={search_term_string}\"},\"query-input\":{\"@type\":\"PropertyValueSpecification\",\"valueRequired\":true,\"valueName\":\"search_term_string\"}}],\"inLanguage\":\"sv-SE\"}]}<\/script>\n<!-- \/ Yoast SEO Premium plugin. -->","yoast_head_json":{"title":"V\u00e4lkomstfamilj","description":"Vi p\u00e5 STS s\u00f6ker alltid efter v\u00e4lkomstfamiljer som kan v\u00e4lkomna eleverna under deras f\u00f6rsta tid i Sverige, d\u00e5 under en minimumperiod p\u00e5 3 m\u00e5nader. Detta kan vara en bra b\u00f6rjan om man aldrig varit v\u00e4rdfamilj tidigare eller om man \u00e4r nyfiken p\u00e5 att testa p\u00e5 hur det \u00e4r.","robots":{"index":"index","follow":"follow","max-snippet":"max-snippet:-1","max-image-preview":"max-image-preview:large","max-video-preview":"max-video-preview:-1"},"canonical":"https:\/\/www.sts-education.com\/se\/vardfamilj\/darfor-ska-ni-bli-vardfamilj\/valkomstfamilj\/","og_locale":"sv_SE","og_type":"article","og_title":"V\u00e4lkomstfamilj","og_description":"Vi p\u00e5 STS s\u00f6ker alltid efter v\u00e4lkomstfamiljer som kan v\u00e4lkomna eleverna under deras f\u00f6rsta tid i Sverige, d\u00e5 under en minimumperiod p\u00e5 3 m\u00e5nader. Detta kan vara en bra b\u00f6rjan om man aldrig varit v\u00e4rdfamilj tidigare eller om man \u00e4r nyfiken p\u00e5 att testa p\u00e5 hur det \u00e4r.","og_url":"https:\/\/www.sts-education.com\/se\/vardfamilj\/darfor-ska-ni-bli-vardfamilj\/valkomstfamilj\/","og_site_name":"STS Education","article_modified_time":"2026-04-15T09:45:01+00:00","og_image":[{"url":"https:\/\/cdn.sts-education.com\/13126_hero_lg_xl.jpg","type":"","width":"","height":""}],"twitter_card":"summary_large_image","twitter_misc":{"Ber\u00e4knad l\u00e4stid":"1 minut"},"schema":{"@context":"https:\/\/schema.org","@graph":[{"@type":"WebPage","@id":"https:\/\/www.sts-education.com\/se\/vardfamilj\/darfor-ska-ni-bli-vardfamilj\/valkomstfamilj\/","url":"https:\/\/www.sts-education.com\/se\/vardfamilj\/darfor-ska-ni-bli-vardfamilj\/valkomstfamilj\/","name":"V\u00e4lkomstfamilj","isPartOf":{"@id":"https:\/\/www.sts-education.com\/se\/#website"},"primaryImageOfPage":{"@id":"https:\/\/www.sts-education.com\/se\/vardfamilj\/darfor-ska-ni-bli-vardfamilj\/valkomstfamilj\/#primaryimage"},"image":{"@id":"https:\/\/www.sts-education.com\/se\/vardfamilj\/darfor-ska-ni-bli-vardfamilj\/valkomstfamilj\/#primaryimage"},"thumbnailUrl":"https:\/\/cdn.sts-education.com\/13126_hero_lg_xl.jpg","datePublished":"2019-03-12T10:36:13+00:00","dateModified":"2026-04-15T09:45:01+00:00","description":"Vi p\u00e5 STS s\u00f6ker alltid efter v\u00e4lkomstfamiljer som kan v\u00e4lkomna eleverna under deras f\u00f6rsta tid i Sverige, d\u00e5 under en minimumperiod p\u00e5 3 m\u00e5nader. Detta kan vara en bra b\u00f6rjan om man aldrig varit v\u00e4rdfamilj tidigare eller om man \u00e4r nyfiken p\u00e5 att testa p\u00e5 hur det \u00e4r.","breadcrumb":{"@id":"https:\/\/www.sts-education.com\/se\/vardfamilj\/darfor-ska-ni-bli-vardfamilj\/valkomstfamilj\/#breadcrumb"},"inLanguage":"sv-SE","potentialAction":[{"@type":"ReadAction","target":["https:\/\/www.sts-education.com\/se\/vardfamilj\/darfor-ska-ni-bli-vardfamilj\/valkomstfamilj\/"]}]},{"@type":"ImageObject","inLanguage":"sv-SE","@id":"https:\/\/www.sts-education.com\/se\/vardfamilj\/darfor-ska-ni-bli-vardfamilj\/valkomstfamilj\/#primaryimage","url":"https:\/\/cdn.sts-education.com\/13126_hero_lg_xl.jpg","contentUrl":"https:\/\/cdn.sts-education.com\/13126_hero_lg_xl.jpg"},{"@type":"BreadcrumbList","@id":"https:\/\/www.sts-education.com\/se\/vardfamilj\/darfor-ska-ni-bli-vardfamilj\/valkomstfamilj\/#breadcrumb","itemListElement":[{"@type":"ListItem","position":1,"name":"Home","item":"https:\/\/www.sts-education.com\/se\/"},{"@type":"ListItem","position":2,"name":"V\u00e4rdfamilj","item":"https:\/\/www.sts-education.com\/se\/vardfamilj\/"},{"@type":"ListItem","position":3,"name":"D\u00e4rf\u00f6r ska ni bli v\u00e4rdfamilj","item":"https:\/\/www.sts-education.com\/se\/vardfamilj\/darfor-ska-ni-bli-vardfamilj\/"},{"@type":"ListItem","position":4,"name":"V\u00e4lkomstfamilj"}]},{"@type":"WebSite","@id":"https:\/\/www.sts-education.com\/se\/#website","url":"https:\/\/www.sts-education.com\/se\/","name":"STS Education","description":"","potentialAction":[{"@type":"SearchAction","target":{"@type":"EntryPoint","urlTemplate":"https:\/\/www.sts-education.com\/se\/?s={search_term_string}"},"query-input":{"@type":"PropertyValueSpecification","valueRequired":true,"valueName":"search_term_string"}}],"inLanguage":"sv-SE"}]}},"_links":{"self":[{"href":"https:\/\/www.sts-education.com\/se\/wp-json\/wp\/v2\/pages\/10266","targetHints":{"allow":["GET"]}}],"collection":[{"href":"https:\/\/www.sts-education.com\/se\/wp-json\/wp\/v2\/pages"}],"about":[{"href":"https:\/\/www.sts-education.com\/se\/wp-json\/wp\/v2\/types\/page"}],"author":[{"embeddable":true,"href":"https:\/\/www.sts-education.com\/se\/wp-json\/wp\/v2\/users\/20"}],"replies":[{"embeddable":true,"href":"https:\/\/www.sts-education.com\/se\/wp-json\/wp\/v2\/comments?post=10266"}],"version-history":[{"count":5,"href":"https:\/\/www.sts-education.com\/se\/wp-json\/wp\/v2\/pages\/10266\/revisions"}],"predecessor-version":[{"id":35813,"href":"https:\/\/www.sts-education.com\/se\/wp-json\/wp\/v2\/pages\/10266\/revisions\/35813"}],"up":[{"embeddable":true,"href":"https:\/\/www.sts-education.com\/se\/wp-json\/wp\/v2\/pages\/27800"}],"wp:attachment":[{"href":"https:\/\/www.sts-education.com\/se\/wp-json\/wp\/v2\/media?parent=10266"}],"wp:term":[{"taxonomy":"wpw_page_folders","embeddable":true,"href":"https:\/\/www.sts-education.com\/se\/wp-json\/wp\/v2\/wpw_page_folders?post=10266"}],"curies":[{"name":"wp","href":"https:\/\/api.w.org\/{rel}","templated":true}]}}