{"id":10283,"date":"2023-06-19T12:31:28","date_gmt":"2023-06-19T12:31:28","guid":{"rendered":"https:\/\/preprod.sts-education.com\/vardfamilj\/family-stories\/tidigare-vardfamiljer-berattar\/familjen-ahlqwist\/"},"modified":"2026-04-03T15:15:46","modified_gmt":"2026-04-03T15:15:46","slug":"familjen-ahlqwist","status":"publish","type":"page","link":"https:\/\/www.sts-education.com\/se\/vardfamilj\/family-stories\/tidigare-vardfamiljer-berattar\/familjen-ahlqwist\/","title":{"rendered":"Familjen Ahlqwist"},"content":{"rendered":"\n<div class=\"wp-block-sts-text sts-text-editor has-max-width-md\"><div class=\"sts-text-editor__content\"><div class=\"sts-text-editor__content-inner\">\n<h1>Det \u00e4r inspirerande att f\u00e5 f\u00f6rtroendet fr\u00e5n en annan familj<\/h1>\n<\/div><\/div><\/div>\n\n\n\n<div class=\"wp-block-sts-text sts-text-editor has-max-width-md\"><div class=\"sts-text-editor__content\"><div class=\"sts-text-editor__content-inner\">\n<p><em>Familjen Ahlqwist fr\u00e5n Sverige har varit v\u00e4rdfamilj f\u00f6r fyra studenter fr\u00e5n Italien, USA och Japan.<\/em><\/p>\n<\/div><\/div><\/div>\n\n\n\n<figure class=\"wp-block-sts-image sts-block-image sts-block-image--count-1 has-max-width-md\" data-count=\"1\"><div class=\"sts-block-image__grid\"><div class=\"sts-block-image__item\"><picture class=\"sts-responsive-image has-fit-cover has-pos-top is-skeleton\"><img src=\"https:\/\/cdn.sts-education.com\/12790_hero_md.jpg\" alt=\"Det \u00e4r inspirerande att f\u00e5 f\u00f6rtroendet fr\u00e5n en annan familj\" loading=\"lazy\" decoding=\"async\" fetchpriority=\"low\" sizes=\"(max-width: 736px) 100vw, 736px\" style=\"object-position:top\"\/><\/picture><\/div><\/div><\/figure>\n\n\n\n<div class=\"wp-block-sts-text sts-text-editor has-max-width-md\"><div class=\"sts-text-editor__content\"><div class=\"sts-text-editor__content-inner\">\n<p>&quot;Att vara v\u00e4rdfamilj \u00e4r inspirerande och ger ett best\u00e5ende intryck. Det \u00e4r sp\u00e4nnande och l\u00e4rorikt f\u00f6r hela familjen. Alla i familjen f\u00e5r nya perspektiv och en v\u00e4n f\u00f6r livet. Vi har varit v\u00e4rdfamilj fyra g\u00e5nger: Matteo fr\u00e5n Italien och tre tjejer fr\u00e5n USA, Italien och Japan.<\/p>\n<p>Det har varit fantastiskt att uppleva hur dessa ungdomar utvecklats spr\u00e5kligt, skolm\u00e4ssigt och socialt och hur de tar till sig v\u00e5r kultur. Vi diskuterade ofta skillnader och likheter, politik och sociala strukturer och alla i familjen l\u00e4rde sig av det.<\/p>\n<p>Att f\u00e5 en ny familjemedlem \u00e4r en stor f\u00f6r\u00e4ndring i sig, men vi f\u00f6rs\u00f6kte att inte \u00e4ndra v\u00e5rt s\u00e4tt att leva. Det kan ibland k\u00e4nnas utmanande f\u00f6r en ung m\u00e4nniska att komma in i en ny milj\u00f6, men det \u00e4r en del av charmen: att anta utmaningen och v\u00e4xa i processen.<\/p>\n<p>Det \u00e4r ocks\u00e5 otroligt inspirerande att f\u00e5 f\u00f6rtroendet fr\u00e5n en annan familj som har anf\u00f6rtrott oss sitt barn.&quot;<\/p>\n<\/div><\/div><\/div>\n","protected":false},"excerpt":{"rendered":"","protected":false},"author":20,"featured_media":0,"parent":10268,"menu_order":0,"comment_status":"closed","ping_status":"closed","template":"","meta":{"_acf_changed":false,"sts_page_background_color":"","footnotes":""},"wpw_page_folders":[528],"class_list":["post-10283","page","type-page","status-publish","hentry"],"acf":[],"yoast_head":"<!-- This site is optimized with the Yoast SEO Premium plugin v27.2 (Yoast SEO v27.2) - https:\/\/yoast.com\/product\/yoast-seo-premium-wordpress\/ -->\n<title>Familjen Ahlqwist<\/title>\n<meta name=\"robots\" content=\"index, follow, max-snippet:-1, max-image-preview:large, max-video-preview:-1\" \/>\n<link rel=\"canonical\" href=\"https:\/\/www.sts-education.com\/se\/vardfamilj\/family-stories\/tidigare-vardfamiljer-berattar\/familjen-ahlqwist\/\" \/>\n<meta property=\"og:locale\" content=\"sv_SE\" \/>\n<meta property=\"og:type\" content=\"article\" \/>\n<meta property=\"og:title\" content=\"Familjen Ahlqwist\" \/>\n<meta property=\"og:url\" content=\"https:\/\/www.sts-education.com\/se\/vardfamilj\/family-stories\/tidigare-vardfamiljer-berattar\/familjen-ahlqwist\/\" \/>\n<meta property=\"og:site_name\" content=\"STS Education\" \/>\n<meta property=\"article:modified_time\" content=\"2026-04-03T15:15:46+00:00\" \/>\n<meta property=\"og:image\" content=\"https:\/\/cdn.sts-education.com\/12790_hero_md.jpg\" \/>\n<meta name=\"twitter:card\" content=\"summary_large_image\" \/>\n<meta name=\"twitter:label1\" content=\"Ber\u00e4knad l\u00e4stid\" \/>\n\t<meta name=\"twitter:data1\" content=\"1 minut\" \/>\n<script type=\"application\/ld+json\" class=\"yoast-schema-graph\">{\"@context\":\"https:\/\/schema.org\",\"@graph\":[{\"@type\":\"WebPage\",\"@id\":\"https:\/\/www.sts-education.com\/se\/vardfamilj\/family-stories\/tidigare-vardfamiljer-berattar\/familjen-ahlqwist\/\",\"url\":\"https:\/\/www.sts-education.com\/se\/vardfamilj\/family-stories\/tidigare-vardfamiljer-berattar\/familjen-ahlqwist\/\",\"name\":\"Familjen Ahlqwist\",\"isPartOf\":{\"@id\":\"https:\/\/www.sts-education.com\/se\/#website\"},\"primaryImageOfPage\":{\"@id\":\"https:\/\/www.sts-education.com\/se\/vardfamilj\/family-stories\/tidigare-vardfamiljer-berattar\/familjen-ahlqwist\/#primaryimage\"},\"image\":{\"@id\":\"https:\/\/www.sts-education.com\/se\/vardfamilj\/family-stories\/tidigare-vardfamiljer-berattar\/familjen-ahlqwist\/#primaryimage\"},\"thumbnailUrl\":\"https:\/\/cdn.sts-education.com\/12790_hero_md.jpg\",\"datePublished\":\"2023-06-19T12:31:28+00:00\",\"dateModified\":\"2026-04-03T15:15:46+00:00\",\"breadcrumb\":{\"@id\":\"https:\/\/www.sts-education.com\/se\/vardfamilj\/family-stories\/tidigare-vardfamiljer-berattar\/familjen-ahlqwist\/#breadcrumb\"},\"inLanguage\":\"sv-SE\",\"potentialAction\":[{\"@type\":\"ReadAction\",\"target\":[\"https:\/\/www.sts-education.com\/se\/vardfamilj\/family-stories\/tidigare-vardfamiljer-berattar\/familjen-ahlqwist\/\"]}]},{\"@type\":\"ImageObject\",\"inLanguage\":\"sv-SE\",\"@id\":\"https:\/\/www.sts-education.com\/se\/vardfamilj\/family-stories\/tidigare-vardfamiljer-berattar\/familjen-ahlqwist\/#primaryimage\",\"url\":\"https:\/\/cdn.sts-education.com\/12790_hero_md.jpg\",\"contentUrl\":\"https:\/\/cdn.sts-education.com\/12790_hero_md.jpg\"},{\"@type\":\"BreadcrumbList\",\"@id\":\"https:\/\/www.sts-education.com\/se\/vardfamilj\/family-stories\/tidigare-vardfamiljer-berattar\/familjen-ahlqwist\/#breadcrumb\",\"itemListElement\":[{\"@type\":\"ListItem\",\"position\":1,\"name\":\"Home\",\"item\":\"https:\/\/www.sts-education.com\/se\/\"},{\"@type\":\"ListItem\",\"position\":2,\"name\":\"Vardfamilj\",\"item\":\"https:\/\/www.sts-education.com\/se\/vardfamilj\/\"},{\"@type\":\"ListItem\",\"position\":3,\"name\":\"Family stories\",\"item\":\"https:\/\/www.sts-education.com\/se\/vardfamilj\/family-stories\/\"},{\"@type\":\"ListItem\",\"position\":4,\"name\":\"Tidigare v\u00e4rdfamiljer ber\u00e4ttar\",\"item\":\"https:\/\/www.sts-education.com\/se\/vardfamilj\/family-stories\/tidigare-vardfamiljer-berattar\/\"},{\"@type\":\"ListItem\",\"position\":5,\"name\":\"Familjen Ahlqwist\"}]},{\"@type\":\"WebSite\",\"@id\":\"https:\/\/www.sts-education.com\/se\/#website\",\"url\":\"https:\/\/www.sts-education.com\/se\/\",\"name\":\"STS Education\",\"description\":\"\",\"potentialAction\":[{\"@type\":\"SearchAction\",\"target\":{\"@type\":\"EntryPoint\",\"urlTemplate\":\"https:\/\/www.sts-education.com\/se\/?s={search_term_string}\"},\"query-input\":{\"@type\":\"PropertyValueSpecification\",\"valueRequired\":true,\"valueName\":\"search_term_string\"}}],\"inLanguage\":\"sv-SE\"}]}<\/script>\n<!-- \/ Yoast SEO Premium plugin. -->","yoast_head_json":{"title":"Familjen Ahlqwist","robots":{"index":"index","follow":"follow","max-snippet":"max-snippet:-1","max-image-preview":"max-image-preview:large","max-video-preview":"max-video-preview:-1"},"canonical":"https:\/\/www.sts-education.com\/se\/vardfamilj\/family-stories\/tidigare-vardfamiljer-berattar\/familjen-ahlqwist\/","og_locale":"sv_SE","og_type":"article","og_title":"Familjen Ahlqwist","og_url":"https:\/\/www.sts-education.com\/se\/vardfamilj\/family-stories\/tidigare-vardfamiljer-berattar\/familjen-ahlqwist\/","og_site_name":"STS Education","article_modified_time":"2026-04-03T15:15:46+00:00","og_image":[{"url":"https:\/\/cdn.sts-education.com\/12790_hero_md.jpg","type":"","width":"","height":""}],"twitter_card":"summary_large_image","twitter_misc":{"Ber\u00e4knad l\u00e4stid":"1 minut"},"schema":{"@context":"https:\/\/schema.org","@graph":[{"@type":"WebPage","@id":"https:\/\/www.sts-education.com\/se\/vardfamilj\/family-stories\/tidigare-vardfamiljer-berattar\/familjen-ahlqwist\/","url":"https:\/\/www.sts-education.com\/se\/vardfamilj\/family-stories\/tidigare-vardfamiljer-berattar\/familjen-ahlqwist\/","name":"Familjen Ahlqwist","isPartOf":{"@id":"https:\/\/www.sts-education.com\/se\/#website"},"primaryImageOfPage":{"@id":"https:\/\/www.sts-education.com\/se\/vardfamilj\/family-stories\/tidigare-vardfamiljer-berattar\/familjen-ahlqwist\/#primaryimage"},"image":{"@id":"https:\/\/www.sts-education.com\/se\/vardfamilj\/family-stories\/tidigare-vardfamiljer-berattar\/familjen-ahlqwist\/#primaryimage"},"thumbnailUrl":"https:\/\/cdn.sts-education.com\/12790_hero_md.jpg","datePublished":"2023-06-19T12:31:28+00:00","dateModified":"2026-04-03T15:15:46+00:00","breadcrumb":{"@id":"https:\/\/www.sts-education.com\/se\/vardfamilj\/family-stories\/tidigare-vardfamiljer-berattar\/familjen-ahlqwist\/#breadcrumb"},"inLanguage":"sv-SE","potentialAction":[{"@type":"ReadAction","target":["https:\/\/www.sts-education.com\/se\/vardfamilj\/family-stories\/tidigare-vardfamiljer-berattar\/familjen-ahlqwist\/"]}]},{"@type":"ImageObject","inLanguage":"sv-SE","@id":"https:\/\/www.sts-education.com\/se\/vardfamilj\/family-stories\/tidigare-vardfamiljer-berattar\/familjen-ahlqwist\/#primaryimage","url":"https:\/\/cdn.sts-education.com\/12790_hero_md.jpg","contentUrl":"https:\/\/cdn.sts-education.com\/12790_hero_md.jpg"},{"@type":"BreadcrumbList","@id":"https:\/\/www.sts-education.com\/se\/vardfamilj\/family-stories\/tidigare-vardfamiljer-berattar\/familjen-ahlqwist\/#breadcrumb","itemListElement":[{"@type":"ListItem","position":1,"name":"Home","item":"https:\/\/www.sts-education.com\/se\/"},{"@type":"ListItem","position":2,"name":"Vardfamilj","item":"https:\/\/www.sts-education.com\/se\/vardfamilj\/"},{"@type":"ListItem","position":3,"name":"Family stories","item":"https:\/\/www.sts-education.com\/se\/vardfamilj\/family-stories\/"},{"@type":"ListItem","position":4,"name":"Tidigare v\u00e4rdfamiljer ber\u00e4ttar","item":"https:\/\/www.sts-education.com\/se\/vardfamilj\/family-stories\/tidigare-vardfamiljer-berattar\/"},{"@type":"ListItem","position":5,"name":"Familjen Ahlqwist"}]},{"@type":"WebSite","@id":"https:\/\/www.sts-education.com\/se\/#website","url":"https:\/\/www.sts-education.com\/se\/","name":"STS Education","description":"","potentialAction":[{"@type":"SearchAction","target":{"@type":"EntryPoint","urlTemplate":"https:\/\/www.sts-education.com\/se\/?s={search_term_string}"},"query-input":{"@type":"PropertyValueSpecification","valueRequired":true,"valueName":"search_term_string"}}],"inLanguage":"sv-SE"}]}},"_links":{"self":[{"href":"https:\/\/www.sts-education.com\/se\/wp-json\/wp\/v2\/pages\/10283","targetHints":{"allow":["GET"]}}],"collection":[{"href":"https:\/\/www.sts-education.com\/se\/wp-json\/wp\/v2\/pages"}],"about":[{"href":"https:\/\/www.sts-education.com\/se\/wp-json\/wp\/v2\/types\/page"}],"author":[{"embeddable":true,"href":"https:\/\/www.sts-education.com\/se\/wp-json\/wp\/v2\/users\/20"}],"replies":[{"embeddable":true,"href":"https:\/\/www.sts-education.com\/se\/wp-json\/wp\/v2\/comments?post=10283"}],"version-history":[{"count":3,"href":"https:\/\/www.sts-education.com\/se\/wp-json\/wp\/v2\/pages\/10283\/revisions"}],"predecessor-version":[{"id":27938,"href":"https:\/\/www.sts-education.com\/se\/wp-json\/wp\/v2\/pages\/10283\/revisions\/27938"}],"up":[{"embeddable":true,"href":"https:\/\/www.sts-education.com\/se\/wp-json\/wp\/v2\/pages\/10268"}],"wp:attachment":[{"href":"https:\/\/www.sts-education.com\/se\/wp-json\/wp\/v2\/media?parent=10283"}],"wp:term":[{"taxonomy":"wpw_page_folders","embeddable":true,"href":"https:\/\/www.sts-education.com\/se\/wp-json\/wp\/v2\/wpw_page_folders?post=10283"}],"curies":[{"name":"wp","href":"https:\/\/api.w.org\/{rel}","templated":true}]}}