{"id":10284,"date":"2023-03-29T07:44:30","date_gmt":"2023-03-29T07:44:30","guid":{"rendered":"https:\/\/preprod.sts-education.com\/vardfamilj\/family-stories\/tidigare-vardfamiljer-berattar\/familjen-petersson\/"},"modified":"2026-04-03T15:15:53","modified_gmt":"2026-04-03T15:15:53","slug":"familjen-petersson","status":"publish","type":"page","link":"https:\/\/www.sts-education.com\/se\/vardfamilj\/family-stories\/tidigare-vardfamiljer-berattar\/familjen-petersson\/","title":{"rendered":"Familjen Petersson"},"content":{"rendered":"\n<div class=\"wp-block-sts-text sts-text-editor has-max-width-md\"><div class=\"sts-text-editor__content\"><div class=\"sts-text-editor__content-inner\">\n<h1>Familjen Petersson \u00e4r v\u00e4rdfamilj f\u00f6r Philip fr\u00e5n Tyskland<\/h1>\n<\/div><\/div><\/div>\n\n\n\n<div class=\"wp-block-sts-text sts-text-editor has-max-width-md\"><div class=\"sts-text-editor__content\"><div class=\"sts-text-editor__content-inner\">\n<p>Att \u00e5ka p\u00e5 ett high school-utbyte inneb\u00e4r att du g\u00e5r p\u00e5 en lokal skola och bor i en lokal v\u00e4rdfamilj i ett annat land. V\u00e4rdfamiljen \u00e4r central f\u00f6r hela upplevelsen. I de flesta fall upplever v\u00e4rdfamiljerna att det \u00e4r oerh\u00f6rt givande och att f\u00f6rh\u00e5llandet mellan v\u00e4rdfamiljen och eleven blir mycket n\u00e4ra och livsl\u00e5ngt. Erika och Stefan Pettersson \u00e4r, tillsammans med deras tre barn Clara 13 \u00e5r, Alice 15 \u00e5r och Edit 17 \u00e5r, v\u00e4rdfamilj f\u00f6r Philip fr\u00e5n Tyskland.<\/p>\n<\/div><\/div><\/div>\n\n\n\n<figure class=\"wp-block-sts-image sts-block-image sts-block-image--count-1 has-max-width-md\" data-count=\"1\"><div class=\"sts-block-image__grid\"><div class=\"sts-block-image__item\"><picture class=\"sts-responsive-image has-fit-cover has-pos-top is-skeleton\"><img src=\"https:\/\/cdn.sts-education.com\/12707_hero_md.jpg\" alt=\"Familjen Petersson \u00e4r v\u00e4rdfamilj f\u00f6r Philip fr\u00e5n Tyskland\" loading=\"lazy\" decoding=\"async\" fetchpriority=\"low\" sizes=\"(max-width: 736px) 100vw, 736px\" style=\"object-position:top\"\/><\/picture><\/div><\/div><\/figure>\n\n\n\n<div class=\"wp-block-sts-text sts-text-editor has-max-width-md\"><div class=\"sts-text-editor__content\"><div class=\"sts-text-editor__content-inner\">\n<p>N\u00e4r Edit, \u00e5kte som utbytesstudent till Texas fick de id\u00e9n att sj\u00e4lva ta emot en utbytesstudent. Stefan ber\u00e4ttar:<\/p>\n<p>\u201eRedan efter en vecka har vi f\u00e5tt en ny syn p\u00e5 Sverige och hur vi g\u00f6r. Man f\u00e5r ett annat perspektiv p\u00e5 saker och l\u00e4r sig mycket om sig sj\u00e4lv. Det blir en ny dynamik i familjen, men det har varit v\u00e4ldigt odramatiskt. Philip sm\u00e4lter in i familjen. Vi hj\u00e4lps \u00e5t med matlagning, st\u00e4dning och tv\u00e4tt. Clara, som vill l\u00e4ra sig tyska, tycker det \u00e4r toppen och jag har \u00e4ntligen f\u00e5tt n\u00e5gon som f\u00f6ljer med p\u00e5 l\u00f6prundan.\u201c<\/p>\n<h2>Philip &#8211; nu en lokal k\u00e4ndis<\/h2>\n<p>STS-studenten Philip fr\u00e5n Tyskland, som \u00e4r p\u00e5 utbyte i Vallda, \u00e4r nu en k\u00e4ndis sedan lokaltidningen Norra Halland publicerade en intervju med honom. Philip ber\u00e4ttar om sin v\u00e4rdfamilj och sin skola: &quot;Jag har en underbar v\u00e4rdfamilj med tre syskon, tv\u00e5 katter, tv\u00e5 kaniner och ett akvarium. Jag gillar att familjelivet \u00e4r lite livligt, i Tyskland \u00e4r jag enda barnet. I skolan \u00e4r l\u00e4rarna entusiastiska och eleverna tycker faktiskt om att g\u00e5 till skolan. Jag gillar att man f\u00e5r en egen dator. Jag var lite nerv\u00f6s i b\u00f6rjan, men nu g\u00e5r det bra.&quot; Om v\u00e4dret s\u00e4ger han: &quot;Jag ser fram emot vintern och hoppas p\u00e5 sn\u00f6. Jag skulle g\u00e4rna vilja \u00e5ka skidor!&quot;<\/p>\n<p>Vi \u00f6nskar Philip lycka till och en trevlig resten av utbytet! Tack f\u00f6r att du delar med dig!<\/p>\n<\/div><\/div><\/div>\n","protected":false},"excerpt":{"rendered":"","protected":false},"author":20,"featured_media":0,"parent":10268,"menu_order":0,"comment_status":"closed","ping_status":"closed","template":"","meta":{"_acf_changed":false,"sts_page_background_color":"","footnotes":""},"wpw_page_folders":[528],"class_list":["post-10284","page","type-page","status-publish","hentry"],"acf":[],"yoast_head":"<!-- This site is optimized with the Yoast SEO Premium plugin v27.2 (Yoast SEO v27.2) - https:\/\/yoast.com\/product\/yoast-seo-premium-wordpress\/ -->\n<title>Familjen Petersson<\/title>\n<meta name=\"robots\" content=\"index, follow, max-snippet:-1, max-image-preview:large, max-video-preview:-1\" \/>\n<link rel=\"canonical\" href=\"https:\/\/www.sts-education.com\/se\/vardfamilj\/family-stories\/tidigare-vardfamiljer-berattar\/familjen-petersson\/\" \/>\n<meta property=\"og:locale\" content=\"sv_SE\" \/>\n<meta property=\"og:type\" content=\"article\" \/>\n<meta property=\"og:title\" content=\"Familjen Petersson\" \/>\n<meta property=\"og:url\" content=\"https:\/\/www.sts-education.com\/se\/vardfamilj\/family-stories\/tidigare-vardfamiljer-berattar\/familjen-petersson\/\" \/>\n<meta property=\"og:site_name\" content=\"STS Education\" \/>\n<meta property=\"article:modified_time\" content=\"2026-04-03T15:15:53+00:00\" \/>\n<meta property=\"og:image\" content=\"https:\/\/cdn.sts-education.com\/12707_hero_md.jpg\" \/>\n<meta name=\"twitter:card\" content=\"summary_large_image\" \/>\n<meta name=\"twitter:label1\" content=\"Ber\u00e4knad l\u00e4stid\" \/>\n\t<meta name=\"twitter:data1\" content=\"2 minuter\" \/>\n<script type=\"application\/ld+json\" class=\"yoast-schema-graph\">{\"@context\":\"https:\/\/schema.org\",\"@graph\":[{\"@type\":\"WebPage\",\"@id\":\"https:\/\/www.sts-education.com\/se\/vardfamilj\/family-stories\/tidigare-vardfamiljer-berattar\/familjen-petersson\/\",\"url\":\"https:\/\/www.sts-education.com\/se\/vardfamilj\/family-stories\/tidigare-vardfamiljer-berattar\/familjen-petersson\/\",\"name\":\"Familjen Petersson\",\"isPartOf\":{\"@id\":\"https:\/\/www.sts-education.com\/se\/#website\"},\"primaryImageOfPage\":{\"@id\":\"https:\/\/www.sts-education.com\/se\/vardfamilj\/family-stories\/tidigare-vardfamiljer-berattar\/familjen-petersson\/#primaryimage\"},\"image\":{\"@id\":\"https:\/\/www.sts-education.com\/se\/vardfamilj\/family-stories\/tidigare-vardfamiljer-berattar\/familjen-petersson\/#primaryimage\"},\"thumbnailUrl\":\"https:\/\/cdn.sts-education.com\/12707_hero_md.jpg\",\"datePublished\":\"2023-03-29T07:44:30+00:00\",\"dateModified\":\"2026-04-03T15:15:53+00:00\",\"breadcrumb\":{\"@id\":\"https:\/\/www.sts-education.com\/se\/vardfamilj\/family-stories\/tidigare-vardfamiljer-berattar\/familjen-petersson\/#breadcrumb\"},\"inLanguage\":\"sv-SE\",\"potentialAction\":[{\"@type\":\"ReadAction\",\"target\":[\"https:\/\/www.sts-education.com\/se\/vardfamilj\/family-stories\/tidigare-vardfamiljer-berattar\/familjen-petersson\/\"]}]},{\"@type\":\"ImageObject\",\"inLanguage\":\"sv-SE\",\"@id\":\"https:\/\/www.sts-education.com\/se\/vardfamilj\/family-stories\/tidigare-vardfamiljer-berattar\/familjen-petersson\/#primaryimage\",\"url\":\"https:\/\/cdn.sts-education.com\/12707_hero_md.jpg\",\"contentUrl\":\"https:\/\/cdn.sts-education.com\/12707_hero_md.jpg\"},{\"@type\":\"BreadcrumbList\",\"@id\":\"https:\/\/www.sts-education.com\/se\/vardfamilj\/family-stories\/tidigare-vardfamiljer-berattar\/familjen-petersson\/#breadcrumb\",\"itemListElement\":[{\"@type\":\"ListItem\",\"position\":1,\"name\":\"Home\",\"item\":\"https:\/\/www.sts-education.com\/se\/\"},{\"@type\":\"ListItem\",\"position\":2,\"name\":\"Vardfamilj\",\"item\":\"https:\/\/www.sts-education.com\/se\/vardfamilj\/\"},{\"@type\":\"ListItem\",\"position\":3,\"name\":\"Family stories\",\"item\":\"https:\/\/www.sts-education.com\/se\/vardfamilj\/family-stories\/\"},{\"@type\":\"ListItem\",\"position\":4,\"name\":\"Tidigare v\u00e4rdfamiljer ber\u00e4ttar\",\"item\":\"https:\/\/www.sts-education.com\/se\/vardfamilj\/family-stories\/tidigare-vardfamiljer-berattar\/\"},{\"@type\":\"ListItem\",\"position\":5,\"name\":\"Familjen Petersson\"}]},{\"@type\":\"WebSite\",\"@id\":\"https:\/\/www.sts-education.com\/se\/#website\",\"url\":\"https:\/\/www.sts-education.com\/se\/\",\"name\":\"STS Education\",\"description\":\"\",\"potentialAction\":[{\"@type\":\"SearchAction\",\"target\":{\"@type\":\"EntryPoint\",\"urlTemplate\":\"https:\/\/www.sts-education.com\/se\/?s={search_term_string}\"},\"query-input\":{\"@type\":\"PropertyValueSpecification\",\"valueRequired\":true,\"valueName\":\"search_term_string\"}}],\"inLanguage\":\"sv-SE\"}]}<\/script>\n<!-- \/ Yoast SEO Premium plugin. -->","yoast_head_json":{"title":"Familjen Petersson","robots":{"index":"index","follow":"follow","max-snippet":"max-snippet:-1","max-image-preview":"max-image-preview:large","max-video-preview":"max-video-preview:-1"},"canonical":"https:\/\/www.sts-education.com\/se\/vardfamilj\/family-stories\/tidigare-vardfamiljer-berattar\/familjen-petersson\/","og_locale":"sv_SE","og_type":"article","og_title":"Familjen Petersson","og_url":"https:\/\/www.sts-education.com\/se\/vardfamilj\/family-stories\/tidigare-vardfamiljer-berattar\/familjen-petersson\/","og_site_name":"STS Education","article_modified_time":"2026-04-03T15:15:53+00:00","og_image":[{"url":"https:\/\/cdn.sts-education.com\/12707_hero_md.jpg","type":"","width":"","height":""}],"twitter_card":"summary_large_image","twitter_misc":{"Ber\u00e4knad l\u00e4stid":"2 minuter"},"schema":{"@context":"https:\/\/schema.org","@graph":[{"@type":"WebPage","@id":"https:\/\/www.sts-education.com\/se\/vardfamilj\/family-stories\/tidigare-vardfamiljer-berattar\/familjen-petersson\/","url":"https:\/\/www.sts-education.com\/se\/vardfamilj\/family-stories\/tidigare-vardfamiljer-berattar\/familjen-petersson\/","name":"Familjen Petersson","isPartOf":{"@id":"https:\/\/www.sts-education.com\/se\/#website"},"primaryImageOfPage":{"@id":"https:\/\/www.sts-education.com\/se\/vardfamilj\/family-stories\/tidigare-vardfamiljer-berattar\/familjen-petersson\/#primaryimage"},"image":{"@id":"https:\/\/www.sts-education.com\/se\/vardfamilj\/family-stories\/tidigare-vardfamiljer-berattar\/familjen-petersson\/#primaryimage"},"thumbnailUrl":"https:\/\/cdn.sts-education.com\/12707_hero_md.jpg","datePublished":"2023-03-29T07:44:30+00:00","dateModified":"2026-04-03T15:15:53+00:00","breadcrumb":{"@id":"https:\/\/www.sts-education.com\/se\/vardfamilj\/family-stories\/tidigare-vardfamiljer-berattar\/familjen-petersson\/#breadcrumb"},"inLanguage":"sv-SE","potentialAction":[{"@type":"ReadAction","target":["https:\/\/www.sts-education.com\/se\/vardfamilj\/family-stories\/tidigare-vardfamiljer-berattar\/familjen-petersson\/"]}]},{"@type":"ImageObject","inLanguage":"sv-SE","@id":"https:\/\/www.sts-education.com\/se\/vardfamilj\/family-stories\/tidigare-vardfamiljer-berattar\/familjen-petersson\/#primaryimage","url":"https:\/\/cdn.sts-education.com\/12707_hero_md.jpg","contentUrl":"https:\/\/cdn.sts-education.com\/12707_hero_md.jpg"},{"@type":"BreadcrumbList","@id":"https:\/\/www.sts-education.com\/se\/vardfamilj\/family-stories\/tidigare-vardfamiljer-berattar\/familjen-petersson\/#breadcrumb","itemListElement":[{"@type":"ListItem","position":1,"name":"Home","item":"https:\/\/www.sts-education.com\/se\/"},{"@type":"ListItem","position":2,"name":"Vardfamilj","item":"https:\/\/www.sts-education.com\/se\/vardfamilj\/"},{"@type":"ListItem","position":3,"name":"Family stories","item":"https:\/\/www.sts-education.com\/se\/vardfamilj\/family-stories\/"},{"@type":"ListItem","position":4,"name":"Tidigare v\u00e4rdfamiljer ber\u00e4ttar","item":"https:\/\/www.sts-education.com\/se\/vardfamilj\/family-stories\/tidigare-vardfamiljer-berattar\/"},{"@type":"ListItem","position":5,"name":"Familjen Petersson"}]},{"@type":"WebSite","@id":"https:\/\/www.sts-education.com\/se\/#website","url":"https:\/\/www.sts-education.com\/se\/","name":"STS Education","description":"","potentialAction":[{"@type":"SearchAction","target":{"@type":"EntryPoint","urlTemplate":"https:\/\/www.sts-education.com\/se\/?s={search_term_string}"},"query-input":{"@type":"PropertyValueSpecification","valueRequired":true,"valueName":"search_term_string"}}],"inLanguage":"sv-SE"}]}},"_links":{"self":[{"href":"https:\/\/www.sts-education.com\/se\/wp-json\/wp\/v2\/pages\/10284","targetHints":{"allow":["GET"]}}],"collection":[{"href":"https:\/\/www.sts-education.com\/se\/wp-json\/wp\/v2\/pages"}],"about":[{"href":"https:\/\/www.sts-education.com\/se\/wp-json\/wp\/v2\/types\/page"}],"author":[{"embeddable":true,"href":"https:\/\/www.sts-education.com\/se\/wp-json\/wp\/v2\/users\/20"}],"replies":[{"embeddable":true,"href":"https:\/\/www.sts-education.com\/se\/wp-json\/wp\/v2\/comments?post=10284"}],"version-history":[{"count":3,"href":"https:\/\/www.sts-education.com\/se\/wp-json\/wp\/v2\/pages\/10284\/revisions"}],"predecessor-version":[{"id":27939,"href":"https:\/\/www.sts-education.com\/se\/wp-json\/wp\/v2\/pages\/10284\/revisions\/27939"}],"up":[{"embeddable":true,"href":"https:\/\/www.sts-education.com\/se\/wp-json\/wp\/v2\/pages\/10268"}],"wp:attachment":[{"href":"https:\/\/www.sts-education.com\/se\/wp-json\/wp\/v2\/media?parent=10284"}],"wp:term":[{"taxonomy":"wpw_page_folders","embeddable":true,"href":"https:\/\/www.sts-education.com\/se\/wp-json\/wp\/v2\/wpw_page_folders?post=10284"}],"curies":[{"name":"wp","href":"https:\/\/api.w.org\/{rel}","templated":true}]}}