{"id":10287,"date":"2021-02-11T11:59:32","date_gmt":"2021-02-11T11:59:32","guid":{"rendered":"https:\/\/preprod.sts-education.com\/vardfamilj\/family-stories\/tidigare-vardfamiljer-berattar\/kristiansson-sweden\/"},"modified":"2026-04-03T15:16:14","modified_gmt":"2026-04-03T15:16:14","slug":"kristiansson-sweden","status":"publish","type":"page","link":"https:\/\/www.sts-education.com\/se\/vardfamilj\/family-stories\/tidigare-vardfamiljer-berattar\/kristiansson-sweden\/","title":{"rendered":"Kristiansson Sweden"},"content":{"rendered":"\n<div class=\"wp-block-sts-text sts-text-editor has-max-width-md\"><div class=\"sts-text-editor__content\"><div class=\"sts-text-editor__content-inner\">\n<h1>\u201dDet kan vara lika sp\u00e4nnande att l\u00e5ta en annan kultur komma hem till dig\u201d<\/h1>\n<\/div><\/div><\/div>\n\n\n\n<div class=\"wp-block-sts-text sts-text-editor has-max-width-md\"><div class=\"sts-text-editor__content\"><div class=\"sts-text-editor__content-inner\">\n<p>Vi \u00e4r en familj som tycker det \u00e4r sp\u00e4nnande, roligt och berikande att m\u00f6ta nya m\u00e4nniskor och kulturer. Detta g\u00f6r vi g\u00e4rna under sommaren genom resor till olika delar av v\u00e4rlden. Men nu har vi uppt\u00e4ckt att det kan vara lika sp\u00e4nnande att l\u00e5ta en annan kultur komma hem till dig. Under tv\u00e5 h\u00f6stterminer har vi haft f\u00f6rm\u00e5nen att f\u00e5 v\u00e4lkomna tv\u00e5 tyska utbytesstudenter, Jonas och Felix. Efter dessa erfarenheter kan vi bara ge v\u00e5ra varmaste rekommendationer till andra att v\u00e5ga ta steget att v\u00e4lkomna en annan kultur och medlem till sin familj.<\/p>\n<\/div><\/div><\/div>\n\n","protected":false},"excerpt":{"rendered":"","protected":false},"author":20,"featured_media":0,"parent":10268,"menu_order":0,"comment_status":"closed","ping_status":"closed","template":"","meta":{"_acf_changed":false,"sts_page_background_color":"","footnotes":""},"wpw_page_folders":[528],"class_list":["post-10287","page","type-page","status-publish","hentry"],"acf":[],"yoast_head":"<!-- This site is optimized with the Yoast SEO Premium plugin v27.2 (Yoast SEO v27.2) - https:\/\/yoast.com\/product\/yoast-seo-premium-wordpress\/ -->\n<title>Kristiansson, Sweden<\/title>\n<meta name=\"robots\" content=\"index, follow, max-snippet:-1, max-image-preview:large, max-video-preview:-1\" \/>\n<link rel=\"canonical\" href=\"https:\/\/www.sts-education.com\/se\/vardfamilj\/family-stories\/tidigare-vardfamiljer-berattar\/kristiansson-sweden\/\" \/>\n<meta property=\"og:locale\" content=\"sv_SE\" \/>\n<meta property=\"og:type\" content=\"article\" \/>\n<meta property=\"og:title\" content=\"Kristiansson Sweden\" \/>\n<meta property=\"og:url\" content=\"https:\/\/www.sts-education.com\/se\/vardfamilj\/family-stories\/tidigare-vardfamiljer-berattar\/kristiansson-sweden\/\" \/>\n<meta property=\"og:site_name\" content=\"STS Education\" \/>\n<meta property=\"article:modified_time\" content=\"2026-04-03T15:16:14+00:00\" \/>\n<meta name=\"twitter:card\" content=\"summary_large_image\" \/>\n<meta name=\"twitter:label1\" content=\"Ber\u00e4knad l\u00e4stid\" \/>\n\t<meta name=\"twitter:data1\" content=\"1 minut\" \/>\n<script type=\"application\/ld+json\" class=\"yoast-schema-graph\">{\"@context\":\"https:\/\/schema.org\",\"@graph\":[{\"@type\":\"WebPage\",\"@id\":\"https:\/\/www.sts-education.com\/se\/vardfamilj\/family-stories\/tidigare-vardfamiljer-berattar\/kristiansson-sweden\/\",\"url\":\"https:\/\/www.sts-education.com\/se\/vardfamilj\/family-stories\/tidigare-vardfamiljer-berattar\/kristiansson-sweden\/\",\"name\":\"Kristiansson, Sweden\",\"isPartOf\":{\"@id\":\"https:\/\/www.sts-education.com\/se\/#website\"},\"datePublished\":\"2021-02-11T11:59:32+00:00\",\"dateModified\":\"2026-04-03T15:16:14+00:00\",\"breadcrumb\":{\"@id\":\"https:\/\/www.sts-education.com\/se\/vardfamilj\/family-stories\/tidigare-vardfamiljer-berattar\/kristiansson-sweden\/#breadcrumb\"},\"inLanguage\":\"sv-SE\",\"potentialAction\":[{\"@type\":\"ReadAction\",\"target\":[\"https:\/\/www.sts-education.com\/se\/vardfamilj\/family-stories\/tidigare-vardfamiljer-berattar\/kristiansson-sweden\/\"]}]},{\"@type\":\"BreadcrumbList\",\"@id\":\"https:\/\/www.sts-education.com\/se\/vardfamilj\/family-stories\/tidigare-vardfamiljer-berattar\/kristiansson-sweden\/#breadcrumb\",\"itemListElement\":[{\"@type\":\"ListItem\",\"position\":1,\"name\":\"Home\",\"item\":\"https:\/\/www.sts-education.com\/se\/\"},{\"@type\":\"ListItem\",\"position\":2,\"name\":\"Vardfamilj\",\"item\":\"https:\/\/www.sts-education.com\/se\/vardfamilj\/\"},{\"@type\":\"ListItem\",\"position\":3,\"name\":\"Family stories\",\"item\":\"https:\/\/www.sts-education.com\/se\/vardfamilj\/family-stories\/\"},{\"@type\":\"ListItem\",\"position\":4,\"name\":\"Tidigare v\u00e4rdfamiljer ber\u00e4ttar\",\"item\":\"https:\/\/www.sts-education.com\/se\/vardfamilj\/family-stories\/tidigare-vardfamiljer-berattar\/\"},{\"@type\":\"ListItem\",\"position\":5,\"name\":\"Kristiansson Sweden\"}]},{\"@type\":\"WebSite\",\"@id\":\"https:\/\/www.sts-education.com\/se\/#website\",\"url\":\"https:\/\/www.sts-education.com\/se\/\",\"name\":\"STS Education\",\"description\":\"\",\"potentialAction\":[{\"@type\":\"SearchAction\",\"target\":{\"@type\":\"EntryPoint\",\"urlTemplate\":\"https:\/\/www.sts-education.com\/se\/?s={search_term_string}\"},\"query-input\":{\"@type\":\"PropertyValueSpecification\",\"valueRequired\":true,\"valueName\":\"search_term_string\"}}],\"inLanguage\":\"sv-SE\"}]}<\/script>\n<!-- \/ Yoast SEO Premium plugin. -->","yoast_head_json":{"title":"Kristiansson, Sweden","robots":{"index":"index","follow":"follow","max-snippet":"max-snippet:-1","max-image-preview":"max-image-preview:large","max-video-preview":"max-video-preview:-1"},"canonical":"https:\/\/www.sts-education.com\/se\/vardfamilj\/family-stories\/tidigare-vardfamiljer-berattar\/kristiansson-sweden\/","og_locale":"sv_SE","og_type":"article","og_title":"Kristiansson Sweden","og_url":"https:\/\/www.sts-education.com\/se\/vardfamilj\/family-stories\/tidigare-vardfamiljer-berattar\/kristiansson-sweden\/","og_site_name":"STS Education","article_modified_time":"2026-04-03T15:16:14+00:00","twitter_card":"summary_large_image","twitter_misc":{"Ber\u00e4knad l\u00e4stid":"1 minut"},"schema":{"@context":"https:\/\/schema.org","@graph":[{"@type":"WebPage","@id":"https:\/\/www.sts-education.com\/se\/vardfamilj\/family-stories\/tidigare-vardfamiljer-berattar\/kristiansson-sweden\/","url":"https:\/\/www.sts-education.com\/se\/vardfamilj\/family-stories\/tidigare-vardfamiljer-berattar\/kristiansson-sweden\/","name":"Kristiansson, Sweden","isPartOf":{"@id":"https:\/\/www.sts-education.com\/se\/#website"},"datePublished":"2021-02-11T11:59:32+00:00","dateModified":"2026-04-03T15:16:14+00:00","breadcrumb":{"@id":"https:\/\/www.sts-education.com\/se\/vardfamilj\/family-stories\/tidigare-vardfamiljer-berattar\/kristiansson-sweden\/#breadcrumb"},"inLanguage":"sv-SE","potentialAction":[{"@type":"ReadAction","target":["https:\/\/www.sts-education.com\/se\/vardfamilj\/family-stories\/tidigare-vardfamiljer-berattar\/kristiansson-sweden\/"]}]},{"@type":"BreadcrumbList","@id":"https:\/\/www.sts-education.com\/se\/vardfamilj\/family-stories\/tidigare-vardfamiljer-berattar\/kristiansson-sweden\/#breadcrumb","itemListElement":[{"@type":"ListItem","position":1,"name":"Home","item":"https:\/\/www.sts-education.com\/se\/"},{"@type":"ListItem","position":2,"name":"Vardfamilj","item":"https:\/\/www.sts-education.com\/se\/vardfamilj\/"},{"@type":"ListItem","position":3,"name":"Family stories","item":"https:\/\/www.sts-education.com\/se\/vardfamilj\/family-stories\/"},{"@type":"ListItem","position":4,"name":"Tidigare v\u00e4rdfamiljer ber\u00e4ttar","item":"https:\/\/www.sts-education.com\/se\/vardfamilj\/family-stories\/tidigare-vardfamiljer-berattar\/"},{"@type":"ListItem","position":5,"name":"Kristiansson Sweden"}]},{"@type":"WebSite","@id":"https:\/\/www.sts-education.com\/se\/#website","url":"https:\/\/www.sts-education.com\/se\/","name":"STS Education","description":"","potentialAction":[{"@type":"SearchAction","target":{"@type":"EntryPoint","urlTemplate":"https:\/\/www.sts-education.com\/se\/?s={search_term_string}"},"query-input":{"@type":"PropertyValueSpecification","valueRequired":true,"valueName":"search_term_string"}}],"inLanguage":"sv-SE"}]}},"_links":{"self":[{"href":"https:\/\/www.sts-education.com\/se\/wp-json\/wp\/v2\/pages\/10287","targetHints":{"allow":["GET"]}}],"collection":[{"href":"https:\/\/www.sts-education.com\/se\/wp-json\/wp\/v2\/pages"}],"about":[{"href":"https:\/\/www.sts-education.com\/se\/wp-json\/wp\/v2\/types\/page"}],"author":[{"embeddable":true,"href":"https:\/\/www.sts-education.com\/se\/wp-json\/wp\/v2\/users\/20"}],"replies":[{"embeddable":true,"href":"https:\/\/www.sts-education.com\/se\/wp-json\/wp\/v2\/comments?post=10287"}],"version-history":[{"count":2,"href":"https:\/\/www.sts-education.com\/se\/wp-json\/wp\/v2\/pages\/10287\/revisions"}],"predecessor-version":[{"id":20656,"href":"https:\/\/www.sts-education.com\/se\/wp-json\/wp\/v2\/pages\/10287\/revisions\/20656"}],"up":[{"embeddable":true,"href":"https:\/\/www.sts-education.com\/se\/wp-json\/wp\/v2\/pages\/10268"}],"wp:attachment":[{"href":"https:\/\/www.sts-education.com\/se\/wp-json\/wp\/v2\/media?parent=10287"}],"wp:term":[{"taxonomy":"wpw_page_folders","embeddable":true,"href":"https:\/\/www.sts-education.com\/se\/wp-json\/wp\/v2\/wpw_page_folders?post=10287"}],"curies":[{"name":"wp","href":"https:\/\/api.w.org\/{rel}","templated":true}]}}