{"id":10289,"date":"2022-12-19T15:21:53","date_gmt":"2022-12-19T15:21:53","guid":{"rendered":"https:\/\/preprod.sts-education.com\/vardfamilj\/family-stories\/tidigare-vardfamiljer-berattar\/leanne-roger\/"},"modified":"2026-04-03T15:15:59","modified_gmt":"2026-04-03T15:15:59","slug":"leanne-roger","status":"publish","type":"page","link":"https:\/\/www.sts-education.com\/se\/vardfamilj\/family-stories\/tidigare-vardfamiljer-berattar\/leanne-roger\/","title":{"rendered":"Leanne Roger"},"content":{"rendered":"\n<div class=\"wp-block-sts-text sts-text-editor has-max-width-md\"><div class=\"sts-text-editor__content\"><div class=\"sts-text-editor__content-inner\">\n<h1>Hosting has given us a big, worldwide family<\/h1>\n<\/div><\/div><\/div>\n\n\n\n<div class=\"wp-block-sts-text sts-text-editor has-max-width-md\"><div class=\"sts-text-editor__content\"><div class=\"sts-text-editor__content-inner\">\n<p><em>Leanne &amp; Roger Rouse fr\u00e5n Nya Zeeland \u00e4r en av v\u00e5ra super-v\u00e4rdfamiljer. Totalt har de varit v\u00e4rdar f\u00f6r 12 studenter fr\u00e5n Europa och Sydamerika! De ber\u00e4ttar f\u00f6r oss:<\/em><\/p>\n<p>&#8221;V\u00e4rdskapet har verkligen gett oss en stor, v\u00e4rldsomsp\u00e4nnande familj. Att ha alla dessa ungdomar som passerar genom v\u00e5r d\u00f6rr har varit det b\u00e4sta beslut vi n\u00e5gonsin har fattat. \u00c4n idag s\u00e4ger v\u00e5ra egna barn, som nu \u00e4r i tjugo och trettio\u00e5rs\u00e5ldern, att deras b\u00e4sta v\u00e4nner \u00e4r de utbytesstudenter som vi har haft i v\u00e5rt hem.<\/p>\n<\/div><\/div><\/div>\n\n\n\n<figure class=\"wp-block-sts-image sts-block-image sts-block-image--count-1 has-max-width-md\" data-count=\"1\"><div class=\"sts-block-image__grid\"><div class=\"sts-block-image__item\"><picture class=\"sts-responsive-image has-fit-cover has-pos-top is-skeleton\"><img src=\"https:\/\/cdn.sts-education.com\/12559_hero_md.jpg\" alt=\"Hosting has given us a big, worldwide family\" loading=\"lazy\" decoding=\"async\" fetchpriority=\"low\" sizes=\"(max-width: 736px) 100vw, 736px\" style=\"object-position:top\"\/><\/picture><\/div><\/div><\/figure>\n\n\n\n<div class=\"wp-block-sts-text sts-text-editor has-max-width-md\"><div class=\"sts-text-editor__content\"><div class=\"sts-text-editor__content-inner\">\n<p>Julen \u00e4r mycket speciell f\u00f6r oss. Efter alla dessa \u00e5r som v\u00e4rdar finns det inte en enda jul utan tidigare utbytesstudenter som \u00e5terv\u00e4nder f\u00f6r att h\u00e4lsa p\u00e5 och bidra med skratt och skoj i v\u00e5rt hem. N\u00e5gon sa en g\u00e5ng att om alla v\u00e4rldens ledare kom p\u00e5 bes\u00f6k och s\u00e5g alla de olika kulturerna skratta och sk\u00e4mta tillsammans skulle det inte bli n\u00e5gra fler krig.<\/p>\n<p>Att ta v\u00e4rlden till v\u00e5r familj \u00e4r anledningen till att vi b\u00f6rjade ta emot g\u00e4ster f\u00f6r m\u00e5nga \u00e5r sedan. Och vilken underbar upplevelse det har varit!&quot;<\/p>\n<p><strong>Leanne &amp; Roger Rouse, Nya Zeeland<\/strong><\/p>\n<\/div><\/div><\/div>\n","protected":false},"excerpt":{"rendered":"","protected":false},"author":20,"featured_media":0,"parent":10268,"menu_order":0,"comment_status":"closed","ping_status":"closed","template":"","meta":{"_acf_changed":false,"sts_page_background_color":"","footnotes":""},"wpw_page_folders":[528],"class_list":["post-10289","page","type-page","status-publish","hentry"],"acf":[],"yoast_head":"<!-- This site is optimized with the Yoast SEO Premium plugin v27.2 (Yoast SEO v27.2) - https:\/\/yoast.com\/product\/yoast-seo-premium-wordpress\/ -->\n<title>Leanne Roger - STS Education<\/title>\n<meta name=\"robots\" content=\"index, follow, max-snippet:-1, max-image-preview:large, max-video-preview:-1\" \/>\n<link rel=\"canonical\" href=\"https:\/\/www.sts-education.com\/se\/vardfamilj\/family-stories\/tidigare-vardfamiljer-berattar\/leanne-roger\/\" \/>\n<meta property=\"og:locale\" content=\"sv_SE\" \/>\n<meta property=\"og:type\" content=\"article\" \/>\n<meta property=\"og:title\" content=\"Leanne Roger\" \/>\n<meta property=\"og:url\" content=\"https:\/\/www.sts-education.com\/se\/vardfamilj\/family-stories\/tidigare-vardfamiljer-berattar\/leanne-roger\/\" \/>\n<meta property=\"og:site_name\" content=\"STS Education\" \/>\n<meta property=\"article:modified_time\" content=\"2026-04-03T15:15:59+00:00\" \/>\n<meta property=\"og:image\" content=\"https:\/\/cdn.sts-education.com\/12559_hero_md.jpg\" \/>\n<meta name=\"twitter:card\" content=\"summary_large_image\" \/>\n<meta name=\"twitter:label1\" content=\"Ber\u00e4knad l\u00e4stid\" \/>\n\t<meta name=\"twitter:data1\" content=\"2 minuter\" \/>\n<script type=\"application\/ld+json\" class=\"yoast-schema-graph\">{\"@context\":\"https:\/\/schema.org\",\"@graph\":[{\"@type\":\"WebPage\",\"@id\":\"https:\/\/www.sts-education.com\/se\/vardfamilj\/family-stories\/tidigare-vardfamiljer-berattar\/leanne-roger\/\",\"url\":\"https:\/\/www.sts-education.com\/se\/vardfamilj\/family-stories\/tidigare-vardfamiljer-berattar\/leanne-roger\/\",\"name\":\"Leanne Roger - STS Education\",\"isPartOf\":{\"@id\":\"https:\/\/www.sts-education.com\/se\/#website\"},\"primaryImageOfPage\":{\"@id\":\"https:\/\/www.sts-education.com\/se\/vardfamilj\/family-stories\/tidigare-vardfamiljer-berattar\/leanne-roger\/#primaryimage\"},\"image\":{\"@id\":\"https:\/\/www.sts-education.com\/se\/vardfamilj\/family-stories\/tidigare-vardfamiljer-berattar\/leanne-roger\/#primaryimage\"},\"thumbnailUrl\":\"https:\/\/cdn.sts-education.com\/12559_hero_md.jpg\",\"datePublished\":\"2022-12-19T15:21:53+00:00\",\"dateModified\":\"2026-04-03T15:15:59+00:00\",\"breadcrumb\":{\"@id\":\"https:\/\/www.sts-education.com\/se\/vardfamilj\/family-stories\/tidigare-vardfamiljer-berattar\/leanne-roger\/#breadcrumb\"},\"inLanguage\":\"sv-SE\",\"potentialAction\":[{\"@type\":\"ReadAction\",\"target\":[\"https:\/\/www.sts-education.com\/se\/vardfamilj\/family-stories\/tidigare-vardfamiljer-berattar\/leanne-roger\/\"]}]},{\"@type\":\"ImageObject\",\"inLanguage\":\"sv-SE\",\"@id\":\"https:\/\/www.sts-education.com\/se\/vardfamilj\/family-stories\/tidigare-vardfamiljer-berattar\/leanne-roger\/#primaryimage\",\"url\":\"https:\/\/cdn.sts-education.com\/12559_hero_md.jpg\",\"contentUrl\":\"https:\/\/cdn.sts-education.com\/12559_hero_md.jpg\"},{\"@type\":\"BreadcrumbList\",\"@id\":\"https:\/\/www.sts-education.com\/se\/vardfamilj\/family-stories\/tidigare-vardfamiljer-berattar\/leanne-roger\/#breadcrumb\",\"itemListElement\":[{\"@type\":\"ListItem\",\"position\":1,\"name\":\"Home\",\"item\":\"https:\/\/www.sts-education.com\/se\/\"},{\"@type\":\"ListItem\",\"position\":2,\"name\":\"Vardfamilj\",\"item\":\"https:\/\/www.sts-education.com\/se\/vardfamilj\/\"},{\"@type\":\"ListItem\",\"position\":3,\"name\":\"Family stories\",\"item\":\"https:\/\/www.sts-education.com\/se\/vardfamilj\/family-stories\/\"},{\"@type\":\"ListItem\",\"position\":4,\"name\":\"Tidigare v\u00e4rdfamiljer ber\u00e4ttar\",\"item\":\"https:\/\/www.sts-education.com\/se\/vardfamilj\/family-stories\/tidigare-vardfamiljer-berattar\/\"},{\"@type\":\"ListItem\",\"position\":5,\"name\":\"Leanne Roger\"}]},{\"@type\":\"WebSite\",\"@id\":\"https:\/\/www.sts-education.com\/se\/#website\",\"url\":\"https:\/\/www.sts-education.com\/se\/\",\"name\":\"STS Education\",\"description\":\"\",\"potentialAction\":[{\"@type\":\"SearchAction\",\"target\":{\"@type\":\"EntryPoint\",\"urlTemplate\":\"https:\/\/www.sts-education.com\/se\/?s={search_term_string}\"},\"query-input\":{\"@type\":\"PropertyValueSpecification\",\"valueRequired\":true,\"valueName\":\"search_term_string\"}}],\"inLanguage\":\"sv-SE\"}]}<\/script>\n<!-- \/ Yoast SEO Premium plugin. -->","yoast_head_json":{"title":"Leanne Roger - STS Education","robots":{"index":"index","follow":"follow","max-snippet":"max-snippet:-1","max-image-preview":"max-image-preview:large","max-video-preview":"max-video-preview:-1"},"canonical":"https:\/\/www.sts-education.com\/se\/vardfamilj\/family-stories\/tidigare-vardfamiljer-berattar\/leanne-roger\/","og_locale":"sv_SE","og_type":"article","og_title":"Leanne Roger","og_url":"https:\/\/www.sts-education.com\/se\/vardfamilj\/family-stories\/tidigare-vardfamiljer-berattar\/leanne-roger\/","og_site_name":"STS Education","article_modified_time":"2026-04-03T15:15:59+00:00","og_image":[{"url":"https:\/\/cdn.sts-education.com\/12559_hero_md.jpg","type":"","width":"","height":""}],"twitter_card":"summary_large_image","twitter_misc":{"Ber\u00e4knad l\u00e4stid":"2 minuter"},"schema":{"@context":"https:\/\/schema.org","@graph":[{"@type":"WebPage","@id":"https:\/\/www.sts-education.com\/se\/vardfamilj\/family-stories\/tidigare-vardfamiljer-berattar\/leanne-roger\/","url":"https:\/\/www.sts-education.com\/se\/vardfamilj\/family-stories\/tidigare-vardfamiljer-berattar\/leanne-roger\/","name":"Leanne Roger - STS Education","isPartOf":{"@id":"https:\/\/www.sts-education.com\/se\/#website"},"primaryImageOfPage":{"@id":"https:\/\/www.sts-education.com\/se\/vardfamilj\/family-stories\/tidigare-vardfamiljer-berattar\/leanne-roger\/#primaryimage"},"image":{"@id":"https:\/\/www.sts-education.com\/se\/vardfamilj\/family-stories\/tidigare-vardfamiljer-berattar\/leanne-roger\/#primaryimage"},"thumbnailUrl":"https:\/\/cdn.sts-education.com\/12559_hero_md.jpg","datePublished":"2022-12-19T15:21:53+00:00","dateModified":"2026-04-03T15:15:59+00:00","breadcrumb":{"@id":"https:\/\/www.sts-education.com\/se\/vardfamilj\/family-stories\/tidigare-vardfamiljer-berattar\/leanne-roger\/#breadcrumb"},"inLanguage":"sv-SE","potentialAction":[{"@type":"ReadAction","target":["https:\/\/www.sts-education.com\/se\/vardfamilj\/family-stories\/tidigare-vardfamiljer-berattar\/leanne-roger\/"]}]},{"@type":"ImageObject","inLanguage":"sv-SE","@id":"https:\/\/www.sts-education.com\/se\/vardfamilj\/family-stories\/tidigare-vardfamiljer-berattar\/leanne-roger\/#primaryimage","url":"https:\/\/cdn.sts-education.com\/12559_hero_md.jpg","contentUrl":"https:\/\/cdn.sts-education.com\/12559_hero_md.jpg"},{"@type":"BreadcrumbList","@id":"https:\/\/www.sts-education.com\/se\/vardfamilj\/family-stories\/tidigare-vardfamiljer-berattar\/leanne-roger\/#breadcrumb","itemListElement":[{"@type":"ListItem","position":1,"name":"Home","item":"https:\/\/www.sts-education.com\/se\/"},{"@type":"ListItem","position":2,"name":"Vardfamilj","item":"https:\/\/www.sts-education.com\/se\/vardfamilj\/"},{"@type":"ListItem","position":3,"name":"Family stories","item":"https:\/\/www.sts-education.com\/se\/vardfamilj\/family-stories\/"},{"@type":"ListItem","position":4,"name":"Tidigare v\u00e4rdfamiljer ber\u00e4ttar","item":"https:\/\/www.sts-education.com\/se\/vardfamilj\/family-stories\/tidigare-vardfamiljer-berattar\/"},{"@type":"ListItem","position":5,"name":"Leanne Roger"}]},{"@type":"WebSite","@id":"https:\/\/www.sts-education.com\/se\/#website","url":"https:\/\/www.sts-education.com\/se\/","name":"STS Education","description":"","potentialAction":[{"@type":"SearchAction","target":{"@type":"EntryPoint","urlTemplate":"https:\/\/www.sts-education.com\/se\/?s={search_term_string}"},"query-input":{"@type":"PropertyValueSpecification","valueRequired":true,"valueName":"search_term_string"}}],"inLanguage":"sv-SE"}]}},"_links":{"self":[{"href":"https:\/\/www.sts-education.com\/se\/wp-json\/wp\/v2\/pages\/10289","targetHints":{"allow":["GET"]}}],"collection":[{"href":"https:\/\/www.sts-education.com\/se\/wp-json\/wp\/v2\/pages"}],"about":[{"href":"https:\/\/www.sts-education.com\/se\/wp-json\/wp\/v2\/types\/page"}],"author":[{"embeddable":true,"href":"https:\/\/www.sts-education.com\/se\/wp-json\/wp\/v2\/users\/20"}],"replies":[{"embeddable":true,"href":"https:\/\/www.sts-education.com\/se\/wp-json\/wp\/v2\/comments?post=10289"}],"version-history":[{"count":3,"href":"https:\/\/www.sts-education.com\/se\/wp-json\/wp\/v2\/pages\/10289\/revisions"}],"predecessor-version":[{"id":27940,"href":"https:\/\/www.sts-education.com\/se\/wp-json\/wp\/v2\/pages\/10289\/revisions\/27940"}],"up":[{"embeddable":true,"href":"https:\/\/www.sts-education.com\/se\/wp-json\/wp\/v2\/pages\/10268"}],"wp:attachment":[{"href":"https:\/\/www.sts-education.com\/se\/wp-json\/wp\/v2\/media?parent=10289"}],"wp:term":[{"taxonomy":"wpw_page_folders","embeddable":true,"href":"https:\/\/www.sts-education.com\/se\/wp-json\/wp\/v2\/wpw_page_folders?post=10289"}],"curies":[{"name":"wp","href":"https:\/\/api.w.org\/{rel}","templated":true}]}}