{"id":10290,"date":"2021-02-11T11:03:00","date_gmt":"2021-02-11T11:03:00","guid":{"rendered":"https:\/\/preprod.sts-education.com\/vardfamilj\/family-stories\/tidigare-vardfamiljer-berattar\/oberg\/"},"modified":"2026-04-03T15:17:43","modified_gmt":"2026-04-03T15:17:43","slug":"oberg","status":"publish","type":"page","link":"https:\/\/www.sts-education.com\/se\/vardfamilj\/family-stories\/tidigare-vardfamiljer-berattar\/oberg\/","title":{"rendered":"\u00d6berg"},"content":{"rendered":"\n<div class=\"wp-block-sts-text sts-text-editor has-max-width-md\"><div class=\"sts-text-editor__content\"><div class=\"sts-text-editor__content-inner\">\n<h1>\u201dAtt vara v\u00e4rdfamilj \u00e4r ett av de b\u00e4sta beslut vi fattat.\u201d<\/h1>\n<\/div><\/div><\/div>\n\n\n\n<div class=\"wp-block-sts-text sts-text-editor has-max-width-md\"><div class=\"sts-text-editor__content\"><div class=\"sts-text-editor__content-inner\">\n<p>V\u00e5r familj har f\u00e5tt till\u00f6kning! I augusti h\u00e4mtade vi en 16-\u00e5rig underbar tjej fr\u00e5n Tyskland p\u00e5 Landvetter flygplats. Tre veckor innan hade vi l\u00e4st om Annika och hennes intressen. Vi k\u00e4nde igen mycket av det vi l\u00e4ste i v\u00e5r egen dotter, Hanna.<\/p>\n<p>N\u00e4r jag och min man hade best\u00e4mt oss f\u00f6r att tacka ja, talade vi med Hanna f\u00f6r att h\u00f6ra hur hon s\u00e5g p\u00e5 saken. D\u00e5 v\u00e5r dotter alltid har l\u00e4ngtat efter ett syskon fick vi f\u00f6ljande kommentar \u201dva kul d\u00e5 kanske jag \u00e4ntligen f\u00e5r en syster, hon m\u00e5ste komma hit\u201d. Jag och min man d\u00e4remot kunde \u00e4ven t\u00e4nka, vad \u00e4r det f\u00f6r \u00e4ventyr vi har gett oss in p\u00e5?<\/p>\n<\/div><\/div><\/div>\n\n\n\n<figure class=\"wp-block-sts-image sts-block-image sts-block-image--count-1 has-max-width-md\" data-count=\"1\"><div class=\"sts-block-image__grid\"><div class=\"sts-block-image__item\"><picture class=\"sts-responsive-image has-fit-cover has-pos-top is-skeleton\"><img src=\"https:\/\/cdn.sts-education.com\/12378_hero_md.jpg\" alt=\"\u201dAtt vara v\u00e4rdfamilj \u00e4r ett av de b\u00e4sta beslut vi fattat.\u201d\" loading=\"lazy\" decoding=\"async\" fetchpriority=\"low\" sizes=\"(max-width: 736px) 100vw, 736px\" style=\"object-position:top\"\/><\/picture><\/div><\/div><\/figure>\n\n\n\n<div class=\"wp-block-sts-text sts-text-editor has-max-width-md\"><div class=\"sts-text-editor__content\"><div class=\"sts-text-editor__content-inner\">\n<p>N\u00e4r det var klart vilket datum Annika skulle komma v\u00e4xte Hannas sj\u00e4lvf\u00f6rtroende. Hanna tog med stor entusiasm itu med att tala med rektorn i skolan f\u00f6r att de b\u00e5da skulle komma i samma klass, vilket ocks\u00e5 har visat sig vara v\u00e4ldigt lyckat. I deras gemensamma intresse konst\u00e5kning, tog Hanna ocks\u00e5 stort ansvar f\u00f6r kontakten med konst\u00e5kningsf\u00f6reningen s\u00e5 de kom i samma lag. De b\u00e5da har nu m\u00e5nga gemensamma kompisar och de tr\u00e4nar intensivt inf\u00f6r kommande t\u00e4vlingar och uppvisningar. De har s\u00e5 mycket kul ihop och det \u00e4r fr\u00f6jd att se.<\/p>\n<p>Annika deltar nu i alla dagliga familjerutiner och det \u00e4r hur naturligt som helst att hon finns d\u00e4r. Det visade sig att Annika \u00e4lskar att laga mat och vi har f\u00e5tt smaka p\u00e5 flera matr\u00e4tter fr\u00e5n Tyskland. Hon har med stor entusiasm ber\u00e4ttat om hur man ser p\u00e5 saker och ting i Tyskland, s\u00e5 vi har f\u00e5tt en bra inblick i annat lands v\u00e4rderingar och normer. Vi kan j\u00e4mf\u00f6ra och diskutera varf\u00f6r det ser olika ut och se det genom olika perspektiv b\u00e5de historiskt, geografiskt och kulturellt.<\/p>\n<p>Vissa av v\u00e5ra sl\u00e4ktingar befarade att vi skulle f\u00e5 mycket \u201dextra jobb\u201d genom att tacka ja till en utbytesstudent. Men det \u00e4r helt tv\u00e4rt om! Det har berikat v\u00e5r familj och det var tur att vi v\u00e5gade tacka ja. V\u00e5r egen dotter v\u00e4xte i sj\u00e4lvf\u00f6rtroende och hon har nu f\u00e5tt en syster f\u00f6r livet. V\u00e5r familj best\u00e5r fram\u00f6ver av fyra personer \u00e4ven d\u00e5 Annika inte fysiskt bor hos oss. Att vara v\u00e4rdfamilj \u00e4r ett av de b\u00e4sta beslut vi fattat.<\/p>\n<\/div><\/div><\/div>\n","protected":false},"excerpt":{"rendered":"","protected":false},"author":20,"featured_media":0,"parent":10268,"menu_order":0,"comment_status":"closed","ping_status":"closed","template":"","meta":{"_acf_changed":false,"sts_page_background_color":"","footnotes":""},"wpw_page_folders":[528],"class_list":["post-10290","page","type-page","status-publish","hentry"],"acf":[],"yoast_head":"<!-- This site is optimized with the Yoast SEO Premium plugin v27.2 (Yoast SEO v27.2) - https:\/\/yoast.com\/product\/yoast-seo-premium-wordpress\/ -->\n<title>\u00d6berg<\/title>\n<meta name=\"robots\" content=\"index, follow, max-snippet:-1, max-image-preview:large, max-video-preview:-1\" \/>\n<link rel=\"canonical\" href=\"https:\/\/www.sts-education.com\/se\/vardfamilj\/family-stories\/tidigare-vardfamiljer-berattar\/oberg\/\" \/>\n<meta property=\"og:locale\" content=\"sv_SE\" \/>\n<meta property=\"og:type\" content=\"article\" \/>\n<meta property=\"og:title\" content=\"\u00d6berg\" \/>\n<meta property=\"og:url\" content=\"https:\/\/www.sts-education.com\/se\/vardfamilj\/family-stories\/tidigare-vardfamiljer-berattar\/oberg\/\" \/>\n<meta property=\"og:site_name\" content=\"STS Education\" \/>\n<meta property=\"article:modified_time\" content=\"2026-04-03T15:17:43+00:00\" \/>\n<meta property=\"og:image\" content=\"https:\/\/cdn.sts-education.com\/12378_hero_md.jpg\" \/>\n<meta name=\"twitter:card\" content=\"summary_large_image\" \/>\n<meta name=\"twitter:label1\" content=\"Ber\u00e4knad l\u00e4stid\" \/>\n\t<meta name=\"twitter:data1\" content=\"2 minuter\" \/>\n<script type=\"application\/ld+json\" class=\"yoast-schema-graph\">{\"@context\":\"https:\/\/schema.org\",\"@graph\":[{\"@type\":\"WebPage\",\"@id\":\"https:\/\/www.sts-education.com\/se\/vardfamilj\/family-stories\/tidigare-vardfamiljer-berattar\/oberg\/\",\"url\":\"https:\/\/www.sts-education.com\/se\/vardfamilj\/family-stories\/tidigare-vardfamiljer-berattar\/oberg\/\",\"name\":\"\u00d6berg\",\"isPartOf\":{\"@id\":\"https:\/\/www.sts-education.com\/se\/#website\"},\"primaryImageOfPage\":{\"@id\":\"https:\/\/www.sts-education.com\/se\/vardfamilj\/family-stories\/tidigare-vardfamiljer-berattar\/oberg\/#primaryimage\"},\"image\":{\"@id\":\"https:\/\/www.sts-education.com\/se\/vardfamilj\/family-stories\/tidigare-vardfamiljer-berattar\/oberg\/#primaryimage\"},\"thumbnailUrl\":\"https:\/\/cdn.sts-education.com\/12378_hero_md.jpg\",\"datePublished\":\"2021-02-11T11:03:00+00:00\",\"dateModified\":\"2026-04-03T15:17:43+00:00\",\"breadcrumb\":{\"@id\":\"https:\/\/www.sts-education.com\/se\/vardfamilj\/family-stories\/tidigare-vardfamiljer-berattar\/oberg\/#breadcrumb\"},\"inLanguage\":\"sv-SE\",\"potentialAction\":[{\"@type\":\"ReadAction\",\"target\":[\"https:\/\/www.sts-education.com\/se\/vardfamilj\/family-stories\/tidigare-vardfamiljer-berattar\/oberg\/\"]}]},{\"@type\":\"ImageObject\",\"inLanguage\":\"sv-SE\",\"@id\":\"https:\/\/www.sts-education.com\/se\/vardfamilj\/family-stories\/tidigare-vardfamiljer-berattar\/oberg\/#primaryimage\",\"url\":\"https:\/\/cdn.sts-education.com\/12378_hero_md.jpg\",\"contentUrl\":\"https:\/\/cdn.sts-education.com\/12378_hero_md.jpg\"},{\"@type\":\"BreadcrumbList\",\"@id\":\"https:\/\/www.sts-education.com\/se\/vardfamilj\/family-stories\/tidigare-vardfamiljer-berattar\/oberg\/#breadcrumb\",\"itemListElement\":[{\"@type\":\"ListItem\",\"position\":1,\"name\":\"Home\",\"item\":\"https:\/\/www.sts-education.com\/se\/\"},{\"@type\":\"ListItem\",\"position\":2,\"name\":\"Vardfamilj\",\"item\":\"https:\/\/www.sts-education.com\/se\/vardfamilj\/\"},{\"@type\":\"ListItem\",\"position\":3,\"name\":\"Family stories\",\"item\":\"https:\/\/www.sts-education.com\/se\/vardfamilj\/family-stories\/\"},{\"@type\":\"ListItem\",\"position\":4,\"name\":\"Tidigare v\u00e4rdfamiljer ber\u00e4ttar\",\"item\":\"https:\/\/www.sts-education.com\/se\/vardfamilj\/family-stories\/tidigare-vardfamiljer-berattar\/\"},{\"@type\":\"ListItem\",\"position\":5,\"name\":\"\u00d6berg\"}]},{\"@type\":\"WebSite\",\"@id\":\"https:\/\/www.sts-education.com\/se\/#website\",\"url\":\"https:\/\/www.sts-education.com\/se\/\",\"name\":\"STS Education\",\"description\":\"\",\"potentialAction\":[{\"@type\":\"SearchAction\",\"target\":{\"@type\":\"EntryPoint\",\"urlTemplate\":\"https:\/\/www.sts-education.com\/se\/?s={search_term_string}\"},\"query-input\":{\"@type\":\"PropertyValueSpecification\",\"valueRequired\":true,\"valueName\":\"search_term_string\"}}],\"inLanguage\":\"sv-SE\"}]}<\/script>\n<!-- \/ Yoast SEO Premium plugin. -->","yoast_head_json":{"title":"\u00d6berg","robots":{"index":"index","follow":"follow","max-snippet":"max-snippet:-1","max-image-preview":"max-image-preview:large","max-video-preview":"max-video-preview:-1"},"canonical":"https:\/\/www.sts-education.com\/se\/vardfamilj\/family-stories\/tidigare-vardfamiljer-berattar\/oberg\/","og_locale":"sv_SE","og_type":"article","og_title":"\u00d6berg","og_url":"https:\/\/www.sts-education.com\/se\/vardfamilj\/family-stories\/tidigare-vardfamiljer-berattar\/oberg\/","og_site_name":"STS Education","article_modified_time":"2026-04-03T15:17:43+00:00","og_image":[{"url":"https:\/\/cdn.sts-education.com\/12378_hero_md.jpg","type":"","width":"","height":""}],"twitter_card":"summary_large_image","twitter_misc":{"Ber\u00e4knad l\u00e4stid":"2 minuter"},"schema":{"@context":"https:\/\/schema.org","@graph":[{"@type":"WebPage","@id":"https:\/\/www.sts-education.com\/se\/vardfamilj\/family-stories\/tidigare-vardfamiljer-berattar\/oberg\/","url":"https:\/\/www.sts-education.com\/se\/vardfamilj\/family-stories\/tidigare-vardfamiljer-berattar\/oberg\/","name":"\u00d6berg","isPartOf":{"@id":"https:\/\/www.sts-education.com\/se\/#website"},"primaryImageOfPage":{"@id":"https:\/\/www.sts-education.com\/se\/vardfamilj\/family-stories\/tidigare-vardfamiljer-berattar\/oberg\/#primaryimage"},"image":{"@id":"https:\/\/www.sts-education.com\/se\/vardfamilj\/family-stories\/tidigare-vardfamiljer-berattar\/oberg\/#primaryimage"},"thumbnailUrl":"https:\/\/cdn.sts-education.com\/12378_hero_md.jpg","datePublished":"2021-02-11T11:03:00+00:00","dateModified":"2026-04-03T15:17:43+00:00","breadcrumb":{"@id":"https:\/\/www.sts-education.com\/se\/vardfamilj\/family-stories\/tidigare-vardfamiljer-berattar\/oberg\/#breadcrumb"},"inLanguage":"sv-SE","potentialAction":[{"@type":"ReadAction","target":["https:\/\/www.sts-education.com\/se\/vardfamilj\/family-stories\/tidigare-vardfamiljer-berattar\/oberg\/"]}]},{"@type":"ImageObject","inLanguage":"sv-SE","@id":"https:\/\/www.sts-education.com\/se\/vardfamilj\/family-stories\/tidigare-vardfamiljer-berattar\/oberg\/#primaryimage","url":"https:\/\/cdn.sts-education.com\/12378_hero_md.jpg","contentUrl":"https:\/\/cdn.sts-education.com\/12378_hero_md.jpg"},{"@type":"BreadcrumbList","@id":"https:\/\/www.sts-education.com\/se\/vardfamilj\/family-stories\/tidigare-vardfamiljer-berattar\/oberg\/#breadcrumb","itemListElement":[{"@type":"ListItem","position":1,"name":"Home","item":"https:\/\/www.sts-education.com\/se\/"},{"@type":"ListItem","position":2,"name":"Vardfamilj","item":"https:\/\/www.sts-education.com\/se\/vardfamilj\/"},{"@type":"ListItem","position":3,"name":"Family stories","item":"https:\/\/www.sts-education.com\/se\/vardfamilj\/family-stories\/"},{"@type":"ListItem","position":4,"name":"Tidigare v\u00e4rdfamiljer ber\u00e4ttar","item":"https:\/\/www.sts-education.com\/se\/vardfamilj\/family-stories\/tidigare-vardfamiljer-berattar\/"},{"@type":"ListItem","position":5,"name":"\u00d6berg"}]},{"@type":"WebSite","@id":"https:\/\/www.sts-education.com\/se\/#website","url":"https:\/\/www.sts-education.com\/se\/","name":"STS Education","description":"","potentialAction":[{"@type":"SearchAction","target":{"@type":"EntryPoint","urlTemplate":"https:\/\/www.sts-education.com\/se\/?s={search_term_string}"},"query-input":{"@type":"PropertyValueSpecification","valueRequired":true,"valueName":"search_term_string"}}],"inLanguage":"sv-SE"}]}},"_links":{"self":[{"href":"https:\/\/www.sts-education.com\/se\/wp-json\/wp\/v2\/pages\/10290","targetHints":{"allow":["GET"]}}],"collection":[{"href":"https:\/\/www.sts-education.com\/se\/wp-json\/wp\/v2\/pages"}],"about":[{"href":"https:\/\/www.sts-education.com\/se\/wp-json\/wp\/v2\/types\/page"}],"author":[{"embeddable":true,"href":"https:\/\/www.sts-education.com\/se\/wp-json\/wp\/v2\/users\/20"}],"replies":[{"embeddable":true,"href":"https:\/\/www.sts-education.com\/se\/wp-json\/wp\/v2\/comments?post=10290"}],"version-history":[{"count":4,"href":"https:\/\/www.sts-education.com\/se\/wp-json\/wp\/v2\/pages\/10290\/revisions"}],"predecessor-version":[{"id":27948,"href":"https:\/\/www.sts-education.com\/se\/wp-json\/wp\/v2\/pages\/10290\/revisions\/27948"}],"up":[{"embeddable":true,"href":"https:\/\/www.sts-education.com\/se\/wp-json\/wp\/v2\/pages\/10268"}],"wp:attachment":[{"href":"https:\/\/www.sts-education.com\/se\/wp-json\/wp\/v2\/media?parent=10290"}],"wp:term":[{"taxonomy":"wpw_page_folders","embeddable":true,"href":"https:\/\/www.sts-education.com\/se\/wp-json\/wp\/v2\/wpw_page_folders?post=10290"}],"curies":[{"name":"wp","href":"https:\/\/api.w.org\/{rel}","templated":true}]}}